{"id":17084,"date":"2024-09-30T18:27:29","date_gmt":"2024-09-30T18:27:29","guid":{"rendered":"https:\/\/elfsight.com\/es\/?page_id=17084"},"modified":"2025-02-06T14:58:47","modified_gmt":"2025-02-06T14:58:47","slug":"html","status":"publish","type":"page","link":"https:\/\/elfsight.com\/es\/poll-widget\/html\/","title":{"rendered":"poll  html"},"content":{"rendered":"<div class=\"application-platform-content-item-description application-platform-content-item\" id=\"description\" data-nav-section=\"description\"> <h2>Integre una encuesta en HTML con un widget de Elfsight<\/h2> <p>Agregue f\u00e1cilmente un widget de encuesta individual a cualquier sitio web para aumentar la participaci\u00f3n de la audiencia y recopilar ideas. Con solo unos pocos pasos, puede crear encuestas interactivas con m\u00faltiples tipos de preguntas, como escalas de calificaci\u00f3n y de opci\u00f3n m\u00faltiple. Configurar su encuesta es r\u00e1pido y sencillo. <\/p><p>Realizar nuevas encuestas requiere solo un clic y los resultados se presentan en tiempo real. Con la l\u00f3gica condicional, puede ajustar las preguntas seg\u00fan las respuestas de los usuarios. El widget tambi\u00e9n se integra con herramientas de correo electr\u00f3nico y CRM ampliamente utilizadas, lo que facilita la organizaci\u00f3n de sus datos y la mejora de sus servicios en funci\u00f3n de las opiniones de los clientes. <\/p><p><b>\u00a1Crea encuestas individuales f\u00e1cilmente para saber qu\u00e9 espera la audiencia de tu empresa! <\/b><\/p><\/div> <div class=\"application-platform-content-item-features application-platform-content-item\" id=\"features\" data-nav-section=\"features\"> <h2>A continuaci\u00f3n se detallan las caracter\u00edsticas centrales del widget: <\/h2><ul><li><b>Haga que sus encuestas sean flexibles con condicional l\u00f3gica. <\/b> Puede ajustar din\u00e1micamente las pr\u00f3ximas preguntas, lo que garantiza una experiencia de encuesta m\u00e1s razonable y orientada al usuario. <\/li><li><b>Cree encuestas interesantes con solo unos pocos clics. <\/b> Nuestro editor intuitivo facilita el lanzamiento de encuestas interesantes para recopilar respuestas y opiniones sin ning\u00fan problema. <\/li><li><b>Convierta las respuestas en ventas en tiempo real. <\/b> Comprenda las necesidades de los usuarios al instante y sugiera soluciones relevantes de inmediato, transformando las respuestas en oportunidades de negocio. <\/li><li><b>Utilice diferentes tipos de campos y datos de entrada. <\/b> Ajuste su encuesta personal para recopilar datos mediante campos de texto, botones de opci\u00f3n, casillas de verificaci\u00f3n, listas desplegables y muchas otras opciones. <\/li><li><b>Comience con una plantilla adecuada ya preparada. <\/b> Seleccione entre un conjunto de plantillas de encuestas dise\u00f1adas profesionalmente, optimizadas para diversos tipos de encuestas y tareas comerciales. <\/li><\/ul><p><a href=\"#demo\">Consulte el editor f\u00e1cil de usar para descubrir qu\u00e9 puede hacer el widget<\/a><\/p><\/div> <div class=\"application-platform-content-item-instalaci\u00f3n application-platform-content-item\" id=\"instalaci\u00f3n\" data-nav-section=\"instalaci\u00f3n\"> <h2>\u00bfC\u00f3mo puedo insertar una encuesta en mi sitio web HTML? <\/h2><p>Mira esta forma sencilla de configurar el widget en tu sitio web HTML. S\u00f3lo le llevar\u00e1 unos minutos y no requiere ninguna codificaci\u00f3n. <\/p> <ol><li><strong>Crea tu widget de encuesta personal<\/strong><br> Comienza con cualquier plantilla del editor, trabaja con los elementos f\u00e1ciles de usar del editor y personaliza el widget seg\u00fan tus necesidades. estilo y configuraci\u00f3n deseados. <\/li><li><strong>Obtenga el c\u00f3digo personal para insertar el widget<\/strong><br> Una vez que haya creado su widget, obtendr\u00e1 un c\u00f3digo HTML individual en su panel de control. Copie este c\u00f3digo que contiene todos los detalles relacionados con sus ajustes. <\/li> <li><strong>Muestre el widget en su sitio web HTML<\/strong><br> Seleccione las \u00e1reas de su sitio web donde desea presentar la encuesta y pegue el c\u00f3digo all\u00ed. Guarde los cambios. <\/li> <\/ol><p>\u00a1Eso es! Ahora, compruebe el rendimiento del widget en su sitio web. <\/p><p>En caso de que tenga alg\u00fan problema al insertar el widget en un sitio web, no dude en ponerse en contacto con nuestros gerentes de soporte. Estaremos encantados de ayudarle a agregar y ajustar su encuesta. <\/p><\/div>","protected":false},"excerpt":{"rendered":"","protected":false},"author":9,"featured_media":0,"parent":16136,"menu_order":0,"comment_status":"closed","ping_status":"closed","template":"templates\/template-application-platform.php","meta":{"publish_to_discourse":"","publish_post_category":"","wpdc_auto_publish_overridden":"","wpdc_topic_tags":"","wpdc_pin_topic":"","wpdc_pin_until":"","discourse_post_id":"","discourse_permalink":"","wpdc_publishing_response":"","wpdc_publishing_error":"","footnotes":""},"class_list":["post-17084","page","type-page","status-publish","hentry"],"yoast_head":"<!-- This site is optimized with the Yoast SEO plugin v25.3.1 - https:\/\/yoast.com\/wordpress\/plugins\/seo\/ -->\n<title>Widget de encuesta HTML: agregue una encuesta a su sitio web HTML [GRATIS]<\/title>\n<meta name=\"description\" content=\"Agregue un widget de encuesta sin c\u00f3digo en su sitio web HTML. Pruebe el sencillo editor de Elfsight para crear f\u00e1cilmente su soluci\u00f3n personal.\" \/>\n<meta name=\"robots\" content=\"index, follow, max-snippet:-1, max-image-preview:large, max-video-preview:-1\" \/>\n<link rel=\"canonical\" href=\"https:\/\/elfsight.com\/es\/poll-widget\/html\/\" \/>\n<meta property=\"og:locale\" content=\"es_ES\" \/>\n<meta property=\"og:type\" content=\"article\" \/>\n<meta property=\"og:title\" content=\"Widget de encuesta HTML: agregue una encuesta a su sitio web HTML [GRATIS]\" \/>\n<meta property=\"og:description\" content=\"Agregue un widget de encuesta sin c\u00f3digo en su sitio web HTML. Pruebe el sencillo editor de Elfsight para crear f\u00e1cilmente su soluci\u00f3n personal.\" \/>\n<meta property=\"og:url\" content=\"https:\/\/elfsight.com\/es\/poll-widget\/html\/\" \/>\n<meta property=\"og:site_name\" content=\"Elfsight ES\" \/>\n<meta property=\"article:modified_time\" content=\"2025-02-06T14:58:47+00:00\" \/>\n<meta name=\"twitter:card\" content=\"summary_large_image\" \/>\n<meta name=\"twitter:label1\" content=\"Tiempo de lectura\" \/>\n\t<meta name=\"twitter:data1\" content=\"3 minutos\" \/>\n<!-- \/ Yoast SEO plugin. -->","yoast_head_json":{"title":"Widget de encuesta HTML: agregue una encuesta a su sitio web HTML [GRATIS]","description":"Agregue un widget de encuesta sin c\u00f3digo en su sitio web HTML. Pruebe el sencillo editor de Elfsight para crear f\u00e1cilmente su soluci\u00f3n personal.","robots":{"index":"index","follow":"follow","max-snippet":"max-snippet:-1","max-image-preview":"max-image-preview:large","max-video-preview":"max-video-preview:-1"},"canonical":"https:\/\/elfsight.com\/es\/poll-widget\/html\/","og_locale":"es_ES","og_type":"article","og_title":"Widget de encuesta HTML: agregue una encuesta a su sitio web HTML [GRATIS]","og_description":"Agregue un widget de encuesta sin c\u00f3digo en su sitio web HTML. Pruebe el sencillo editor de Elfsight para crear f\u00e1cilmente su soluci\u00f3n personal.","og_url":"https:\/\/elfsight.com\/es\/poll-widget\/html\/","og_site_name":"Elfsight ES","article_modified_time":"2025-02-06T14:58:47+00:00","twitter_card":"summary_large_image","twitter_misc":{"Tiempo de lectura":"3 minutos"},"schema":{"@context":"https:\/\/schema.org","@graph":[{"@type":"WebPage","@id":"https:\/\/elfsight.com\/es\/poll-widget\/html\/","url":"https:\/\/elfsight.com\/es\/poll-widget\/html\/","name":"Widget de encuesta HTML: agregue una encuesta a su sitio web HTML [GRATIS]","isPartOf":{"@id":"https:\/\/elfsight.com\/es\/#website"},"datePublished":"2024-09-30T18:27:29+00:00","dateModified":"2025-02-06T14:58:47+00:00","description":"Agregue un widget de encuesta sin c\u00f3digo en su sitio web HTML. Pruebe el sencillo editor de Elfsight para crear f\u00e1cilmente su soluci\u00f3n personal.","breadcrumb":{"@id":"https:\/\/elfsight.com\/es\/poll-widget\/html\/#breadcrumb"},"inLanguage":"es","potentialAction":[{"@type":"ReadAction","target":["https:\/\/elfsight.com\/es\/poll-widget\/html\/"]}]},{"@type":"BreadcrumbList","@id":"https:\/\/elfsight.com\/es\/poll-widget\/html\/#breadcrumb","itemListElement":[{"@type":"ListItem","position":1,"name":"Home","item":"https:\/\/elfsight.com\/es\/"},{"@type":"ListItem","position":2,"name":"Poll","item":"https:\/\/elfsight.com\/es\/poll-widget\/"},{"@type":"ListItem","position":3,"name":"poll html"}]},{"@type":"WebSite","@id":"https:\/\/elfsight.com\/es\/#website","url":"https:\/\/elfsight.com\/es\/","name":"Elfsight ES","description":"Just another Elfsight Sites site","potentialAction":[{"@type":"SearchAction","target":{"@type":"EntryPoint","urlTemplate":"https:\/\/elfsight.com\/es\/?s={search_term_string}"},"query-input":{"@type":"PropertyValueSpecification","valueRequired":true,"valueName":"search_term_string"}}],"inLanguage":"es"}]}},"meta_box":{"industry":"","seo_heading":"","heading":"","description":"","cta_heading":"","cta_description":"","application":"16127","h1":"Agregar encuesta al sitio web HTML","h1_caption":"Atraiga a los visitantes de su sitio web HTML mediante la creaci\u00f3n de encuestas interactivas, que le ayudar\u00e1n a recopilar comentarios e ideas valiosas para mejorar sus productos y servicios.","application_category":[],"applications_title":"","applications_request_title":"","applications_request_button_text":"","hero_text":"","hero_video":"","hero_video_schema_markup":"","selling_points_title":"","selling_points_caption":"","selling_points":[],"selling_points_cta_text":"","features_title":"","features":"","ed_cta_examples_text":"","ed_cta_examples_hidden":"","ed_cta_demo_text":"","ed_cta_demo_hidden":"","why_caption":"","why_editor_title":"","why_editor_text":"","why_team_title":"","why_team_text":"","why_service_title":"","why_service_text":"","template_catalog_visible":"","template_catalog_title":"","template_catalog_text":"","template_catalog_categories_visible":"","demo_title":"Crea tu widget de encuesta","demo_caption":"\u00a1Configure su encuesta y agr\u00e9guela a su sitio web HTML de forma gratuita!","default_faq_hidden":"","app_template_category":[],"platform":"70","template_public_id":"","codecanyon_url":"","codecanyon_item_id":"","codecanyon_price":"","pricing_caption":"","pricing_elfsight_apps_hide_column":"","pricing_elfsight_apps_url":"","pricing_codecanyon_price_caption":"","integration_category":[],"integration_request_title":"","integration_request_cta":"","integration_platform":"","integrations":[],"platform_category":[],"video_schema_markup":"","price":"desde $0 \/ mes","trial":"","benefits":[{"text":"Servicio de instalaci\u00f3n gratuito"},{"text":"Servicio al cliente competente"},{"text":"Garant\u00eda de reembolso de 14 d\u00edas"},{"text":"Mejoras peri\u00f3dicas gratuitas"}],"button_url":"#demo","button_target_blank":"","button_nofollow":"","attributes":[{"name":"Instalar","content":"50,000 - 100,000"},{"name":"Sensible","content":"S\u00ed"},{"name":"Navegadores compatibles","content":"Firefox, Safari, Opera, Chrome, Edge"}],"tags":[],"tags_disable_links":"","hide_more_platforms":"","video_object":"","demo_hide_cta":"","demo_hide_cloud_options":"","pricing_title":"","pricing":[{"pricing_icon":"platform","pricing_title":"Elfsight Apps","pricing_title_caption":"Versi\u00f3n independiente de la plataforma que funciona en cualquier sitio web","pricing_price":"desde $0 \/ mes","pricing_price_caption":"comienza con un plan gratuito","pricing_benefits":[{"text":"Sitios web ilimitados"},{"text":"Soporte empresarial 24 horas al d\u00eda, 7 d\u00edas a la semana"},{"text":"Ayuda de instalaci\u00f3n gratuita"},{"text":"Dise\u00f1o flexible"}],"pricing_button_text":"A\u00f1adir al sitio web","pricing_button_url":"#demo"}],"related_apps_title":"","related_apps_hidden":"","author":"","image":[],"title":"","job":"","social_networks":[]},"_links":{"self":[{"href":"https:\/\/elfsight.com\/es\/wp-json\/wp\/v2\/pages\/17084","targetHints":{"allow":["GET"]}}],"collection":[{"href":"https:\/\/elfsight.com\/es\/wp-json\/wp\/v2\/pages"}],"about":[{"href":"https:\/\/elfsight.com\/es\/wp-json\/wp\/v2\/types\/page"}],"author":[{"embeddable":true,"href":"https:\/\/elfsight.com\/es\/wp-json\/wp\/v2\/users\/9"}],"replies":[{"embeddable":true,"href":"https:\/\/elfsight.com\/es\/wp-json\/wp\/v2\/comments?post=17084"}],"version-history":[{"count":1,"href":"https:\/\/elfsight.com\/es\/wp-json\/wp\/v2\/pages\/17084\/revisions"}],"predecessor-version":[{"id":17088,"href":"https:\/\/elfsight.com\/es\/wp-json\/wp\/v2\/pages\/17084\/revisions\/17088"}],"up":[{"embeddable":true,"href":"https:\/\/elfsight.com\/es\/wp-json\/wp\/v2\/pages\/16136"}],"wp:attachment":[{"href":"https:\/\/elfsight.com\/es\/wp-json\/wp\/v2\/media?parent=17084"}],"curies":[{"name":"wp","href":"https:\/\/api.w.org\/{rel}","templated":true}]}}