{"id":17082,"date":"2024-09-30T18:27:29","date_gmt":"2024-09-30T18:27:29","guid":{"rendered":"https:\/\/elfsight.com\/es\/?page_id=17082"},"modified":"2025-02-06T14:58:47","modified_gmt":"2025-02-06T14:58:47","slug":"bigcommerce","status":"publish","type":"page","link":"https:\/\/elfsight.com\/es\/spinning-wheel-widget\/bigcommerce\/","title":{"rendered":"spinning wheel  bigcommerce"},"content":{"rendered":"<div class=\"application-platform-content-item-description application-platform-content-item\" id=\"description\" data-nav-section=\"description\"><h2>Integre una rueca con la aplicaci\u00f3n Elfsight<\/h2> <p>\u00a1Integre una rueca din\u00e1mica en su sitio! Personalice hasta 10 premios diferentes con contenido personalizado, im\u00e1genes, c\u00f3digos de descuento exclusivos y llamadas a la acci\u00f3n. Recopile correos electr\u00f3nicos antes de que los usuarios hagan girar la ruleta, env\u00ede notificaciones autom\u00e1ticas a los ganadores, reciba actualizaciones de los usuarios en tiempo real y controle las probabilidades de ganar cada premio. Optimice la visualizaci\u00f3n con activadores inteligentes y orientaci\u00f3n espec\u00edfica del dispositivo. La aplicaci\u00f3n admite m\u00e1s de 70 idiomas y es totalmente responsiva. Personalice la apariencia y el comportamiento con su propio CSS y JavaScript.<\/p> <p><b>\u00a1Mejore la participaci\u00f3n e impulse las conversiones ofreciendo atractivas recompensas a sus visitantes!<\/b><\/p> <\/div> <div class=\"application-platform-content-item-features application-platform-content-item\" id=\"features\" data-nav-section=\"features\"> <h2>Caracter\u00edsticas principales de la aplicaci\u00f3n Spinning Wheel para Bigcommerce<\/h2> <p>Aqu\u00ed hay una lista completa de funciones de la aplicaci\u00f3n Spinning Wheel adaptadas a Bigcommerce. Estas herramientas est\u00e1n disponibles en el editor para ayudarle a configurar la aplicaci\u00f3n seg\u00fan sus requisitos particulares.<\/p> <ul> <li>Agregue hasta 10 premios \u00fanicos a la atractiva rueca.<\/li> <li>Contenido personalizado para cada premio individual.<\/li> <li>Cada premio puede tener su propio c\u00f3digo promocional exclusivo.<\/li> <li>Bot\u00f3n de acci\u00f3n dedicado para cada premio.<\/li> <li>Opci\u00f3n para recopilar los correos electr\u00f3nicos de los usuarios antes de que gira la rueda.<\/li> <\/ul> <p>Esta aplicaci\u00f3n es ideal para usuarios de BigCommerce que desean agregar elementos interactivos a su sitio.<\/p><p><a href=\"#demo\">Explora todo caracter\u00edsticas adicionales en la demostraci\u00f3n<\/a><\/p> <\/div> <div class=\"application-platform-content-item-installation application-platform-content-item\" id=\"installation\" data-nav-section=\"installation\"> <h2>\u00bfC\u00f3mo incrusto Spinning Wheel en mi sitio Bigcommerce?<\/h2> <p>Para implementar aplicaci\u00f3n en su sitio web de Bigcommerce, simplemente siga los pasos a continuaci\u00f3n:<\/p> <ul> <li><b>Cree su aplicaci\u00f3n Spinning Wheel personalizada<\/b><br> Utilice nuestra demostraci\u00f3n gratuita para dise\u00f1ar la aplicaci\u00f3n con su apariencia preferida y caracter\u00edsticas.<\/li> <li><b>Copia el c\u00f3digo \u00fanico para implementar la aplicaci\u00f3n<\/b><br> Despu\u00e9s de configurar la aplicaci\u00f3n, recibir\u00e1s un c\u00f3digo personal en la notificaci\u00f3n emergente en Elfsight Apps. Aseg\u00farese de guardar este c\u00f3digo para usarlo m\u00e1s adelante.<\/li> <li><b>Agregue la aplicaci\u00f3n Spinning Wheel a su sitio de Bigcommerce<\/b><br> Navegue hasta la secci\u00f3n donde desea colocar la aplicaci\u00f3n, pegue el copie el c\u00f3digo y aplique los cambios.<\/li> <li><b>\u00a1La aplicaci\u00f3n se incorpor\u00f3 correctamente!<\/b><br> Visite su sitio web de Bigcommerce para ver su aplicaci\u00f3n en vivo en acci\u00f3n.<\/li> <\/ul> <p>Si necesita ayuda o tiene preguntas, no dude en comunicarse con nuestro equipo de atenci\u00f3n al cliente. Siempre estamos listos para ayudarle, especialmente si utiliza Bigcommerce.<\/p> <div class=\"faq\" data-component=\"FAQ\"><div class=\"faq-item\">\r\n\t\t\t\t\t<div class=\"faq-item-question\">\r\n\t\t\t\t\t\t<h3 class=\"faq-item-question-text\">\u00bfC\u00f3mo puedo agregar la rueda giratoria a mi sitio web de Bigcommerce sin experiencia en codificaci\u00f3n?<\/h3>\r\n\r\n\t\t\t\t\t\t<div class=\"faq-item-question-icon\"><\/div>\r\n\t\t\t\t\t<\/div>\r\n\r\n\t\t\t\t\t<div class=\"faq-item-answer\">\r\n\t\t\t\t\t\t<div class=\"faq-item-answer-text\"> <p>Elfsight proporciona una soluci\u00f3n SaaS que le permite crear una aplicaci\u00f3n Spinning Wheel sin ning\u00fan conocimiento de codificaci\u00f3n. Simplemente use el Editor en l\u00ednea para configurar su aplicaci\u00f3n. Elija una plantilla, ajuste la configuraci\u00f3n, agregue su propio contenido y personalice el dise\u00f1o y los colores. Una vez completado, guarde la aplicaci\u00f3n y copie el c\u00f3digo de instalaci\u00f3n para incrustarlo en su sitio de Bigcommerce. No es necesaria una suscripci\u00f3n paga ni informaci\u00f3n de tarjeta de cr\u00e9dito para acceder al servicio. Si tiene alg\u00fan problema, nuestro equipo de soporte t\u00e9cnico est\u00e1 disponible para ayudarlo.<\/p> <\/div>\r\n\t\t\t\t\t<\/div>\r\n\t\t\t\t<\/div> <\/div> <\/div>","protected":false},"excerpt":{"rendered":"","protected":false},"author":9,"featured_media":0,"parent":16130,"menu_order":0,"comment_status":"closed","ping_status":"closed","template":"templates\/template-application-platform.php","meta":{"publish_to_discourse":"","publish_post_category":"","wpdc_auto_publish_overridden":"","wpdc_topic_tags":"","wpdc_pin_topic":"","wpdc_pin_until":"","discourse_post_id":"","discourse_permalink":"","wpdc_publishing_response":"","wpdc_publishing_error":"","footnotes":""},"class_list":["post-17082","page","type-page","status-publish","hentry"],"yoast_head":"<!-- This site is optimized with the Yoast SEO plugin v25.3.1 - https:\/\/yoast.com\/wordpress\/plugins\/seo\/ -->\n<title>Widget de rueda giratoria: insertar Luck Spin en el sitio web [GRATIS]<\/title>\n<meta name=\"description\" content=\"Incorpore una rueca interactiva en el sitio de BigCommerce. Vea todas las funciones del complemento BigCommerce Spinning Wheel que puede agregar al sitio web.\" \/>\n<meta name=\"robots\" content=\"index, follow, max-snippet:-1, max-image-preview:large, max-video-preview:-1\" \/>\n<link rel=\"canonical\" href=\"https:\/\/elfsight.com\/es\/spinning-wheel-widget\/bigcommerce\/\" \/>\n<meta property=\"og:locale\" content=\"es_ES\" \/>\n<meta property=\"og:type\" content=\"article\" \/>\n<meta property=\"og:title\" content=\"Widget de rueda giratoria: insertar Luck Spin en el sitio web [GRATIS]\" \/>\n<meta property=\"og:description\" content=\"Incorpore una rueca interactiva en el sitio de BigCommerce. Vea todas las funciones del complemento BigCommerce Spinning Wheel que puede agregar al sitio web.\" \/>\n<meta property=\"og:url\" content=\"https:\/\/elfsight.com\/es\/spinning-wheel-widget\/bigcommerce\/\" \/>\n<meta property=\"og:site_name\" content=\"Elfsight ES\" \/>\n<meta property=\"article:modified_time\" content=\"2025-02-06T14:58:47+00:00\" \/>\n<meta name=\"twitter:card\" content=\"summary_large_image\" \/>\n<meta name=\"twitter:label1\" content=\"Tiempo de lectura\" \/>\n\t<meta name=\"twitter:data1\" content=\"3 minutos\" \/>\n<!-- \/ Yoast SEO plugin. -->","yoast_head_json":{"title":"Widget de rueda giratoria: insertar Luck Spin en el sitio web [GRATIS]","description":"Incorpore una rueca interactiva en el sitio de BigCommerce. Vea todas las funciones del complemento BigCommerce Spinning Wheel que puede agregar al sitio web.","robots":{"index":"index","follow":"follow","max-snippet":"max-snippet:-1","max-image-preview":"max-image-preview:large","max-video-preview":"max-video-preview:-1"},"canonical":"https:\/\/elfsight.com\/es\/spinning-wheel-widget\/bigcommerce\/","og_locale":"es_ES","og_type":"article","og_title":"Widget de rueda giratoria: insertar Luck Spin en el sitio web [GRATIS]","og_description":"Incorpore una rueca interactiva en el sitio de BigCommerce. Vea todas las funciones del complemento BigCommerce Spinning Wheel que puede agregar al sitio web.","og_url":"https:\/\/elfsight.com\/es\/spinning-wheel-widget\/bigcommerce\/","og_site_name":"Elfsight ES","article_modified_time":"2025-02-06T14:58:47+00:00","twitter_card":"summary_large_image","twitter_misc":{"Tiempo de lectura":"3 minutos"},"schema":{"@context":"https:\/\/schema.org","@graph":[{"@type":"WebPage","@id":"https:\/\/elfsight.com\/es\/spinning-wheel-widget\/bigcommerce\/","url":"https:\/\/elfsight.com\/es\/spinning-wheel-widget\/bigcommerce\/","name":"Widget de rueda giratoria: insertar Luck Spin en el sitio web [GRATIS]","isPartOf":{"@id":"https:\/\/elfsight.com\/es\/#website"},"datePublished":"2024-09-30T18:27:29+00:00","dateModified":"2025-02-06T14:58:47+00:00","description":"Incorpore una rueca interactiva en el sitio de BigCommerce. Vea todas las funciones del complemento BigCommerce Spinning Wheel que puede agregar al sitio web.","breadcrumb":{"@id":"https:\/\/elfsight.com\/es\/spinning-wheel-widget\/bigcommerce\/#breadcrumb"},"inLanguage":"es","potentialAction":[{"@type":"ReadAction","target":["https:\/\/elfsight.com\/es\/spinning-wheel-widget\/bigcommerce\/"]}]},{"@type":"BreadcrumbList","@id":"https:\/\/elfsight.com\/es\/spinning-wheel-widget\/bigcommerce\/#breadcrumb","itemListElement":[{"@type":"ListItem","position":1,"name":"Home","item":"https:\/\/elfsight.com\/es\/"},{"@type":"ListItem","position":2,"name":"Spinning Wheel","item":"https:\/\/elfsight.com\/es\/spinning-wheel-widget\/"},{"@type":"ListItem","position":3,"name":"spinning wheel bigcommerce"}]},{"@type":"WebSite","@id":"https:\/\/elfsight.com\/es\/#website","url":"https:\/\/elfsight.com\/es\/","name":"Elfsight ES","description":"Just another Elfsight Sites site","potentialAction":[{"@type":"SearchAction","target":{"@type":"EntryPoint","urlTemplate":"https:\/\/elfsight.com\/es\/?s={search_term_string}"},"query-input":{"@type":"PropertyValueSpecification","valueRequired":true,"valueName":"search_term_string"}}],"inLanguage":"es"}]}},"meta_box":{"industry":"","seo_heading":"","heading":"","description":"","cta_heading":"","cta_description":"","application":"16125","h1":"Aplicaci\u00f3n Spinning Wheel para BigCommerce","h1_caption":"Aumente la participaci\u00f3n y aumente las conversiones con una divertida rueda giratoria para BigCommerce que ofrece a los visitantes la oportunidad de ganar descuentos, recompensas u otros incentivos.","application_category":[],"applications_title":"","applications_request_title":"","applications_request_button_text":"","hero_text":"","hero_video":"","hero_video_schema_markup":"","selling_points_title":"","selling_points_caption":"","selling_points":[],"selling_points_cta_text":"","features_title":"","features":"","ed_cta_examples_text":"","ed_cta_examples_hidden":"","ed_cta_demo_text":"","ed_cta_demo_hidden":"","why_caption":"","why_editor_title":"","why_editor_text":"","why_team_title":"","why_team_text":"","why_service_title":"","why_service_text":"","template_catalog_visible":"","template_catalog_title":"","template_catalog_text":"","template_catalog_categories_visible":"","demo_title":"Crea tu aplicaci\u00f3n Spinning Wheel","demo_caption":"\u00a1Configure su Spinning Wheel y agr\u00e9guelo a su sitio web de BigCommerce gratis!","default_faq_hidden":"","app_template_category":[],"platform":"33","template_public_id":"","codecanyon_url":"","codecanyon_item_id":"","codecanyon_price":"","pricing_caption":"","pricing_elfsight_apps_hide_column":"","pricing_elfsight_apps_url":"","pricing_codecanyon_price_caption":"","integration_category":[],"integration_request_title":"","integration_request_cta":"","integration_platform":"","integrations":[],"platform_category":[],"video_schema_markup":"","price":"desde $0 \/ mes","trial":"","benefits":[{"text":"Ayuda de instalaci\u00f3n gratuita"},{"text":"Soporte premium"},{"text":"Garant\u00eda de devoluci\u00f3n de dinero de 14 d\u00edas"},{"text":"Mejoras continuas y gratuitas"}],"button_url":"#demo","button_target_blank":"","button_nofollow":"","attributes":[{"name":"Instalaciones","content":"1,000 - 5,000"},{"name":"Sensible","content":"S\u00ed"},{"name":"Navegadores compatibles","content":"IE11, Firefox, Safari, Opera, Chrome, Edge"}],"tags":[],"tags_disable_links":"","hide_more_platforms":"","video_object":"","demo_hide_cta":"","demo_hide_cloud_options":"","pricing_title":"","pricing":[{"pricing_icon":"platform","pricing_title":"Elfsight Apps","pricing_title_caption":"Soluci\u00f3n independiente de plataforma que funciona en cualquier sitio web","pricing_price":"desde $0 \/ mes","pricing_price_caption":"comienza con el plan gratuito","pricing_benefits":[{"text":"Dominios ilimitados"},{"text":"Soporte premium"},{"text":"Ayuda de instalaci\u00f3n gratuita"},{"text":"Precio especial para m\u00faltiples aplicaciones."}],"pricing_button_text":"A\u00f1adir al sitio web","pricing_button_url":"#demo"}],"related_apps_title":"","related_apps_hidden":"","author":"","image":[],"title":"","job":"","social_networks":[]},"_links":{"self":[{"href":"https:\/\/elfsight.com\/es\/wp-json\/wp\/v2\/pages\/17082","targetHints":{"allow":["GET"]}}],"collection":[{"href":"https:\/\/elfsight.com\/es\/wp-json\/wp\/v2\/pages"}],"about":[{"href":"https:\/\/elfsight.com\/es\/wp-json\/wp\/v2\/types\/page"}],"author":[{"embeddable":true,"href":"https:\/\/elfsight.com\/es\/wp-json\/wp\/v2\/users\/9"}],"replies":[{"embeddable":true,"href":"https:\/\/elfsight.com\/es\/wp-json\/wp\/v2\/comments?post=17082"}],"version-history":[{"count":1,"href":"https:\/\/elfsight.com\/es\/wp-json\/wp\/v2\/pages\/17082\/revisions"}],"predecessor-version":[{"id":17086,"href":"https:\/\/elfsight.com\/es\/wp-json\/wp\/v2\/pages\/17082\/revisions\/17086"}],"up":[{"embeddable":true,"href":"https:\/\/elfsight.com\/es\/wp-json\/wp\/v2\/pages\/16130"}],"wp:attachment":[{"href":"https:\/\/elfsight.com\/es\/wp-json\/wp\/v2\/media?parent=17082"}],"curies":[{"name":"wp","href":"https:\/\/api.w.org\/{rel}","templated":true}]}}