{"id":17074,"date":"2024-09-30T18:27:29","date_gmt":"2024-09-30T18:27:29","guid":{"rendered":"https:\/\/elfsight.com\/es\/?page_id=17074"},"modified":"2025-02-06T14:58:54","modified_gmt":"2025-02-06T14:58:54","slug":"magento","status":"publish","type":"page","link":"https:\/\/elfsight.com\/es\/spinning-wheel-widget\/magento\/","title":{"rendered":"spinning wheel  magento"},"content":{"rendered":"<div class=\"application-platform-content-item-description application-platform-content-item\" id=\"description\" data-nav-section=\"description\"><h2>Integre una rueca con la extensi\u00f3n Elfsight<\/h2> <p>\u00a1Agregue una rueca atractiva e interactiva a su sitio web! Personalice hasta 10 premios con contenido personalizado, im\u00e1genes, c\u00f3digos promocionales exclusivos y llamadas a la acci\u00f3n. Recopile correos electr\u00f3nicos antes de que los usuarios giren, env\u00ede notificaciones autom\u00e1ticas a los ganadores, reciba actualizaciones en tiempo real y administre las probabilidades de ganar para cada premio. Optimice la visibilidad con activadores inteligentes y orientaci\u00f3n espec\u00edfica del dispositivo. La extensi\u00f3n admite m\u00e1s de 70 idiomas y responde completamente. Tambi\u00e9n puede modificar su apariencia y funcionalidad utilizando CSS y JavaScript personalizados.<\/p> <p><b>\u00a1Mejore la participaci\u00f3n del usuario y aumente las conversiones ofreciendo atractivas recompensas a los visitantes de su sitio!<\/b><\/p> [\/application_platform_content_item ] <div class=\"application-platform-content-item-features application-platform-content-item\" id=\"features\" data-nav-section=\"features\"><\/div> <h2>Caracter\u00edsticas principales de Spinning Wheel Extension para Magento<\/h2> <p>A continuaci\u00f3n se muestra una descripci\u00f3n general completa de las funciones de extensi\u00f3n Spinning Wheel dise\u00f1adas espec\u00edficamente para Magento. Estas herramientas est\u00e1n disponibles en el editor para ayudarle a configurar la extensi\u00f3n seg\u00fan sus requisitos espec\u00edficos.<\/p> <ul> <li>Agregue hasta 10 premios \u00fanicos a la rueca interactiva.<\/li> <li>Contenido personalizado para cada premio.<\/li> <li>Cada premio puede incluir su propio c\u00f3digo promocional exclusivo.<\/li> <li>Bot\u00f3n de acci\u00f3n dedicado para cada premio.<\/li> <li>Opci\u00f3n para recopilar los correos electr\u00f3nicos de los usuarios antes de girar la rueda.<\/li> <\/ul> <p>Esta extensi\u00f3n es perfecta para los usuarios de Magento que buscan incorporar elementos interactivos en su sitio.<\/p> <p><a href=\"#demo\">Explore todas las funciones adicionales caracter\u00edsticas en la demostraci\u00f3n<\/a><\/p> <\/div> <div class=\"application-platform-content-item-installation application-platform-content-item\" id=\"installation\" data-nav-section=\"installation\"> <h2>\u00bfC\u00f3mo incorporo Spinning Wheel en mi sitio Magento?<\/h2> <p>Para instalar la extensi\u00f3n en su sitio web basado en Magento, siga estos pasos:<\/p> <ul> <li><b>Cree su extensi\u00f3n Spinning Wheel personalizada<\/b><br> Utilice nuestra demostraci\u00f3n gratuita para dise\u00f1ar la extensi\u00f3n con su apariencia preferida y caracter\u00edsticas.<\/li> <li><b>Copia el c\u00f3digo \u00fanico para integrar la extensi\u00f3n<\/b><br> Despu\u00e9s de configurar tu extensi\u00f3n, recibir\u00e1s un c\u00f3digo \u00fanico en la ventana emergente de Elfsight Apps. Guarde este c\u00f3digo para usarlo en el futuro.<\/li> <li><b>Agregue la extensi\u00f3n Spinning Wheel a su sitio Magento<\/b><br> Navegue hasta la secci\u00f3n donde desea colocar la extensi\u00f3n, pegue el c\u00f3digo copiado y y aplique los cambios.<\/li> <li><b>\u00a1Extensi\u00f3n integrada correctamente!<\/b><br> Visite su sitio con tecnolog\u00eda Magento para ver la extensi\u00f3n en acci\u00f3n.<\/li> <\/ul> <p> Si necesita ayuda o tiene preguntas, no dude en comunicarse con nuestro equipo de soporte. Siempre estamos listos para ayudar, especialmente para los usuarios de Magento.<\/p> <div class=\"faq\" data-component=\"FAQ\"> <div class=\"faq-item\">\r\n\t\t\t\t\t<div class=\"faq-item-question\">\r\n\t\t\t\t\t\t<h3 class=\"faq-item-question-text\">\u00bfC\u00f3mo puedo agregar Spinning Wheel a mi sitio web Magento sin experiencia en codificaci\u00f3n?<\/h3>\r\n\r\n\t\t\t\t\t\t<div class=\"faq-item-question-icon\"><\/div>\r\n\t\t\t\t\t<\/div>\r\n\r\n\t\t\t\t\t<div class=\"faq-item-answer\">\r\n\t\t\t\t\t\t<div class=\"faq-item-answer-text\"> <p>Elfsight proporciona una plataforma SaaS que te permite crear una extensi\u00f3n Spinning Wheel sin necesidad de conocimientos de codificaci\u00f3n. Utilice el editor en l\u00ednea para configurar su extensi\u00f3n. Elija una plantilla, ajuste la configuraci\u00f3n, agregue su contenido y personalice el dise\u00f1o y los colores. Una vez hecho esto, guarde la extensi\u00f3n y copie el c\u00f3digo de instalaci\u00f3n para incrustarlo en su sitio Magento. No se requiere suscripci\u00f3n ni tarjeta de cr\u00e9dito para utilizar el servicio. Si tiene alg\u00fan problema, nuestro equipo de soporte t\u00e9cnico siempre est\u00e1 disponible para ayudarlo.<\/p> <\/div>\r\n\t\t\t\t\t<\/div>\r\n\t\t\t\t<\/div> <\/div> <\/div> ","protected":false},"excerpt":{"rendered":"","protected":false},"author":9,"featured_media":0,"parent":16130,"menu_order":0,"comment_status":"closed","ping_status":"closed","template":"templates\/template-application-platform.php","meta":{"publish_to_discourse":"","publish_post_category":"","wpdc_auto_publish_overridden":"","wpdc_topic_tags":"","wpdc_pin_topic":"","wpdc_pin_until":"","discourse_post_id":"","discourse_permalink":"","wpdc_publishing_response":"","wpdc_publishing_error":"","footnotes":""},"class_list":["post-17074","page","type-page","status-publish","hentry"],"yoast_head":"<!-- This site is optimized with the Yoast SEO plugin v25.3.1 - https:\/\/yoast.com\/wordpress\/plugins\/seo\/ -->\n<title>Widget de rueda giratoria: insertar Luck Spin en el sitio web [GRATIS]<\/title>\n<meta name=\"description\" content=\"Incruste una rueca interactiva en el sitio Magento. Vea todas las funciones de la extensi\u00f3n Magento Spinning Wheel que puede agregar al sitio web.\" \/>\n<meta name=\"robots\" content=\"index, follow, max-snippet:-1, max-image-preview:large, max-video-preview:-1\" \/>\n<link rel=\"canonical\" href=\"https:\/\/elfsight.com\/es\/spinning-wheel-widget\/magento\/\" \/>\n<meta property=\"og:locale\" content=\"es_ES\" \/>\n<meta property=\"og:type\" content=\"article\" \/>\n<meta property=\"og:title\" content=\"Widget de rueda giratoria: insertar Luck Spin en el sitio web [GRATIS]\" \/>\n<meta property=\"og:description\" content=\"Incruste una rueca interactiva en el sitio Magento. Vea todas las funciones de la extensi\u00f3n Magento Spinning Wheel que puede agregar al sitio web.\" \/>\n<meta property=\"og:url\" content=\"https:\/\/elfsight.com\/es\/spinning-wheel-widget\/magento\/\" \/>\n<meta property=\"og:site_name\" content=\"Elfsight ES\" \/>\n<meta property=\"article:modified_time\" content=\"2025-02-06T14:58:54+00:00\" \/>\n<meta name=\"twitter:card\" content=\"summary_large_image\" \/>\n<meta name=\"twitter:label1\" content=\"Tiempo de lectura\" \/>\n\t<meta name=\"twitter:data1\" content=\"3 minutos\" \/>\n<!-- \/ Yoast SEO plugin. -->","yoast_head_json":{"title":"Widget de rueda giratoria: insertar Luck Spin en el sitio web [GRATIS]","description":"Incruste una rueca interactiva en el sitio Magento. Vea todas las funciones de la extensi\u00f3n Magento Spinning Wheel que puede agregar al sitio web.","robots":{"index":"index","follow":"follow","max-snippet":"max-snippet:-1","max-image-preview":"max-image-preview:large","max-video-preview":"max-video-preview:-1"},"canonical":"https:\/\/elfsight.com\/es\/spinning-wheel-widget\/magento\/","og_locale":"es_ES","og_type":"article","og_title":"Widget de rueda giratoria: insertar Luck Spin en el sitio web [GRATIS]","og_description":"Incruste una rueca interactiva en el sitio Magento. Vea todas las funciones de la extensi\u00f3n Magento Spinning Wheel que puede agregar al sitio web.","og_url":"https:\/\/elfsight.com\/es\/spinning-wheel-widget\/magento\/","og_site_name":"Elfsight ES","article_modified_time":"2025-02-06T14:58:54+00:00","twitter_card":"summary_large_image","twitter_misc":{"Tiempo de lectura":"3 minutos"},"schema":{"@context":"https:\/\/schema.org","@graph":[{"@type":"WebPage","@id":"https:\/\/elfsight.com\/es\/spinning-wheel-widget\/magento\/","url":"https:\/\/elfsight.com\/es\/spinning-wheel-widget\/magento\/","name":"Widget de rueda giratoria: insertar Luck Spin en el sitio web [GRATIS]","isPartOf":{"@id":"https:\/\/elfsight.com\/es\/#website"},"datePublished":"2024-09-30T18:27:29+00:00","dateModified":"2025-02-06T14:58:54+00:00","description":"Incruste una rueca interactiva en el sitio Magento. Vea todas las funciones de la extensi\u00f3n Magento Spinning Wheel que puede agregar al sitio web.","breadcrumb":{"@id":"https:\/\/elfsight.com\/es\/spinning-wheel-widget\/magento\/#breadcrumb"},"inLanguage":"es","potentialAction":[{"@type":"ReadAction","target":["https:\/\/elfsight.com\/es\/spinning-wheel-widget\/magento\/"]}]},{"@type":"BreadcrumbList","@id":"https:\/\/elfsight.com\/es\/spinning-wheel-widget\/magento\/#breadcrumb","itemListElement":[{"@type":"ListItem","position":1,"name":"Home","item":"https:\/\/elfsight.com\/es\/"},{"@type":"ListItem","position":2,"name":"Spinning Wheel","item":"https:\/\/elfsight.com\/es\/spinning-wheel-widget\/"},{"@type":"ListItem","position":3,"name":"spinning wheel magento"}]},{"@type":"WebSite","@id":"https:\/\/elfsight.com\/es\/#website","url":"https:\/\/elfsight.com\/es\/","name":"Elfsight ES","description":"Just another Elfsight Sites site","potentialAction":[{"@type":"SearchAction","target":{"@type":"EntryPoint","urlTemplate":"https:\/\/elfsight.com\/es\/?s={search_term_string}"},"query-input":{"@type":"PropertyValueSpecification","valueRequired":true,"valueName":"search_term_string"}}],"inLanguage":"es"}]}},"meta_box":{"industry":"","seo_heading":"","heading":"","description":"","cta_heading":"","cta_description":"","application":"16125","h1":"Extensi\u00f3n de rueda giratoria para Magento","h1_caption":"Aumente la participaci\u00f3n y aumente las conversiones con una divertida rueda giratoria para Magento que ofrece a los visitantes la oportunidad de ganar descuentos, recompensas u otros incentivos.","application_category":[],"applications_title":"","applications_request_title":"","applications_request_button_text":"","hero_text":"","hero_video":"","hero_video_schema_markup":"","selling_points_title":"","selling_points_caption":"","selling_points":[],"selling_points_cta_text":"","features_title":"","features":"","ed_cta_examples_text":"","ed_cta_examples_hidden":"","ed_cta_demo_text":"","ed_cta_demo_hidden":"","why_caption":"","why_editor_title":"","why_editor_text":"","why_team_title":"","why_team_text":"","why_service_title":"","why_service_text":"","template_catalog_visible":"","template_catalog_title":"","template_catalog_text":"","template_catalog_categories_visible":"","demo_title":"Crea tu extensi\u00f3n Spinning Wheel","demo_caption":"\u00a1Configura tu Spinning Wheel y agr\u00e9gala a tu sitio web Magento gratis!","default_faq_hidden":"","app_template_category":[],"platform":"82","template_public_id":"","codecanyon_url":"","codecanyon_item_id":"","codecanyon_price":"","pricing_caption":"","pricing_elfsight_apps_hide_column":"","pricing_elfsight_apps_url":"","pricing_codecanyon_price_caption":"","integration_category":[],"integration_request_title":"","integration_request_cta":"","integration_platform":"","integrations":[],"platform_category":[],"video_schema_markup":"","price":"desde $0 \/ mes","trial":"","benefits":[{"text":"Asistencia de instalaci\u00f3n gratuita"},{"text":"Soporte premium"},{"text":"Garant\u00eda de devoluci\u00f3n de dinero de 14 d\u00edas"},{"text":"Mejoras continuas y gratuitas"}],"button_url":"#demo","button_target_blank":"","button_nofollow":"","attributes":[{"name":"Instalaciones","content":"1,000 - 5,000"},{"name":"Sensible","content":"S\u00ed"},{"name":"Navegadores compatibles","content":"IE11, Firefox, Safari, Opera, Chrome, Edge"}],"tags":[],"tags_disable_links":"","hide_more_platforms":"","video_object":"","demo_hide_cta":"","demo_hide_cloud_options":"","pricing_title":"","pricing":[{"pricing_icon":"platform","pricing_title":"Elfsight Apps","pricing_title_caption":"Soluci\u00f3n independiente de plataforma que funciona en cualquier sitio web","pricing_price":"desde $0 \/ mes","pricing_price_caption":"comienza con el plan gratuito","pricing_benefits":[{"text":"Dominios ilimitados"},{"text":"Soporte premium"},{"text":"Ayuda de instalaci\u00f3n gratuita"},{"text":"Precio especial para m\u00faltiples aplicaciones."}],"pricing_button_text":"A\u00f1adir al sitio web","pricing_button_url":"#demo"}],"related_apps_title":"","related_apps_hidden":"","author":"","image":[],"title":"","job":"","social_networks":[]},"_links":{"self":[{"href":"https:\/\/elfsight.com\/es\/wp-json\/wp\/v2\/pages\/17074","targetHints":{"allow":["GET"]}}],"collection":[{"href":"https:\/\/elfsight.com\/es\/wp-json\/wp\/v2\/pages"}],"about":[{"href":"https:\/\/elfsight.com\/es\/wp-json\/wp\/v2\/types\/page"}],"author":[{"embeddable":true,"href":"https:\/\/elfsight.com\/es\/wp-json\/wp\/v2\/users\/9"}],"replies":[{"embeddable":true,"href":"https:\/\/elfsight.com\/es\/wp-json\/wp\/v2\/comments?post=17074"}],"version-history":[{"count":1,"href":"https:\/\/elfsight.com\/es\/wp-json\/wp\/v2\/pages\/17074\/revisions"}],"predecessor-version":[{"id":17078,"href":"https:\/\/elfsight.com\/es\/wp-json\/wp\/v2\/pages\/17074\/revisions\/17078"}],"up":[{"embeddable":true,"href":"https:\/\/elfsight.com\/es\/wp-json\/wp\/v2\/pages\/16130"}],"wp:attachment":[{"href":"https:\/\/elfsight.com\/es\/wp-json\/wp\/v2\/media?parent=17074"}],"curies":[{"name":"wp","href":"https:\/\/api.w.org\/{rel}","templated":true}]}}