{"id":17050,"date":"2024-07-10T16:56:24","date_gmt":"2024-07-10T16:56:24","guid":{"rendered":"https:\/\/elfsight.com\/es\/?page_id=17050"},"modified":"2024-12-17T11:12:25","modified_gmt":"2024-12-17T11:12:25","slug":"pricing","status":"publish","type":"page","link":"https:\/\/elfsight.com\/es\/announcement-bar-widget\/pricing\/","title":{"rendered":"Announcement Bar &#8211; Pricing"},"content":{"rendered":"<div class=\"faq\" data-component=\"FAQ\"><div class=\"faq-item\">\r\n\t\t\t\t\t<div class=\"faq-item-question\">\r\n\t\t\t\t\t\t<h3 class=\"faq-item-question-text\">\u00bfPuedo aplicar sus widgets sin costo?<\/h3>\r\n\r\n\t\t\t\t\t\t<div class=\"faq-item-question-icon\"><\/div>\r\n\t\t\t\t\t<\/div>\r\n\r\n\t\t\t\t\t<div class=\"faq-item-answer\">\r\n\t\t\t\t\t\t<div class=\"faq-item-answer-text\">\u00a1Sin ambig\u00fcedades! Todo lo que necesitas para disfrutar de las ventajas de nuestro widget es seleccionar el plan de precios gratuito.<\/div>\r\n\t\t\t\t\t<\/div>\r\n\t\t\t\t<\/div><div class=\"faq-item\">\r\n\t\t\t\t\t<div class=\"faq-item-question\">\r\n\t\t\t\t\t\t<h3 class=\"faq-item-question-text\">\u00bfOfreces un per\u00edodo de prueba?<\/h3>\r\n\r\n\t\t\t\t\t\t<div class=\"faq-item-question-icon\"><\/div>\r\n\t\t\t\t\t<\/div>\r\n\r\n\t\t\t\t\t<div class=\"faq-item-answer\">\r\n\t\t\t\t\t\t<div class=\"faq-item-answer-text\">No, no ofrecemos ning\u00fan per\u00edodo de prueba gratuito. Alternativamente, puedes elegir el Plan Gratuito y observar todas las posibilidades en nuestros widgets. El plan gratuito no te limita con ninguna caracter\u00edstica, por lo que obtendr\u00e1s una idea de todos los potenciales sin demasiado esfuerzo. <\/div>\r\n\t\t\t\t\t<\/div>\r\n\t\t\t\t<\/div><div class=\"faq-item\">\r\n\t\t\t\t\t<div class=\"faq-item-question\">\r\n\t\t\t\t\t\t<h3 class=\"faq-item-question-text\">\u00bfOfreces alguna reducci\u00f3n de precio?<\/h3>\r\n\r\n\t\t\t\t\t\t<div class=\"faq-item-question-icon\"><\/div>\r\n\t\t\t\t\t<\/div>\r\n\r\n\t\t\t\t\t<div class=\"faq-item-answer\">\r\n\t\t\t\t\t\t<div class=\"faq-item-answer-text\">Claro, puedes obtener un descuento de bienvenida del 20% para tu primera suscripci\u00f3n comercial. Adem\u00e1s, tenemos un 30% de descuento para una segunda suscripci\u00f3n de aplicaci\u00f3n \u00fanica.<\/div>\r\n\t\t\t\t\t<\/div>\r\n\t\t\t\t<\/div><div class=\"faq-item\">\r\n\t\t\t\t\t<div class=\"faq-item-question\">\r\n\t\t\t\t\t\t<h3 class=\"faq-item-question-text\">\u00bfExiste la posibilidad de modificar mi plan m\u00e1s adelante?<\/h3>\r\n\r\n\t\t\t\t\t\t<div class=\"faq-item-question-icon\"><\/div>\r\n\t\t\t\t\t<\/div>\r\n\r\n\t\t\t\t\t<div class=\"faq-item-answer\">\r\n\t\t\t\t\t\t<div class=\"faq-item-answer-text\">\u00a1S\u00ed! Eres libre de mejorar o reducir tu plan a cualquier hora. El dinero que pag\u00f3 por la suscripci\u00f3n anterior se volver\u00e1 a calcular para su nuevo plan.<\/div>\r\n\t\t\t\t\t<\/div>\r\n\t\t\t\t<\/div><div class=\"faq-item\">\r\n\t\t\t\t\t<div class=\"faq-item-question\">\r\n\t\t\t\t\t\t<h3 class=\"faq-item-question-text\">\u00bfQu\u00e9 es una limitaci\u00f3n de vistas?<\/h3>\r\n\r\n\t\t\t\t\t\t<div class=\"faq-item-question-icon\"><\/div>\r\n\t\t\t\t\t<\/div>\r\n\r\n\t\t\t\t\t<div class=\"faq-item-answer\">\r\n\t\t\t\t\t\t<div class=\"faq-item-answer-text\">La cantidad de vistas representa la cantidad de cargas de widgets en la p\u00e1gina de su sitio web . Las vistas revelan con qu\u00e9 frecuencia se puede cargar el complemento en la p\u00e1gina, lo que significa que no es la cantidad de visitantes \u00fanicos. Tenga en cuenta que cada plan proporciona su propia restricci\u00f3n de visualizaci\u00f3n.<\/div>\r\n\t\t\t\t\t<\/div>\r\n\t\t\t\t<\/div><div class=\"faq-item\">\r\n\t\t\t\t\t<div class=\"faq-item-question\">\r\n\t\t\t\t\t\t<h3 class=\"faq-item-question-text\">\u00bfEn cu\u00e1ntos sitios puedo insertar mi widget?<\/h3>\r\n\r\n\t\t\t\t\t\t<div class=\"faq-item-question-icon\"><\/div>\r\n\t\t\t\t\t<\/div>\r\n\r\n\t\t\t\t\t<div class=\"faq-item-answer\">\r\n\t\t\t\t\t\t<div class=\"faq-item-answer-text\">El plan Free Lite le permite agregar el widget en un sitio y construir solo uno. complemento. Cualquier plan pago no tiene tal restricci\u00f3n. Consulte las otras suscripciones para ver la cantidad de sitios web compatibles con la integraci\u00f3n de widgets.<\/div>\r\n\t\t\t\t\t<\/div>\r\n\t\t\t\t<\/div><div class=\"faq-item\">\r\n\t\t\t\t\t<div class=\"faq-item-question\">\r\n\t\t\t\t\t\t<h3 class=\"faq-item-question-text\">\u00bfOfrecen ayuda gratuita con la instalaci\u00f3n?<\/h3>\r\n\r\n\t\t\t\t\t\t<div class=\"faq-item-question-icon\"><\/div>\r\n\t\t\t\t\t<\/div>\r\n\r\n\t\t\t\t\t<div class=\"faq-item-answer\">\r\n\t\t\t\t\t\t<div class=\"faq-item-answer-text\">\u00a1No hay duda! Nos aseguramos de brindar asistencia de instalaci\u00f3n gratuita para todas las categor\u00edas de usuarios. No dudes en ponerte en contacto con nuestro personal de atenci\u00f3n al cliente en caso de que lo necesites. <\/div>\r\n\t\t\t\t\t<\/div>\r\n\t\t\t\t<\/div><\/div>","protected":false},"excerpt":{"rendered":"","protected":false},"author":9,"featured_media":0,"parent":4927,"menu_order":0,"comment_status":"closed","ping_status":"closed","template":"templates\/template-application-pricing.php","meta":{"publish_to_discourse":"","publish_post_category":"","wpdc_auto_publish_overridden":"","wpdc_topic_tags":"","wpdc_pin_topic":"","wpdc_pin_until":"","discourse_post_id":"","discourse_permalink":"","wpdc_publishing_response":"","wpdc_publishing_error":"","footnotes":""},"class_list":["post-17050","page","type-page","status-publish","hentry"],"yoast_head":"<!-- This site is optimized with the Yoast SEO plugin v25.3.1 - https:\/\/yoast.com\/wordpress\/plugins\/seo\/ -->\n<title>Widget de barra de anuncios gratis o con planes de tarifas premium<\/title>\n<meta name=\"description\" content=\"Agregue un widget de barra de anuncios en cualquier sitio web de forma gratuita o utilizando uno de nuestros planes premium asequibles y razonables en cuanto a precios.\" \/>\n<meta name=\"robots\" content=\"index, follow, max-snippet:-1, max-image-preview:large, max-video-preview:-1\" \/>\n<link rel=\"canonical\" href=\"https:\/\/elfsight.com\/es\/announcement-bar-widget\/pricing\/\" \/>\n<meta property=\"og:locale\" content=\"es_ES\" \/>\n<meta property=\"og:type\" content=\"article\" \/>\n<meta property=\"og:title\" content=\"Widget de barra de anuncios gratis o con planes de tarifas premium\" \/>\n<meta property=\"og:description\" content=\"Agregue un widget de barra de anuncios en cualquier sitio web de forma gratuita o utilizando uno de nuestros planes premium asequibles y razonables en cuanto a precios.\" \/>\n<meta property=\"og:url\" content=\"https:\/\/elfsight.com\/es\/announcement-bar-widget\/pricing\/\" \/>\n<meta property=\"og:site_name\" content=\"Elfsight ES\" \/>\n<meta property=\"article:modified_time\" content=\"2024-12-17T11:12:25+00:00\" \/>\n<meta name=\"twitter:card\" content=\"summary_large_image\" \/>\n<meta name=\"twitter:label1\" content=\"Tiempo de lectura\" \/>\n\t<meta name=\"twitter:data1\" content=\"2 minutos\" \/>\n<!-- \/ Yoast SEO plugin. -->","yoast_head_json":{"title":"Widget de barra de anuncios gratis o con planes de tarifas premium","description":"Agregue un widget de barra de anuncios en cualquier sitio web de forma gratuita o utilizando uno de nuestros planes premium asequibles y razonables en cuanto a precios.","robots":{"index":"index","follow":"follow","max-snippet":"max-snippet:-1","max-image-preview":"max-image-preview:large","max-video-preview":"max-video-preview:-1"},"canonical":"https:\/\/elfsight.com\/es\/announcement-bar-widget\/pricing\/","og_locale":"es_ES","og_type":"article","og_title":"Widget de barra de anuncios gratis o con planes de tarifas premium","og_description":"Agregue un widget de barra de anuncios en cualquier sitio web de forma gratuita o utilizando uno de nuestros planes premium asequibles y razonables en cuanto a precios.","og_url":"https:\/\/elfsight.com\/es\/announcement-bar-widget\/pricing\/","og_site_name":"Elfsight ES","article_modified_time":"2024-12-17T11:12:25+00:00","twitter_card":"summary_large_image","twitter_misc":{"Tiempo de lectura":"2 minutos"},"schema":{"@context":"https:\/\/schema.org","@graph":[{"@type":"WebPage","@id":"https:\/\/elfsight.com\/es\/announcement-bar-widget\/pricing\/","url":"https:\/\/elfsight.com\/es\/announcement-bar-widget\/pricing\/","name":"Widget de barra de anuncios gratis o con planes de tarifas premium","isPartOf":{"@id":"https:\/\/elfsight.com\/es\/#website"},"datePublished":"2024-07-10T16:56:24+00:00","dateModified":"2024-12-17T11:12:25+00:00","description":"Agregue un widget de barra de anuncios en cualquier sitio web de forma gratuita o utilizando uno de nuestros planes premium asequibles y razonables en cuanto a precios.","breadcrumb":{"@id":"https:\/\/elfsight.com\/es\/announcement-bar-widget\/pricing\/#breadcrumb"},"inLanguage":"es","potentialAction":[{"@type":"ReadAction","target":["https:\/\/elfsight.com\/es\/announcement-bar-widget\/pricing\/"]}]},{"@type":"BreadcrumbList","@id":"https:\/\/elfsight.com\/es\/announcement-bar-widget\/pricing\/#breadcrumb","itemListElement":[{"@type":"ListItem","position":1,"name":"Home","item":"https:\/\/elfsight.com\/es\/"},{"@type":"ListItem","position":2,"name":"Announcement Bar","item":"https:\/\/elfsight.com\/es\/announcement-bar-widget\/"},{"@type":"ListItem","position":3,"name":"Announcement Bar &#8211; Pricing"}]},{"@type":"WebSite","@id":"https:\/\/elfsight.com\/es\/#website","url":"https:\/\/elfsight.com\/es\/","name":"Elfsight ES","description":"Just another Elfsight Sites site","potentialAction":[{"@type":"SearchAction","target":{"@type":"EntryPoint","urlTemplate":"https:\/\/elfsight.com\/es\/?s={search_term_string}"},"query-input":{"@type":"PropertyValueSpecification","valueRequired":true,"valueName":"search_term_string"}}],"inLanguage":"es"}]}},"meta_box":{"industry":"","seo_heading":"","heading":"","description":"","cta_heading":"","cta_description":"","application":"4885","h1":"","h1_caption":"","application_category":[],"applications_title":"","applications_request_title":"","applications_request_button_text":"","hero_text":"","hero_video":"","hero_video_schema_markup":"","selling_points_title":"","selling_points_caption":"","selling_points":[],"selling_points_cta_text":"","features_title":"","features":"","ed_cta_examples_text":"","ed_cta_examples_hidden":"","ed_cta_demo_text":"","ed_cta_demo_hidden":"","why_caption":"","why_editor_title":"","why_editor_text":"","why_team_title":"","why_team_text":"","why_service_title":"","why_service_text":"","template_catalog_visible":"","template_catalog_title":"","template_catalog_text":"","template_catalog_categories_visible":"","demo_title":"","demo_caption":"","default_faq_hidden":"0","app_template_category":[],"platform":"","template_public_id":"","codecanyon_url":"","codecanyon_item_id":"","codecanyon_price":"","pricing_caption":"","pricing_elfsight_apps_hide_column":"","pricing_elfsight_apps_url":"","pricing_codecanyon_price_caption":"","integration_category":[],"integration_request_title":"","integration_request_cta":"","integration_platform":"","integrations":[],"platform_category":[],"video_schema_markup":"","price":"","trial":"","benefits":[],"button_url":"","button_target_blank":"","button_nofollow":"","attributes":[],"tags":[],"tags_disable_links":"","hide_more_platforms":"","video_object":"","demo_hide_cta":"","demo_hide_cloud_options":"","pricing_title":"","pricing":[],"related_apps_title":"","related_apps_hidden":"","author":"","image":[],"title":"","job":"","social_networks":[]},"_links":{"self":[{"href":"https:\/\/elfsight.com\/es\/wp-json\/wp\/v2\/pages\/17050","targetHints":{"allow":["GET"]}}],"collection":[{"href":"https:\/\/elfsight.com\/es\/wp-json\/wp\/v2\/pages"}],"about":[{"href":"https:\/\/elfsight.com\/es\/wp-json\/wp\/v2\/types\/page"}],"author":[{"embeddable":true,"href":"https:\/\/elfsight.com\/es\/wp-json\/wp\/v2\/users\/9"}],"replies":[{"embeddable":true,"href":"https:\/\/elfsight.com\/es\/wp-json\/wp\/v2\/comments?post=17050"}],"version-history":[{"count":1,"href":"https:\/\/elfsight.com\/es\/wp-json\/wp\/v2\/pages\/17050\/revisions"}],"predecessor-version":[{"id":17054,"href":"https:\/\/elfsight.com\/es\/wp-json\/wp\/v2\/pages\/17050\/revisions\/17054"}],"up":[{"embeddable":true,"href":"https:\/\/elfsight.com\/es\/wp-json\/wp\/v2\/pages\/4927"}],"wp:attachment":[{"href":"https:\/\/elfsight.com\/es\/wp-json\/wp\/v2\/media?parent=17050"}],"curies":[{"name":"wp","href":"https:\/\/api.w.org\/{rel}","templated":true}]}}