{"id":17049,"date":"2024-07-10T16:56:24","date_gmt":"2024-07-10T16:56:24","guid":{"rendered":"https:\/\/elfsight.com\/es\/?page_id=17049"},"modified":"2024-12-13T14:37:31","modified_gmt":"2024-12-13T14:37:31","slug":"pricing","status":"publish","type":"page","link":"https:\/\/elfsight.com\/es\/linkedin-reviews-widget\/pricing\/","title":{"rendered":"LinkedIn Recommendations &#8211; Pricing"},"content":{"rendered":"<div class=\"faq\" data-component=\"FAQ\"><div class=\"faq-item\">\r\n\t\t\t\t\t<div class=\"faq-item-question\">\r\n\t\t\t\t\t\t<h3 class=\"faq-item-question-text\">\u00bfPuedo utilizar los widgets que tienes de forma gratuita? <\/h3>\r\n\r\n\t\t\t\t\t\t<div class=\"faq-item-question-icon\"><\/div>\r\n\t\t\t\t\t<\/div>\r\n\r\n\t\t\t\t\t<div class=\"faq-item-answer\">\r\n\t\t\t\t\t\t<div class=\"faq-item-answer-text\">\u00a1Sin ambig\u00fcedades! Lo \u00fanico que necesita para probar todos los beneficios de nuestros complementos es seleccionar el plan gratuito. <\/div>\r\n\t\t\t\t\t<\/div>\r\n\t\t\t\t<\/div><div class=\"faq-item\">\r\n\t\t\t\t\t<div class=\"faq-item-question\">\r\n\t\t\t\t\t\t<h3 class=\"faq-item-question-text\">\u00bfOfrecen un per\u00edodo de prueba gratuito? <\/h3>\r\n\r\n\t\t\t\t\t\t<div class=\"faq-item-question-icon\"><\/div>\r\n\t\t\t\t\t<\/div>\r\n\r\n\t\t\t\t\t<div class=\"faq-item-answer\">\r\n\t\t\t\t\t\t<div class=\"faq-item-answer-text\">No, no ofrecemos ning\u00fan per\u00edodo de prueba. En su lugar, puede elegir el Plan gratuito y ver todas las posibilidades que nuestros complementos pueden brindarle. El plan Lite gratuito no tiene l\u00edmites de funciones, por lo que comprender\u00e1 todas las posibilidades con facilidad. <\/div>\r\n\t\t\t\t\t<\/div>\r\n\t\t\t\t<\/div><div class=\"faq-item\">\r\n\t\t\t\t\t<div class=\"faq-item-question\">\r\n\t\t\t\t\t\t<h3 class=\"faq-item-question-text\">\u00bfTiene alguna reducci\u00f3n de precio? <\/h3>\r\n\r\n\t\t\t\t\t\t<div class=\"faq-item-question-icon\"><\/div>\r\n\t\t\t\t\t<\/div>\r\n\r\n\t\t\t\t\t<div class=\"faq-item-answer\">\r\n\t\t\t\t\t\t<div class=\"faq-item-answer-text\">S\u00ed, puede obtener un descuento de bienvenida del 20% para su primera suscripci\u00f3n comercial. Adem\u00e1s, ofrecemos un 30% de descuento para la siguiente suscripci\u00f3n de aplicaci\u00f3n \u00fanica. <\/div>\r\n\t\t\t\t\t<\/div>\r\n\t\t\t\t<\/div><div class=\"faq-item\">\r\n\t\t\t\t\t<div class=\"faq-item-question\">\r\n\t\t\t\t\t\t<h3 class=\"faq-item-question-text\">\u00bfPuedo cambiar mi plan en el futuro? <\/h3>\r\n\r\n\t\t\t\t\t\t<div class=\"faq-item-question-icon\"><\/div>\r\n\t\t\t\t\t<\/div>\r\n\r\n\t\t\t\t\t<div class=\"faq-item-answer\">\r\n\t\t\t\t\t\t<div class=\"faq-item-answer-text\">\u00a1Claro! Puedes mejorar o reducir en clase tu plan cualquier d\u00eda. El dinero que pag\u00f3 por la suscripci\u00f3n anterior se volver\u00e1 a calcular para su nuevo plan. <\/div>\r\n\t\t\t\t\t<\/div>\r\n\t\t\t\t<\/div><div class=\"faq-item\">\r\n\t\t\t\t\t<div class=\"faq-item-question\">\r\n\t\t\t\t\t\t<h3 class=\"faq-item-question-text\">\u00bfQu\u00e9 significa limitaci\u00f3n de vistas? <\/h3>\r\n\r\n\t\t\t\t\t\t<div class=\"faq-item-question-icon\"><\/div>\r\n\t\t\t\t\t<\/div>\r\n\r\n\t\t\t\t\t<div class=\"faq-item-answer\">\r\n\t\t\t\t\t\t<div class=\"faq-item-answer-text\">El n\u00famero de vistas representa el n\u00famero de cargas de herramientas en la p\u00e1gina de su sitio web. Las vistas demuestran cu\u00e1ntas veces se carg\u00f3 el widget en su p\u00e1gina, es decir, esta no es la cantidad de visitantes \u00fanicos. Tenga en cuenta que cada plan proporciona su propio l\u00edmite de visualizaci\u00f3n. <\/div>\r\n\t\t\t\t\t<\/div>\r\n\t\t\t\t<\/div><div class=\"faq-item\">\r\n\t\t\t\t\t<div class=\"faq-item-question\">\r\n\t\t\t\t\t\t<h3 class=\"faq-item-question-text\">\u00bfExiste alguna restricci\u00f3n sobre la cantidad de sitios web en los que tengo la oportunidad de colocar el widget? <\/h3>\r\n\r\n\t\t\t\t\t\t<div class=\"faq-item-question-icon\"><\/div>\r\n\t\t\t\t\t<\/div>\r\n\r\n\t\t\t\t\t<div class=\"faq-item-answer\">\r\n\t\t\t\t\t\t<div class=\"faq-item-answer-text\">Nuestro plan Free Lite le ayuda a configurar la herramienta en un sitio y dise\u00f1ar solo uno. complemento. Ninguno de los planes premium tiene tal limitaci\u00f3n, es decir, la herramienta se puede insertar en cualquier n\u00famero de sitios web. <\/div>\r\n\t\t\t\t\t<\/div>\r\n\t\t\t\t<\/div><div class=\"faq-item\">\r\n\t\t\t\t\t<div class=\"faq-item-question\">\r\n\t\t\t\t\t\t<h3 class=\"faq-item-question-text\">\u00bfOfrecen asistencia de integraci\u00f3n gratuita? <\/h3>\r\n\r\n\t\t\t\t\t\t<div class=\"faq-item-question-icon\"><\/div>\r\n\t\t\t\t\t<\/div>\r\n\r\n\t\t\t\t\t<div class=\"faq-item-answer\">\r\n\t\t\t\t\t\t<div class=\"faq-item-answer-text\">Claro, proporcionamos ayuda de instalaci\u00f3n gratuita para todas las categor\u00edas de usuarios. No dudes en recurrir a nuestro personal de atenci\u00f3n al cliente en caso de que lo necesites. <\/div>\r\n\t\t\t\t\t<\/div>\r\n\t\t\t\t<\/div><\/div>","protected":false},"excerpt":{"rendered":"","protected":false},"author":9,"featured_media":0,"parent":17027,"menu_order":0,"comment_status":"closed","ping_status":"closed","template":"templates\/template-application-pricing.php","meta":{"publish_to_discourse":"","publish_post_category":"","wpdc_auto_publish_overridden":"","wpdc_topic_tags":"","wpdc_pin_topic":"","wpdc_pin_until":"","discourse_post_id":"","discourse_permalink":"","wpdc_publishing_response":"","wpdc_publishing_error":"","footnotes":""},"class_list":["post-17049","page","type-page","status-publish","hentry"],"yoast_head":"<!-- This site is optimized with the Yoast SEO plugin v25.3.1 - https:\/\/yoast.com\/wordpress\/plugins\/seo\/ -->\n<title>Recomendaciones de LinkedIn para sitios web: precios<\/title>\n<meta name=\"description\" content=\"\u00a1Crea tu widget de Recomendaciones de LinkedIn para sitio web al precio m\u00e1s bajo! Las tarifas por el uso del widget de LinkedIn var\u00edan desde gratuitas hasta premium.\" \/>\n<meta name=\"robots\" content=\"index, follow, max-snippet:-1, max-image-preview:large, max-video-preview:-1\" \/>\n<link rel=\"canonical\" href=\"https:\/\/elfsight.com\/es\/linkedin-reviews-widget\/pricing\/\" \/>\n<meta property=\"og:locale\" content=\"es_ES\" \/>\n<meta property=\"og:type\" content=\"article\" \/>\n<meta property=\"og:title\" content=\"Recomendaciones de LinkedIn para sitios web: precios\" \/>\n<meta property=\"og:description\" content=\"\u00a1Crea tu widget de Recomendaciones de LinkedIn para sitio web al precio m\u00e1s bajo! Las tarifas por el uso del widget de LinkedIn var\u00edan desde gratuitas hasta premium.\" \/>\n<meta property=\"og:url\" content=\"https:\/\/elfsight.com\/es\/linkedin-reviews-widget\/pricing\/\" \/>\n<meta property=\"og:site_name\" content=\"Elfsight ES\" \/>\n<meta property=\"article:modified_time\" content=\"2024-12-13T14:37:31+00:00\" \/>\n<meta name=\"twitter:card\" content=\"summary_large_image\" \/>\n<meta name=\"twitter:label1\" content=\"Tiempo de lectura\" \/>\n\t<meta name=\"twitter:data1\" content=\"2 minutos\" \/>\n<!-- \/ Yoast SEO plugin. -->","yoast_head_json":{"title":"Recomendaciones de LinkedIn para sitios web: precios","description":"\u00a1Crea tu widget de Recomendaciones de LinkedIn para sitio web al precio m\u00e1s bajo! Las tarifas por el uso del widget de LinkedIn var\u00edan desde gratuitas hasta premium.","robots":{"index":"index","follow":"follow","max-snippet":"max-snippet:-1","max-image-preview":"max-image-preview:large","max-video-preview":"max-video-preview:-1"},"canonical":"https:\/\/elfsight.com\/es\/linkedin-reviews-widget\/pricing\/","og_locale":"es_ES","og_type":"article","og_title":"Recomendaciones de LinkedIn para sitios web: precios","og_description":"\u00a1Crea tu widget de Recomendaciones de LinkedIn para sitio web al precio m\u00e1s bajo! Las tarifas por el uso del widget de LinkedIn var\u00edan desde gratuitas hasta premium.","og_url":"https:\/\/elfsight.com\/es\/linkedin-reviews-widget\/pricing\/","og_site_name":"Elfsight ES","article_modified_time":"2024-12-13T14:37:31+00:00","twitter_card":"summary_large_image","twitter_misc":{"Tiempo de lectura":"2 minutos"},"schema":{"@context":"https:\/\/schema.org","@graph":[{"@type":"WebPage","@id":"https:\/\/elfsight.com\/es\/linkedin-reviews-widget\/pricing\/","url":"https:\/\/elfsight.com\/es\/linkedin-reviews-widget\/pricing\/","name":"Recomendaciones de LinkedIn para sitios web: precios","isPartOf":{"@id":"https:\/\/elfsight.com\/es\/#website"},"datePublished":"2024-07-10T16:56:24+00:00","dateModified":"2024-12-13T14:37:31+00:00","description":"\u00a1Crea tu widget de Recomendaciones de LinkedIn para sitio web al precio m\u00e1s bajo! Las tarifas por el uso del widget de LinkedIn var\u00edan desde gratuitas hasta premium.","breadcrumb":{"@id":"https:\/\/elfsight.com\/es\/linkedin-reviews-widget\/pricing\/#breadcrumb"},"inLanguage":"es","potentialAction":[{"@type":"ReadAction","target":["https:\/\/elfsight.com\/es\/linkedin-reviews-widget\/pricing\/"]}]},{"@type":"BreadcrumbList","@id":"https:\/\/elfsight.com\/es\/linkedin-reviews-widget\/pricing\/#breadcrumb","itemListElement":[{"@type":"ListItem","position":1,"name":"Home","item":"https:\/\/elfsight.com\/es\/"},{"@type":"ListItem","position":2,"name":"LinkedIn Recommendations &#8211; Pricing"}]},{"@type":"WebSite","@id":"https:\/\/elfsight.com\/es\/#website","url":"https:\/\/elfsight.com\/es\/","name":"Elfsight ES","description":"Just another Elfsight Sites site","potentialAction":[{"@type":"SearchAction","target":{"@type":"EntryPoint","urlTemplate":"https:\/\/elfsight.com\/es\/?s={search_term_string}"},"query-input":{"@type":"PropertyValueSpecification","valueRequired":true,"valueName":"search_term_string"}}],"inLanguage":"es"}]}},"meta_box":{"industry":"","seo_heading":"","heading":"","description":"","cta_heading":"","cta_description":"","application":"","h1":"","h1_caption":"","application_category":[],"applications_title":"","applications_request_title":"","applications_request_button_text":"","hero_text":"","hero_video":"","hero_video_schema_markup":"","selling_points_title":"","selling_points_caption":"","selling_points":[],"selling_points_cta_text":"","features_title":"","features":"","ed_cta_examples_text":"","ed_cta_examples_hidden":"","ed_cta_demo_text":"","ed_cta_demo_hidden":"","why_caption":"","why_editor_title":"","why_editor_text":"","why_team_title":"","why_team_text":"","why_service_title":"","why_service_text":"","template_catalog_visible":"","template_catalog_title":"","template_catalog_text":"","template_catalog_categories_visible":"","demo_title":"","demo_caption":"","default_faq_hidden":"","app_template_category":[],"platform":"","template_public_id":"","codecanyon_url":"","codecanyon_item_id":"","codecanyon_price":"","pricing_caption":"","pricing_elfsight_apps_hide_column":"","pricing_elfsight_apps_url":"","pricing_codecanyon_price_caption":"","integration_category":[],"integration_request_title":"","integration_request_cta":"","integration_platform":"","integrations":[],"platform_category":[],"video_schema_markup":"","price":"","trial":"","benefits":[],"button_url":"","button_target_blank":"","button_nofollow":"","attributes":[],"tags":[],"tags_disable_links":"","hide_more_platforms":"","video_object":"","demo_hide_cta":"","demo_hide_cloud_options":"","pricing_title":"","pricing":[],"related_apps_title":"","related_apps_hidden":"","author":"","image":[],"title":"","job":"","social_networks":[]},"_links":{"self":[{"href":"https:\/\/elfsight.com\/es\/wp-json\/wp\/v2\/pages\/17049","targetHints":{"allow":["GET"]}}],"collection":[{"href":"https:\/\/elfsight.com\/es\/wp-json\/wp\/v2\/pages"}],"about":[{"href":"https:\/\/elfsight.com\/es\/wp-json\/wp\/v2\/types\/page"}],"author":[{"embeddable":true,"href":"https:\/\/elfsight.com\/es\/wp-json\/wp\/v2\/users\/9"}],"replies":[{"embeddable":true,"href":"https:\/\/elfsight.com\/es\/wp-json\/wp\/v2\/comments?post=17049"}],"version-history":[{"count":1,"href":"https:\/\/elfsight.com\/es\/wp-json\/wp\/v2\/pages\/17049\/revisions"}],"predecessor-version":[{"id":17053,"href":"https:\/\/elfsight.com\/es\/wp-json\/wp\/v2\/pages\/17049\/revisions\/17053"}],"up":[{"embeddable":true,"href":"https:\/\/elfsight.com\/es\/wp-json\/wp\/v2\/pages\/17027"}],"wp:attachment":[{"href":"https:\/\/elfsight.com\/es\/wp-json\/wp\/v2\/media?parent=17049"}],"curies":[{"name":"wp","href":"https:\/\/api.w.org\/{rel}","templated":true}]}}