{"id":16065,"date":"2024-09-05T10:59:50","date_gmt":"2024-09-05T10:59:50","guid":{"rendered":"https:\/\/elfsight.com\/es\/?page_id=16065"},"modified":"2024-09-05T10:59:52","modified_gmt":"2024-09-05T10:59:52","slug":"examples","status":"publish","type":"page","link":"https:\/\/elfsight.com\/es\/linkedin-feed-widget\/examples\/","title":{"rendered":"LinkedIn Feed &#8211; Examples"},"content":{"rendered":"\n<p>Veamos varias ideas sobre c\u00f3mo puedes <a href=\"https:\/\/elfsight.com\/blog\/how-to-embed-linkedin-feed-on-any-website\/\" target=\"_blank\" rel=\"noreferrer noopener\">mostrar tus publicaciones<\/a> con el widget. Explora estos ejemplos para elegir el dise\u00f1o que te ayudar\u00e1 con las tareas actuales de tu negocio.<\/p>\n\n\n\n<div class=\"application-examples-item application-examples-item-loading\">\n                            <div class=\"col-row\">\n                                <div class=\"col-6 col-m-8 col-s-12\"><h3 class=\"application-examples-item-title\">Ejemplo 1: Carrusel<\/h3><div class=\"application-examples-item-description\">Muestra tus publicaciones de LinkedIn en un elegante formato de carrusel que se desplaza con un toque del bot\u00f3n de flecha. El feed est\u00e1 completamente optimizado para cualquier dispositivo y promete ser altamente responsivo con navegaci\u00f3n din\u00e1mica.<\/div><\/div>\n                <\/div>\n\n                <div class=\"application-examples-item-iframe-container browser-frame\">\n                    <div class=\"application-examples-item-iframe-wrapper\">\n                        <iframe class=\"application-examples-item-iframe application-examples-item-iframe-fixed-height\" data-src=\"https:\/\/widget-d244be276704455896491a3f0ca3e413.elfsig.ht?padding=40\" width=\"100%\" height=\"550\" allow=\"autoplay; fullscreen\"><\/iframe>\n                    <\/div>\n\n                    <div class=\"application-examples-item-loader\"><\/div>\n                <\/div>\n            <\/div>\n\n<div class=\"application-examples-item application-examples-item-loading\">\n                            <div class=\"col-row\">\n                                <div class=\"col-6 col-m-8 col-s-12\"><h3 class=\"application-examples-item-title\">Ejemplo 2: Mosaico<\/h3><div class=\"application-examples-item-description\">Esta plantilla presenta el contenido de LinkedIn con una estructura moderna organizando las publicaciones en una cuadr\u00edcula estilo mosaico; cada una de ellas se adapta perfectamente al espacio disponible en tu \u00e1rea de contenido. Dale a tu sitio web un aspecto fresco y contempor\u00e1neo con un atractivo asim\u00e9trico.<\/div><\/div>\n                <\/div>\n\n                <div class=\"application-examples-item-iframe-container browser-frame\">\n                    <div class=\"application-examples-item-iframe-wrapper\">\n                        <iframe class=\"application-examples-item-iframe application-examples-item-iframe-fixed-height\" data-src=\"https:\/\/widget-2505684abc6f440788837432b3d0956c.elfsig.ht?padding=40\" width=\"100%\" height=\"800\" allow=\"autoplay; fullscreen\"><\/iframe>\n                    <\/div>\n\n                    <div class=\"application-examples-item-loader\"><\/div>\n                <\/div>\n            <\/div>\n\n<div class=\"application-examples-item application-examples-item-loading\">\n                            <div class=\"col-row\">\n                                <div class=\"col-6 col-m-8 col-s-12\"><h3 class=\"application-examples-item-title\">Ejemplo 3: L\u00ednea de tiempo<\/h3><div class=\"application-examples-item-description\">Con su dise\u00f1o cronol\u00f3gico, esta plantilla permite a los usuarios del sitio desplazarse por tu contenido anterior de LinkedIn, ofreci\u00e9ndoles una vista completa de tu trayectoria profesional. Cada publicaci\u00f3n en el feed muestra una descripci\u00f3n detallada, multimedia y botones de CTA.<\/div><\/div>\n                <\/div>\n\n                <div class=\"application-examples-item-iframe-container browser-frame\">\n                    <div class=\"application-examples-item-iframe-wrapper\">\n                        <iframe class=\"application-examples-item-iframe application-examples-item-iframe-fixed-height\" data-src=\"https:\/\/widget-a72e4733b0c444febbff80efd569587e.elfsig.ht?padding=40\" width=\"100%\" height=\"800\" allow=\"autoplay; fullscreen\"><\/iframe>\n                    <\/div>\n\n                    <div class=\"application-examples-item-loader\"><\/div>\n                <\/div>\n            <\/div>\n\n<div class=\"application-examples-item application-examples-item-loading\">\n                            <div class=\"col-row\">\n                                <div class=\"col-6 col-m-8 col-s-12\"><h3 class=\"application-examples-item-title\">Ejemplo 4: Cuadr\u00edcula<\/h3><div class=\"application-examples-item-description\">Limpio, organizado y visualmente atractivo, as\u00ed es la plantilla Cuadr\u00edcula. Muestra tu contenido de LinkedIn en un dise\u00f1o de cuadr\u00edcula ordenado, selecciona el n\u00famero de columnas y filas, y destaca el bot\u00f3n de Cargar m\u00e1s con un color brillante.<\/div><\/div>\n                <\/div>\n\n                <div class=\"application-examples-item-iframe-container browser-frame\">\n                    <div class=\"application-examples-item-iframe-wrapper\">\n                        <iframe class=\"application-examples-item-iframe application-examples-item-iframe-fixed-height\" data-src=\"https:\/\/widget-87a1123df0d6404f917cce769927a12f.elfsig.ht?padding=40\" width=\"100%\" height=\"800\" allow=\"autoplay; fullscreen\"><\/iframe>\n                    <\/div>\n\n                    <div class=\"application-examples-item-loader\"><\/div>\n                <\/div>\n            <\/div>\n\n<div class=\"application-cta-create\">\n                    <div class=\"application-cta-create-bg\">\n                        <div class=\"application-cta-create-bg-left\"><\/div>\n\n                        <div class=\"application-cta-create-bg-right\">\n                            <img decoding=\"async\" src=\"https:\/\/elfsight.com\/es\/wp-content\/themes\/elfsight\/frontend\/assets\/img\/application-cta-create.jpg\" alt=\"Comience a crear su widget\">\n                        <\/div>\n                    <\/div>\n\n                    <div class=\"application-cta-create-content inner\">\n                        <div class=\"application-cta-create-content-inner\">\n                            <div class=\"application-cta-create-content-icon\">\n                                <svg viewBox=\"0 0 25 25\" width=\"100%\" height=\"100%\">\n                                    <use xlink:href=\"#icon-settings\"><\/use>\n                                <\/svg>\n                            <\/div>\n\n                            <div class=\"application-cta-create-content-title\">Comience a crear su widget<\/div>\n\n                            <div class=\"application-cta-create-content-text\">R\u00e1pido. F\u00e1cil. Sin c\u00f3digo.<\/div>\n\n                            <a class=\"application-cta-create-content-button button-48 button-has-right-icon button-black button\" href=\"\">\n                                <span class=\"button-label\">Crear un widget<\/span>\n\n                                <svg class=\"button-icon\">\n                                    <use xlink:href=\"#icon-arrow-link\"><\/use>\n                                <\/svg>\n                            <\/a>\n                        <\/div>\n                    <\/div>\n                <\/div>\n\n<div class=\"application-examples-item application-examples-item-loading\">\n                            <div class=\"col-row\">\n                                <div class=\"col-6 col-m-8 col-s-12\"><h3 class=\"application-examples-item-title\">Ejemplo 5: Deslizador<\/h3><div class=\"application-examples-item-description\">Muestra una publicaci\u00f3n a la vez para captar toda la atenci\u00f3n necesaria y lograr mayor interacci\u00f3n. Incluye no solo detalles de la publicaci\u00f3n, sino tambi\u00e9n videos e im\u00e1genes. Y a pesar de su tama\u00f1o compacto, a\u00fan puedes aportar elegancia e interactividad a tu sitio web.<\/div><\/div>\n                <\/div>\n\n                <div class=\"application-examples-item-iframe-container browser-frame\">\n                    <div class=\"application-examples-item-iframe-wrapper\">\n                        <iframe class=\"application-examples-item-iframe application-examples-item-iframe-fixed-height\" data-src=\"https:\/\/widget-bb6a5086cb2c4d6e924effa474493920.elfsig.ht?padding=40\" width=\"100%\" height=\"600\" allow=\"autoplay; fullscreen\"><\/iframe>\n                    <\/div>\n\n                    <div class=\"application-examples-item-loader\"><\/div>\n                <\/div>\n            <\/div>\n\n<div class=\"application-examples-item application-examples-item-loading\">\n                            <div class=\"col-row\">\n                                <div class=\"col-6 col-m-8 col-s-12\"><h3 class=\"application-examples-item-title\">Ejemplo 6: Widget peque\u00f1o<\/h3><div class=\"application-examples-item-description\">A pesar de su peque\u00f1o tama\u00f1o y dise\u00f1o minimalista, esta plantilla te permite mostrar tus publicaciones de LinkedIn en un formato condensado, lo que la hace ideal para barras laterales, pies de p\u00e1gina o cualquier espacio limitado en tu sitio web. Sigue siendo funcional y visualmente atractivo, con descripci\u00f3n, elementos visuales y botones de compartir y me gusta.<\/div><\/div>\n                <\/div>\n\n                <div class=\"application-examples-item-iframe-container browser-frame\">\n                    <div class=\"application-examples-item-iframe-wrapper\">\n                        <iframe class=\"application-examples-item-iframe application-examples-item-iframe-fixed-height\" data-src=\"https:\/\/widget-ec95070134a8422dadfce1eeee641d60.elfsig.ht?padding=40\" width=\"100%\" height=\"600\" allow=\"autoplay; fullscreen\"><\/iframe>\n                    <\/div>\n\n                    <div class=\"application-examples-item-loader\"><\/div>\n                <\/div>\n            <\/div>\n","protected":false},"excerpt":{"rendered":"Veamos varias ideas sobre c\u00f3mo puedes mostrar tus publicaciones con el widget. Explora estos ejemplos para elegir el dise\u00f1o que te ayudar\u00e1 con las tareas actuales de tu negocio.","protected":false},"author":9,"featured_media":0,"parent":4902,"menu_order":0,"comment_status":"closed","ping_status":"closed","template":"templates\/template-application-examples.php","meta":{"publish_to_discourse":"","publish_post_category":"","wpdc_auto_publish_overridden":"","wpdc_topic_tags":"","wpdc_pin_topic":"","wpdc_pin_until":"","discourse_post_id":"","discourse_permalink":"","wpdc_publishing_response":"","wpdc_publishing_error":"","footnotes":""},"class_list":["post-16065","page","type-page","status-publish","hentry"],"yoast_head":"<!-- This site is optimized with the Yoast SEO plugin v25.3.1 - https:\/\/yoast.com\/wordpress\/plugins\/seo\/ -->\n<title>Los mejores ejemplos de widgets de Feed de LinkedIn para tu sitio web<\/title>\n<meta name=\"description\" content=\"Los 6 mejores ejemplos de Feed de LinkedIn: Carrusel, Mosaico, L\u00ednea de tiempo, Cuadr\u00edcula, Deslizador y Widget peque\u00f1o. Integraci\u00f3n sin necesidad de codificaci\u00f3n. \u00a1Pru\u00e9balos hoy mismo!\" \/>\n<meta name=\"robots\" content=\"index, follow, max-snippet:-1, max-image-preview:large, max-video-preview:-1\" \/>\n<link rel=\"canonical\" href=\"https:\/\/elfsight.com\/es\/linkedin-feed-widget\/examples\/\" \/>\n<meta property=\"og:locale\" content=\"es_ES\" \/>\n<meta property=\"og:type\" content=\"article\" \/>\n<meta property=\"og:title\" content=\"Los mejores ejemplos de widgets de Feed de LinkedIn para tu sitio web\" \/>\n<meta property=\"og:description\" content=\"Los 6 mejores ejemplos de Feed de LinkedIn: Carrusel, Mosaico, L\u00ednea de tiempo, Cuadr\u00edcula, Deslizador y Widget peque\u00f1o. Integraci\u00f3n sin necesidad de codificaci\u00f3n. \u00a1Pru\u00e9balos hoy mismo!\" \/>\n<meta property=\"og:url\" content=\"https:\/\/elfsight.com\/es\/linkedin-feed-widget\/examples\/\" \/>\n<meta property=\"og:site_name\" content=\"Elfsight ES\" \/>\n<meta property=\"article:modified_time\" content=\"2024-09-05T10:59:52+00:00\" \/>\n<meta name=\"twitter:card\" content=\"summary_large_image\" \/>\n<meta name=\"twitter:label1\" content=\"Tiempo de lectura\" \/>\n\t<meta name=\"twitter:data1\" content=\"2 minutos\" \/>\n<!-- \/ Yoast SEO plugin. -->","yoast_head_json":{"title":"Los mejores ejemplos de widgets de Feed de LinkedIn para tu sitio web","description":"Los 6 mejores ejemplos de Feed de LinkedIn: Carrusel, Mosaico, L\u00ednea de tiempo, Cuadr\u00edcula, Deslizador y Widget peque\u00f1o. Integraci\u00f3n sin necesidad de codificaci\u00f3n. \u00a1Pru\u00e9balos hoy mismo!","robots":{"index":"index","follow":"follow","max-snippet":"max-snippet:-1","max-image-preview":"max-image-preview:large","max-video-preview":"max-video-preview:-1"},"canonical":"https:\/\/elfsight.com\/es\/linkedin-feed-widget\/examples\/","og_locale":"es_ES","og_type":"article","og_title":"Los mejores ejemplos de widgets de Feed de LinkedIn para tu sitio web","og_description":"Los 6 mejores ejemplos de Feed de LinkedIn: Carrusel, Mosaico, L\u00ednea de tiempo, Cuadr\u00edcula, Deslizador y Widget peque\u00f1o. Integraci\u00f3n sin necesidad de codificaci\u00f3n. \u00a1Pru\u00e9balos hoy mismo!","og_url":"https:\/\/elfsight.com\/es\/linkedin-feed-widget\/examples\/","og_site_name":"Elfsight ES","article_modified_time":"2024-09-05T10:59:52+00:00","twitter_card":"summary_large_image","twitter_misc":{"Tiempo de lectura":"2 minutos"},"schema":{"@context":"https:\/\/schema.org","@graph":[{"@type":"WebPage","@id":"https:\/\/elfsight.com\/es\/linkedin-feed-widget\/examples\/","url":"https:\/\/elfsight.com\/es\/linkedin-feed-widget\/examples\/","name":"Los mejores ejemplos de widgets de Feed de LinkedIn para tu sitio web","isPartOf":{"@id":"https:\/\/elfsight.com\/es\/#website"},"datePublished":"2024-09-05T10:59:50+00:00","dateModified":"2024-09-05T10:59:52+00:00","description":"Los 6 mejores ejemplos de Feed de LinkedIn: Carrusel, Mosaico, L\u00ednea de tiempo, Cuadr\u00edcula, Deslizador y Widget peque\u00f1o. Integraci\u00f3n sin necesidad de codificaci\u00f3n. \u00a1Pru\u00e9balos hoy mismo!","breadcrumb":{"@id":"https:\/\/elfsight.com\/es\/linkedin-feed-widget\/examples\/#breadcrumb"},"inLanguage":"es","potentialAction":[{"@type":"ReadAction","target":["https:\/\/elfsight.com\/es\/linkedin-feed-widget\/examples\/"]}]},{"@type":"BreadcrumbList","@id":"https:\/\/elfsight.com\/es\/linkedin-feed-widget\/examples\/#breadcrumb","itemListElement":[{"@type":"ListItem","position":1,"name":"Home","item":"https:\/\/elfsight.com\/es\/"},{"@type":"ListItem","position":2,"name":"LinkedIn Feed","item":"https:\/\/elfsight.com\/es\/linkedin-feed-widget\/"},{"@type":"ListItem","position":3,"name":"LinkedIn Feed &#8211; Examples"}]},{"@type":"WebSite","@id":"https:\/\/elfsight.com\/es\/#website","url":"https:\/\/elfsight.com\/es\/","name":"Elfsight ES","description":"Just another Elfsight Sites site","potentialAction":[{"@type":"SearchAction","target":{"@type":"EntryPoint","urlTemplate":"https:\/\/elfsight.com\/es\/?s={search_term_string}"},"query-input":{"@type":"PropertyValueSpecification","valueRequired":true,"valueName":"search_term_string"}}],"inLanguage":"es"}]}},"meta_box":{"industry":"","seo_heading":"","heading":"","description":"","cta_heading":"","cta_description":"","application":"4887","h1":"Ejemplos de Feed de LinkedIn","h1_caption":"Consulta los ejemplos de Feed de LinkedIn para descubrir todo el potencial del widget. Aseg\u00farate de que se ajuste a cualquiera de tus objetivos.","application_category":[],"applications_title":"","applications_request_title":"","applications_request_button_text":"","hero_text":"","hero_video":"","hero_video_schema_markup":"","selling_points_title":"","selling_points_caption":"","selling_points":[],"selling_points_cta_text":"","features_title":"","features":"","ed_cta_examples_text":"","ed_cta_examples_hidden":"","ed_cta_demo_text":"","ed_cta_demo_hidden":"","why_caption":"","why_editor_title":"","why_editor_text":"","why_team_title":"","why_team_text":"","why_service_title":"","why_service_text":"","template_catalog_visible":"","template_catalog_title":"","template_catalog_text":"","template_catalog_categories_visible":"","demo_title":"","demo_caption":"","default_faq_hidden":"","app_template_category":[],"platform":"","template_public_id":"","codecanyon_url":"","codecanyon_item_id":"","codecanyon_price":"","pricing_caption":"","pricing_elfsight_apps_hide_column":"","pricing_elfsight_apps_url":"","pricing_codecanyon_price_caption":"","integration_category":[],"integration_request_title":"","integration_request_cta":"","integration_platform":"","integrations":[],"platform_category":[],"video_schema_markup":"","price":"","trial":"","benefits":[],"button_url":"","button_target_blank":"","button_nofollow":"","attributes":[],"tags":[],"tags_disable_links":"","hide_more_platforms":"","video_object":"","demo_hide_cta":"","demo_hide_cloud_options":"","pricing_title":"","pricing":[],"related_apps_title":"","related_apps_hidden":"","author":"","image":[],"title":"","job":"","social_networks":[]},"_links":{"self":[{"href":"https:\/\/elfsight.com\/es\/wp-json\/wp\/v2\/pages\/16065","targetHints":{"allow":["GET"]}}],"collection":[{"href":"https:\/\/elfsight.com\/es\/wp-json\/wp\/v2\/pages"}],"about":[{"href":"https:\/\/elfsight.com\/es\/wp-json\/wp\/v2\/types\/page"}],"author":[{"embeddable":true,"href":"https:\/\/elfsight.com\/es\/wp-json\/wp\/v2\/users\/9"}],"replies":[{"embeddable":true,"href":"https:\/\/elfsight.com\/es\/wp-json\/wp\/v2\/comments?post=16065"}],"version-history":[{"count":1,"href":"https:\/\/elfsight.com\/es\/wp-json\/wp\/v2\/pages\/16065\/revisions"}],"predecessor-version":[{"id":16066,"href":"https:\/\/elfsight.com\/es\/wp-json\/wp\/v2\/pages\/16065\/revisions\/16066"}],"up":[{"embeddable":true,"href":"https:\/\/elfsight.com\/es\/wp-json\/wp\/v2\/pages\/4902"}],"wp:attachment":[{"href":"https:\/\/elfsight.com\/es\/wp-json\/wp\/v2\/media?parent=16065"}],"curies":[{"name":"wp","href":"https:\/\/api.w.org\/{rel}","templated":true}]}}