{"id":15994,"date":"2024-05-29T13:00:12","date_gmt":"2024-05-29T13:00:12","guid":{"rendered":"https:\/\/elfsight.com\/es\/?page_id=15994"},"modified":"2024-07-15T13:01:59","modified_gmt":"2024-07-15T13:01:59","slug":"orocommerce-extensions","status":"publish","type":"page","link":"https:\/\/elfsight.com\/es\/orocommerce-extensions\/","title":{"rendered":"OroCommerce Extensions"},"content":{"rendered":"<h2>Las herramientas m\u00e1s efectivas para mejorar tu sitio web OroCommerce<\/h2><p>Durante varios a\u00f1os, nuestro equipo de desarrolladores de Elfsight lanza extensiones f\u00e1ciles de usar y flexibles para ti. Nuestro equipo siempre te garantiza una ayuda r\u00e1pida y una alta velocidad de carga. Las extensiones de Elfsight ayudan a muchos propietarios de tiendas en l\u00ednea, organizaciones sin fines de lucro y otros propietarios de sitios web en todo el mundo a resolver los problemas principales del sitio web de manera m\u00e1s eficiente.<\/p><p>Simplemente instalando extensiones en tu sitio web puedes aumentar las ventas, demostrar opiniones positivas sobre tus productos y aumentar la credibilidad de los usuarios hacia tu negocio. Los planes de suscripci\u00f3n var\u00edan desde gratuitos hasta empresariales. Comienza a aplicar cualquier extensi\u00f3n deseada en tu sitio web, usando nuestra demostraci\u00f3n en l\u00ednea y define cu\u00e1nto ser\u00e1 importante en t\u00e9rminos de optimizaci\u00f3n de tu sitio web empresarial.<\/p><h2>\u00bfPor qu\u00e9 nuestras extensiones para OroCommerce son la soluci\u00f3n perfecta para tu sitio web?<\/h2><p>Descubre una lista de caracter\u00edsticas clave de nuestras extensiones, que nos garantizan estar por delante de nuestros competidores:<\/p><ul><li>Respuesta gratuita y r\u00e1pida con la instalaci\u00f3n o personalizaci\u00f3n de extensiones;<\/li><li>Totalmente responsive a todas las resoluciones de pantalla;<\/li><li>No necesitas codificar;<\/li><li>Gran variedad de configuraciones de dise\u00f1o;<\/li><li>El almacenamiento de datos en la nube permite aumentar la velocidad de carga;<\/li><li>Todas las futuras actualizaciones son gratuitas y se realizan regularmente;<\/li><li>Rango de precios flexible;<\/li><li>Ayuda de por vida para cualquier problema de los clientes.<\/li><\/ul><p>Prueba una versi\u00f3n gratuita de nuestras extensiones y eval\u00faa sus caracter\u00edsticas o compra cualquier soluci\u00f3n deseada con un descuento del 20%.<\/p><h2>C\u00f3mo agregar tus extensiones en el sitio web OroCommerce<\/h2><p>Para incrustar nuestras extensiones, consulta todos los pasos en la instrucci\u00f3n detallada:<\/p><ol><li>Selecciona la extensi\u00f3n necesaria;<\/li><li>Especifica algunas configuraciones requeridas para ti mismo;<\/li><li>Guarda los cambios;<\/li><li>Obt\u00e9n el c\u00f3digo obtenido;<\/li><li>Agrega el c\u00f3digo en el lugar requerido de tu sitio web o plantilla;<\/li><li>La instalaci\u00f3n de la extensi\u00f3n est\u00e1 completamente terminada.<\/li><\/ol><p>En caso de que tengas alguna pregunta, no dudes en contactar a nuestro equipo de soporte.<\/p><div class=\"faq\" data-component=\"FAQ\"><div class=\"faq-item\">\r\n\t\t\t\t\t<div class=\"faq-item-question\">\r\n\t\t\t\t\t\t<h3 class=\"faq-item-question-text\">\u00bfC\u00f3mo puedo agregar las extensiones en mi tema OroCommerce?<\/h3>\r\n\r\n\t\t\t\t\t\t<div class=\"faq-item-question-icon\"><\/div>\r\n\t\t\t\t\t<\/div>\r\n\r\n\t\t\t\t\t<div class=\"faq-item-answer\">\r\n\t\t\t\t\t\t<div class=\"faq-item-answer-text\"><p>Puedes agregar las extensiones a la plantilla de tu sitio web. Simplemente ve al panel de administraci\u00f3n y realiza las siguientes acciones:<\/p><ol><li>Haz clic en configuraci\u00f3n del tema;<\/li><li>Encuentra el elemento donde deseas insertar la extensi\u00f3n;<\/li><li>Agrega el c\u00f3digo del servicio Elfsight Apps y guarda los cambios.<\/li><p>Listo.<\/p><\/div>\r\n\t\t\t\t\t<\/div>\r\n\t\t\t\t<\/div><div class=\"faq-item\">\r\n\t\t\t\t\t<div class=\"faq-item-question\">\r\n\t\t\t\t\t\t<h3 class=\"faq-item-question-text\">\u00bfQu\u00e9 versiones y plantillas de OroCommerce se pueden integrar con sus extensiones?<\/h3>\r\n\r\n\t\t\t\t\t\t<div class=\"faq-item-question-icon\"><\/div>\r\n\t\t\t\t\t<\/div>\r\n\r\n\t\t\t\t\t<div class=\"faq-item-answer\">\r\n\t\t\t\t\t\t<div class=\"faq-item-answer-text\">Nuestras herramientas son compatibles con cualquier versi\u00f3n de plantillas del sitio web OroCommerce. Puedes estar seguro del funcionamiento estable de todas las herramientas.<\/div>\r\n\t\t\t\t\t<\/div>\r\n\t\t\t\t<\/div><div class=\"faq-item\">\r\n\t\t\t\t\t<div class=\"faq-item-question\">\r\n\t\t\t\t\t\t<h3 class=\"faq-item-question-text\">\u00bfD\u00f3nde puedo editar mis extensiones?<\/h3>\r\n\r\n\t\t\t\t\t\t<div class=\"faq-item-question-icon\"><\/div>\r\n\t\t\t\t\t<\/div>\r\n\r\n\t\t\t\t\t<div class=\"faq-item-answer\">\r\n\t\t\t\t\t\t<div class=\"faq-item-answer-text\">Todos nuestros clientes pueden hacer todos los cambios necesarios en la configuraci\u00f3n en el pr\u00e1ctico editor de Elfsight.<\/div>\r\n\t\t\t\t\t<\/div>\r\n\t\t\t\t<\/div><div class=\"faq-item\">\r\n\t\t\t\t\t<div class=\"faq-item-question\">\r\n\t\t\t\t\t\t<h3 class=\"faq-item-question-text\">\u00bfPodr\u00eda contactar al equipo de soporte si tengo un plan gratuito?<\/h3>\r\n\r\n\t\t\t\t\t\t<div class=\"faq-item-question-icon\"><\/div>\r\n\t\t\t\t\t<\/div>\r\n\r\n\t\t\t\t\t<div class=\"faq-item-answer\">\r\n\t\t\t\t\t\t<div class=\"faq-item-answer-text\"><p>Todos nuestros usuarios pueden contactar a nuestro amigable equipo de soporte para hacer sus preguntas sobre el funcionamiento de nuestras soluciones.<\/p><\/div>\r\n\t\t\t\t\t<\/div>\r\n\t\t\t\t<\/div><\/div>","protected":false},"excerpt":{"rendered":"Las herramientas m\u00e1s efectivas para mejorar tu sitio web OroCommerceDurante varios a\u00f1os, nuestro equipo de desarrolladores de Elfsight lanza extensiones f\u00e1ciles de usar y flexibles para ti. Nuestro equipo siempre te garantiza una ayuda r\u00e1pida y una alta velocidad de carga. Las extensiones de Elfsight ayudan a muchos propietarios de&#8230;","protected":false},"author":9,"featured_media":0,"parent":0,"menu_order":0,"comment_status":"closed","ping_status":"closed","template":"templates\/template-platform.php","meta":{"publish_to_discourse":"","publish_post_category":"","wpdc_auto_publish_overridden":"","wpdc_topic_tags":"","wpdc_pin_topic":"","wpdc_pin_until":"","discourse_post_id":"","discourse_permalink":"","wpdc_publishing_response":"","wpdc_publishing_error":"","footnotes":""},"class_list":["post-15994","page","type-page","status-publish","hentry"],"yoast_head":"<!-- This site is optimized with the Yoast SEO plugin v25.3.1 - https:\/\/yoast.com\/wordpress\/plugins\/seo\/ -->\n<title>OroCommerce - Una de las mejores soluciones para el sitio de OroCommerce<\/title>\n<meta name=\"description\" content=\"Surtido gratuito de extensiones y aplicaciones confiables y gratuitas para sitios web de OroCommerce. Ayuda con la personalizaci\u00f3n y amplia funcionalidad.\" \/>\n<meta name=\"robots\" content=\"index, follow, max-snippet:-1, max-image-preview:large, max-video-preview:-1\" \/>\n<link rel=\"canonical\" href=\"https:\/\/elfsight.com\/es\/orocommerce-extensions\/\" \/>\n<meta property=\"og:locale\" content=\"es_ES\" \/>\n<meta property=\"og:type\" content=\"article\" \/>\n<meta property=\"og:title\" content=\"OroCommerce - Una de las mejores soluciones para el sitio de OroCommerce\" \/>\n<meta property=\"og:description\" content=\"Surtido gratuito de extensiones y aplicaciones confiables y gratuitas para sitios web de OroCommerce. Ayuda con la personalizaci\u00f3n y amplia funcionalidad.\" \/>\n<meta property=\"og:url\" content=\"https:\/\/elfsight.com\/es\/orocommerce-extensions\/\" \/>\n<meta property=\"og:site_name\" content=\"Elfsight ES\" \/>\n<meta property=\"article:modified_time\" content=\"2024-07-15T13:01:59+00:00\" \/>\n<meta name=\"twitter:card\" content=\"summary_large_image\" \/>\n<meta name=\"twitter:label1\" content=\"Tiempo de lectura\" \/>\n\t<meta name=\"twitter:data1\" content=\"3 minutos\" \/>\n<!-- \/ Yoast SEO plugin. -->","yoast_head_json":{"title":"OroCommerce - Una de las mejores soluciones para el sitio de OroCommerce","description":"Surtido gratuito de extensiones y aplicaciones confiables y gratuitas para sitios web de OroCommerce. Ayuda con la personalizaci\u00f3n y amplia funcionalidad.","robots":{"index":"index","follow":"follow","max-snippet":"max-snippet:-1","max-image-preview":"max-image-preview:large","max-video-preview":"max-video-preview:-1"},"canonical":"https:\/\/elfsight.com\/es\/orocommerce-extensions\/","og_locale":"es_ES","og_type":"article","og_title":"OroCommerce - Una de las mejores soluciones para el sitio de OroCommerce","og_description":"Surtido gratuito de extensiones y aplicaciones confiables y gratuitas para sitios web de OroCommerce. Ayuda con la personalizaci\u00f3n y amplia funcionalidad.","og_url":"https:\/\/elfsight.com\/es\/orocommerce-extensions\/","og_site_name":"Elfsight ES","article_modified_time":"2024-07-15T13:01:59+00:00","twitter_card":"summary_large_image","twitter_misc":{"Tiempo de lectura":"3 minutos"},"schema":{"@context":"https:\/\/schema.org","@graph":[{"@type":"WebPage","@id":"https:\/\/elfsight.com\/es\/orocommerce-extensions\/","url":"https:\/\/elfsight.com\/es\/orocommerce-extensions\/","name":"OroCommerce - Una de las mejores soluciones para el sitio de OroCommerce","isPartOf":{"@id":"https:\/\/elfsight.com\/es\/#website"},"datePublished":"2024-05-29T13:00:12+00:00","dateModified":"2024-07-15T13:01:59+00:00","description":"Surtido gratuito de extensiones y aplicaciones confiables y gratuitas para sitios web de OroCommerce. Ayuda con la personalizaci\u00f3n y amplia funcionalidad.","breadcrumb":{"@id":"https:\/\/elfsight.com\/es\/orocommerce-extensions\/#breadcrumb"},"inLanguage":"es","potentialAction":[{"@type":"ReadAction","target":["https:\/\/elfsight.com\/es\/orocommerce-extensions\/"]}]},{"@type":"BreadcrumbList","@id":"https:\/\/elfsight.com\/es\/orocommerce-extensions\/#breadcrumb","itemListElement":[{"@type":"ListItem","position":1,"name":"Home","item":"https:\/\/elfsight.com\/es\/"},{"@type":"ListItem","position":2,"name":"OroCommerce Extensions"}]},{"@type":"WebSite","@id":"https:\/\/elfsight.com\/es\/#website","url":"https:\/\/elfsight.com\/es\/","name":"Elfsight ES","description":"Just another Elfsight Sites site","potentialAction":[{"@type":"SearchAction","target":{"@type":"EntryPoint","urlTemplate":"https:\/\/elfsight.com\/es\/?s={search_term_string}"},"query-input":{"@type":"PropertyValueSpecification","valueRequired":true,"valueName":"search_term_string"}}],"inLanguage":"es"}]}},"meta_box":{"industry":"","seo_heading":"","heading":"","description":"","cta_heading":"","cta_description":"","application":"","h1":"Las mejores aplicaciones de OroCommerce","h1_caption":"Colecci\u00f3n gratuita de excelentes extensiones con una gran variedad de funcionalidades para avanzar el inter\u00e9s del usuario y alcanzar todas las dem\u00e1s tareas comerciales. Configuraci\u00f3n f\u00e1cil de gestionar, una amplia gama de opciones de personalizaci\u00f3n y servicio al cliente continuo.","application_category":[],"applications_title":"Echa un vistazo al surtido completo de aplicaciones gratuitas para tu sitio web","applications_request_title":"\u00bfNo puedes encontrar la extensi\u00f3n adecuada?","applications_request_button_text":"Solicita una extensi\u00f3n","hero_text":"","hero_video":"","hero_video_schema_markup":"","selling_points_title":"","selling_points_caption":"","selling_points":[],"selling_points_cta_text":"","features_title":"","features":"","ed_cta_examples_text":"","ed_cta_examples_hidden":"","ed_cta_demo_text":"","ed_cta_demo_hidden":"","why_caption":"","why_editor_title":"","why_editor_text":"","why_team_title":"","why_team_text":"","why_service_title":"","why_service_text":"","template_catalog_visible":"","template_catalog_title":"","template_catalog_text":"","template_catalog_categories_visible":"","demo_title":"","demo_caption":"","default_faq_hidden":"","app_template_category":[],"platform":"15984","template_public_id":"","codecanyon_url":"","codecanyon_item_id":"","codecanyon_price":"","pricing_caption":"","pricing_elfsight_apps_hide_column":"","pricing_elfsight_apps_url":"","pricing_codecanyon_price_caption":"","integration_category":[],"integration_request_title":"","integration_request_cta":"","integration_platform":"","integrations":[],"platform_category":[],"video_schema_markup":"","price":"","trial":"","benefits":[],"button_url":"","button_target_blank":"","button_nofollow":"","attributes":[],"tags":[],"tags_disable_links":"","hide_more_platforms":"","video_object":"","demo_hide_cta":"","demo_hide_cloud_options":"","pricing_title":"","pricing":[],"related_apps_title":"","related_apps_hidden":"","author":"","image":[],"title":"","job":"","social_networks":[]},"_links":{"self":[{"href":"https:\/\/elfsight.com\/es\/wp-json\/wp\/v2\/pages\/15994","targetHints":{"allow":["GET"]}}],"collection":[{"href":"https:\/\/elfsight.com\/es\/wp-json\/wp\/v2\/pages"}],"about":[{"href":"https:\/\/elfsight.com\/es\/wp-json\/wp\/v2\/types\/page"}],"author":[{"embeddable":true,"href":"https:\/\/elfsight.com\/es\/wp-json\/wp\/v2\/users\/9"}],"replies":[{"embeddable":true,"href":"https:\/\/elfsight.com\/es\/wp-json\/wp\/v2\/comments?post=15994"}],"version-history":[{"count":1,"href":"https:\/\/elfsight.com\/es\/wp-json\/wp\/v2\/pages\/15994\/revisions"}],"predecessor-version":[{"id":15996,"href":"https:\/\/elfsight.com\/es\/wp-json\/wp\/v2\/pages\/15994\/revisions\/15996"}],"wp:attachment":[{"href":"https:\/\/elfsight.com\/es\/wp-json\/wp\/v2\/media?parent=15994"}],"curies":[{"name":"wp","href":"https:\/\/api.w.org\/{rel}","templated":true}]}}