{"id":15905,"date":"2024-05-03T06:30:22","date_gmt":"2024-05-03T06:30:22","guid":{"rendered":"https:\/\/elfsight.com\/es\/?page_id=15905"},"modified":"2025-02-06T15:03:00","modified_gmt":"2025-02-06T15:03:00","slug":"iframe","status":"publish","type":"page","link":"https:\/\/elfsight.com\/es\/before-and-after-slider-widget\/iframe\/","title":{"rendered":"Before and After Slider &#8211; iFrame"},"content":{"rendered":"<div class=\"application-platform-content-item-description application-platform-content-item\" id=\"description\" data-nav-section=\"description\"> <h2>Insertar Deslizador Antes y Despu\u00e9s en iFrame con el widget de Elfsight<\/h2> <p> El Deslizador Antes y Despu\u00e9s de Elfsight te permite crear im\u00e1genes promocionales impresionantes para tu sitio web. Los clientes pueden explorar todos los resultados que tus productos o servicios generan. Simplemente sube fotos de antes y despu\u00e9s al Deslizador Antes y Despu\u00e9s para iFrame y aparecer\u00e1n con un divisor que se puede mover para ver el cambio. Puedes crear pares de fotos ilimitados, cada uno con su propio subt\u00edtulo. La direcci\u00f3n del divisor puede ser horizontal o vertical, y puedes ajustar la mejor proporci\u00f3n de imagen. \u00a1Tus usuarios no podr\u00e1n evitar comprar, en cuanto vean el resultado real de tus ofertas! <\/p> <p><b>Con el deslizador antes y despu\u00e9s, ver\u00e1s un crecimiento s\u00f3lido en los negocios y m\u00e1s ventas.<\/b><\/p> <\/div> <div class=\"application-platform-content-item-features application-platform-content-item\" id=\"features\" data-nav-section=\"features\"> <h2>Estas son solo algunas de las poderosas caracter\u00edsticas del widget:<\/h2> <ul><li>Muestra pares ilimitados de fotos de Antes y Despu\u00e9s<\/li> <li>Agrega subt\u00edtulos con formato de texto a cada par<\/li><li>Dos dise\u00f1os: Lista y Carrusel<\/li><li>Movimiento horizontal o vertical del divisor<\/li><li>Clic y arrastre o simplemente pasa el rat\u00f3n para mover el divisor<\/li><li>Deslizar en dispositivos con pantalla t\u00e1ctil<\/li><\/ul><p><a href=\"#demo\">Puedes explorar todas las capacidades del widget en la demo aqu\u00ed mismo<\/a><\/p> <\/div> <div class=\"application-platform-content-item-installation application-platform-content-item\" id=\"installation\" data-nav-section=\"installation\"> <h2>\u00bfC\u00f3mo puedo agregar el Deslizador Antes y Despu\u00e9s a mi sitio iFrame?<\/h2> <p>Simplemente sigue las instrucciones a continuaci\u00f3n para agregar la herramienta.<\/p> <ol><li><b>Inicia nuestro editor gratuito y comienza a crear tu plugin \u00fanico.<\/b><br> Especifica la forma personalizada y los par\u00e1metros del plugin y aplica las modificaciones.<\/li>  <li><b>Recibe tu c\u00f3digo personal que aparece en la caja de Elfsight Apps<\/b><br> Despu\u00e9s de crear tu plugin, copia el c\u00f3digo personal que aparece en la caja emergente y gu\u00e1rdalo para su uso futuro.<\/li>  <li><b>Comienza a usar el widget en tu sitio iFrame<\/b><br> Pega el c\u00f3digo que guardaste previamente en tu sitio web y aplica las correcciones.<\/li>  <li><b>\u00a1La configuraci\u00f3n est\u00e1 completamente terminada!<\/b><br> Ve a tu sitio web para revisar el funcionamiento del widget.<\/li><\/ol> <p>Si tienes preguntas o encuentras alg\u00fan problema, no dudes en ponerte en contacto con nuestro servicio de atenci\u00f3n al cliente. Nuestros especialistas est\u00e1n deseosos de resolver todas las dificultades que puedas tener con el plugin.<\/p> <div class=\"faq\" data-component=\"FAQ\"><div class=\"faq-item\">\r\n\t\t\t\t\t<div class=\"faq-item-question\">\r\n\t\t\t\t\t\t<h3 class=\"faq-item-question-text\">\u00bfC\u00f3mo agregar un Deslizador Antes y Despu\u00e9s a mi sitio iFrame sin habilidades de programaci\u00f3n?<\/h3>\r\n\r\n\t\t\t\t\t\t<div class=\"faq-item-question-icon\"><\/div>\r\n\t\t\t\t\t<\/div>\r\n\r\n\t\t\t\t\t<div class=\"faq-item-answer\">\r\n\t\t\t\t\t\t<div class=\"faq-item-answer-text\"> <p>Elfsight ofrece una soluci\u00f3n SaaS que te permite crear un widget de Deslizador Antes y Despu\u00e9s por ti mismo, ve lo f\u00e1cil que es el proceso: Trabaja directamente en el Editor en l\u00ednea para crear el widget de Deslizador Antes y Despu\u00e9s que deseas ver en tu sitio iFrame. Elige una de las plantillas predise\u00f1adas y ajusta la configuraci\u00f3n del Deslizador Antes y Despu\u00e9s, agrega tu contenido, cambia el dise\u00f1o y los colores sin habilidades de programaci\u00f3n. Guarda el Deslizador Antes y Despu\u00e9s y copia su c\u00f3digo de instalaci\u00f3n, que puedes pegar f\u00e1cilmente en tu sitio iFrame sin necesidad de comprar una suscripci\u00f3n de pago. Con nuestro Editor intuitivo, cualquier usuario de Internet puede crear un widget de Deslizador Antes y Despu\u00e9s en l\u00ednea e integrarlo f\u00e1cilmente en su sitio iFrame. No es necesario pagar ni ingresar los datos de tu tarjeta para acceder al servicio. Si encuentras alg\u00fan problema en alg\u00fan paso, no dudes en ponerte en contacto con nuestro equipo de soporte t\u00e9cnico.<\/p> <\/div>\r\n\t\t\t\t\t<\/div>\r\n\t\t\t\t<\/div> <\/div><\/div>","protected":false},"excerpt":{"rendered":"","protected":false},"author":9,"featured_media":0,"parent":608,"menu_order":0,"comment_status":"closed","ping_status":"closed","template":"templates\/template-application-platform.php","meta":{"publish_to_discourse":"","publish_post_category":"","wpdc_auto_publish_overridden":"","wpdc_topic_tags":"","wpdc_pin_topic":"","wpdc_pin_until":"","discourse_post_id":"","discourse_permalink":"","wpdc_publishing_response":"","wpdc_publishing_error":"","footnotes":""},"class_list":["post-15905","page","type-page","status-publish","hentry"],"yoast_head":"<!-- This site is optimized with the Yoast SEO plugin v25.3.1 - https:\/\/yoast.com\/wordpress\/plugins\/seo\/ -->\n<title>Control deslizante de im\u00e1genes de antes y despu\u00e9s para el sitio web iFrame<\/title>\n<meta name=\"description\" content=\"Inserte un atractivo widget deslizante Antes y Despu\u00e9s en su sitio web iFrame. Vea la demostraci\u00f3n gratuita de Elfsight y dise\u00f1e su widget personalizado en solo 2 segundos\" \/>\n<meta name=\"robots\" content=\"index, follow, max-snippet:-1, max-image-preview:large, max-video-preview:-1\" \/>\n<link rel=\"canonical\" href=\"https:\/\/elfsight.com\/es\/before-and-after-slider-widget\/iframe\/\" \/>\n<meta property=\"og:locale\" content=\"es_ES\" \/>\n<meta property=\"og:type\" content=\"article\" \/>\n<meta property=\"og:title\" content=\"Control deslizante de im\u00e1genes de antes y despu\u00e9s para el sitio web iFrame\" \/>\n<meta property=\"og:description\" content=\"Inserte un atractivo widget deslizante Antes y Despu\u00e9s en su sitio web iFrame. Vea la demostraci\u00f3n gratuita de Elfsight y dise\u00f1e su widget personalizado en solo 2 segundos\" \/>\n<meta property=\"og:url\" content=\"https:\/\/elfsight.com\/es\/before-and-after-slider-widget\/iframe\/\" \/>\n<meta property=\"og:site_name\" content=\"Elfsight ES\" \/>\n<meta property=\"article:modified_time\" content=\"2025-02-06T15:03:00+00:00\" \/>\n<meta name=\"twitter:card\" content=\"summary_large_image\" \/>\n<meta name=\"twitter:label1\" content=\"Tiempo de lectura\" \/>\n\t<meta name=\"twitter:data1\" content=\"3 minutos\" \/>\n<!-- \/ Yoast SEO plugin. -->","yoast_head_json":{"title":"Control deslizante de im\u00e1genes de antes y despu\u00e9s para el sitio web iFrame","description":"Inserte un atractivo widget deslizante Antes y Despu\u00e9s en su sitio web iFrame. Vea la demostraci\u00f3n gratuita de Elfsight y dise\u00f1e su widget personalizado en solo 2 segundos","robots":{"index":"index","follow":"follow","max-snippet":"max-snippet:-1","max-image-preview":"max-image-preview:large","max-video-preview":"max-video-preview:-1"},"canonical":"https:\/\/elfsight.com\/es\/before-and-after-slider-widget\/iframe\/","og_locale":"es_ES","og_type":"article","og_title":"Control deslizante de im\u00e1genes de antes y despu\u00e9s para el sitio web iFrame","og_description":"Inserte un atractivo widget deslizante Antes y Despu\u00e9s en su sitio web iFrame. Vea la demostraci\u00f3n gratuita de Elfsight y dise\u00f1e su widget personalizado en solo 2 segundos","og_url":"https:\/\/elfsight.com\/es\/before-and-after-slider-widget\/iframe\/","og_site_name":"Elfsight ES","article_modified_time":"2025-02-06T15:03:00+00:00","twitter_card":"summary_large_image","twitter_misc":{"Tiempo de lectura":"3 minutos"},"schema":{"@context":"https:\/\/schema.org","@graph":[{"@type":"WebPage","@id":"https:\/\/elfsight.com\/es\/before-and-after-slider-widget\/iframe\/","url":"https:\/\/elfsight.com\/es\/before-and-after-slider-widget\/iframe\/","name":"Control deslizante de im\u00e1genes de antes y despu\u00e9s para el sitio web iFrame","isPartOf":{"@id":"https:\/\/elfsight.com\/es\/#website"},"datePublished":"2024-05-03T06:30:22+00:00","dateModified":"2025-02-06T15:03:00+00:00","description":"Inserte un atractivo widget deslizante Antes y Despu\u00e9s en su sitio web iFrame. Vea la demostraci\u00f3n gratuita de Elfsight y dise\u00f1e su widget personalizado en solo 2 segundos","breadcrumb":{"@id":"https:\/\/elfsight.com\/es\/before-and-after-slider-widget\/iframe\/#breadcrumb"},"inLanguage":"es","potentialAction":[{"@type":"ReadAction","target":["https:\/\/elfsight.com\/es\/before-and-after-slider-widget\/iframe\/"]}]},{"@type":"BreadcrumbList","@id":"https:\/\/elfsight.com\/es\/before-and-after-slider-widget\/iframe\/#breadcrumb","itemListElement":[{"@type":"ListItem","position":1,"name":"Home","item":"https:\/\/elfsight.com\/es\/"},{"@type":"ListItem","position":2,"name":"Before and After Slider","item":"https:\/\/elfsight.com\/es\/before-and-after-slider-widget\/"},{"@type":"ListItem","position":3,"name":"Before and After Slider &#8211; iFrame"}]},{"@type":"WebSite","@id":"https:\/\/elfsight.com\/es\/#website","url":"https:\/\/elfsight.com\/es\/","name":"Elfsight ES","description":"Just another Elfsight Sites site","potentialAction":[{"@type":"SearchAction","target":{"@type":"EntryPoint","urlTemplate":"https:\/\/elfsight.com\/es\/?s={search_term_string}"},"query-input":{"@type":"PropertyValueSpecification","valueRequired":true,"valueName":"search_term_string"}}],"inLanguage":"es"}]}},"meta_box":{"industry":"","seo_heading":"","heading":"","description":"","cta_heading":"","cta_description":"","application":"607","h1":"Control deslizante antes y despu\u00e9s para iFrame","h1_caption":"Presente comparaciones entre dos im\u00e1genes, ideales para resaltar transformaciones o mostrar los beneficios del producto en su sitio web iFrame sin esfuerzo.","application_category":[],"applications_title":"","applications_request_title":"","applications_request_button_text":"","hero_text":"","hero_video":"","hero_video_schema_markup":"","selling_points_title":"","selling_points_caption":"","selling_points":[],"selling_points_cta_text":"","features_title":"","features":"","ed_cta_examples_text":"","ed_cta_examples_hidden":"","ed_cta_demo_text":"","ed_cta_demo_hidden":"","why_caption":"","why_editor_title":"","why_editor_text":"","why_team_title":"","why_team_text":"","why_service_title":"","why_service_text":"","template_catalog_visible":"","template_catalog_title":"","template_catalog_text":"","template_catalog_categories_visible":"","demo_title":"Crea tu widget deslizante Antes y Despu\u00e9s","demo_caption":"Configure su control deslizante Antes y Despu\u00e9s y agr\u00e9guelo a su sitio web iFrame de forma gratuita.","default_faq_hidden":"","app_template_category":[],"platform":"2192","template_public_id":"","codecanyon_url":"","codecanyon_item_id":"","codecanyon_price":"","pricing_caption":"","pricing_elfsight_apps_hide_column":"","pricing_elfsight_apps_url":"","pricing_codecanyon_price_caption":"","integration_category":[],"integration_request_title":"","integration_request_cta":"","integration_platform":"","integrations":[],"platform_category":[],"video_schema_markup":"","price":"desde $0 \/ mes","trial":"","benefits":[{"text":"Ayuda de instalaci\u00f3n gratuita"},{"text":"Servicio al cliente competente"},{"text":"Garant\u00eda de reembolso de 14 d\u00edas"},{"text":"Futuras mejoras gratuitas"}],"button_url":"#demo","button_target_blank":"","button_nofollow":"","attributes":[{"name":"Instalaciones","content":"10,000 - 100,000"},{"name":"Sensible","content":"S\u00ed"},{"name":"Navegadores compatibles","content":"Edge, Chrome, Firefox, Safari, Opera"}],"tags":[],"tags_disable_links":"","hide_more_platforms":"","video_object":"","demo_hide_cta":"","demo_hide_cloud_options":"","pricing_title":"","pricing":[{"pricing_icon":"platform","pricing_title":"Elfsight Apps","pricing_title_caption":"Versi\u00f3n multiplataforma","pricing_price":"desde $0 \/ mes","pricing_price_caption":"comienza con el plan gratuito","pricing_benefits":[{"text":"Sitios web ilimitados"},{"text":"Atenci\u00f3n al cliente profesional"},{"text":"Soporte de instalaci\u00f3n gratuito"},{"text":"Oferta especial para m\u00faltiples aplicaciones."}],"pricing_button_text":"A\u00f1adir al sitio web","pricing_button_url":"#demo"}],"related_apps_title":"","related_apps_hidden":"","author":"","image":[],"title":"","job":"","social_networks":[]},"_links":{"self":[{"href":"https:\/\/elfsight.com\/es\/wp-json\/wp\/v2\/pages\/15905","targetHints":{"allow":["GET"]}}],"collection":[{"href":"https:\/\/elfsight.com\/es\/wp-json\/wp\/v2\/pages"}],"about":[{"href":"https:\/\/elfsight.com\/es\/wp-json\/wp\/v2\/types\/page"}],"author":[{"embeddable":true,"href":"https:\/\/elfsight.com\/es\/wp-json\/wp\/v2\/users\/9"}],"replies":[{"embeddable":true,"href":"https:\/\/elfsight.com\/es\/wp-json\/wp\/v2\/comments?post=15905"}],"version-history":[{"count":3,"href":"https:\/\/elfsight.com\/es\/wp-json\/wp\/v2\/pages\/15905\/revisions"}],"predecessor-version":[{"id":17815,"href":"https:\/\/elfsight.com\/es\/wp-json\/wp\/v2\/pages\/15905\/revisions\/17815"}],"up":[{"embeddable":true,"href":"https:\/\/elfsight.com\/es\/wp-json\/wp\/v2\/pages\/608"}],"wp:attachment":[{"href":"https:\/\/elfsight.com\/es\/wp-json\/wp\/v2\/media?parent=15905"}],"curies":[{"name":"wp","href":"https:\/\/api.w.org\/{rel}","templated":true}]}}