{"id":15898,"date":"2024-05-03T06:30:07","date_gmt":"2024-05-03T06:30:07","guid":{"rendered":"https:\/\/elfsight.com\/es\/?page_id=15898"},"modified":"2025-02-06T15:03:29","modified_gmt":"2025-02-06T15:03:29","slug":"godaddy","status":"publish","type":"page","link":"https:\/\/elfsight.com\/es\/before-and-after-slider-widget\/godaddy\/","title":{"rendered":"Before and After Slider &#8211; GoDaddy"},"content":{"rendered":"<div class=\"application-platform-content-item-description application-platform-content-item\" id=\"description\" data-nav-section=\"description\"> <h2>Insertar control deslizante Antes y Despu\u00e9s en GoDaddy con el widget de Elfsight<\/h2> <p> El control deslizante Antes y Despu\u00e9s de Elfsight te ayuda a configurar im\u00e1genes promocionales impresionantes para tu sitio. Los usuarios pueden ver todos los cambios que tus productos o servicios traen. Simplemente sube dos im\u00e1genes al control deslizante Antes y Despu\u00e9s para GoDaddy y estar\u00e1n equipadas con un divisor que se mueve para se\u00f1alar el cambio. Puedes publicar un n\u00famero ilimitado de juegos de fotos, cada uno con su propio t\u00edtulo. La orientaci\u00f3n del deslizante puede ser horizontal o vertical, y puedes elegir la proporci\u00f3n de imagen m\u00e1s adecuada. \u00a1Tus usuarios no podr\u00e1n evitar realizar una compra cuando vean la eficiencia real de tus ofertas!<\/p> <p><b>Haz que tu sitio sea m\u00e1s efectivo para las tareas comerciales con fotos de Antes y Despu\u00e9s<\/b><\/p> <\/div> <div class=\"application-platform-content-item-features application-platform-content-item\" id=\"features\" data-nav-section=\"features\"> <h2>Estas son solo algunas de las ricas caracter\u00edsticas del plugin:<\/h2> <ul><li>Mostrar cualquier n\u00famero de parejas de im\u00e1genes de Antes y Despu\u00e9s<\/li> <li>Agregar t\u00edtulos con opciones de formato de texto a cada imagen<\/li><li>Dos dise\u00f1os listos para usar: Lista y Carrusel<\/li><li>Orientaci\u00f3n horizontal o vertical del divisor<\/li><li>Clic y arrastrar o simplemente deslizar para mover el divisor<\/li><li>Deslizar en dispositivos t\u00e1ctiles<\/li><\/ul><p><a href=\"#demo\">Simplemente prueba esta demo para ver el valor del plugin<\/a><\/p> <\/div> <div class=\"application-platform-content-item-installation application-platform-content-item\" id=\"installation\" data-nav-section=\"installation\"> <h2>\u00bfC\u00f3mo agregar el control deslizante Antes y Despu\u00e9s en mi GoDaddy?<\/h2> <p>Simplemente aplica las instrucciones a continuaci\u00f3n para insertar la herramienta.<\/p> <ol><li><b>Usa nuestra demo gratuita y comienza a crear tu plugin personalizado.<\/b><br> Elige el dise\u00f1o seleccionado y los par\u00e1metros del plugin y guarda los cambios.<\/li>  <li><b>Obt\u00e9n tu c\u00f3digo personal que aparece en la ventana de Elfsight Apps<\/b><br> Despu\u00e9s de personalizar tu plugin, copia el c\u00f3digo exclusivo de la ventana emergente y gu\u00e1rdalo para una futura ocasi\u00f3n.<\/li>  <li><b>Comienza a usar la herramienta en tu sitio de GoDaddy<\/b><br> Inserta el c\u00f3digo que copiaste anteriormente en tu p\u00e1gina de inicio y guarda los cambios.<\/li>  <li><b>\u00a1Listo! La inserci\u00f3n se ha completado<\/b><br> Visita tu p\u00e1gina web para observar el funcionamiento de la herramienta.<\/li><\/ol> <p>Si tienes preguntas o encuentras alg\u00fan problema, no dudes en ponerte en contacto con nuestro equipo de soporte. Nuestro personal estar\u00e1 encantado de ayudarte con cualquier dificultad que puedas tener con el producto.<\/p> <div class=\"faq\" data-component=\"FAQ\"><div class=\"faq-item\">\r\n\t\t\t\t\t<div class=\"faq-item-question\">\r\n\t\t\t\t\t\t<h3 class=\"faq-item-question-text\">\u00bfC\u00f3mo agregar un control deslizante Antes y Despu\u00e9s a mi sitio web de GoDaddy sin habilidades de programaci\u00f3n?<\/h3>\r\n\r\n\t\t\t\t\t\t<div class=\"faq-item-question-icon\"><\/div>\r\n\t\t\t\t\t<\/div>\r\n\r\n\t\t\t\t\t<div class=\"faq-item-answer\">\r\n\t\t\t\t\t\t<div class=\"faq-item-answer-text\"> <p>Elfsight ofrece una soluci\u00f3n SaaS que te permite crear un widget de control deslizante Antes y Despu\u00e9s por ti mismo, observa lo f\u00e1cil que es el proceso: Trabaja directamente en el Editor en l\u00ednea para crear un widget de control deslizante Antes y Despu\u00e9s que te gustar\u00eda ver en tu sitio web de GoDaddy. Elige una de las plantillas predefinidas y ajusta la configuraci\u00f3n del control deslizante, agrega tu contenido, cambia el dise\u00f1o y los colores sin necesidad de habilidades de programaci\u00f3n. Guarda el control deslizante y copia su c\u00f3digo de instalaci\u00f3n, que puedes insertar f\u00e1cilmente en tu sitio web de GoDaddy sin necesidad de comprar un plan de pago. Con nuestro Editor intuitivo, cualquier usuario de internet puede crear un widget de control deslizante Antes y Despu\u00e9s en l\u00ednea e insertarlo f\u00e1cilmente en su sitio web de GoDaddy. No es necesario pagar ni ingresar los datos de tu tarjeta para acceder al servicio. Si tienes alg\u00fan problema en alg\u00fan paso, no dudes en ponerte en contacto con nuestro equipo de soporte t\u00e9cnico.<\/p> <\/div>\r\n\t\t\t\t\t<\/div>\r\n\t\t\t\t<\/div> <\/div><\/div>","protected":false},"excerpt":{"rendered":"","protected":false},"author":9,"featured_media":0,"parent":608,"menu_order":0,"comment_status":"closed","ping_status":"closed","template":"templates\/template-application-platform.php","meta":{"publish_to_discourse":"","publish_post_category":"","wpdc_auto_publish_overridden":"","wpdc_topic_tags":"","wpdc_pin_topic":"","wpdc_pin_until":"","discourse_post_id":"","discourse_permalink":"","wpdc_publishing_response":"","wpdc_publishing_error":"","footnotes":""},"class_list":["post-15898","page","type-page","status-publish","hentry"],"yoast_head":"<!-- This site is optimized with the Yoast SEO plugin v25.3.1 - https:\/\/yoast.com\/wordpress\/plugins\/seo\/ -->\n<title>Complemento de rese\u00f1as de reservas: \u00a1agregue el complemento de rese\u00f1as al sitio web de GoDaddy!<\/title>\n<meta name=\"description\" content=\"Inserte un complemento interactivo del control deslizante Antes y Despu\u00e9s en su sitio web de GoDaddy. \u00a1Pruebe la demostraci\u00f3n gratuita de Elfsight con unos pocos clics!\" \/>\n<meta name=\"robots\" content=\"index, follow, max-snippet:-1, max-image-preview:large, max-video-preview:-1\" \/>\n<link rel=\"canonical\" href=\"https:\/\/elfsight.com\/es\/before-and-after-slider-widget\/godaddy\/\" \/>\n<meta property=\"og:locale\" content=\"es_ES\" \/>\n<meta property=\"og:type\" content=\"article\" \/>\n<meta property=\"og:title\" content=\"Complemento de rese\u00f1as de reservas: \u00a1agregue el complemento de rese\u00f1as al sitio web de GoDaddy!\" \/>\n<meta property=\"og:description\" content=\"Inserte un complemento interactivo del control deslizante Antes y Despu\u00e9s en su sitio web de GoDaddy. \u00a1Pruebe la demostraci\u00f3n gratuita de Elfsight con unos pocos clics!\" \/>\n<meta property=\"og:url\" content=\"https:\/\/elfsight.com\/es\/before-and-after-slider-widget\/godaddy\/\" \/>\n<meta property=\"og:site_name\" content=\"Elfsight ES\" \/>\n<meta property=\"article:modified_time\" content=\"2025-02-06T15:03:29+00:00\" \/>\n<meta name=\"twitter:card\" content=\"summary_large_image\" \/>\n<meta name=\"twitter:label1\" content=\"Tiempo de lectura\" \/>\n\t<meta name=\"twitter:data1\" content=\"3 minutos\" \/>\n<!-- \/ Yoast SEO plugin. -->","yoast_head_json":{"title":"Complemento de rese\u00f1as de reservas: \u00a1agregue el complemento de rese\u00f1as al sitio web de GoDaddy!","description":"Inserte un complemento interactivo del control deslizante Antes y Despu\u00e9s en su sitio web de GoDaddy. \u00a1Pruebe la demostraci\u00f3n gratuita de Elfsight con unos pocos clics!","robots":{"index":"index","follow":"follow","max-snippet":"max-snippet:-1","max-image-preview":"max-image-preview:large","max-video-preview":"max-video-preview:-1"},"canonical":"https:\/\/elfsight.com\/es\/before-and-after-slider-widget\/godaddy\/","og_locale":"es_ES","og_type":"article","og_title":"Complemento de rese\u00f1as de reservas: \u00a1agregue el complemento de rese\u00f1as al sitio web de GoDaddy!","og_description":"Inserte un complemento interactivo del control deslizante Antes y Despu\u00e9s en su sitio web de GoDaddy. \u00a1Pruebe la demostraci\u00f3n gratuita de Elfsight con unos pocos clics!","og_url":"https:\/\/elfsight.com\/es\/before-and-after-slider-widget\/godaddy\/","og_site_name":"Elfsight ES","article_modified_time":"2025-02-06T15:03:29+00:00","twitter_card":"summary_large_image","twitter_misc":{"Tiempo de lectura":"3 minutos"},"schema":{"@context":"https:\/\/schema.org","@graph":[{"@type":"WebPage","@id":"https:\/\/elfsight.com\/es\/before-and-after-slider-widget\/godaddy\/","url":"https:\/\/elfsight.com\/es\/before-and-after-slider-widget\/godaddy\/","name":"Complemento de rese\u00f1as de reservas: \u00a1agregue el complemento de rese\u00f1as al sitio web de GoDaddy!","isPartOf":{"@id":"https:\/\/elfsight.com\/es\/#website"},"datePublished":"2024-05-03T06:30:07+00:00","dateModified":"2025-02-06T15:03:29+00:00","description":"Inserte un complemento interactivo del control deslizante Antes y Despu\u00e9s en su sitio web de GoDaddy. \u00a1Pruebe la demostraci\u00f3n gratuita de Elfsight con unos pocos clics!","breadcrumb":{"@id":"https:\/\/elfsight.com\/es\/before-and-after-slider-widget\/godaddy\/#breadcrumb"},"inLanguage":"es","potentialAction":[{"@type":"ReadAction","target":["https:\/\/elfsight.com\/es\/before-and-after-slider-widget\/godaddy\/"]}]},{"@type":"BreadcrumbList","@id":"https:\/\/elfsight.com\/es\/before-and-after-slider-widget\/godaddy\/#breadcrumb","itemListElement":[{"@type":"ListItem","position":1,"name":"Home","item":"https:\/\/elfsight.com\/es\/"},{"@type":"ListItem","position":2,"name":"Before and After Slider","item":"https:\/\/elfsight.com\/es\/before-and-after-slider-widget\/"},{"@type":"ListItem","position":3,"name":"Before and After Slider &#8211; GoDaddy"}]},{"@type":"WebSite","@id":"https:\/\/elfsight.com\/es\/#website","url":"https:\/\/elfsight.com\/es\/","name":"Elfsight ES","description":"Just another Elfsight Sites site","potentialAction":[{"@type":"SearchAction","target":{"@type":"EntryPoint","urlTemplate":"https:\/\/elfsight.com\/es\/?s={search_term_string}"},"query-input":{"@type":"PropertyValueSpecification","valueRequired":true,"valueName":"search_term_string"}}],"inLanguage":"es"}]}},"meta_box":{"industry":"","seo_heading":"","heading":"","description":"","cta_heading":"","cta_description":"","application":"607","h1":"Complemento deslizante antes y despu\u00e9s de GoDaddy","h1_caption":"Presente comparaciones entre dos im\u00e1genes, ideales para resaltar transformaciones o mostrar los beneficios del producto en su sitio web de GoDaddy sin esfuerzo.","application_category":[],"applications_title":"","applications_request_title":"","applications_request_button_text":"","hero_text":"","hero_video":"","hero_video_schema_markup":"","selling_points_title":"","selling_points_caption":"","selling_points":[],"selling_points_cta_text":"","features_title":"","features":"","ed_cta_examples_text":"","ed_cta_examples_hidden":"","ed_cta_demo_text":"","ed_cta_demo_hidden":"","why_caption":"","why_editor_title":"","why_editor_text":"","why_team_title":"","why_team_text":"","why_service_title":"","why_service_text":"","template_catalog_visible":"","template_catalog_title":"","template_catalog_text":"","template_catalog_categories_visible":"","demo_title":"Crea tu complemento deslizante Antes y Despu\u00e9s","demo_caption":"Configure su control deslizante Antes y Despu\u00e9s y agr\u00e9guelo a su sitio web GoDaddy de forma gratuita.","default_faq_hidden":"","app_template_category":[],"platform":"2183","template_public_id":"","codecanyon_url":"","codecanyon_item_id":"","codecanyon_price":"","pricing_caption":"","pricing_elfsight_apps_hide_column":"","pricing_elfsight_apps_url":"","pricing_codecanyon_price_caption":"","integration_category":[],"integration_request_title":"","integration_request_cta":"","integration_platform":"","integrations":[],"platform_category":[],"video_schema_markup":"","price":"desde $0 \/ mes","trial":"","benefits":[{"text":"Asistencia de instalaci\u00f3n gratuita"},{"text":"Soporte excepcional"},{"text":"Garant\u00eda de reembolso de 14 d\u00edas"},{"text":"Mejoras peri\u00f3dicas"}],"button_url":"#demo","button_target_blank":"","button_nofollow":"","attributes":[{"name":"Instalaciones","content":"10,000 - 100,000"},{"name":"Sensible","content":"S\u00ed"},{"name":"Navegadores compatibles","content":"IE11, Firefox, Safari, Opera, Chrome, Edge"}],"tags":[],"tags_disable_links":"","hide_more_platforms":"","video_object":"","demo_hide_cta":"","demo_hide_cloud_options":"","pricing_title":"","pricing":[{"pricing_icon":"platform","pricing_title":"Elfsight Apps","pricing_title_caption":"Soluci\u00f3n digital independiente de la plataforma que funciona en cualquier sitio","pricing_price":"desde $0 \/ mes","pricing_price_caption":"comienza con el plan gratuito","pricing_benefits":[{"text":"Sitios web ilimitados"},{"text":"Soporte r\u00e1pido y puntual"},{"text":"Ayuda de instalaci\u00f3n gratuita"},{"text":"Totalmente personalizable"}],"pricing_button_text":"A\u00f1adir al sitio web","pricing_button_url":"#demo"}],"related_apps_title":"","related_apps_hidden":"","author":"","image":[],"title":"","job":"","social_networks":[]},"_links":{"self":[{"href":"https:\/\/elfsight.com\/es\/wp-json\/wp\/v2\/pages\/15898","targetHints":{"allow":["GET"]}}],"collection":[{"href":"https:\/\/elfsight.com\/es\/wp-json\/wp\/v2\/pages"}],"about":[{"href":"https:\/\/elfsight.com\/es\/wp-json\/wp\/v2\/types\/page"}],"author":[{"embeddable":true,"href":"https:\/\/elfsight.com\/es\/wp-json\/wp\/v2\/users\/9"}],"replies":[{"embeddable":true,"href":"https:\/\/elfsight.com\/es\/wp-json\/wp\/v2\/comments?post=15898"}],"version-history":[{"count":3,"href":"https:\/\/elfsight.com\/es\/wp-json\/wp\/v2\/pages\/15898\/revisions"}],"predecessor-version":[{"id":17829,"href":"https:\/\/elfsight.com\/es\/wp-json\/wp\/v2\/pages\/15898\/revisions\/17829"}],"up":[{"embeddable":true,"href":"https:\/\/elfsight.com\/es\/wp-json\/wp\/v2\/pages\/608"}],"wp:attachment":[{"href":"https:\/\/elfsight.com\/es\/wp-json\/wp\/v2\/media?parent=15898"}],"curies":[{"name":"wp","href":"https:\/\/api.w.org\/{rel}","templated":true}]}}