{"id":15897,"date":"2024-05-03T06:30:26","date_gmt":"2024-05-03T06:30:26","guid":{"rendered":"https:\/\/elfsight.com\/es\/?page_id=15897"},"modified":"2025-02-06T15:02:50","modified_gmt":"2025-02-06T15:02:50","slug":"facebook","status":"publish","type":"page","link":"https:\/\/elfsight.com\/es\/before-and-after-slider-widget\/facebook\/","title":{"rendered":"Before and After Slider &#8211; Facebook Page"},"content":{"rendered":"<div class=\"application-platform-content-item-description application-platform-content-item\" id=\"description\" data-nav-section=\"description\"> <h2>Descripci\u00f3n<\/h2> <p> El deslizador \u00abAntes y Despu\u00e9s\u00bb de Elfsight te permite crear im\u00e1genes impresionantes y eficaces para las ventas en tu sitio. Los clientes podr\u00e1n ver todos los cambios que tus productos o servicios introducen. Simplemente sube dos fotos al deslizador \u00abAntes y Despu\u00e9s\u00bb para la p\u00e1gina de Facebook y aparecer\u00e1n con un divisor que se puede mover para permitir la comparaci\u00f3n. Puedes agregar un n\u00famero ilimitado de diapositivas, escribir subt\u00edtulos y etiquetas. La direcci\u00f3n del divisor puede ser horizontal o vertical, y puedes ajustar la mejor relaci\u00f3n de im\u00e1genes. \u00a1Tus clientes no podr\u00e1n evitar comprar, tan pronto como vean la efectividad real de tus productos! <\/p> <p><b>\u00a1Usa el deslizador \u00abAntes y Despu\u00e9s\u00bb para lograr tus objetivos de comercio electr\u00f3nico!<\/b><\/p> <\/div> <div class=\"application-platform-content-item-features application-platform-content-item\" id=\"features\" data-nav-section=\"features\"> <h2>Caracter\u00edsticas principales del widget:<\/h2> <ul><li>Demuestra cualquier cantidad de pares de im\u00e1genes \u00abAntes y Despu\u00e9s\u00bb<\/li> <li>Inserta subt\u00edtulos con opciones de formato de texto para cada imagen<\/li><li>Dos dise\u00f1os predefinidos: Lista y Carrusel<\/li><li>Orientaci\u00f3n horizontal o vertical del divisor<\/li><li>Haz clic y arrastra o simplemente pasa el rat\u00f3n para mover el divisor<\/li><li>Desliza en pantallas t\u00e1ctiles<\/li><\/ul><p><a href=\"#demo\">Explora todas las opciones de personalizaci\u00f3n en la demo completa<\/a><\/p> <\/div> <div class=\"application-platform-content-item-installation application-platform-content-item\" id=\"installation\" data-nav-section=\"installation\"> <h2>\u00bfC\u00f3mo puedo integrar el deslizador \u00abAntes y Despu\u00e9s\u00bb en mi Drupal?<\/h2> <p>Simplemente sigue las instrucciones a continuaci\u00f3n para integrar el plugin.<\/p> <ol><li><b>Usa nuestro editor gratuito y empieza a crear tu widget personalizado.<\/b><br> Encuentra las caracter\u00edsticas y funciones adecuadas de la herramienta y aplica las correcciones.<\/li>  <li><b>Obt\u00e9n tu c\u00f3digo personal que aparece en la ventana de Elfsight Apps<\/b><br> Despu\u00e9s de configurar tu plugin, copia el c\u00f3digo exclusivo en la ventana que aparece y gu\u00e1rdalo para su uso futuro.<\/li>  <li><b>Comienza a usar el widget en la p\u00e1gina de Facebook<\/b><br> Pega el c\u00f3digo que guardaste recientemente en tu p\u00e1gina de inicio y guarda los cambios.<\/li>  <li><b>\u00a1Listo! La integraci\u00f3n ha finalizado<\/b><br> Visita tu p\u00e1gina para ver c\u00f3mo est\u00e1 funcionando el widget.<\/li><\/ol> <p>Si tienes alguna pregunta o encuentras obst\u00e1culos, no dudes en ponerte en contacto con nuestro equipo de soporte. Nuestros consultores estar\u00e1n encantados de resolver cualquier duda que puedas tener sobre el widget.<\/p> <div class=\"faq\" data-component=\"FAQ\"><div class=\"faq-item\">\r\n\t\t\t\t\t<div class=\"faq-item-question\">\r\n\t\t\t\t\t\t<h3 class=\"faq-item-question-text\"><\/h3>\r\n\r\n\t\t\t\t\t\t<div class=\"faq-item-question-icon\"><\/div>\r\n\t\t\t\t\t<\/div>\r\n\r\n\t\t\t\t\t<div class=\"faq-item-answer\">\r\n\t\t\t\t\t\t<div class=\"faq-item-answer-text\"> <p>Elfsight ofrece una soluci\u00f3n SaaS que te permite crear un widget de deslizador \u00abAntes y Despu\u00e9s\u00bb por ti mismo, mira lo f\u00e1cil que es el proceso: Trabaja directamente en el Editor en l\u00ednea para crear el widget \u00abAntes y Despu\u00e9s\u00bb que te gustar\u00eda ver en tu p\u00e1gina de Facebook. Elige una de las plantillas predefinidas y ajusta la configuraci\u00f3n del deslizador \u00abAntes y Despu\u00e9s\u00bb, agrega tu contenido, cambia el dise\u00f1o y los colores sin habilidades de programaci\u00f3n. Guarda el deslizador \u00abAntes y Despu\u00e9s\u00bb y copia su c\u00f3digo de instalaci\u00f3n, que podr\u00e1s pegar f\u00e1cilmente en tu p\u00e1gina de Facebook sin necesidad de comprar una suscripci\u00f3n de pago. Con nuestro intuitivo Editor, cualquier usuario de Internet puede crear un widget de deslizador \u00abAntes y Despu\u00e9s\u00bb en l\u00ednea e integrarlo f\u00e1cilmente en su p\u00e1gina de Facebook. No es necesario pagar ni ingresar los datos de tu tarjeta para acceder al servicio. Si encuentras alg\u00fan problema en cualquier paso, no dudes en ponerte en contacto con nuestro equipo de soporte t\u00e9cnico.<\/p> <\/div>\r\n\t\t\t\t\t<\/div>\r\n\t\t\t\t<\/div> <\/div><\/div>","protected":false},"excerpt":{"rendered":"","protected":false},"author":9,"featured_media":0,"parent":608,"menu_order":0,"comment_status":"closed","ping_status":"closed","template":"templates\/template-application-platform.php","meta":{"publish_to_discourse":"","publish_post_category":"","wpdc_auto_publish_overridden":"","wpdc_topic_tags":"","wpdc_pin_topic":"","wpdc_pin_until":"","discourse_post_id":"","discourse_permalink":"","wpdc_publishing_response":"","wpdc_publishing_error":"","footnotes":""},"class_list":["post-15897","page","type-page","status-publish","hentry"],"yoast_head":"<!-- This site is optimized with the Yoast SEO plugin v25.3.1 - https:\/\/yoast.com\/wordpress\/plugins\/seo\/ -->\n<title>Control deslizante responsivo de im\u00e1genes de antes y despu\u00e9s para el sitio web de la p\u00e1gina de Facebook<\/title>\n<meta name=\"description\" content=\"Configure el widget deslizante Antes y Despu\u00e9s en el sitio web de su p\u00e1gina de Facebook. Consulta la demostraci\u00f3n gratuita de Elfsight y configura tu complemento personalizado en solo 2 minutos.\" \/>\n<meta name=\"robots\" content=\"index, follow, max-snippet:-1, max-image-preview:large, max-video-preview:-1\" \/>\n<link rel=\"canonical\" href=\"https:\/\/elfsight.com\/es\/before-and-after-slider-widget\/facebook\/\" \/>\n<meta property=\"og:locale\" content=\"es_ES\" \/>\n<meta property=\"og:type\" content=\"article\" \/>\n<meta property=\"og:title\" content=\"Control deslizante responsivo de im\u00e1genes de antes y despu\u00e9s para el sitio web de la p\u00e1gina de Facebook\" \/>\n<meta property=\"og:description\" content=\"Configure el widget deslizante Antes y Despu\u00e9s en el sitio web de su p\u00e1gina de Facebook. Consulta la demostraci\u00f3n gratuita de Elfsight y configura tu complemento personalizado en solo 2 minutos.\" \/>\n<meta property=\"og:url\" content=\"https:\/\/elfsight.com\/es\/before-and-after-slider-widget\/facebook\/\" \/>\n<meta property=\"og:site_name\" content=\"Elfsight ES\" \/>\n<meta property=\"article:modified_time\" content=\"2025-02-06T15:02:50+00:00\" \/>\n<meta name=\"twitter:card\" content=\"summary_large_image\" \/>\n<meta name=\"twitter:label1\" content=\"Tiempo de lectura\" \/>\n\t<meta name=\"twitter:data1\" content=\"3 minutos\" \/>\n<!-- \/ Yoast SEO plugin. -->","yoast_head_json":{"title":"Control deslizante responsivo de im\u00e1genes de antes y despu\u00e9s para el sitio web de la p\u00e1gina de Facebook","description":"Configure el widget deslizante Antes y Despu\u00e9s en el sitio web de su p\u00e1gina de Facebook. Consulta la demostraci\u00f3n gratuita de Elfsight y configura tu complemento personalizado en solo 2 minutos.","robots":{"index":"index","follow":"follow","max-snippet":"max-snippet:-1","max-image-preview":"max-image-preview:large","max-video-preview":"max-video-preview:-1"},"canonical":"https:\/\/elfsight.com\/es\/before-and-after-slider-widget\/facebook\/","og_locale":"es_ES","og_type":"article","og_title":"Control deslizante responsivo de im\u00e1genes de antes y despu\u00e9s para el sitio web de la p\u00e1gina de Facebook","og_description":"Configure el widget deslizante Antes y Despu\u00e9s en el sitio web de su p\u00e1gina de Facebook. Consulta la demostraci\u00f3n gratuita de Elfsight y configura tu complemento personalizado en solo 2 minutos.","og_url":"https:\/\/elfsight.com\/es\/before-and-after-slider-widget\/facebook\/","og_site_name":"Elfsight ES","article_modified_time":"2025-02-06T15:02:50+00:00","twitter_card":"summary_large_image","twitter_misc":{"Tiempo de lectura":"3 minutos"},"schema":{"@context":"https:\/\/schema.org","@graph":[{"@type":"WebPage","@id":"https:\/\/elfsight.com\/es\/before-and-after-slider-widget\/facebook\/","url":"https:\/\/elfsight.com\/es\/before-and-after-slider-widget\/facebook\/","name":"Control deslizante responsivo de im\u00e1genes de antes y despu\u00e9s para el sitio web de la p\u00e1gina de Facebook","isPartOf":{"@id":"https:\/\/elfsight.com\/es\/#website"},"datePublished":"2024-05-03T06:30:26+00:00","dateModified":"2025-02-06T15:02:50+00:00","description":"Configure el widget deslizante Antes y Despu\u00e9s en el sitio web de su p\u00e1gina de Facebook. Consulta la demostraci\u00f3n gratuita de Elfsight y configura tu complemento personalizado en solo 2 minutos.","breadcrumb":{"@id":"https:\/\/elfsight.com\/es\/before-and-after-slider-widget\/facebook\/#breadcrumb"},"inLanguage":"es","potentialAction":[{"@type":"ReadAction","target":["https:\/\/elfsight.com\/es\/before-and-after-slider-widget\/facebook\/"]}]},{"@type":"BreadcrumbList","@id":"https:\/\/elfsight.com\/es\/before-and-after-slider-widget\/facebook\/#breadcrumb","itemListElement":[{"@type":"ListItem","position":1,"name":"Home","item":"https:\/\/elfsight.com\/es\/"},{"@type":"ListItem","position":2,"name":"Before and After Slider","item":"https:\/\/elfsight.com\/es\/before-and-after-slider-widget\/"},{"@type":"ListItem","position":3,"name":"Before and After Slider &#8211; Facebook Page"}]},{"@type":"WebSite","@id":"https:\/\/elfsight.com\/es\/#website","url":"https:\/\/elfsight.com\/es\/","name":"Elfsight ES","description":"Just another Elfsight Sites site","potentialAction":[{"@type":"SearchAction","target":{"@type":"EntryPoint","urlTemplate":"https:\/\/elfsight.com\/es\/?s={search_term_string}"},"query-input":{"@type":"PropertyValueSpecification","valueRequired":true,"valueName":"search_term_string"}}],"inLanguage":"es"}]}},"meta_box":{"industry":"","seo_heading":"","heading":"","description":"","cta_heading":"","cta_description":"","application":"607","h1":"Control deslizante de antes y despu\u00e9s para la p\u00e1gina de Facebook","h1_caption":"Presente comparaciones entre dos im\u00e1genes, ideales para resaltar transformaciones o mostrar los beneficios del producto en el sitio web de su p\u00e1gina de Facebook sin esfuerzo.","application_category":[],"applications_title":"","applications_request_title":"","applications_request_button_text":"","hero_text":"","hero_video":"","hero_video_schema_markup":"","selling_points_title":"","selling_points_caption":"","selling_points":[],"selling_points_cta_text":"","features_title":"","features":"","ed_cta_examples_text":"","ed_cta_examples_hidden":"","ed_cta_demo_text":"","ed_cta_demo_hidden":"","why_caption":"","why_editor_title":"","why_editor_text":"","why_team_title":"","why_team_text":"","why_service_title":"","why_service_text":"","template_catalog_visible":"","template_catalog_title":"","template_catalog_text":"","template_catalog_categories_visible":"","demo_title":"Crea tu widget deslizante Antes y Despu\u00e9s","demo_caption":"\u00a1Configure su control deslizante Antes y Despu\u00e9s y agr\u00e9guelo al sitio web de su p\u00e1gina de Facebook de forma gratuita!","default_faq_hidden":"","app_template_category":[],"platform":"64","template_public_id":"","codecanyon_url":"","codecanyon_item_id":"","codecanyon_price":"","pricing_caption":"","pricing_elfsight_apps_hide_column":"","pricing_elfsight_apps_url":"","pricing_codecanyon_price_caption":"","integration_category":[],"integration_request_title":"","integration_request_cta":"","integration_platform":"","integrations":[],"platform_category":[],"video_schema_markup":"","price":"desde $0 \/ mes","trial":"","benefits":[{"text":"Servicio de instalaci\u00f3n gratuito"},{"text":"Soporte excepcional"},{"text":"Garant\u00eda de devoluci\u00f3n de dinero de 14 d\u00edas"},{"text":"Actualizaciones gratuitas continuas"}],"button_url":"#demo","button_target_blank":"","button_nofollow":"","attributes":[{"name":"Instalaciones","content":"10,000 - 100,000"},{"name":"Sensible","content":"S\u00ed"},{"name":"Navegadores compatibles","content":"Safari, Firefox, Chrome, Opera, Edge"}],"tags":[],"tags_disable_links":"","hide_more_platforms":"","video_object":"","demo_hide_cta":"","demo_hide_cloud_options":"","pricing_title":"","pricing":[{"pricing_icon":"platform","pricing_title":"Elfsight Apps","pricing_title_caption":"Versi\u00f3n independiente de la plataforma que funciona en cualquier sitio web","pricing_price":"desde $0 \/ mes","pricing_price_caption":"comienza con el plan gratuito","pricing_benefits":[{"text":"Sitios web ilimitados"},{"text":"Atenci\u00f3n al cliente profesional"},{"text":"Soporte de instalaci\u00f3n gratuito"},{"text":"100% personalizable"}],"pricing_button_text":"A\u00f1adir al sitio web","pricing_button_url":"#demo"}],"related_apps_title":"","related_apps_hidden":"","author":"","image":[],"title":"","job":"","social_networks":[]},"_links":{"self":[{"href":"https:\/\/elfsight.com\/es\/wp-json\/wp\/v2\/pages\/15897","targetHints":{"allow":["GET"]}}],"collection":[{"href":"https:\/\/elfsight.com\/es\/wp-json\/wp\/v2\/pages"}],"about":[{"href":"https:\/\/elfsight.com\/es\/wp-json\/wp\/v2\/types\/page"}],"author":[{"embeddable":true,"href":"https:\/\/elfsight.com\/es\/wp-json\/wp\/v2\/users\/9"}],"replies":[{"embeddable":true,"href":"https:\/\/elfsight.com\/es\/wp-json\/wp\/v2\/comments?post=15897"}],"version-history":[{"count":3,"href":"https:\/\/elfsight.com\/es\/wp-json\/wp\/v2\/pages\/15897\/revisions"}],"predecessor-version":[{"id":17811,"href":"https:\/\/elfsight.com\/es\/wp-json\/wp\/v2\/pages\/15897\/revisions\/17811"}],"up":[{"embeddable":true,"href":"https:\/\/elfsight.com\/es\/wp-json\/wp\/v2\/pages\/608"}],"wp:attachment":[{"href":"https:\/\/elfsight.com\/es\/wp-json\/wp\/v2\/media?parent=15897"}],"curies":[{"name":"wp","href":"https:\/\/api.w.org\/{rel}","templated":true}]}}