{"id":15892,"date":"2024-05-03T06:30:25","date_gmt":"2024-05-03T06:30:25","guid":{"rendered":"https:\/\/elfsight.com\/es\/?page_id=15892"},"modified":"2025-02-06T15:02:50","modified_gmt":"2025-02-06T15:02:50","slug":"elementor","status":"publish","type":"page","link":"https:\/\/elfsight.com\/es\/before-and-after-slider-widget\/elementor\/","title":{"rendered":"Before and After Slider &#8211; Elementor"},"content":{"rendered":"<div class=\"application-platform-content-item-description application-platform-content-item\" id=\"description\" data-nav-section=\"description\"> <h2>Integrar el deslizador \u00abAntes y Despu\u00e9s\u00bb en Elementor con el widget de Elfsight<\/h2> <p> El deslizador \u00abAntes y Despu\u00e9s\u00bb de Elfsight te ayudar\u00e1 a crear im\u00e1genes impresionantes y eficaces para las ventas en tu sitio. Los visitantes podr\u00e1n ver de inmediato todos los resultados que tus productos o servicios presentan. Simplemente sube fotos de \u00abantes\u00bb y \u00abdespu\u00e9s\u00bb al deslizador \u00abAntes y Despu\u00e9s\u00bb para Elementor y aparecer\u00e1n con un divisor que se puede mover para comprobar la diferencia. Puedes crear conjuntos ilimitados de fotos, y escribir subt\u00edtulos y etiquetas. La direcci\u00f3n de deslizamiento ofrece dos opciones: horizontal o vertical, y puedes establecer la proporci\u00f3n de imagen m\u00e1s adecuada. \u00a1Tus visitantes definitivamente comprar\u00e1n, tan pronto como vean el resultado real de tus productos! <\/p> <p><b>Con el deslizador de comparaci\u00f3n, comienza un fuerte crecimiento empresarial y aumento de ventas<\/b><\/p> <\/div> <div class=\"application-platform-content-item-features application-platform-content-item\" id=\"features\" data-nav-section=\"features\"> <h2>Las caracter\u00edsticas b\u00e1sicas del widget incluyen<\/h2> <ul><li>Crea cualquier cantidad de conjuntos de im\u00e1genes \u00abAntes y Despu\u00e9s\u00bb<\/li> <li>Agrega subt\u00edtulos con opciones de formato de texto para cada imagen<\/li><li>Dos dise\u00f1os: Lista y Carrusel<\/li><li>Orientaci\u00f3n horizontal o vertical del divisor<\/li><li>Haz clic y arrastra o simplemente pasa el rat\u00f3n para mover el divisor<\/li><li>Desliza en dispositivos con pantalla t\u00e1ctil<\/li><\/ul><p><a href=\"#demo\">Puedes ver lo que el widget ofrece usando la demo<\/a><\/p> <\/div> <div class=\"application-platform-content-item-installation application-platform-content-item\" id=\"installation\" data-nav-section=\"installation\"> <h2>\u00bfC\u00f3mo puedo integrar el deslizador \u00abAntes y Despu\u00e9s\u00bb en mi Elementor?<\/h2> <div class=\"video-container\"><iframe width=\"720\" height=\"405\" src=\"https:\/\/www.youtube.com\/embed\/71qTR1PGTjI\" frameborder=\"0\" allowfullscreen=\"\"><\/iframe><\/div><p>Simplemente sigue estos pasos a continuaci\u00f3n para integrar el widget.<\/p> <ol><li><b>Usa nuestro configurador gratuito y empieza a crear tu herramienta personalizada.<\/b><br> Encuentra el aspecto adecuado y las caracter\u00edsticas del widget y aplica las ediciones.<\/li>  <li><b>Obt\u00e9n el c\u00f3digo \u00fanico que aparece en la ventana de Elfsight Apps<\/b><br> Despu\u00e9s de completar la configuraci\u00f3n de tu herramienta, copia el c\u00f3digo exclusivo en la ventana que aparece y gu\u00e1rdalo para su uso futuro.<\/li>  <li><b>Comienza a usar la herramienta en tu p\u00e1gina de Elementor<\/b><br> Integra el c\u00f3digo que guardaste anteriormente en tu p\u00e1gina de inicio y guarda los cambios.<\/li>  <li><b>La instalaci\u00f3n ha terminado completamente<\/b><br> Visita tu p\u00e1gina para ver c\u00f3mo est\u00e1 funcionando la herramienta.<\/li><\/ol> <p>Si tienes alguna pregunta o encuentras alguna dificultad, no dudes en ponerte en contacto con nuestro equipo de atenci\u00f3n al cliente. Nuestros consultores est\u00e1n deseando ayudarte con todas las dudas que puedas tener sobre el widget.<\/p> <div class=\"faq\" data-component=\"FAQ\"><div class=\"faq-item\">\r\n\t\t\t\t\t<div class=\"faq-item-question\">\r\n\t\t\t\t\t\t<h3 class=\"faq-item-question-text\"><\/h3>\r\n\r\n\t\t\t\t\t\t<div class=\"faq-item-question-icon\"><\/div>\r\n\t\t\t\t\t<\/div>\r\n\r\n\t\t\t\t\t<div class=\"faq-item-answer\">\r\n\t\t\t\t\t\t<div class=\"faq-item-answer-text\"> <p>Elfsight ofrece una soluci\u00f3n SaaS que te permite crear un widget de deslizador \u00abAntes y Despu\u00e9s\u00bb por ti mismo, mira lo f\u00e1cil que es el proceso: Trabaja directamente en el Editor en l\u00ednea para crear el widget de deslizador \u00abAntes y Despu\u00e9s\u00bb que te gustar\u00eda ver en tu sitio web de Elementor. Elige una de las plantillas predefinidas y ajusta la configuraci\u00f3n del deslizador \u00abAntes y Despu\u00e9s\u00bb, agrega tu contenido, cambia el dise\u00f1o y los colores sin habilidades de programaci\u00f3n. Guarda el deslizador \u00abAntes y Despu\u00e9s\u00bb y copia su c\u00f3digo de instalaci\u00f3n, que podr\u00e1s integrar f\u00e1cilmente en tu sitio web de Elementor sin necesidad de comprar una suscripci\u00f3n de pago. Con nuestro intuitivo Editor, cualquier usuario de Internet puede crear un widget de deslizador \u00abAntes y Despu\u00e9s\u00bb en l\u00ednea e integrarlo f\u00e1cilmente en su sitio web de Elementor. No es necesario pagar ni ingresar los datos de tu tarjeta para acceder al servicio. Si encuentras alg\u00fan problema en cualquier paso, no dudes en ponerte en contacto con nuestro equipo de soporte t\u00e9cnico.<\/p> <\/div>\r\n\t\t\t\t\t<\/div>\r\n\t\t\t\t<\/div> <\/div><\/div>","protected":false},"excerpt":{"rendered":"","protected":false},"author":9,"featured_media":0,"parent":608,"menu_order":0,"comment_status":"closed","ping_status":"closed","template":"templates\/template-application-platform.php","meta":{"publish_to_discourse":"","publish_post_category":"","wpdc_auto_publish_overridden":"","wpdc_topic_tags":"","wpdc_pin_topic":"","wpdc_pin_until":"","discourse_post_id":"","discourse_permalink":"","wpdc_publishing_response":"","wpdc_publishing_error":"","footnotes":""},"class_list":["post-15892","page","type-page","status-publish","hentry"],"yoast_head":"<!-- This site is optimized with the Yoast SEO plugin v25.3.1 - https:\/\/yoast.com\/wordpress\/plugins\/seo\/ -->\n<title>Control deslizante de antes y despu\u00e9s para el sitio web de Elementor (\u00a1gratis y r\u00e1pido!)<\/title>\n<meta name=\"description\" content=\"Incruste el widget deslizante Antes y Despu\u00e9s en su sitio web de Elementor. Vea la demostraci\u00f3n de Elfsight y cree su complemento personalizado con solo unos pocos clics\" \/>\n<meta name=\"robots\" content=\"index, follow, max-snippet:-1, max-image-preview:large, max-video-preview:-1\" \/>\n<link rel=\"canonical\" href=\"https:\/\/elfsight.com\/es\/before-and-after-slider-widget\/elementor\/\" \/>\n<meta property=\"og:locale\" content=\"es_ES\" \/>\n<meta property=\"og:type\" content=\"article\" \/>\n<meta property=\"og:title\" content=\"Control deslizante de antes y despu\u00e9s para el sitio web de Elementor (\u00a1gratis y r\u00e1pido!)\" \/>\n<meta property=\"og:description\" content=\"Incruste el widget deslizante Antes y Despu\u00e9s en su sitio web de Elementor. Vea la demostraci\u00f3n de Elfsight y cree su complemento personalizado con solo unos pocos clics\" \/>\n<meta property=\"og:url\" content=\"https:\/\/elfsight.com\/es\/before-and-after-slider-widget\/elementor\/\" \/>\n<meta property=\"og:site_name\" content=\"Elfsight ES\" \/>\n<meta property=\"article:modified_time\" content=\"2025-02-06T15:02:50+00:00\" \/>\n<meta name=\"twitter:card\" content=\"summary_large_image\" \/>\n<meta name=\"twitter:label1\" content=\"Tiempo de lectura\" \/>\n\t<meta name=\"twitter:data1\" content=\"3 minutos\" \/>\n<!-- \/ Yoast SEO plugin. -->","yoast_head_json":{"title":"Control deslizante de antes y despu\u00e9s para el sitio web de Elementor (\u00a1gratis y r\u00e1pido!)","description":"Incruste el widget deslizante Antes y Despu\u00e9s en su sitio web de Elementor. Vea la demostraci\u00f3n de Elfsight y cree su complemento personalizado con solo unos pocos clics","robots":{"index":"index","follow":"follow","max-snippet":"max-snippet:-1","max-image-preview":"max-image-preview:large","max-video-preview":"max-video-preview:-1"},"canonical":"https:\/\/elfsight.com\/es\/before-and-after-slider-widget\/elementor\/","og_locale":"es_ES","og_type":"article","og_title":"Control deslizante de antes y despu\u00e9s para el sitio web de Elementor (\u00a1gratis y r\u00e1pido!)","og_description":"Incruste el widget deslizante Antes y Despu\u00e9s en su sitio web de Elementor. Vea la demostraci\u00f3n de Elfsight y cree su complemento personalizado con solo unos pocos clics","og_url":"https:\/\/elfsight.com\/es\/before-and-after-slider-widget\/elementor\/","og_site_name":"Elfsight ES","article_modified_time":"2025-02-06T15:02:50+00:00","twitter_card":"summary_large_image","twitter_misc":{"Tiempo de lectura":"3 minutos"},"schema":{"@context":"https:\/\/schema.org","@graph":[{"@type":"WebPage","@id":"https:\/\/elfsight.com\/es\/before-and-after-slider-widget\/elementor\/","url":"https:\/\/elfsight.com\/es\/before-and-after-slider-widget\/elementor\/","name":"Control deslizante de antes y despu\u00e9s para el sitio web de Elementor (\u00a1gratis y r\u00e1pido!)","isPartOf":{"@id":"https:\/\/elfsight.com\/es\/#website"},"datePublished":"2024-05-03T06:30:25+00:00","dateModified":"2025-02-06T15:02:50+00:00","description":"Incruste el widget deslizante Antes y Despu\u00e9s en su sitio web de Elementor. Vea la demostraci\u00f3n de Elfsight y cree su complemento personalizado con solo unos pocos clics","breadcrumb":{"@id":"https:\/\/elfsight.com\/es\/before-and-after-slider-widget\/elementor\/#breadcrumb"},"inLanguage":"es","potentialAction":[{"@type":"ReadAction","target":["https:\/\/elfsight.com\/es\/before-and-after-slider-widget\/elementor\/"]}]},{"@type":"BreadcrumbList","@id":"https:\/\/elfsight.com\/es\/before-and-after-slider-widget\/elementor\/#breadcrumb","itemListElement":[{"@type":"ListItem","position":1,"name":"Home","item":"https:\/\/elfsight.com\/es\/"},{"@type":"ListItem","position":2,"name":"Before and After Slider","item":"https:\/\/elfsight.com\/es\/before-and-after-slider-widget\/"},{"@type":"ListItem","position":3,"name":"Before and After Slider &#8211; Elementor"}]},{"@type":"WebSite","@id":"https:\/\/elfsight.com\/es\/#website","url":"https:\/\/elfsight.com\/es\/","name":"Elfsight ES","description":"Just another Elfsight Sites site","potentialAction":[{"@type":"SearchAction","target":{"@type":"EntryPoint","urlTemplate":"https:\/\/elfsight.com\/es\/?s={search_term_string}"},"query-input":{"@type":"PropertyValueSpecification","valueRequired":true,"valueName":"search_term_string"}}],"inLanguage":"es"}]}},"meta_box":{"industry":"","seo_heading":"","heading":"","description":"","cta_heading":"","cta_description":"","application":"607","h1":"Control deslizante antes y despu\u00e9s para Elementor","h1_caption":"Presente comparaciones entre dos im\u00e1genes, ideales para resaltar transformaciones o mostrar los beneficios del producto en su sitio web de Elementor sin esfuerzo.","application_category":[],"applications_title":"","applications_request_title":"","applications_request_button_text":"","hero_text":"","hero_video":"","hero_video_schema_markup":"","selling_points_title":"","selling_points_caption":"","selling_points":[],"selling_points_cta_text":"","features_title":"","features":"","ed_cta_examples_text":"","ed_cta_examples_hidden":"","ed_cta_demo_text":"","ed_cta_demo_hidden":"","why_caption":"","why_editor_title":"","why_editor_text":"","why_team_title":"","why_team_text":"","why_service_title":"","why_service_text":"","template_catalog_visible":"","template_catalog_title":"","template_catalog_text":"","template_catalog_categories_visible":"","demo_title":"Crea tu widget deslizante Antes y Despu\u00e9s","demo_caption":"\u00a1Configure su control deslizante Antes y Despu\u00e9s y agr\u00e9guelo a su sitio web de Elementor de forma gratuita!","default_faq_hidden":"","app_template_category":[],"platform":"58","template_public_id":"","codecanyon_url":"","codecanyon_item_id":"","codecanyon_price":"","pricing_caption":"","pricing_elfsight_apps_hide_column":"","pricing_elfsight_apps_url":"","pricing_codecanyon_price_caption":"","integration_category":[],"integration_request_title":"","integration_request_cta":"","integration_platform":"","integrations":[],"platform_category":[],"video_schema_markup":"","price":"desde $0 \/ mes","trial":"","benefits":[{"text":"Ayuda de instalaci\u00f3n gratuita"},{"text":"Atenci\u00f3n al cliente experimentada"},{"text":"Garant\u00eda de reembolso de 14 d\u00edas"},{"text":"Mejoras continuas"}],"button_url":"#demo","button_target_blank":"","button_nofollow":"","attributes":[{"name":"Instalaciones","content":"10,000 - 100,000"},{"name":"Sensible","content":"S\u00ed"},{"name":"Navegadores compatibles","content":"Firefox, Safari, Opera, Chrome, Edge"}],"tags":[],"tags_disable_links":"","hide_more_platforms":"","video_object":"","demo_hide_cta":"","demo_hide_cloud_options":"","pricing_title":"","pricing":[{"pricing_icon":"platform","pricing_title":"Elfsight Apps","pricing_title_caption":"Versi\u00f3n multiplataforma que funciona en cualquier sitio web.","pricing_price":"desde $0 \/ mes","pricing_price_caption":"comienza con el plan gratuito","pricing_benefits":[{"text":"Sitios web ilimitados"},{"text":"Atenci\u00f3n al cliente gratuita"},{"text":"Servicio de instalaci\u00f3n gratuito"},{"text":"Gran oferta para m\u00faltiples aplicaciones"}],"pricing_button_text":"A\u00f1adir al sitio web","pricing_button_url":"#demo"}],"related_apps_title":"","related_apps_hidden":"","author":"","image":[],"title":"","job":"","social_networks":[]},"_links":{"self":[{"href":"https:\/\/elfsight.com\/es\/wp-json\/wp\/v2\/pages\/15892","targetHints":{"allow":["GET"]}}],"collection":[{"href":"https:\/\/elfsight.com\/es\/wp-json\/wp\/v2\/pages"}],"about":[{"href":"https:\/\/elfsight.com\/es\/wp-json\/wp\/v2\/types\/page"}],"author":[{"embeddable":true,"href":"https:\/\/elfsight.com\/es\/wp-json\/wp\/v2\/users\/9"}],"replies":[{"embeddable":true,"href":"https:\/\/elfsight.com\/es\/wp-json\/wp\/v2\/comments?post=15892"}],"version-history":[{"count":3,"href":"https:\/\/elfsight.com\/es\/wp-json\/wp\/v2\/pages\/15892\/revisions"}],"predecessor-version":[{"id":17812,"href":"https:\/\/elfsight.com\/es\/wp-json\/wp\/v2\/pages\/15892\/revisions\/17812"}],"up":[{"embeddable":true,"href":"https:\/\/elfsight.com\/es\/wp-json\/wp\/v2\/pages\/608"}],"wp:attachment":[{"href":"https:\/\/elfsight.com\/es\/wp-json\/wp\/v2\/media?parent=15892"}],"curies":[{"name":"wp","href":"https:\/\/api.w.org\/{rel}","templated":true}]}}