{"id":15890,"date":"2024-05-03T06:30:28","date_gmt":"2024-05-03T06:30:28","guid":{"rendered":"https:\/\/elfsight.com\/es\/?page_id=15890"},"modified":"2025-02-06T15:02:37","modified_gmt":"2025-02-06T15:02:37","slug":"blogger","status":"publish","type":"page","link":"https:\/\/elfsight.com\/es\/before-and-after-slider-widget\/blogger\/","title":{"rendered":"Before and After Slider &#8211; Blogger"},"content":{"rendered":"<div class=\"application-platform-content-item-description application-platform-content-item\" id=\"description\" data-nav-section=\"description\"> <h2>Descripci\u00f3n<\/h2> <p>El Slider de Antes y Despu\u00e9s de Elfsight te ayudar\u00e1 a configurar im\u00e1genes sorprendentes para vender en tu sitio web. Los visitantes podr\u00e1n explorar todos los resultados que tus productos o servicios ofrecen. Simplemente sube dos fotos al Slider de Antes y Despu\u00e9s para Blogger y aparecer\u00e1n con un divisor que se mueve para permitir la comparaci\u00f3n. Puedes agregar diapositivas ilimitadas, y agregar t\u00edtulos y etiquetas. La direcci\u00f3n del deslizamiento puede ser horizontal o vertical, y puedes establecer la proporci\u00f3n de imagen m\u00e1s adecuada. \u00a1Tus visitantes definitivamente comprar\u00e1n, en cuanto descubran la verdadera efectividad de tus ofertas!<\/p> <p><b>Haz que tu sitio web sea m\u00e1s exitoso para los objetivos de comercio electr\u00f3nico con fotos de antes y despu\u00e9s<\/b><\/p> <\/div> <div class=\"application-platform-content-item-features application-platform-content-item\" id=\"features\" data-nav-section=\"features\"> <h2>Encuentra a continuaci\u00f3n las caracter\u00edsticas esenciales del widget:<\/h2> <ul><li>Crea cualquier cantidad de parejas de fotos de Antes y Despu\u00e9s<\/li><li>Agrega t\u00edtulos con formato de texto a cada foto<\/li><li>Dos dise\u00f1os listos para usar: Lista y Carrusel<\/li><li>Movimiento horizontal o vertical del divisor<\/li><li>Haz clic y arrastra o simplemente pasa el cursor para mover el divisor<\/li><li>Deslizar en dispositivos con pantalla t\u00e1ctil<\/li><\/ul><p><a href=\"#demo\">Puedes comprobar el valor del widget probando la demo<\/a><\/p> <\/div> <div class=\"application-platform-content-item-installation application-platform-content-item\" id=\"installation\" data-nav-section=\"installation\"> <h2>\u00bfC\u00f3mo agregar el Slider de Antes y Despu\u00e9s a mi sitio de Blogger?<\/h2> <div class=\"video-container\"><iframe width=\"720\" height=\"405\" src=\"https:\/\/www.youtube.com\/embed\/NRiliAwAMxI\" frameborder=\"0\" allowfullscreen=\"\"><\/iframe><\/div><p>Solo sigue las instrucciones a continuaci\u00f3n para comenzar a usar el plugin.<\/p> <ol><li><b>Usa nuestro editor gratuito y comienza a crear tu herramienta personalizada.<\/b><br> Elige la interfaz seleccionada y los par\u00e1metros del widget y aplica los cambios.<\/li> <li><b>Copia tu c\u00f3digo personal que aparece en la ventana en Elfsight Apps<\/b><br> Cuando la creaci\u00f3n de tu herramienta personal est\u00e9 terminada, copia el c\u00f3digo exclusivo de la ventana emergente y gu\u00e1rdalo para futuras necesidades.<\/li> <li><b>Comienza a usar el widget en tu sitio de Blogger<\/b><br> Implementa el c\u00f3digo guardado recientemente en tu sitio web y aplica los ajustes.<\/li> <li><b>La configuraci\u00f3n est\u00e1 completamente realizada<\/b><br> Ve a tu sitio web para verificar el funcionamiento de la herramienta.<\/li><\/ol><p>En caso de que tengas preguntas o encuentres dificultades, no dudes en contactar a nuestro equipo de atenci\u00f3n al cliente. Nuestra gente est\u00e1 deseosa de ayudarte con todos los problemas que puedas tener con la herramienta.<\/p><div class=\"faq\" data-component=\"FAQ\"><div class=\"faq-item\">\r\n\t\t\t\t\t<div class=\"faq-item-question\">\r\n\t\t\t\t\t\t<h3 class=\"faq-item-question-text\">\u00bfC\u00f3mo agregar un Slider de Antes y Despu\u00e9s a mi sitio de Blogger sin habilidades de codificaci\u00f3n?<\/h3>\r\n\r\n\t\t\t\t\t\t<div class=\"faq-item-question-icon\"><\/div>\r\n\t\t\t\t\t<\/div>\r\n\r\n\t\t\t\t\t<div class=\"faq-item-answer\">\r\n\t\t\t\t\t\t<div class=\"faq-item-answer-text\"> <p>Elfsight ofrece una soluci\u00f3n SaaS que te permite crear un widget de Slider de Antes y Despu\u00e9s por ti mismo, mira lo f\u00e1cil que es el proceso: Trabaja directamente en el Editor en l\u00ednea para crear un widget de Slider de Antes y Despu\u00e9s que te gustar\u00eda ver en tu sitio de Blogger. Elige una de las plantillas predefinidas y ajusta los ajustes del Slider de Antes y Despu\u00e9s, agrega tu contenido, cambia el dise\u00f1o y los colores sin necesidad de habilidades de codificaci\u00f3n. Guarda el Slider de Antes y Despu\u00e9s y copia su c\u00f3digo de instalaci\u00f3n, para que puedas agregarlo f\u00e1cilmente a tu sitio de Blogger sin necesidad de comprar una versi\u00f3n de pago. Con nuestro Editor intuitivo, cualquier usuario de internet puede crear un widget de Slider de Antes y Despu\u00e9s en l\u00ednea e incrustarlo f\u00e1cilmente en su sitio de Blogger. No es necesario pagar ni ingresar los datos de tu tarjeta para acceder al servicio. Si enfrentas alg\u00fan problema en alg\u00fan paso, no dudes en contactar a nuestro equipo de soporte t\u00e9cnico.<\/p> <\/div>\r\n\t\t\t\t\t<\/div>\r\n\t\t\t\t<\/div> <\/div> <\/div>","protected":false},"excerpt":{"rendered":"","protected":false},"author":9,"featured_media":0,"parent":608,"menu_order":0,"comment_status":"closed","ping_status":"closed","template":"templates\/template-application-platform.php","meta":{"publish_to_discourse":"","publish_post_category":"","wpdc_auto_publish_overridden":"","wpdc_topic_tags":"","wpdc_pin_topic":"","wpdc_pin_until":"","discourse_post_id":"","discourse_permalink":"","wpdc_publishing_response":"","wpdc_publishing_error":"","footnotes":""},"class_list":["post-15890","page","type-page","status-publish","hentry"],"yoast_head":"<!-- This site is optimized with the Yoast SEO plugin v25.3.1 - https:\/\/yoast.com\/wordpress\/plugins\/seo\/ -->\n<title>Control deslizante responsivo de im\u00e1genes de antes y despu\u00e9s para el sitio web de Blogger<\/title>\n<meta name=\"description\" content=\"Configure el control deslizante Antes y Despu\u00e9s en su sitio web de Blogger. Pruebe la demostraci\u00f3n de Elfsight completamente funcional y configure su widget personalizado en solo un par de segundos.\" \/>\n<meta name=\"robots\" content=\"index, follow, max-snippet:-1, max-image-preview:large, max-video-preview:-1\" \/>\n<link rel=\"canonical\" href=\"https:\/\/elfsight.com\/es\/before-and-after-slider-widget\/blogger\/\" \/>\n<meta property=\"og:locale\" content=\"es_ES\" \/>\n<meta property=\"og:type\" content=\"article\" \/>\n<meta property=\"og:title\" content=\"Control deslizante responsivo de im\u00e1genes de antes y despu\u00e9s para el sitio web de Blogger\" \/>\n<meta property=\"og:description\" content=\"Configure el control deslizante Antes y Despu\u00e9s en su sitio web de Blogger. Pruebe la demostraci\u00f3n de Elfsight completamente funcional y configure su widget personalizado en solo un par de segundos.\" \/>\n<meta property=\"og:url\" content=\"https:\/\/elfsight.com\/es\/before-and-after-slider-widget\/blogger\/\" \/>\n<meta property=\"og:site_name\" content=\"Elfsight ES\" \/>\n<meta property=\"article:modified_time\" content=\"2025-02-06T15:02:37+00:00\" \/>\n<meta name=\"twitter:card\" content=\"summary_large_image\" \/>\n<meta name=\"twitter:label1\" content=\"Tiempo de lectura\" \/>\n\t<meta name=\"twitter:data1\" content=\"3 minutos\" \/>\n<!-- \/ Yoast SEO plugin. -->","yoast_head_json":{"title":"Control deslizante responsivo de im\u00e1genes de antes y despu\u00e9s para el sitio web de Blogger","description":"Configure el control deslizante Antes y Despu\u00e9s en su sitio web de Blogger. Pruebe la demostraci\u00f3n de Elfsight completamente funcional y configure su widget personalizado en solo un par de segundos.","robots":{"index":"index","follow":"follow","max-snippet":"max-snippet:-1","max-image-preview":"max-image-preview:large","max-video-preview":"max-video-preview:-1"},"canonical":"https:\/\/elfsight.com\/es\/before-and-after-slider-widget\/blogger\/","og_locale":"es_ES","og_type":"article","og_title":"Control deslizante responsivo de im\u00e1genes de antes y despu\u00e9s para el sitio web de Blogger","og_description":"Configure el control deslizante Antes y Despu\u00e9s en su sitio web de Blogger. Pruebe la demostraci\u00f3n de Elfsight completamente funcional y configure su widget personalizado en solo un par de segundos.","og_url":"https:\/\/elfsight.com\/es\/before-and-after-slider-widget\/blogger\/","og_site_name":"Elfsight ES","article_modified_time":"2025-02-06T15:02:37+00:00","twitter_card":"summary_large_image","twitter_misc":{"Tiempo de lectura":"3 minutos"},"schema":{"@context":"https:\/\/schema.org","@graph":[{"@type":"WebPage","@id":"https:\/\/elfsight.com\/es\/before-and-after-slider-widget\/blogger\/","url":"https:\/\/elfsight.com\/es\/before-and-after-slider-widget\/blogger\/","name":"Control deslizante responsivo de im\u00e1genes de antes y despu\u00e9s para el sitio web de Blogger","isPartOf":{"@id":"https:\/\/elfsight.com\/es\/#website"},"datePublished":"2024-05-03T06:30:28+00:00","dateModified":"2025-02-06T15:02:37+00:00","description":"Configure el control deslizante Antes y Despu\u00e9s en su sitio web de Blogger. Pruebe la demostraci\u00f3n de Elfsight completamente funcional y configure su widget personalizado en solo un par de segundos.","breadcrumb":{"@id":"https:\/\/elfsight.com\/es\/before-and-after-slider-widget\/blogger\/#breadcrumb"},"inLanguage":"es","potentialAction":[{"@type":"ReadAction","target":["https:\/\/elfsight.com\/es\/before-and-after-slider-widget\/blogger\/"]}]},{"@type":"BreadcrumbList","@id":"https:\/\/elfsight.com\/es\/before-and-after-slider-widget\/blogger\/#breadcrumb","itemListElement":[{"@type":"ListItem","position":1,"name":"Home","item":"https:\/\/elfsight.com\/es\/"},{"@type":"ListItem","position":2,"name":"Before and After Slider","item":"https:\/\/elfsight.com\/es\/before-and-after-slider-widget\/"},{"@type":"ListItem","position":3,"name":"Before and After Slider &#8211; Blogger"}]},{"@type":"WebSite","@id":"https:\/\/elfsight.com\/es\/#website","url":"https:\/\/elfsight.com\/es\/","name":"Elfsight ES","description":"Just another Elfsight Sites site","potentialAction":[{"@type":"SearchAction","target":{"@type":"EntryPoint","urlTemplate":"https:\/\/elfsight.com\/es\/?s={search_term_string}"},"query-input":{"@type":"PropertyValueSpecification","valueRequired":true,"valueName":"search_term_string"}}],"inLanguage":"es"}]}},"meta_box":{"industry":"","seo_heading":"","heading":"","description":"","cta_heading":"","cta_description":"","application":"607","h1":"Control deslizante de antes y despu\u00e9s para Blogger","h1_caption":"Presente comparaciones entre dos im\u00e1genes, ideales para resaltar transformaciones o mostrar los beneficios del producto en su sitio web de Blogger sin esfuerzo.","application_category":[],"applications_title":"","applications_request_title":"","applications_request_button_text":"","hero_text":"","hero_video":"","hero_video_schema_markup":"","selling_points_title":"","selling_points_caption":"","selling_points":[],"selling_points_cta_text":"","features_title":"","features":"","ed_cta_examples_text":"","ed_cta_examples_hidden":"","ed_cta_demo_text":"","ed_cta_demo_hidden":"","why_caption":"","why_editor_title":"","why_editor_text":"","why_team_title":"","why_team_text":"","why_service_title":"","why_service_text":"","template_catalog_visible":"","template_catalog_title":"","template_catalog_text":"","template_catalog_categories_visible":"","demo_title":"Crea tu widget deslizante Antes y Despu\u00e9s","demo_caption":"Configure su control deslizante Antes y Despu\u00e9s y agr\u00e9guelo a su sitio web de Blogger de forma gratuita.","default_faq_hidden":"","app_template_category":[],"platform":"39","template_public_id":"","codecanyon_url":"","codecanyon_item_id":"","codecanyon_price":"","pricing_caption":"","pricing_elfsight_apps_hide_column":"","pricing_elfsight_apps_url":"","pricing_codecanyon_price_caption":"","integration_category":[],"integration_request_title":"","integration_request_cta":"","integration_platform":"","integrations":[],"platform_category":[],"video_schema_markup":"","price":"desde $0 \/ mes","trial":"","benefits":[{"text":"Ayuda de instalaci\u00f3n gratuita"},{"text":"Atenci\u00f3n al cliente experimentada"},{"text":"Garant\u00eda de devoluci\u00f3n de dinero de 14 d\u00edas"},{"text":"Desarrollo continuo"}],"button_url":"#demo","button_target_blank":"","button_nofollow":"","attributes":[{"name":"Instalaciones","content":"10,000 - 100,000"},{"name":"Sensible","content":"S\u00ed"},{"name":"Navegadores compatibles","content":"Firefox, Safari, Opera, Chrome, Edge"}],"tags":[],"tags_disable_links":"","hide_more_platforms":"","video_object":"","demo_hide_cta":"","demo_hide_cloud_options":"","pricing_title":"","pricing":[{"pricing_icon":"platform","pricing_title":"Elfsight Apps","pricing_title_caption":"Soluci\u00f3n digital multiplataforma que funciona en cualquier sitio web","pricing_price":"desde $0 \/ mes","pricing_price_caption":"comienza con un plan gratuito","pricing_benefits":[{"text":"Sitios web ilimitados"},{"text":"Soporte r\u00e1pido de la empresa y bien documentado."},{"text":"Ayuda de instalaci\u00f3n gratuita"},{"text":"Totalmente personalizable"}],"pricing_button_text":"A\u00f1adir al sitio web","pricing_button_url":"#demo"}],"related_apps_title":"","related_apps_hidden":"","author":"","image":[],"title":"","job":"","social_networks":[]},"_links":{"self":[{"href":"https:\/\/elfsight.com\/es\/wp-json\/wp\/v2\/pages\/15890","targetHints":{"allow":["GET"]}}],"collection":[{"href":"https:\/\/elfsight.com\/es\/wp-json\/wp\/v2\/pages"}],"about":[{"href":"https:\/\/elfsight.com\/es\/wp-json\/wp\/v2\/types\/page"}],"author":[{"embeddable":true,"href":"https:\/\/elfsight.com\/es\/wp-json\/wp\/v2\/users\/9"}],"replies":[{"embeddable":true,"href":"https:\/\/elfsight.com\/es\/wp-json\/wp\/v2\/comments?post=15890"}],"version-history":[{"count":3,"href":"https:\/\/elfsight.com\/es\/wp-json\/wp\/v2\/pages\/15890\/revisions"}],"predecessor-version":[{"id":17809,"href":"https:\/\/elfsight.com\/es\/wp-json\/wp\/v2\/pages\/15890\/revisions\/17809"}],"up":[{"embeddable":true,"href":"https:\/\/elfsight.com\/es\/wp-json\/wp\/v2\/pages\/608"}],"wp:attachment":[{"href":"https:\/\/elfsight.com\/es\/wp-json\/wp\/v2\/media?parent=15890"}],"curies":[{"name":"wp","href":"https:\/\/api.w.org\/{rel}","templated":true}]}}