{"id":15882,"date":"2024-05-03T06:32:57","date_gmt":"2024-05-03T06:32:57","guid":{"rendered":"https:\/\/elfsight.com\/es\/?page_id=15882"},"modified":"2025-02-06T15:02:09","modified_gmt":"2025-02-06T15:02:09","slug":"joomla","status":"publish","type":"page","link":"https:\/\/elfsight.com\/es\/contact-form-widget\/joomla\/","title":{"rendered":"Contact Form &#8211; Joomla"},"content":{"rendered":"<div class=\"application-platform-content-item-description application-platform-content-item\" id=\"description\" data-nav-section=\"description\"><h2>Formulario de contacto para Joomla<\/h2><p>Si est\u00e1s buscando el mejor formulario de contacto para Joomla, la extensi\u00f3n de contacto de Elfsight puede ayudarte. Es un m\u00f3dulo dise\u00f1ado para asistirte en todas las demandas actuales de obtener impresiones y solicitudes de los visitantes de tu sitio. Simplemente revela las partes esenciales para llenar, encuentra la plantilla preferida y dise\u00f1a la interfaz para motivar a\u00fan m\u00e1s a tus visitantes a dejar solicitudes para los servicios que ofrece tu empresa. Nuestro complemento de formulario de contacto est\u00e1 dise\u00f1ado para cumplir con todas tus necesidades de obtener comentarios y mantener el contacto con tus clientes.<\/p><p><b>\u00a1Obt\u00e9n rese\u00f1as, solicitudes y responde a los mensajes de los visitantes de tu sitio web!<\/b><\/p><ul><li><b>Mejora la generaci\u00f3n de leads<\/b>.<br>Permanece cerca de tus futuros clientes, motiv\u00e1ndolos a comunicarse contigo a trav\u00e9s de la extensi\u00f3n de contacto en cualquier momento. Un menor n\u00famero de campos llevar\u00e1 a una mayor conversi\u00f3n.<\/li><li><b>Bloquea el spam<\/b>.<br>Preserva solo las comunicaciones org\u00e1nicas utilizando la tecnolog\u00eda de Google reCAPTCHA, protegiendo contra el spam y los bots.<\/li><li><b>Recoge f\u00e1cilmente los comentarios de los clientes<\/b>.<br>Crea un complemento de formulario llamativo para que sea f\u00e1cilmente encontrado en las p\u00e1ginas de tu sitio, alentando a tus visitantes a dejar comentarios en cualquier momento que lo consideren necesario.<\/li><\/ul><\/div><div class=\"application-platform-content-item-features application-platform-content-item\" id=\"features\" data-nav-section=\"features\"><h2>Complemento de formulario de contacto<\/h2><p>\u00bfQu\u00e9 hace que nuestro formulario de contacto sea la mejor extensi\u00f3n para recibir comentarios y obtener pedidos para un sitio web Joomla? Conoce nuestras principales ventajas:<\/p><ul><li>Un conjunto m\u00ednimo de campos para enviar un comentario: nombre, correo electr\u00f3nico, tel\u00e9fono y mensaje;<\/li><li>Agrega una imagen, un logotipo o una foto sobre tu formulario;<\/li><li>5 estilos visuales de campo incluidos: cl\u00e1sico, plano, material, cl\u00e1sico redondeado, plano redondeado;<\/li><li>Configura un texto que aparezca despu\u00e9s de enviar correctamente el mensaje;<\/li><li>Dise\u00f1o fluido que se adapta al 99% de los sitios desde el primer momento.<\/li><\/ul><p><a href=\"#demo\">Prueba el conjunto completo de caracter\u00edsticas en nuestro editor<\/a><\/p><\/div><div class=\"application-platform-content-item-installation application-platform-content-item\" id=\"installation\" data-nav-section=\"installation\"><h2>C\u00f3mo agregar el widget de formulario de contacto a un sitio web Joomla<\/h2><div class=\"video-container\"><iframe width=\"720\" height=\"405\" src=\"https:\/\/www.youtube.com\/embed\/p-o048a61jM\" frameborder=\"0\" allowfullscreen=\"\"><\/iframe><\/div><p>Sigue las pautas a continuaci\u00f3n para integrar la extensi\u00f3n en Joomla.<\/p> <ol><li><b>Usa nuestra demostraci\u00f3n gratuita y comienza a crear tu extensi\u00f3n personalizada de formulario de contacto. <\/b><br>Elige la apariencia y las caracter\u00edsticas seleccionadas del complemento y aplica las modificaciones. <\/li>  <li><b>Recibe el c\u00f3digo \u00fanico que aparecer\u00e1 en el formulario especial de Elfsight Apps. <\/b><br>Tan pronto como se termine la personalizaci\u00f3n de tu herramienta, copia el c\u00f3digo individual en la ventana emergente y gu\u00e1rdalo para su uso posterior. <\/li>  <li><b>Comienza a usar la herramienta en tu sitio web Joomla. <\/b><br>Incorpora el c\u00f3digo guardado previamente en tu p\u00e1gina y guarda los cambios. <\/li>  <li><b>\u00a1Listo! La configuraci\u00f3n est\u00e1 completamente terminada. <\/b><br>Visita tu p\u00e1gina para ver c\u00f3mo funciona la extensi\u00f3n en acci\u00f3n. <\/li><\/ol><p>\u00bfTienes alguna consulta mientras sigues las instrucciones o creas tu formulario? Puede que te sea \u00fatil leer el manual detallado \u00ab<a href=\"https:\/\/elfsight.com\/tutorials\/how-to-add-contact-form-module-to-joomla\/\" target=\"_blank\" rel=\"noopener noreferrer\">C\u00f3mo mostrar el formulario de contacto en un sitio web Joomla<\/a>\u00bb e intentar integrarlo nuevamente por ti mismo, o contactar al equipo de soporte de Elfsight con una explicaci\u00f3n detallada de tu consulta, y nuestro equipo estar\u00e1 encantado de ayudarte.<\/p><div class=\"faq\" data-component=\"FAQ\"> <div class=\"faq-item\">\r\n\t\t\t\t\t<div class=\"faq-item-question\">\r\n\t\t\t\t\t\t<h3 class=\"faq-item-question-text\">\u00bfC\u00f3mo agregar un formulario de contacto a mi sitio web Joomla sin habilidades en programaci\u00f3n?<\/h3>\r\n\r\n\t\t\t\t\t\t<div class=\"faq-item-question-icon\"><\/div>\r\n\t\t\t\t\t<\/div>\r\n\r\n\t\t\t\t\t<div class=\"faq-item-answer\">\r\n\t\t\t\t\t\t<div class=\"faq-item-answer-text\"> <p>Elfsight ofrece una soluci\u00f3n SaaS que te permite crear un widget de formulario de contacto por ti mismo, mira lo f\u00e1cil que es el proceso: Trabaja directamente en el Editor en l\u00ednea para crear el widget de formulario de contacto que te gustar\u00eda ver en tu sitio Joomla. Elige una de las plantillas predefinidas y ajusta la configuraci\u00f3n del formulario de contacto, agrega tu contenido, cambia el dise\u00f1o y el esquema de colores sin necesidad de conocimientos en programaci\u00f3n. Guarda el formulario de contacto y copia su c\u00f3digo de instalaci\u00f3n, que puedes incrustar en tu sitio Joomla sin necesidad de comprar un plan de pago. Con nuestro editor intuitivo, cualquier usuario de internet puede crear un widget de formulario de contacto en l\u00ednea e incrustarlo f\u00e1cilmente en su sitio Joomla. No es necesario pagar ni ingresar tus datos de tarjeta para acceder al servicio. Si enfrentas problemas en cualquier paso, no dudes en contactar con nuestro equipo de soporte t\u00e9cnico.<\/p> <\/div>\r\n\t\t\t\t\t<\/div>\r\n\t\t\t\t<\/div> <div class=\"faq-item\">\r\n\t\t\t\t\t<div class=\"faq-item-question\">\r\n\t\t\t\t\t\t<h3 class=\"faq-item-question-text\">\u00bfOfrecen plantillas de formulario de contacto para sitios web Joomla?<\/h3>\r\n\r\n\t\t\t\t\t\t<div class=\"faq-item-question-icon\"><\/div>\r\n\t\t\t\t\t<\/div>\r\n\r\n\t\t\t\t\t<div class=\"faq-item-answer\">\r\n\t\t\t\t\t\t<div class=\"faq-item-answer-text\"><p>S\u00ed, Elfsight tiene m\u00e1s de 300 plantillas listas para usar para cualquier caso. Echa un vistazo a las <a href=\"https:\/\/elfsight.com\/online-form-builder\/templates\/contact-forms\/\">plantillas de formulario de contacto<\/a> y elige la que m\u00e1s te guste.<\/p><\/div>\r\n\t\t\t\t\t<\/div>\r\n\t\t\t\t<\/div><\/div> <\/div>","protected":false},"excerpt":{"rendered":"","protected":false},"author":9,"featured_media":0,"parent":669,"menu_order":0,"comment_status":"closed","ping_status":"closed","template":"templates\/template-application-platform.php","meta":{"publish_to_discourse":"","publish_post_category":"","wpdc_auto_publish_overridden":"","wpdc_topic_tags":"","wpdc_pin_topic":"","wpdc_pin_until":"","discourse_post_id":"","discourse_permalink":"","wpdc_publishing_response":"","wpdc_publishing_error":"","footnotes":""},"class_list":["post-15882","page","type-page","status-publish","hentry"],"yoast_head":"<!-- This site is optimized with the Yoast SEO plugin v25.3.1 - https:\/\/yoast.com\/wordpress\/plugins\/seo\/ -->\n<title>\u00a1Crea y agrega formulario de contacto en Joomla gratis!<\/title>\n<meta name=\"description\" content=\"Obtenga su extensi\u00f3n de formulario de contacto \u00fanica para Joomla y mu\u00e9strela en su sitio en solo 3 minutos. \u00a1Configurador gratuito, soporte con instalaci\u00f3n y otros extras de Elfsight!\" \/>\n<meta name=\"robots\" content=\"index, follow, max-snippet:-1, max-image-preview:large, max-video-preview:-1\" \/>\n<link rel=\"canonical\" href=\"https:\/\/elfsight.com\/es\/contact-form-widget\/joomla\/\" \/>\n<meta property=\"og:locale\" content=\"es_ES\" \/>\n<meta property=\"og:type\" content=\"article\" \/>\n<meta property=\"og:title\" content=\"\u00a1Crea y agrega formulario de contacto en Joomla gratis!\" \/>\n<meta property=\"og:description\" content=\"Obtenga su extensi\u00f3n de formulario de contacto \u00fanica para Joomla y mu\u00e9strela en su sitio en solo 3 minutos. \u00a1Configurador gratuito, soporte con instalaci\u00f3n y otros extras de Elfsight!\" \/>\n<meta property=\"og:url\" content=\"https:\/\/elfsight.com\/es\/contact-form-widget\/joomla\/\" \/>\n<meta property=\"og:site_name\" content=\"Elfsight ES\" \/>\n<meta property=\"article:modified_time\" content=\"2025-02-06T15:02:09+00:00\" \/>\n<meta name=\"twitter:card\" content=\"summary_large_image\" \/>\n<meta name=\"twitter:label1\" content=\"Tiempo de lectura\" \/>\n\t<meta name=\"twitter:data1\" content=\"4 minutos\" \/>\n<!-- \/ Yoast SEO plugin. -->","yoast_head_json":{"title":"\u00a1Crea y agrega formulario de contacto en Joomla gratis!","description":"Obtenga su extensi\u00f3n de formulario de contacto \u00fanica para Joomla y mu\u00e9strela en su sitio en solo 3 minutos. \u00a1Configurador gratuito, soporte con instalaci\u00f3n y otros extras de Elfsight!","robots":{"index":"index","follow":"follow","max-snippet":"max-snippet:-1","max-image-preview":"max-image-preview:large","max-video-preview":"max-video-preview:-1"},"canonical":"https:\/\/elfsight.com\/es\/contact-form-widget\/joomla\/","og_locale":"es_ES","og_type":"article","og_title":"\u00a1Crea y agrega formulario de contacto en Joomla gratis!","og_description":"Obtenga su extensi\u00f3n de formulario de contacto \u00fanica para Joomla y mu\u00e9strela en su sitio en solo 3 minutos. \u00a1Configurador gratuito, soporte con instalaci\u00f3n y otros extras de Elfsight!","og_url":"https:\/\/elfsight.com\/es\/contact-form-widget\/joomla\/","og_site_name":"Elfsight ES","article_modified_time":"2025-02-06T15:02:09+00:00","twitter_card":"summary_large_image","twitter_misc":{"Tiempo de lectura":"4 minutos"},"schema":{"@context":"https:\/\/schema.org","@graph":[{"@type":"WebPage","@id":"https:\/\/elfsight.com\/es\/contact-form-widget\/joomla\/","url":"https:\/\/elfsight.com\/es\/contact-form-widget\/joomla\/","name":"\u00a1Crea y agrega formulario de contacto en Joomla gratis!","isPartOf":{"@id":"https:\/\/elfsight.com\/es\/#website"},"datePublished":"2024-05-03T06:32:57+00:00","dateModified":"2025-02-06T15:02:09+00:00","description":"Obtenga su extensi\u00f3n de formulario de contacto \u00fanica para Joomla y mu\u00e9strela en su sitio en solo 3 minutos. \u00a1Configurador gratuito, soporte con instalaci\u00f3n y otros extras de Elfsight!","breadcrumb":{"@id":"https:\/\/elfsight.com\/es\/contact-form-widget\/joomla\/#breadcrumb"},"inLanguage":"es","potentialAction":[{"@type":"ReadAction","target":["https:\/\/elfsight.com\/es\/contact-form-widget\/joomla\/"]}]},{"@type":"BreadcrumbList","@id":"https:\/\/elfsight.com\/es\/contact-form-widget\/joomla\/#breadcrumb","itemListElement":[{"@type":"ListItem","position":1,"name":"Home","item":"https:\/\/elfsight.com\/es\/"},{"@type":"ListItem","position":2,"name":"Contact Form","item":"https:\/\/elfsight.com\/es\/contact-form-widget\/"},{"@type":"ListItem","position":3,"name":"Contact Form &#8211; Joomla"}]},{"@type":"WebSite","@id":"https:\/\/elfsight.com\/es\/#website","url":"https:\/\/elfsight.com\/es\/","name":"Elfsight ES","description":"Just another Elfsight Sites site","potentialAction":[{"@type":"SearchAction","target":{"@type":"EntryPoint","urlTemplate":"https:\/\/elfsight.com\/es\/?s={search_term_string}"},"query-input":{"@type":"PropertyValueSpecification","valueRequired":true,"valueName":"search_term_string"}}],"inLanguage":"es"}]}},"meta_box":{"industry":"","seo_heading":"","heading":"","description":"","cta_heading":"","cta_description":"","application":"668","h1":"Extensi\u00f3n de formulario de contacto para Joomla","h1_caption":"Cree e incruste f\u00e1cilmente formularios de contacto en su sitio web para fomentar la interacci\u00f3n del usuario y las consultas en su sitio web Joomla sin esfuerzo.","application_category":[],"applications_title":"","applications_request_title":"","applications_request_button_text":"","hero_text":"","hero_video":"","hero_video_schema_markup":"","selling_points_title":"","selling_points_caption":"","selling_points":[],"selling_points_cta_text":"","features_title":"","features":"","ed_cta_examples_text":"","ed_cta_examples_hidden":"","ed_cta_demo_text":"","ed_cta_demo_hidden":"","why_caption":"","why_editor_title":"","why_editor_text":"","why_team_title":"","why_team_text":"","why_service_title":"","why_service_text":"","template_catalog_visible":"","template_catalog_title":"","template_catalog_text":"","template_catalog_categories_visible":"","demo_title":"Crea tu complemento de formulario de contacto","demo_caption":"\u00a1Configure su formulario de contacto y agr\u00e9guelo a su sitio web Joomla gratis!","default_faq_hidden":"","app_template_category":[],"platform":"73","template_public_id":"","codecanyon_url":"","codecanyon_item_id":"","codecanyon_price":"","pricing_caption":"","pricing_elfsight_apps_hide_column":"","pricing_elfsight_apps_url":"","pricing_codecanyon_price_caption":"","integration_category":[],"integration_request_title":"","integration_request_cta":"","integration_platform":"","integrations":[],"platform_category":[],"video_schema_markup":"","price":"desde $0 \/ mes","trial":"","benefits":[{"text":"Ayuda de instalaci\u00f3n gratuita"},{"text":"Atenci\u00f3n al cliente experimentada"},{"text":"Garant\u00eda de devoluci\u00f3n de dinero de 14 d\u00edas"},{"text":"Desarrollo continuo"}],"button_url":"#demo","button_target_blank":"","button_nofollow":"","attributes":[{"name":"Instalaciones","content":"100,000 - 500,000"},{"name":"Sensible","content":"S\u00ed"},{"name":"Navegadores compatibles","content":"Firefox, Safari, Opera, Chrome, Edge"}],"tags":[],"tags_disable_links":"","hide_more_platforms":"","video_object":"","demo_hide_cta":"","demo_hide_cloud_options":"","pricing_title":"","pricing":[{"pricing_icon":"cloud","pricing_title":"Elfsight Apps","pricing_title_caption":"Versi\u00f3n multiplataforma que funciona en cualquier sitio.","pricing_price":"desde $0 \/ mes","pricing_price_caption":"comienza con el plan gratuito","pricing_benefits":[{"text":"Dominios ilimitados"},{"text":"Atenci\u00f3n al cliente dedicada y bien documentada."},{"text":"Asistencia de instalaci\u00f3n gratuita"},{"text":"Gran oferta para m\u00faltiples aplicaciones"}],"pricing_button_text":"A\u00f1adir al sitio web","pricing_button_url":"#demo"}],"related_apps_title":"","related_apps_hidden":"","author":"","image":[],"title":"","job":"","social_networks":[]},"_links":{"self":[{"href":"https:\/\/elfsight.com\/es\/wp-json\/wp\/v2\/pages\/15882","targetHints":{"allow":["GET"]}}],"collection":[{"href":"https:\/\/elfsight.com\/es\/wp-json\/wp\/v2\/pages"}],"about":[{"href":"https:\/\/elfsight.com\/es\/wp-json\/wp\/v2\/types\/page"}],"author":[{"embeddable":true,"href":"https:\/\/elfsight.com\/es\/wp-json\/wp\/v2\/users\/9"}],"replies":[{"embeddable":true,"href":"https:\/\/elfsight.com\/es\/wp-json\/wp\/v2\/comments?post=15882"}],"version-history":[{"count":3,"href":"https:\/\/elfsight.com\/es\/wp-json\/wp\/v2\/pages\/15882\/revisions"}],"predecessor-version":[{"id":17799,"href":"https:\/\/elfsight.com\/es\/wp-json\/wp\/v2\/pages\/15882\/revisions\/17799"}],"up":[{"embeddable":true,"href":"https:\/\/elfsight.com\/es\/wp-json\/wp\/v2\/pages\/669"}],"wp:attachment":[{"href":"https:\/\/elfsight.com\/es\/wp-json\/wp\/v2\/media?parent=15882"}],"curies":[{"name":"wp","href":"https:\/\/api.w.org\/{rel}","templated":true}]}}