{"id":15881,"date":"2024-05-03T06:32:46","date_gmt":"2024-05-03T06:32:46","guid":{"rendered":"https:\/\/elfsight.com\/es\/?page_id=15881"},"modified":"2025-02-06T15:02:09","modified_gmt":"2025-02-06T15:02:09","slug":"iframe","status":"publish","type":"page","link":"https:\/\/elfsight.com\/es\/contact-form-widget\/iframe\/","title":{"rendered":"Contact Form &#8211; iFrame"},"content":{"rendered":"<div class=\"application-platform-content-item-description application-platform-content-item\" id=\"description\" data-nav-section=\"description\"><h2>Formulario de contacto para iFrame<\/h2><p>El complemento de formulario de contacto de Elfsight para iFrame se adapta a cualquier requerimiento clave para obtener impresiones y pedidos de los clientes de tu sitio. Incorpora los elementos adicionales para completar, define el dise\u00f1o requerido y ajusta la apariencia para inspirar a\u00fan m\u00e1s a tus clientes a enviar una rese\u00f1a sobre tu negocio.<\/p><p><b>Recibe testimonios, solicitudes, calificaciones y responde a las preguntas de los clientes de tu sitio.<\/b><\/p><p><b>Incrementa la cantidad de clientes potenciales<\/b><br>Asegura una interacci\u00f3n permanente con los clientes potenciales 24\/7 mediante un formulario eficaz en tu sitio y convierte m\u00e1s visitantes en clientes.<\/p><p><b>Obt\u00e9n m\u00e1s opiniones sobre productos o servicios<\/b><br>El feedback de tus clientes es valioso para el avance de la empresa. Con nuestro formulario de contacto sencillo, \u00a1ver\u00e1s m\u00e1s comentarios de los usuarios de tu sitio!<\/p><p><b>Desarrolla tu interacci\u00f3n con los clientes<\/b><br>Usando plantillas simples, dise\u00f1o ajustable y notificaciones personalizadas de \u00abGracias\u00bb, demuestras a tus clientes lo valiosos que son para tu negocio.<\/p><\/div><div class=\"application-platform-content-item-features application-platform-content-item\" id=\"features\" data-nav-section=\"features\"><h2>Complemento de formulario de contacto<\/h2><p>\u00bfQu\u00e9 hace que nuestro formulario de contacto sea uno de los mejores complementos para recolectar impresiones de clientes y recibir solicitudes en iFrame? Revisa nuestras caracter\u00edsticas principales:<\/p><ul><li>6 plantillas predefinidas dise\u00f1adas para los casos de uso m\u00e1s populares;<\/li><li>Agrega cualquier n\u00famero de campos al formulario;<\/li><li>Crea formularios de una sola etapa o de m\u00faltiples etapas;<\/li><li>19 tipos de elementos disponibles para introducir;<\/li><li>Opci\u00f3n para distribuir los campos en varias columnas;<\/li><\/ul><p><a href=\"#demo\">Prueba toda la lista de caracter\u00edsticas en nuestra demostraci\u00f3n<\/a><\/p><\/div><div class=\"application-platform-content-item-installation application-platform-content-item\" id=\"installation\" data-nav-section=\"installation\"><h2>C\u00f3mo agregar el complemento de formulario de contacto a un iFrame<\/h2><p>Sigue nuestro tutorial para integrar el complemento de contacto en tu sitio. No necesitar\u00e1s conocimientos de desarrollo y la duraci\u00f3n total de la configuraci\u00f3n no tomar\u00e1 m\u00e1s de 70 segundos aproximadamente.<\/p><ol><li><b>Crea tu complemento de contacto personalizado<\/b><br>Usando nuestro editor gratuito, crea un complemento con el dise\u00f1o y las caracter\u00edsticas funcionales que prefieras.<\/li><li><b>Obt\u00e9n el c\u00f3digo personal para incrustar el complemento<\/b><br>Despu\u00e9s de crear tu complemento, recibir\u00e1s tu c\u00f3digo de configuraci\u00f3n en la notificaci\u00f3n emergente de Elfsight Apps. Copia el c\u00f3digo.<\/li><li><b>Incorpora el complemento en tu sitio iFrame<\/b><br>Selecciona el \u00e1rea donde planeas agregar el complemento e incrusta el c\u00f3digo copiado all\u00ed. Publica los cambios.<\/li><li><b>\u00a1Listo!<\/b><br>Ve a tu sitio para revisar tu formulario.<\/li><\/ol><p>\u00bfTienes problemas para incrustar o personalizar el complemento? Se recomienda leer la gu\u00eda completa \u00abC\u00f3mo mostrar el formulario de contacto en un sitio web iFrame\u00bb, te ayudar\u00e1 con el proceso. O puedes contactar con el centro de ayuda de Elfsight con una explicaci\u00f3n completa de tu problema.<\/p><div class=\"faq\" data-component=\"FAQ\"> <div class=\"faq-item\">\r\n\t\t\t\t\t<div class=\"faq-item-question\">\r\n\t\t\t\t\t\t<h3 class=\"faq-item-question-text\">\u00bfC\u00f3mo agregar un formulario de contacto a mi sitio iFrame sin habilidades en programaci\u00f3n?<\/h3>\r\n\r\n\t\t\t\t\t\t<div class=\"faq-item-question-icon\"><\/div>\r\n\t\t\t\t\t<\/div>\r\n\r\n\t\t\t\t\t<div class=\"faq-item-answer\">\r\n\t\t\t\t\t\t<div class=\"faq-item-answer-text\"><p>Elfsight proporciona una soluci\u00f3n SaaS que te permite crear un widget de formulario de contacto por ti mismo, ve lo f\u00e1cil que es el proceso: Trabaja directamente en el editor en l\u00ednea para crear el widget de formulario de contacto que te gustar\u00eda ver en tu sitio web iFrame. Elige una de las plantillas predefinidas y ajusta la configuraci\u00f3n del formulario de contacto, agrega tu contenido, cambia el dise\u00f1o y el color de los elementos sin habilidades en programaci\u00f3n. Guarda el formulario de contacto y copia su c\u00f3digo de instalaci\u00f3n, que puedes f\u00e1cilmente incrustar en tu sitio web iFrame sin necesidad de comprar un plan de pago. Con nuestro editor intuitivo, cualquier usuario de internet puede crear un widget de formulario de contacto en l\u00ednea e incrustarlo f\u00e1cilmente en su sitio web iFrame. No es necesario pagar ni ingresar tus datos de tarjeta para acceder al servicio. Si enfrentas problemas en cualquier paso, no dudes en contactar con nuestro equipo de soporte t\u00e9cnico.<\/p><\/div>\r\n\t\t\t\t\t<\/div>\r\n\t\t\t\t<\/div> <div class=\"faq-item\">\r\n\t\t\t\t\t<div class=\"faq-item-question\">\r\n\t\t\t\t\t\t<h3 class=\"faq-item-question-text\">\u00bfTienen plantillas de formulario de contacto listas para usar para el sitio iFrame?<\/h3>\r\n\r\n\t\t\t\t\t\t<div class=\"faq-item-question-icon\"><\/div>\r\n\t\t\t\t\t<\/div>\r\n\r\n\t\t\t\t\t<div class=\"faq-item-answer\">\r\n\t\t\t\t\t\t<div class=\"faq-item-answer-text\"><p>S\u00ed, hay una gran selecci\u00f3n de m\u00e1s de 300 plantillas para ahorrar tiempo al crear un formulario desde cero. Revisa las <a href=\"https:\/\/elfsight.com\/online-form-builder\/templates\/contact-forms\/\">plantillas de formularios de contacto<\/a> para cualquier ocasi\u00f3n y encuentra la que m\u00e1s se ajuste a tus expectativas.<\/p><\/div>\r\n\t\t\t\t\t<\/div>\r\n\t\t\t\t<\/div><\/div> <\/div>","protected":false},"excerpt":{"rendered":"","protected":false},"author":9,"featured_media":0,"parent":669,"menu_order":0,"comment_status":"closed","ping_status":"closed","template":"templates\/template-application-platform.php","meta":{"publish_to_discourse":"","publish_post_category":"","wpdc_auto_publish_overridden":"","wpdc_topic_tags":"","wpdc_pin_topic":"","wpdc_pin_until":"","discourse_post_id":"","discourse_permalink":"","wpdc_publishing_response":"","wpdc_publishing_error":"","footnotes":""},"class_list":["post-15881","page","type-page","status-publish","hentry"],"yoast_head":"<!-- This site is optimized with the Yoast SEO plugin v25.3.1 - https:\/\/yoast.com\/wordpress\/plugins\/seo\/ -->\n<title>\u00a1Crea y agrega un formulario de contacto en iFrame gratis!<\/title>\n<meta name=\"description\" content=\"Obtenga su complemento de formulario de contacto para mostrar iFrame en su sitio en solo 1 minuto. \u00a1Demostraci\u00f3n gratuita, asistencia con la configuraci\u00f3n y muchos m\u00e1s extras de Elfsight!\" \/>\n<meta name=\"robots\" content=\"index, follow, max-snippet:-1, max-image-preview:large, max-video-preview:-1\" \/>\n<link rel=\"canonical\" href=\"https:\/\/elfsight.com\/es\/contact-form-widget\/iframe\/\" \/>\n<meta property=\"og:locale\" content=\"es_ES\" \/>\n<meta property=\"og:type\" content=\"article\" \/>\n<meta property=\"og:title\" content=\"\u00a1Crea y agrega un formulario de contacto en iFrame gratis!\" \/>\n<meta property=\"og:description\" content=\"Obtenga su complemento de formulario de contacto para mostrar iFrame en su sitio en solo 1 minuto. \u00a1Demostraci\u00f3n gratuita, asistencia con la configuraci\u00f3n y muchos m\u00e1s extras de Elfsight!\" \/>\n<meta property=\"og:url\" content=\"https:\/\/elfsight.com\/es\/contact-form-widget\/iframe\/\" \/>\n<meta property=\"og:site_name\" content=\"Elfsight ES\" \/>\n<meta property=\"article:modified_time\" content=\"2025-02-06T15:02:09+00:00\" \/>\n<meta name=\"twitter:card\" content=\"summary_large_image\" \/>\n<meta name=\"twitter:label1\" content=\"Tiempo de lectura\" \/>\n\t<meta name=\"twitter:data1\" content=\"4 minutos\" \/>\n<!-- \/ Yoast SEO plugin. -->","yoast_head_json":{"title":"\u00a1Crea y agrega un formulario de contacto en iFrame gratis!","description":"Obtenga su complemento de formulario de contacto para mostrar iFrame en su sitio en solo 1 minuto. \u00a1Demostraci\u00f3n gratuita, asistencia con la configuraci\u00f3n y muchos m\u00e1s extras de Elfsight!","robots":{"index":"index","follow":"follow","max-snippet":"max-snippet:-1","max-image-preview":"max-image-preview:large","max-video-preview":"max-video-preview:-1"},"canonical":"https:\/\/elfsight.com\/es\/contact-form-widget\/iframe\/","og_locale":"es_ES","og_type":"article","og_title":"\u00a1Crea y agrega un formulario de contacto en iFrame gratis!","og_description":"Obtenga su complemento de formulario de contacto para mostrar iFrame en su sitio en solo 1 minuto. \u00a1Demostraci\u00f3n gratuita, asistencia con la configuraci\u00f3n y muchos m\u00e1s extras de Elfsight!","og_url":"https:\/\/elfsight.com\/es\/contact-form-widget\/iframe\/","og_site_name":"Elfsight ES","article_modified_time":"2025-02-06T15:02:09+00:00","twitter_card":"summary_large_image","twitter_misc":{"Tiempo de lectura":"4 minutos"},"schema":{"@context":"https:\/\/schema.org","@graph":[{"@type":"WebPage","@id":"https:\/\/elfsight.com\/es\/contact-form-widget\/iframe\/","url":"https:\/\/elfsight.com\/es\/contact-form-widget\/iframe\/","name":"\u00a1Crea y agrega un formulario de contacto en iFrame gratis!","isPartOf":{"@id":"https:\/\/elfsight.com\/es\/#website"},"datePublished":"2024-05-03T06:32:46+00:00","dateModified":"2025-02-06T15:02:09+00:00","description":"Obtenga su complemento de formulario de contacto para mostrar iFrame en su sitio en solo 1 minuto. \u00a1Demostraci\u00f3n gratuita, asistencia con la configuraci\u00f3n y muchos m\u00e1s extras de Elfsight!","breadcrumb":{"@id":"https:\/\/elfsight.com\/es\/contact-form-widget\/iframe\/#breadcrumb"},"inLanguage":"es","potentialAction":[{"@type":"ReadAction","target":["https:\/\/elfsight.com\/es\/contact-form-widget\/iframe\/"]}]},{"@type":"BreadcrumbList","@id":"https:\/\/elfsight.com\/es\/contact-form-widget\/iframe\/#breadcrumb","itemListElement":[{"@type":"ListItem","position":1,"name":"Home","item":"https:\/\/elfsight.com\/es\/"},{"@type":"ListItem","position":2,"name":"Contact Form","item":"https:\/\/elfsight.com\/es\/contact-form-widget\/"},{"@type":"ListItem","position":3,"name":"Contact Form &#8211; iFrame"}]},{"@type":"WebSite","@id":"https:\/\/elfsight.com\/es\/#website","url":"https:\/\/elfsight.com\/es\/","name":"Elfsight ES","description":"Just another Elfsight Sites site","potentialAction":[{"@type":"SearchAction","target":{"@type":"EntryPoint","urlTemplate":"https:\/\/elfsight.com\/es\/?s={search_term_string}"},"query-input":{"@type":"PropertyValueSpecification","valueRequired":true,"valueName":"search_term_string"}}],"inLanguage":"es"}]}},"meta_box":{"industry":"","seo_heading":"","heading":"","description":"","cta_heading":"","cta_description":"","application":"668","h1":"Complemento de formulario de contacto iFrame","h1_caption":"Cree e incruste f\u00e1cilmente formularios de contacto en su sitio web para fomentar la interacci\u00f3n del usuario y las consultas en su sitio web iFrame sin esfuerzo.","application_category":[],"applications_title":"","applications_request_title":"","applications_request_button_text":"","hero_text":"","hero_video":"","hero_video_schema_markup":"","selling_points_title":"","selling_points_caption":"","selling_points":[],"selling_points_cta_text":"","features_title":"","features":"","ed_cta_examples_text":"","ed_cta_examples_hidden":"","ed_cta_demo_text":"","ed_cta_demo_hidden":"","why_caption":"","why_editor_title":"","why_editor_text":"","why_team_title":"","why_team_text":"","why_service_title":"","why_service_text":"","template_catalog_visible":"","template_catalog_title":"","template_catalog_text":"","template_catalog_categories_visible":"","demo_title":"Crea tu widget de formulario de contacto","demo_caption":"\u00a1Configure su formulario de contacto y agr\u00e9guelo a su sitio web iFrame gratis!","default_faq_hidden":"","app_template_category":[],"platform":"2192","template_public_id":"","codecanyon_url":"","codecanyon_item_id":"","codecanyon_price":"","pricing_caption":"","pricing_elfsight_apps_hide_column":"","pricing_elfsight_apps_url":"","pricing_codecanyon_price_caption":"","integration_category":[],"integration_request_title":"","integration_request_cta":"","integration_platform":"","integrations":[],"platform_category":[],"video_schema_markup":"","price":"desde $0 \/ mes","trial":"","benefits":[{"text":"Ayuda de instalaci\u00f3n gratuita"},{"text":"Atenci\u00f3n al cliente experimentada"},{"text":"Garant\u00eda de reembolso de 14 d\u00edas"},{"text":"Mejoras gratuitas de por vida"}],"button_url":"#demo","button_target_blank":"","button_nofollow":"","attributes":[{"name":"Instalaciones","content":"100,000 - 500,000"},{"name":"Sensible","content":"S\u00ed"},{"name":"Navegadores compatibles","content":" Edge, Chrome, Safari, Opera, Firefox"}],"tags":[],"tags_disable_links":"","hide_more_platforms":"","video_object":"","demo_hide_cta":"","demo_hide_cloud_options":"","pricing_title":"","pricing":[{"pricing_icon":"platform","pricing_title":"Elfsight Apps","pricing_title_caption":"Software multiplataforma que se adapta a cualquier sitio web","pricing_price":"desde $0 \/ mes","pricing_price_caption":"comienza con el plan gratuito","pricing_benefits":[{"text":"Sitios web ilimitados"},{"text":"Atenci\u00f3n al cliente dedicada"},{"text":"Servicio de instalaci\u00f3n gratuito"},{"text":"Oferta especial para m\u00faltiples aplicaciones."}],"pricing_button_text":"A\u00f1adir al sitio web","pricing_button_url":"#demo"}],"related_apps_title":"","related_apps_hidden":"","author":"","image":[],"title":"","job":"","social_networks":[]},"_links":{"self":[{"href":"https:\/\/elfsight.com\/es\/wp-json\/wp\/v2\/pages\/15881","targetHints":{"allow":["GET"]}}],"collection":[{"href":"https:\/\/elfsight.com\/es\/wp-json\/wp\/v2\/pages"}],"about":[{"href":"https:\/\/elfsight.com\/es\/wp-json\/wp\/v2\/types\/page"}],"author":[{"embeddable":true,"href":"https:\/\/elfsight.com\/es\/wp-json\/wp\/v2\/users\/9"}],"replies":[{"embeddable":true,"href":"https:\/\/elfsight.com\/es\/wp-json\/wp\/v2\/comments?post=15881"}],"version-history":[{"count":3,"href":"https:\/\/elfsight.com\/es\/wp-json\/wp\/v2\/pages\/15881\/revisions"}],"predecessor-version":[{"id":17802,"href":"https:\/\/elfsight.com\/es\/wp-json\/wp\/v2\/pages\/15881\/revisions\/17802"}],"up":[{"embeddable":true,"href":"https:\/\/elfsight.com\/es\/wp-json\/wp\/v2\/pages\/669"}],"wp:attachment":[{"href":"https:\/\/elfsight.com\/es\/wp-json\/wp\/v2\/media?parent=15881"}],"curies":[{"name":"wp","href":"https:\/\/api.w.org\/{rel}","templated":true}]}}