{"id":15876,"date":"2024-05-03T06:32:58","date_gmt":"2024-05-03T06:32:58","guid":{"rendered":"https:\/\/elfsight.com\/es\/?page_id=15876"},"modified":"2026-02-03T13:52:09","modified_gmt":"2026-02-03T13:52:09","slug":"html","status":"publish","type":"page","link":"https:\/\/elfsight.com\/es\/contact-form-widget\/html\/","title":{"rendered":"Contact Form &#8211; HTML"},"content":{"rendered":"<div class=\"application-platform-content-item-description application-platform-content-item\" id=\"description\" data-nav-section=\"description\"><h2>Formulario de contacto para HTML<\/h2><p>Si est\u00e1s buscando un c\u00f3digo de formulario de contacto HTML gratuito, el widget de contacto de Elfsight puede ayudarte. Es una aplicaci\u00f3n de formulario de contacto flotante cuyo objetivo principal es asistirte con todas las demandas actuales de obtener impresiones y solicitudes de los visitantes de tu sitio. Simplemente revela los componentes necesarios para llenar, encuentra la plantilla deseada y personaliza la interfaz para motivar a\u00fan m\u00e1s a tus visitantes a dejar solicitudes para los servicios de tu empresa. Nuestro complemento gratuito de formulario de contacto HTML est\u00e1 dise\u00f1ado para satisfacer todas tus necesidades de obtener comentarios y mantenerte siempre en contacto con tu audiencia.<\/p><p><b>Recoge testimonios, toma pedidos y responde a las preguntas de los usuarios de tu sitio web.<\/b><\/p><ul><li><b>Revisa la adquisici\u00f3n de leads<\/b>.<br>Permanecer cerca de tus futuros clientes, motiv\u00e1ndolos a hablar contigo a trav\u00e9s del widget de contacto en cualquier momento. Un menor n\u00famero de campos resultar\u00e1 en una mayor conversi\u00f3n.<\/li><li><b>Elimina el spam<\/b>.<br>Mant\u00e9n solo comunicaciones org\u00e1nicas utilizando el servicio de Google reCAPTCHA para protegerte contra el spam y los bots.<\/li><li><b>Obt\u00e9n comentarios de los clientes con facilidad<\/b>.<br>Dise\u00f1a un complemento de formulario visible para que pueda ser f\u00e1cilmente encontrado en las p\u00e1ginas de tu sitio, motivando a tus clientes a dejar comentarios en cualquier momento que lo consideren necesario.<\/li><\/ul><\/div><div class=\"application-platform-content-item-features application-platform-content-item\" id=\"features\" data-nav-section=\"features\"><h2>Complemento de formulario de contacto<\/h2><p>\u00bfPor qu\u00e9 el formulario de contacto de Elfsight es el mejor widget para recoger rese\u00f1as y recibir consultas para HTML? Revisa nuestras caracter\u00edsticas m\u00e1s importantes:<\/p><ul><li>Ordena los campos en el formulario como desees;<\/li><li>Coloca cualquier texto que necesites antes del formulario en el encabezado;<\/li><li>Dise\u00f1o en l\u00ednea con ajuste autom\u00e1tico de los campos al ancho del formulario;<\/li><li>Google reCAPTCHA est\u00e1 aqu\u00ed para proteger tu formulario contra spam y bots;<\/li><li>Funciona y se ve perfectamente en dispositivos m\u00f3viles.<\/li><\/ul><p><a href=\"#demo\">Lee toda la lista de caracter\u00edsticas en nuestro configurador<\/a><\/p><\/div><div class=\"application-platform-content-item-installation application-platform-content-item\" id=\"installation\" data-nav-section=\"installation\"><h2>C\u00f3mo crear el widget de formulario de contacto para un sitio web HTML<\/h2><div class=\"video-container\">\n<iframe width=\"720\" height=\"405\" src=\"https:\/\/www.youtube.com\/embed\/2YeqWGA_Fww?si=FWxIweZUeH4O5sfi\" frameborder=\"0\" allowfullscreen=\"\"><\/iframe>\n<\/div><p>Sigue una gu\u00eda de Elfsight para instalar tu propio widget de contacto. No es necesario tener habilidades en programaci\u00f3n y el tiempo promedio de instalaci\u00f3n es de solo 80 segundos.<\/p><ol><li><b>Crea tu formulario de contacto personal<\/b>.<br>Con la ayuda de nuestro editor gratuito, dise\u00f1a un complemento con el dise\u00f1o y las funciones necesarias.<\/li><li><b>Recibe un c\u00f3digo para agregar el complemento<\/b>.<br>Despu\u00e9s de crear el widget, adquiere el c\u00f3digo para el complemento del formulario desde la ventana emergente en Elfsight Apps.<\/li><li><b>Coloca el widget en tu sitio web HTML<\/b>.<br>Inicia el c\u00f3digo de la p\u00e1gina en el editor HTML, muestra el widget en el lugar requerido (contenido, pie de p\u00e1gina, barra lateral, etc.), y guarda los cambios.<\/li><li><b>La instalaci\u00f3n est\u00e1 completa<\/b>.<br>Ingresa a tu sitio HTML para ver tu formulario.<\/li><\/ol><p>\u00bfTienes dificultades al seguir el tutorial o al crear tu formulario? Se recomienda usar la gu\u00eda completa \u00ab<a href=\"https:\/\/elfsight.com\/tutorials\/how-to-add-contact-form-widget-to-html-website\/\" target=\"_blank\" rel=\"noopener noreferrer\">C\u00f3mo insertar un formulario de contacto en un sitio HTML<\/a>\u00bb e intenta mostrarlo nuevamente por ti mismo o escribe al centro de soporte explicando detalladamente tu problema, y nuestro equipo estar\u00e1 all\u00ed para asesorarte.<\/p><\/div><div class=\"faq\" data-component=\"FAQ\"><div class=\"faq-item\">\r\n\t\t\t\t\t<div class=\"faq-item-question\">\r\n\t\t\t\t\t\t<h3 class=\"faq-item-question-text\">\u00bfC\u00f3mo aseguro la informaci\u00f3n del formulario de usuario en mi p\u00e1gina de inicio HTML?<\/h3>\r\n\r\n\t\t\t\t\t\t<div class=\"faq-item-question-icon\"><\/div>\r\n\t\t\t\t\t<\/div>\r\n\r\n\t\t\t\t\t<div class=\"faq-item-answer\">\r\n\t\t\t\t\t\t<div class=\"faq-item-answer-text\"><p>El widget Form Builder de Elfsight se inserta con uno de los servicios de seguridad m\u00e1s efectivos, Google reCAPTCHA. Este servicio protege tu formulario y tu buz\u00f3n contra el spam y los bots, asegurando un funcionamiento fluido y solo datos relevantes.<\/p><\/div>\r\n\t\t\t\t\t<\/div>\r\n\t\t\t\t<\/div><div class=\"faq-item\">\r\n\t\t\t\t\t<div class=\"faq-item-question\">\r\n\t\t\t\t\t\t<h3 class=\"faq-item-question-text\">\u00bfOfrecen plantillas con l\u00f3gica condicional \/ formularios con m\u00faltiples campos \/ formularios de correo electr\u00f3nico?<\/h3>\r\n\r\n\t\t\t\t\t\t<div class=\"faq-item-question-icon\"><\/div>\r\n\t\t\t\t\t<\/div>\r\n\r\n\t\t\t\t\t<div class=\"faq-item-answer\">\r\n\t\t\t\t\t\t<div class=\"faq-item-answer-text\"><p>\u00a1Claro! Todo lo que tienes que hacer es iniciar sesi\u00f3n en Elfsight Apps y seleccionar cualquier plantilla adecuada, luego comienza a crear tu herramienta.<\/p><\/div>\r\n\t\t\t\t\t<\/div>\r\n\t\t\t\t<\/div><div class=\"faq-item\">\r\n\t\t\t\t\t<div class=\"faq-item-question\">\r\n\t\t\t\t\t\t<h3 class=\"faq-item-question-text\">\u00bfC\u00f3mo agrego un formulario de contacto \/ retroalimentaci\u00f3n a mi sitio web HTML?<\/h3>\r\n\r\n\t\t\t\t\t\t<div class=\"faq-item-question-icon\"><\/div>\r\n\t\t\t\t\t<\/div>\r\n\r\n\t\t\t\t\t<div class=\"faq-item-answer\">\r\n\t\t\t\t\t\t<div class=\"faq-item-answer-text\"><p>Para crear un formulario de contacto o retroalimentaci\u00f3n, debes iniciar sesi\u00f3n en Elfsight Apps y hacer todas las modificaciones necesarias en la herramienta. Despu\u00e9s de terminar, guarda tus modificaciones y ve a tu sitio web. As\u00ed de f\u00e1cil.<\/p><\/div>\r\n\t\t\t\t\t<\/div>\r\n\t\t\t\t<\/div><div class=\"faq-item\">\r\n\t\t\t\t\t<div class=\"faq-item-question\">\r\n\t\t\t\t\t\t<h3 class=\"faq-item-question-text\">\u00bfTienen plantillas de formulario de contacto para sitios web HTML?<\/h3>\r\n\r\n\t\t\t\t\t\t<div class=\"faq-item-question-icon\"><\/div>\r\n\t\t\t\t\t<\/div>\r\n\r\n\t\t\t\t\t<div class=\"faq-item-answer\">\r\n\t\t\t\t\t\t<div class=\"faq-item-answer-text\"><p>S\u00ed, Elfsight tiene m\u00e1s de 300 plantillas listas para usar para cualquier caso. Echa un vistazo a las <a href=\"https:\/\/elfsight.com\/online-form-builder\/templates\/contact-forms\/\">plantillas de formulario de contacto<\/a> y elige la que m\u00e1s te guste.<\/p><\/div>\r\n\t\t\t\t\t<\/div>\r\n\t\t\t\t<\/div><\/div>","protected":false},"excerpt":{"rendered":"","protected":false},"author":9,"featured_media":0,"parent":669,"menu_order":0,"comment_status":"closed","ping_status":"closed","template":"templates\/template-application-platform.php","meta":{"publish_to_discourse":"","publish_post_category":"","wpdc_auto_publish_overridden":"","wpdc_topic_tags":"","wpdc_pin_topic":"","wpdc_pin_until":"","discourse_post_id":"","discourse_permalink":"","wpdc_publishing_response":"","wpdc_publishing_error":"","footnotes":""},"class_list":["post-15876","page","type-page","status-publish","hentry"],"yoast_head":"<!-- This site is optimized with the Yoast SEO plugin v25.3.1 - https:\/\/yoast.com\/wordpress\/plugins\/seo\/ -->\n<title>\u00a1Crea y agrega un formulario de contacto en HTML gratis!<\/title>\n<meta name=\"description\" content=\"D\u00e9 forma a su widget de formulario de contacto personal para insertar HTML en su sitio web en solo 2 minutos. \u00a1Demostraci\u00f3n gratuita, ayuda para agregar y muchas m\u00e1s ventajas de Elfsight!\" \/>\n<meta name=\"robots\" content=\"index, follow, max-snippet:-1, max-image-preview:large, max-video-preview:-1\" \/>\n<link rel=\"canonical\" href=\"https:\/\/elfsight.com\/es\/contact-form-widget\/html\/\" \/>\n<meta property=\"og:locale\" content=\"es_ES\" \/>\n<meta property=\"og:type\" content=\"article\" \/>\n<meta property=\"og:title\" content=\"\u00a1Crea y agrega un formulario de contacto en HTML gratis!\" \/>\n<meta property=\"og:description\" content=\"D\u00e9 forma a su widget de formulario de contacto personal para insertar HTML en su sitio web en solo 2 minutos. \u00a1Demostraci\u00f3n gratuita, ayuda para agregar y muchas m\u00e1s ventajas de Elfsight!\" \/>\n<meta property=\"og:url\" content=\"https:\/\/elfsight.com\/es\/contact-form-widget\/html\/\" \/>\n<meta property=\"og:site_name\" content=\"Elfsight ES\" \/>\n<meta property=\"article:modified_time\" content=\"2026-02-03T13:52:09+00:00\" \/>\n<meta name=\"twitter:card\" content=\"summary_large_image\" \/>\n<meta name=\"twitter:label1\" content=\"Tiempo de lectura\" \/>\n\t<meta name=\"twitter:data1\" content=\"4 minutos\" \/>\n<!-- \/ Yoast SEO plugin. -->","yoast_head_json":{"title":"\u00a1Crea y agrega un formulario de contacto en HTML gratis!","description":"D\u00e9 forma a su widget de formulario de contacto personal para insertar HTML en su sitio web en solo 2 minutos. \u00a1Demostraci\u00f3n gratuita, ayuda para agregar y muchas m\u00e1s ventajas de Elfsight!","robots":{"index":"index","follow":"follow","max-snippet":"max-snippet:-1","max-image-preview":"max-image-preview:large","max-video-preview":"max-video-preview:-1"},"canonical":"https:\/\/elfsight.com\/es\/contact-form-widget\/html\/","og_locale":"es_ES","og_type":"article","og_title":"\u00a1Crea y agrega un formulario de contacto en HTML gratis!","og_description":"D\u00e9 forma a su widget de formulario de contacto personal para insertar HTML en su sitio web en solo 2 minutos. \u00a1Demostraci\u00f3n gratuita, ayuda para agregar y muchas m\u00e1s ventajas de Elfsight!","og_url":"https:\/\/elfsight.com\/es\/contact-form-widget\/html\/","og_site_name":"Elfsight ES","article_modified_time":"2026-02-03T13:52:09+00:00","twitter_card":"summary_large_image","twitter_misc":{"Tiempo de lectura":"4 minutos"},"schema":{"@context":"https:\/\/schema.org","@graph":[{"@type":"WebPage","@id":"https:\/\/elfsight.com\/es\/contact-form-widget\/html\/","url":"https:\/\/elfsight.com\/es\/contact-form-widget\/html\/","name":"\u00a1Crea y agrega un formulario de contacto en HTML gratis!","isPartOf":{"@id":"https:\/\/elfsight.com\/es\/#website"},"datePublished":"2024-05-03T06:32:58+00:00","dateModified":"2026-02-03T13:52:09+00:00","description":"D\u00e9 forma a su widget de formulario de contacto personal para insertar HTML en su sitio web en solo 2 minutos. \u00a1Demostraci\u00f3n gratuita, ayuda para agregar y muchas m\u00e1s ventajas de Elfsight!","breadcrumb":{"@id":"https:\/\/elfsight.com\/es\/contact-form-widget\/html\/#breadcrumb"},"inLanguage":"es","potentialAction":[{"@type":"ReadAction","target":["https:\/\/elfsight.com\/es\/contact-form-widget\/html\/"]}]},{"@type":"BreadcrumbList","@id":"https:\/\/elfsight.com\/es\/contact-form-widget\/html\/#breadcrumb","itemListElement":[{"@type":"ListItem","position":1,"name":"Home","item":"https:\/\/elfsight.com\/es\/"},{"@type":"ListItem","position":2,"name":"Contact Form","item":"https:\/\/elfsight.com\/es\/contact-form-widget\/"},{"@type":"ListItem","position":3,"name":"Contact Form &#8211; HTML"}]},{"@type":"WebSite","@id":"https:\/\/elfsight.com\/es\/#website","url":"https:\/\/elfsight.com\/es\/","name":"Elfsight ES","description":"Just another Elfsight Sites site","potentialAction":[{"@type":"SearchAction","target":{"@type":"EntryPoint","urlTemplate":"https:\/\/elfsight.com\/es\/?s={search_term_string}"},"query-input":{"@type":"PropertyValueSpecification","valueRequired":true,"valueName":"search_term_string"}}],"inLanguage":"es"}]}},"meta_box":{"industry":"","seo_heading":"","heading":"","description":"","cta_heading":"","cta_description":"","application":"668","h1":"Widget de formulario de contacto para HTML","h1_caption":"Cree e incruste f\u00e1cilmente formularios de contacto en su sitio web para fomentar la interacci\u00f3n del usuario y las consultas en su sitio web HTML sin esfuerzo.","application_category":[],"applications_title":"","applications_request_title":"","applications_request_button_text":"","hero_text":"","hero_video":"","hero_video_schema_markup":"","selling_points_title":"","selling_points_caption":"","selling_points":[],"selling_points_cta_text":"","features_title":"","features":"","ed_cta_examples_text":"","ed_cta_examples_hidden":"","ed_cta_demo_text":"","ed_cta_demo_hidden":"","why_caption":"","why_editor_title":"","why_editor_text":"","why_team_title":"","why_team_text":"","why_service_title":"","why_service_text":"","template_catalog_visible":"0","template_catalog_title":"","template_catalog_text":"","template_catalog_categories_visible":"","demo_title":"Crea tu widget de formulario de contacto","demo_caption":"\u00a1Configure su formulario de contacto y agr\u00e9guelo a su sitio web HTML gratis!","default_faq_hidden":"","app_template_category":[],"platform":"70","template_public_id":"","codecanyon_url":"","codecanyon_item_id":"","codecanyon_price":"","pricing_caption":"","pricing_elfsight_apps_hide_column":"","pricing_elfsight_apps_url":"","pricing_codecanyon_price_caption":"","integration_category":[],"integration_request_title":"","integration_request_cta":"","integration_platform":"","integrations":[],"platform_category":[],"video_schema_markup":"","price":"desde $0 \/ mes","trial":"","benefits":[{"text":"Ayuda de instalaci\u00f3n gratuita"},{"text":"Atenci\u00f3n al cliente experimentada"},{"text":"Garant\u00eda de devoluci\u00f3n de dinero de 14 d\u00edas"},{"text":"Actualizaciones continuas"}],"button_url":"#demo","button_target_blank":"0","button_nofollow":"0","attributes":[{"name":"Instalaciones","content":"100,000 - 500,000"},{"name":"Sensible","content":"S\u00ed"},{"name":"Navegadores compatibles","content":"Firefox, Safari, Opera, Chrome, Edge"}],"tags":[],"tags_disable_links":"0","hide_more_platforms":"0","video_object":"","demo_hide_cta":"0","demo_hide_cloud_options":"0","pricing_title":"","pricing":[{"pricing_icon":"platform","pricing_title":"Platform-independent solution","pricing_title_caption":"Desarrollado por el servicio de aplicaciones Elfsight","pricing_price":"desde $0 \/ mes","pricing_price_caption":"comienza con el plan gratuito","pricing_benefits":[{"text":"Sitios web ilimitados"},{"text":"Soporte r\u00e1pido de la empresa y bien documentado."},{"text":"Ayuda de instalaci\u00f3n gratuita"},{"text":"Precio a alcanzar para m\u00faltiples aplicaciones"}],"pricing_button_text":"A\u00f1adir al sitio web","pricing_button_url":"#demo"}],"related_apps_title":"","related_apps_hidden":"0","author":"","image":[],"title":"","job":"","social_networks":[]},"_links":{"self":[{"href":"https:\/\/elfsight.com\/es\/wp-json\/wp\/v2\/pages\/15876","targetHints":{"allow":["GET"]}}],"collection":[{"href":"https:\/\/elfsight.com\/es\/wp-json\/wp\/v2\/pages"}],"about":[{"href":"https:\/\/elfsight.com\/es\/wp-json\/wp\/v2\/types\/page"}],"author":[{"embeddable":true,"href":"https:\/\/elfsight.com\/es\/wp-json\/wp\/v2\/users\/9"}],"replies":[{"embeddable":true,"href":"https:\/\/elfsight.com\/es\/wp-json\/wp\/v2\/comments?post=15876"}],"version-history":[{"count":4,"href":"https:\/\/elfsight.com\/es\/wp-json\/wp\/v2\/pages\/15876\/revisions"}],"predecessor-version":[{"id":20055,"href":"https:\/\/elfsight.com\/es\/wp-json\/wp\/v2\/pages\/15876\/revisions\/20055"}],"up":[{"embeddable":true,"href":"https:\/\/elfsight.com\/es\/wp-json\/wp\/v2\/pages\/669"}],"wp:attachment":[{"href":"https:\/\/elfsight.com\/es\/wp-json\/wp\/v2\/media?parent=15876"}],"curies":[{"name":"wp","href":"https:\/\/api.w.org\/{rel}","templated":true}]}}