{"id":15874,"date":"2024-05-03T06:32:41","date_gmt":"2024-05-03T06:32:41","guid":{"rendered":"https:\/\/elfsight.com\/es\/?page_id=15874"},"modified":"2025-02-06T15:02:22","modified_gmt":"2025-02-06T15:02:22","slug":"godaddy","status":"publish","type":"page","link":"https:\/\/elfsight.com\/es\/contact-form-widget\/godaddy\/","title":{"rendered":"Contact Form &#8211; GoDaddy"},"content":{"rendered":"<div class=\"application-platform-content-item-description application-platform-content-item\" id=\"description\" data-nav-section=\"description\"> <h2>Formulario de contacto para GoDaddy<\/h2> <p>Los usuarios del creador de sitios web de GoDaddy pueden beneficiarse del widget de formulario de contacto de Elfsight, que proporciona una forma f\u00e1cil de crear un formulario \u00fatil para tu sitio web, donde los visitantes pueden dejar comentarios o mensajes. Organiza tu formulario a\u00f1adiendo cualquier cantidad y tipo de campos y establece tu direcci\u00f3n de correo electr\u00f3nico, \u00a1y estar\u00e1s en contacto con tus clientes las 24 horas del d\u00eda, los 7 d\u00edas de la semana! El formulario de contacto de Elfsight es altamente personalizable y permite elegir entre tres dise\u00f1os, agregar una imagen, cambiar el t\u00edtulo, hacer que algunos de los campos sean obligatorios y mucho m\u00e1s para crear un formulario de contacto atractivo y f\u00e1cil de llenar.<\/p> <p><b>Aumenta tu generaci\u00f3n de clientes potenciales permitiendo una interacci\u00f3n f\u00e1cil y r\u00e1pida con tus clientes<\/b><\/p> <\/div> <div class=\"application-platform-content-item-features application-platform-content-item\" id=\"features\" data-nav-section=\"features\"> <h2>Complemento de formulario de contacto<\/h2> <ul><li>Los formularios multistep muestran una barra de progreso con el n\u00famero total de pasos y el nombre del paso actual.<\/li><li>Opci\u00f3n de distribuir los campos en varias columnas.<\/li><li>Escenarios nuevos despu\u00e9s de la presentaci\u00f3n: redirigir a otra p\u00e1gina por URL o ocultar el formulario.<\/li><li>Opci\u00f3n de desactivar la funci\u00f3n de guardar el progreso de llenado.<\/li><li>Una selecci\u00f3n de 10 iconos de encabezado.<\/li><\/ul><p><a href=\"#demo\">Explora todos los ajustes en la demostraci\u00f3n de funciones completas<\/a><\/p> <\/div> <div class=\"application-platform-content-item-installation application-platform-content-item\" id=\"installation\" data-nav-section=\"installation\"> <h2>\u00bfC\u00f3mo incrustar el formulario de contacto en mi sitio de GoDaddy?<\/h2> <p>Simplemente sigue las instrucciones a continuaci\u00f3n para integrar el complemento.<\/p> <ol><li><b>Usa nuestro editor gratuito y comienza a crear tu propio complemento.<\/b><br> Especifica la interfaz y las caracter\u00edsticas seleccionadas de la herramienta y aplica las modificaciones.<\/li>  <li><b>Copia el c\u00f3digo \u00fanico que aparece en el cuadro en Elfsight Apps.<\/b><br> Cuando termines de personalizar tu complemento, copia el c\u00f3digo individual en el cuadro emergente y gu\u00e1rdalo para su uso futuro.<\/li>  <li><b>Comienza a usar el complemento en tu sitio de GoDaddy.<\/b><br> Agrega el c\u00f3digo que copiaste previamente en tu p\u00e1gina web y aplica las mejoras.<\/li>  <li><b>\u00a1Listo! La integraci\u00f3n se realiz\u00f3 con \u00e9xito.<\/b><br> Ve a tu sitio para ver c\u00f3mo est\u00e1 funcionando el complemento.<\/li><\/ol> <p>Si tienes preguntas o encuentras alg\u00fan problema, no dudes en pedir ayuda a nuestro equipo de atenci\u00f3n al cliente. Nuestro equipo est\u00e1 dispuesto a ayudarte con cualquier pregunta que puedas tener sobre la herramienta.<\/p> <div class=\"faq\" data-component=\"FAQ\"> <div class=\"faq-item\">\r\n\t\t\t\t\t<div class=\"faq-item-question\">\r\n\t\t\t\t\t\t<h3 class=\"faq-item-question-text\">\u00bfC\u00f3mo agregar un formulario de contacto a mi sitio de GoDaddy sin conocimientos de programaci\u00f3n?<\/h3>\r\n\r\n\t\t\t\t\t\t<div class=\"faq-item-question-icon\"><\/div>\r\n\t\t\t\t\t<\/div>\r\n\r\n\t\t\t\t\t<div class=\"faq-item-answer\">\r\n\t\t\t\t\t\t<div class=\"faq-item-answer-text\"> <p>Elfsight ofrece una soluci\u00f3n SaaS que te permite crear un widget de formulario de contacto por ti mismo, mira lo f\u00e1cil que es el proceso: Trabaja directamente en el Editor en l\u00ednea para crear un widget de formulario de contacto que te gustar\u00eda ver en tu sitio de GoDaddy. Elige una de las plantillas predise\u00f1adas y ajusta la configuraci\u00f3n del formulario de contacto, agrega tu contenido, cambia el dise\u00f1o y la paleta de colores sin conocimientos de programaci\u00f3n. Guarda el formulario de contacto y copia su c\u00f3digo de instalaci\u00f3n, que podr\u00e1s incrustar f\u00e1cilmente en tu sitio web de GoDaddy sin necesidad de comprar un plan de pago. Con nuestro Editor intuitivo, cualquier usuario de internet puede crear un widget de formulario de contacto en l\u00ednea e incrustarlo f\u00e1cilmente en su sitio web de GoDaddy. No es necesario pagar ni ingresar los datos de la tarjeta para acceder al servicio. Si enfrentas alg\u00fan problema en cualquier paso, no dudes en contactar con nuestro equipo de soporte t\u00e9cnico.<\/p> <\/div>\r\n\t\t\t\t\t<\/div>\r\n\t\t\t\t<\/div> <div class=\"faq-item\">\r\n\t\t\t\t\t<div class=\"faq-item-question\">\r\n\t\t\t\t\t\t<h3 class=\"faq-item-question-text\">\u00bfExisten plantillas de formularios de contacto para sitios web de GoDaddy?<\/h3>\r\n\r\n\t\t\t\t\t\t<div class=\"faq-item-question-icon\"><\/div>\r\n\t\t\t\t\t<\/div>\r\n\r\n\t\t\t\t\t<div class=\"faq-item-answer\">\r\n\t\t\t\t\t\t<div class=\"faq-item-answer-text\"><p>\u00a1S\u00ed, las hay! El equipo de Elfsight ha creado una excelente colecci\u00f3n de m\u00e1s de 300 plantillas listas para usar. Y seguro no te decepcionar\u00e1n las <a href=\"https:\/\/elfsight.com\/online-form-builder\/templates\/contact-forms\/\">plantillas de formularios de contacto<\/a>.<\/p><\/div>\r\n\t\t\t\t\t<\/div>\r\n\t\t\t\t<\/div><\/div> <\/div>","protected":false},"excerpt":{"rendered":"","protected":false},"author":9,"featured_media":0,"parent":669,"menu_order":0,"comment_status":"closed","ping_status":"closed","template":"templates\/template-application-platform.php","meta":{"publish_to_discourse":"","publish_post_category":"","wpdc_auto_publish_overridden":"","wpdc_topic_tags":"","wpdc_pin_topic":"","wpdc_pin_until":"","discourse_post_id":"","discourse_permalink":"","wpdc_publishing_response":"","wpdc_publishing_error":"","footnotes":""},"class_list":["post-15874","page","type-page","status-publish","hentry"],"yoast_head":"<!-- This site is optimized with the Yoast SEO plugin v25.3.1 - https:\/\/yoast.com\/wordpress\/plugins\/seo\/ -->\n<title>\u00a1Crea y agrega un formulario de contacto en GoDaddy gratis!<\/title>\n<meta name=\"description\" content=\"Cree su complemento de formulario de contacto exclusivo para el programa GoDaddy en su sitio en solo 1 minuto. Demostraci\u00f3n gratuita, soporte con el dise\u00f1o.\" \/>\n<meta name=\"robots\" content=\"index, follow, max-snippet:-1, max-image-preview:large, max-video-preview:-1\" \/>\n<link rel=\"canonical\" href=\"https:\/\/elfsight.com\/es\/contact-form-widget\/godaddy\/\" \/>\n<meta property=\"og:locale\" content=\"es_ES\" \/>\n<meta property=\"og:type\" content=\"article\" \/>\n<meta property=\"og:title\" content=\"\u00a1Crea y agrega un formulario de contacto en GoDaddy gratis!\" \/>\n<meta property=\"og:description\" content=\"Cree su complemento de formulario de contacto exclusivo para el programa GoDaddy en su sitio en solo 1 minuto. Demostraci\u00f3n gratuita, soporte con el dise\u00f1o.\" \/>\n<meta property=\"og:url\" content=\"https:\/\/elfsight.com\/es\/contact-form-widget\/godaddy\/\" \/>\n<meta property=\"og:site_name\" content=\"Elfsight ES\" \/>\n<meta property=\"article:modified_time\" content=\"2025-02-06T15:02:22+00:00\" \/>\n<meta name=\"twitter:card\" content=\"summary_large_image\" \/>\n<meta name=\"twitter:label1\" content=\"Tiempo de lectura\" \/>\n\t<meta name=\"twitter:data1\" content=\"3 minutos\" \/>\n<!-- \/ Yoast SEO plugin. -->","yoast_head_json":{"title":"\u00a1Crea y agrega un formulario de contacto en GoDaddy gratis!","description":"Cree su complemento de formulario de contacto exclusivo para el programa GoDaddy en su sitio en solo 1 minuto. Demostraci\u00f3n gratuita, soporte con el dise\u00f1o.","robots":{"index":"index","follow":"follow","max-snippet":"max-snippet:-1","max-image-preview":"max-image-preview:large","max-video-preview":"max-video-preview:-1"},"canonical":"https:\/\/elfsight.com\/es\/contact-form-widget\/godaddy\/","og_locale":"es_ES","og_type":"article","og_title":"\u00a1Crea y agrega un formulario de contacto en GoDaddy gratis!","og_description":"Cree su complemento de formulario de contacto exclusivo para el programa GoDaddy en su sitio en solo 1 minuto. Demostraci\u00f3n gratuita, soporte con el dise\u00f1o.","og_url":"https:\/\/elfsight.com\/es\/contact-form-widget\/godaddy\/","og_site_name":"Elfsight ES","article_modified_time":"2025-02-06T15:02:22+00:00","twitter_card":"summary_large_image","twitter_misc":{"Tiempo de lectura":"3 minutos"},"schema":{"@context":"https:\/\/schema.org","@graph":[{"@type":"WebPage","@id":"https:\/\/elfsight.com\/es\/contact-form-widget\/godaddy\/","url":"https:\/\/elfsight.com\/es\/contact-form-widget\/godaddy\/","name":"\u00a1Crea y agrega un formulario de contacto en GoDaddy gratis!","isPartOf":{"@id":"https:\/\/elfsight.com\/es\/#website"},"datePublished":"2024-05-03T06:32:41+00:00","dateModified":"2025-02-06T15:02:22+00:00","description":"Cree su complemento de formulario de contacto exclusivo para el programa GoDaddy en su sitio en solo 1 minuto. Demostraci\u00f3n gratuita, soporte con el dise\u00f1o.","breadcrumb":{"@id":"https:\/\/elfsight.com\/es\/contact-form-widget\/godaddy\/#breadcrumb"},"inLanguage":"es","potentialAction":[{"@type":"ReadAction","target":["https:\/\/elfsight.com\/es\/contact-form-widget\/godaddy\/"]}]},{"@type":"BreadcrumbList","@id":"https:\/\/elfsight.com\/es\/contact-form-widget\/godaddy\/#breadcrumb","itemListElement":[{"@type":"ListItem","position":1,"name":"Home","item":"https:\/\/elfsight.com\/es\/"},{"@type":"ListItem","position":2,"name":"Contact Form","item":"https:\/\/elfsight.com\/es\/contact-form-widget\/"},{"@type":"ListItem","position":3,"name":"Contact Form &#8211; GoDaddy"}]},{"@type":"WebSite","@id":"https:\/\/elfsight.com\/es\/#website","url":"https:\/\/elfsight.com\/es\/","name":"Elfsight ES","description":"Just another Elfsight Sites site","potentialAction":[{"@type":"SearchAction","target":{"@type":"EntryPoint","urlTemplate":"https:\/\/elfsight.com\/es\/?s={search_term_string}"},"query-input":{"@type":"PropertyValueSpecification","valueRequired":true,"valueName":"search_term_string"}}],"inLanguage":"es"}]}},"meta_box":{"industry":"","seo_heading":"","heading":"","description":"","cta_heading":"","cta_description":"","application":"668","h1":"Complemento de formulario de contacto de GoDaddy","h1_caption":"Cree e incruste f\u00e1cilmente formularios de contacto en su sitio web para fomentar la interacci\u00f3n del usuario y las consultas en su sitio web de GoDaddy sin esfuerzo.","application_category":[],"applications_title":"","applications_request_title":"","applications_request_button_text":"","hero_text":"","hero_video":"","hero_video_schema_markup":"","selling_points_title":"","selling_points_caption":"","selling_points":[],"selling_points_cta_text":"","features_title":"","features":"","ed_cta_examples_text":"","ed_cta_examples_hidden":"","ed_cta_demo_text":"","ed_cta_demo_hidden":"","why_caption":"","why_editor_title":"","why_editor_text":"","why_team_title":"","why_team_text":"","why_service_title":"","why_service_text":"","template_catalog_visible":"","template_catalog_title":"","template_catalog_text":"","template_catalog_categories_visible":"","demo_title":"Crea tu complemento de formulario de contacto","demo_caption":"\u00a1Configura tu formulario de contacto y agr\u00e9galo a tu sitio web de GoDaddy gratis!","default_faq_hidden":"","app_template_category":[],"platform":"2183","template_public_id":"","codecanyon_url":"","codecanyon_item_id":"","codecanyon_price":"","pricing_caption":"","pricing_elfsight_apps_hide_column":"","pricing_elfsight_apps_url":"","pricing_codecanyon_price_caption":"","integration_category":[],"integration_request_title":"","integration_request_cta":"","integration_platform":"","integrations":[],"platform_category":[],"video_schema_markup":"","price":"desde $0 \/ mes","trial":"","benefits":[{"text":"Asistencia de instalaci\u00f3n gratuita"},{"text":"Servicio al cliente competente"},{"text":"Garant\u00eda de devoluci\u00f3n de dinero de 14 d\u00edas"},{"text":"Desarrollo continuo"}],"button_url":"#demo","button_target_blank":"","button_nofollow":"","attributes":[{"name":"Instalaciones","content":"100,000 - 500,000"},{"name":"Sensible","content":"S\u00ed"},{"name":"Navegadores compatibles","content":"IE11, Firefox, Safari, Opera, Chrome, Edge"}],"tags":[],"tags_disable_links":"","hide_more_platforms":"","video_object":"","demo_hide_cta":"","demo_hide_cloud_options":"","pricing_title":"","pricing":[{"pricing_icon":"platform","pricing_title":"Elfsight Apps","pricing_title_caption":"Software independiente de la plataforma","pricing_price":"desde $0 \/ mes","pricing_price_caption":"comienza con el plan gratuito","pricing_benefits":[{"text":"Dominios ilimitados"},{"text":"Soporte r\u00e1pido, puntual y bien documentado."},{"text":"Soporte de instalaci\u00f3n gratuito"},{"text":"Dise\u00f1o flexible"}],"pricing_button_text":"A\u00f1adir al sitio web","pricing_button_url":"#demo"}],"related_apps_title":"","related_apps_hidden":"","author":"","image":[],"title":"","job":"","social_networks":[]},"_links":{"self":[{"href":"https:\/\/elfsight.com\/es\/wp-json\/wp\/v2\/pages\/15874","targetHints":{"allow":["GET"]}}],"collection":[{"href":"https:\/\/elfsight.com\/es\/wp-json\/wp\/v2\/pages"}],"about":[{"href":"https:\/\/elfsight.com\/es\/wp-json\/wp\/v2\/types\/page"}],"author":[{"embeddable":true,"href":"https:\/\/elfsight.com\/es\/wp-json\/wp\/v2\/users\/9"}],"replies":[{"embeddable":true,"href":"https:\/\/elfsight.com\/es\/wp-json\/wp\/v2\/comments?post=15874"}],"version-history":[{"count":3,"href":"https:\/\/elfsight.com\/es\/wp-json\/wp\/v2\/pages\/15874\/revisions"}],"predecessor-version":[{"id":17806,"href":"https:\/\/elfsight.com\/es\/wp-json\/wp\/v2\/pages\/15874\/revisions\/17806"}],"up":[{"embeddable":true,"href":"https:\/\/elfsight.com\/es\/wp-json\/wp\/v2\/pages\/669"}],"wp:attachment":[{"href":"https:\/\/elfsight.com\/es\/wp-json\/wp\/v2\/media?parent=15874"}],"curies":[{"name":"wp","href":"https:\/\/api.w.org\/{rel}","templated":true}]}}