{"id":15873,"date":"2024-05-03T06:32:45","date_gmt":"2024-05-03T06:32:45","guid":{"rendered":"https:\/\/elfsight.com\/es\/?page_id=15873"},"modified":"2025-02-06T15:02:22","modified_gmt":"2025-02-06T15:02:22","slug":"facebook","status":"publish","type":"page","link":"https:\/\/elfsight.com\/es\/contact-form-widget\/facebook\/","title":{"rendered":"Contact Form &#8211; Facebook Page"},"content":{"rendered":"<div class=\"application-platform-content-item-description application-platform-content-item\" id=\"description\" data-nav-section=\"description\"><h2>Formulario de contacto para p\u00e1gina de Facebook<\/h2><p>La pesta\u00f1a de contacto de Facebook de Elfsight es una herramienta poderosa que puede ayudarte a satisfacer todas tus necesidades clave para obtener impresiones y pedidos de los clientes de tu p\u00e1gina. Ya sea que te preguntes c\u00f3mo crear un formulario en tu p\u00e1gina de Facebook, o simplemente busques una forma de agregar un formulario a tu p\u00e1gina de Facebook, nuestra pesta\u00f1a puede ayudarte a incorporar los elementos adicionales para completar el formulario, definir el dise\u00f1o requerido y ajustar la apariencia para inspirar a\u00fan m\u00e1s a tus clientes a enviar una rese\u00f1a sobre tus servicios o negocio.<\/p><\/div><div class=\"application-platform-content-item-features application-platform-content-item\" id=\"features\" data-nav-section=\"features\"><h2>Complemento de formulario de contacto<\/h2><p>\u00bfQu\u00e9 hace que nuestro formulario de contacto sea el mejor complemento para recopilar impresiones de clientes y recibir consultas en Facebook? Revisa nuestras caracter\u00edsticas clave:<\/p><ul><li>Distribuir los campos en varias columnas;<\/li><li>Soporte de reCAPTCHA invisible;<\/li><li>Soporte para m\u00faltiples direcciones de correo electr\u00f3nico;<\/li><li>10 iconos incrustados para el bot\u00f3n flotante;<\/li><li>Formato de texto en el encabezado: tipo de fuente, alineaci\u00f3n, lista, enlaces disponibles.<\/li><\/ul><p><a href=\"#demo\">Prueba toda la lista de caracter\u00edsticas en nuestra demostraci\u00f3n<\/a><\/p><\/div><div class=\"application-platform-content-item-installation application-platform-content-item\" id=\"installation\" data-nav-section=\"installation\"><h2>C\u00f3mo crear la pesta\u00f1a de formulario de contacto para la p\u00e1gina de Facebook de tu negocio<\/h2><p>Sigue nuestro tutorial para integrar el widget de contacto en tu p\u00e1gina. La duraci\u00f3n total de la instalaci\u00f3n no tomar\u00e1 m\u00e1s de 70 segundos aproximadamente.<\/p><ul><li><b>Crea tu propio widget de contacto<\/b><br>Usando nuestro editor gratuito, da forma a un complemento con el dise\u00f1o y la funcionalidad que prefieras.<\/li><li><b>Obt\u00e9n el c\u00f3digo personal para agregar el formulario<\/b><br>Despu\u00e9s de crear tu widget, obtendr\u00e1s el c\u00f3digo de instalaci\u00f3n desde la notificaci\u00f3n emergente en Elfsight Apps. Copia este c\u00f3digo para usarlo m\u00e1s adelante.<\/li><li><b>Agrega la pesta\u00f1a del formulario a tu p\u00e1gina de Facebook<\/b><br>Crea tu pesta\u00f1a personalizada en Facebook. Inserta el c\u00f3digo que recibiste en Elfsight Apps en la pesta\u00f1a. Si tienes alg\u00fan problema, consulta nuestra gu\u00eda sobre <a href=\"https:\/\/elfsight.com\/blog\/how-to-add-custom-tab-to-facebook-page\/\" target=\"_blank\" rel=\"noopener noreferrer\">c\u00f3mo crear una pesta\u00f1a personalizada en Facebook<\/a>.<\/li><li><b>\u00a1Listo!<\/b><br>Ve a la p\u00e1gina para revisar tu widget.<\/li><\/ul><p>\u00bfTuviste problemas al instalar el complemento? Te recomendamos leer la gu\u00eda completa \u00abC\u00f3mo mostrar un formulario de contacto en una p\u00e1gina de Facebook\u00bb e intentar incrustarlo nuevamente por ti mismo o contactar con el centro de ayuda de Elfsight para recibir asistencia.<\/p><\/div><div class=\"faq\" data-component=\"FAQ\"><div class=\"faq-item\">\r\n\t\t\t\t\t<div class=\"faq-item-question\">\r\n\t\t\t\t\t\t<h3 class=\"faq-item-question-text\">\u00bfC\u00f3mo puedo preservar los datos del formulario de usuario en mi p\u00e1gina de Facebook?<\/h3>\r\n\r\n\t\t\t\t\t\t<div class=\"faq-item-question-icon\"><\/div>\r\n\t\t\t\t\t<\/div>\r\n\r\n\t\t\t\t\t<div class=\"faq-item-answer\">\r\n\t\t\t\t\t\t<div class=\"faq-item-answer-text\"><p>Nuestro Creador de Formularios est\u00e1 integrado con uno de los servicios m\u00e1s efectivos de reCAPTCHA. Est\u00e1 dise\u00f1ado para proteger tus formularios y tu bandeja de entrada contra el spam y los bots, garantizando un funcionamiento sin interrupciones y solo datos valiosos.<\/p><\/div>\r\n\t\t\t\t\t<\/div>\r\n\t\t\t\t<\/div><div class=\"faq-item\">\r\n\t\t\t\t\t<div class=\"faq-item-question\">\r\n\t\t\t\t\t\t<h3 class=\"faq-item-question-text\">\u00bfTienen plantillas que soporten formularios con l\u00f3gica condicional \/ m\u00faltiples campos \/ formularios con correos electr\u00f3nicos?<\/h3>\r\n\r\n\t\t\t\t\t\t<div class=\"faq-item-question-icon\"><\/div>\r\n\t\t\t\t\t<\/div>\r\n\r\n\t\t\t\t\t<div class=\"faq-item-answer\">\r\n\t\t\t\t\t\t<div class=\"faq-item-answer-text\"><p>\u00a1Claro! Todo lo que tienes que hacer es ingresar a Elfsight Apps y seleccionar cualquier plantilla relevante, luego comenzar a dise\u00f1ar tu herramienta personalizada.<\/p><\/div>\r\n\t\t\t\t\t<\/div>\r\n\t\t\t\t<\/div><div class=\"faq-item\">\r\n\t\t\t\t\t<div class=\"faq-item-question\">\r\n\t\t\t\t\t\t<h3 class=\"faq-item-question-text\">\u00bfC\u00f3mo puedo incrustar un formulario de contacto \/ comentarios en mi p\u00e1gina de Facebook?<\/h3>\r\n\r\n\t\t\t\t\t\t<div class=\"faq-item-question-icon\"><\/div>\r\n\t\t\t\t\t<\/div>\r\n\r\n\t\t\t\t\t<div class=\"faq-item-answer\">\r\n\t\t\t\t\t\t<div class=\"faq-item-answer-text\"><p>Para crear tu formulario de contacto \/ comentarios, debes ingresar a Elfsight Apps y realizar todos los cambios necesarios en el widget. Despu\u00e9s de terminar, guarda los ajustes y contin\u00faa con tu p\u00e1gina. As\u00ed de simple.<\/p><\/div>\r\n\t\t\t\t\t<\/div>\r\n\t\t\t\t<\/div><div class=\"faq-item\">\r\n\t\t\t\t\t<div class=\"faq-item-question\">\r\n\t\t\t\t\t\t<h3 class=\"faq-item-question-text\">\u00bfTienen plantillas de formulario de contacto para la p\u00e1gina de Facebook?<\/h3>\r\n\r\n\t\t\t\t\t\t<div class=\"faq-item-question-icon\"><\/div>\r\n\t\t\t\t\t<\/div>\r\n\r\n\t\t\t\t\t<div class=\"faq-item-answer\">\r\n\t\t\t\t\t\t<div class=\"faq-item-answer-text\"><p>\u00a1S\u00ed, las hay! El equipo de Elfsight ha creado una excelente colecci\u00f3n de m\u00e1s de 300 plantillas listas para usar. Y no te decepcionar\u00e1 con las <a href=\"https:\/\/elfsight.com\/online-form-builder\/templates\/contact-forms\/\">plantillas de formularios de contacto<\/a>.<\/p><\/div>\r\n\t\t\t\t\t<\/div>\r\n\t\t\t\t<\/div><\/div>","protected":false},"excerpt":{"rendered":"","protected":false},"author":9,"featured_media":0,"parent":669,"menu_order":0,"comment_status":"closed","ping_status":"closed","template":"templates\/template-application-platform.php","meta":{"publish_to_discourse":"","publish_post_category":"","wpdc_auto_publish_overridden":"","wpdc_topic_tags":"","wpdc_pin_topic":"","wpdc_pin_until":"","discourse_post_id":"","discourse_permalink":"","wpdc_publishing_response":"","wpdc_publishing_error":"","footnotes":""},"class_list":["post-15873","page","type-page","status-publish","hentry"],"yoast_head":"<!-- This site is optimized with the Yoast SEO plugin v25.3.1 - https:\/\/yoast.com\/wordpress\/plugins\/seo\/ -->\n<title>\u00a1Crea y agrega formulario de contacto en Facebook gratis!<\/title>\n<meta name=\"description\" content=\"Esta es una oportunidad para crear la pesta\u00f1a Formulario de contacto y agregarla a su p\u00e1gina comercial de Facebook. Obtenga servicio al cliente gratuito y otras ventajas de Elfsight.\" \/>\n<meta name=\"robots\" content=\"index, follow, max-snippet:-1, max-image-preview:large, max-video-preview:-1\" \/>\n<link rel=\"canonical\" href=\"https:\/\/elfsight.com\/es\/contact-form-widget\/facebook\/\" \/>\n<meta property=\"og:locale\" content=\"es_ES\" \/>\n<meta property=\"og:type\" content=\"article\" \/>\n<meta property=\"og:title\" content=\"\u00a1Crea y agrega formulario de contacto en Facebook gratis!\" \/>\n<meta property=\"og:description\" content=\"Esta es una oportunidad para crear la pesta\u00f1a Formulario de contacto y agregarla a su p\u00e1gina comercial de Facebook. Obtenga servicio al cliente gratuito y otras ventajas de Elfsight.\" \/>\n<meta property=\"og:url\" content=\"https:\/\/elfsight.com\/es\/contact-form-widget\/facebook\/\" \/>\n<meta property=\"og:site_name\" content=\"Elfsight ES\" \/>\n<meta property=\"article:modified_time\" content=\"2025-02-06T15:02:22+00:00\" \/>\n<meta name=\"twitter:card\" content=\"summary_large_image\" \/>\n<meta name=\"twitter:label1\" content=\"Tiempo de lectura\" \/>\n\t<meta name=\"twitter:data1\" content=\"3 minutos\" \/>\n<!-- \/ Yoast SEO plugin. -->","yoast_head_json":{"title":"\u00a1Crea y agrega formulario de contacto en Facebook gratis!","description":"Esta es una oportunidad para crear la pesta\u00f1a Formulario de contacto y agregarla a su p\u00e1gina comercial de Facebook. Obtenga servicio al cliente gratuito y otras ventajas de Elfsight.","robots":{"index":"index","follow":"follow","max-snippet":"max-snippet:-1","max-image-preview":"max-image-preview:large","max-video-preview":"max-video-preview:-1"},"canonical":"https:\/\/elfsight.com\/es\/contact-form-widget\/facebook\/","og_locale":"es_ES","og_type":"article","og_title":"\u00a1Crea y agrega formulario de contacto en Facebook gratis!","og_description":"Esta es una oportunidad para crear la pesta\u00f1a Formulario de contacto y agregarla a su p\u00e1gina comercial de Facebook. Obtenga servicio al cliente gratuito y otras ventajas de Elfsight.","og_url":"https:\/\/elfsight.com\/es\/contact-form-widget\/facebook\/","og_site_name":"Elfsight ES","article_modified_time":"2025-02-06T15:02:22+00:00","twitter_card":"summary_large_image","twitter_misc":{"Tiempo de lectura":"3 minutos"},"schema":{"@context":"https:\/\/schema.org","@graph":[{"@type":"WebPage","@id":"https:\/\/elfsight.com\/es\/contact-form-widget\/facebook\/","url":"https:\/\/elfsight.com\/es\/contact-form-widget\/facebook\/","name":"\u00a1Crea y agrega formulario de contacto en Facebook gratis!","isPartOf":{"@id":"https:\/\/elfsight.com\/es\/#website"},"datePublished":"2024-05-03T06:32:45+00:00","dateModified":"2025-02-06T15:02:22+00:00","description":"Esta es una oportunidad para crear la pesta\u00f1a Formulario de contacto y agregarla a su p\u00e1gina comercial de Facebook. Obtenga servicio al cliente gratuito y otras ventajas de Elfsight.","breadcrumb":{"@id":"https:\/\/elfsight.com\/es\/contact-form-widget\/facebook\/#breadcrumb"},"inLanguage":"es","potentialAction":[{"@type":"ReadAction","target":["https:\/\/elfsight.com\/es\/contact-form-widget\/facebook\/"]}]},{"@type":"BreadcrumbList","@id":"https:\/\/elfsight.com\/es\/contact-form-widget\/facebook\/#breadcrumb","itemListElement":[{"@type":"ListItem","position":1,"name":"Home","item":"https:\/\/elfsight.com\/es\/"},{"@type":"ListItem","position":2,"name":"Contact Form","item":"https:\/\/elfsight.com\/es\/contact-form-widget\/"},{"@type":"ListItem","position":3,"name":"Contact Form &#8211; Facebook Page"}]},{"@type":"WebSite","@id":"https:\/\/elfsight.com\/es\/#website","url":"https:\/\/elfsight.com\/es\/","name":"Elfsight ES","description":"Just another Elfsight Sites site","potentialAction":[{"@type":"SearchAction","target":{"@type":"EntryPoint","urlTemplate":"https:\/\/elfsight.com\/es\/?s={search_term_string}"},"query-input":{"@type":"PropertyValueSpecification","valueRequired":true,"valueName":"search_term_string"}}],"inLanguage":"es"}]}},"meta_box":{"industry":"","seo_heading":"","heading":"","description":"","cta_heading":"","cta_description":"","application":"668","h1":"Formulario de contacto para la p\u00e1gina de Facebook","h1_caption":"Cree e incruste f\u00e1cilmente formularios de contacto en su sitio web para fomentar la interacci\u00f3n del usuario y las consultas en el sitio web de su p\u00e1gina de Facebook sin esfuerzo.","application_category":[],"applications_title":"","applications_request_title":"","applications_request_button_text":"","hero_text":"","hero_video":"","hero_video_schema_markup":"","selling_points_title":"","selling_points_caption":"","selling_points":[],"selling_points_cta_text":"","features_title":"","features":"","ed_cta_examples_text":"","ed_cta_examples_hidden":"","ed_cta_demo_text":"","ed_cta_demo_hidden":"","why_caption":"","why_editor_title":"","why_editor_text":"","why_team_title":"","why_team_text":"","why_service_title":"","why_service_text":"","template_catalog_visible":"","template_catalog_title":"","template_catalog_text":"","template_catalog_categories_visible":"","demo_title":"Crea tu widget de formulario de contacto","demo_caption":"\u00a1Configure su formulario de contacto y agr\u00e9guelo al sitio web de su p\u00e1gina de Facebook de forma gratuita!","default_faq_hidden":"","app_template_category":[],"platform":"64","template_public_id":"","codecanyon_url":"","codecanyon_item_id":"","codecanyon_price":"","pricing_caption":"","pricing_elfsight_apps_hide_column":"","pricing_elfsight_apps_url":"","pricing_codecanyon_price_caption":"","integration_category":[],"integration_request_title":"","integration_request_cta":"","integration_platform":"","integrations":[],"platform_category":[],"video_schema_markup":"","price":"desde $0 \/ mes","trial":"","benefits":[{"text":"Servicio de instalaci\u00f3n gratuito"},{"text":"Soporte premium"},{"text":"Garant\u00eda de reembolso de 14 d\u00edas"},{"text":"Actualizaciones gratuitas de por vida"}],"button_url":"#demo","button_target_blank":"","button_nofollow":"","attributes":[{"name":"Instalaciones","content":"100,000 - 500,000"},{"name":"Sensible","content":"S\u00ed"},{"name":"Navegadores compatibles","content":"Safari, Edge, Opera, Firefox, Chrome"}],"tags":[],"tags_disable_links":"","hide_more_platforms":"","video_object":"","demo_hide_cta":"","demo_hide_cloud_options":"","pricing_title":"","pricing":[{"pricing_icon":"platform","pricing_title":"Elfsight Apps","pricing_title_caption":"Versi\u00f3n multiplataforma que se adapta a cualquier sitio web","pricing_price":"desde $0 \/ mes","pricing_price_caption":"comienza con el plan gratuito","pricing_benefits":[{"text":"Dominios ilimitados"},{"text":"Soporte gratuito de la empresa"},{"text":"Asistencia de instalaci\u00f3n gratuita"},{"text":"Dise\u00f1o flexible"}],"pricing_button_text":"A\u00f1adir al sitio web","pricing_button_url":"#demo"}],"related_apps_title":"","related_apps_hidden":"","author":"","image":[],"title":"","job":"","social_networks":[]},"_links":{"self":[{"href":"https:\/\/elfsight.com\/es\/wp-json\/wp\/v2\/pages\/15873","targetHints":{"allow":["GET"]}}],"collection":[{"href":"https:\/\/elfsight.com\/es\/wp-json\/wp\/v2\/pages"}],"about":[{"href":"https:\/\/elfsight.com\/es\/wp-json\/wp\/v2\/types\/page"}],"author":[{"embeddable":true,"href":"https:\/\/elfsight.com\/es\/wp-json\/wp\/v2\/users\/9"}],"replies":[{"embeddable":true,"href":"https:\/\/elfsight.com\/es\/wp-json\/wp\/v2\/comments?post=15873"}],"version-history":[{"count":3,"href":"https:\/\/elfsight.com\/es\/wp-json\/wp\/v2\/pages\/15873\/revisions"}],"predecessor-version":[{"id":17803,"href":"https:\/\/elfsight.com\/es\/wp-json\/wp\/v2\/pages\/15873\/revisions\/17803"}],"up":[{"embeddable":true,"href":"https:\/\/elfsight.com\/es\/wp-json\/wp\/v2\/pages\/669"}],"wp:attachment":[{"href":"https:\/\/elfsight.com\/es\/wp-json\/wp\/v2\/media?parent=15873"}],"curies":[{"name":"wp","href":"https:\/\/api.w.org\/{rel}","templated":true}]}}