{"id":15867,"date":"2024-05-03T06:32:59","date_gmt":"2024-05-03T06:32:59","guid":{"rendered":"https:\/\/elfsight.com\/es\/?page_id=15867"},"modified":"2025-02-06T15:01:57","modified_gmt":"2025-02-06T15:01:57","slug":"drupal","status":"publish","type":"page","link":"https:\/\/elfsight.com\/es\/contact-form-widget\/drupal\/","title":{"rendered":"Contact Form &#8211; Drupal"},"content":{"rendered":"<div class=\"application-platform-content-item-description application-platform-content-item\" id=\"description\" data-nav-section=\"description\"><h2>Formulario de contacto para Drupal<\/h2><p>El m\u00f3dulo de contacto de Elfsight para Drupal es un complemento dise\u00f1ado para ayudarte con todas las necesidades actuales de recibir impresiones y solicitudes de los clientes en tu sitio. Muestra los componentes necesarios para llenar, encuentra la plantilla que necesites y personaliza la interfaz para motivar a\u00fan m\u00e1s a tus clientes a dejar solicitudes para los servicios de tu empresa. El complemento de formulario est\u00e1 dise\u00f1ado para cumplir con todas tus necesidades de recopilar comentarios y mantenerte en contacto constante con tus clientes.<\/p><ul><li><b>Mejora la generaci\u00f3n de leads<\/b>.<br>Permanecer cerca de tus clientes potenciales, motiv\u00e1ndolos a comunicarse contigo a trav\u00e9s del m\u00f3dulo de contacto en cualquier momento. Un menor n\u00famero de campos llevar\u00e1 a una mayor conversi\u00f3n.<\/li><li><b>Elimina el spam<\/b>.<br>Preserva solo conversaciones org\u00e1nicas utilizando el servicio altamente efectivo de Google reCAPTCHA para protegerte contra el spam y los bots.<\/li><li><b>Obt\u00e9n comentarios f\u00e1cilmente<\/b>.<br>Crea un complemento de formulario visible para que sea f\u00e1cilmente encontrado en las p\u00e1ginas de tu sitio, inspirando a tus usuarios a dejar comentarios en cualquier momento que lo consideren necesario.<\/li><\/ul><\/div><div class=\"application-platform-content-item-features application-platform-content-item\" id=\"features\" data-nav-section=\"features\"><h2>Caracter\u00edsticas del complemento de formulario de contacto<\/h2><p>\u00bfPor qu\u00e9 el formulario de contacto de Elfsight es el mejor m\u00f3dulo para recibir impresiones de los usuarios y obtener pedidos en Drupal? Revisa nuestras principales caracter\u00edsticas:<\/p><ul><li>Elige los campos que ser\u00e1n obligatorios;<\/li><li>Configura el t\u00edtulo sobre el formulario;<\/li><li>2 dise\u00f1os predefinidos: en l\u00ednea para ser agregado al cuerpo de la p\u00e1gina, y flotante para seguir el desplazamiento del visitante;<\/li><li>Todos los datos ingresados en el formulario se guardan en progreso;<\/li><li>Dise\u00f1o fluido que se adapta al 99% de los sitios desde el primer momento.<\/li><\/ul><p><a href=\"#demo\">Descubre todas las caracter\u00edsticas en nuestra demo<\/a><\/p><\/div><div class=\"application-platform-content-item-installation application-platform-content-item\" id=\"installation\" data-nav-section=\"installation\"><h2>C\u00f3mo agregar el widget de formulario de contacto a un sitio web de Drupal<\/h2><div class=\"video-container\"><iframe width=\"720\" height=\"405\" src=\"https:\/\/www.youtube.com\/embed\/90HeQ2FiP14\" frameborder=\"0\" allowfullscreen=\"\"><\/iframe><\/div><p>Sigue las pautas a continuaci\u00f3n para insertar el m\u00f3dulo en Drupal.<\/p> <ol><li><b>Lanza nuestro configurador gratuito y empieza a crear tu m\u00f3dulo personalizado. <\/b><br>Especifica el dise\u00f1o adecuado y las caracter\u00edsticas de la herramienta y aplica los cambios. <\/li>  <li><b>Obt\u00e9n tu c\u00f3digo personal que aparecer\u00e1 en la ventana de Elfsight Apps. <\/b><br>Justo despu\u00e9s de configurar tu herramienta personalizada, copia el c\u00f3digo individual en el popup emergido y gu\u00e1rdalo para su uso posterior. <\/li>  <li><b>Comienza a usar la herramienta del formulario de contacto en tu sitio web de Drupal. <\/b><br>Coloca el c\u00f3digo que guardaste previamente en tu p\u00e1gina y aplica los cambios. <\/li>  <li><b>\u00a1Listo! La incrustaci\u00f3n se ha realizado con \u00e9xito. <\/b><br>Visita tu sitio web para ver c\u00f3mo est\u00e1 funcionando el m\u00f3dulo en acci\u00f3n. <\/li><\/ol><p>\u00bfTienes alg\u00fan problema al seguir las instrucciones o al configurar tu formulario de contacto? Puedes intentar con la instrucci\u00f3n completa \u00ab<a href=\"https:\/\/elfsight.com\/tutorials\/how-to-add-contact-form-module-to-drupal\/\" target=\"_blank\" rel=\"noopener noreferrer\">C\u00f3mo instalar el formulario de contacto en un sitio web de Drupal<\/a>\u00bb e intentar instalarlo nuevamente por ti mismo o dejar tu consulta en el centro de soporte, con una explicaci\u00f3n detallada de tu problema, y nuestro equipo estar\u00e1 encantado de responder tus preguntas.<\/p><div class=\"faq\" data-component=\"FAQ\"> <div class=\"faq-item\">\r\n\t\t\t\t\t<div class=\"faq-item-question\">\r\n\t\t\t\t\t\t<h3 class=\"faq-item-question-text\">\u00bfC\u00f3mo puedo agregar el formulario de contacto a mi sitio web de Drupal sin conocimientos de programaci\u00f3n?<\/h3>\r\n\r\n\t\t\t\t\t\t<div class=\"faq-item-question-icon\"><\/div>\r\n\t\t\t\t\t<\/div>\r\n\r\n\t\t\t\t\t<div class=\"faq-item-answer\">\r\n\t\t\t\t\t\t<div class=\"faq-item-answer-text\"> <p>Elfsight proporciona una soluci\u00f3n SaaS que te permite crear un widget de formulario de contacto por ti mismo, mira lo f\u00e1cil que es el proceso: Trabaja directamente en el Editor en l\u00ednea para crear un widget de formulario de contacto que te gustar\u00eda ver en tu sitio web de Drupal. Elige una de las plantillas predefinidas y ajusta la configuraci\u00f3n del formulario de contacto, agrega tu contenido, cambia el dise\u00f1o y el esquema de colores sin conocimientos de programaci\u00f3n. Guarda el formulario de contacto y copia su c\u00f3digo de instalaci\u00f3n, que podr\u00e1s incrustar f\u00e1cilmente en tu sitio web de Drupal sin necesidad de comprar una suscripci\u00f3n de pago. Con nuestro editor intuitivo, cualquier usuario de internet puede crear un widget de formulario de contacto en l\u00ednea e incrustarlo f\u00e1cilmente en su sitio web de Drupal. No es necesario pagar ni ingresar tus datos de tarjeta para acceder al servicio. Si enfrentas problemas en cualquier paso, no dudes en contactar con nuestro equipo de soporte t\u00e9cnico.<\/p> <\/div>\r\n\t\t\t\t\t<\/div>\r\n\t\t\t\t<\/div><div class=\"faq-item\">\r\n\t\t\t\t\t<div class=\"faq-item-question\">\r\n\t\t\t\t\t\t<h3 class=\"faq-item-question-text\">\u00bfTienes plantillas de formulario de contacto para el sitio web de Drupal?<\/h3>\r\n\r\n\t\t\t\t\t\t<div class=\"faq-item-question-icon\"><\/div>\r\n\t\t\t\t\t<\/div>\r\n\r\n\t\t\t\t\t<div class=\"faq-item-answer\">\r\n\t\t\t\t\t\t<div class=\"faq-item-answer-text\"><p>S\u00ed, Elfsight tiene m\u00e1s de 300 plantillas listas para usar para cualquier ocasi\u00f3n. Echa un vistazo a las <a href=\"https:\/\/elfsight.com\/online-form-builder\/templates\/contact-forms\/\">plantillas de formulario de contacto<\/a> y elige la que m\u00e1s te guste.<\/p><\/div>\r\n\t\t\t\t\t<\/div>\r\n\t\t\t\t<\/div> <\/div> <\/div>","protected":false},"excerpt":{"rendered":"","protected":false},"author":9,"featured_media":0,"parent":669,"menu_order":0,"comment_status":"closed","ping_status":"closed","template":"templates\/template-application-platform.php","meta":{"publish_to_discourse":"","publish_post_category":"","wpdc_auto_publish_overridden":"","wpdc_topic_tags":"","wpdc_pin_topic":"","wpdc_pin_until":"","discourse_post_id":"","discourse_permalink":"","wpdc_publishing_response":"","wpdc_publishing_error":"","footnotes":""},"class_list":["post-15867","page","type-page","status-publish","hentry"],"yoast_head":"<!-- This site is optimized with the Yoast SEO plugin v25.3.1 - https:\/\/yoast.com\/wordpress\/plugins\/seo\/ -->\n<title>\u00a1Crea y agrega un formulario de contacto en Drupal gratis!<\/title>\n<meta name=\"description\" content=\"Crea tu m\u00f3dulo de formulario de contacto para Drupal e int\u00e9gralo en tu sitio web en tan solo 1 minuto. \u00a1Editor gratuito, soporte para ajustes y m\u00e1s bonificaciones de Elfsight!\" \/>\n<meta name=\"robots\" content=\"index, follow, max-snippet:-1, max-image-preview:large, max-video-preview:-1\" \/>\n<link rel=\"canonical\" href=\"https:\/\/elfsight.com\/es\/contact-form-widget\/drupal\/\" \/>\n<meta property=\"og:locale\" content=\"es_ES\" \/>\n<meta property=\"og:type\" content=\"article\" \/>\n<meta property=\"og:title\" content=\"\u00a1Crea y agrega un formulario de contacto en Drupal gratis!\" \/>\n<meta property=\"og:description\" content=\"Crea tu m\u00f3dulo de formulario de contacto para Drupal e int\u00e9gralo en tu sitio web en tan solo 1 minuto. \u00a1Editor gratuito, soporte para ajustes y m\u00e1s bonificaciones de Elfsight!\" \/>\n<meta property=\"og:url\" content=\"https:\/\/elfsight.com\/es\/contact-form-widget\/drupal\/\" \/>\n<meta property=\"og:site_name\" content=\"Elfsight ES\" \/>\n<meta property=\"article:modified_time\" content=\"2025-02-06T15:01:57+00:00\" \/>\n<meta name=\"twitter:card\" content=\"summary_large_image\" \/>\n<meta name=\"twitter:label1\" content=\"Tiempo de lectura\" \/>\n\t<meta name=\"twitter:data1\" content=\"4 minutos\" \/>\n<!-- \/ Yoast SEO plugin. -->","yoast_head_json":{"title":"\u00a1Crea y agrega un formulario de contacto en Drupal gratis!","description":"Crea tu m\u00f3dulo de formulario de contacto para Drupal e int\u00e9gralo en tu sitio web en tan solo 1 minuto. \u00a1Editor gratuito, soporte para ajustes y m\u00e1s bonificaciones de Elfsight!","robots":{"index":"index","follow":"follow","max-snippet":"max-snippet:-1","max-image-preview":"max-image-preview:large","max-video-preview":"max-video-preview:-1"},"canonical":"https:\/\/elfsight.com\/es\/contact-form-widget\/drupal\/","og_locale":"es_ES","og_type":"article","og_title":"\u00a1Crea y agrega un formulario de contacto en Drupal gratis!","og_description":"Crea tu m\u00f3dulo de formulario de contacto para Drupal e int\u00e9gralo en tu sitio web en tan solo 1 minuto. \u00a1Editor gratuito, soporte para ajustes y m\u00e1s bonificaciones de Elfsight!","og_url":"https:\/\/elfsight.com\/es\/contact-form-widget\/drupal\/","og_site_name":"Elfsight ES","article_modified_time":"2025-02-06T15:01:57+00:00","twitter_card":"summary_large_image","twitter_misc":{"Tiempo de lectura":"4 minutos"},"schema":{"@context":"https:\/\/schema.org","@graph":[{"@type":"WebPage","@id":"https:\/\/elfsight.com\/es\/contact-form-widget\/drupal\/","url":"https:\/\/elfsight.com\/es\/contact-form-widget\/drupal\/","name":"\u00a1Crea y agrega un formulario de contacto en Drupal gratis!","isPartOf":{"@id":"https:\/\/elfsight.com\/es\/#website"},"datePublished":"2024-05-03T06:32:59+00:00","dateModified":"2025-02-06T15:01:57+00:00","description":"Crea tu m\u00f3dulo de formulario de contacto para Drupal e int\u00e9gralo en tu sitio web en tan solo 1 minuto. \u00a1Editor gratuito, soporte para ajustes y m\u00e1s bonificaciones de Elfsight!","breadcrumb":{"@id":"https:\/\/elfsight.com\/es\/contact-form-widget\/drupal\/#breadcrumb"},"inLanguage":"es","potentialAction":[{"@type":"ReadAction","target":["https:\/\/elfsight.com\/es\/contact-form-widget\/drupal\/"]}]},{"@type":"BreadcrumbList","@id":"https:\/\/elfsight.com\/es\/contact-form-widget\/drupal\/#breadcrumb","itemListElement":[{"@type":"ListItem","position":1,"name":"Home","item":"https:\/\/elfsight.com\/es\/"},{"@type":"ListItem","position":2,"name":"Contact Form","item":"https:\/\/elfsight.com\/es\/contact-form-widget\/"},{"@type":"ListItem","position":3,"name":"Contact Form &#8211; Drupal"}]},{"@type":"WebSite","@id":"https:\/\/elfsight.com\/es\/#website","url":"https:\/\/elfsight.com\/es\/","name":"Elfsight ES","description":"Just another Elfsight Sites site","potentialAction":[{"@type":"SearchAction","target":{"@type":"EntryPoint","urlTemplate":"https:\/\/elfsight.com\/es\/?s={search_term_string}"},"query-input":{"@type":"PropertyValueSpecification","valueRequired":true,"valueName":"search_term_string"}}],"inLanguage":"es"}]}},"meta_box":{"industry":"","seo_heading":"","heading":"","description":"","cta_heading":"","cta_description":"","application":"668","h1":"M\u00f3dulo de formulario de contacto para Drupal","h1_caption":"Cree e incruste f\u00e1cilmente formularios de contacto en su sitio web para fomentar la interacci\u00f3n del usuario y las consultas en su sitio web Drupal sin esfuerzo.","application_category":[],"applications_title":"","applications_request_title":"","applications_request_button_text":"","hero_text":"","hero_video":"","hero_video_schema_markup":"","selling_points_title":"","selling_points_caption":"","selling_points":[],"selling_points_cta_text":"","features_title":"","features":"","ed_cta_examples_text":"","ed_cta_examples_hidden":"","ed_cta_demo_text":"","ed_cta_demo_hidden":"","why_caption":"","why_editor_title":"","why_editor_text":"","why_team_title":"","why_team_text":"","why_service_title":"","why_service_text":"","template_catalog_visible":"","template_catalog_title":"","template_catalog_text":"","template_catalog_categories_visible":"","demo_title":"Crea tu m\u00f3dulo de formulario de contacto","demo_caption":"\u00a1Configure su formulario de contacto y agr\u00e9guelo a su sitio web Drupal gratis!","default_faq_hidden":"","app_template_category":[],"platform":"2161","template_public_id":"","codecanyon_url":"","codecanyon_item_id":"","codecanyon_price":"","pricing_caption":"","pricing_elfsight_apps_hide_column":"","pricing_elfsight_apps_url":"","pricing_codecanyon_price_caption":"","integration_category":[],"integration_request_title":"","integration_request_cta":"","integration_platform":"","integrations":[],"platform_category":[],"video_schema_markup":"","price":"desde $0 \/ mes","trial":"","benefits":[{"text":"Ayuda de instalaci\u00f3n gratuita"},{"text":"Soporte premium"},{"text":"Garant\u00eda de devoluci\u00f3n de dinero de 14 d\u00edas"},{"text":"Futuras mejoras gratuitas"}],"button_url":"#demo","button_target_blank":"","button_nofollow":"","attributes":[{"name":"Instalaciones","content":"100,000 - 500,000"},{"name":"Sensible","content":"S\u00ed"},{"name":"Navegadores compatibles","content":"Firefox, Safari, Opera, Chrome, Edge"}],"tags":[],"tags_disable_links":"","hide_more_platforms":"","video_object":"","demo_hide_cta":"","demo_hide_cloud_options":"","pricing_title":"","pricing":[{"pricing_icon":"cloud","pricing_title":"Elfsight Apps","pricing_title_caption":"Soluci\u00f3n digital independiente de plataforma que se adapta a cualquier sitio web","pricing_price":"desde $0 \/ mes","pricing_price_caption":"comienza con el plan gratuito","pricing_benefits":[{"text":"Sitios web ilimitados"},{"text":"Soporte r\u00e1pido, puntual y bien documentado."},{"text":"Ayuda de instalaci\u00f3n gratuita"},{"text":"Precio especial para m\u00faltiples aplicaciones"}],"pricing_button_text":"A\u00f1adir al sitio web","pricing_button_url":"#demo"}],"related_apps_title":"","related_apps_hidden":"","author":"","image":[],"title":"","job":"","social_networks":[]},"_links":{"self":[{"href":"https:\/\/elfsight.com\/es\/wp-json\/wp\/v2\/pages\/15867","targetHints":{"allow":["GET"]}}],"collection":[{"href":"https:\/\/elfsight.com\/es\/wp-json\/wp\/v2\/pages"}],"about":[{"href":"https:\/\/elfsight.com\/es\/wp-json\/wp\/v2\/types\/page"}],"author":[{"embeddable":true,"href":"https:\/\/elfsight.com\/es\/wp-json\/wp\/v2\/users\/9"}],"replies":[{"embeddable":true,"href":"https:\/\/elfsight.com\/es\/wp-json\/wp\/v2\/comments?post=15867"}],"version-history":[{"count":3,"href":"https:\/\/elfsight.com\/es\/wp-json\/wp\/v2\/pages\/15867\/revisions"}],"predecessor-version":[{"id":17797,"href":"https:\/\/elfsight.com\/es\/wp-json\/wp\/v2\/pages\/15867\/revisions\/17797"}],"up":[{"embeddable":true,"href":"https:\/\/elfsight.com\/es\/wp-json\/wp\/v2\/pages\/669"}],"wp:attachment":[{"href":"https:\/\/elfsight.com\/es\/wp-json\/wp\/v2\/media?parent=15867"}],"curies":[{"name":"wp","href":"https:\/\/api.w.org\/{rel}","templated":true}]}}