{"id":15865,"date":"2024-05-03T06:33:01","date_gmt":"2024-05-03T06:33:01","guid":{"rendered":"https:\/\/elfsight.com\/es\/?page_id=15865"},"modified":"2025-02-06T15:01:57","modified_gmt":"2025-02-06T15:01:57","slug":"bigcommerce","status":"publish","type":"page","link":"https:\/\/elfsight.com\/es\/contact-form-widget\/bigcommerce\/","title":{"rendered":"Contact Form &#8211; BigCommerce"},"content":{"rendered":"<div class=\"application-platform-content-item-description application-platform-content-item\" id=\"description\" data-nav-section=\"description\"><h2>Formulario de contacto para BigCommerce<\/h2><p>Nuestra aplicaci\u00f3n de formulario de contacto para BigCommerce est\u00e1 dise\u00f1ada para cumplir con todos tus requisitos principales para recibir comentarios y consultas de los usuarios de tu sitio. Puedes mostrar los elementos necesarios para rellenar el formulario, elegir la plantilla deseada y personalizar el dise\u00f1o para animar a\u00fan m\u00e1s a tus usuarios a dejar sus impresiones sobre tus servicios o negocios.<\/p><p><b>\u00a1Recibe comentarios, recibe solicitudes y responde a las preguntas de tus clientes en el sitio!<\/b><\/p><ul><li><b>Aumenta el n\u00famero de posibles compradores<\/b>.<br>Asegura un contacto continuo con futuros clientes 24\/7 a trav\u00e9s de un formulario f\u00e1cil en tu sitio y tendr\u00e1s m\u00e1s usuarios dispuestos a realizar pedidos.<\/li><li><b>Recoge m\u00e1s impresiones sobre productos o servicios<\/b>.<br>Los comentarios de tus clientes son muy importantes para mejorar el negocio. Gracias a nuestro formulario de contacto disponible, \u00a1podr\u00e1s obtener m\u00e1s comentarios de tu sitio web!<\/li><li><b>Desarrolla la comunicaci\u00f3n con tus clientes<\/b>.<br>Usando plantillas convenientes, una interfaz adaptable y mensajes individuales de \u00abGracias\u00bb, muestras a tus clientes lo valiosos que son para tu empresa.<\/li><\/ul><\/div><div class=\"application-platform-content-item-features application-platform-content-item\" id=\"features\" data-nav-section=\"features\"><h2>Caracter\u00edsticas del plugin de formulario de contacto<\/h2><p>\u00bfPor qu\u00e9 el formulario de contacto de Elfsight es la mejor aplicaci\u00f3n para obtener reacciones de los clientes y recibir consultas en un sitio web de BigCommerce? Revisa nuestras caracter\u00edsticas clave:<\/p><ul><li>Configura tus propias etiquetas de campo;<\/li><li>Establece cualquier ancho de formulario;<\/li><li>Dise\u00f1o en l\u00ednea con ajuste autom\u00e1tico de campos al ancho del formulario;<\/li><li>Google reCAPTCHA est\u00e1 aqu\u00ed para proteger tu formulario de spam y bots;<\/li><li>Dise\u00f1o sin interrupciones que se adapta al 99% de los sitios desde el primer momento.<\/li><\/ul><p><a href=\"#demo\">Prueba la lista completa de ventajas en nuestro editor<\/a><\/p><\/div><div class=\"application-platform-content-item-installation application-platform-content-item\" id=\"installation\" data-nav-section=\"installation\"><h2>C\u00f3mo agregar la aplicaci\u00f3n de formulario de contacto a un sitio web de BigCommerce<\/h2><div class=\"video-container\"><iframe width=\"720\" height=\"405\" src=\"https:\/\/www.youtube.com\/embed\/-YlnfP49OpU\" frameborder=\"0\" allowfullscreen=\"\"><\/iframe><\/div><p>Sigue las pautas a continuaci\u00f3n para empezar a usar el widget en BigCommerce.<\/p><ol><li><b>Lanza nuestro configurador gratuito y comienza a crear tu aplicaci\u00f3n \u00fanica.<\/b><br>Determina el formulario preferido y los par\u00e1metros del widget de formulario de contacto y guarda los cambios.<\/li><li><b>Copia tu c\u00f3digo personal que aparecer\u00e1 en la ventana de Elfsight Apps.<\/b><br>Cuando hayas personalizado tu aplicaci\u00f3n, copia el c\u00f3digo exclusivo que aparecer\u00e1 en la ventana y gu\u00e1rdalo para su uso posterior.<\/li><li><b>Inicia el uso del widget en el sitio de BigCommerce.<\/b><br>Inserta el c\u00f3digo copiado recientemente en tu p\u00e1gina y guarda los ajustes.<\/li><li><b>La instalaci\u00f3n se ha realizado con \u00e9xito.<\/b><br>Ve a tu p\u00e1gina para ver el funcionamiento de la aplicaci\u00f3n en acci\u00f3n.<\/li><\/ol><p>\u00bfTienes alg\u00fan problema al seguir las instrucciones o al instalar tu formulario? Te recomendamos estudiar el manual detallado \u00ab<a href=\"https:\/\/elfsight.com\/tutorials\/how-to-add-contact-form-app-to-bigcommerce\/\" target=\"_blank\" rel=\"noopener noreferrer\">C\u00f3mo agregar el formulario de contacto a un sitio web de BigCommerce<\/a>\u00bb e intentar incrustarlo nuevamente por tu cuenta o ponerte en contacto con el centro de soporte de Elfsight con una descripci\u00f3n completa de tu problema, y nuestro equipo estar\u00e1 encantado de asesorarte.<\/p><div class=\"faq\" data-component=\"FAQ\"> <div class=\"faq-item\">\r\n\t\t\t\t\t<div class=\"faq-item-question\">\r\n\t\t\t\t\t\t<h3 class=\"faq-item-question-text\">\u00bfC\u00f3mo puedo agregar el formulario de contacto a mi sitio web de BigCommerce sin conocimientos de programaci\u00f3n?<\/h3>\r\n\r\n\t\t\t\t\t\t<div class=\"faq-item-question-icon\"><\/div>\r\n\t\t\t\t\t<\/div>\r\n\r\n\t\t\t\t\t<div class=\"faq-item-answer\">\r\n\t\t\t\t\t\t<div class=\"faq-item-answer-text\"> <p>Elfsight proporciona una soluci\u00f3n SaaS que te permite crear un widget de formulario de contacto por ti mismo, mira lo f\u00e1cil que es el proceso: Trabaja directamente en el Editor en l\u00ednea para crear un widget de formulario de contacto que te gustar\u00eda ver en tu sitio web de BigCommerce. Elige una de las plantillas predefinidas y ajusta la configuraci\u00f3n del formulario de contacto, agrega tu contenido, cambia el dise\u00f1o y el esquema de colores sin conocimientos de programaci\u00f3n. Guarda el formulario de contacto y copia su c\u00f3digo de instalaci\u00f3n, para que puedas agregarlo f\u00e1cilmente a tu sitio web de BigCommerce sin necesidad de comprar un plan de pago. Con nuestro editor intuitivo, cualquier usuario de internet puede crear un widget de formulario de contacto en l\u00ednea e incrustarlo f\u00e1cilmente en su sitio web de BigCommerce. No es necesario pagar ni ingresar tus datos de tarjeta para acceder al servicio. Si enfrentas problemas en cualquier paso, no dudes en contactar con nuestro equipo de soporte t\u00e9cnico.<\/p> <\/div>\r\n\t\t\t\t\t<\/div>\r\n\t\t\t\t<\/div> <div class=\"faq-item\">\r\n\t\t\t\t\t<div class=\"faq-item-question\">\r\n\t\t\t\t\t\t<h3 class=\"faq-item-question-text\">\u00bfHay plantillas de formulario de contacto para sitios web de BigCommerce?<\/h3>\r\n\r\n\t\t\t\t\t\t<div class=\"faq-item-question-icon\"><\/div>\r\n\t\t\t\t\t<\/div>\r\n\r\n\t\t\t\t\t<div class=\"faq-item-answer\">\r\n\t\t\t\t\t\t<div class=\"faq-item-answer-text\"><p>S\u00ed, \u00a1las hay! El equipo de Elfsight ha creado una gran colecci\u00f3n de m\u00e1s de 300 plantillas listas para usar. No te decepcionar\u00e1n las <a href=\"https:\/\/elfsight.com\/online-form-builder\/templates\/contact-forms\/\">plantillas de formulario de contacto<\/a>.<\/p><\/div>\r\n\t\t\t\t\t<\/div>\r\n\t\t\t\t<\/div><\/div> <\/div>","protected":false},"excerpt":{"rendered":"","protected":false},"author":9,"featured_media":0,"parent":669,"menu_order":0,"comment_status":"closed","ping_status":"closed","template":"templates\/template-application-platform.php","meta":{"publish_to_discourse":"","publish_post_category":"","wpdc_auto_publish_overridden":"","wpdc_topic_tags":"","wpdc_pin_topic":"","wpdc_pin_until":"","discourse_post_id":"","discourse_permalink":"","wpdc_publishing_response":"","wpdc_publishing_error":"","footnotes":""},"class_list":["post-15865","page","type-page","status-publish","hentry"],"yoast_head":"<!-- This site is optimized with the Yoast SEO plugin v25.3.1 - https:\/\/yoast.com\/wordpress\/plugins\/seo\/ -->\n<title>\u00a1Cree y agregue un formulario de contacto en BigCommerce gratis!<\/title>\n<meta name=\"description\" content=\"Cree su aplicaci\u00f3n de formulario de contacto personal para BigCommerce y mu\u00e9strela en su sitio en solo 1 minuto. \u00a1Demostraci\u00f3n gratuita, ayuda con la configuraci\u00f3n y m\u00e1s extras de Elfsight!\" \/>\n<meta name=\"robots\" content=\"index, follow, max-snippet:-1, max-image-preview:large, max-video-preview:-1\" \/>\n<link rel=\"canonical\" href=\"https:\/\/elfsight.com\/es\/contact-form-widget\/bigcommerce\/\" \/>\n<meta property=\"og:locale\" content=\"es_ES\" \/>\n<meta property=\"og:type\" content=\"article\" \/>\n<meta property=\"og:title\" content=\"\u00a1Cree y agregue un formulario de contacto en BigCommerce gratis!\" \/>\n<meta property=\"og:description\" content=\"Cree su aplicaci\u00f3n de formulario de contacto personal para BigCommerce y mu\u00e9strela en su sitio en solo 1 minuto. \u00a1Demostraci\u00f3n gratuita, ayuda con la configuraci\u00f3n y m\u00e1s extras de Elfsight!\" \/>\n<meta property=\"og:url\" content=\"https:\/\/elfsight.com\/es\/contact-form-widget\/bigcommerce\/\" \/>\n<meta property=\"og:site_name\" content=\"Elfsight ES\" \/>\n<meta property=\"article:modified_time\" content=\"2025-02-06T15:01:57+00:00\" \/>\n<meta name=\"twitter:card\" content=\"summary_large_image\" \/>\n<meta name=\"twitter:label1\" content=\"Tiempo de lectura\" \/>\n\t<meta name=\"twitter:data1\" content=\"4 minutos\" \/>\n<!-- \/ Yoast SEO plugin. -->","yoast_head_json":{"title":"\u00a1Cree y agregue un formulario de contacto en BigCommerce gratis!","description":"Cree su aplicaci\u00f3n de formulario de contacto personal para BigCommerce y mu\u00e9strela en su sitio en solo 1 minuto. \u00a1Demostraci\u00f3n gratuita, ayuda con la configuraci\u00f3n y m\u00e1s extras de Elfsight!","robots":{"index":"index","follow":"follow","max-snippet":"max-snippet:-1","max-image-preview":"max-image-preview:large","max-video-preview":"max-video-preview:-1"},"canonical":"https:\/\/elfsight.com\/es\/contact-form-widget\/bigcommerce\/","og_locale":"es_ES","og_type":"article","og_title":"\u00a1Cree y agregue un formulario de contacto en BigCommerce gratis!","og_description":"Cree su aplicaci\u00f3n de formulario de contacto personal para BigCommerce y mu\u00e9strela en su sitio en solo 1 minuto. \u00a1Demostraci\u00f3n gratuita, ayuda con la configuraci\u00f3n y m\u00e1s extras de Elfsight!","og_url":"https:\/\/elfsight.com\/es\/contact-form-widget\/bigcommerce\/","og_site_name":"Elfsight ES","article_modified_time":"2025-02-06T15:01:57+00:00","twitter_card":"summary_large_image","twitter_misc":{"Tiempo de lectura":"4 minutos"},"schema":{"@context":"https:\/\/schema.org","@graph":[{"@type":"WebPage","@id":"https:\/\/elfsight.com\/es\/contact-form-widget\/bigcommerce\/","url":"https:\/\/elfsight.com\/es\/contact-form-widget\/bigcommerce\/","name":"\u00a1Cree y agregue un formulario de contacto en BigCommerce gratis!","isPartOf":{"@id":"https:\/\/elfsight.com\/es\/#website"},"datePublished":"2024-05-03T06:33:01+00:00","dateModified":"2025-02-06T15:01:57+00:00","description":"Cree su aplicaci\u00f3n de formulario de contacto personal para BigCommerce y mu\u00e9strela en su sitio en solo 1 minuto. \u00a1Demostraci\u00f3n gratuita, ayuda con la configuraci\u00f3n y m\u00e1s extras de Elfsight!","breadcrumb":{"@id":"https:\/\/elfsight.com\/es\/contact-form-widget\/bigcommerce\/#breadcrumb"},"inLanguage":"es","potentialAction":[{"@type":"ReadAction","target":["https:\/\/elfsight.com\/es\/contact-form-widget\/bigcommerce\/"]}]},{"@type":"BreadcrumbList","@id":"https:\/\/elfsight.com\/es\/contact-form-widget\/bigcommerce\/#breadcrumb","itemListElement":[{"@type":"ListItem","position":1,"name":"Home","item":"https:\/\/elfsight.com\/es\/"},{"@type":"ListItem","position":2,"name":"Contact Form","item":"https:\/\/elfsight.com\/es\/contact-form-widget\/"},{"@type":"ListItem","position":3,"name":"Contact Form &#8211; BigCommerce"}]},{"@type":"WebSite","@id":"https:\/\/elfsight.com\/es\/#website","url":"https:\/\/elfsight.com\/es\/","name":"Elfsight ES","description":"Just another Elfsight Sites site","potentialAction":[{"@type":"SearchAction","target":{"@type":"EntryPoint","urlTemplate":"https:\/\/elfsight.com\/es\/?s={search_term_string}"},"query-input":{"@type":"PropertyValueSpecification","valueRequired":true,"valueName":"search_term_string"}}],"inLanguage":"es"}]}},"meta_box":{"industry":"","seo_heading":"","heading":"","description":"","cta_heading":"","cta_description":"","application":"668","h1":"Aplicaci\u00f3n de formulario de contacto para BigCommerce","h1_caption":"Cree e incruste f\u00e1cilmente formularios de contacto en su sitio web para fomentar la interacci\u00f3n del usuario y las consultas en su sitio web BigCommerce sin esfuerzo.","application_category":[],"applications_title":"","applications_request_title":"","applications_request_button_text":"","hero_text":"","hero_video":"","hero_video_schema_markup":"","selling_points_title":"","selling_points_caption":"","selling_points":[],"selling_points_cta_text":"","features_title":"","features":"","ed_cta_examples_text":"","ed_cta_examples_hidden":"","ed_cta_demo_text":"","ed_cta_demo_hidden":"","why_caption":"","why_editor_title":"","why_editor_text":"","why_team_title":"","why_team_text":"","why_service_title":"","why_service_text":"","template_catalog_visible":"","template_catalog_title":"","template_catalog_text":"","template_catalog_categories_visible":"","demo_title":"Crea tu aplicaci\u00f3n de formulario de contacto","demo_caption":"\u00a1Configure su formulario de contacto y agr\u00e9guelo a su sitio web de BigCommerce gratis!","default_faq_hidden":"","app_template_category":[],"platform":"33","template_public_id":"","codecanyon_url":"","codecanyon_item_id":"","codecanyon_price":"","pricing_caption":"","pricing_elfsight_apps_hide_column":"","pricing_elfsight_apps_url":"","pricing_codecanyon_price_caption":"","integration_category":[],"integration_request_title":"","integration_request_cta":"","integration_platform":"","integrations":[],"platform_category":[],"video_schema_markup":"","price":"desde $0 \/ mes","trial":"","benefits":[{"text":"Servicio de instalaci\u00f3n gratuito"},{"text":"Servicio al cliente eficaz"},{"text":"Garant\u00eda de reembolso de 14 d\u00edas"},{"text":"Mejoras continuas"}],"button_url":"#demo","button_target_blank":"","button_nofollow":"","attributes":[{"name":"Instalaciones","content":"100,000 - 500,000"},{"name":"Sensible","content":"S\u00ed"},{"name":"Navegadores compatibles","content":"Firefox, Safari, Opera, Chrome, Edge"}],"tags":[],"tags_disable_links":"","hide_more_platforms":"","video_object":"","demo_hide_cta":"","demo_hide_cloud_options":"","pricing_title":"","pricing":[{"pricing_icon":"cloud","pricing_title":"Elfsight Apps","pricing_title_caption":"Versi\u00f3n independiente de la plataforma","pricing_price":"desde $0 \/ mes","pricing_price_caption":"comienza con un plan gratuito","pricing_benefits":[{"text":"Sitios web ilimitados"},{"text":"Soporte premium y bien documentado."},{"text":"Asistencia de instalaci\u00f3n gratuita"},{"text":"Totalmente personalizable"}],"pricing_button_text":"A\u00f1adir al sitio web","pricing_button_url":"#demo"}],"related_apps_title":"","related_apps_hidden":"","author":"","image":[],"title":"","job":"","social_networks":[]},"_links":{"self":[{"href":"https:\/\/elfsight.com\/es\/wp-json\/wp\/v2\/pages\/15865","targetHints":{"allow":["GET"]}}],"collection":[{"href":"https:\/\/elfsight.com\/es\/wp-json\/wp\/v2\/pages"}],"about":[{"href":"https:\/\/elfsight.com\/es\/wp-json\/wp\/v2\/types\/page"}],"author":[{"embeddable":true,"href":"https:\/\/elfsight.com\/es\/wp-json\/wp\/v2\/users\/9"}],"replies":[{"embeddable":true,"href":"https:\/\/elfsight.com\/es\/wp-json\/wp\/v2\/comments?post=15865"}],"version-history":[{"count":3,"href":"https:\/\/elfsight.com\/es\/wp-json\/wp\/v2\/pages\/15865\/revisions"}],"predecessor-version":[{"id":17795,"href":"https:\/\/elfsight.com\/es\/wp-json\/wp\/v2\/pages\/15865\/revisions\/17795"}],"up":[{"embeddable":true,"href":"https:\/\/elfsight.com\/es\/wp-json\/wp\/v2\/pages\/669"}],"wp:attachment":[{"href":"https:\/\/elfsight.com\/es\/wp-json\/wp\/v2\/media?parent=15865"}],"curies":[{"name":"wp","href":"https:\/\/api.w.org\/{rel}","templated":true}]}}