{"id":15851,"date":"2024-05-03T06:33:24","date_gmt":"2024-05-03T06:33:24","guid":{"rendered":"https:\/\/elfsight.com\/es\/?page_id=15851"},"modified":"2025-02-06T15:01:25","modified_gmt":"2025-02-06T15:01:25","slug":"magento","status":"publish","type":"page","link":"https:\/\/elfsight.com\/es\/cookie-consent-widget\/magento\/","title":{"rendered":"Cookie Consent &#8211; Magento"},"content":{"rendered":"<div class=\"application-platform-content-item-description application-platform-content-item\" id=\"description\" data-nav-section=\"description\"> <h2>Descripci\u00f3n<\/h2><p>Con la extensi\u00f3n de Elfsight Cookie, te ser\u00e1 sumamente sencillo notificar a los visitantes que tu sitio web usa cookies mediante una ventana emergente limpia. El plugin te permite agregar tu propio mensaje, incluir un enlace a la pol\u00edtica de uso del sitio web y mostrar botones activos para obtener el permiso de los visitantes. Puedes elegir mostrar el plugin en forma de una barra en la p\u00e1gina o un cuadro responsivo, y asignar cualquier ubicaci\u00f3n dentro de la p\u00e1gina. Adem\u00e1s, las opciones de color te ayudan a hacer que se vea nativo y encaje con el estilo general del sitio web.<\/p> <div class=\"faq\" data-component=\"FAQ\"><div class=\"faq-item\">\r\n\t\t\t\t\t<div class=\"faq-item-question\">\r\n\t\t\t\t\t\t<h3 class=\"faq-item-question-text\">\u00bfDe qu\u00e9 manera incrusto el Consentimiento de Cookies en mi sitio Magento? <\/h3>\r\n\r\n\t\t\t\t\t\t<div class=\"faq-item-question-icon\"><\/div>\r\n\t\t\t\t\t<\/div>\r\n\r\n\t\t\t\t\t<div class=\"faq-item-answer\">\r\n\t\t\t\t\t\t<div class=\"faq-item-answer-text\"><p>La construcci\u00f3n del widget se realiza dentro del sitio web de Elfsight y no necesitas aprender a programar. Abre la demo activa para personalizar tu aplicaci\u00f3n, obtener el c\u00f3digo e incrustarlo en tu sitio.<\/p><\/div>\r\n\t\t\t\t\t<\/div>\r\n\t\t\t\t<\/div><div class=\"faq-item\">\r\n\t\t\t\t\t<div class=\"faq-item-question\">\r\n\t\t\t\t\t\t<h3 class=\"faq-item-question-text\">\u00bfCu\u00e1les son las mejores maneras de usar la integraci\u00f3n del Consentimiento de Cookies?<\/h3>\r\n\r\n\t\t\t\t\t\t<div class=\"faq-item-question-icon\"><\/div>\r\n\t\t\t\t\t<\/div>\r\n\r\n\t\t\t\t\t<div class=\"faq-item-answer\">\r\n\t\t\t\t\t\t<div class=\"faq-item-answer-text\"><p>Te ofreceremos muchas oportunidades de ajuste: widgets a gran escala para agregar en la secci\u00f3n de contenido, plugins flotantes con opciones de desplazamiento, miniaturas para el pie de p\u00e1gina, la cabecera y todo tipo de opciones verticales para las barras laterales y men\u00fas del sitio web.<\/p><\/div>\r\n\t\t\t\t\t<\/div>\r\n\t\t\t\t<\/div><div class=\"faq-item\">\r\n\t\t\t\t\t<div class=\"faq-item-question\">\r\n\t\t\t\t\t\t<h3 class=\"faq-item-question-text\">\u00bfPuedo construir un Banner Superior o un Cuadro Flotante Centrado mediante tu editor? <\/h3>\r\n\r\n\t\t\t\t\t\t<div class=\"faq-item-question-icon\"><\/div>\r\n\t\t\t\t\t<\/div>\r\n\r\n\t\t\t\t\t<div class=\"faq-item-answer\">\r\n\t\t\t\t\t\t<div class=\"faq-item-answer-text\"><p>Puedes crear cualquier variaci\u00f3n de widgets. Hay una gran cantidad de dise\u00f1os aplicables en el editor, y todos ellos se pueden ajustar f\u00e1cilmente de la manera que requieras.<\/p><\/div>\r\n\t\t\t\t\t<\/div>\r\n\t\t\t\t<\/div><\/div><\/div><div class=\"application-platform-content-item-features application-platform-content-item\" id=\"features\" data-nav-section=\"features\"> <h2>Caracter\u00edsticas<\/h2> <p>Para tener una idea clara del plugin Cookie, puedes estudiar la lista de sus funciones esenciales. Estas hacen que nuestra extensi\u00f3n sea realmente eficiente para ti:<\/p> <ul><li>Selecciona solo notificaci\u00f3n o agrega solicitud de consentimiento;<\/li> <li>Establece tu propio texto de notificaci\u00f3n con opciones de formato y enlaces;<\/li> <li>Muestra u oculta un enlace a la pol\u00edtica de uso del sitio web con una etiqueta de enlace personalizada;<\/li> <li>La opci\u00f3n de seleccionar el tipo de dise\u00f1o de la notificaci\u00f3n: Barra o Cuadro;<\/li> <li>Elige tu color para los botones y enlaces.<\/li><\/ul><p><a href=\"#demo\">Para ver todas las caracter\u00edsticas, consulta nuestra demo en vivo<\/a><\/p> <\/div> <div class=\"application-platform-content-item-installation application-platform-content-item\" id=\"installation\" data-nav-section=\"installation\"> <h2>Aprende c\u00f3mo agregar el Consentimiento de Cookies a tu sitio Magento<\/h2> <p>Simplemente sigue los pasos a continuaci\u00f3n para incrustar la extensi\u00f3n en Magento.<\/p> <ol><li><b>Usa nuestro configurador gratuito y comienza a crear tu extensi\u00f3n \u00fanica de Consentimiento de Cookies.<\/b><br> Determina el aspecto y la funcionalidad preferidos del widget y guarda los cambios.<\/li><li><b>Obt\u00e9n tu c\u00f3digo \u00fanico que aparece en el cuadro en Elfsight Apps.<\/b><br> Justo despu\u00e9s de personalizar tu widget, copia el c\u00f3digo personal en la ventana emergente y gu\u00e1rdalo para su uso posterior.<\/li><li><b>Inicia la utilizaci\u00f3n de la extensi\u00f3n en tu sitio Magento.<\/b><br> Pega el c\u00f3digo que guardaste recientemente en tu p\u00e1gina de inicio y aplica las correcciones.<\/li><li><b>La instalaci\u00f3n est\u00e1 completamente realizada.<\/b><br> Visita tu p\u00e1gina web para revisar c\u00f3mo est\u00e1 funcionando el widget.<\/li><\/ol><p>\u00bfA\u00fan no est\u00e1s seguro? \u00bfO tienes alg\u00fan problema? Simplemente dirige una solicitud a nuestro servicio al cliente. Siempre te ayudaremos a resolver cualquier inconveniente.<\/p> <\/div>","protected":false},"excerpt":{"rendered":"","protected":false},"author":9,"featured_media":0,"parent":690,"menu_order":0,"comment_status":"closed","ping_status":"closed","template":"templates\/template-application-platform.php","meta":{"publish_to_discourse":"","publish_post_category":"","wpdc_auto_publish_overridden":"","wpdc_topic_tags":"","wpdc_pin_topic":"","wpdc_pin_until":"","discourse_post_id":"","discourse_permalink":"","wpdc_publishing_response":"","wpdc_publishing_error":"","footnotes":""},"class_list":["post-15851","page","type-page","status-publish","hentry"],"yoast_head":"<!-- This site is optimized with the Yoast SEO plugin v25.3.1 - https:\/\/yoast.com\/wordpress\/plugins\/seo\/ -->\n<title>Agregue la extensi\u00f3n Cookie Consent al sitio web de Magento (en 2 minutos)<\/title>\n<meta name=\"description\" content=\"Con Elfsight, cree su extensi\u00f3n de consentimiento de cookies y agr\u00e9guela r\u00e1pidamente al sitio de Magento. Disponemos de atenci\u00f3n al cliente gratuita y m\u00e1s bonos.\" \/>\n<meta name=\"robots\" content=\"index, follow, max-snippet:-1, max-image-preview:large, max-video-preview:-1\" \/>\n<link rel=\"canonical\" href=\"https:\/\/elfsight.com\/es\/cookie-consent-widget\/magento\/\" \/>\n<meta property=\"og:locale\" content=\"es_ES\" \/>\n<meta property=\"og:type\" content=\"article\" \/>\n<meta property=\"og:title\" content=\"Agregue la extensi\u00f3n Cookie Consent al sitio web de Magento (en 2 minutos)\" \/>\n<meta property=\"og:description\" content=\"Con Elfsight, cree su extensi\u00f3n de consentimiento de cookies y agr\u00e9guela r\u00e1pidamente al sitio de Magento. Disponemos de atenci\u00f3n al cliente gratuita y m\u00e1s bonos.\" \/>\n<meta property=\"og:url\" content=\"https:\/\/elfsight.com\/es\/cookie-consent-widget\/magento\/\" \/>\n<meta property=\"og:site_name\" content=\"Elfsight ES\" \/>\n<meta property=\"article:modified_time\" content=\"2025-02-06T15:01:25+00:00\" \/>\n<meta name=\"twitter:card\" content=\"summary_large_image\" \/>\n<meta name=\"twitter:label1\" content=\"Tiempo de lectura\" \/>\n\t<meta name=\"twitter:data1\" content=\"3 minutos\" \/>\n<!-- \/ Yoast SEO plugin. -->","yoast_head_json":{"title":"Agregue la extensi\u00f3n Cookie Consent al sitio web de Magento (en 2 minutos)","description":"Con Elfsight, cree su extensi\u00f3n de consentimiento de cookies y agr\u00e9guela r\u00e1pidamente al sitio de Magento. Disponemos de atenci\u00f3n al cliente gratuita y m\u00e1s bonos.","robots":{"index":"index","follow":"follow","max-snippet":"max-snippet:-1","max-image-preview":"max-image-preview:large","max-video-preview":"max-video-preview:-1"},"canonical":"https:\/\/elfsight.com\/es\/cookie-consent-widget\/magento\/","og_locale":"es_ES","og_type":"article","og_title":"Agregue la extensi\u00f3n Cookie Consent al sitio web de Magento (en 2 minutos)","og_description":"Con Elfsight, cree su extensi\u00f3n de consentimiento de cookies y agr\u00e9guela r\u00e1pidamente al sitio de Magento. Disponemos de atenci\u00f3n al cliente gratuita y m\u00e1s bonos.","og_url":"https:\/\/elfsight.com\/es\/cookie-consent-widget\/magento\/","og_site_name":"Elfsight ES","article_modified_time":"2025-02-06T15:01:25+00:00","twitter_card":"summary_large_image","twitter_misc":{"Tiempo de lectura":"3 minutos"},"schema":{"@context":"https:\/\/schema.org","@graph":[{"@type":"WebPage","@id":"https:\/\/elfsight.com\/es\/cookie-consent-widget\/magento\/","url":"https:\/\/elfsight.com\/es\/cookie-consent-widget\/magento\/","name":"Agregue la extensi\u00f3n Cookie Consent al sitio web de Magento (en 2 minutos)","isPartOf":{"@id":"https:\/\/elfsight.com\/es\/#website"},"datePublished":"2024-05-03T06:33:24+00:00","dateModified":"2025-02-06T15:01:25+00:00","description":"Con Elfsight, cree su extensi\u00f3n de consentimiento de cookies y agr\u00e9guela r\u00e1pidamente al sitio de Magento. Disponemos de atenci\u00f3n al cliente gratuita y m\u00e1s bonos.","breadcrumb":{"@id":"https:\/\/elfsight.com\/es\/cookie-consent-widget\/magento\/#breadcrumb"},"inLanguage":"es","potentialAction":[{"@type":"ReadAction","target":["https:\/\/elfsight.com\/es\/cookie-consent-widget\/magento\/"]}]},{"@type":"BreadcrumbList","@id":"https:\/\/elfsight.com\/es\/cookie-consent-widget\/magento\/#breadcrumb","itemListElement":[{"@type":"ListItem","position":1,"name":"Home","item":"https:\/\/elfsight.com\/es\/"},{"@type":"ListItem","position":2,"name":"Cookie Consent","item":"https:\/\/elfsight.com\/es\/cookie-consent-widget\/"},{"@type":"ListItem","position":3,"name":"Cookie Consent &#8211; Magento"}]},{"@type":"WebSite","@id":"https:\/\/elfsight.com\/es\/#website","url":"https:\/\/elfsight.com\/es\/","name":"Elfsight ES","description":"Just another Elfsight Sites site","potentialAction":[{"@type":"SearchAction","target":{"@type":"EntryPoint","urlTemplate":"https:\/\/elfsight.com\/es\/?s={search_term_string}"},"query-input":{"@type":"PropertyValueSpecification","valueRequired":true,"valueName":"search_term_string"}}],"inLanguage":"es"}]}},"meta_box":{"industry":"","seo_heading":"","heading":"","description":"","cta_heading":"","cta_description":"","application":"689","h1":"Extensi\u00f3n de consentimiento de cookies de Magento","h1_caption":"Incorpore una notificaci\u00f3n r\u00e1pida sobre el uso de cookies con el bot\u00f3n Aceptar para los usuarios de su sitio.","application_category":[],"applications_title":"","applications_request_title":"","applications_request_button_text":"","hero_text":"","hero_video":"","hero_video_schema_markup":"","selling_points_title":"","selling_points_caption":"","selling_points":[],"selling_points_cta_text":"","features_title":"","features":"","ed_cta_examples_text":"","ed_cta_examples_hidden":"","ed_cta_demo_text":"","ed_cta_demo_hidden":"","why_caption":"","why_editor_title":"","why_editor_text":"","why_team_title":"","why_team_text":"","why_service_title":"","why_service_text":"","template_catalog_visible":"","template_catalog_title":"","template_catalog_text":"","template_catalog_categories_visible":"","demo_title":"Cree su extensi\u00f3n de consentimiento de cookies","demo_caption":"Configure su Consentimiento de cookies y agr\u00e9guelo a su sitio web Magento de forma gratuita.","default_faq_hidden":"","app_template_category":[],"platform":"82","template_public_id":"","codecanyon_url":"","codecanyon_item_id":"","codecanyon_price":"","pricing_caption":"","pricing_elfsight_apps_hide_column":"","pricing_elfsight_apps_url":"","pricing_codecanyon_price_caption":"","integration_category":[],"integration_request_title":"","integration_request_cta":"","integration_platform":"","integrations":[],"platform_category":[],"video_schema_markup":"","price":"desde $0 \/ mes","trial":"","benefits":[{"text":"Asistencia de instalaci\u00f3n gratuita"},{"text":"Servicio al cliente competente"},{"text":"Garant\u00eda de reembolso de 14 d\u00edas"},{"text":"Actualizaciones futuras"}],"button_url":"#demo","button_target_blank":"","button_nofollow":"","attributes":[{"name":"Instalaciones","content":"100,000 - 500,000"},{"name":"Sensible","content":"S\u00ed"},{"name":"Navegadores compatibles","content":"Firefox, Safari, Opera, Chrome, Edge"}],"tags":[],"tags_disable_links":"","hide_more_platforms":"","video_object":"","demo_hide_cta":"","demo_hide_cloud_options":"","pricing_title":"","pricing":[{"pricing_icon":"platform","pricing_title":"Elfsight Apps","pricing_title_caption":"Versi\u00f3n independiente de la plataforma que se adapta a cualquier sitio","pricing_price":"desde $0 \/ mes","pricing_price_caption":"comienza con un plan gratuito","pricing_benefits":[{"text":"Dominios ilimitados"},{"text":"Atenci\u00f3n al cliente r\u00e1pida y bien documentada."},{"text":"Ayuda de instalaci\u00f3n gratuita"},{"text":"100% personalizable"}],"pricing_button_text":"A\u00f1adir al sitio web","pricing_button_url":"#demo"}],"related_apps_title":"","related_apps_hidden":"","author":"","image":[],"title":"","job":"","social_networks":[]},"_links":{"self":[{"href":"https:\/\/elfsight.com\/es\/wp-json\/wp\/v2\/pages\/15851","targetHints":{"allow":["GET"]}}],"collection":[{"href":"https:\/\/elfsight.com\/es\/wp-json\/wp\/v2\/pages"}],"about":[{"href":"https:\/\/elfsight.com\/es\/wp-json\/wp\/v2\/types\/page"}],"author":[{"embeddable":true,"href":"https:\/\/elfsight.com\/es\/wp-json\/wp\/v2\/users\/9"}],"replies":[{"embeddable":true,"href":"https:\/\/elfsight.com\/es\/wp-json\/wp\/v2\/comments?post=15851"}],"version-history":[{"count":3,"href":"https:\/\/elfsight.com\/es\/wp-json\/wp\/v2\/pages\/15851\/revisions"}],"predecessor-version":[{"id":17783,"href":"https:\/\/elfsight.com\/es\/wp-json\/wp\/v2\/pages\/15851\/revisions\/17783"}],"up":[{"embeddable":true,"href":"https:\/\/elfsight.com\/es\/wp-json\/wp\/v2\/pages\/690"}],"wp:attachment":[{"href":"https:\/\/elfsight.com\/es\/wp-json\/wp\/v2\/media?parent=15851"}],"curies":[{"name":"wp","href":"https:\/\/api.w.org\/{rel}","templated":true}]}}