{"id":15849,"date":"2024-05-03T06:33:25","date_gmt":"2024-05-03T06:33:25","guid":{"rendered":"https:\/\/elfsight.com\/es\/?page_id=15849"},"modified":"2025-02-06T15:01:16","modified_gmt":"2025-02-06T15:01:16","slug":"jquery","status":"publish","type":"page","link":"https:\/\/elfsight.com\/es\/cookie-consent-widget\/jquery\/","title":{"rendered":"Cookie Consent &#8211; jQuery"},"content":{"rendered":"<div class=\"application-platform-content-item-description application-platform-content-item\" id=\"description\" data-nav-section=\"description\"> <h2>Descripci\u00f3n<\/h2> <p>Con el plugin de Elfsight Cookie, ser\u00e1 extremadamente sencillo notificar a tu audiencia que tu sitio utiliza cookies mediante una barra emergente limpia. El widget te permite escribir un mensaje personalizado, incluir un enlace a la pol\u00edtica de uso del sitio web y agregar botones activos para obtener la aprobaci\u00f3n de los usuarios. Puedes elegir mostrar la notificaci\u00f3n en forma de una barra en la p\u00e1gina o en un cuadro, y seleccionar la posici\u00f3n en la que debe aparecer. Adem\u00e1s, los elementos personalizables te ayudar\u00e1n a hacer que el widget se vea nativo y encaje bien con el estilo del sitio.<\/p> <div class=\"faq\" data-component=\"FAQ\"> <div class=\"faq-item\">\r\n\t\t\t\t\t<div class=\"faq-item-question\">\r\n\t\t\t\t\t\t<h3 class=\"faq-item-question-text\">\u00bfD\u00f3nde puedo insertar el Consentimiento de Cookies?<\/h3>\r\n\r\n\t\t\t\t\t\t<div class=\"faq-item-question-icon\"><\/div>\r\n\t\t\t\t\t<\/div>\r\n\r\n\t\t\t\t\t<div class=\"faq-item-answer\">\r\n\t\t\t\t\t\t<div class=\"faq-item-answer-text\"> <p>Es f\u00e1cil incrustar la notificaci\u00f3n en cualquier p\u00e1gina del sitio web o en todas ellas, dependiendo de lo que necesites. Tan pronto como un usuario abra la p\u00e1gina, aparecer\u00e1 el widget.<\/p> <\/div>\r\n\t\t\t\t\t<\/div>\r\n\t\t\t\t<\/div> <div class=\"faq-item\">\r\n\t\t\t\t\t<div class=\"faq-item-question\">\r\n\t\t\t\t\t\t<h3 class=\"faq-item-question-text\">\u00bfQu\u00e9 ventajas me puede dar?<\/h3>\r\n\r\n\t\t\t\t\t\t<div class=\"faq-item-question-icon\"><\/div>\r\n\t\t\t\t\t<\/div>\r\n\r\n\t\t\t\t\t<div class=\"faq-item-answer\">\r\n\t\t\t\t\t\t<div class=\"faq-item-answer-text\"> <p>El widget te ayuda a organizar un anuncio de cookies inmediato de forma sencilla y sin necesidad de codificaci\u00f3n, adem\u00e1s de ser muy r\u00e1pido. Est\u00e1 disponible en todos los idiomas europeos m\u00e1s populares para asegurar la mejor experiencia de usuario para tus visitantes.<\/p> <\/div>\r\n\t\t\t\t\t<\/div>\r\n\t\t\t\t<\/div> <div class=\"faq-item\">\r\n\t\t\t\t\t<div class=\"faq-item-question\">\r\n\t\t\t\t\t\t<h3 class=\"faq-item-question-text\">\u00bfQu\u00e9 necesito para incrustar el Consentimiento de Cookies en mi sitio jQuery?<\/h3>\r\n\r\n\t\t\t\t\t\t<div class=\"faq-item-question-icon\"><\/div>\r\n\t\t\t\t\t<\/div>\r\n\r\n\t\t\t\t\t<div class=\"faq-item-answer\">\r\n\t\t\t\t\t\t<div class=\"faq-item-answer-text\"> <p>Te tomar\u00e1 un minuto poner en marcha el widget. La incrustaci\u00f3n es extremadamente r\u00e1pida, gratuita y sin necesidad de codificaci\u00f3n.<\/p> <p>El Consentimiento de Cookies de Elfsight se puede insertar a trav\u00e9s de nuestro servicio o mediante el marketplace. Aqu\u00ed puedes ver todos los detalles sobre ambas opciones y elegir la que prefieras.<\/p> <\/div>\r\n\t\t\t\t\t<\/div>\r\n\t\t\t\t<\/div> <\/div> <\/div> <div class=\"application-platform-content-item-features application-platform-content-item\" id=\"features\" data-nav-section=\"features\"> <h2>Caracter\u00edsticas<\/h2> <p>Para obtener una comprensi\u00f3n clara del widget, consulta la lista de sus caracter\u00edsticas esenciales. Estas hacen que este widget sea muy eficiente para ti:<\/p> <ul><li>Seleccionar solo notificaci\u00f3n o solicitud de consentimiento;<\/li> <li>La opci\u00f3n de escribir un mensaje de notificaci\u00f3n personalizado con formato y enlaces;<\/li> <li>Mostrar u ocultar un enlace a la pol\u00edtica de uso del sitio web y agregar texto personalizado al enlace;<\/li> <li>La opci\u00f3n de seleccionar el dise\u00f1o de la notificaci\u00f3n en formato Barra o Cuadro;<\/li> <li>La opci\u00f3n de personalizar el color de los botones y el enlace.<\/li><\/ul><p><a href=\"#demo\">Para ver todas las caracter\u00edsticas, consulta nuestra demo<\/a><\/p> <\/div> <div class=\"application-platform-content-item-installation application-platform-content-item\" id=\"installation\" data-nav-section=\"installation\"> <h2>Aqu\u00ed te explicamos c\u00f3mo agregar el Consentimiento de Cookies a tu sitio jQuery<\/h2> <p>Los siguientes pasos son todo lo que necesitas hacer.<\/p> <ol><li><b>Genera tu propio plugin de Cookies<\/b><br> Con la ayuda de nuestro configurador gratuito, crea un plugin con el dise\u00f1o y las caracter\u00edsticas funcionales que desees.<\/li><li><b>Copia el c\u00f3digo \u00fanico para configurar el plugin<\/b><br> Despu\u00e9s de crear tu widget, recibir\u00e1s el c\u00f3digo de instalaci\u00f3n desde la ventana emergente en Elfsight Apps. C\u00f3pialo para usarlo m\u00e1s tarde.<\/li><li><b>Agrega el plugin en tu sitio jQuery<\/b><br> Elige la ubicaci\u00f3n donde deseas mostrar el plugin e inserta el c\u00f3digo guardado all\u00ed. Aplica los cambios.<\/li><li><b>\u00a1Felicidades! \u00a1Ya has configurado el plugin!<\/b><br> Visita el sitio para ver c\u00f3mo est\u00e1 funcionando.<\/li><\/ol><p>\u00bfA\u00fan tienes dudas? \u00bfO preguntas? Simplemente env\u00eda una solicitud a nuestro soporte al cliente y resolveremos cualquier inconveniente.<\/p> <\/div>","protected":false},"excerpt":{"rendered":"","protected":false},"author":9,"featured_media":0,"parent":690,"menu_order":0,"comment_status":"closed","ping_status":"closed","template":"templates\/template-application-platform.php","meta":{"publish_to_discourse":"","publish_post_category":"","wpdc_auto_publish_overridden":"","wpdc_topic_tags":"","wpdc_pin_topic":"","wpdc_pin_until":"","discourse_post_id":"","discourse_permalink":"","wpdc_publishing_response":"","wpdc_publishing_error":"","footnotes":""},"class_list":["post-15849","page","type-page","status-publish","hentry"],"yoast_head":"<!-- This site is optimized with the Yoast SEO plugin v25.3.1 - https:\/\/yoast.com\/wordpress\/plugins\/seo\/ -->\n<title>Agregue el complemento Cookie Consent al sitio web jQuery (2025)<\/title>\n<meta name=\"description\" content=\"Con Elfsight, dise\u00f1e su complemento Cookie Consent y mu\u00e9strelo r\u00e1pidamente en el sitio web jQuery. Ofrecemos atenci\u00f3n al cliente gratuita y m\u00e1s bonificaciones.\" \/>\n<meta name=\"robots\" content=\"index, follow, max-snippet:-1, max-image-preview:large, max-video-preview:-1\" \/>\n<link rel=\"canonical\" href=\"https:\/\/elfsight.com\/es\/cookie-consent-widget\/jquery\/\" \/>\n<meta property=\"og:locale\" content=\"es_ES\" \/>\n<meta property=\"og:type\" content=\"article\" \/>\n<meta property=\"og:title\" content=\"Agregue el complemento Cookie Consent al sitio web jQuery (2025)\" \/>\n<meta property=\"og:description\" content=\"Con Elfsight, dise\u00f1e su complemento Cookie Consent y mu\u00e9strelo r\u00e1pidamente en el sitio web jQuery. Ofrecemos atenci\u00f3n al cliente gratuita y m\u00e1s bonificaciones.\" \/>\n<meta property=\"og:url\" content=\"https:\/\/elfsight.com\/es\/cookie-consent-widget\/jquery\/\" \/>\n<meta property=\"og:site_name\" content=\"Elfsight ES\" \/>\n<meta property=\"article:modified_time\" content=\"2025-02-06T15:01:16+00:00\" \/>\n<meta name=\"twitter:card\" content=\"summary_large_image\" \/>\n<meta name=\"twitter:label1\" content=\"Tiempo de lectura\" \/>\n\t<meta name=\"twitter:data1\" content=\"3 minutos\" \/>\n<!-- \/ Yoast SEO plugin. -->","yoast_head_json":{"title":"Agregue el complemento Cookie Consent al sitio web jQuery (2025)","description":"Con Elfsight, dise\u00f1e su complemento Cookie Consent y mu\u00e9strelo r\u00e1pidamente en el sitio web jQuery. Ofrecemos atenci\u00f3n al cliente gratuita y m\u00e1s bonificaciones.","robots":{"index":"index","follow":"follow","max-snippet":"max-snippet:-1","max-image-preview":"max-image-preview:large","max-video-preview":"max-video-preview:-1"},"canonical":"https:\/\/elfsight.com\/es\/cookie-consent-widget\/jquery\/","og_locale":"es_ES","og_type":"article","og_title":"Agregue el complemento Cookie Consent al sitio web jQuery (2025)","og_description":"Con Elfsight, dise\u00f1e su complemento Cookie Consent y mu\u00e9strelo r\u00e1pidamente en el sitio web jQuery. Ofrecemos atenci\u00f3n al cliente gratuita y m\u00e1s bonificaciones.","og_url":"https:\/\/elfsight.com\/es\/cookie-consent-widget\/jquery\/","og_site_name":"Elfsight ES","article_modified_time":"2025-02-06T15:01:16+00:00","twitter_card":"summary_large_image","twitter_misc":{"Tiempo de lectura":"3 minutos"},"schema":{"@context":"https:\/\/schema.org","@graph":[{"@type":"WebPage","@id":"https:\/\/elfsight.com\/es\/cookie-consent-widget\/jquery\/","url":"https:\/\/elfsight.com\/es\/cookie-consent-widget\/jquery\/","name":"Agregue el complemento Cookie Consent al sitio web jQuery (2025)","isPartOf":{"@id":"https:\/\/elfsight.com\/es\/#website"},"datePublished":"2024-05-03T06:33:25+00:00","dateModified":"2025-02-06T15:01:16+00:00","description":"Con Elfsight, dise\u00f1e su complemento Cookie Consent y mu\u00e9strelo r\u00e1pidamente en el sitio web jQuery. Ofrecemos atenci\u00f3n al cliente gratuita y m\u00e1s bonificaciones.","breadcrumb":{"@id":"https:\/\/elfsight.com\/es\/cookie-consent-widget\/jquery\/#breadcrumb"},"inLanguage":"es","potentialAction":[{"@type":"ReadAction","target":["https:\/\/elfsight.com\/es\/cookie-consent-widget\/jquery\/"]}]},{"@type":"BreadcrumbList","@id":"https:\/\/elfsight.com\/es\/cookie-consent-widget\/jquery\/#breadcrumb","itemListElement":[{"@type":"ListItem","position":1,"name":"Home","item":"https:\/\/elfsight.com\/es\/"},{"@type":"ListItem","position":2,"name":"Cookie Consent","item":"https:\/\/elfsight.com\/es\/cookie-consent-widget\/"},{"@type":"ListItem","position":3,"name":"Cookie Consent &#8211; jQuery"}]},{"@type":"WebSite","@id":"https:\/\/elfsight.com\/es\/#website","url":"https:\/\/elfsight.com\/es\/","name":"Elfsight ES","description":"Just another Elfsight Sites site","potentialAction":[{"@type":"SearchAction","target":{"@type":"EntryPoint","urlTemplate":"https:\/\/elfsight.com\/es\/?s={search_term_string}"},"query-input":{"@type":"PropertyValueSpecification","valueRequired":true,"valueName":"search_term_string"}}],"inLanguage":"es"}]}},"meta_box":{"industry":"","seo_heading":"","heading":"","description":"","cta_heading":"","cta_description":"","application":"689","h1":"Complemento de consentimiento de cookies de jQuery","h1_caption":"Muestre una notificaci\u00f3n r\u00e1pida de cookies con un bot\u00f3n de consentimiento para sus usuarios","application_category":[],"applications_title":"","applications_request_title":"","applications_request_button_text":"","hero_text":"","hero_video":"","hero_video_schema_markup":"","selling_points_title":"","selling_points_caption":"","selling_points":[],"selling_points_cta_text":"","features_title":"","features":"","ed_cta_examples_text":"","ed_cta_examples_hidden":"","ed_cta_demo_text":"","ed_cta_demo_hidden":"","why_caption":"","why_editor_title":"","why_editor_text":"","why_team_title":"","why_team_text":"","why_service_title":"","why_service_text":"","template_catalog_visible":"","template_catalog_title":"","template_catalog_text":"","template_catalog_categories_visible":"","demo_title":"Cree su complemento de consentimiento de cookies","demo_caption":"Configure su Consentimiento de cookies y agr\u00e9guelo a su sitio web jQuery de forma gratuita.","default_faq_hidden":"","app_template_category":[],"platform":"76","template_public_id":"","codecanyon_url":"","codecanyon_item_id":"","codecanyon_price":"","pricing_caption":"","pricing_elfsight_apps_hide_column":"","pricing_elfsight_apps_url":"","pricing_codecanyon_price_caption":"","integration_category":[],"integration_request_title":"","integration_request_cta":"","integration_platform":"","integrations":[],"platform_category":[],"video_schema_markup":"","price":"desde $0 \/ mes","trial":"","benefits":[{"text":"Ayuda de instalaci\u00f3n gratuita"},{"text":"Soporte excepcional"},{"text":"Garant\u00eda de devoluci\u00f3n de dinero de 14 d\u00edas"},{"text":"Actualizaciones de por vida"}],"button_url":"#demo","button_target_blank":"","button_nofollow":"","attributes":[{"name":"Instalaciones","content":"100,000 - 500,000"},{"name":"Sensible","content":"S\u00ed"},{"name":"Navegadores compatibles","content":"Firefox, Safari, Opera, Chrome, Edge"}],"tags":[],"tags_disable_links":"","hide_more_platforms":"","video_object":"","demo_hide_cta":"","demo_hide_cloud_options":"","pricing_title":"","pricing":[{"pricing_icon":"platform","pricing_title":"Elfsight Apps","pricing_title_caption":"Soluci\u00f3n digital multiplataforma que se adapta a cualquier sitio web","pricing_price":"desde $0 \/ mes","pricing_price_caption":"comienza con un plan gratuito","pricing_benefits":[{"text":"Dominios ilimitados"},{"text":"Soporte 24 horas al d\u00eda, 7 d\u00edas a la semana y a tiempo"},{"text":"Asistencia de instalaci\u00f3n gratuita"},{"text":"100% personalizable"}],"pricing_button_text":"A\u00f1adir al sitio web","pricing_button_url":"#demo"}],"related_apps_title":"","related_apps_hidden":"","author":"","image":[],"title":"","job":"","social_networks":[]},"_links":{"self":[{"href":"https:\/\/elfsight.com\/es\/wp-json\/wp\/v2\/pages\/15849","targetHints":{"allow":["GET"]}}],"collection":[{"href":"https:\/\/elfsight.com\/es\/wp-json\/wp\/v2\/pages"}],"about":[{"href":"https:\/\/elfsight.com\/es\/wp-json\/wp\/v2\/types\/page"}],"author":[{"embeddable":true,"href":"https:\/\/elfsight.com\/es\/wp-json\/wp\/v2\/users\/9"}],"replies":[{"embeddable":true,"href":"https:\/\/elfsight.com\/es\/wp-json\/wp\/v2\/comments?post=15849"}],"version-history":[{"count":3,"href":"https:\/\/elfsight.com\/es\/wp-json\/wp\/v2\/pages\/15849\/revisions"}],"predecessor-version":[{"id":17782,"href":"https:\/\/elfsight.com\/es\/wp-json\/wp\/v2\/pages\/15849\/revisions\/17782"}],"up":[{"embeddable":true,"href":"https:\/\/elfsight.com\/es\/wp-json\/wp\/v2\/pages\/690"}],"wp:attachment":[{"href":"https:\/\/elfsight.com\/es\/wp-json\/wp\/v2\/media?parent=15849"}],"curies":[{"name":"wp","href":"https:\/\/api.w.org\/{rel}","templated":true}]}}