{"id":15843,"date":"2024-05-03T06:33:12","date_gmt":"2024-05-03T06:33:12","guid":{"rendered":"https:\/\/elfsight.com\/es\/?page_id=15843"},"modified":"2025-02-06T15:01:34","modified_gmt":"2025-02-06T15:01:34","slug":"iframe","status":"publish","type":"page","link":"https:\/\/elfsight.com\/es\/cookie-consent-widget\/iframe\/","title":{"rendered":"Cookie Consent &#8211; iFrame"},"content":{"rendered":"<div class=\"application-platform-content-item-description application-platform-content-item\" id=\"description\" data-nav-section=\"description\"><h2>Incrusta el Consentimiento de Cookies en iFrame con el widget de Elfsight<\/h2><p>Usando Elfsight Cookie Consent, ser\u00e1 extremadamente f\u00e1cil notificar a los usuarios que tu sitio utiliza cookies a trav\u00e9s de una ventana emergente agradable. Nuestro widget te permite ingresar tu texto, proporcionar un enlace a tu pol\u00edtica de uso del sitio web y mostrar botones activos para obtener el permiso de los visitantes. Puedes elegir mostrar el widget como una barra o un cuadro y seleccionar cualquier ubicaci\u00f3n en la p\u00e1gina. Adem\u00e1s, los elementos pintables te ayudar\u00e1n a hacer que el widget se vea consistente e integre bien con el estilo general del sitio.<\/p><p><b>\u00a1Elige la forma m\u00e1s f\u00e1cil de informar sobre tu pol\u00edtica de cookies!<\/b><\/p> <\/div><div class=\"application-platform-content-item-features application-platform-content-item\" id=\"features\" data-nav-section=\"features\"><h2>Caracter\u00edsticas principales del widget de Consentimiento de Cookies<\/h2><p>Para m\u00e1s informaci\u00f3n sobre el Consentimiento de Cookies, consulta la lista de sus opciones m\u00e1s importantes. Estas hacen que nuestro widget sea incre\u00edblemente efectivo para tu promoci\u00f3n:<\/p><ul><li>Realiza solo el anuncio o la solicitud de aprobaci\u00f3n;<\/li><li>La opci\u00f3n de escribir un texto de notificaci\u00f3n personalizado con opciones de formato y enlaces;<\/li><li>Revelar u ocultar un enlace activo a tu pol\u00edtica de cookies y agregar texto personalizado para el enlace;<\/li><li>La opci\u00f3n de elegir el tipo de dise\u00f1o: Barra o Cuadro;<\/li><li>La opci\u00f3n de pintar los botones y el enlace.<\/li><\/ul><p><a href=\"#demo\">Consulta todas las caracter\u00edsticas en la demo en vivo<\/a><\/p><\/div><div class=\"application-platform-content-item-installation application-platform-content-item\" id=\"installation\" data-nav-section=\"installation\"><h2>C\u00f3mo agregar el widget de Consentimiento de Cookies a tu sitio iFrame<\/h2><p>Para activar el widget, simplemente sigue los pasos a continuaci\u00f3n.<\/p><ol><li><b>Crea tu plugin personalizado de Cookies<\/b><br> Con la ayuda de nuestra demo gratuita, crea un plugin con el aspecto y las funcionalidades que prefieras.<\/li><li><b>Obt\u00e9n el c\u00f3digo personalizado para agregar el plugin<\/b><br> Despu\u00e9s de generar tu widget, recibir\u00e1s el c\u00f3digo de instalaci\u00f3n desde la notificaci\u00f3n emergente en Elfsight Apps. Copia este c\u00f3digo.<\/li><li><b>Publica el plugin en tu sitio iFrame<\/b><br> Encuentra el \u00e1rea donde deseas mostrar el plugin y pega el c\u00f3digo copiado all\u00ed. Publica los cambios.<\/li><li><b>\u00a1Felicidades! Has incrustado el widget con \u00e9xito.<\/b><br> Visita tu tienda para ver el resultado.<\/li><\/ol><p>No dudes en contactar con nuestro equipo de soporte si tienes alguna pregunta. Estamos listos para ayudarte con cualquier problema.<\/p><\/div><div class=\"faq\" data-component=\"FAQ\"><div class=\"faq-item\">\r\n\t\t\t\t\t<div class=\"faq-item-question\">\r\n\t\t\t\t\t\t<h3 class=\"faq-item-question-text\">\u00bfC\u00f3mo puedo incrustar el Consentimiento de Cookies en mi sitio iFrame?<\/h3>\r\n\r\n\t\t\t\t\t\t<div class=\"faq-item-question-icon\"><\/div>\r\n\t\t\t\t\t<\/div>\r\n\r\n\t\t\t\t\t<div class=\"faq-item-answer\">\r\n\t\t\t\t\t\t<div class=\"faq-item-answer-text\"><p>La creaci\u00f3n de la herramienta se realiza dentro del sitio web de Elfsight y no necesitas programar. Usa nuestra demo activa para personalizar tu propio widget, obtener el c\u00f3digo e insertarlo en tu sitio.<\/p><\/div>\r\n\t\t\t\t\t<\/div>\r\n\t\t\t\t<\/div><div class=\"faq-item\">\r\n\t\t\t\t\t<div class=\"faq-item-question\">\r\n\t\t\t\t\t\t<h3 class=\"faq-item-question-text\">\u00bfCu\u00e1les son las mejores maneras de integrar el banner de Consentimiento de Cookies?<\/h3>\r\n\r\n\t\t\t\t\t\t<div class=\"faq-item-question-icon\"><\/div>\r\n\t\t\t\t\t<\/div>\r\n\r\n\t\t\t\t\t<div class=\"faq-item-answer\">\r\n\t\t\t\t\t\t<div class=\"faq-item-answer-text\"><p>Te proporcionaremos muchas opciones de ajuste: widgets a escala completa para insertar en la zona de contenido, plugins flotantes con oportunidades de desplazamiento, dise\u00f1os para el pie de p\u00e1gina de tu sitio web, la secci\u00f3n de encabezado y todas las opciones verticales para barras laterales y men\u00fas.<\/p><\/div>\r\n\t\t\t\t\t<\/div>\r\n\t\t\t\t<\/div><div class=\"faq-item\">\r\n\t\t\t\t\t<div class=\"faq-item-question\">\r\n\t\t\t\t\t\t<h3 class=\"faq-item-question-text\">\u00bfExiste la opci\u00f3n de crear un banner superior o un consentimiento de cookies flotante a trav\u00e9s del editor?<\/h3>\r\n\r\n\t\t\t\t\t\t<div class=\"faq-item-question-icon\"><\/div>\r\n\t\t\t\t\t<\/div>\r\n\r\n\t\t\t\t\t<div class=\"faq-item-answer\">\r\n\t\t\t\t\t\t<div class=\"faq-item-answer-text\"><p>Puedes realizar cualquier modificaci\u00f3n del widget. Hay muchos dise\u00f1os disponibles en el editor y todos ellos se pueden personalizar r\u00e1pidamente seg\u00fan lo necesites.<\/p><\/div>\r\n\t\t\t\t\t<\/div>\r\n\t\t\t\t<\/div><\/div>","protected":false},"excerpt":{"rendered":"","protected":false},"author":9,"featured_media":0,"parent":690,"menu_order":0,"comment_status":"closed","ping_status":"closed","template":"templates\/template-application-platform.php","meta":{"publish_to_discourse":"","publish_post_category":"","wpdc_auto_publish_overridden":"","wpdc_topic_tags":"","wpdc_pin_topic":"","wpdc_pin_until":"","discourse_post_id":"","discourse_permalink":"","wpdc_publishing_response":"","wpdc_publishing_error":"","footnotes":""},"class_list":["post-15843","page","type-page","status-publish","hentry"],"yoast_head":"<!-- This site is optimized with the Yoast SEO plugin v25.3.1 - https:\/\/yoast.com\/wordpress\/plugins\/seo\/ -->\n<title>Complemento iFrame Cookie Consent para su sitio web (gratis y r\u00e1pido)<\/title>\n<meta name=\"description\" content=\"Con Elfsight, cree su widget de consentimiento de cookies y agr\u00e9guelo al sitio web de iFrame de forma r\u00e1pida y sencilla. Contamos con atenci\u00f3n al cliente gratuita y otras bonificaciones.\" \/>\n<meta name=\"robots\" content=\"index, follow, max-snippet:-1, max-image-preview:large, max-video-preview:-1\" \/>\n<link rel=\"canonical\" href=\"https:\/\/elfsight.com\/es\/cookie-consent-widget\/iframe\/\" \/>\n<meta property=\"og:locale\" content=\"es_ES\" \/>\n<meta property=\"og:type\" content=\"article\" \/>\n<meta property=\"og:title\" content=\"Complemento iFrame Cookie Consent para su sitio web (gratis y r\u00e1pido)\" \/>\n<meta property=\"og:description\" content=\"Con Elfsight, cree su widget de consentimiento de cookies y agr\u00e9guelo al sitio web de iFrame de forma r\u00e1pida y sencilla. Contamos con atenci\u00f3n al cliente gratuita y otras bonificaciones.\" \/>\n<meta property=\"og:url\" content=\"https:\/\/elfsight.com\/es\/cookie-consent-widget\/iframe\/\" \/>\n<meta property=\"og:site_name\" content=\"Elfsight ES\" \/>\n<meta property=\"article:modified_time\" content=\"2025-02-06T15:01:34+00:00\" \/>\n<meta name=\"twitter:card\" content=\"summary_large_image\" \/>\n<meta name=\"twitter:label1\" content=\"Tiempo de lectura\" \/>\n\t<meta name=\"twitter:data1\" content=\"3 minutos\" \/>\n<!-- \/ Yoast SEO plugin. -->","yoast_head_json":{"title":"Complemento iFrame Cookie Consent para su sitio web (gratis y r\u00e1pido)","description":"Con Elfsight, cree su widget de consentimiento de cookies y agr\u00e9guelo al sitio web de iFrame de forma r\u00e1pida y sencilla. Contamos con atenci\u00f3n al cliente gratuita y otras bonificaciones.","robots":{"index":"index","follow":"follow","max-snippet":"max-snippet:-1","max-image-preview":"max-image-preview:large","max-video-preview":"max-video-preview:-1"},"canonical":"https:\/\/elfsight.com\/es\/cookie-consent-widget\/iframe\/","og_locale":"es_ES","og_type":"article","og_title":"Complemento iFrame Cookie Consent para su sitio web (gratis y r\u00e1pido)","og_description":"Con Elfsight, cree su widget de consentimiento de cookies y agr\u00e9guelo al sitio web de iFrame de forma r\u00e1pida y sencilla. Contamos con atenci\u00f3n al cliente gratuita y otras bonificaciones.","og_url":"https:\/\/elfsight.com\/es\/cookie-consent-widget\/iframe\/","og_site_name":"Elfsight ES","article_modified_time":"2025-02-06T15:01:34+00:00","twitter_card":"summary_large_image","twitter_misc":{"Tiempo de lectura":"3 minutos"},"schema":{"@context":"https:\/\/schema.org","@graph":[{"@type":"WebPage","@id":"https:\/\/elfsight.com\/es\/cookie-consent-widget\/iframe\/","url":"https:\/\/elfsight.com\/es\/cookie-consent-widget\/iframe\/","name":"Complemento iFrame Cookie Consent para su sitio web (gratis y r\u00e1pido)","isPartOf":{"@id":"https:\/\/elfsight.com\/es\/#website"},"datePublished":"2024-05-03T06:33:12+00:00","dateModified":"2025-02-06T15:01:34+00:00","description":"Con Elfsight, cree su widget de consentimiento de cookies y agr\u00e9guelo al sitio web de iFrame de forma r\u00e1pida y sencilla. Contamos con atenci\u00f3n al cliente gratuita y otras bonificaciones.","breadcrumb":{"@id":"https:\/\/elfsight.com\/es\/cookie-consent-widget\/iframe\/#breadcrumb"},"inLanguage":"es","potentialAction":[{"@type":"ReadAction","target":["https:\/\/elfsight.com\/es\/cookie-consent-widget\/iframe\/"]}]},{"@type":"BreadcrumbList","@id":"https:\/\/elfsight.com\/es\/cookie-consent-widget\/iframe\/#breadcrumb","itemListElement":[{"@type":"ListItem","position":1,"name":"Home","item":"https:\/\/elfsight.com\/es\/"},{"@type":"ListItem","position":2,"name":"Cookie Consent","item":"https:\/\/elfsight.com\/es\/cookie-consent-widget\/"},{"@type":"ListItem","position":3,"name":"Cookie Consent &#8211; iFrame"}]},{"@type":"WebSite","@id":"https:\/\/elfsight.com\/es\/#website","url":"https:\/\/elfsight.com\/es\/","name":"Elfsight ES","description":"Just another Elfsight Sites site","potentialAction":[{"@type":"SearchAction","target":{"@type":"EntryPoint","urlTemplate":"https:\/\/elfsight.com\/es\/?s={search_term_string}"},"query-input":{"@type":"PropertyValueSpecification","valueRequired":true,"valueName":"search_term_string"}}],"inLanguage":"es"}]}},"meta_box":{"industry":"","seo_heading":"","heading":"","description":"","cta_heading":"","cta_description":"","application":"689","h1":"Complemento de consentimiento de cookies iFrame","h1_caption":"Mostrar un anuncio de cookies r\u00e1pido que ofrezca un bot\u00f3n de aceptaci\u00f3n para los visitantes del sitio web","application_category":[],"applications_title":"","applications_request_title":"","applications_request_button_text":"","hero_text":"","hero_video":"","hero_video_schema_markup":"","selling_points_title":"","selling_points_caption":"","selling_points":[],"selling_points_cta_text":"","features_title":"","features":"","ed_cta_examples_text":"","ed_cta_examples_hidden":"","ed_cta_demo_text":"","ed_cta_demo_hidden":"","why_caption":"","why_editor_title":"","why_editor_text":"","why_team_title":"","why_team_text":"","why_service_title":"","why_service_text":"","template_catalog_visible":"","template_catalog_title":"","template_catalog_text":"","template_catalog_categories_visible":"","demo_title":"Crea tu widget de consentimiento de cookies","demo_caption":"Configure su Consentimiento de cookies y agr\u00e9guelo a su sitio web iFrame de forma gratuita.","default_faq_hidden":"","app_template_category":[],"platform":"2192","template_public_id":"","codecanyon_url":"","codecanyon_item_id":"","codecanyon_price":"","pricing_caption":"","pricing_elfsight_apps_hide_column":"","pricing_elfsight_apps_url":"","pricing_codecanyon_price_caption":"","integration_category":[],"integration_request_title":"","integration_request_cta":"","integration_platform":"","integrations":[],"platform_category":[],"video_schema_markup":"","price":"desde $0 \/ mes","trial":"","benefits":[{"text":"Servicio de instalaci\u00f3n gratuito"},{"text":"Servicio al cliente profesional"},{"text":"Garant\u00eda de reembolso de 14 d\u00edas"},{"text":"Actualizando constantemente"}],"button_url":"#demo","button_target_blank":"","button_nofollow":"","attributes":[{"name":"Instalaciones","content":"100,000 - 500,000"},{"name":"Sensible","content":"S\u00ed"},{"name":"Navegadores compatibles","content":"Firefox, Safari, Opera, Chrome, Edge"}],"tags":[],"tags_disable_links":"","hide_more_platforms":"","video_object":"","demo_hide_cta":"","demo_hide_cloud_options":"","pricing_title":"","pricing":[{"pricing_icon":"platform","pricing_title":"Elfsight Apps","pricing_title_caption":"Versi\u00f3n independiente de plataforma que se adapta a cualquier sitio web","pricing_price":"desde $0 \/ mes","pricing_price_caption":"comienza con el plan gratuito","pricing_benefits":[{"text":"N\u00famero ilimitado de sitios web"},{"text":"Soporte premium"},{"text":"Asistencia de instalaci\u00f3n gratuita"},{"text":"Oferta especial para m\u00faltiples aplicaciones"}],"pricing_button_text":"A\u00f1adir al sitio web","pricing_button_url":"#demo"}],"related_apps_title":"","related_apps_hidden":"","author":"","image":[],"title":"","job":"","social_networks":[]},"_links":{"self":[{"href":"https:\/\/elfsight.com\/es\/wp-json\/wp\/v2\/pages\/15843","targetHints":{"allow":["GET"]}}],"collection":[{"href":"https:\/\/elfsight.com\/es\/wp-json\/wp\/v2\/pages"}],"about":[{"href":"https:\/\/elfsight.com\/es\/wp-json\/wp\/v2\/types\/page"}],"author":[{"embeddable":true,"href":"https:\/\/elfsight.com\/es\/wp-json\/wp\/v2\/users\/9"}],"replies":[{"embeddable":true,"href":"https:\/\/elfsight.com\/es\/wp-json\/wp\/v2\/comments?post=15843"}],"version-history":[{"count":3,"href":"https:\/\/elfsight.com\/es\/wp-json\/wp\/v2\/pages\/15843\/revisions"}],"predecessor-version":[{"id":17789,"href":"https:\/\/elfsight.com\/es\/wp-json\/wp\/v2\/pages\/15843\/revisions\/17789"}],"up":[{"embeddable":true,"href":"https:\/\/elfsight.com\/es\/wp-json\/wp\/v2\/pages\/690"}],"wp:attachment":[{"href":"https:\/\/elfsight.com\/es\/wp-json\/wp\/v2\/media?parent=15843"}],"curies":[{"name":"wp","href":"https:\/\/api.w.org\/{rel}","templated":true}]}}