{"id":15842,"date":"2024-05-03T06:33:23","date_gmt":"2024-05-03T06:33:23","guid":{"rendered":"https:\/\/elfsight.com\/es\/?page_id=15842"},"modified":"2025-02-06T15:01:25","modified_gmt":"2025-02-06T15:01:25","slug":"html","status":"publish","type":"page","link":"https:\/\/elfsight.com\/es\/cookie-consent-widget\/html\/","title":{"rendered":"Cookie Consent &#8211; HTML"},"content":{"rendered":"<div class=\"application-platform-content-item-description application-platform-content-item\" id=\"description\" data-nav-section=\"description\"> <h2>Descripci\u00f3n<\/h2> <p>Mediante el widget de Elfsight Cookie, ser\u00e1 sumamente sencillo mostrar una notificaci\u00f3n a tu audiencia de que tu sitio web tiene cookies a trav\u00e9s de una barra emergente suave. El widget te permite mostrar un texto personalizado, incluir un enlace a la pol\u00edtica de uso de tu sitio web y agregar botones activos para obtener el permiso de los usuarios. Tienes la libertad de elegir mostrar el widget como una barra en la p\u00e1gina o un cuadro responsivo, y seleccionar su ubicaci\u00f3n. Adem\u00e1s, la opci\u00f3n de elegir colores personalizados te ayuda a hacerlo nativo y hacer que coincida con el estilo general del sitio web.<\/p> <div class=\"faq\" data-component=\"FAQ\"><div class=\"faq-item\">\r\n\t\t\t\t\t<div class=\"faq-item-question\">\r\n\t\t\t\t\t\t<h3 class=\"faq-item-question-text\">\u00bfDe qu\u00e9 manera incrusto el Consentimiento de Cookies en mi sitio HTML?<\/h3>\r\n\r\n\t\t\t\t\t\t<div class=\"faq-item-question-icon\"><\/div>\r\n\t\t\t\t\t<\/div>\r\n\r\n\t\t\t\t\t<div class=\"faq-item-answer\">\r\n\t\t\t\t\t\t<div class=\"faq-item-answer-text\"><p>La creaci\u00f3n de la herramienta se realiza en las p\u00e1ginas de Elfsight y no necesitas programar. Utiliza la demo en vivo para personalizar tu herramienta, obtener el c\u00f3digo e insertarlo en tu sitio web.<\/p><\/div>\r\n\t\t\t\t\t<\/div>\r\n\t\t\t\t<\/div><div class=\"faq-item\">\r\n\t\t\t\t\t<div class=\"faq-item-question\">\r\n\t\t\t\t\t\t<h3 class=\"faq-item-question-text\">\u00bfCu\u00e1les son las mejores maneras de usar la integraci\u00f3n del banner de Consentimiento de Cookies?<\/h3>\r\n\r\n\t\t\t\t\t\t<div class=\"faq-item-question-icon\"><\/div>\r\n\t\t\t\t\t<\/div>\r\n\r\n\t\t\t\t\t<div class=\"faq-item-answer\">\r\n\t\t\t\t\t\t<div class=\"faq-item-answer-text\"><p>Te otorgamos muchas oportunidades de personalizaci\u00f3n: widgets de longitud completa para insertar en la secci\u00f3n de contenido, widgets flotantes con opciones de desplazamiento, dise\u00f1os para el pie de p\u00e1gina, la cabecera y todas las variaciones de opciones verticales para las barras laterales y men\u00fas del sitio web.<\/p><\/div>\r\n\t\t\t\t\t<\/div>\r\n\t\t\t\t<\/div><div class=\"faq-item\">\r\n\t\t\t\t\t<div class=\"faq-item-question\">\r\n\t\t\t\t\t\t<h3 class=\"faq-item-question-text\">\u00bfPuedo crear un banner superior o un consentimiento de cookies flotante con la ayuda del editor?<\/h3>\r\n\r\n\t\t\t\t\t\t<div class=\"faq-item-question-icon\"><\/div>\r\n\t\t\t\t\t<\/div>\r\n\r\n\t\t\t\t\t<div class=\"faq-item-answer\">\r\n\t\t\t\t\t\t<div class=\"faq-item-answer-text\"><p>Puedes crear cualquier variaci\u00f3n de widget. Hay una gran cantidad de dise\u00f1os disponibles en el editor, y todos ellos pueden personalizarse f\u00e1cilmente como lo necesites.<\/p><\/div>\r\n\t\t\t\t\t<\/div>\r\n\t\t\t\t<\/div><\/div><\/div> <div class=\"application-platform-content-item-features application-platform-content-item\" id=\"features\" data-nav-section=\"features\"> <h2>Caracter\u00edsticas<\/h2> <p>Para tener una percepci\u00f3n clara del banner de cookies, examina la lista de sus caracter\u00edsticas principales. Estas hacen que nuestro widget sea realmente eficiente para ti:<\/p> <ul><li>Muestra un simple anuncio o solicitud de consentimiento;<\/li><li>Ingresa un mensaje de notificaci\u00f3n personalizado con formato y enlaces;<\/li><li>Muestra u oculta un enlace a los t\u00e9rminos y condiciones de las cookies con una etiqueta de enlace personalizada;<\/li><li>Selecciona el dise\u00f1o del widget como Barra o Cuadro;<\/li><li>La opci\u00f3n de personalizar botones y enlaces.<\/li><\/ul><p><a href=\"#demo\">Para descubrir m\u00e1s caracter\u00edsticas, consulta la demo<\/a><\/p> <\/div> <div class=\"application-platform-content-item-installation application-platform-content-item\" id=\"installation\" data-nav-section=\"installation\"> <h2>Aqu\u00ed te mostramos c\u00f3mo agregar el c\u00f3digo de Consentimiento de Cookies a tu sitio HTML<\/h2> <div class=\"video-container\"><iframe width=\"720\" height=\"405\" src=\"https:\/\/www.youtube.com\/embed\/DBlhsPca1Jg\" frameborder=\"0\" allowfullscreen=\"\"><\/iframe><\/div><p>Un par de pasos r\u00e1pidos son todo lo que necesitas hacer.<\/p> <ol><li><b>Genera tu propio banner de Cookies<\/b><br> Usando nuestro editor gratuito, configura un plugin con un dise\u00f1o y funcionalidades personalizadas.<\/li><li><b>Obt\u00e9n el c\u00f3digo personal para instalar el plugin<\/b><br> Despu\u00e9s de crear tu widget, obtendr\u00e1s tu c\u00f3digo personal de la ventana emergente en Elfsight Apps. Copia este c\u00f3digo.<\/li><li><b>Agrega el plugin en tu sitio HTML<\/b><br> Decide d\u00f3nde necesitas integrar el plugin y agrega el c\u00f3digo guardado en el \u00e1rea seleccionada. Aplica los cambios.<\/li><li><b>\u00a1La integraci\u00f3n ha sido exitosa!<\/b><br> Visita tu p\u00e1gina web para revisar c\u00f3mo est\u00e1 funcionando tu Cookie.<\/li><\/ol><p>\u00bfA\u00fan tienes dudas? \u00bfO tienes preguntas? Solo una solicitud a nuestro departamento de soporte resolver\u00e1 cualquier tipo de problema.<\/p> <\/div>","protected":false},"excerpt":{"rendered":"","protected":false},"author":9,"featured_media":0,"parent":690,"menu_order":0,"comment_status":"closed","ping_status":"closed","template":"templates\/template-application-platform.php","meta":{"publish_to_discourse":"","publish_post_category":"","wpdc_auto_publish_overridden":"","wpdc_topic_tags":"","wpdc_pin_topic":"","wpdc_pin_until":"","discourse_post_id":"","discourse_permalink":"","wpdc_publishing_response":"","wpdc_publishing_error":"","footnotes":""},"class_list":["post-15842","page","type-page","status-publish","hentry"],"yoast_head":"<!-- This site is optimized with the Yoast SEO plugin v25.3.1 - https:\/\/yoast.com\/wordpress\/plugins\/seo\/ -->\n<title>Agregue el widget de c\u00f3digo de consentimiento de cookies al sitio web HTML (gratis y r\u00e1pido)<\/title>\n<meta name=\"description\" content=\"Cree su ventana emergente gratuita de Consentimiento de cookies y agr\u00e9guela a su c\u00f3digo HTML. \u00a1Agregue el mejor banner de cookies HTML a su sitio web en segundos!\" \/>\n<meta name=\"robots\" content=\"index, follow, max-snippet:-1, max-image-preview:large, max-video-preview:-1\" \/>\n<link rel=\"canonical\" href=\"https:\/\/elfsight.com\/es\/cookie-consent-widget\/html\/\" \/>\n<meta property=\"og:locale\" content=\"es_ES\" \/>\n<meta property=\"og:type\" content=\"article\" \/>\n<meta property=\"og:title\" content=\"Agregue el widget de c\u00f3digo de consentimiento de cookies al sitio web HTML (gratis y r\u00e1pido)\" \/>\n<meta property=\"og:description\" content=\"Cree su ventana emergente gratuita de Consentimiento de cookies y agr\u00e9guela a su c\u00f3digo HTML. \u00a1Agregue el mejor banner de cookies HTML a su sitio web en segundos!\" \/>\n<meta property=\"og:url\" content=\"https:\/\/elfsight.com\/es\/cookie-consent-widget\/html\/\" \/>\n<meta property=\"og:site_name\" content=\"Elfsight ES\" \/>\n<meta property=\"article:modified_time\" content=\"2025-02-06T15:01:25+00:00\" \/>\n<meta name=\"twitter:card\" content=\"summary_large_image\" \/>\n<meta name=\"twitter:label1\" content=\"Tiempo de lectura\" \/>\n\t<meta name=\"twitter:data1\" content=\"3 minutos\" \/>\n<!-- \/ Yoast SEO plugin. -->","yoast_head_json":{"title":"Agregue el widget de c\u00f3digo de consentimiento de cookies al sitio web HTML (gratis y r\u00e1pido)","description":"Cree su ventana emergente gratuita de Consentimiento de cookies y agr\u00e9guela a su c\u00f3digo HTML. \u00a1Agregue el mejor banner de cookies HTML a su sitio web en segundos!","robots":{"index":"index","follow":"follow","max-snippet":"max-snippet:-1","max-image-preview":"max-image-preview:large","max-video-preview":"max-video-preview:-1"},"canonical":"https:\/\/elfsight.com\/es\/cookie-consent-widget\/html\/","og_locale":"es_ES","og_type":"article","og_title":"Agregue el widget de c\u00f3digo de consentimiento de cookies al sitio web HTML (gratis y r\u00e1pido)","og_description":"Cree su ventana emergente gratuita de Consentimiento de cookies y agr\u00e9guela a su c\u00f3digo HTML. \u00a1Agregue el mejor banner de cookies HTML a su sitio web en segundos!","og_url":"https:\/\/elfsight.com\/es\/cookie-consent-widget\/html\/","og_site_name":"Elfsight ES","article_modified_time":"2025-02-06T15:01:25+00:00","twitter_card":"summary_large_image","twitter_misc":{"Tiempo de lectura":"3 minutos"},"schema":{"@context":"https:\/\/schema.org","@graph":[{"@type":"WebPage","@id":"https:\/\/elfsight.com\/es\/cookie-consent-widget\/html\/","url":"https:\/\/elfsight.com\/es\/cookie-consent-widget\/html\/","name":"Agregue el widget de c\u00f3digo de consentimiento de cookies al sitio web HTML (gratis y r\u00e1pido)","isPartOf":{"@id":"https:\/\/elfsight.com\/es\/#website"},"datePublished":"2024-05-03T06:33:23+00:00","dateModified":"2025-02-06T15:01:25+00:00","description":"Cree su ventana emergente gratuita de Consentimiento de cookies y agr\u00e9guela a su c\u00f3digo HTML. \u00a1Agregue el mejor banner de cookies HTML a su sitio web en segundos!","breadcrumb":{"@id":"https:\/\/elfsight.com\/es\/cookie-consent-widget\/html\/#breadcrumb"},"inLanguage":"es","potentialAction":[{"@type":"ReadAction","target":["https:\/\/elfsight.com\/es\/cookie-consent-widget\/html\/"]}]},{"@type":"BreadcrumbList","@id":"https:\/\/elfsight.com\/es\/cookie-consent-widget\/html\/#breadcrumb","itemListElement":[{"@type":"ListItem","position":1,"name":"Home","item":"https:\/\/elfsight.com\/es\/"},{"@type":"ListItem","position":2,"name":"Cookie Consent","item":"https:\/\/elfsight.com\/es\/cookie-consent-widget\/"},{"@type":"ListItem","position":3,"name":"Cookie Consent &#8211; HTML"}]},{"@type":"WebSite","@id":"https:\/\/elfsight.com\/es\/#website","url":"https:\/\/elfsight.com\/es\/","name":"Elfsight ES","description":"Just another Elfsight Sites site","potentialAction":[{"@type":"SearchAction","target":{"@type":"EntryPoint","urlTemplate":"https:\/\/elfsight.com\/es\/?s={search_term_string}"},"query-input":{"@type":"PropertyValueSpecification","valueRequired":true,"valueName":"search_term_string"}}],"inLanguage":"es"}]}},"meta_box":{"industry":"","seo_heading":"","heading":"","description":"","cta_heading":"","cta_description":"","application":"689","h1":"Widget de consentimiento de cookies HTML","h1_caption":"Organice una notificaci\u00f3n r\u00e1pida de cookies con un bot\u00f3n de consentimiento para los usuarios de su sitio web","application_category":[],"applications_title":"","applications_request_title":"","applications_request_button_text":"","hero_text":"","hero_video":"","hero_video_schema_markup":"","selling_points_title":"","selling_points_caption":"","selling_points":[],"selling_points_cta_text":"","features_title":"","features":"","ed_cta_examples_text":"","ed_cta_examples_hidden":"","ed_cta_demo_text":"","ed_cta_demo_hidden":"","why_caption":"","why_editor_title":"","why_editor_text":"","why_team_title":"","why_team_text":"","why_service_title":"","why_service_text":"","template_catalog_visible":"","template_catalog_title":"","template_catalog_text":"","template_catalog_categories_visible":"","demo_title":"Crea tu widget de consentimiento de cookies","demo_caption":"Configure su Consentimiento de cookies y agr\u00e9guelo a su sitio web HTML de forma gratuita.","default_faq_hidden":"","app_template_category":[],"platform":"70","template_public_id":"","codecanyon_url":"","codecanyon_item_id":"","codecanyon_price":"","pricing_caption":"","pricing_elfsight_apps_hide_column":"","pricing_elfsight_apps_url":"","pricing_codecanyon_price_caption":"","integration_category":[],"integration_request_title":"","integration_request_cta":"","integration_platform":"","integrations":[],"platform_category":[],"video_schema_markup":"","price":"desde $0 \/ mes","trial":"","benefits":[{"text":"Ayuda de instalaci\u00f3n gratuita"},{"text":"Soporte excepcional"},{"text":"Garant\u00eda de reembolso de 14 d\u00edas"},{"text":"Mejoras gratuitas continuas"}],"button_url":"#demo","button_target_blank":"","button_nofollow":"","attributes":[{"name":"Instalaciones","content":"100,000 - 500,000"},{"name":"Sensible","content":"S\u00ed"},{"name":"Navegadores compatibles","content":"Firefox, Safari, Opera, Chrome, Edge"}],"tags":[],"tags_disable_links":"","hide_more_platforms":"","video_object":"","demo_hide_cta":"","demo_hide_cloud_options":"","pricing_title":"","pricing":[{"pricing_icon":"platform","pricing_title":"Elfsight Apps","pricing_title_caption":"Soluci\u00f3n digital multiplataforma","pricing_price":"desde $0 \/ mes","pricing_price_caption":"comienza con el plan gratuito","pricing_benefits":[{"text":"Sitios web ilimitados"},{"text":"Soporte 24 horas al d\u00eda, 7 d\u00edas a la semana"},{"text":"Asistencia de instalaci\u00f3n gratuita"},{"text":"Gran oferta para m\u00faltiples aplicaciones"}],"pricing_button_text":"A\u00f1adir al sitio web","pricing_button_url":"#demo"}],"related_apps_title":"","related_apps_hidden":"","author":"","image":[],"title":"","job":"","social_networks":[]},"_links":{"self":[{"href":"https:\/\/elfsight.com\/es\/wp-json\/wp\/v2\/pages\/15842","targetHints":{"allow":["GET"]}}],"collection":[{"href":"https:\/\/elfsight.com\/es\/wp-json\/wp\/v2\/pages"}],"about":[{"href":"https:\/\/elfsight.com\/es\/wp-json\/wp\/v2\/types\/page"}],"author":[{"embeddable":true,"href":"https:\/\/elfsight.com\/es\/wp-json\/wp\/v2\/users\/9"}],"replies":[{"embeddable":true,"href":"https:\/\/elfsight.com\/es\/wp-json\/wp\/v2\/comments?post=15842"}],"version-history":[{"count":3,"href":"https:\/\/elfsight.com\/es\/wp-json\/wp\/v2\/pages\/15842\/revisions"}],"predecessor-version":[{"id":17784,"href":"https:\/\/elfsight.com\/es\/wp-json\/wp\/v2\/pages\/15842\/revisions\/17784"}],"up":[{"embeddable":true,"href":"https:\/\/elfsight.com\/es\/wp-json\/wp\/v2\/pages\/690"}],"wp:attachment":[{"href":"https:\/\/elfsight.com\/es\/wp-json\/wp\/v2\/media?parent=15842"}],"curies":[{"name":"wp","href":"https:\/\/api.w.org\/{rel}","templated":true}]}}