{"id":15841,"date":"2024-05-03T06:33:08","date_gmt":"2024-05-03T06:33:08","guid":{"rendered":"https:\/\/elfsight.com\/es\/?page_id=15841"},"modified":"2025-02-06T15:01:47","modified_gmt":"2025-02-06T15:01:47","slug":"google-sites","status":"publish","type":"page","link":"https:\/\/elfsight.com\/es\/cookie-consent-widget\/google-sites\/","title":{"rendered":"Cookie Consent &#8211; Google Sites"},"content":{"rendered":"<div class=\"application-platform-content-item-description application-platform-content-item\" id=\"description\" data-nav-section=\"description\"> <h2>Incrustar Consentimiento de Cookies en Google Sites con el widget de Elfsight<\/h2> <p>Usando el Banner de Cookies de Elfsight para Google Sites, ser\u00e1 absolutamente sencillo anunciar a tus usuarios que tu sitio web utiliza cookies. El widget te permite ingresar tu texto, proporcionar un enlace a la pol\u00edtica de uso del sitio web y agregar botones activos para obtener la aprobaci\u00f3n de los visitantes. Puedes elegir organizar la notificaci\u00f3n como una barra o un cuadro receptivo y asignar su posici\u00f3n en la p\u00e1gina. Adem\u00e1s, los elementos pintables te ayudar\u00e1n a hacerlo lucir consistente e integrarlo bien con el concepto de estilo del sitio web.<\/p> <p><b>Haz que tu sitio sea m\u00e1s efectivo para las tareas de comercio electr\u00f3nico con el Consentimiento de Cookies<\/b><\/p> <\/div> <div class=\"application-platform-content-item-features application-platform-content-item\" id=\"features\" data-nav-section=\"features\"> <h2>Estas son solo algunas de las caracter\u00edsticas del widget:<\/h2> <ul><li>Organiza un simple anuncio o solicitud de aprobaci\u00f3n;<\/li><li>La opci\u00f3n de agregar un texto de notificaci\u00f3n personalizado con opciones de formato y enlaces;<\/li><li>Mostrar u ocultar un enlace a los t\u00e9rminos y condiciones de cookies e ingresar un texto personalizado para el enlace;<\/li><li>Elegir el tipo de dise\u00f1o: Barra o Cuadro;<\/li><li>Elegir el color de los botones y el enlace.<\/li> <\/ul><p><a href=\"#demo\">Puedes probar todas las capacidades del widget en la demo ahora mismo<\/a><\/p> <\/div> <div class=\"application-platform-content-item-installation application-platform-content-item\" id=\"installation\" data-nav-section=\"installation\"> <h2>\u00bfC\u00f3mo agregar el Consentimiento de Cookies en mi Google Sites?<\/h2><p>Sigue los pasos a continuaci\u00f3n para insertar el widget.<\/p> <ol><li><b>Abre nuestro configurador gratuito y comienza a formar tu widget personalizado.<\/b><br> Elige el dise\u00f1o y las caracter\u00edsticas preferidas de la herramienta y aplica los cambios.<\/li>  <li><b>Obt\u00e9n tu c\u00f3digo individual que aparecer\u00e1 en la ventana de Elfsight Apps.<\/b><br> Una vez que hayas personalizado tu widget, copia el c\u00f3digo personal en la ventana emergente y gu\u00e1rdalo para ocasiones futuras.<\/li>  <li><b>Comienza a usar la notificaci\u00f3n de Cookies en tu Google Site.<\/b><br> Inserta el c\u00f3digo que guardaste anteriormente en tu p\u00e1gina web y aplica las correcciones.<\/li>  <li><b>La instalaci\u00f3n se ha completado completamente.<\/b><br> Visita tu p\u00e1gina para ver c\u00f3mo est\u00e1 funcionando el plugin.<\/li><\/ol> <div class=\"tip-yellow tip\"><b>Debido a las peculiaridades del funcionamiento de Google Sites, el widget podr\u00eda verse diferente en la demo en l\u00ednea. Pedimos disculpas por cualquier inconveniente.<\/b><\/div><p>En caso de que tengas dudas o enfrentes complicaciones, no dudes en contactar con nuestro equipo de soporte. Nuestro equipo est\u00e1 deseoso de ayudarte con todas las preguntas que puedas tener sobre la herramienta.<\/p> <div class=\"faq\" data-component=\"FAQ\"><div class=\"faq-item\">\r\n\t\t\t\t\t<div class=\"faq-item-question\">\r\n\t\t\t\t\t\t<h3 class=\"faq-item-question-text\">\u00bfC\u00f3mo puedo agregar el Consentimiento de Cookies a mi sitio web de Google Sites sin conocimientos de programaci\u00f3n?<\/h3>\r\n\r\n\t\t\t\t\t\t<div class=\"faq-item-question-icon\"><\/div>\r\n\t\t\t\t\t<\/div>\r\n\r\n\t\t\t\t\t<div class=\"faq-item-answer\">\r\n\t\t\t\t\t\t<div class=\"faq-item-answer-text\"> <p>Elfsight ofrece una soluci\u00f3n SaaS que te permite crear un widget de Consentimiento de Cookies por ti mismo, observa lo f\u00e1cil que es el proceso: Trabaja directamente en el Editor en l\u00ednea para crear un widget de Consentimiento de Cookies que te gustar\u00eda ver en tu sitio web de Google Sites. Elige una de las plantillas predise\u00f1adas y ajusta la configuraci\u00f3n del Consentimiento de Cookies, agrega tu contenido, cambia el dise\u00f1o y los colores sin necesidad de conocimientos de programaci\u00f3n. Guarda el Consentimiento de Cookies y copia su c\u00f3digo de instalaci\u00f3n, que podr\u00e1s agregar f\u00e1cilmente a tu sitio web de Google Sites sin necesidad de adquirir un plan de pago. Con nuestro Editor intuitivo, cualquier usuario de internet puede crear el widget de Consentimiento de Cookies en l\u00ednea e incrustarlo f\u00e1cilmente en su sitio web de Google Sites. No es necesario pagar ni ingresar los datos de tu tarjeta para acceder al servicio. Si enfrentas alg\u00fan problema en cualquier paso, no dudes en contactar con nuestro equipo de soporte t\u00e9cnico.<\/p> <\/div>\r\n\t\t\t\t\t<\/div>\r\n\t\t\t\t<\/div> <\/div><\/div><p><\/p>","protected":false},"excerpt":{"rendered":"","protected":false},"author":9,"featured_media":0,"parent":690,"menu_order":0,"comment_status":"closed","ping_status":"closed","template":"templates\/template-application-platform.php","meta":{"publish_to_discourse":"","publish_post_category":"","wpdc_auto_publish_overridden":"","wpdc_topic_tags":"","wpdc_pin_topic":"","wpdc_pin_until":"","discourse_post_id":"","discourse_permalink":"","wpdc_publishing_response":"","wpdc_publishing_error":"","footnotes":""},"class_list":["post-15841","page","type-page","status-publish","hentry"],"yoast_head":"<!-- This site is optimized with the Yoast SEO plugin v25.3.1 - https:\/\/yoast.com\/wordpress\/plugins\/seo\/ -->\n<title>Consentimiento de cookies: agregar widget de cookies a Google Sites (2026)<\/title>\n<meta name=\"description\" content=\"Agregue un widget responsivo de consentimiento de cookies en sus sitios de Google y consiga plena confianza. Utilice la pr\u00e1ctica demostraci\u00f3n de Elfsight para crear su funci\u00f3n personalizada.\" \/>\n<meta name=\"robots\" content=\"index, follow, max-snippet:-1, max-image-preview:large, max-video-preview:-1\" \/>\n<link rel=\"canonical\" href=\"https:\/\/elfsight.com\/es\/cookie-consent-widget\/google-sites\/\" \/>\n<meta property=\"og:locale\" content=\"es_ES\" \/>\n<meta property=\"og:type\" content=\"article\" \/>\n<meta property=\"og:title\" content=\"Consentimiento de cookies: agregar widget de cookies a Google Sites (2026)\" \/>\n<meta property=\"og:description\" content=\"Agregue un widget responsivo de consentimiento de cookies en sus sitios de Google y consiga plena confianza. Utilice la pr\u00e1ctica demostraci\u00f3n de Elfsight para crear su funci\u00f3n personalizada.\" \/>\n<meta property=\"og:url\" content=\"https:\/\/elfsight.com\/es\/cookie-consent-widget\/google-sites\/\" \/>\n<meta property=\"og:site_name\" content=\"Elfsight ES\" \/>\n<meta property=\"article:modified_time\" content=\"2025-02-06T15:01:47+00:00\" \/>\n<meta name=\"twitter:card\" content=\"summary_large_image\" \/>\n<meta name=\"twitter:label1\" content=\"Tiempo de lectura\" \/>\n\t<meta name=\"twitter:data1\" content=\"3 minutos\" \/>\n<!-- \/ Yoast SEO plugin. -->","yoast_head_json":{"title":"Consentimiento de cookies: agregar widget de cookies a Google Sites (2026)","description":"Agregue un widget responsivo de consentimiento de cookies en sus sitios de Google y consiga plena confianza. Utilice la pr\u00e1ctica demostraci\u00f3n de Elfsight para crear su funci\u00f3n personalizada.","robots":{"index":"index","follow":"follow","max-snippet":"max-snippet:-1","max-image-preview":"max-image-preview:large","max-video-preview":"max-video-preview:-1"},"canonical":"https:\/\/elfsight.com\/es\/cookie-consent-widget\/google-sites\/","og_locale":"es_ES","og_type":"article","og_title":"Consentimiento de cookies: agregar widget de cookies a Google Sites (2026)","og_description":"Agregue un widget responsivo de consentimiento de cookies en sus sitios de Google y consiga plena confianza. Utilice la pr\u00e1ctica demostraci\u00f3n de Elfsight para crear su funci\u00f3n personalizada.","og_url":"https:\/\/elfsight.com\/es\/cookie-consent-widget\/google-sites\/","og_site_name":"Elfsight ES","article_modified_time":"2025-02-06T15:01:47+00:00","twitter_card":"summary_large_image","twitter_misc":{"Tiempo de lectura":"3 minutos"},"schema":{"@context":"https:\/\/schema.org","@graph":[{"@type":"WebPage","@id":"https:\/\/elfsight.com\/es\/cookie-consent-widget\/google-sites\/","url":"https:\/\/elfsight.com\/es\/cookie-consent-widget\/google-sites\/","name":"Consentimiento de cookies: agregar widget de cookies a Google Sites (2026)","isPartOf":{"@id":"https:\/\/elfsight.com\/es\/#website"},"datePublished":"2024-05-03T06:33:08+00:00","dateModified":"2025-02-06T15:01:47+00:00","description":"Agregue un widget responsivo de consentimiento de cookies en sus sitios de Google y consiga plena confianza. Utilice la pr\u00e1ctica demostraci\u00f3n de Elfsight para crear su funci\u00f3n personalizada.","breadcrumb":{"@id":"https:\/\/elfsight.com\/es\/cookie-consent-widget\/google-sites\/#breadcrumb"},"inLanguage":"es","potentialAction":[{"@type":"ReadAction","target":["https:\/\/elfsight.com\/es\/cookie-consent-widget\/google-sites\/"]}]},{"@type":"BreadcrumbList","@id":"https:\/\/elfsight.com\/es\/cookie-consent-widget\/google-sites\/#breadcrumb","itemListElement":[{"@type":"ListItem","position":1,"name":"Home","item":"https:\/\/elfsight.com\/es\/"},{"@type":"ListItem","position":2,"name":"Cookie Consent","item":"https:\/\/elfsight.com\/es\/cookie-consent-widget\/"},{"@type":"ListItem","position":3,"name":"Cookie Consent &#8211; Google Sites"}]},{"@type":"WebSite","@id":"https:\/\/elfsight.com\/es\/#website","url":"https:\/\/elfsight.com\/es\/","name":"Elfsight ES","description":"Just another Elfsight Sites site","potentialAction":[{"@type":"SearchAction","target":{"@type":"EntryPoint","urlTemplate":"https:\/\/elfsight.com\/es\/?s={search_term_string}"},"query-input":{"@type":"PropertyValueSpecification","valueRequired":true,"valueName":"search_term_string"}}],"inLanguage":"es"}]}},"meta_box":{"industry":"","seo_heading":"","heading":"","description":"","cta_heading":"","cta_description":"","application":"689","h1":"Consentimiento de cookies de sitios de Google","h1_caption":"Organice una notificaci\u00f3n r\u00e1pida de cookies con el bot\u00f3n Aceptar para los visitantes","application_category":[],"applications_title":"","applications_request_title":"","applications_request_button_text":"","hero_text":"","hero_video":"","hero_video_schema_markup":"","selling_points_title":"","selling_points_caption":"","selling_points":[],"selling_points_cta_text":"","features_title":"","features":"","ed_cta_examples_text":"","ed_cta_examples_hidden":"","ed_cta_demo_text":"","ed_cta_demo_hidden":"","why_caption":"","why_editor_title":"","why_editor_text":"","why_team_title":"","why_team_text":"","why_service_title":"","why_service_text":"","template_catalog_visible":"","template_catalog_title":"","template_catalog_text":"","template_catalog_categories_visible":"","demo_title":"Crea tu widget de consentimiento de cookies","demo_caption":"Configure su Consentimiento de cookies y agr\u00e9guelo a su sitio web de Google Sites de forma gratuita.","default_faq_hidden":"","app_template_category":[],"platform":"67","template_public_id":"","codecanyon_url":"","codecanyon_item_id":"","codecanyon_price":"","pricing_caption":"","pricing_elfsight_apps_hide_column":"","pricing_elfsight_apps_url":"","pricing_codecanyon_price_caption":"","integration_category":[],"integration_request_title":"","integration_request_cta":"","integration_platform":"","integrations":[],"platform_category":[],"video_schema_markup":"","price":"desde $0 \/ mes","trial":"","benefits":[{"text":"Servicio de instalaci\u00f3n gratuito"},{"text":"Atenci\u00f3n al cliente experimentada"},{"text":"Garant\u00eda de devoluci\u00f3n de dinero de 14 d\u00edas"},{"text":"Actualizando constantemente"}],"button_url":"#demo","button_target_blank":"","button_nofollow":"","attributes":[{"name":"Instalaciones","content":"100,000 - 500,000"},{"name":"Sensible","content":"Dise\u00f1o adaptativo"},{"name":"Navegadores compatibles","content":"Edge, Safari, Firefox, Chrome, Opera"}],"tags":[],"tags_disable_links":"","hide_more_platforms":"","video_object":"","demo_hide_cta":"","demo_hide_cloud_options":"","pricing_title":"","pricing":[{"pricing_icon":"platform","pricing_title":"Elfsight Apps","pricing_title_caption":"Software multiplataforma que se adapta a cualquier sitio web","pricing_price":"desde $0 \/ mes","pricing_price_caption":"comienza con el plan gratuito","pricing_benefits":[{"text":"Sitios web ilimitados"},{"text":"Soporte premium y puntual"},{"text":"Ayuda de instalaci\u00f3n gratuita"},{"text":"Totalmente personalizable"}],"pricing_button_text":"A\u00f1adir al sitio web","pricing_button_url":"#demo"}],"related_apps_title":"","related_apps_hidden":"","author":"","image":[],"title":"","job":"","social_networks":[]},"_links":{"self":[{"href":"https:\/\/elfsight.com\/es\/wp-json\/wp\/v2\/pages\/15841","targetHints":{"allow":["GET"]}}],"collection":[{"href":"https:\/\/elfsight.com\/es\/wp-json\/wp\/v2\/pages"}],"about":[{"href":"https:\/\/elfsight.com\/es\/wp-json\/wp\/v2\/types\/page"}],"author":[{"embeddable":true,"href":"https:\/\/elfsight.com\/es\/wp-json\/wp\/v2\/users\/9"}],"replies":[{"embeddable":true,"href":"https:\/\/elfsight.com\/es\/wp-json\/wp\/v2\/comments?post=15841"}],"version-history":[{"count":3,"href":"https:\/\/elfsight.com\/es\/wp-json\/wp\/v2\/pages\/15841\/revisions"}],"predecessor-version":[{"id":17792,"href":"https:\/\/elfsight.com\/es\/wp-json\/wp\/v2\/pages\/15841\/revisions\/17792"}],"up":[{"embeddable":true,"href":"https:\/\/elfsight.com\/es\/wp-json\/wp\/v2\/pages\/690"}],"wp:attachment":[{"href":"https:\/\/elfsight.com\/es\/wp-json\/wp\/v2\/media?parent=15841"}],"curies":[{"name":"wp","href":"https:\/\/api.w.org\/{rel}","templated":true}]}}