{"id":15835,"date":"2024-05-03T06:33:11","date_gmt":"2024-05-03T06:33:11","guid":{"rendered":"https:\/\/elfsight.com\/es\/?page_id=15835"},"modified":"2025-02-06T15:01:34","modified_gmt":"2025-02-06T15:01:34","slug":"facebook","status":"publish","type":"page","link":"https:\/\/elfsight.com\/es\/cookie-consent-widget\/facebook\/","title":{"rendered":"Cookie Consent &#8211; Facebook Page"},"content":{"rendered":"<div class=\"application-platform-content-item-description application-platform-content-item\" id=\"description\" data-nav-section=\"description\"><h2>Descripci\u00f3n<\/h2><p>Con el widget de Consentimiento de Cookies de Elfsight, es absolutamente sencillo incrustar una notificaci\u00f3n para tus visitantes informando que tu p\u00e1gina utiliza cookies. El widget act\u00faa como una agradable ventana emergente en forma de barra. Te permite escribir tu mensaje, proporcionar un enlace a la pol\u00edtica de uso del sitio y colocar botones activos para obtener el permiso de los usuarios. Puedes elegir mostrar el widget en forma de una barra o un cuadro y seleccionar una posici\u00f3n para \u00e9l. Adem\u00e1s, las opciones de color te ayudar\u00e1n a hacer que el widget sea nativo e integre bien con el concepto de estilo de la p\u00e1gina.<\/p><p><b>Haz que los usuarios est\u00e9n al tanto de las cookies con un widget f\u00e1cil y personalizable.<\/b><\/p><\/div> <div class=\"application-platform-content-item-features application-platform-content-item\" id=\"features\" data-nav-section=\"features\"><h2>Caracter\u00edsticas<\/h2><p>Consulta todas las funciones del producto. Puedes gestionarlas directamente en el editor y te ayudar\u00e1n a personalizar el widget espec\u00edficamente para tu caso.<\/p><ul><li>Crear solo un anuncio o agregar una solicitud;<\/li><li>Ingresar tu propio texto de anuncio con opciones de formato y enlaces;<\/li><li>Revelar u ocultar un enlace a la pol\u00edtica de cookies con texto personalizado para el enlace;<\/li><li>Elegir el tipo de dise\u00f1o: Barra o Cuadro;<\/li><li>Configurar el color de los botones y enlaces.<\/li><\/ul><p><a href=\"#demo\">Puedes probar todas las funciones del widget directamente en la demo<\/a><\/p><\/div> <div class=\"application-platform-content-item-installation application-platform-content-item\" id=\"installation\" data-nav-section=\"installation\"><h2>C\u00f3mo agregar la pesta\u00f1a de Consentimiento de Cookies a tu p\u00e1gina de Facebook Business<\/h2><p>Para introducir el widget, simplemente sigue estos pasos r\u00e1pidos<\/p><ul><li><b>Genera tu Consentimiento de Cookies personalizado<\/b><br> Con nuestra herramienta gratuita, crea un plugin con un aspecto y funciones seleccionadas.<\/li><li><b>Obt\u00e9n el c\u00f3digo individual para publicar el plugin<\/b><br> Despu\u00e9s de generar tu widget, recibir\u00e1s un c\u00f3digo individual desde la notificaci\u00f3n emergente en Elfsight Apps. Copia este c\u00f3digo para su uso posterior.<\/li><li><b>Agrega el widget a tu p\u00e1gina de Facebook<\/b><br> Crea tu pesta\u00f1a personalizada en Facebook. Inserta el c\u00f3digo que obtuviste en Elfsight Apps en la pesta\u00f1a. Si tienes alg\u00fan problema, consulta nuestra gu\u00eda sobre <a href=\"https:\/\/elfsight.com\/blog\/how-to-add-custom-tab-to-facebook-page\/\" target=\"_blank\" rel=\"noopener noreferrer\">c\u00f3mo crear una pesta\u00f1a personalizada en Facebook<\/a><\/li><li><b>La instalaci\u00f3n se ha realizado correctamente<\/b><br> Ingresa a tu tienda para ver el resultado.<\/li><\/ul><p>No dudes en contactar con nuestro servicio de soporte si necesitas ayuda o tienes preguntas. Estaremos encantados de ayudarte con cualquier consulta.<\/p><\/div><div class=\"faq\" data-component=\"FAQ\"><div class=\"faq-item\">\r\n\t\t\t\t\t<div class=\"faq-item-question\">\r\n\t\t\t\t\t\t<h3 class=\"faq-item-question-text\">\u00bfC\u00f3mo incrusto un Consentimiento de Cookies en mi p\u00e1gina de Facebook?<\/h3>\r\n\r\n\t\t\t\t\t\t<div class=\"faq-item-question-icon\"><\/div>\r\n\t\t\t\t\t<\/div>\r\n\r\n\t\t\t\t\t<div class=\"faq-item-answer\">\r\n\t\t\t\t\t\t<div class=\"faq-item-answer-text\"><p>La construcci\u00f3n de la herramienta se realiza dentro del sitio web de Elfsight y no necesitas programar. Abre la demo activa para crear tu propio widget, obtener el c\u00f3digo e insertarlo en tu sitio.<\/p><\/div>\r\n\t\t\t\t\t<\/div>\r\n\t\t\t\t<\/div><div class=\"faq-item\">\r\n\t\t\t\t\t<div class=\"faq-item-question\">\r\n\t\t\t\t\t\t<h3 class=\"faq-item-question-text\">\u00bfCu\u00e1les son las mejores maneras de integrar el banner de Consentimiento de Cookies?<\/h3>\r\n\r\n\t\t\t\t\t\t<div class=\"faq-item-question-icon\"><\/div>\r\n\t\t\t\t\t<\/div>\r\n\r\n\t\t\t\t\t<div class=\"faq-item-answer\">\r\n\t\t\t\t\t\t<div class=\"faq-item-answer-text\"><p>Tenemos una amplia gama de posibilidades de personalizaci\u00f3n: widgets a gran escala para agregar a la zona de contenido, plugins flotantes con opciones de desplazamiento, miniaturas para el pie de p\u00e1gina de tu sitio web, la cabecera y todas las variaciones de opciones verticales para barras laterales y men\u00fas.<\/p><\/div>\r\n\t\t\t\t\t<\/div>\r\n\t\t\t\t<\/div><div class=\"faq-item\">\r\n\t\t\t\t\t<div class=\"faq-item-question\">\r\n\t\t\t\t\t\t<h3 class=\"faq-item-question-text\">\u00bfExiste la opci\u00f3n de crear un cuadro flotante o un consentimiento de cookies en la parte inferior mediante el editor?<\/h3>\r\n\r\n\t\t\t\t\t\t<div class=\"faq-item-question-icon\"><\/div>\r\n\t\t\t\t\t<\/div>\r\n\r\n\t\t\t\t\t<div class=\"faq-item-answer\">\r\n\t\t\t\t\t\t<div class=\"faq-item-answer-text\"><p>Puedes crear cualquier variaci\u00f3n del widget. Hay muchos dise\u00f1os disponibles en el editor y todos ellos pueden ser f\u00e1cilmente personalizados de la manera que necesites.<\/p><\/div>\r\n\t\t\t\t\t<\/div>\r\n\t\t\t\t<\/div><\/div>","protected":false},"excerpt":{"rendered":"","protected":false},"author":9,"featured_media":0,"parent":690,"menu_order":0,"comment_status":"closed","ping_status":"closed","template":"templates\/template-application-platform.php","meta":{"publish_to_discourse":"","publish_post_category":"","wpdc_auto_publish_overridden":"","wpdc_topic_tags":"","wpdc_pin_topic":"","wpdc_pin_until":"","discourse_post_id":"","discourse_permalink":"","wpdc_publishing_response":"","wpdc_publishing_error":"","footnotes":""},"class_list":["post-15835","page","type-page","status-publish","hentry"],"yoast_head":"<!-- This site is optimized with the Yoast SEO plugin v25.3.1 - https:\/\/yoast.com\/wordpress\/plugins\/seo\/ -->\n<title>Agregar consentimiento de cookies a la pesta\u00f1a personalizada de la p\u00e1gina de Facebook (2025)<\/title>\n<meta name=\"description\" content=\"Con Elfsight, cree su Consentimiento de cookies y col\u00f3quelo en la p\u00e1gina de Facebook de forma r\u00e1pida y sencilla. Ofrecemos servicio al cliente gratuito y m\u00e1s bonos.\" \/>\n<meta name=\"robots\" content=\"index, follow, max-snippet:-1, max-image-preview:large, max-video-preview:-1\" \/>\n<link rel=\"canonical\" href=\"https:\/\/elfsight.com\/es\/cookie-consent-widget\/facebook\/\" \/>\n<meta property=\"og:locale\" content=\"es_ES\" \/>\n<meta property=\"og:type\" content=\"article\" \/>\n<meta property=\"og:title\" content=\"Agregar consentimiento de cookies a la pesta\u00f1a personalizada de la p\u00e1gina de Facebook (2025)\" \/>\n<meta property=\"og:description\" content=\"Con Elfsight, cree su Consentimiento de cookies y col\u00f3quelo en la p\u00e1gina de Facebook de forma r\u00e1pida y sencilla. Ofrecemos servicio al cliente gratuito y m\u00e1s bonos.\" \/>\n<meta property=\"og:url\" content=\"https:\/\/elfsight.com\/es\/cookie-consent-widget\/facebook\/\" \/>\n<meta property=\"og:site_name\" content=\"Elfsight ES\" \/>\n<meta property=\"article:modified_time\" content=\"2025-02-06T15:01:34+00:00\" \/>\n<meta name=\"twitter:card\" content=\"summary_large_image\" \/>\n<meta name=\"twitter:label1\" content=\"Tiempo de lectura\" \/>\n\t<meta name=\"twitter:data1\" content=\"3 minutos\" \/>\n<!-- \/ Yoast SEO plugin. -->","yoast_head_json":{"title":"Agregar consentimiento de cookies a la pesta\u00f1a personalizada de la p\u00e1gina de Facebook (2025)","description":"Con Elfsight, cree su Consentimiento de cookies y col\u00f3quelo en la p\u00e1gina de Facebook de forma r\u00e1pida y sencilla. Ofrecemos servicio al cliente gratuito y m\u00e1s bonos.","robots":{"index":"index","follow":"follow","max-snippet":"max-snippet:-1","max-image-preview":"max-image-preview:large","max-video-preview":"max-video-preview:-1"},"canonical":"https:\/\/elfsight.com\/es\/cookie-consent-widget\/facebook\/","og_locale":"es_ES","og_type":"article","og_title":"Agregar consentimiento de cookies a la pesta\u00f1a personalizada de la p\u00e1gina de Facebook (2025)","og_description":"Con Elfsight, cree su Consentimiento de cookies y col\u00f3quelo en la p\u00e1gina de Facebook de forma r\u00e1pida y sencilla. Ofrecemos servicio al cliente gratuito y m\u00e1s bonos.","og_url":"https:\/\/elfsight.com\/es\/cookie-consent-widget\/facebook\/","og_site_name":"Elfsight ES","article_modified_time":"2025-02-06T15:01:34+00:00","twitter_card":"summary_large_image","twitter_misc":{"Tiempo de lectura":"3 minutos"},"schema":{"@context":"https:\/\/schema.org","@graph":[{"@type":"WebPage","@id":"https:\/\/elfsight.com\/es\/cookie-consent-widget\/facebook\/","url":"https:\/\/elfsight.com\/es\/cookie-consent-widget\/facebook\/","name":"Agregar consentimiento de cookies a la pesta\u00f1a personalizada de la p\u00e1gina de Facebook (2025)","isPartOf":{"@id":"https:\/\/elfsight.com\/es\/#website"},"datePublished":"2024-05-03T06:33:11+00:00","dateModified":"2025-02-06T15:01:34+00:00","description":"Con Elfsight, cree su Consentimiento de cookies y col\u00f3quelo en la p\u00e1gina de Facebook de forma r\u00e1pida y sencilla. Ofrecemos servicio al cliente gratuito y m\u00e1s bonos.","breadcrumb":{"@id":"https:\/\/elfsight.com\/es\/cookie-consent-widget\/facebook\/#breadcrumb"},"inLanguage":"es","potentialAction":[{"@type":"ReadAction","target":["https:\/\/elfsight.com\/es\/cookie-consent-widget\/facebook\/"]}]},{"@type":"BreadcrumbList","@id":"https:\/\/elfsight.com\/es\/cookie-consent-widget\/facebook\/#breadcrumb","itemListElement":[{"@type":"ListItem","position":1,"name":"Home","item":"https:\/\/elfsight.com\/es\/"},{"@type":"ListItem","position":2,"name":"Cookie Consent","item":"https:\/\/elfsight.com\/es\/cookie-consent-widget\/"},{"@type":"ListItem","position":3,"name":"Cookie Consent &#8211; Facebook Page"}]},{"@type":"WebSite","@id":"https:\/\/elfsight.com\/es\/#website","url":"https:\/\/elfsight.com\/es\/","name":"Elfsight ES","description":"Just another Elfsight Sites site","potentialAction":[{"@type":"SearchAction","target":{"@type":"EntryPoint","urlTemplate":"https:\/\/elfsight.com\/es\/?s={search_term_string}"},"query-input":{"@type":"PropertyValueSpecification","valueRequired":true,"valueName":"search_term_string"}}],"inLanguage":"es"}]}},"meta_box":{"industry":"","seo_heading":"","heading":"","description":"","cta_heading":"","cta_description":"","application":"689","h1":"Consentimiento de cookies para la p\u00e1gina de Facebook","h1_caption":"Demostrar un anuncio r\u00e1pido de cookies con un bot\u00f3n de permiso","application_category":[],"applications_title":"","applications_request_title":"","applications_request_button_text":"","hero_text":"","hero_video":"","hero_video_schema_markup":"","selling_points_title":"","selling_points_caption":"","selling_points":[],"selling_points_cta_text":"","features_title":"","features":"","ed_cta_examples_text":"","ed_cta_examples_hidden":"","ed_cta_demo_text":"","ed_cta_demo_hidden":"","why_caption":"","why_editor_title":"","why_editor_text":"","why_team_title":"","why_team_text":"","why_service_title":"","why_service_text":"","template_catalog_visible":"","template_catalog_title":"","template_catalog_text":"","template_catalog_categories_visible":"","demo_title":"Crea tu widget de consentimiento de cookies","demo_caption":"Configure su Consentimiento de cookies y agr\u00e9guelo al sitio web de su p\u00e1gina de Facebook de forma gratuita.","default_faq_hidden":"","app_template_category":[],"platform":"64","template_public_id":"","codecanyon_url":"","codecanyon_item_id":"","codecanyon_price":"","pricing_caption":"","pricing_elfsight_apps_hide_column":"","pricing_elfsight_apps_url":"","pricing_codecanyon_price_caption":"","integration_category":[],"integration_request_title":"","integration_request_cta":"","integration_platform":"","integrations":[],"platform_category":[],"video_schema_markup":"","price":"desde $0 \/ mes","trial":"","benefits":[{"text":"Asistencia de instalaci\u00f3n gratuita"},{"text":"Servicio al cliente profesional"},{"text":"Garant\u00eda de reembolso de 14 d\u00edas"},{"text":"Desarrollo continuo"}],"button_url":"#demo","button_target_blank":"","button_nofollow":"","attributes":[{"name":"Instalaciones","content":"100,000 - 500,000"},{"name":"Sensible","content":"S\u00ed"},{"name":"Navegadores compatibles","content":"Firefox, Opera, Safari, Chrome, Edge"}],"tags":[],"tags_disable_links":"","hide_more_platforms":"","video_object":"","demo_hide_cta":"","demo_hide_cloud_options":"","pricing_title":"","pricing":[{"pricing_icon":"platform","pricing_title":"Elfsight Apps","pricing_title_caption":"Software multiplataforma","pricing_price":"desde $0 \/ mes","pricing_price_caption":"comienza con el plan gratuito","pricing_benefits":[{"text":"Dominios ilimitados"},{"text":"Soporte gratuito de la empresa"},{"text":"Soporte de instalaci\u00f3n gratuito"},{"text":"Totalmente personalizable"}],"pricing_button_text":"A\u00f1adir al sitio web","pricing_button_url":"#demo"}],"related_apps_title":"","related_apps_hidden":"","author":"","image":[],"title":"","job":"","social_networks":[]},"_links":{"self":[{"href":"https:\/\/elfsight.com\/es\/wp-json\/wp\/v2\/pages\/15835","targetHints":{"allow":["GET"]}}],"collection":[{"href":"https:\/\/elfsight.com\/es\/wp-json\/wp\/v2\/pages"}],"about":[{"href":"https:\/\/elfsight.com\/es\/wp-json\/wp\/v2\/types\/page"}],"author":[{"embeddable":true,"href":"https:\/\/elfsight.com\/es\/wp-json\/wp\/v2\/users\/9"}],"replies":[{"embeddable":true,"href":"https:\/\/elfsight.com\/es\/wp-json\/wp\/v2\/comments?post=15835"}],"version-history":[{"count":3,"href":"https:\/\/elfsight.com\/es\/wp-json\/wp\/v2\/pages\/15835\/revisions"}],"predecessor-version":[{"id":17790,"href":"https:\/\/elfsight.com\/es\/wp-json\/wp\/v2\/pages\/15835\/revisions\/17790"}],"up":[{"embeddable":true,"href":"https:\/\/elfsight.com\/es\/wp-json\/wp\/v2\/pages\/690"}],"wp:attachment":[{"href":"https:\/\/elfsight.com\/es\/wp-json\/wp\/v2\/media?parent=15835"}],"curies":[{"name":"wp","href":"https:\/\/api.w.org\/{rel}","templated":true}]}}