{"id":15834,"date":"2024-05-03T06:33:13","date_gmt":"2024-05-03T06:33:13","guid":{"rendered":"https:\/\/elfsight.com\/es\/?page_id=15834"},"modified":"2025-02-06T15:01:34","modified_gmt":"2025-02-06T15:01:34","slug":"elementor","status":"publish","type":"page","link":"https:\/\/elfsight.com\/es\/cookie-consent-widget\/elementor\/","title":{"rendered":"Cookie Consent &#8211; Elementor"},"content":{"rendered":"<div class=\"application-platform-content-item-description application-platform-content-item\" id=\"description\" data-nav-section=\"description\"><h2>Incrusta el Consentimiento de Cookies en Elementor con el widget de Elfsight<\/h2><p>Con el widget de Consentimiento de Cookies de Elfsight, te resultar\u00e1 muy f\u00e1cil crear una notificaci\u00f3n para tus visitantes inform\u00e1ndoles que tu sitio web utiliza cookies. El widget te permite agregar tu propio mensaje, un enlace a los t\u00e9rminos y condiciones de uso del sitio web y botones activos para recibir la aprobaci\u00f3n de los usuarios. Tienes la libertad de elegir mostrar la notificaci\u00f3n en forma de una barra o un cuadro y asignar una ubicaci\u00f3n dentro de la p\u00e1gina. Adem\u00e1s, las opciones de color te ayudar\u00e1n a hacer que el widget sea coherente e integrarlo bien con el estilo del sitio web.<\/p> <div class=\"faq\" data-component=\"FAQ\"><div class=\"faq-item\">\r\n\t\t\t\t\t<div class=\"faq-item-question\">\r\n\t\t\t\t\t\t<h3 class=\"faq-item-question-text\">\u00bfC\u00f3mo puedo incrustar el Consentimiento de Cookies en mi sitio Elementor?<\/h3>\r\n\r\n\t\t\t\t\t\t<div class=\"faq-item-question-icon\"><\/div>\r\n\t\t\t\t\t<\/div>\r\n\r\n\t\t\t\t\t<div class=\"faq-item-answer\">\r\n\t\t\t\t\t\t<div class=\"faq-item-answer-text\"><p>La construcci\u00f3n del widget se realiza en el sitio de Elfsight y no necesitas aprender a programar. Usa nuestra demo en l\u00ednea para personalizar tu plugin, obtener el c\u00f3digo e incrustarlo en tu sitio web.<\/p><\/div>\r\n\t\t\t\t\t<\/div>\r\n\t\t\t\t<\/div><div class=\"faq-item\">\r\n\t\t\t\t\t<div class=\"faq-item-question\">\r\n\t\t\t\t\t\t<h3 class=\"faq-item-question-text\">\u00bfCu\u00e1les son los mejores ejemplos de uso del banner de Consentimiento de Cookies?<\/h3>\r\n\r\n\t\t\t\t\t\t<div class=\"faq-item-question-icon\"><\/div>\r\n\t\t\t\t\t<\/div>\r\n\r\n\t\t\t\t\t<div class=\"faq-item-answer\">\r\n\t\t\t\t\t\t<div class=\"faq-item-answer-text\"><p>Tenemos muchas opciones de personalizaci\u00f3n: widgets de tama\u00f1o completo para agregar en la secci\u00f3n de contenido, plugins flotantes para opciones de desplazamiento, miniaturas para el pie de p\u00e1gina, cabecera y todas las variaciones de opciones verticales para las barras laterales y men\u00fas.<\/p><\/div>\r\n\t\t\t\t\t<\/div>\r\n\t\t\t\t<\/div><div class=\"faq-item\">\r\n\t\t\t\t\t<div class=\"faq-item-question\">\r\n\t\t\t\t\t\t<h3 class=\"faq-item-question-text\">\u00bfPuedo crear un banner superior o un consentimiento de cookies flotante mediante el editor?<\/h3>\r\n\r\n\t\t\t\t\t\t<div class=\"faq-item-question-icon\"><\/div>\r\n\t\t\t\t\t<\/div>\r\n\r\n\t\t\t\t\t<div class=\"faq-item-answer\">\r\n\t\t\t\t\t\t<div class=\"faq-item-answer-text\"><p>Tienes total libertad para crear cualquier variaci\u00f3n del widget. Hay muchas opciones de dise\u00f1o a tu disposici\u00f3n en el editor, y todas ellas se pueden ajustar r\u00e1pidamente seg\u00fan lo necesites.<\/p><\/div>\r\n\t\t\t\t\t<\/div>\r\n\t\t\t\t<\/div><\/div><\/div><div class=\"application-platform-content-item-features application-platform-content-item\" id=\"features\" data-nav-section=\"features\"><h2>Caracter\u00edsticas principales del widget de Consentimiento de Cookies<\/h2><p>Obt\u00e9n una mejor idea del widget: examina la lista de sus principales caracter\u00edsticas. Estas hacen que nuestro widget sea muy beneficioso para tu sitio web:<\/p><ul><li>Selecciona solo el anuncio o la solicitud de consentimiento;<\/li><li>Configura tu propio mensaje de anuncio con formato y enlaces;<\/li><li>Muestra o oculta un enlace activo a la pol\u00edtica de cookies con una etiqueta personalizada para el enlace;<\/li><li>Elige el tipo de dise\u00f1o de la notificaci\u00f3n: Barra o Cuadro;<\/li><li>Configura el color de los botones y enlaces.<\/li><\/ul><p><a href=\"#demo\">Nuestra demo te mostrar\u00e1 todas las caracter\u00edsticas<\/a><\/p><\/div><div class=\"application-platform-content-item-installation application-platform-content-item\" id=\"installation\" data-nav-section=\"installation\"><h2>Aprende c\u00f3mo agregar el widget de Consentimiento de Cookies a tu sitio Elementor<\/h2><div class=\"video-container\"><iframe width=\"720\" height=\"405\" src=\"https:\/\/www.youtube.com\/embed\/8K9I03Ju2fY\" frameborder=\"0\" allowfullscreen=\"\"><\/iframe><\/div><p>Solo necesitar\u00e1s un par de pasos f\u00e1ciles.<\/p><ol><li><b>Crea tu plugin de Cookie personalizado<\/b><br> Con nuestra demo gratuita, configura un plugin con un dise\u00f1o y funciones personalizadas.<\/li><li><b>Obt\u00e9n el c\u00f3digo individual para mostrar el plugin<\/b><br> Despu\u00e9s de crear tu widget, recibir\u00e1s tu c\u00f3digo personal desde la ventana emergente en Elfsight Apps. Copia este c\u00f3digo para su uso posterior.<\/li><li><b>Agrega el plugin a tu sitio Elementor<\/b><br> Elige la ubicaci\u00f3n donde deseas mostrar el plugin y pega all\u00ed el c\u00f3digo guardado. Guarda los cambios.<\/li><li><b>La instalaci\u00f3n est\u00e1 completa<\/b><br> Visita tu tienda para ver el resultado.<\/li><\/ol><p>\u00bfA\u00fan tienes dudas? \u00bfO experimentas problemas? Simplemente env\u00eda una solicitud a nuestro servicio al cliente. Resolveremos cualquier inconveniente.<\/p><\/div>","protected":false},"excerpt":{"rendered":"","protected":false},"author":9,"featured_media":0,"parent":690,"menu_order":0,"comment_status":"closed","ping_status":"closed","template":"templates\/template-application-platform.php","meta":{"publish_to_discourse":"","publish_post_category":"","wpdc_auto_publish_overridden":"","wpdc_topic_tags":"","wpdc_pin_topic":"","wpdc_pin_until":"","discourse_post_id":"","discourse_permalink":"","wpdc_publishing_response":"","wpdc_publishing_error":"","footnotes":""},"class_list":["post-15834","page","type-page","status-publish","hentry"],"yoast_head":"<!-- This site is optimized with the Yoast SEO plugin v25.3.1 - https:\/\/yoast.com\/wordpress\/plugins\/seo\/ -->\n<title>Agregue el widget de consentimiento de cookies al sitio web de Elementor (en 2 minutos)<\/title>\n<meta name=\"description\" content=\"Con Elfsight, cree su widget de consentimiento de cookies y mu\u00e9strelo en su sitio web de Elementor. Ofrecemos servicio al cliente gratuito y otros bonos.\" \/>\n<meta name=\"robots\" content=\"index, follow, max-snippet:-1, max-image-preview:large, max-video-preview:-1\" \/>\n<link rel=\"canonical\" href=\"https:\/\/elfsight.com\/es\/cookie-consent-widget\/elementor\/\" \/>\n<meta property=\"og:locale\" content=\"es_ES\" \/>\n<meta property=\"og:type\" content=\"article\" \/>\n<meta property=\"og:title\" content=\"Agregue el widget de consentimiento de cookies al sitio web de Elementor (en 2 minutos)\" \/>\n<meta property=\"og:description\" content=\"Con Elfsight, cree su widget de consentimiento de cookies y mu\u00e9strelo en su sitio web de Elementor. Ofrecemos servicio al cliente gratuito y otros bonos.\" \/>\n<meta property=\"og:url\" content=\"https:\/\/elfsight.com\/es\/cookie-consent-widget\/elementor\/\" \/>\n<meta property=\"og:site_name\" content=\"Elfsight ES\" \/>\n<meta property=\"article:modified_time\" content=\"2025-02-06T15:01:34+00:00\" \/>\n<meta name=\"twitter:card\" content=\"summary_large_image\" \/>\n<meta name=\"twitter:label1\" content=\"Tiempo de lectura\" \/>\n\t<meta name=\"twitter:data1\" content=\"3 minutos\" \/>\n<!-- \/ Yoast SEO plugin. -->","yoast_head_json":{"title":"Agregue el widget de consentimiento de cookies al sitio web de Elementor (en 2 minutos)","description":"Con Elfsight, cree su widget de consentimiento de cookies y mu\u00e9strelo en su sitio web de Elementor. Ofrecemos servicio al cliente gratuito y otros bonos.","robots":{"index":"index","follow":"follow","max-snippet":"max-snippet:-1","max-image-preview":"max-image-preview:large","max-video-preview":"max-video-preview:-1"},"canonical":"https:\/\/elfsight.com\/es\/cookie-consent-widget\/elementor\/","og_locale":"es_ES","og_type":"article","og_title":"Agregue el widget de consentimiento de cookies al sitio web de Elementor (en 2 minutos)","og_description":"Con Elfsight, cree su widget de consentimiento de cookies y mu\u00e9strelo en su sitio web de Elementor. Ofrecemos servicio al cliente gratuito y otros bonos.","og_url":"https:\/\/elfsight.com\/es\/cookie-consent-widget\/elementor\/","og_site_name":"Elfsight ES","article_modified_time":"2025-02-06T15:01:34+00:00","twitter_card":"summary_large_image","twitter_misc":{"Tiempo de lectura":"3 minutos"},"schema":{"@context":"https:\/\/schema.org","@graph":[{"@type":"WebPage","@id":"https:\/\/elfsight.com\/es\/cookie-consent-widget\/elementor\/","url":"https:\/\/elfsight.com\/es\/cookie-consent-widget\/elementor\/","name":"Agregue el widget de consentimiento de cookies al sitio web de Elementor (en 2 minutos)","isPartOf":{"@id":"https:\/\/elfsight.com\/es\/#website"},"datePublished":"2024-05-03T06:33:13+00:00","dateModified":"2025-02-06T15:01:34+00:00","description":"Con Elfsight, cree su widget de consentimiento de cookies y mu\u00e9strelo en su sitio web de Elementor. Ofrecemos servicio al cliente gratuito y otros bonos.","breadcrumb":{"@id":"https:\/\/elfsight.com\/es\/cookie-consent-widget\/elementor\/#breadcrumb"},"inLanguage":"es","potentialAction":[{"@type":"ReadAction","target":["https:\/\/elfsight.com\/es\/cookie-consent-widget\/elementor\/"]}]},{"@type":"BreadcrumbList","@id":"https:\/\/elfsight.com\/es\/cookie-consent-widget\/elementor\/#breadcrumb","itemListElement":[{"@type":"ListItem","position":1,"name":"Home","item":"https:\/\/elfsight.com\/es\/"},{"@type":"ListItem","position":2,"name":"Cookie Consent","item":"https:\/\/elfsight.com\/es\/cookie-consent-widget\/"},{"@type":"ListItem","position":3,"name":"Cookie Consent &#8211; Elementor"}]},{"@type":"WebSite","@id":"https:\/\/elfsight.com\/es\/#website","url":"https:\/\/elfsight.com\/es\/","name":"Elfsight ES","description":"Just another Elfsight Sites site","potentialAction":[{"@type":"SearchAction","target":{"@type":"EntryPoint","urlTemplate":"https:\/\/elfsight.com\/es\/?s={search_term_string}"},"query-input":{"@type":"PropertyValueSpecification","valueRequired":true,"valueName":"search_term_string"}}],"inLanguage":"es"}]}},"meta_box":{"industry":"","seo_heading":"","heading":"","description":"","cta_heading":"","cta_description":"","application":"689","h1":"Consentimiento de cookies de Elementor","h1_caption":"Cree un anuncio r\u00e1pido sobre el uso de cookies con un bot\u00f3n de consentimiento para los visitantes del sitio.","application_category":[],"applications_title":"","applications_request_title":"","applications_request_button_text":"","hero_text":"","hero_video":"","hero_video_schema_markup":"","selling_points_title":"","selling_points_caption":"","selling_points":[],"selling_points_cta_text":"","features_title":"","features":"","ed_cta_examples_text":"","ed_cta_examples_hidden":"","ed_cta_demo_text":"","ed_cta_demo_hidden":"","why_caption":"","why_editor_title":"","why_editor_text":"","why_team_title":"","why_team_text":"","why_service_title":"","why_service_text":"","template_catalog_visible":"","template_catalog_title":"","template_catalog_text":"","template_catalog_categories_visible":"","demo_title":"Crea tu widget de consentimiento de cookies","demo_caption":"\u00a1Configure su Consentimiento de cookies y agr\u00e9guelo a su sitio web de Elementor de forma gratuita!","default_faq_hidden":"","app_template_category":[],"platform":"58","template_public_id":"","codecanyon_url":"","codecanyon_item_id":"","codecanyon_price":"","pricing_caption":"","pricing_elfsight_apps_hide_column":"","pricing_elfsight_apps_url":"","pricing_codecanyon_price_caption":"","integration_category":[],"integration_request_title":"","integration_request_cta":"","integration_platform":"","integrations":[],"platform_category":[],"video_schema_markup":"","price":"desde $0 \/ mes","trial":"","benefits":[{"text":"Ayuda de instalaci\u00f3n gratuita"},{"text":"Soporte excepcional"},{"text":"Garant\u00eda de reembolso de 14 d\u00edas"},{"text":"Actualizaciones de por vida"}],"button_url":"#demo","button_target_blank":"","button_nofollow":"","attributes":[{"name":"Instalaciones","content":"100,000 - 500,000"},{"name":"Sensible","content":"S\u00ed"},{"name":"Navegadores compatibles","content":"Firefox, Safari, Opera, Chrome, Edge"}],"tags":[],"tags_disable_links":"","hide_more_platforms":"","video_object":"","demo_hide_cta":"","demo_hide_cloud_options":"","pricing_title":"","pricing":[{"pricing_icon":"platform","pricing_title":"Elfsight Apps","pricing_title_caption":"Soluci\u00f3n digital independiente de la plataforma","pricing_price":"desde $0 \/ mes","pricing_price_caption":"comienza con el plan gratuito","pricing_benefits":[{"text":"Sitios web ilimitados"},{"text":"Soporte r\u00e1pido"},{"text":"Asistencia de instalaci\u00f3n gratuita"},{"text":"Oferta especial para m\u00faltiples aplicaciones."}],"pricing_button_text":"A\u00f1adir al sitio web","pricing_button_url":"#demo"}],"related_apps_title":"","related_apps_hidden":"","author":"","image":[],"title":"","job":"","social_networks":[]},"_links":{"self":[{"href":"https:\/\/elfsight.com\/es\/wp-json\/wp\/v2\/pages\/15834","targetHints":{"allow":["GET"]}}],"collection":[{"href":"https:\/\/elfsight.com\/es\/wp-json\/wp\/v2\/pages"}],"about":[{"href":"https:\/\/elfsight.com\/es\/wp-json\/wp\/v2\/types\/page"}],"author":[{"embeddable":true,"href":"https:\/\/elfsight.com\/es\/wp-json\/wp\/v2\/users\/9"}],"replies":[{"embeddable":true,"href":"https:\/\/elfsight.com\/es\/wp-json\/wp\/v2\/comments?post=15834"}],"version-history":[{"count":3,"href":"https:\/\/elfsight.com\/es\/wp-json\/wp\/v2\/pages\/15834\/revisions"}],"predecessor-version":[{"id":17788,"href":"https:\/\/elfsight.com\/es\/wp-json\/wp\/v2\/pages\/15834\/revisions\/17788"}],"up":[{"embeddable":true,"href":"https:\/\/elfsight.com\/es\/wp-json\/wp\/v2\/pages\/690"}],"wp:attachment":[{"href":"https:\/\/elfsight.com\/es\/wp-json\/wp\/v2\/media?parent=15834"}],"curies":[{"name":"wp","href":"https:\/\/api.w.org\/{rel}","templated":true}]}}