{"id":15833,"date":"2024-05-03T06:33:27","date_gmt":"2024-05-03T06:33:27","guid":{"rendered":"https:\/\/elfsight.com\/es\/?page_id=15833"},"modified":"2025-02-06T15:01:16","modified_gmt":"2025-02-06T15:01:16","slug":"drupal","status":"publish","type":"page","link":"https:\/\/elfsight.com\/es\/cookie-consent-widget\/drupal\/","title":{"rendered":"Cookie Consent &#8211; Drupal"},"content":{"rendered":"<div class=\"application-platform-content-item-description application-platform-content-item\" id=\"description\" data-nav-section=\"description\"> <h2>Descripci\u00f3n<\/h2> <p>Con el m\u00f3dulo de Cookies de Elfsight, ser\u00e1 muy f\u00e1cil notificar a los visitantes que tu sitio utiliza cookies mostrando una ventana emergente moderada. El widget te permite agregar tu propio mensaje, colocar un enlace a la pol\u00edtica de uso del sitio web y a\u00f1adir botones activos para obtener el consentimiento de los usuarios. Puedes optar por mostrar el widget como una barra en la p\u00e1gina o como un cuadro receptivo y elegir cualquier ubicaci\u00f3n para \u00e9l. Adem\u00e1s, los elementos personalizables te ayudar\u00e1n a hacer que el widget se vea nativo e integre bien con el estilo del sitio web.<\/p> <div class=\"faq\" data-component=\"FAQ\"> <div class=\"faq-item\">\r\n\t\t\t\t\t<div class=\"faq-item-question\">\r\n\t\t\t\t\t\t<h3 class=\"faq-item-question-text\">\u00bfD\u00f3nde en mi sitio puedo incrustar el widget?<\/h3>\r\n\r\n\t\t\t\t\t\t<div class=\"faq-item-question-icon\"><\/div>\r\n\t\t\t\t\t<\/div>\r\n\r\n\t\t\t\t\t<div class=\"faq-item-answer\">\r\n\t\t\t\t\t\t<div class=\"faq-item-answer-text\"> <p>Puedes colocar el plugin en cualquier p\u00e1gina de tu sitio web, as\u00ed como en todas las p\u00e1ginas, dependiendo de lo que necesites. Tan pronto como una persona ingrese a la p\u00e1gina, aparecer\u00e1 la notificaci\u00f3n de cookies.<\/p> <\/div>\r\n\t\t\t\t\t<\/div>\r\n\t\t\t\t<\/div><div class=\"faq-item\">\r\n\t\t\t\t\t<div class=\"faq-item-question\">\r\n\t\t\t\t\t\t<h3 class=\"faq-item-question-text\">\u00bfQu\u00e9 beneficios me ofrece?<\/h3>\r\n\r\n\t\t\t\t\t\t<div class=\"faq-item-question-icon\"><\/div>\r\n\t\t\t\t\t<\/div>\r\n\r\n\t\t\t\t\t<div class=\"faq-item-answer\">\r\n\t\t\t\t\t\t<div class=\"faq-item-answer-text\"> <p>El widget te ayuda a mostrar una notificaci\u00f3n instant\u00e1nea de cookies, sin necesidad de codificaci\u00f3n y de manera muy r\u00e1pida. Est\u00e1 disponible en todos los idiomas europeos m\u00e1s comunes para ofrecer la mejor experiencia de usuario a los visitantes de tu sitio web.<\/p> <\/div>\r\n\t\t\t\t\t<\/div>\r\n\t\t\t\t<\/div> <div class=\"faq-item\">\r\n\t\t\t\t\t<div class=\"faq-item-question\">\r\n\t\t\t\t\t\t<h3 class=\"faq-item-question-text\">\u00bfQu\u00e9 necesito para instalar Cookie Consent en mi sitio Drupal?<\/h3>\r\n\r\n\t\t\t\t\t\t<div class=\"faq-item-question-icon\"><\/div>\r\n\t\t\t\t\t<\/div>\r\n\r\n\t\t\t\t\t<div class=\"faq-item-answer\">\r\n\t\t\t\t\t\t<div class=\"faq-item-answer-text\"> <p>Solo tomar\u00e1 un par de minutos activarlo. Es muy r\u00e1pido, gratuito y sin necesidad de codificaci\u00f3n.<\/p> <p>El widget puede configurarse a trav\u00e9s de nuestro servicio o a trav\u00e9s del marketplace. Aqu\u00ed podr\u00e1s ver m\u00e1s informaci\u00f3n sobre las dos opciones y seleccionar la que prefieras.<\/p> <\/div>\r\n\t\t\t\t\t<\/div>\r\n\t\t\t\t<\/div> <\/div> <\/div> <div class=\"application-platform-content-item-features application-platform-content-item\" id=\"features\" data-nav-section=\"features\"> <h2>Caracter\u00edsticas<\/h2> <p>Para que tengas una comprensi\u00f3n completa de Cookie Consent, aqu\u00ed te dejamos la lista de sus caracter\u00edsticas m\u00e1s destacadas. Estas hacen que nuestro widget sea incre\u00edblemente \u00fatil para ti:<\/p> <ul><li>Selecciona el tipo de anuncio o solicitud de consentimiento;<\/li> <li>Configura un texto de anuncio personalizado con opciones de formato y enlaces;<\/li> <li>Mostrar o desactivar un enlace a la pol\u00edtica de cookies y a\u00f1adir texto personalizado al enlace;<\/li> <li>Selecciona el dise\u00f1o de la barra o cuadro para el widget;<\/li> <li>Configura el color de los botones y el enlace.<\/li><\/ul><p><a href=\"#demo\">Conoce m\u00e1s caracter\u00edsticas en nuestra demo en vivo<\/a><\/p> <\/div> <div class=\"application-platform-content-item-installation application-platform-content-item\" id=\"installation\" data-nav-section=\"installation\"> <h2>Descubre c\u00f3mo a\u00f1adir el Consentimiento de Cookies a tu sitio Drupal<\/h2><div class=\"video-container\"><iframe width=\"720\" height=\"405\" src=\"https:\/\/www.youtube.com\/embed\/VgPOMLXPJb4\" frameborder=\"0\" allowfullscreen=\"\"><\/iframe><\/div><p>Simplemente sigue los pasos a continuaci\u00f3n para agregar el m\u00f3dulo en Drupal.<\/p> <ol><li><b>Usa nuestro editor gratuito y empieza a crear tu m\u00f3dulo personalizado. <\/b><br> Define la interfaz personalizada y las caracter\u00edsticas funcionales del m\u00f3dulo de Consentimiento de Cookies y aplica las correcciones.<\/li>  <li><b>Copia el c\u00f3digo individual que se muestra en el cuadro de Elfsight Apps. <\/b><br> Cuando la configuraci\u00f3n de tu herramienta est\u00e9 completa, copia el c\u00f3digo exclusivo que aparecer\u00e1 en la ventana emergente y gu\u00e1rdalo para su uso posterior.<\/li>  <li><b>Inicia el uso del m\u00f3dulo en tu sitio Drupal. <\/b><br> Ingresa el c\u00f3digo que copiaste antes en tu sitio web y aplica los cambios.<\/li>  <li><b>\u00a1Listo! La integraci\u00f3n est\u00e1 completamente realizada. <\/b><br> Visita tu sitio web para comprobar c\u00f3mo funciona la herramienta.<\/li><\/ol><p>\u00bfA\u00fan no est\u00e1s seguro? \u00bfO tienes alg\u00fan problema? Solo realiza una solicitud a nuestro servicio de atenci\u00f3n al cliente y resolveremos cualquier inconveniente.<\/p> <\/div>","protected":false},"excerpt":{"rendered":"","protected":false},"author":9,"featured_media":0,"parent":690,"menu_order":0,"comment_status":"closed","ping_status":"closed","template":"templates\/template-application-platform.php","meta":{"publish_to_discourse":"","publish_post_category":"","wpdc_auto_publish_overridden":"","wpdc_topic_tags":"","wpdc_pin_topic":"","wpdc_pin_until":"","discourse_post_id":"","discourse_permalink":"","wpdc_publishing_response":"","wpdc_publishing_error":"","footnotes":""},"class_list":["post-15833","page","type-page","status-publish","hentry"],"yoast_head":"<!-- This site is optimized with the Yoast SEO plugin v25.3.1 - https:\/\/yoast.com\/wordpress\/plugins\/seo\/ -->\n<title>Agregue el m\u00f3dulo de consentimiento de cookies al sitio web de Drupal (en 2 minutos)<\/title>\n<meta name=\"description\" content=\"Es muy sencillo construir su m\u00f3dulo de Consentimiento de cookies y publicarlo en su sitio Drupal. La atenci\u00f3n al cliente de Elfsight es gratuita.\" \/>\n<meta name=\"robots\" content=\"index, follow, max-snippet:-1, max-image-preview:large, max-video-preview:-1\" \/>\n<link rel=\"canonical\" href=\"https:\/\/elfsight.com\/es\/cookie-consent-widget\/drupal\/\" \/>\n<meta property=\"og:locale\" content=\"es_ES\" \/>\n<meta property=\"og:type\" content=\"article\" \/>\n<meta property=\"og:title\" content=\"Agregue el m\u00f3dulo de consentimiento de cookies al sitio web de Drupal (en 2 minutos)\" \/>\n<meta property=\"og:description\" content=\"Es muy sencillo construir su m\u00f3dulo de Consentimiento de cookies y publicarlo en su sitio Drupal. La atenci\u00f3n al cliente de Elfsight es gratuita.\" \/>\n<meta property=\"og:url\" content=\"https:\/\/elfsight.com\/es\/cookie-consent-widget\/drupal\/\" \/>\n<meta property=\"og:site_name\" content=\"Elfsight ES\" \/>\n<meta property=\"article:modified_time\" content=\"2025-02-06T15:01:16+00:00\" \/>\n<meta name=\"twitter:card\" content=\"summary_large_image\" \/>\n<meta name=\"twitter:label1\" content=\"Tiempo de lectura\" \/>\n\t<meta name=\"twitter:data1\" content=\"3 minutos\" \/>\n<!-- \/ Yoast SEO plugin. -->","yoast_head_json":{"title":"Agregue el m\u00f3dulo de consentimiento de cookies al sitio web de Drupal (en 2 minutos)","description":"Es muy sencillo construir su m\u00f3dulo de Consentimiento de cookies y publicarlo en su sitio Drupal. La atenci\u00f3n al cliente de Elfsight es gratuita.","robots":{"index":"index","follow":"follow","max-snippet":"max-snippet:-1","max-image-preview":"max-image-preview:large","max-video-preview":"max-video-preview:-1"},"canonical":"https:\/\/elfsight.com\/es\/cookie-consent-widget\/drupal\/","og_locale":"es_ES","og_type":"article","og_title":"Agregue el m\u00f3dulo de consentimiento de cookies al sitio web de Drupal (en 2 minutos)","og_description":"Es muy sencillo construir su m\u00f3dulo de Consentimiento de cookies y publicarlo en su sitio Drupal. La atenci\u00f3n al cliente de Elfsight es gratuita.","og_url":"https:\/\/elfsight.com\/es\/cookie-consent-widget\/drupal\/","og_site_name":"Elfsight ES","article_modified_time":"2025-02-06T15:01:16+00:00","twitter_card":"summary_large_image","twitter_misc":{"Tiempo de lectura":"3 minutos"},"schema":{"@context":"https:\/\/schema.org","@graph":[{"@type":"WebPage","@id":"https:\/\/elfsight.com\/es\/cookie-consent-widget\/drupal\/","url":"https:\/\/elfsight.com\/es\/cookie-consent-widget\/drupal\/","name":"Agregue el m\u00f3dulo de consentimiento de cookies al sitio web de Drupal (en 2 minutos)","isPartOf":{"@id":"https:\/\/elfsight.com\/es\/#website"},"datePublished":"2024-05-03T06:33:27+00:00","dateModified":"2025-02-06T15:01:16+00:00","description":"Es muy sencillo construir su m\u00f3dulo de Consentimiento de cookies y publicarlo en su sitio Drupal. La atenci\u00f3n al cliente de Elfsight es gratuita.","breadcrumb":{"@id":"https:\/\/elfsight.com\/es\/cookie-consent-widget\/drupal\/#breadcrumb"},"inLanguage":"es","potentialAction":[{"@type":"ReadAction","target":["https:\/\/elfsight.com\/es\/cookie-consent-widget\/drupal\/"]}]},{"@type":"BreadcrumbList","@id":"https:\/\/elfsight.com\/es\/cookie-consent-widget\/drupal\/#breadcrumb","itemListElement":[{"@type":"ListItem","position":1,"name":"Home","item":"https:\/\/elfsight.com\/es\/"},{"@type":"ListItem","position":2,"name":"Cookie Consent","item":"https:\/\/elfsight.com\/es\/cookie-consent-widget\/"},{"@type":"ListItem","position":3,"name":"Cookie Consent &#8211; Drupal"}]},{"@type":"WebSite","@id":"https:\/\/elfsight.com\/es\/#website","url":"https:\/\/elfsight.com\/es\/","name":"Elfsight ES","description":"Just another Elfsight Sites site","potentialAction":[{"@type":"SearchAction","target":{"@type":"EntryPoint","urlTemplate":"https:\/\/elfsight.com\/es\/?s={search_term_string}"},"query-input":{"@type":"PropertyValueSpecification","valueRequired":true,"valueName":"search_term_string"}}],"inLanguage":"es"}]}},"meta_box":{"industry":"","seo_heading":"","heading":"","description":"","cta_heading":"","cta_description":"","application":"689","h1":"M\u00f3dulo de consentimiento de cookies de Drupal","h1_caption":"Cree una notificaci\u00f3n r\u00e1pida sobre el uso de cookies con un bot\u00f3n de permiso para los visitantes de su sitio.","application_category":[],"applications_title":"","applications_request_title":"","applications_request_button_text":"","hero_text":"","hero_video":"","hero_video_schema_markup":"","selling_points_title":"","selling_points_caption":"","selling_points":[],"selling_points_cta_text":"","features_title":"","features":"","ed_cta_examples_text":"","ed_cta_examples_hidden":"","ed_cta_demo_text":"","ed_cta_demo_hidden":"","why_caption":"","why_editor_title":"","why_editor_text":"","why_team_title":"","why_team_text":"","why_service_title":"","why_service_text":"","template_catalog_visible":"","template_catalog_title":"","template_catalog_text":"","template_catalog_categories_visible":"","demo_title":"Crea tu m\u00f3dulo de Consentimiento de Cookies","demo_caption":"\u00a1Configure su Consentimiento de Cookies y agr\u00e9guelo a su sitio web Drupal de forma gratuita!","default_faq_hidden":"","app_template_category":[],"platform":"2161","template_public_id":"","codecanyon_url":"","codecanyon_item_id":"","codecanyon_price":"","pricing_caption":"","pricing_elfsight_apps_hide_column":"","pricing_elfsight_apps_url":"","pricing_codecanyon_price_caption":"","integration_category":[],"integration_request_title":"","integration_request_cta":"","integration_platform":"","integrations":[],"platform_category":[],"video_schema_markup":"","price":"desde $0 \/ mes","trial":"","benefits":[{"text":"Servicio de instalaci\u00f3n gratuito"},{"text":"Servicio al cliente competente"},{"text":"Garant\u00eda de devoluci\u00f3n de dinero de 14 d\u00edas"},{"text":"Actualizaciones futuras"}],"button_url":"#demo","button_target_blank":"","button_nofollow":"","attributes":[{"name":"Instalaciones","content":"100,000 - 500,000"},{"name":"Sensible","content":"S\u00ed"},{"name":"Navegadores compatibles","content":"Firefox, Safari, Opera, Chrome, Edge"}],"tags":[],"tags_disable_links":"","hide_more_platforms":"","video_object":"","demo_hide_cta":"","demo_hide_cloud_options":"","pricing_title":"","pricing":[{"pricing_icon":"platform","pricing_title":"Elfsight Apps","pricing_title_caption":"Software multiplataforma que se adapta a cualquier sitio","pricing_price":"desde $0 \/ mes","pricing_price_caption":"comienza con el plan gratuito","pricing_benefits":[{"text":"Dominios ilimitados"},{"text":"Soporte premium y puntual"},{"text":"Servicio de instalaci\u00f3n gratuito"},{"text":"Oferta especial para m\u00faltiples aplicaciones"}],"pricing_button_text":"A\u00f1adir al sitio web","pricing_button_url":"#demo"}],"related_apps_title":"","related_apps_hidden":"","author":"","image":[],"title":"","job":"","social_networks":[]},"_links":{"self":[{"href":"https:\/\/elfsight.com\/es\/wp-json\/wp\/v2\/pages\/15833","targetHints":{"allow":["GET"]}}],"collection":[{"href":"https:\/\/elfsight.com\/es\/wp-json\/wp\/v2\/pages"}],"about":[{"href":"https:\/\/elfsight.com\/es\/wp-json\/wp\/v2\/types\/page"}],"author":[{"embeddable":true,"href":"https:\/\/elfsight.com\/es\/wp-json\/wp\/v2\/users\/9"}],"replies":[{"embeddable":true,"href":"https:\/\/elfsight.com\/es\/wp-json\/wp\/v2\/comments?post=15833"}],"version-history":[{"count":3,"href":"https:\/\/elfsight.com\/es\/wp-json\/wp\/v2\/pages\/15833\/revisions"}],"predecessor-version":[{"id":17780,"href":"https:\/\/elfsight.com\/es\/wp-json\/wp\/v2\/pages\/15833\/revisions\/17780"}],"up":[{"embeddable":true,"href":"https:\/\/elfsight.com\/es\/wp-json\/wp\/v2\/pages\/690"}],"wp:attachment":[{"href":"https:\/\/elfsight.com\/es\/wp-json\/wp\/v2\/media?parent=15833"}],"curies":[{"name":"wp","href":"https:\/\/api.w.org\/{rel}","templated":true}]}}