{"id":15827,"date":"2024-05-03T06:33:29","date_gmt":"2024-05-03T06:33:29","guid":{"rendered":"https:\/\/elfsight.com\/es\/?page_id=15827"},"modified":"2025-02-06T15:01:07","modified_gmt":"2025-02-06T15:01:07","slug":"bigcommerce","status":"publish","type":"page","link":"https:\/\/elfsight.com\/es\/cookie-consent-widget\/bigcommerce\/","title":{"rendered":"Cookie Consent &#8211; BigCommerce"},"content":{"rendered":"<div class=\"application-platform-content-item-description application-platform-content-item\" id=\"description\" data-nav-section=\"description\"> <h2>Descripci\u00f3n<\/h2> <p>Con la aplicaci\u00f3n de Cookies de Elfsight, es muy sencillo publicar una notificaci\u00f3n para tus visitantes indicando que tu sitio utiliza cookies. Nuestro widget te permite escribir un mensaje personalizado, incluir un enlace a la pol\u00edtica de uso de tu sitio web y a\u00f1adir botones activos para solicitar permiso a los usuarios. Puedes mostrar el widget como una barra en la p\u00e1gina o como un cuadro y seleccionar cualquier posici\u00f3n para \u00e9l. Adem\u00e1s, los elementos pintables te ayudar\u00e1n a hacer que el widget se vea consistente y coincida con el concepto general de estilo de tu sitio.<\/p> <div class=\"faq\" data-component=\"FAQ\"> <div class=\"faq-item\">\r\n\t\t\t\t\t<div class=\"faq-item-question\">\r\n\t\t\t\t\t\t<h3 class=\"faq-item-question-text\">\u00bfD\u00f3nde puedo insertar esta aplicaci\u00f3n?<\/h3>\r\n\r\n\t\t\t\t\t\t<div class=\"faq-item-question-icon\"><\/div>\r\n\t\t\t\t\t<\/div>\r\n\r\n\t\t\t\t\t<div class=\"faq-item-answer\">\r\n\t\t\t\t\t\t<div class=\"faq-item-answer-text\"> <p>Es f\u00e1cil agregar la notificaci\u00f3n en cualquier p\u00e1gina de tu sitio o en todas las p\u00e1ginas, seg\u00fan tus necesidades. Tan pronto como un visitante ingrese a la p\u00e1gina, la notificaci\u00f3n aparecer\u00e1 para \u00e9l.<\/p> <\/div>\r\n\t\t\t\t\t<\/div>\r\n\t\t\t\t<\/div> <div class=\"faq-item\">\r\n\t\t\t\t\t<div class=\"faq-item-question\">\r\n\t\t\t\t\t\t<h3 class=\"faq-item-question-text\">\u00bfCu\u00e1les son las ventajas de tener esta aplicaci\u00f3n?<\/h3>\r\n\r\n\t\t\t\t\t\t<div class=\"faq-item-question-icon\"><\/div>\r\n\t\t\t\t\t<\/div>\r\n\r\n\t\t\t\t\t<div class=\"faq-item-answer\">\r\n\t\t\t\t\t\t<div class=\"faq-item-answer-text\"> <p>Elfsight Cookie Consent te ayudar\u00e1 a organizar una notificaci\u00f3n instant\u00e1nea de cookies, sin necesidad de codificaci\u00f3n y de manera muy r\u00e1pida. Est\u00e1 disponible en los idiomas europeos m\u00e1s populares para proporcionar una experiencia de usuario positiva a tu audiencia.<\/p> <\/div>\r\n\t\t\t\t\t<\/div>\r\n\t\t\t\t<\/div> <div class=\"faq-item\">\r\n\t\t\t\t\t<div class=\"faq-item-question\">\r\n\t\t\t\t\t\t<h3 class=\"faq-item-question-text\">\u00bfC\u00f3mo incrusto Cookie Consent en mi sitio de BigCommerce?<\/h3>\r\n\r\n\t\t\t\t\t\t<div class=\"faq-item-question-icon\"><\/div>\r\n\t\t\t\t\t<\/div>\r\n\r\n\t\t\t\t\t<div class=\"faq-item-answer\">\r\n\t\t\t\t\t\t<div class=\"faq-item-answer-text\"> <p>Solo tomar\u00e1 un par de minutos configurarlo. Es extremadamente r\u00e1pido, gratuito y sin necesidad de codificaci\u00f3n.<\/p> <p>Elfsight Cookie Consent puede ser incrustado a trav\u00e9s de nuestro servicio o mediante el marketplace. Puedes comparar los detalles de ambas opciones y elegir la que m\u00e1s te convenga.<\/p><\/div>\r\n\t\t\t\t\t<\/div>\r\n\t\t\t\t<\/div> <\/div> <\/div><div class=\"application-platform-content-item-features application-platform-content-item\" id=\"features\" data-nav-section=\"features\"> <h2>Caracter\u00edsticas<\/h2> <p>Para tener una percepci\u00f3n m\u00e1s clara del Consentimiento de Cookies, aqu\u00ed tienes la lista de sus caracter\u00edsticas principales. Estas hacen que el widget sea realmente efectivo para tu promoci\u00f3n:<\/p> <ul><li>Haz solo el anuncio o tambi\u00e9n muestra una solicitud de consentimiento;<\/li> <li>Escribe tu propio mensaje de notificaci\u00f3n con opciones de formato y enlaces;<\/li> <li>Muestra o elimina un enlace activo a la pol\u00edtica de uso del sitio web e ingresa un texto personalizado para el enlace;<\/li> <li>La opci\u00f3n de elegir el tipo de dise\u00f1o de Barra o Cuadro para el widget;<\/li> <li>Selecciona un color personalizado para los botones y el enlace.<\/li><\/ul><p><a href=\"#demo\">Para ver todas las caracter\u00edsticas, consulta nuestra demo<\/a><\/p> <\/div> <div class=\"application-platform-content-item-installation application-platform-content-item\" id=\"installation\" data-nav-section=\"installation\"> <h2>Aqu\u00ed te mostramos c\u00f3mo agregar el Consentimiento de Cookies a tu sitio de BigCommerce<\/h2> <div class=\"video-container\"><iframe width=\"720\" height=\"405\" src=\"https:\/\/www.youtube.com\/embed\/kazdbrOFe3Y\" frameborder=\"0\" allowfullscreen=\"\"><\/iframe><\/div><p>Solo sigue las instrucciones a continuaci\u00f3n para insertar la aplicaci\u00f3n en BigCommerce.<\/p> <ol><li><b>Abre nuestro editor gratuito y comienza a construir tu widget personalizado. <\/b><br> Encuentra la interfaz personalizada y las especificaciones de la aplicaci\u00f3n Cookie Consent y guarda las modificaciones.<\/li><li><b>Recibe tu c\u00f3digo \u00fanico que aparece en el cuadro en Elfsight Apps. <\/b><br> Justo despu\u00e9s de que la configuraci\u00f3n de tu widget est\u00e9 completa, copia el c\u00f3digo individual en la ventana emergente y gu\u00e1rdalo para futuras necesidades.<\/li><li><b>Comienza a usar el widget en tu sitio de BigCommerce. <\/b><br> Inserta el c\u00f3digo que guardaste recientemente en tu sitio web y aplica los ajustes.<\/li><li><b>\u00a1Listo! La configuraci\u00f3n est\u00e1 completamente realizada. <\/b><br> Visita tu p\u00e1gina para revisar c\u00f3mo funciona el widget.<\/li><\/ol><p>\u00bfA\u00fan no te decides? \u00bfO te has encontrado con alg\u00fan inconveniente? Simplemente escribe una solicitud a nuestro equipo de soporte al cliente. Te proporcionamos ayuda profesional para resolver cualquier problema.<\/p> <\/div>","protected":false},"excerpt":{"rendered":"","protected":false},"author":9,"featured_media":0,"parent":690,"menu_order":0,"comment_status":"closed","ping_status":"closed","template":"templates\/template-application-platform.php","meta":{"publish_to_discourse":"","publish_post_category":"","wpdc_auto_publish_overridden":"","wpdc_topic_tags":"","wpdc_pin_topic":"","wpdc_pin_until":"","discourse_post_id":"","discourse_permalink":"","wpdc_publishing_response":"","wpdc_publishing_error":"","footnotes":""},"class_list":["post-15827","page","type-page","status-publish","hentry"],"yoast_head":"<!-- This site is optimized with the Yoast SEO plugin v25.3.1 - https:\/\/yoast.com\/wordpress\/plugins\/seo\/ -->\n<title>Agregue la aplicaci\u00f3n Cookie Consent al sitio web de BigCommerce (gratis y r\u00e1pido)<\/title>\n<meta name=\"description\" content=\"Con Elfsight, dise\u00f1e su Consentimiento de cookies y mu\u00e9strelo r\u00e1pidamente en su sitio BigCommerce. Contamos con atenci\u00f3n al cliente gratuita y otras bonificaciones.\" \/>\n<meta name=\"robots\" content=\"index, follow, max-snippet:-1, max-image-preview:large, max-video-preview:-1\" \/>\n<link rel=\"canonical\" href=\"https:\/\/elfsight.com\/es\/cookie-consent-widget\/bigcommerce\/\" \/>\n<meta property=\"og:locale\" content=\"es_ES\" \/>\n<meta property=\"og:type\" content=\"article\" \/>\n<meta property=\"og:title\" content=\"Agregue la aplicaci\u00f3n Cookie Consent al sitio web de BigCommerce (gratis y r\u00e1pido)\" \/>\n<meta property=\"og:description\" content=\"Con Elfsight, dise\u00f1e su Consentimiento de cookies y mu\u00e9strelo r\u00e1pidamente en su sitio BigCommerce. Contamos con atenci\u00f3n al cliente gratuita y otras bonificaciones.\" \/>\n<meta property=\"og:url\" content=\"https:\/\/elfsight.com\/es\/cookie-consent-widget\/bigcommerce\/\" \/>\n<meta property=\"og:site_name\" content=\"Elfsight ES\" \/>\n<meta property=\"article:modified_time\" content=\"2025-02-06T15:01:07+00:00\" \/>\n<meta name=\"twitter:card\" content=\"summary_large_image\" \/>\n<meta name=\"twitter:label1\" content=\"Tiempo de lectura\" \/>\n\t<meta name=\"twitter:data1\" content=\"3 minutos\" \/>\n<!-- \/ Yoast SEO plugin. -->","yoast_head_json":{"title":"Agregue la aplicaci\u00f3n Cookie Consent al sitio web de BigCommerce (gratis y r\u00e1pido)","description":"Con Elfsight, dise\u00f1e su Consentimiento de cookies y mu\u00e9strelo r\u00e1pidamente en su sitio BigCommerce. Contamos con atenci\u00f3n al cliente gratuita y otras bonificaciones.","robots":{"index":"index","follow":"follow","max-snippet":"max-snippet:-1","max-image-preview":"max-image-preview:large","max-video-preview":"max-video-preview:-1"},"canonical":"https:\/\/elfsight.com\/es\/cookie-consent-widget\/bigcommerce\/","og_locale":"es_ES","og_type":"article","og_title":"Agregue la aplicaci\u00f3n Cookie Consent al sitio web de BigCommerce (gratis y r\u00e1pido)","og_description":"Con Elfsight, dise\u00f1e su Consentimiento de cookies y mu\u00e9strelo r\u00e1pidamente en su sitio BigCommerce. Contamos con atenci\u00f3n al cliente gratuita y otras bonificaciones.","og_url":"https:\/\/elfsight.com\/es\/cookie-consent-widget\/bigcommerce\/","og_site_name":"Elfsight ES","article_modified_time":"2025-02-06T15:01:07+00:00","twitter_card":"summary_large_image","twitter_misc":{"Tiempo de lectura":"3 minutos"},"schema":{"@context":"https:\/\/schema.org","@graph":[{"@type":"WebPage","@id":"https:\/\/elfsight.com\/es\/cookie-consent-widget\/bigcommerce\/","url":"https:\/\/elfsight.com\/es\/cookie-consent-widget\/bigcommerce\/","name":"Agregue la aplicaci\u00f3n Cookie Consent al sitio web de BigCommerce (gratis y r\u00e1pido)","isPartOf":{"@id":"https:\/\/elfsight.com\/es\/#website"},"datePublished":"2024-05-03T06:33:29+00:00","dateModified":"2025-02-06T15:01:07+00:00","description":"Con Elfsight, dise\u00f1e su Consentimiento de cookies y mu\u00e9strelo r\u00e1pidamente en su sitio BigCommerce. Contamos con atenci\u00f3n al cliente gratuita y otras bonificaciones.","breadcrumb":{"@id":"https:\/\/elfsight.com\/es\/cookie-consent-widget\/bigcommerce\/#breadcrumb"},"inLanguage":"es","potentialAction":[{"@type":"ReadAction","target":["https:\/\/elfsight.com\/es\/cookie-consent-widget\/bigcommerce\/"]}]},{"@type":"BreadcrumbList","@id":"https:\/\/elfsight.com\/es\/cookie-consent-widget\/bigcommerce\/#breadcrumb","itemListElement":[{"@type":"ListItem","position":1,"name":"Home","item":"https:\/\/elfsight.com\/es\/"},{"@type":"ListItem","position":2,"name":"Cookie Consent","item":"https:\/\/elfsight.com\/es\/cookie-consent-widget\/"},{"@type":"ListItem","position":3,"name":"Cookie Consent &#8211; BigCommerce"}]},{"@type":"WebSite","@id":"https:\/\/elfsight.com\/es\/#website","url":"https:\/\/elfsight.com\/es\/","name":"Elfsight ES","description":"Just another Elfsight Sites site","potentialAction":[{"@type":"SearchAction","target":{"@type":"EntryPoint","urlTemplate":"https:\/\/elfsight.com\/es\/?s={search_term_string}"},"query-input":{"@type":"PropertyValueSpecification","valueRequired":true,"valueName":"search_term_string"}}],"inLanguage":"es"}]}},"meta_box":{"industry":"","seo_heading":"","heading":"","description":"","cta_heading":"","cta_description":"","application":"689","h1":"Aplicaci\u00f3n de consentimiento de cookies de BigCommerce","h1_caption":"Demostrar una notificaci\u00f3n r\u00e1pida sobre el uso de cookies que ofrece un bot\u00f3n de permiso para los usuarios del sitio web.","application_category":[],"applications_title":"","applications_request_title":"","applications_request_button_text":"","hero_text":"","hero_video":"","hero_video_schema_markup":"","selling_points_title":"","selling_points_caption":"","selling_points":[],"selling_points_cta_text":"","features_title":"","features":"","ed_cta_examples_text":"","ed_cta_examples_hidden":"","ed_cta_demo_text":"","ed_cta_demo_hidden":"","why_caption":"","why_editor_title":"","why_editor_text":"","why_team_title":"","why_team_text":"","why_service_title":"","why_service_text":"","template_catalog_visible":"","template_catalog_title":"","template_catalog_text":"","template_catalog_categories_visible":"","demo_title":"Crea tu aplicaci\u00f3n de consentimiento de cookies","demo_caption":"Configure su Consentimiento de cookies y agr\u00e9guelo a su sitio web de BigCommerce de forma gratuita.","default_faq_hidden":"","app_template_category":[],"platform":"33","template_public_id":"","codecanyon_url":"","codecanyon_item_id":"","codecanyon_price":"","pricing_caption":"","pricing_elfsight_apps_hide_column":"","pricing_elfsight_apps_url":"","pricing_codecanyon_price_caption":"","integration_category":[],"integration_request_title":"","integration_request_cta":"","integration_platform":"","integrations":[],"platform_category":[],"video_schema_markup":"","price":"desde $0 \/ mes","trial":"","benefits":[{"text":"Ayuda de instalaci\u00f3n gratuita"},{"text":"Servicio al cliente eficaz"},{"text":"Garant\u00eda de reembolso de 14 d\u00edas"},{"text":"Actualizaciones de por vida"}],"button_url":"#demo","button_target_blank":"","button_nofollow":"","attributes":[{"name":"Instalaciones","content":"100,000 - 500,000"},{"name":"Sensible","content":"S\u00ed"},{"name":"Navegadores compatibles","content":"Firefox, Safari, Opera, Chrome, Edge"}],"tags":[],"tags_disable_links":"","hide_more_platforms":"","video_object":"","demo_hide_cta":"","demo_hide_cloud_options":"","pricing_title":"","pricing":[{"pricing_icon":"platform","pricing_title":"Elfsight Apps","pricing_title_caption":"Soluci\u00f3n multiplataforma","pricing_price":"desde $0 \/ mes","pricing_price_caption":"comienza con el plan gratuito","pricing_benefits":[{"text":"Sitios web ilimitados"},{"text":"Soporte r\u00e1pido y puntual"},{"text":"Asistencia de instalaci\u00f3n gratuita"},{"text":"100% personalizable"}],"pricing_button_text":"A\u00f1adir al sitio web","pricing_button_url":"#demo"}],"related_apps_title":"","related_apps_hidden":"","author":"","image":[],"title":"","job":"","social_networks":[]},"_links":{"self":[{"href":"https:\/\/elfsight.com\/es\/wp-json\/wp\/v2\/pages\/15827","targetHints":{"allow":["GET"]}}],"collection":[{"href":"https:\/\/elfsight.com\/es\/wp-json\/wp\/v2\/pages"}],"about":[{"href":"https:\/\/elfsight.com\/es\/wp-json\/wp\/v2\/types\/page"}],"author":[{"embeddable":true,"href":"https:\/\/elfsight.com\/es\/wp-json\/wp\/v2\/users\/9"}],"replies":[{"embeddable":true,"href":"https:\/\/elfsight.com\/es\/wp-json\/wp\/v2\/comments?post=15827"}],"version-history":[{"count":3,"href":"https:\/\/elfsight.com\/es\/wp-json\/wp\/v2\/pages\/15827\/revisions"}],"predecessor-version":[{"id":17778,"href":"https:\/\/elfsight.com\/es\/wp-json\/wp\/v2\/pages\/15827\/revisions\/17778"}],"up":[{"embeddable":true,"href":"https:\/\/elfsight.com\/es\/wp-json\/wp\/v2\/pages\/690"}],"wp:attachment":[{"href":"https:\/\/elfsight.com\/es\/wp-json\/wp\/v2\/media?parent=15827"}],"curies":[{"name":"wp","href":"https:\/\/api.w.org\/{rel}","templated":true}]}}