{"id":15820,"date":"2024-05-03T06:34:19","date_gmt":"2024-05-03T06:34:19","guid":{"rendered":"https:\/\/elfsight.com\/es\/?page_id=15820"},"modified":"2025-02-06T15:00:35","modified_gmt":"2025-02-06T15:00:35","slug":"webnode","status":"publish","type":"page","link":"https:\/\/elfsight.com\/es\/countdown-timer-widget\/webnode\/","title":{"rendered":"Countdown Timer &#8211; Webnode"},"content":{"rendered":"<div class=\"application-platform-content-item-description application-platform-content-item\" id=\"description\" data-nav-section=\"description\"><h2>Descripci\u00f3n<\/h2><p>Activa temporizadores para atraer ventas en tu sitio con Elfsight Countdown Timer. Crea una atm\u00f3sfera y genera una sensaci\u00f3n de escasez de tus ofertas, demostrando lo r\u00e1pido que se agotan justo frente a los ojos de los visitantes. Convence a los usuarios de que deben empezar a comprar ahora, mientras el tiempo cuenta hacia el final del per\u00edodo de una oferta especial. Llama la atenci\u00f3n hacia tus eventos futuros o vacaciones y mantiene a tus usuarios esperando con ansias el inicio de los mismos con la ayuda de una cuenta regresiva tem\u00e1tica.<\/p><p><b>Genera emoci\u00f3n en las compras y estimula a los usuarios a comprar m\u00e1s.<\/b><\/p><p><b>Empuja a tu audiencia a comprar creando una sensaci\u00f3n de urgencia.<\/b><br> Haz que tus compradores sientan el miedo de perderse los precios bajos, mientras el tiempo cuenta hacia su final. Esto los har\u00e1 comprar m\u00e1s r\u00e1pido y aumentar\u00e1 las ventas en tu sitio web.<\/p><p><b>Demuestra c\u00f3mo disminuye el stock para aumentar el valor percibido de los art\u00edculos.<\/b><br> Muestra c\u00f3mo tus art\u00edculos se venden r\u00e1pidamente utilizando un contador de stock especial. Esto har\u00e1 que los visitantes valoren m\u00e1s los productos y est\u00e9n m\u00e1s ansiosos por comprarlos.<\/p><p><b>Atrae m\u00e1s atenci\u00f3n a tu per\u00edodo de ofertas con una barra de cuenta regresiva con un tema festivo llamativo.<\/b><br> Coloca barras de ventas tem\u00e1ticas durante las vacaciones y muestra tus ofertas y promociones de temporada de una manera destacada. No dejes pasar la temporada de compras de regalos y util\u00edzala al m\u00e1ximo para aumentar las ventas en tu sitio.<\/p><\/div><div class=\"application-platform-content-item-features application-platform-content-item\" id=\"features\" data-nav-section=\"features\"><h2>Caracter\u00edsticas<\/h2><p>Una serie de ventajas que hacen de Elfsight Countdown un widget imprescindible para cualquier sitio web de Webnode.<\/p><ul><li>Tres tipos de temporizadores: inicio-a-fin, tiempo restante por visitante, cuenta atr\u00e1s de n\u00famero inicio-a-fin;<\/li><li>Opci\u00f3n para crear un bot\u00f3n debajo del temporizador;<\/li><li>Opci\u00f3n para desactivar cualquier unidad de tiempo;<\/li><li>Opci\u00f3n para cambiar el color del temporizador, el bot\u00f3n, las etiquetas y el mensaje;<\/li><li>Dise\u00f1o limpio que asegura una integraci\u00f3n perfecta en cualquier concepto de sitio web.<\/li><\/ul><p><a href=\"#demo\">Conoce la lista completa de caracter\u00edsticas en la demo<\/a><\/p><\/div><div class=\"application-platform-content-item-installation application-platform-content-item\" id=\"installation\" data-nav-section=\"installation\"><h2>C\u00f3mo agregar un Temporizador de Cuenta Regresiva a un sitio Webnode<\/h2><p>Consulta esta breve instrucci\u00f3n para integrar el widget en tu sitio web sin habilidades en desarrollo. El tutorial tomar\u00e1 menos de 1 minuto.<\/p><ol><li><b>Construye tu Temporizador de Cuenta Regresiva \u00fanico<\/b>.<br> Mediante nuestro editor gratuito, crea un plugin con el dise\u00f1o y configuraciones preferidas.<\/li><li><b>Copia el c\u00f3digo para mostrar el plugin<\/b>.<br> Despu\u00e9s de configurar el widget, recibe el c\u00f3digo para el plugin de cuenta regresiva desde la notificaci\u00f3n que aparece en Elfsight Apps.<\/li><li><b>Publica el plugin en tu sitio Webnode<\/b>.<br> Inserta el plugin en el lugar deseado de la p\u00e1gina y guarda los cambios.<\/li><li><b>\u00a1Listo!<\/b><br> Entra en tu sitio para ver c\u00f3mo funciona tu temporizador de cuenta regresiva.<\/li><\/ol><p>\u00bfEncontraste dificultades al mostrar o crear el plugin? Consulta un <a href=\"https:\/\/elfsight.com\/tutorials\/how-to-add-countdown-timer-to-webnode-website\/\" target=\"_blank\" rel=\"noopener noreferrer\">tutorial detallado<\/a> sobre c\u00f3mo usar el plugin para Webnode o contacta a nuestro Centro de Soporte.<\/p><div class=\"faq\" data-component=\"FAQ\"> <div class=\"faq-item\">\r\n\t\t\t\t\t<div class=\"faq-item-question\">\r\n\t\t\t\t\t\t<h3 class=\"faq-item-question-text\">\u00bfC\u00f3mo puedo agregar un Temporizador de Cuenta Regresiva a mi sitio Webnode sin habilidades de programaci\u00f3n?<\/h3>\r\n\r\n\t\t\t\t\t\t<div class=\"faq-item-question-icon\"><\/div>\r\n\t\t\t\t\t<\/div>\r\n\r\n\t\t\t\t\t<div class=\"faq-item-answer\">\r\n\t\t\t\t\t\t<div class=\"faq-item-answer-text\"> <p>Elfsight ofrece una soluci\u00f3n SaaS que te permite crear un widget de Cuenta Regresiva por ti mismo, ve lo f\u00e1cil que es el proceso: trabaja directamente en el Editor en l\u00ednea para crear un widget de Cuenta Regresiva que te gustar\u00eda ver en tu sitio Webnode. Elige uno de los plantillas predise\u00f1adas y ajusta las configuraciones del temporizador de cuenta regresiva, agrega tu contenido, cambia el dise\u00f1o y la combinaci\u00f3n de colores sin ninguna habilidad de programaci\u00f3n. Guarda el Temporizador de Cuenta Regresiva y copia su c\u00f3digo de instalaci\u00f3n, que puedes agregar f\u00e1cilmente a tu sitio Webnode sin necesidad de suscribirte a un plan de pago. Con nuestro Editor intuitivo, cualquier usuario de Internet puede crear un widget de Cuenta Regresiva en l\u00ednea e integrarlo f\u00e1cilmente en su sitio Webnode. No es necesario pagar ni ingresar los datos de tu tarjeta para acceder al servicio. Si tienes problemas en alg\u00fan paso, no dudes en contactar a nuestro equipo de soporte t\u00e9cnico.<\/p> <\/div>\r\n\t\t\t\t\t<\/div>\r\n\t\t\t\t<\/div> <\/div> <\/div>","protected":false},"excerpt":{"rendered":"","protected":false},"author":9,"featured_media":0,"parent":1357,"menu_order":0,"comment_status":"closed","ping_status":"closed","template":"templates\/template-application-platform.php","meta":{"publish_to_discourse":"","publish_post_category":"","wpdc_auto_publish_overridden":"","wpdc_topic_tags":"","wpdc_pin_topic":"","wpdc_pin_until":"","discourse_post_id":"","discourse_permalink":"","wpdc_publishing_response":"","wpdc_publishing_error":"","footnotes":""},"class_list":["post-15820","page","type-page","status-publish","hentry"],"yoast_head":"<!-- This site is optimized with the Yoast SEO plugin v25.3.1 - https:\/\/yoast.com\/wordpress\/plugins\/seo\/ -->\n<title>El mejor complemento de temporizador de cuenta regresiva de Webnode para sitios web (2025)<\/title>\n<meta name=\"description\" content=\"Prueba gratis el mejor complemento Countdown Timer para Webnode. Una instalaci\u00f3n f\u00e1cil y r\u00e1pida sin conocimientos en revelado en tan solo 1 minuto.\" \/>\n<meta name=\"robots\" content=\"index, follow, max-snippet:-1, max-image-preview:large, max-video-preview:-1\" \/>\n<link rel=\"canonical\" href=\"https:\/\/elfsight.com\/es\/countdown-timer-widget\/webnode\/\" \/>\n<meta property=\"og:locale\" content=\"es_ES\" \/>\n<meta property=\"og:type\" content=\"article\" \/>\n<meta property=\"og:title\" content=\"El mejor complemento de temporizador de cuenta regresiva de Webnode para sitios web (2025)\" \/>\n<meta property=\"og:description\" content=\"Prueba gratis el mejor complemento Countdown Timer para Webnode. Una instalaci\u00f3n f\u00e1cil y r\u00e1pida sin conocimientos en revelado en tan solo 1 minuto.\" \/>\n<meta property=\"og:url\" content=\"https:\/\/elfsight.com\/es\/countdown-timer-widget\/webnode\/\" \/>\n<meta property=\"og:site_name\" content=\"Elfsight ES\" \/>\n<meta property=\"article:modified_time\" content=\"2025-02-06T15:00:35+00:00\" \/>\n<meta name=\"twitter:card\" content=\"summary_large_image\" \/>\n<meta name=\"twitter:label1\" content=\"Tiempo de lectura\" \/>\n\t<meta name=\"twitter:data1\" content=\"4 minutos\" \/>\n<!-- \/ Yoast SEO plugin. -->","yoast_head_json":{"title":"El mejor complemento de temporizador de cuenta regresiva de Webnode para sitios web (2025)","description":"Prueba gratis el mejor complemento Countdown Timer para Webnode. Una instalaci\u00f3n f\u00e1cil y r\u00e1pida sin conocimientos en revelado en tan solo 1 minuto.","robots":{"index":"index","follow":"follow","max-snippet":"max-snippet:-1","max-image-preview":"max-image-preview:large","max-video-preview":"max-video-preview:-1"},"canonical":"https:\/\/elfsight.com\/es\/countdown-timer-widget\/webnode\/","og_locale":"es_ES","og_type":"article","og_title":"El mejor complemento de temporizador de cuenta regresiva de Webnode para sitios web (2025)","og_description":"Prueba gratis el mejor complemento Countdown Timer para Webnode. Una instalaci\u00f3n f\u00e1cil y r\u00e1pida sin conocimientos en revelado en tan solo 1 minuto.","og_url":"https:\/\/elfsight.com\/es\/countdown-timer-widget\/webnode\/","og_site_name":"Elfsight ES","article_modified_time":"2025-02-06T15:00:35+00:00","twitter_card":"summary_large_image","twitter_misc":{"Tiempo de lectura":"4 minutos"},"schema":{"@context":"https:\/\/schema.org","@graph":[{"@type":"WebPage","@id":"https:\/\/elfsight.com\/es\/countdown-timer-widget\/webnode\/","url":"https:\/\/elfsight.com\/es\/countdown-timer-widget\/webnode\/","name":"El mejor complemento de temporizador de cuenta regresiva de Webnode para sitios web (2025)","isPartOf":{"@id":"https:\/\/elfsight.com\/es\/#website"},"datePublished":"2024-05-03T06:34:19+00:00","dateModified":"2025-02-06T15:00:35+00:00","description":"Prueba gratis el mejor complemento Countdown Timer para Webnode. Una instalaci\u00f3n f\u00e1cil y r\u00e1pida sin conocimientos en revelado en tan solo 1 minuto.","breadcrumb":{"@id":"https:\/\/elfsight.com\/es\/countdown-timer-widget\/webnode\/#breadcrumb"},"inLanguage":"es","potentialAction":[{"@type":"ReadAction","target":["https:\/\/elfsight.com\/es\/countdown-timer-widget\/webnode\/"]}]},{"@type":"BreadcrumbList","@id":"https:\/\/elfsight.com\/es\/countdown-timer-widget\/webnode\/#breadcrumb","itemListElement":[{"@type":"ListItem","position":1,"name":"Home","item":"https:\/\/elfsight.com\/es\/"},{"@type":"ListItem","position":2,"name":"Countdown Timer","item":"https:\/\/elfsight.com\/es\/countdown-timer-widget\/"},{"@type":"ListItem","position":3,"name":"Countdown Timer &#8211; Webnode"}]},{"@type":"WebSite","@id":"https:\/\/elfsight.com\/es\/#website","url":"https:\/\/elfsight.com\/es\/","name":"Elfsight ES","description":"Just another Elfsight Sites site","potentialAction":[{"@type":"SearchAction","target":{"@type":"EntryPoint","urlTemplate":"https:\/\/elfsight.com\/es\/?s={search_term_string}"},"query-input":{"@type":"PropertyValueSpecification","valueRequired":true,"valueName":"search_term_string"}}],"inLanguage":"es"}]}},"meta_box":{"industry":"","seo_heading":"","heading":"","description":"","cta_heading":"","cta_description":"","application":"1356","h1":"Complemento de temporizador de cuenta atr\u00e1s de Webnode","h1_caption":"Configura una cuenta regresiva para eventos o promociones importantes, creando una sensaci\u00f3n de urgencia para tus visitantes en tu sitio web Webnode sin esfuerzo.","application_category":[],"applications_title":"","applications_request_title":"","applications_request_button_text":"","hero_text":"","hero_video":"","hero_video_schema_markup":"","selling_points_title":"","selling_points_caption":"","selling_points":[],"selling_points_cta_text":"","features_title":"","features":"","ed_cta_examples_text":"","ed_cta_examples_hidden":"","ed_cta_demo_text":"","ed_cta_demo_hidden":"","why_caption":"","why_editor_title":"","why_editor_text":"","why_team_title":"","why_team_text":"","why_service_title":"","why_service_text":"","template_catalog_visible":"","template_catalog_title":"","template_catalog_text":"","template_catalog_categories_visible":"","demo_title":"Crea tu widget de temporizador de cuenta regresiva","demo_caption":"\u00a1Configura tu temporizador de cuenta atr\u00e1s y a\u00f1\u00e1delo a tu sitio web Webnode gratis!","default_faq_hidden":"","app_template_category":[],"platform":"2302","template_public_id":"","codecanyon_url":"","codecanyon_item_id":"","codecanyon_price":"","pricing_caption":"","pricing_elfsight_apps_hide_column":"","pricing_elfsight_apps_url":"","pricing_codecanyon_price_caption":"","integration_category":[],"integration_request_title":"","integration_request_cta":"","integration_platform":"","integrations":[],"platform_category":[],"video_schema_markup":"","price":"desde $0 \/ mes","trial":"","benefits":[{"text":"Servicio de instalaci\u00f3n gratuito"},{"text":"Soporte premium"},{"text":"Garant\u00eda de reembolso de 14 d\u00edas"},{"text":"Actualizando constantemente"}],"button_url":"#demo","button_target_blank":"","button_nofollow":"","attributes":[{"name":"Instalaciones","content":"100,000 - 500,000"},{"name":"Sensible","content":"S\u00ed"},{"name":"Navegadores compatibles","content":"Firefox, Safari, Opera, Chrome, Edge"}],"tags":[],"tags_disable_links":"","hide_more_platforms":"","video_object":"","demo_hide_cta":"","demo_hide_cloud_options":"","pricing_title":"","pricing":[{"pricing_icon":"platform","pricing_title":"Elfsight Apps","pricing_title_caption":"Versi\u00f3n multiplataforma","pricing_price":"desde $0 \/ mes","pricing_price_caption":"comienza con el plan gratuito","pricing_benefits":[{"text":"Sitios web ilimitados"},{"text":"Soporte profesional de la empresa"},{"text":"Servicio de instalaci\u00f3n gratuito"},{"text":"Oferta especial para m\u00faltiples aplicaciones."}],"pricing_button_text":"A\u00f1adir al sitio web","pricing_button_url":"#demo"}],"related_apps_title":"","related_apps_hidden":"","author":"","image":[],"title":"","job":"","social_networks":[]},"_links":{"self":[{"href":"https:\/\/elfsight.com\/es\/wp-json\/wp\/v2\/pages\/15820","targetHints":{"allow":["GET"]}}],"collection":[{"href":"https:\/\/elfsight.com\/es\/wp-json\/wp\/v2\/pages"}],"about":[{"href":"https:\/\/elfsight.com\/es\/wp-json\/wp\/v2\/types\/page"}],"author":[{"embeddable":true,"href":"https:\/\/elfsight.com\/es\/wp-json\/wp\/v2\/users\/9"}],"replies":[{"embeddable":true,"href":"https:\/\/elfsight.com\/es\/wp-json\/wp\/v2\/comments?post=15820"}],"version-history":[{"count":3,"href":"https:\/\/elfsight.com\/es\/wp-json\/wp\/v2\/pages\/15820\/revisions"}],"predecessor-version":[{"id":17764,"href":"https:\/\/elfsight.com\/es\/wp-json\/wp\/v2\/pages\/15820\/revisions\/17764"}],"up":[{"embeddable":true,"href":"https:\/\/elfsight.com\/es\/wp-json\/wp\/v2\/pages\/1357"}],"wp:attachment":[{"href":"https:\/\/elfsight.com\/es\/wp-json\/wp\/v2\/media?parent=15820"}],"curies":[{"name":"wp","href":"https:\/\/api.w.org\/{rel}","templated":true}]}}