{"id":15819,"date":"2024-05-03T06:34:15","date_gmt":"2024-05-03T06:34:15","guid":{"rendered":"https:\/\/elfsight.com\/es\/?page_id=15819"},"modified":"2025-02-06T15:00:43","modified_gmt":"2025-02-06T15:00:43","slug":"webflow","status":"publish","type":"page","link":"https:\/\/elfsight.com\/es\/countdown-timer-widget\/webflow\/","title":{"rendered":"Countdown Timer &#8211; Webflow"},"content":{"rendered":"<div class=\"application-platform-content-item-description application-platform-content-item\" id=\"description\" data-nav-section=\"description\"><h2>Incrusta un Temporizador de Cuenta Regresiva en Webflow con el widget de Elfsight<\/h2><p>Configura contadores que promuevan ventas para tu sitio web con Elfsight Countdown Clock. Crea un ambiente de urgencia y genera una sensaci\u00f3n de escasez de tus productos, mostrando c\u00f3mo se venden r\u00e1pidamente ante los ojos de los visitantes. Con el tiempo corriendo hacia el final del per\u00edodo de oferta especial, tus visitantes sentir\u00e1n la urgencia de comprar. Atrae la atenci\u00f3n hacia tus pr\u00f3ximos eventos o promociones especiales y mant\u00e9n a los clientes ansiosos por el comienzo, <a href=\"https:\/\/elfsight.com\/blog\/the-best-countdown-timer-widget-for-webflow-how-to-add-it-to-website\/\" target=\"_blank\" rel=\"noopener\">a\u00f1adiendo un temporizador a Webflow<\/a>.<\/p><p><b>Crea entusiasmo de compra y empuja a los usuarios a comprar m\u00e1s.<\/b><\/p><p><b>Estimula a los compradores generando una sensaci\u00f3n de urgencia.<\/b><br> Incrusta temporizadores que mostrar\u00e1n el tiempo restante hasta el final de tu per\u00edodo de ventas y ofertas especiales. Crear\u00e1n una sensaci\u00f3n de urgencia y empujar\u00e1n a las personas a tomar una decisi\u00f3n de compra m\u00e1s r\u00e1pido.<\/p><p><b>Demuestra que el stock de los art\u00edculos est\u00e1 disminuyendo y aumenta el valor percibido de los productos.<\/b><br> Genera una sensaci\u00f3n de competencia mostrando que las ventas aumentan y el stock disminuye. El valor del producto se incrementar\u00e1 y los clientes querr\u00e1n comprarlo tambi\u00e9n.<\/p><p><b>Atrae m\u00e1s atenci\u00f3n a tu venta de temporada con una barra de temporizador de estilo festivo.<\/b><br> Las barras tem\u00e1ticas llamativas te ayudar\u00e1n a promover ofertas especiales y ventas. Aprovecha al m\u00e1ximo la temporada de vacaciones para aumentar las ventas en tu sitio.<\/p><\/div><div class=\"application-platform-content-item-features application-platform-content-item\" id=\"features\" data-nav-section=\"features\"><h2>Caracter\u00edsticas principales del widget de Temporizador de Cuenta Regresiva<\/h2><p>Nuestro Temporizador de Cuenta Regresiva para Webflow cuenta con configuraciones y ajustes que te ayudar\u00e1n a cumplir con los objetivos de tu negocio y mantener atractivo tu sitio web. Las caracter\u00edsticas m\u00e1s valoradas de este widget, que lo convierten en el mejor plugin para incrustar en Webflow, son:<\/p><ul><li>Contador ascendente y descendente;<\/li><li>Opci\u00f3n para abrir el enlace del bot\u00f3n en una nueva pesta\u00f1a;<\/li><li>Opci\u00f3n para desactivar cualquier unidad de tiempo;<\/li><li>5 temas festivos para las ocasiones m\u00e1s populares;<\/li><li>Tama\u00f1os personalizables del temporizador y el bot\u00f3n.<\/li><\/ul><p><a href=\"#demo\">Desc\u00fabrelas todas<\/a><\/p><\/div><div class=\"application-platform-content-item-installation application-platform-content-item\" id=\"installation\" data-nav-section=\"installation\"><h2>C\u00f3mo agregar un Temporizador de Cuenta Regresiva a un sitio web de Webflow<\/h2><div class=\"video-container\"><iframe width=\"720\" height=\"405\" src=\"https:\/\/www.youtube.com\/embed\/h5bZyE7Aads\" frameborder=\"0\" allowfullscreen=\"\"><\/iframe><\/div><p>Lee este manual conciso para configurar el Temporizador de Cuenta Regresiva sin necesidad de experiencia en desarrollo o contratar a un desarrollador externo. Solo te llevar\u00e1 unos minutos incrustar el plugin.<\/p><ol><li><b>Crea tu propio widget de cuenta regresiva<\/b>.<br> Mediante nuestro editor gratuito, genera un plugin con el aspecto y las funciones que desees.<\/li><li><b>Recibe el c\u00f3digo para configurar el plugin<\/b>.<br> Despu\u00e9s de ajustar el widget, obt\u00e9n el c\u00f3digo del plugin de cuenta regresiva desde la notificaci\u00f3n emergente en Elfsight Apps.<\/li><li><b>Muestra el plugin en tu sitio<\/b>.<br> Incrusta el plugin en el lugar deseado de la p\u00e1gina y publica los cambios.<\/li><li><b>\u00a1Listo!<\/b><br> Visita tu sitio para ver el plugin.<\/li><\/ol><p>Si necesitas ayuda con la creaci\u00f3n o incrustaci\u00f3n del plugin, nuestro equipo estar\u00e1 disponible para aconsejarte y ofrecerte una soluci\u00f3n, o consulta nuestra gu\u00eda sobre <a href=\"https:\/\/elfsight.com\/blog\/how-to-add-a-countdown-timer-to-webflow-for-free\/\" target=\"_blank\" rel=\"noopener noreferrer\">c\u00f3mo agregar temporizadores a Webflow<\/a>!<\/p><\/div><div class=\"faq\" data-component=\"FAQ\"><div class=\"faq-item\">\r\n\t\t\t\t\t<div class=\"faq-item-question\">\r\n\t\t\t\t\t\t<h3 class=\"faq-item-question-text\">\u00bfPuedo ver c\u00f3mo se ver\u00e1 el widget en un sitio web?<\/h3>\r\n\r\n\t\t\t\t\t\t<div class=\"faq-item-question-icon\"><\/div>\r\n\t\t\t\t\t<\/div>\r\n\r\n\t\t\t\t\t<div class=\"faq-item-answer\">\r\n\t\t\t\t\t\t<div class=\"faq-item-answer-text\"><p>\u00a1Por supuesto! Al desarrollar el plugin Temporizador para Webflow en el <a href=\"https:\/\/elfsight.com\/countdown-timer-widget\/create\">constructor de widgets en vivo gratuito<\/a>, podr\u00e1s ver todos los cambios en el lado derecho. Tu Temporizador se ver\u00e1 exactamente igual que en tu sitio Webflow. <\/p><\/div>\r\n\t\t\t\t\t<\/div>\r\n\t\t\t\t<\/div><div class=\"faq-item\">\r\n\t\t\t\t\t<div class=\"faq-item-question\">\r\n\t\t\t\t\t\t<h3 class=\"faq-item-question-text\">\u00bfQu\u00e9 otros widgets son esenciales para un sitio Webflow?<\/h3>\r\n\r\n\t\t\t\t\t\t<div class=\"faq-item-question-icon\"><\/div>\r\n\t\t\t\t\t<\/div>\r\n\r\n\t\t\t\t\t<div class=\"faq-item-answer\">\r\n\t\t\t\t\t\t<div class=\"faq-item-answer-text\"><p>Webflow es una plataforma que permite a cualquier persona crear cualquier tipo de sitio web sin necesidad de programar, y es una buena idea agregar widgets de Elfsight para mejorar la funcionalidad de los sitios web de Webflow.<\/p><p>Por ejemplo, el Creador de Formularios ser\u00e1 \u00fatil para recopilar comentarios e informaci\u00f3n esencial de los clientes, el banner de Consentimiento de Cookies y el widget de Popups te ayudar\u00e1n a hacer anuncios. Usando los widgets de Instagram Feed y Slider podr\u00e1s mostrar im\u00e1genes atractivas de tus productos. Tambi\u00e9n hay numerosos chats, soluciones de comercio electr\u00f3nico y formularios que te ayudar\u00e1n a aumentar las ventas y facilitar la comunicaci\u00f3n con los clientes.<\/p><\/div>\r\n\t\t\t\t\t<\/div>\r\n\t\t\t\t<\/div><\/div>","protected":false},"excerpt":{"rendered":"","protected":false},"author":9,"featured_media":0,"parent":1357,"menu_order":0,"comment_status":"closed","ping_status":"closed","template":"templates\/template-application-platform.php","meta":{"publish_to_discourse":"","publish_post_category":"","wpdc_auto_publish_overridden":"","wpdc_topic_tags":"","wpdc_pin_topic":"","wpdc_pin_until":"","discourse_post_id":"","discourse_permalink":"","wpdc_publishing_response":"","wpdc_publishing_error":"","footnotes":""},"class_list":["post-15819","page","type-page","status-publish","hentry"],"yoast_head":"<!-- This site is optimized with the Yoast SEO plugin v25.3.1 - https:\/\/yoast.com\/wordpress\/plugins\/seo\/ -->\n<title>Widget de temporizador de cuenta regresiva de Webflow: agregar temporizador de cuenta regresiva a Webflow [2025]<\/title>\n<meta name=\"description\" content=\"\u00a1Descubra un widget premium gratuito de temporizador de cuenta regresiva para el sitio web de Webflow! Cree un widget personal con la ayuda de Elfsight en solo 2 minutos.\" \/>\n<meta name=\"robots\" content=\"index, follow, max-snippet:-1, max-image-preview:large, max-video-preview:-1\" \/>\n<link rel=\"canonical\" href=\"https:\/\/elfsight.com\/es\/countdown-timer-widget\/webflow\/\" \/>\n<meta property=\"og:locale\" content=\"es_ES\" \/>\n<meta property=\"og:type\" content=\"article\" \/>\n<meta property=\"og:title\" content=\"Widget de temporizador de cuenta regresiva de Webflow: agregar temporizador de cuenta regresiva a Webflow [2025]\" \/>\n<meta property=\"og:description\" content=\"\u00a1Descubra un widget premium gratuito de temporizador de cuenta regresiva para el sitio web de Webflow! Cree un widget personal con la ayuda de Elfsight en solo 2 minutos.\" \/>\n<meta property=\"og:url\" content=\"https:\/\/elfsight.com\/es\/countdown-timer-widget\/webflow\/\" \/>\n<meta property=\"og:site_name\" content=\"Elfsight ES\" \/>\n<meta property=\"article:modified_time\" content=\"2025-02-06T15:00:43+00:00\" \/>\n<meta name=\"twitter:card\" content=\"summary_large_image\" \/>\n<meta name=\"twitter:label1\" content=\"Tiempo de lectura\" \/>\n\t<meta name=\"twitter:data1\" content=\"4 minutos\" \/>\n<!-- \/ Yoast SEO plugin. -->","yoast_head_json":{"title":"Widget de temporizador de cuenta regresiva de Webflow: agregar temporizador de cuenta regresiva a Webflow [2025]","description":"\u00a1Descubra un widget premium gratuito de temporizador de cuenta regresiva para el sitio web de Webflow! Cree un widget personal con la ayuda de Elfsight en solo 2 minutos.","robots":{"index":"index","follow":"follow","max-snippet":"max-snippet:-1","max-image-preview":"max-image-preview:large","max-video-preview":"max-video-preview:-1"},"canonical":"https:\/\/elfsight.com\/es\/countdown-timer-widget\/webflow\/","og_locale":"es_ES","og_type":"article","og_title":"Widget de temporizador de cuenta regresiva de Webflow: agregar temporizador de cuenta regresiva a Webflow [2025]","og_description":"\u00a1Descubra un widget premium gratuito de temporizador de cuenta regresiva para el sitio web de Webflow! Cree un widget personal con la ayuda de Elfsight en solo 2 minutos.","og_url":"https:\/\/elfsight.com\/es\/countdown-timer-widget\/webflow\/","og_site_name":"Elfsight ES","article_modified_time":"2025-02-06T15:00:43+00:00","twitter_card":"summary_large_image","twitter_misc":{"Tiempo de lectura":"4 minutos"},"schema":{"@context":"https:\/\/schema.org","@graph":[{"@type":"WebPage","@id":"https:\/\/elfsight.com\/es\/countdown-timer-widget\/webflow\/","url":"https:\/\/elfsight.com\/es\/countdown-timer-widget\/webflow\/","name":"Widget de temporizador de cuenta regresiva de Webflow: agregar temporizador de cuenta regresiva a Webflow [2025]","isPartOf":{"@id":"https:\/\/elfsight.com\/es\/#website"},"datePublished":"2024-05-03T06:34:15+00:00","dateModified":"2025-02-06T15:00:43+00:00","description":"\u00a1Descubra un widget premium gratuito de temporizador de cuenta regresiva para el sitio web de Webflow! Cree un widget personal con la ayuda de Elfsight en solo 2 minutos.","breadcrumb":{"@id":"https:\/\/elfsight.com\/es\/countdown-timer-widget\/webflow\/#breadcrumb"},"inLanguage":"es","potentialAction":[{"@type":"ReadAction","target":["https:\/\/elfsight.com\/es\/countdown-timer-widget\/webflow\/"]}]},{"@type":"BreadcrumbList","@id":"https:\/\/elfsight.com\/es\/countdown-timer-widget\/webflow\/#breadcrumb","itemListElement":[{"@type":"ListItem","position":1,"name":"Home","item":"https:\/\/elfsight.com\/es\/"},{"@type":"ListItem","position":2,"name":"Countdown Timer","item":"https:\/\/elfsight.com\/es\/countdown-timer-widget\/"},{"@type":"ListItem","position":3,"name":"Countdown Timer &#8211; Webflow"}]},{"@type":"WebSite","@id":"https:\/\/elfsight.com\/es\/#website","url":"https:\/\/elfsight.com\/es\/","name":"Elfsight ES","description":"Just another Elfsight Sites site","potentialAction":[{"@type":"SearchAction","target":{"@type":"EntryPoint","urlTemplate":"https:\/\/elfsight.com\/es\/?s={search_term_string}"},"query-input":{"@type":"PropertyValueSpecification","valueRequired":true,"valueName":"search_term_string"}}],"inLanguage":"es"}]}},"meta_box":{"industry":"","seo_heading":"","heading":"","description":"","cta_heading":"","cta_description":"","application":"1356","h1":"Widget de Temporizador de Cuenta Regresiva para Webflow","h1_caption":"Configure una cuenta regresiva para eventos o promociones importantes, creando una sensaci\u00f3n de urgencia para sus visitantes en su sitio web Webflow sin esfuerzo.","application_category":[],"applications_title":"","applications_request_title":"","applications_request_button_text":"","hero_text":"","hero_video":"","hero_video_schema_markup":"","selling_points_title":"","selling_points_caption":"","selling_points":[],"selling_points_cta_text":"","features_title":"","features":"","ed_cta_examples_text":"","ed_cta_examples_hidden":"","ed_cta_demo_text":"","ed_cta_demo_hidden":"","why_caption":"","why_editor_title":"","why_editor_text":"","why_team_title":"","why_team_text":"","why_service_title":"","why_service_text":"","template_catalog_visible":"0","template_catalog_title":"","template_catalog_text":"","template_catalog_categories_visible":"","demo_title":"Crea tu widget de temporizador de cuenta regresiva","demo_caption":"\u00a1Configure su temporizador de cuenta regresiva y agr\u00e9guelo a su sitio web Webflow gratis!","default_faq_hidden":"","app_template_category":[],"platform":"106","template_public_id":"","codecanyon_url":"","codecanyon_item_id":"","codecanyon_price":"","pricing_caption":"","pricing_elfsight_apps_hide_column":"","pricing_elfsight_apps_url":"","pricing_codecanyon_price_caption":"","integration_category":[],"integration_request_title":"","integration_request_cta":"","integration_platform":"","integrations":[],"platform_category":[],"video_schema_markup":"","price":"desde $0 \/ mes","trial":"","benefits":[{"text":"Servicio de instalaci\u00f3n gratuito"},{"text":"Atenci\u00f3n al cliente competente"},{"text":"Garant\u00eda de reembolso de 14 d\u00edas"},{"text":"Actualizando constantemente"}],"button_url":"#demo","button_target_blank":"0","button_nofollow":"0","attributes":[{"name":"Instalaciones","content":"100,000 - 500,000"},{"name":"Sensible","content":"S\u00ed"},{"name":"Navegadores compatibles","content":"Edge, Firefox, Safari, Chrome, Opera"}],"tags":[],"tags_disable_links":"0","hide_more_platforms":"","video_object":"","demo_hide_cta":"0","demo_hide_cloud_options":"0","pricing_title":"","pricing":[{"pricing_icon":"platform","pricing_title":"Elfsight Apps","pricing_title_caption":"Soluci\u00f3n digital multiplataforma que se adapta a cualquier sitio web","pricing_price":"desde $0 \/ mes","pricing_price_caption":"comienza con el plan gratuito","pricing_benefits":[{"text":"Sitios web ilimitados"},{"text":"Atenci\u00f3n al cliente premium"},{"text":"Ayuda de instalaci\u00f3n gratuita"},{"text":"Dise\u00f1o flexible"}],"pricing_button_text":"A\u00f1adir al sitio web","pricing_button_url":"#demo"}],"related_apps_title":"","related_apps_hidden":"0","author":"","image":[],"title":"","job":"","social_networks":[]},"_links":{"self":[{"href":"https:\/\/elfsight.com\/es\/wp-json\/wp\/v2\/pages\/15819","targetHints":{"allow":["GET"]}}],"collection":[{"href":"https:\/\/elfsight.com\/es\/wp-json\/wp\/v2\/pages"}],"about":[{"href":"https:\/\/elfsight.com\/es\/wp-json\/wp\/v2\/types\/page"}],"author":[{"embeddable":true,"href":"https:\/\/elfsight.com\/es\/wp-json\/wp\/v2\/users\/9"}],"replies":[{"embeddable":true,"href":"https:\/\/elfsight.com\/es\/wp-json\/wp\/v2\/comments?post=15819"}],"version-history":[{"count":2,"href":"https:\/\/elfsight.com\/es\/wp-json\/wp\/v2\/pages\/15819\/revisions"}],"predecessor-version":[{"id":16098,"href":"https:\/\/elfsight.com\/es\/wp-json\/wp\/v2\/pages\/15819\/revisions\/16098"}],"up":[{"embeddable":true,"href":"https:\/\/elfsight.com\/es\/wp-json\/wp\/v2\/pages\/1357"}],"wp:attachment":[{"href":"https:\/\/elfsight.com\/es\/wp-json\/wp\/v2\/media?parent=15819"}],"curies":[{"name":"wp","href":"https:\/\/api.w.org\/{rel}","templated":true}]}}