{"id":15817,"date":"2024-05-03T06:34:10","date_gmt":"2024-05-03T06:34:10","guid":{"rendered":"https:\/\/elfsight.com\/es\/?page_id=15817"},"modified":"2025-11-19T15:11:09","modified_gmt":"2025-11-19T15:11:09","slug":"shopify","status":"publish","type":"page","link":"https:\/\/elfsight.com\/es\/countdown-timer-widget\/shopify\/","title":{"rendered":"Countdown Timer &#8211; Shopify"},"content":{"rendered":"<div class=\"application-platform-content-item-description application-platform-content-item\" id=\"description\" data-nav-section=\"description\"><h2>Incrusta un Temporizador de Cuenta Regresiva en Shopify con el widget de Elfsight<\/h2><p>Usa la aplicaci\u00f3n de cuenta regresiva de Elfsight para dise\u00f1ar diversos contadores y temporizadores que motiven a los visitantes a comprar m\u00e1s r\u00e1pido y en mayor cantidad. Un contador de stock o ventas generar\u00e1 una sensaci\u00f3n de escasez y competencia; una cuenta regresiva de ofertas inspirar\u00e1 a los usuarios a comprar antes de que pierdan una oferta rentable. Un contador individual estimular\u00e1 a cada cliente a usar una oferta personal m\u00e1s r\u00e1pido; las barras de venta festivas atraer\u00e1n la m\u00e1xima atenci\u00f3n gracias a su estilo tem\u00e1tico brillante.<\/p><p><b>Impulsa tus ventas en la web con temporizadores y contadores que generan urgencia.<\/b><\/p><p><b>Inspira a los clientes a comprar creando una sensaci\u00f3n de urgencia.<\/b><br>Configura temporizadores que cuenten el tiempo hasta el final de tus ofertas y promociones especiales. Generar\u00e1n una sensaci\u00f3n de urgencia y motivar\u00e1n a la audiencia a tomar una decisi\u00f3n de compra m\u00e1s r\u00e1pido.<\/p><p><b>Demuestra que el stock est\u00e1 disminuyendo r\u00e1pidamente para aumentar el valor percibido de los productos.<\/b><br>Demuestra que tus ofertas son populares y que el stock se est\u00e1 reduciendo r\u00e1pidamente, con un contador especial de existencias. Esto har\u00e1 que los usuarios valoren m\u00e1s los art\u00edculos y quieran adquirirlos tambi\u00e9n.<\/p><p><b>Atrae m\u00e1s atenci\u00f3n a tu venta de temporada con una barra de cuenta regresiva tem\u00e1tica llamativa.<\/b><br>Configura una atractiva barra de ventas con tem\u00e1tica festiva. Crear\u00e1 una atm\u00f3sfera de celebraci\u00f3n y promover\u00e1 tus ofertas especiales para ayudarte a aumentar las ventas durante la temporada m\u00e1s rentable.<\/p><\/div><div class=\"application-platform-content-item-features application-platform-content-item\" id=\"features\" data-nav-section=\"features\"><h2>Caracter\u00edsticas principales del widget de Temporizador de Cuenta Regresiva<\/h2><p>El Temporizador de Cuenta Regresiva de Shopify es excelente debido a sus configuraciones flexibles que ayudan a las empresas en diversas situaciones. Descubre qu\u00e9 caracter\u00edsticas hacen que Elfsight Countdown sea la aplicaci\u00f3n m\u00e1s valiosa para cada sitio de Shopify.<\/p><ul><li>Dos acciones al finalizar el temporizador: ocultar el temporizador o mostrar un mensaje;<\/li><li>Texto del bot\u00f3n editable;<\/li><li>Etiquetas de unidad de tiempo editables;<\/li><li>Opci\u00f3n para cambiar el color del temporizador, bot\u00f3n, etiquetas y mensaje;<\/li><li>Tama\u00f1os personalizables del temporizador y el bot\u00f3n.<\/li><\/ul><a href=\"#demo\">M\u00e1s caracter\u00edsticas en el editor de Elfsight<\/a><\/div><div class=\"application-platform-content-item-installation application-platform-content-item\" id=\"installation\" data-nav-section=\"installation\"><h2>C\u00f3mo agregar un Temporizador de Cuenta Regresiva a un sitio web de Shopify<\/h2><div class=\"video-container\">\n<iframe width=\"720\" height=\"405\" src=\"https:\/\/www.youtube.com\/embed\/zv0oZ4POvzw?si=XtxMJURalda9-8wC\" frameborder=\"0\" allowfullscreen=\"\"><\/iframe>\n<\/div><p>La duraci\u00f3n total de la instalaci\u00f3n es de solo 80 segundos, adem\u00e1s no necesitas experiencia en programaci\u00f3n web para obtener tu Temporizador de Cuenta Regresiva personalizado en Shopify.<\/p><ol><li><b>Abre nuestro editor gratuito y comienza a formar tu propia aplicaci\u00f3n. <\/b><br>Encuentra el dise\u00f1o y los aspectos preferidos de la aplicaci\u00f3n y aplica todas las correcciones. <\/li>  <li><b>Recibe tu c\u00f3digo \u00fanico revelado en la caja de Elfsight Apps. <\/b><br>Cuando la creaci\u00f3n de tu aplicaci\u00f3n est\u00e9 lista, copia el c\u00f3digo personal de la ventana emergente y gu\u00e1rdalo para su uso futuro. <\/li>  <li><b>Inicia la aplicaci\u00f3n en el sitio web de Shopify. <\/b><br>Implementa el c\u00f3digo guardado en tu p\u00e1gina y aplica las correcciones. <\/li>  <li><b>\u00a1Listo! La configuraci\u00f3n est\u00e1 completamente finalizada. <\/b><br> Abre tu sitio web para comprobar el funcionamiento de la aplicaci\u00f3n. <\/li><\/ol><p>\u00bfTienes alg\u00fan problema con la instalaci\u00f3n o personalizaci\u00f3n del widget? Escr\u00edbenos un mensaje a nuestro equipo de soporte o consulta nuestros <a href=\"https:\/\/elfsight.com\/blog\/how-to-add-countdown-timer-to-shopify-for-free\/\" target=\"_blank\" rel=\"noopener noreferrer\">tutoriales sobre c\u00f3mo agregar el Temporizador de Cuenta Regresiva a Shopify<\/a>.<\/p><\/div><div class=\"faq\" data-component=\"FAQ\"><div class=\"faq-item\">\r\n\t\t\t\t\t<div class=\"faq-item-question\">\r\n\t\t\t\t\t\t<h3 class=\"faq-item-question-text\">Los mejores ejemplos de uso de la integraci\u00f3n de Countdown Clock<\/h3>\r\n\r\n\t\t\t\t\t\t<div class=\"faq-item-question-icon\"><\/div>\r\n\t\t\t\t\t<\/div>\r\n\r\n\t\t\t\t\t<div class=\"faq-item-answer\">\r\n\t\t\t\t\t\t<div class=\"faq-item-answer-text\"><p>Te ofrecemos una amplia gama de oportunidades de personalizaci\u00f3n: widgets a escala completa para insertar en el \u00e1rea de contenido, widgets flotantes con funci\u00f3n de desplazamiento, miniaturas para el pie de p\u00e1gina, la secci\u00f3n de encabezado y todo tipo de opciones verticales para barras laterales y men\u00fas.<\/p><\/div>\r\n\t\t\t\t\t<\/div>\r\n\t\t\t\t<\/div><div class=\"faq-item\">\r\n\t\t\t\t\t<div class=\"faq-item-question\">\r\n\t\t\t\t\t\t<h3 class=\"faq-item-question-text\">\u00bfEs posible crear un Contador Fomo o un temporizador de Escasez a trav\u00e9s de su editor?<\/h3>\r\n\r\n\t\t\t\t\t\t<div class=\"faq-item-question-icon\"><\/div>\r\n\t\t\t\t\t<\/div>\r\n\r\n\t\t\t\t\t<div class=\"faq-item-answer\">\r\n\t\t\t\t\t\t<div class=\"faq-item-answer-text\"><p>Puedes configurar cualquier modificaci\u00f3n del widget. Hay una gran cantidad de dise\u00f1os disponibles en el editor, y todos pueden ajustarse r\u00e1pidamente a tus necesidades.<\/p><\/div>\r\n\t\t\t\t\t<\/div>\r\n\t\t\t\t<\/div><\/div>","protected":false},"excerpt":{"rendered":"","protected":false},"author":9,"featured_media":0,"parent":1357,"menu_order":0,"comment_status":"closed","ping_status":"closed","template":"templates\/template-application-platform.php","meta":{"publish_to_discourse":"","publish_post_category":"","wpdc_auto_publish_overridden":"","wpdc_topic_tags":"","wpdc_pin_topic":"","wpdc_pin_until":"","discourse_post_id":"","discourse_permalink":"","wpdc_publishing_response":"","wpdc_publishing_error":"","footnotes":""},"class_list":["post-15817","page","type-page","status-publish","hentry"],"yoast_head":"<!-- This site is optimized with the Yoast SEO plugin v25.3.1 - https:\/\/yoast.com\/wordpress\/plugins\/seo\/ -->\n<title>Widget de temporizador de cuenta regresiva de Shopify: agregue un temporizador de cuenta regresiva al sitio web de Shopify [ 2025 ]<\/title>\n<meta name=\"description\" content=\"Aprende c\u00f3mo agregar un temporizador de cuenta regresiva a Shopify de forma gratuita. Utilice la mejor aplicaci\u00f3n de temporizador de Shopify para agregar urgencia a la venta de productos en su sitio web.\" \/>\n<meta name=\"robots\" content=\"index, follow, max-snippet:-1, max-image-preview:large, max-video-preview:-1\" \/>\n<link rel=\"canonical\" href=\"https:\/\/elfsight.com\/es\/countdown-timer-widget\/shopify\/\" \/>\n<meta property=\"og:locale\" content=\"es_ES\" \/>\n<meta property=\"og:type\" content=\"article\" \/>\n<meta property=\"og:title\" content=\"Widget de temporizador de cuenta regresiva de Shopify: agregue un temporizador de cuenta regresiva al sitio web de Shopify [ 2025 ]\" \/>\n<meta property=\"og:description\" content=\"Aprende c\u00f3mo agregar un temporizador de cuenta regresiva a Shopify de forma gratuita. Utilice la mejor aplicaci\u00f3n de temporizador de Shopify para agregar urgencia a la venta de productos en su sitio web.\" \/>\n<meta property=\"og:url\" content=\"https:\/\/elfsight.com\/es\/countdown-timer-widget\/shopify\/\" \/>\n<meta property=\"og:site_name\" content=\"Elfsight ES\" \/>\n<meta property=\"article:modified_time\" content=\"2025-11-19T15:11:09+00:00\" \/>\n<meta name=\"twitter:card\" content=\"summary_large_image\" \/>\n<meta name=\"twitter:label1\" content=\"Tiempo de lectura\" \/>\n\t<meta name=\"twitter:data1\" content=\"3 minutos\" \/>\n<!-- \/ Yoast SEO plugin. -->","yoast_head_json":{"title":"Widget de temporizador de cuenta regresiva de Shopify: agregue un temporizador de cuenta regresiva al sitio web de Shopify [ 2025 ]","description":"Aprende c\u00f3mo agregar un temporizador de cuenta regresiva a Shopify de forma gratuita. Utilice la mejor aplicaci\u00f3n de temporizador de Shopify para agregar urgencia a la venta de productos en su sitio web.","robots":{"index":"index","follow":"follow","max-snippet":"max-snippet:-1","max-image-preview":"max-image-preview:large","max-video-preview":"max-video-preview:-1"},"canonical":"https:\/\/elfsight.com\/es\/countdown-timer-widget\/shopify\/","og_locale":"es_ES","og_type":"article","og_title":"Widget de temporizador de cuenta regresiva de Shopify: agregue un temporizador de cuenta regresiva al sitio web de Shopify [ 2025 ]","og_description":"Aprende c\u00f3mo agregar un temporizador de cuenta regresiva a Shopify de forma gratuita. Utilice la mejor aplicaci\u00f3n de temporizador de Shopify para agregar urgencia a la venta de productos en su sitio web.","og_url":"https:\/\/elfsight.com\/es\/countdown-timer-widget\/shopify\/","og_site_name":"Elfsight ES","article_modified_time":"2025-11-19T15:11:09+00:00","twitter_card":"summary_large_image","twitter_misc":{"Tiempo de lectura":"3 minutos"},"schema":{"@context":"https:\/\/schema.org","@graph":[{"@type":"WebPage","@id":"https:\/\/elfsight.com\/es\/countdown-timer-widget\/shopify\/","url":"https:\/\/elfsight.com\/es\/countdown-timer-widget\/shopify\/","name":"Widget de temporizador de cuenta regresiva de Shopify: agregue un temporizador de cuenta regresiva al sitio web de Shopify [ 2025 ]","isPartOf":{"@id":"https:\/\/elfsight.com\/es\/#website"},"datePublished":"2024-05-03T06:34:10+00:00","dateModified":"2025-11-19T15:11:09+00:00","description":"Aprende c\u00f3mo agregar un temporizador de cuenta regresiva a Shopify de forma gratuita. Utilice la mejor aplicaci\u00f3n de temporizador de Shopify para agregar urgencia a la venta de productos en su sitio web.","breadcrumb":{"@id":"https:\/\/elfsight.com\/es\/countdown-timer-widget\/shopify\/#breadcrumb"},"inLanguage":"es","potentialAction":[{"@type":"ReadAction","target":["https:\/\/elfsight.com\/es\/countdown-timer-widget\/shopify\/"]}]},{"@type":"BreadcrumbList","@id":"https:\/\/elfsight.com\/es\/countdown-timer-widget\/shopify\/#breadcrumb","itemListElement":[{"@type":"ListItem","position":1,"name":"Home","item":"https:\/\/elfsight.com\/es\/"},{"@type":"ListItem","position":2,"name":"Countdown Timer","item":"https:\/\/elfsight.com\/es\/countdown-timer-widget\/"},{"@type":"ListItem","position":3,"name":"Countdown Timer &#8211; Shopify"}]},{"@type":"WebSite","@id":"https:\/\/elfsight.com\/es\/#website","url":"https:\/\/elfsight.com\/es\/","name":"Elfsight ES","description":"Just another Elfsight Sites site","potentialAction":[{"@type":"SearchAction","target":{"@type":"EntryPoint","urlTemplate":"https:\/\/elfsight.com\/es\/?s={search_term_string}"},"query-input":{"@type":"PropertyValueSpecification","valueRequired":true,"valueName":"search_term_string"}}],"inLanguage":"es"}]}},"meta_box":{"industry":"","seo_heading":"","heading":"","description":"","cta_heading":"","cta_description":"","application":"1356","h1":"Aplicaci\u00f3n Temporizador de Cuenta Regresiva para Shopify","h1_caption":"Configura una cuenta regresiva para eventos o promociones importantes, creando una sensaci\u00f3n de urgencia para tus visitantes en tu sitio web de Shopify sin esfuerzo.","application_category":[],"applications_title":"","applications_request_title":"","applications_request_button_text":"","hero_text":"","hero_video":"","hero_video_schema_markup":"","selling_points_title":"","selling_points_caption":"","selling_points":[],"selling_points_cta_text":"","features_title":"","features":"","ed_cta_examples_text":"","ed_cta_examples_hidden":"","ed_cta_demo_text":"","ed_cta_demo_hidden":"","why_caption":"","why_editor_title":"","why_editor_text":"","why_team_title":"","why_team_text":"","why_service_title":"","why_service_text":"","template_catalog_visible":"0","template_catalog_title":"","template_catalog_text":"","template_catalog_categories_visible":"","demo_title":"Crea tu aplicaci\u00f3n de temporizador de cuenta regresiva","demo_caption":"\u00a1Configura tu temporizador de cuenta regresiva y agr\u00e9galo a tu sitio web Shopify gratis!","default_faq_hidden":"","app_template_category":[],"platform":"91","template_public_id":"","codecanyon_url":"","codecanyon_item_id":"","codecanyon_price":"","pricing_caption":"","pricing_elfsight_apps_hide_column":"","pricing_elfsight_apps_url":"","pricing_codecanyon_price_caption":"","integration_category":[],"integration_request_title":"","integration_request_cta":"","integration_platform":"","integrations":[],"platform_category":[],"video_schema_markup":"","price":"desde $0 \/ mes","trial":"","benefits":[{"text":"Servicio de instalaci\u00f3n gratuito"},{"text":"Soporte premium"},{"text":"Garant\u00eda de devoluci\u00f3n de dinero de 14 d\u00edas"},{"text":"Actualizaciones gratuitas continuas"}],"button_url":"#demo","button_target_blank":"0","button_nofollow":"0","attributes":[{"name":"Instalaciones","content":"100,000 - 500,000"},{"name":"Sensible","content":"S\u00ed"},{"name":"Navegadores compatibles","content":"Firefox, Safari, Opera, Chrome, Edge"}],"tags":[],"tags_disable_links":"0","hide_more_platforms":"0","video_object":"","demo_hide_cta":"0","demo_hide_cloud_options":"0","pricing_title":"","pricing":[{"pricing_icon":"cloud","pricing_title":"Elfsight Apps","pricing_title_caption":"Versi\u00f3n multiplataforma que funciona en cualquier sitio web.","pricing_price":"desde $0 \/ mes","pricing_price_caption":"comienza con el plan gratuito","pricing_benefits":[{"text":"Sitios web ilimitados"},{"text":"Soporte premium"},{"text":"Servicio de instalaci\u00f3n gratuito"},{"text":"Oferta especial para m\u00faltiples aplicaciones."}],"pricing_button_text":"A\u00f1adir al sitio web","pricing_button_url":"#demo"}],"related_apps_title":"","related_apps_hidden":"0","author":"","image":[],"title":"","job":"","social_networks":[]},"_links":{"self":[{"href":"https:\/\/elfsight.com\/es\/wp-json\/wp\/v2\/pages\/15817","targetHints":{"allow":["GET"]}}],"collection":[{"href":"https:\/\/elfsight.com\/es\/wp-json\/wp\/v2\/pages"}],"about":[{"href":"https:\/\/elfsight.com\/es\/wp-json\/wp\/v2\/types\/page"}],"author":[{"embeddable":true,"href":"https:\/\/elfsight.com\/es\/wp-json\/wp\/v2\/users\/9"}],"replies":[{"embeddable":true,"href":"https:\/\/elfsight.com\/es\/wp-json\/wp\/v2\/comments?post=15817"}],"version-history":[{"count":3,"href":"https:\/\/elfsight.com\/es\/wp-json\/wp\/v2\/pages\/15817\/revisions"}],"predecessor-version":[{"id":19995,"href":"https:\/\/elfsight.com\/es\/wp-json\/wp\/v2\/pages\/15817\/revisions\/19995"}],"up":[{"embeddable":true,"href":"https:\/\/elfsight.com\/es\/wp-json\/wp\/v2\/pages\/1357"}],"wp:attachment":[{"href":"https:\/\/elfsight.com\/es\/wp-json\/wp\/v2\/media?parent=15817"}],"curies":[{"name":"wp","href":"https:\/\/api.w.org\/{rel}","templated":true}]}}