{"id":15812,"date":"2024-05-03T06:34:11","date_gmt":"2024-05-03T06:34:11","guid":{"rendered":"https:\/\/elfsight.com\/es\/?page_id=15812"},"modified":"2025-02-06T15:00:51","modified_gmt":"2025-02-06T15:00:51","slug":"opencart","status":"publish","type":"page","link":"https:\/\/elfsight.com\/es\/countdown-timer-widget\/opencart\/","title":{"rendered":"Countdown Timer &#8211; OpenCart"},"content":{"rendered":"<div class=\"application-platform-content-item-description application-platform-content-item\" id=\"description\" data-nav-section=\"description\"><h2>Descripci\u00f3n<\/h2><p>Puedes utilizar la extensi\u00f3n Elfsight Countdown para dise\u00f1ar tus propios contadores y temporizadores, que animar\u00e1n a los clientes a comprar m\u00e1s en tu sitio web. El conteo de existencias o ventas generar\u00e1 una sensaci\u00f3n de disponibilidad limitada y competencia; el temporizador de la venta impulsar\u00e1 a los compradores a comprar antes de que la oferta termine. Un temporizador individual alentar\u00e1 a cada cliente a aprovechar su oferta personal r\u00e1pidamente; los banners de ventas navide\u00f1as atraer\u00e1n m\u00e1s atenci\u00f3n a tus productos gracias a la decoraci\u00f3n tem\u00e1tica.<\/p><p><b>Aumenta el entusiasmo por las compras y anima a los visitantes a comprar m\u00e1s.<\/b><\/p><p><b>Inspira a tu audiencia a comprar en tu sitio generando una sensaci\u00f3n de urgencia.<\/b><br> Haz que tu audiencia sienta el miedo de perder tu oferta o venta rentable con el tiempo corriendo hacia el final de la oferta. Esto har\u00e1 que los usuarios compren m\u00e1s r\u00e1pido y aumentar\u00e1 las ventas en tu sitio web.<\/p><p><b>Demuestra c\u00f3mo el stock se va agotando para aumentar el valor de los productos.<\/b><br> Crea una sensaci\u00f3n de competencia por tus ofertas mostrando c\u00f3mo el n\u00famero de compras aumenta y el stock disminuye. El valor percibido de los productos crecer\u00e1 y los clientes querr\u00e1n comprarlos tambi\u00e9n.<\/p><p><b>Atrae m\u00e1s atenci\u00f3n a tus ventas mediante una barra de temporizador de estilo festivo brillante.<\/b><br> Con la ayuda de barras tem\u00e1ticas llamativas, puedes mostrar tus ofertas especiales y ventas estacionales. Aprovecha al m\u00e1ximo la temporada alta para aumentar las ventas en tu sitio.<\/p><\/div><div class=\"application-platform-content-item-features application-platform-content-item\" id=\"features\" data-nav-section=\"features\"><h2>Caracter\u00edsticas<\/h2><p>Aqu\u00ed est\u00e1n las caracter\u00edsticas que hacen de nuestra extensi\u00f3n una opci\u00f3n \u00f3ptima para un sitio OpenCart:<\/p><ul><li>Contador ascendente y descendente;<\/li><li>Texto editable del bot\u00f3n;<\/li><li>Texto editable del mensaje al finalizar el temporizador;<\/li><li>Opci\u00f3n para cambiar el color del temporizador, bot\u00f3n, etiquetas y mensaje;<\/li><li>Dise\u00f1o limpio que asegura una integraci\u00f3n perfecta en cualquier concepto de sitio web.<\/li><\/ul><a href=\"#demo\">\u00a1Descubre todas las ventajas en la demo!<\/a><\/div><div class=\"application-platform-content-item-installation application-platform-content-item\" id=\"installation\" data-nav-section=\"installation\"><h2>C\u00f3mo agregar un Temporizador de Cuenta Regresiva a un sitio web OpenCart<\/h2><p>S\u00f3lo sigue las pautas a continuaci\u00f3n para integrar la herramienta en OpenCart.<\/p> <ol><li><b>Utiliza nuestro configurador gratuito y comienza a crear tu propio widget.<\/b><br> Encuentra la interfaz y las opciones preferidas del widget y aplica las modificaciones.<\/li>  <li><b>Copia tu c\u00f3digo individual mostrado en la ventana de Elfsight Apps.<\/b><br> Despu\u00e9s de configurar tu Temporizador de Cuenta Regresiva, copia el c\u00f3digo personal que aparece en la ventana emergente y gu\u00e1rdalo para su uso futuro.<\/li>  <li><b>Comienza a usar el widget en tu sitio web OpenCart.<\/b><br> Pega el c\u00f3digo que copiaste previamente en tu p\u00e1gina y aplica los cambios.<\/li>  <li><b>\u00a1Listo! La integraci\u00f3n se ha completado con \u00e9xito.<\/b><br> Visita tu p\u00e1gina para ver el rendimiento del widget.<\/li><\/ol> <p>Si tienes problemas para crear o configurar la extensi\u00f3n, puedes contactar a nuestro equipo de soporte. O intenta leer nuestra <a href=\"https:\/\/elfsight.com\/tutorials\/how-to-add-countdown-timer-to-opencart\/\" target=\"_blank\" rel=\"noopener noreferrer\">gu\u00eda detallada<\/a>.<\/p><div class=\"faq\" data-component=\"FAQ\"> <div class=\"faq-item\">\r\n\t\t\t\t\t<div class=\"faq-item-question\">\r\n\t\t\t\t\t\t<h3 class=\"faq-item-question-text\">\u00bfC\u00f3mo agregar un Temporizador de Cuenta Regresiva a mi sitio web OpenCart sin conocimientos de programaci\u00f3n?<\/h3>\r\n\r\n\t\t\t\t\t\t<div class=\"faq-item-question-icon\"><\/div>\r\n\t\t\t\t\t<\/div>\r\n\r\n\t\t\t\t\t<div class=\"faq-item-answer\">\r\n\t\t\t\t\t\t<div class=\"faq-item-answer-text\"> <p>Elfsight ofrece una soluci\u00f3n SaaS que te permite crear un widget de Temporizador de Cuenta Regresiva por ti mismo, ve lo f\u00e1cil que es el proceso: Trabaja directamente en el Editor en l\u00ednea para crear un widget de Temporizador de Cuenta Regresiva que te gustar\u00eda ver en tu sitio web OpenCart. Elige una de las plantillas predise\u00f1adas y ajusta la configuraci\u00f3n del Temporizador de Cuenta Regresiva, a\u00f1ade tu contenido, cambia el dise\u00f1o y el esquema de colores sin necesidad de conocimientos de programaci\u00f3n. Guarda el Temporizador de Cuenta Regresiva y copia su c\u00f3digo de instalaci\u00f3n, que podr\u00e1s incluir f\u00e1cilmente en tu sitio web OpenCart sin necesidad de comprar una suscripci\u00f3n de pago. Con nuestro Editor intuitivo, cualquier usuario de Internet puede crear un widget de Temporizador de Cuenta Regresiva en l\u00ednea e insertarlo f\u00e1cilmente en su sitio web OpenCart. No es necesario pagar ni ingresar los datos de tu tarjeta para acceder al servicio. Si tienes problemas en alg\u00fan paso, no dudes en contactar a nuestro equipo de soporte t\u00e9cnico.<\/p> <\/div>\r\n\t\t\t\t\t<\/div>\r\n\t\t\t\t<\/div> <\/div> <\/div>","protected":false},"excerpt":{"rendered":"","protected":false},"author":9,"featured_media":0,"parent":1357,"menu_order":0,"comment_status":"closed","ping_status":"closed","template":"templates\/template-application-platform.php","meta":{"publish_to_discourse":"","publish_post_category":"","wpdc_auto_publish_overridden":"","wpdc_topic_tags":"","wpdc_pin_topic":"","wpdc_pin_until":"","discourse_post_id":"","discourse_permalink":"","wpdc_publishing_response":"","wpdc_publishing_error":"","footnotes":""},"class_list":["post-15812","page","type-page","status-publish","hentry"],"yoast_head":"<!-- This site is optimized with the Yoast SEO plugin v25.3.1 - https:\/\/yoast.com\/wordpress\/plugins\/seo\/ -->\n<title>La mejor extensi\u00f3n OpenCart Countdown Timer para sitio web (2026)<\/title>\n<meta name=\"description\" content=\"Pruebe la extensi\u00f3n Elfsight Countdown Timer para OpenCart ahora mismo. \u00a1Crea \u00edconos dise\u00f1ados individualmente para tu sitio web en solo un par de minutos!\" \/>\n<meta name=\"robots\" content=\"index, follow, max-snippet:-1, max-image-preview:large, max-video-preview:-1\" \/>\n<link rel=\"canonical\" href=\"https:\/\/elfsight.com\/es\/countdown-timer-widget\/opencart\/\" \/>\n<meta property=\"og:locale\" content=\"es_ES\" \/>\n<meta property=\"og:type\" content=\"article\" \/>\n<meta property=\"og:title\" content=\"La mejor extensi\u00f3n OpenCart Countdown Timer para sitio web (2026)\" \/>\n<meta property=\"og:description\" content=\"Pruebe la extensi\u00f3n Elfsight Countdown Timer para OpenCart ahora mismo. \u00a1Crea \u00edconos dise\u00f1ados individualmente para tu sitio web en solo un par de minutos!\" \/>\n<meta property=\"og:url\" content=\"https:\/\/elfsight.com\/es\/countdown-timer-widget\/opencart\/\" \/>\n<meta property=\"og:site_name\" content=\"Elfsight ES\" \/>\n<meta property=\"article:modified_time\" content=\"2025-02-06T15:00:51+00:00\" \/>\n<meta name=\"twitter:card\" content=\"summary_large_image\" \/>\n<meta name=\"twitter:label1\" content=\"Tiempo de lectura\" \/>\n\t<meta name=\"twitter:data1\" content=\"4 minutos\" \/>\n<!-- \/ Yoast SEO plugin. -->","yoast_head_json":{"title":"La mejor extensi\u00f3n OpenCart Countdown Timer para sitio web (2026)","description":"Pruebe la extensi\u00f3n Elfsight Countdown Timer para OpenCart ahora mismo. \u00a1Crea \u00edconos dise\u00f1ados individualmente para tu sitio web en solo un par de minutos!","robots":{"index":"index","follow":"follow","max-snippet":"max-snippet:-1","max-image-preview":"max-image-preview:large","max-video-preview":"max-video-preview:-1"},"canonical":"https:\/\/elfsight.com\/es\/countdown-timer-widget\/opencart\/","og_locale":"es_ES","og_type":"article","og_title":"La mejor extensi\u00f3n OpenCart Countdown Timer para sitio web (2026)","og_description":"Pruebe la extensi\u00f3n Elfsight Countdown Timer para OpenCart ahora mismo. \u00a1Crea \u00edconos dise\u00f1ados individualmente para tu sitio web en solo un par de minutos!","og_url":"https:\/\/elfsight.com\/es\/countdown-timer-widget\/opencart\/","og_site_name":"Elfsight ES","article_modified_time":"2025-02-06T15:00:51+00:00","twitter_card":"summary_large_image","twitter_misc":{"Tiempo de lectura":"4 minutos"},"schema":{"@context":"https:\/\/schema.org","@graph":[{"@type":"WebPage","@id":"https:\/\/elfsight.com\/es\/countdown-timer-widget\/opencart\/","url":"https:\/\/elfsight.com\/es\/countdown-timer-widget\/opencart\/","name":"La mejor extensi\u00f3n OpenCart Countdown Timer para sitio web (2026)","isPartOf":{"@id":"https:\/\/elfsight.com\/es\/#website"},"datePublished":"2024-05-03T06:34:11+00:00","dateModified":"2025-02-06T15:00:51+00:00","description":"Pruebe la extensi\u00f3n Elfsight Countdown Timer para OpenCart ahora mismo. \u00a1Crea \u00edconos dise\u00f1ados individualmente para tu sitio web en solo un par de minutos!","breadcrumb":{"@id":"https:\/\/elfsight.com\/es\/countdown-timer-widget\/opencart\/#breadcrumb"},"inLanguage":"es","potentialAction":[{"@type":"ReadAction","target":["https:\/\/elfsight.com\/es\/countdown-timer-widget\/opencart\/"]}]},{"@type":"BreadcrumbList","@id":"https:\/\/elfsight.com\/es\/countdown-timer-widget\/opencart\/#breadcrumb","itemListElement":[{"@type":"ListItem","position":1,"name":"Home","item":"https:\/\/elfsight.com\/es\/"},{"@type":"ListItem","position":2,"name":"Countdown Timer","item":"https:\/\/elfsight.com\/es\/countdown-timer-widget\/"},{"@type":"ListItem","position":3,"name":"Countdown Timer &#8211; OpenCart"}]},{"@type":"WebSite","@id":"https:\/\/elfsight.com\/es\/#website","url":"https:\/\/elfsight.com\/es\/","name":"Elfsight ES","description":"Just another Elfsight Sites site","potentialAction":[{"@type":"SearchAction","target":{"@type":"EntryPoint","urlTemplate":"https:\/\/elfsight.com\/es\/?s={search_term_string}"},"query-input":{"@type":"PropertyValueSpecification","valueRequired":true,"valueName":"search_term_string"}}],"inLanguage":"es"}]}},"meta_box":{"industry":"","seo_heading":"","heading":"","description":"","cta_heading":"","cta_description":"","application":"1356","h1":"Extensi\u00f3n del temporizador de cuenta regresiva OpenCart","h1_caption":"Configure una cuenta regresiva para eventos o promociones importantes, creando una sensaci\u00f3n de urgencia para sus visitantes en su sitio web Opencart sin esfuerzo.","application_category":[],"applications_title":"","applications_request_title":"","applications_request_button_text":"","hero_text":"","hero_video":"","hero_video_schema_markup":"","selling_points_title":"","selling_points_caption":"","selling_points":[],"selling_points_cta_text":"","features_title":"","features":"","ed_cta_examples_text":"","ed_cta_examples_hidden":"","ed_cta_demo_text":"","ed_cta_demo_hidden":"","why_caption":"","why_editor_title":"","why_editor_text":"","why_team_title":"","why_team_text":"","why_service_title":"","why_service_text":"","template_catalog_visible":"","template_catalog_title":"","template_catalog_text":"","template_catalog_categories_visible":"","demo_title":"Crea tu extensi\u00f3n de temporizador de cuenta regresiva","demo_caption":"\u00a1Configure su temporizador de cuenta regresiva y agr\u00e9guelo a su sitio web OpenCart gratis!","default_faq_hidden":"","app_template_category":[],"platform":"88","template_public_id":"","codecanyon_url":"","codecanyon_item_id":"","codecanyon_price":"","pricing_caption":"","pricing_elfsight_apps_hide_column":"","pricing_elfsight_apps_url":"","pricing_codecanyon_price_caption":"","integration_category":[],"integration_request_title":"","integration_request_cta":"","integration_platform":"","integrations":[],"platform_category":[],"video_schema_markup":"","price":"desde $0 \/ mes","trial":"","benefits":[{"text":"Ayuda de instalaci\u00f3n gratuita"},{"text":"Soporte premium"},{"text":"Garant\u00eda de reembolso de 14 d\u00edas"},{"text":"Actualizando constantemente"}],"button_url":"#demo","button_target_blank":"","button_nofollow":"","attributes":[{"name":"Instalaciones","content":"100,000 - 500,000"},{"name":"Sensible","content":"S\u00ed"},{"name":"Navegadores compatibles","content":"Firefox, Safari, Edge, Chrome, Opera"}],"tags":[],"tags_disable_links":"","hide_more_platforms":"","video_object":"","demo_hide_cta":"","demo_hide_cloud_options":"","pricing_title":"","pricing":[{"pricing_icon":"cloud","pricing_title":"Elfsight Apps","pricing_title_caption":"Software independiente de la plataforma que se adapta a cualquier sitio web","pricing_price":"desde $0 \/ mes","pricing_price_caption":"comienza con el plan gratuito","pricing_benefits":[{"text":"Sitios web ilimitados"},{"text":"Soporte r\u00e1pido y puntual"},{"text":"Ayuda de instalaci\u00f3n gratuita"},{"text":"Dise\u00f1o flexible"}],"pricing_button_text":"A\u00f1adir al sitio web","pricing_button_url":"#demo"}],"related_apps_title":"","related_apps_hidden":"","author":"","image":[],"title":"","job":"","social_networks":[]},"_links":{"self":[{"href":"https:\/\/elfsight.com\/es\/wp-json\/wp\/v2\/pages\/15812","targetHints":{"allow":["GET"]}}],"collection":[{"href":"https:\/\/elfsight.com\/es\/wp-json\/wp\/v2\/pages"}],"about":[{"href":"https:\/\/elfsight.com\/es\/wp-json\/wp\/v2\/types\/page"}],"author":[{"embeddable":true,"href":"https:\/\/elfsight.com\/es\/wp-json\/wp\/v2\/users\/9"}],"replies":[{"embeddable":true,"href":"https:\/\/elfsight.com\/es\/wp-json\/wp\/v2\/comments?post=15812"}],"version-history":[{"count":3,"href":"https:\/\/elfsight.com\/es\/wp-json\/wp\/v2\/pages\/15812\/revisions"}],"predecessor-version":[{"id":17769,"href":"https:\/\/elfsight.com\/es\/wp-json\/wp\/v2\/pages\/15812\/revisions\/17769"}],"up":[{"embeddable":true,"href":"https:\/\/elfsight.com\/es\/wp-json\/wp\/v2\/pages\/1357"}],"wp:attachment":[{"href":"https:\/\/elfsight.com\/es\/wp-json\/wp\/v2\/media?parent=15812"}],"curies":[{"name":"wp","href":"https:\/\/api.w.org\/{rel}","templated":true}]}}