{"id":15803,"date":"2024-05-03T06:34:14","date_gmt":"2024-05-03T06:34:14","guid":{"rendered":"https:\/\/elfsight.com\/es\/?page_id=15803"},"modified":"2025-02-06T15:00:43","modified_gmt":"2025-02-06T15:00:43","slug":"joomla","status":"publish","type":"page","link":"https:\/\/elfsight.com\/es\/countdown-timer-widget\/joomla\/","title":{"rendered":"Countdown Timer &#8211; Joomla"},"content":{"rendered":"<div class=\"application-platform-content-item-description application-platform-content-item\" id=\"description\" data-nav-section=\"description\"><h2>Descripci\u00f3n<\/h2><p>Crea temporizadores que incrementen las ventas para tu sitio web con el m\u00f3dulo Elfsight Countdown. Genera una atm\u00f3sfera de urgencia y establece una sensaci\u00f3n de escasez en tus ofertas, mostrando cu\u00e1n r\u00e1pido se agotan. Motiva a los usuarios a comprar mientras el tiempo avanza hacia el final del per\u00edodo de oferta especial. Anuncia tus pr\u00f3ximos eventos o lanzamientos de productos y mant\u00e9n a tu clientela ansiosa por ellos mostrando una cuenta regresiva hasta el inicio.<\/p><p><b>Haz que tus eventos y ofertas sean imperdibles y atrae m\u00e1s compras. <\/b><\/p><p><b>Estimula a tus visitantes a comprar evocando una sensaci\u00f3n de urgencia. <\/b><br> Haz que tus clientes sientan el temor de perderse tus precios bajos, mientras el tiempo se agota. Esto har\u00e1 que los clientes compren m\u00e1s r\u00e1pido y aumentar\u00e1 las ventas en tu sitio.<\/p><p><b>Muestra que el stock se est\u00e1 agotando para aumentar el valor percibido de los productos.<\/b><br> Crea un contador de existencias, mostrando que tus productos se venden como pan caliente y se vuelven escasos. Esto har\u00e1 que las personas valoren m\u00e1s los art\u00edculos y est\u00e9n deseosas de adquirirlos tambi\u00e9n.<\/p><p><b>Atrae m\u00e1s atenci\u00f3n a tus ofertas utilizando una barra de cuenta regresiva con tem\u00e1tica festiva.<\/b><br> Muestra una barra de venta tem\u00e1tica atractiva para vacaciones y eventos especiales. Reflejar\u00e1 el ambiente festivo y promover\u00e1 tus excelentes ofertas para ayudarte a vender en la temporada m\u00e1s rentable.<\/p><\/div><div class=\"application-platform-content-item-features application-platform-content-item\" id=\"features\" data-nav-section=\"features\"><h2>Caracter\u00edsticas<\/h2><p>5 atributos que hacen de nuestro m\u00f3dulo la soluci\u00f3n ideal para sitios web Joomla:<\/p><ul><li>Opci\u00f3n para establecer fecha y hora de inicio y finalizaci\u00f3n;<\/li><li>Texto del bot\u00f3n editable;<\/li><li>Cuatro unidades de tiempo: d\u00edas, horas, minutos, segundos;<\/li><li>5 temas festivos para las ocasiones m\u00e1s populares;<\/li><li>Tama\u00f1os personalizables de temporizador y bot\u00f3n.<\/li><\/ul><p><a href=\"#demo\">\u00a1Prueba la lista completa de caracter\u00edsticas en la demo!<\/a><\/p><\/div><div class=\"application-platform-content-item-installation application-platform-content-item\" id=\"installation\" data-nav-section=\"installation\"><h2>C\u00f3mo a\u00f1adir un Temporizador de Cuenta Regresiva a un sitio web Joomla<\/h2><div class=\"video-container\"><iframe width=\"720\" height=\"405\" src=\"https:\/\/www.youtube.com\/embed\/sp1GYC0i__Q\" frameborder=\"0\" allowfullscreen=\"\"><\/iframe><\/div><p>Sigue los pasos a continuaci\u00f3n para activar la extensi\u00f3n en Joomla.<\/p> <ol><li><b>Lanza nuestra demo gratuita y comienza a crear tu widget personalizado. <\/b><br> Especifica el dise\u00f1o y las especificaciones adecuadas de la extensi\u00f3n y guarda las modificaciones. <\/li>  <li><b>Obt\u00e9n tu c\u00f3digo \u00fanico que se muestra en Elfsight Apps. <\/b><br> Una vez que la personalizaci\u00f3n de tu extensi\u00f3n de Temporizador de Cuenta Regresiva est\u00e9 completa, copia el c\u00f3digo individual de la ventana emergente y gu\u00e1rdalo para su uso futuro. <\/li>  <li><b>Empieza a usar el plugin en tu sitio web Joomla. <\/b><br> Coloca el c\u00f3digo que has guardado recientemente en tu sitio web y guarda los cambios. <\/li>  <li><b>\u00a1Listo! La integraci\u00f3n est\u00e1 completamente realizada. <\/b><br> Visita tu p\u00e1gina para comprobar c\u00f3mo funciona el plugin. <\/li><\/ol><p>\u00bfTienes alg\u00fan problema o pregunta sobre la instalaci\u00f3n? Deja tu mensaje al equipo de soporte de Elfsight con una explicaci\u00f3n del problema. Haremos todo lo posible para proporcionar soluciones. O intenta usar una <a href=\"https:\/\/elfsight.com\/tutorials\/how-to-add-countdown-timer-to-joomla\/\" target=\"_blank\" rel=\"noopener noreferrer\">instrucci\u00f3n detallada<\/a>.<\/p><div class=\"faq\" data-component=\"FAQ\"> <div class=\"faq-item\">\r\n\t\t\t\t\t<div class=\"faq-item-question\">\r\n\t\t\t\t\t\t<h3 class=\"faq-item-question-text\">\u00bfC\u00f3mo puedo a\u00f1adir un Temporizador de Cuenta Regresiva a mi sitio web Joomla sin habilidades de programaci\u00f3n?<\/h3>\r\n\r\n\t\t\t\t\t\t<div class=\"faq-item-question-icon\"><\/div>\r\n\t\t\t\t\t<\/div>\r\n\r\n\t\t\t\t\t<div class=\"faq-item-answer\">\r\n\t\t\t\t\t\t<div class=\"faq-item-answer-text\"> <p>Elfsight ofrece una soluci\u00f3n SaaS que te permite crear un widget de Temporizador de Cuenta Regresiva por ti mismo. Ve lo f\u00e1cil que es el proceso: Trabaja directamente en el Editor en l\u00ednea para crear un widget de Temporizador de Cuenta Regresiva que te gustar\u00eda ver en tu sitio web Joomla. Elige una de las plantillas predise\u00f1adas y ajusta la configuraci\u00f3n del Temporizador de Cuenta Regresiva, a\u00f1ade tu contenido, cambia el dise\u00f1o y los colores sin necesidad de habilidades de programaci\u00f3n. Guarda el Temporizador de Cuenta Regresiva y copia su c\u00f3digo de instalaci\u00f3n, que podr\u00e1s agregar f\u00e1cilmente a tu sitio web Joomla sin necesidad de adquirir un plan de pago. Con nuestro Editor intuitivo, cualquier usuario de Internet puede crear un widget de Temporizador de Cuenta Regresiva en l\u00ednea y agregarlo f\u00e1cilmente a su sitio web Joomla. No es necesario pagar o ingresar los datos de tu tarjeta para acceder al servicio. Si tienes alg\u00fan problema en alg\u00fan paso, no dudes en contactar a nuestro equipo de soporte t\u00e9cnico.<\/p> <\/div>\r\n\t\t\t\t\t<\/div>\r\n\t\t\t\t<\/div> <\/div> <\/div>","protected":false},"excerpt":{"rendered":"","protected":false},"author":9,"featured_media":0,"parent":1357,"menu_order":0,"comment_status":"closed","ping_status":"closed","template":"templates\/template-application-platform.php","meta":{"publish_to_discourse":"","publish_post_category":"","wpdc_auto_publish_overridden":"","wpdc_topic_tags":"","wpdc_pin_topic":"","wpdc_pin_until":"","discourse_post_id":"","discourse_permalink":"","wpdc_publishing_response":"","wpdc_publishing_error":"","footnotes":""},"class_list":["post-15803","page","type-page","status-publish","hentry"],"yoast_head":"<!-- This site is optimized with the Yoast SEO plugin v25.3.1 - https:\/\/yoast.com\/wordpress\/plugins\/seo\/ -->\n<title>El mejor m\u00f3dulo Joomla Countdown Timer para sitios web (2026)<\/title>\n<meta name=\"description\" content=\"Configure su m\u00f3dulo de temporizador de cuenta atr\u00e1s individual para Joomla en s\u00f3lo 1 minuto. Consulte la demostraci\u00f3n m\u00e1s r\u00e1pida para generar widgets con Elfsight. Es totalmente gratis.\" \/>\n<meta name=\"robots\" content=\"index, follow, max-snippet:-1, max-image-preview:large, max-video-preview:-1\" \/>\n<link rel=\"canonical\" href=\"https:\/\/elfsight.com\/es\/countdown-timer-widget\/joomla\/\" \/>\n<meta property=\"og:locale\" content=\"es_ES\" \/>\n<meta property=\"og:type\" content=\"article\" \/>\n<meta property=\"og:title\" content=\"El mejor m\u00f3dulo Joomla Countdown Timer para sitios web (2026)\" \/>\n<meta property=\"og:description\" content=\"Configure su m\u00f3dulo de temporizador de cuenta atr\u00e1s individual para Joomla en s\u00f3lo 1 minuto. Consulte la demostraci\u00f3n m\u00e1s r\u00e1pida para generar widgets con Elfsight. Es totalmente gratis.\" \/>\n<meta property=\"og:url\" content=\"https:\/\/elfsight.com\/es\/countdown-timer-widget\/joomla\/\" \/>\n<meta property=\"og:site_name\" content=\"Elfsight ES\" \/>\n<meta property=\"article:modified_time\" content=\"2025-02-06T15:00:43+00:00\" \/>\n<meta name=\"twitter:card\" content=\"summary_large_image\" \/>\n<meta name=\"twitter:label1\" content=\"Tiempo de lectura\" \/>\n\t<meta name=\"twitter:data1\" content=\"3 minutos\" \/>\n<!-- \/ Yoast SEO plugin. -->","yoast_head_json":{"title":"El mejor m\u00f3dulo Joomla Countdown Timer para sitios web (2026)","description":"Configure su m\u00f3dulo de temporizador de cuenta atr\u00e1s individual para Joomla en s\u00f3lo 1 minuto. Consulte la demostraci\u00f3n m\u00e1s r\u00e1pida para generar widgets con Elfsight. Es totalmente gratis.","robots":{"index":"index","follow":"follow","max-snippet":"max-snippet:-1","max-image-preview":"max-image-preview:large","max-video-preview":"max-video-preview:-1"},"canonical":"https:\/\/elfsight.com\/es\/countdown-timer-widget\/joomla\/","og_locale":"es_ES","og_type":"article","og_title":"El mejor m\u00f3dulo Joomla Countdown Timer para sitios web (2026)","og_description":"Configure su m\u00f3dulo de temporizador de cuenta atr\u00e1s individual para Joomla en s\u00f3lo 1 minuto. Consulte la demostraci\u00f3n m\u00e1s r\u00e1pida para generar widgets con Elfsight. Es totalmente gratis.","og_url":"https:\/\/elfsight.com\/es\/countdown-timer-widget\/joomla\/","og_site_name":"Elfsight ES","article_modified_time":"2025-02-06T15:00:43+00:00","twitter_card":"summary_large_image","twitter_misc":{"Tiempo de lectura":"3 minutos"},"schema":{"@context":"https:\/\/schema.org","@graph":[{"@type":"WebPage","@id":"https:\/\/elfsight.com\/es\/countdown-timer-widget\/joomla\/","url":"https:\/\/elfsight.com\/es\/countdown-timer-widget\/joomla\/","name":"El mejor m\u00f3dulo Joomla Countdown Timer para sitios web (2026)","isPartOf":{"@id":"https:\/\/elfsight.com\/es\/#website"},"datePublished":"2024-05-03T06:34:14+00:00","dateModified":"2025-02-06T15:00:43+00:00","description":"Configure su m\u00f3dulo de temporizador de cuenta atr\u00e1s individual para Joomla en s\u00f3lo 1 minuto. Consulte la demostraci\u00f3n m\u00e1s r\u00e1pida para generar widgets con Elfsight. Es totalmente gratis.","breadcrumb":{"@id":"https:\/\/elfsight.com\/es\/countdown-timer-widget\/joomla\/#breadcrumb"},"inLanguage":"es","potentialAction":[{"@type":"ReadAction","target":["https:\/\/elfsight.com\/es\/countdown-timer-widget\/joomla\/"]}]},{"@type":"BreadcrumbList","@id":"https:\/\/elfsight.com\/es\/countdown-timer-widget\/joomla\/#breadcrumb","itemListElement":[{"@type":"ListItem","position":1,"name":"Home","item":"https:\/\/elfsight.com\/es\/"},{"@type":"ListItem","position":2,"name":"Countdown Timer","item":"https:\/\/elfsight.com\/es\/countdown-timer-widget\/"},{"@type":"ListItem","position":3,"name":"Countdown Timer &#8211; Joomla"}]},{"@type":"WebSite","@id":"https:\/\/elfsight.com\/es\/#website","url":"https:\/\/elfsight.com\/es\/","name":"Elfsight ES","description":"Just another Elfsight Sites site","potentialAction":[{"@type":"SearchAction","target":{"@type":"EntryPoint","urlTemplate":"https:\/\/elfsight.com\/es\/?s={search_term_string}"},"query-input":{"@type":"PropertyValueSpecification","valueRequired":true,"valueName":"search_term_string"}}],"inLanguage":"es"}]}},"meta_box":{"industry":"","seo_heading":"","heading":"","description":"","cta_heading":"","cta_description":"","application":"1356","h1":"M\u00f3dulo Temporizador de Cuenta Regresiva para Joomla","h1_caption":"Configure una cuenta regresiva para eventos o promociones importantes, creando una sensaci\u00f3n de urgencia para sus visitantes en su sitio web Joomla sin esfuerzo.","application_category":[],"applications_title":"","applications_request_title":"","applications_request_button_text":"","hero_text":"","hero_video":"","hero_video_schema_markup":"","selling_points_title":"","selling_points_caption":"","selling_points":[],"selling_points_cta_text":"","features_title":"","features":"","ed_cta_examples_text":"","ed_cta_examples_hidden":"","ed_cta_demo_text":"","ed_cta_demo_hidden":"","why_caption":"","why_editor_title":"","why_editor_text":"","why_team_title":"","why_team_text":"","why_service_title":"","why_service_text":"","template_catalog_visible":"0","template_catalog_title":"","template_catalog_text":"","template_catalog_categories_visible":"","demo_title":"Crea tu complemento de temporizador de cuenta regresiva","demo_caption":"\u00a1Configure su temporizador de cuenta regresiva y agr\u00e9guelo a su sitio web Joomla gratis!","default_faq_hidden":"","app_template_category":[],"platform":"73","template_public_id":"","codecanyon_url":"","codecanyon_item_id":"","codecanyon_price":"","pricing_caption":"","pricing_elfsight_apps_hide_column":"","pricing_elfsight_apps_url":"","pricing_codecanyon_price_caption":"","integration_category":[],"integration_request_title":"","integration_request_cta":"","integration_platform":"","integrations":[],"platform_category":[],"video_schema_markup":"","price":"desde $0 \/ mes","trial":"","benefits":[{"text":"Servicio de instalaci\u00f3n gratuito"},{"text":"Atenci\u00f3n al cliente experimentada"},{"text":"Garant\u00eda de devoluci\u00f3n de dinero de 14 d\u00edas"},{"text":"Mejoras de por vida"}],"button_url":"#demo","button_target_blank":"0","button_nofollow":"0","attributes":[{"name":"Instalaciones","content":"100,000 - 500,000"},{"name":"Sensible","content":"S\u00ed"},{"name":"Navegadores compatibles","content":"Firefox, Safari, Opera, Chrome, Edge"}],"tags":[],"tags_disable_links":"0","hide_more_platforms":"","video_object":"","demo_hide_cta":"0","demo_hide_cloud_options":"0","pricing_title":"","pricing":[{"pricing_icon":"cloud","pricing_title":"Elfsight Apps","pricing_title_caption":"Soluci\u00f3n digital multiplataforma que funciona en cualquier sitio","pricing_price":"desde $0 \/ mes","pricing_price_caption":"comienza con el plan gratuito","pricing_benefits":[{"text":"Dominios ilimitados"},{"text":"Soporte dedicado"},{"text":"Asistencia de instalaci\u00f3n gratuita"},{"text":"Oferta especial para m\u00faltiples aplicaciones"}],"pricing_button_text":"A\u00f1adir al sitio web","pricing_button_url":"#demo"}],"related_apps_title":"","related_apps_hidden":"0","author":"","image":[],"title":"","job":"","social_networks":[]},"_links":{"self":[{"href":"https:\/\/elfsight.com\/es\/wp-json\/wp\/v2\/pages\/15803","targetHints":{"allow":["GET"]}}],"collection":[{"href":"https:\/\/elfsight.com\/es\/wp-json\/wp\/v2\/pages"}],"about":[{"href":"https:\/\/elfsight.com\/es\/wp-json\/wp\/v2\/types\/page"}],"author":[{"embeddable":true,"href":"https:\/\/elfsight.com\/es\/wp-json\/wp\/v2\/users\/9"}],"replies":[{"embeddable":true,"href":"https:\/\/elfsight.com\/es\/wp-json\/wp\/v2\/comments?post=15803"}],"version-history":[{"count":2,"href":"https:\/\/elfsight.com\/es\/wp-json\/wp\/v2\/pages\/15803\/revisions"}],"predecessor-version":[{"id":16091,"href":"https:\/\/elfsight.com\/es\/wp-json\/wp\/v2\/pages\/15803\/revisions\/16091"}],"up":[{"embeddable":true,"href":"https:\/\/elfsight.com\/es\/wp-json\/wp\/v2\/pages\/1357"}],"wp:attachment":[{"href":"https:\/\/elfsight.com\/es\/wp-json\/wp\/v2\/media?parent=15803"}],"curies":[{"name":"wp","href":"https:\/\/api.w.org\/{rel}","templated":true}]}}