{"id":15802,"date":"2024-05-03T06:34:04","date_gmt":"2024-05-03T06:34:04","guid":{"rendered":"https:\/\/elfsight.com\/es\/?page_id=15802"},"modified":"2025-02-06T15:00:59","modified_gmt":"2025-02-06T15:00:59","slug":"iframe","status":"publish","type":"page","link":"https:\/\/elfsight.com\/es\/countdown-timer-widget\/iframe\/","title":{"rendered":"Countdown Timer &#8211; iFrame"},"content":{"rendered":"<div class=\"application-platform-content-item-description application-platform-content-item\" id=\"description\" data-nav-section=\"description\"> <h2>Incrusta el Temporizador de Cuenta Regresiva en iFrame con el widget de Elfsight<\/h2><p>Agrega cuentas regresivas que atraigan ventas a tu sitio web con el Temporizador de Cuenta Regresiva de Elfsight. Calienta el ambiente y crea una sensaci\u00f3n de escasez en tus ofertas, mostrando c\u00f3mo se est\u00e1n agotando r\u00e1pidamente ante los ojos de los clientes. Incrementa la urgencia de compra con el tiempo bajando hasta el final del per\u00edodo de la oferta especial. Anuncia tus futuros eventos y mant\u00e9n a tus clientes esperando con ansias el inicio, gracias a un temporizador de cuenta regresiva.<\/p> <p><b>Incrementa las ventas de tu sitio web mediante temporizadores y cuentas regresivas que generen urgencia.<\/b><\/p> <p><b>Estimula a los clientes a comprar generando una sensaci\u00f3n de urgencia.<\/b><br> Haz que tus usuarios sientan el miedo de perderse tu oferta especial y venta, con el tiempo contando hacia su \u00faltimo d\u00eda. Esto har\u00e1 que las personas compren m\u00e1s r\u00e1pido y aumenten las ventas en tu sitio.<\/p> <p><b>Demuestra c\u00f3mo disminuyen las existencias para aumentar el valor percibido de los productos.<\/b><br> Crea una sensaci\u00f3n de competencia por tus productos mostrando c\u00f3mo aumenta el n\u00famero de compras y c\u00f3mo el stock se va agotando. El valor percibido del producto aumentar\u00e1 y los visitantes querr\u00e1n adquirirlo tambi\u00e9n.<\/p> <p><b>Atrae m\u00e1s atenci\u00f3n a las ventas utilizando una barra de cuenta regresiva con tema festivo.<\/b><br> A trav\u00e9s de barras tem\u00e1ticas atractivas, puedes promover tus grandes ofertas y ventas de temporada. Aprovecha el tiempo de festividades para aumentar las ventas en tu sitio.<\/p> <\/div><div class=\"application-platform-content-item-features application-platform-content-item\" id=\"features\" data-nav-section=\"features\"> <h2>Caracter\u00edsticas principales del widget de Cuenta Regresiva<\/h2> <p>\u00a1Revisa el plugin premium para sitios iFrame gratis! Crea un plugin individual en Elfsight en solo 2 minutos.<\/p><ul> <li>Contador ascendente y descendente;<\/li> <li>Texto editable del mensaje con formato;<\/li> <li>Cuatro unidades de tiempo: d\u00edas, horas, minutos, segundos;<\/li> <li>Variantes de alineaci\u00f3n para posici\u00f3n personalizada: izquierda, derecha, centro;<\/li> <li>Dise\u00f1o limpio que garantiza una integraci\u00f3n sin problemas con cualquier concepto de sitio web.<\/li><\/ul><p><a href=\"#demo\">Revisa las caracter\u00edsticas m\u00e1s importantes en la demo de Elfsight<\/a><\/p><\/div> <div class=\"application-platform-content-item-setup application-platform-content-item\" id=\"setup\" data-nav-section=\"setup\"> <h2>C\u00f3mo a\u00f1adir un Temporizador de Cuenta Regresiva a un sitio iFrame<\/h2><p>Lee nuestra gu\u00eda r\u00e1pida sobre c\u00f3mo incrustar y configurar el plugin. No necesitas habilidades en programaci\u00f3n y el tiempo total del proceso ser\u00e1 de unos 70 segundos.<\/p><ol><li><b>Genera tu plugin de cuenta regresiva personalizado<\/b><br> Usando nuestro editor gratuito, crea un plugin con la composici\u00f3n y caracter\u00edsticas funcionales que prefieras.<\/li><li><b>Copia el c\u00f3digo individual para instalar el plugin<\/b><br> Despu\u00e9s de crear tu plugin, recibir\u00e1s el c\u00f3digo \u00fanico en la ventana emergente de Elfsight Apps. Copia el c\u00f3digo para su uso posterior.<\/li> <li><b>Instala el plugin en tu sitio iFrame<\/b><br> Elige el \u00e1rea donde deseas mostrar el plugin y pega el c\u00f3digo copiado all\u00ed. Guarda los cambios.<\/li> <li><b>\u00a1Listo!<\/b><br> Ve a la p\u00e1gina web para ver tu temporizador en funcionamiento.<\/li> <\/ol><p>\u00bfTienes dificultades mientras sigues la gu\u00eda? Env\u00eda un mensaje al centro de soporte de Elfsight o revisa la versi\u00f3n detallada de la gu\u00eda para intentar solucionar el problema t\u00fa mismo.<\/p><div class=\"faq\" data-component=\"FAQ\"> <div class=\"faq-item\">\r\n\t\t\t\t\t<div class=\"faq-item-question\">\r\n\t\t\t\t\t\t<h3 class=\"faq-item-question-text\">\u00bfC\u00f3mo agregar un Temporizador de Cuenta Regresiva a mi sitio iFrame sin habilidades de programaci\u00f3n?<\/h3>\r\n\r\n\t\t\t\t\t\t<div class=\"faq-item-question-icon\"><\/div>\r\n\t\t\t\t\t<\/div>\r\n\r\n\t\t\t\t\t<div class=\"faq-item-answer\">\r\n\t\t\t\t\t\t<div class=\"faq-item-answer-text\"> <p>Elfsight ofrece una soluci\u00f3n SaaS que te permite crear un widget de Temporizador de Cuenta Regresiva por ti mismo, ver lo f\u00e1cil que es el proceso: Trabaja directamente en el Editor en l\u00ednea para crear un widget de Temporizador de Cuenta Regresiva que te gustar\u00eda ver en tu sitio iFrame. Elige una de las plantillas predise\u00f1adas y ajusta la configuraci\u00f3n del Temporizador de Cuenta Regresiva, agrega tu contenido, cambia el dise\u00f1o y el esquema de colores sin habilidades de programaci\u00f3n. Guarda el Temporizador de Cuenta Regresiva y copia su c\u00f3digo de instalaci\u00f3n, para que puedas agregarlo f\u00e1cilmente a tu sitio iFrame sin necesidad de comprar un plan de pago. Con nuestro intuitivo Editor, cualquier usuario de internet puede crear un widget de Temporizador de Cuenta Regresiva en l\u00ednea y agregarlo f\u00e1cilmente a su sitio iFrame. No es necesario pagar ni ingresar tus datos de tarjeta para acceder al servicio. Si encuentras alg\u00fan problema en alg\u00fan paso, no dudes en contactar a nuestro equipo de soporte t\u00e9cnico.<\/p> <\/div>\r\n\t\t\t\t\t<\/div>\r\n\t\t\t\t<\/div> <\/div> <\/div>","protected":false},"excerpt":{"rendered":"","protected":false},"author":9,"featured_media":0,"parent":1357,"menu_order":0,"comment_status":"closed","ping_status":"closed","template":"templates\/template-application-platform.php","meta":{"publish_to_discourse":"","publish_post_category":"","wpdc_auto_publish_overridden":"","wpdc_topic_tags":"","wpdc_pin_topic":"","wpdc_pin_until":"","discourse_post_id":"","discourse_permalink":"","wpdc_publishing_response":"","wpdc_publishing_error":"","footnotes":""},"class_list":["post-15802","page","type-page","status-publish","hentry"],"yoast_head":"<!-- This site is optimized with the Yoast SEO plugin v25.3.1 - https:\/\/yoast.com\/wordpress\/plugins\/seo\/ -->\n<title>Complemento iFrame Countdown Timer para su sitio web (gratis y r\u00e1pido)<\/title>\n<meta name=\"description\" content=\"Con Elfsight, dise\u00f1e su complemento Countdown Timer e ins\u00e9rtelo en el sitio web de iFrame con facilidad. Contamos con atenci\u00f3n al cliente gratuita y m\u00e1s bonos.\" \/>\n<meta name=\"robots\" content=\"index, follow, max-snippet:-1, max-image-preview:large, max-video-preview:-1\" \/>\n<link rel=\"canonical\" href=\"https:\/\/elfsight.com\/es\/countdown-timer-widget\/iframe\/\" \/>\n<meta property=\"og:locale\" content=\"es_ES\" \/>\n<meta property=\"og:type\" content=\"article\" \/>\n<meta property=\"og:title\" content=\"Complemento iFrame Countdown Timer para su sitio web (gratis y r\u00e1pido)\" \/>\n<meta property=\"og:description\" content=\"Con Elfsight, dise\u00f1e su complemento Countdown Timer e ins\u00e9rtelo en el sitio web de iFrame con facilidad. Contamos con atenci\u00f3n al cliente gratuita y m\u00e1s bonos.\" \/>\n<meta property=\"og:url\" content=\"https:\/\/elfsight.com\/es\/countdown-timer-widget\/iframe\/\" \/>\n<meta property=\"og:site_name\" content=\"Elfsight ES\" \/>\n<meta property=\"article:modified_time\" content=\"2025-02-06T15:00:59+00:00\" \/>\n<meta name=\"twitter:card\" content=\"summary_large_image\" \/>\n<meta name=\"twitter:label1\" content=\"Tiempo de lectura\" \/>\n\t<meta name=\"twitter:data1\" content=\"4 minutos\" \/>\n<!-- \/ Yoast SEO plugin. -->","yoast_head_json":{"title":"Complemento iFrame Countdown Timer para su sitio web (gratis y r\u00e1pido)","description":"Con Elfsight, dise\u00f1e su complemento Countdown Timer e ins\u00e9rtelo en el sitio web de iFrame con facilidad. Contamos con atenci\u00f3n al cliente gratuita y m\u00e1s bonos.","robots":{"index":"index","follow":"follow","max-snippet":"max-snippet:-1","max-image-preview":"max-image-preview:large","max-video-preview":"max-video-preview:-1"},"canonical":"https:\/\/elfsight.com\/es\/countdown-timer-widget\/iframe\/","og_locale":"es_ES","og_type":"article","og_title":"Complemento iFrame Countdown Timer para su sitio web (gratis y r\u00e1pido)","og_description":"Con Elfsight, dise\u00f1e su complemento Countdown Timer e ins\u00e9rtelo en el sitio web de iFrame con facilidad. Contamos con atenci\u00f3n al cliente gratuita y m\u00e1s bonos.","og_url":"https:\/\/elfsight.com\/es\/countdown-timer-widget\/iframe\/","og_site_name":"Elfsight ES","article_modified_time":"2025-02-06T15:00:59+00:00","twitter_card":"summary_large_image","twitter_misc":{"Tiempo de lectura":"4 minutos"},"schema":{"@context":"https:\/\/schema.org","@graph":[{"@type":"WebPage","@id":"https:\/\/elfsight.com\/es\/countdown-timer-widget\/iframe\/","url":"https:\/\/elfsight.com\/es\/countdown-timer-widget\/iframe\/","name":"Complemento iFrame Countdown Timer para su sitio web (gratis y r\u00e1pido)","isPartOf":{"@id":"https:\/\/elfsight.com\/es\/#website"},"datePublished":"2024-05-03T06:34:04+00:00","dateModified":"2025-02-06T15:00:59+00:00","description":"Con Elfsight, dise\u00f1e su complemento Countdown Timer e ins\u00e9rtelo en el sitio web de iFrame con facilidad. Contamos con atenci\u00f3n al cliente gratuita y m\u00e1s bonos.","breadcrumb":{"@id":"https:\/\/elfsight.com\/es\/countdown-timer-widget\/iframe\/#breadcrumb"},"inLanguage":"es","potentialAction":[{"@type":"ReadAction","target":["https:\/\/elfsight.com\/es\/countdown-timer-widget\/iframe\/"]}]},{"@type":"BreadcrumbList","@id":"https:\/\/elfsight.com\/es\/countdown-timer-widget\/iframe\/#breadcrumb","itemListElement":[{"@type":"ListItem","position":1,"name":"Home","item":"https:\/\/elfsight.com\/es\/"},{"@type":"ListItem","position":2,"name":"Countdown Timer","item":"https:\/\/elfsight.com\/es\/countdown-timer-widget\/"},{"@type":"ListItem","position":3,"name":"Countdown Timer &#8211; iFrame"}]},{"@type":"WebSite","@id":"https:\/\/elfsight.com\/es\/#website","url":"https:\/\/elfsight.com\/es\/","name":"Elfsight ES","description":"Just another Elfsight Sites site","potentialAction":[{"@type":"SearchAction","target":{"@type":"EntryPoint","urlTemplate":"https:\/\/elfsight.com\/es\/?s={search_term_string}"},"query-input":{"@type":"PropertyValueSpecification","valueRequired":true,"valueName":"search_term_string"}}],"inLanguage":"es"}]}},"meta_box":{"industry":"","seo_heading":"","heading":"","description":"","cta_heading":"","cta_description":"","application":"1356","h1":"Complemento de temporizador de cuenta regresiva iFrame","h1_caption":"Configure una cuenta regresiva para eventos o promociones importantes, creando una sensaci\u00f3n de urgencia para sus visitantes en su sitio web iFrame sin esfuerzo.","application_category":[],"applications_title":"","applications_request_title":"","applications_request_button_text":"","hero_text":"","hero_video":"","hero_video_schema_markup":"","selling_points_title":"","selling_points_caption":"","selling_points":[],"selling_points_cta_text":"","features_title":"","features":"","ed_cta_examples_text":"","ed_cta_examples_hidden":"","ed_cta_demo_text":"","ed_cta_demo_hidden":"","why_caption":"","why_editor_title":"","why_editor_text":"","why_team_title":"","why_team_text":"","why_service_title":"","why_service_text":"","template_catalog_visible":"","template_catalog_title":"","template_catalog_text":"","template_catalog_categories_visible":"","demo_title":"Crea tu widget de temporizador de cuenta regresiva","demo_caption":"\u00a1Configure su temporizador de cuenta regresiva y agr\u00e9guelo a su sitio web iFrame gratis!","default_faq_hidden":"","app_template_category":[],"platform":"2192","template_public_id":"","codecanyon_url":"","codecanyon_item_id":"","codecanyon_price":"","pricing_caption":"","pricing_elfsight_apps_hide_column":"","pricing_elfsight_apps_url":"","pricing_codecanyon_price_caption":"","integration_category":[],"integration_request_title":"","integration_request_cta":"","integration_platform":"","integrations":[],"platform_category":[],"video_schema_markup":"","price":"desde $0 \/ mes","trial":"","benefits":[{"text":"Servicio de instalaci\u00f3n gratuito"},{"text":"Soporte premium"},{"text":"Garant\u00eda de devoluci\u00f3n de dinero de 14 d\u00edas"},{"text":"Actualizaciones gratuitas continuas"}],"button_url":"#demo","button_target_blank":"","button_nofollow":"","attributes":[{"name":"Instalaciones","content":"100,000 - 500,000"},{"name":"Sensible","content":"S\u00ed"},{"name":"Navegadores compatibles","content":"IE11, Firefox, Safari, Opera, Chrome, Edge"}],"tags":[],"tags_disable_links":"","hide_more_platforms":"","video_object":"","demo_hide_cta":"","demo_hide_cloud_options":"","pricing_title":"","pricing":[{"pricing_icon":"platform","pricing_title":"Elfsight Apps","pricing_title_caption":"Versi\u00f3n multiplataforma que funciona en cualquier sitio web.","pricing_price":"desde $0 \/ mes","pricing_price_caption":"comienza con el plan gratuito","pricing_benefits":[{"text":"Sitios web ilimitados"},{"text":"Soporte premium"},{"text":"Servicio de instalaci\u00f3n gratuito"},{"text":"Oferta especial para m\u00faltiples aplicaciones."}],"pricing_button_text":"A\u00f1adir al sitio web","pricing_button_url":"#demo"}],"related_apps_title":"","related_apps_hidden":"","author":"","image":[],"title":"","job":"","social_networks":[]},"_links":{"self":[{"href":"https:\/\/elfsight.com\/es\/wp-json\/wp\/v2\/pages\/15802","targetHints":{"allow":["GET"]}}],"collection":[{"href":"https:\/\/elfsight.com\/es\/wp-json\/wp\/v2\/pages"}],"about":[{"href":"https:\/\/elfsight.com\/es\/wp-json\/wp\/v2\/types\/page"}],"author":[{"embeddable":true,"href":"https:\/\/elfsight.com\/es\/wp-json\/wp\/v2\/users\/9"}],"replies":[{"embeddable":true,"href":"https:\/\/elfsight.com\/es\/wp-json\/wp\/v2\/comments?post=15802"}],"version-history":[{"count":3,"href":"https:\/\/elfsight.com\/es\/wp-json\/wp\/v2\/pages\/15802\/revisions"}],"predecessor-version":[{"id":17772,"href":"https:\/\/elfsight.com\/es\/wp-json\/wp\/v2\/pages\/15802\/revisions\/17772"}],"up":[{"embeddable":true,"href":"https:\/\/elfsight.com\/es\/wp-json\/wp\/v2\/pages\/1357"}],"wp:attachment":[{"href":"https:\/\/elfsight.com\/es\/wp-json\/wp\/v2\/media?parent=15802"}],"curies":[{"name":"wp","href":"https:\/\/api.w.org\/{rel}","templated":true}]}}