{"id":15796,"date":"2024-05-03T06:34:00","date_gmt":"2024-05-03T06:34:00","guid":{"rendered":"https:\/\/elfsight.com\/es\/?page_id=15796"},"modified":"2025-02-06T15:01:07","modified_gmt":"2025-02-06T15:01:07","slug":"google-sites","status":"publish","type":"page","link":"https:\/\/elfsight.com\/es\/countdown-timer-widget\/google-sites\/","title":{"rendered":"Countdown Timer &#8211; Google Sites"},"content":{"rendered":"<div class=\"application-platform-content-item-description application-platform-content-item\" id=\"description\" data-nav-section=\"description\"> <h2>Incrustar Temporizador de Cuenta Regresiva en Google Sites con el widget de Elfsight<\/h2> <p>Utiliza el Temporizador de Cuenta Regresiva de Elfsight para Google Sites y crea diferentes contadores y temporizadores que incentiven a los usuarios a comprar en tu sitio web. El contador de existencias o ventas evocar\u00e1 una sensaci\u00f3n de escasez y competencia; el temporizador de oferta impulsar\u00e1 a los visitantes a comprar ahora antes de perderse una gran oferta. Un temporizador personal estimular\u00e1 a cada comprador a utilizar una oferta personalizada m\u00e1s r\u00e1pido; los banners de ofertas de temporada atraer\u00e1n la atenci\u00f3n con un dise\u00f1o tem\u00e1tico brillante.<\/p> <p><b>Con el plugin de Cuenta Regresiva, logra un s\u00f3lido desarrollo empresarial y m\u00e1s ventas.<\/b><\/p> <\/div> <div class=\"application-platform-content-item-features application-platform-content-item\" id=\"features\" data-nav-section=\"features\"> <h2>Te ofrecemos caracter\u00edsticas \u00fatiles y f\u00e1ciles de usar, aqu\u00ed algunas de ellas:<\/h2> <ul> <li> Tres tipos de temporizador: de inicio a fin, tiempo restante por visitante, contador de n\u00famero de inicio a fin; <\/li> <li> Texto del mensaje editable con formato; <\/li> <li> Cuatro unidades de tiempo: d\u00edas, horas, minutos, segundos; <\/li> <li> Variantes de alineaci\u00f3n para posici\u00f3n personalizada: izquierda, derecha, centro; <\/li> <li> Tres tipos de animaci\u00f3n para el cambio de n\u00fameros. <\/li><\/ul><p><a href=\"#demo\">Puedes probar todas las capacidades del widget en la demo a continuaci\u00f3n<\/a><\/p> <\/div> <div class=\"application-platform-content-item-installation application-platform-content-item\" id=\"installation\" data-nav-section=\"installation\"> <h2>\u00bfC\u00f3mo incrustar el Temporizador de Cuenta Regresiva en mi Google Sites?<\/h2> <div class=\"video-container\"><iframe width=\"720\" height=\"405\" src=\"https:\/\/www.youtube.com\/embed\/WSY8A6lXYGs\" frameborder=\"0\" allowfullscreen=\"\"><\/iframe><\/div><p>Sigue estas instrucciones para comenzar a usar la herramienta.<\/p> <ol><li><b>Usa nuestro editor gratuito y comienza a crear tu plugin personalizado.<\/b><br> Especifica el aspecto deseado y las caracter\u00edsticas de la herramienta y aplica las modificaciones.<\/li>  <li><b>Obt\u00e9n tu c\u00f3digo \u00fanico que aparecer\u00e1 en el formulario especial de Elfsight Apps.<\/b><br> Despu\u00e9s de completar la creaci\u00f3n de tu plugin, copia el c\u00f3digo exclusivo en la ventana emergente y gu\u00e1rdalo para su uso posterior.<\/li>  <li><b>Comienza a usar el Temporizador de Cuenta Regresiva en tu Google Sites.<\/b><br> Pega el c\u00f3digo que copiaste recientemente en tu p\u00e1gina web y guarda los cambios.<\/li>  <li><b>\u00a1Listo! La configuraci\u00f3n ha sido completada con \u00e9xito.<\/b><br> Ve a tu sitio para ver c\u00f3mo funciona la herramienta.<\/li><\/ol> <div class=\"tip-yellow tip\"><b>Debido a las particularidades de Google Sites, el widget puede verse diferente a la demo en l\u00ednea. Nos disculpamos por cualquier inconveniente causado.<\/b><\/div><p>Si tienes alguna pregunta o encuentras dificultades, no dudes en contactar con nuestro equipo de servicio al cliente. Nuestro personal estar\u00e1 encantado de resolver cualquier problema que puedas tener con el plugin.<\/p> <div class=\"faq\" data-component=\"FAQ\"> <div class=\"faq-item\">\r\n\t\t\t\t\t<div class=\"faq-item-question\">\r\n\t\t\t\t\t\t<h3 class=\"faq-item-question-text\">\u00bfC\u00f3mo a\u00f1adir un Temporizador de Cuenta Regresiva a mi sitio web de Google Sites sin habilidades de codificaci\u00f3n?<\/h3>\r\n\r\n\t\t\t\t\t\t<div class=\"faq-item-question-icon\"><\/div>\r\n\t\t\t\t\t<\/div>\r\n\r\n\t\t\t\t\t<div class=\"faq-item-answer\">\r\n\t\t\t\t\t\t<div class=\"faq-item-answer-text\"> <p>Elfsight proporciona una soluci\u00f3n SaaS que te permite crear un widget de Temporizador de Cuenta Regresiva por ti mismo, ve lo f\u00e1cil que es el proceso: Trabaja directamente en el Editor en l\u00ednea para crear el widget de Temporizador de Cuenta Regresiva que te gustar\u00eda ver en tu sitio web de Google Sites. Elige una de las plantillas predise\u00f1adas y ajusta la configuraci\u00f3n del Temporizador de Cuenta Regresiva, agrega tu contenido, cambia el dise\u00f1o y los colores sin ninguna habilidad de codificaci\u00f3n. Guarda el Temporizador de Cuenta Regresiva y copia su c\u00f3digo de instalaci\u00f3n, que podr\u00e1s incrustar f\u00e1cilmente en tu sitio web de Google Sites sin necesidad de comprar una versi\u00f3n de pago. Con nuestro Editor intuitivo, cualquier usuario de internet puede crear un widget de Temporizador de Cuenta Regresiva en l\u00ednea e incrustarlo f\u00e1cilmente en su sitio web de Google Sites. No es necesario pagar ni ingresar tus datos de tarjeta para acceder al servicio. Si encuentras alg\u00fan problema en alg\u00fan paso, no dudes en contactar con nuestro equipo de soporte t\u00e9cnico.<\/p> <\/div>\r\n\t\t\t\t\t<\/div>\r\n\t\t\t\t<\/div> <\/div> <\/div>","protected":false},"excerpt":{"rendered":"","protected":false},"author":9,"featured_media":0,"parent":1357,"menu_order":0,"comment_status":"closed","ping_status":"closed","template":"templates\/template-application-platform.php","meta":{"publish_to_discourse":"","publish_post_category":"","wpdc_auto_publish_overridden":"","wpdc_topic_tags":"","wpdc_pin_topic":"","wpdc_pin_until":"","discourse_post_id":"","discourse_permalink":"","wpdc_publishing_response":"","wpdc_publishing_error":"","footnotes":""},"class_list":["post-15796","page","type-page","status-publish","hentry"],"yoast_head":"<!-- This site is optimized with the Yoast SEO plugin v25.3.1 - https:\/\/yoast.com\/wordpress\/plugins\/seo\/ -->\n<title>Temporizador de cuenta regresiva: agregue el widget de reloj de cuenta regresiva a Google Sites (2025)<\/title>\n<meta name=\"description\" content=\"Agregue un temporizador de cuenta atr\u00e1s responsivo a sus sitios de Google y consiga plena confianza. Utilice la pr\u00e1ctica demostraci\u00f3n de Elfsight para darle forma a su reloj de cuenta regresiva personalizado.\" \/>\n<meta name=\"robots\" content=\"index, follow, max-snippet:-1, max-image-preview:large, max-video-preview:-1\" \/>\n<link rel=\"canonical\" href=\"https:\/\/elfsight.com\/es\/countdown-timer-widget\/google-sites\/\" \/>\n<meta property=\"og:locale\" content=\"es_ES\" \/>\n<meta property=\"og:type\" content=\"article\" \/>\n<meta property=\"og:title\" content=\"Temporizador de cuenta regresiva: agregue el widget de reloj de cuenta regresiva a Google Sites (2025)\" \/>\n<meta property=\"og:description\" content=\"Agregue un temporizador de cuenta atr\u00e1s responsivo a sus sitios de Google y consiga plena confianza. Utilice la pr\u00e1ctica demostraci\u00f3n de Elfsight para darle forma a su reloj de cuenta regresiva personalizado.\" \/>\n<meta property=\"og:url\" content=\"https:\/\/elfsight.com\/es\/countdown-timer-widget\/google-sites\/\" \/>\n<meta property=\"og:site_name\" content=\"Elfsight ES\" \/>\n<meta property=\"article:modified_time\" content=\"2025-02-06T15:01:07+00:00\" \/>\n<meta name=\"twitter:card\" content=\"summary_large_image\" \/>\n<meta name=\"twitter:label1\" content=\"Tiempo de lectura\" \/>\n\t<meta name=\"twitter:data1\" content=\"3 minutos\" \/>\n<!-- \/ Yoast SEO plugin. -->","yoast_head_json":{"title":"Temporizador de cuenta regresiva: agregue el widget de reloj de cuenta regresiva a Google Sites (2025)","description":"Agregue un temporizador de cuenta atr\u00e1s responsivo a sus sitios de Google y consiga plena confianza. Utilice la pr\u00e1ctica demostraci\u00f3n de Elfsight para darle forma a su reloj de cuenta regresiva personalizado.","robots":{"index":"index","follow":"follow","max-snippet":"max-snippet:-1","max-image-preview":"max-image-preview:large","max-video-preview":"max-video-preview:-1"},"canonical":"https:\/\/elfsight.com\/es\/countdown-timer-widget\/google-sites\/","og_locale":"es_ES","og_type":"article","og_title":"Temporizador de cuenta regresiva: agregue el widget de reloj de cuenta regresiva a Google Sites (2025)","og_description":"Agregue un temporizador de cuenta atr\u00e1s responsivo a sus sitios de Google y consiga plena confianza. Utilice la pr\u00e1ctica demostraci\u00f3n de Elfsight para darle forma a su reloj de cuenta regresiva personalizado.","og_url":"https:\/\/elfsight.com\/es\/countdown-timer-widget\/google-sites\/","og_site_name":"Elfsight ES","article_modified_time":"2025-02-06T15:01:07+00:00","twitter_card":"summary_large_image","twitter_misc":{"Tiempo de lectura":"3 minutos"},"schema":{"@context":"https:\/\/schema.org","@graph":[{"@type":"WebPage","@id":"https:\/\/elfsight.com\/es\/countdown-timer-widget\/google-sites\/","url":"https:\/\/elfsight.com\/es\/countdown-timer-widget\/google-sites\/","name":"Temporizador de cuenta regresiva: agregue el widget de reloj de cuenta regresiva a Google Sites (2025)","isPartOf":{"@id":"https:\/\/elfsight.com\/es\/#website"},"datePublished":"2024-05-03T06:34:00+00:00","dateModified":"2025-02-06T15:01:07+00:00","description":"Agregue un temporizador de cuenta atr\u00e1s responsivo a sus sitios de Google y consiga plena confianza. Utilice la pr\u00e1ctica demostraci\u00f3n de Elfsight para darle forma a su reloj de cuenta regresiva personalizado.","breadcrumb":{"@id":"https:\/\/elfsight.com\/es\/countdown-timer-widget\/google-sites\/#breadcrumb"},"inLanguage":"es","potentialAction":[{"@type":"ReadAction","target":["https:\/\/elfsight.com\/es\/countdown-timer-widget\/google-sites\/"]}]},{"@type":"BreadcrumbList","@id":"https:\/\/elfsight.com\/es\/countdown-timer-widget\/google-sites\/#breadcrumb","itemListElement":[{"@type":"ListItem","position":1,"name":"Home","item":"https:\/\/elfsight.com\/es\/"},{"@type":"ListItem","position":2,"name":"Countdown Timer","item":"https:\/\/elfsight.com\/es\/countdown-timer-widget\/"},{"@type":"ListItem","position":3,"name":"Countdown Timer &#8211; Google Sites"}]},{"@type":"WebSite","@id":"https:\/\/elfsight.com\/es\/#website","url":"https:\/\/elfsight.com\/es\/","name":"Elfsight ES","description":"Just another Elfsight Sites site","potentialAction":[{"@type":"SearchAction","target":{"@type":"EntryPoint","urlTemplate":"https:\/\/elfsight.com\/es\/?s={search_term_string}"},"query-input":{"@type":"PropertyValueSpecification","valueRequired":true,"valueName":"search_term_string"}}],"inLanguage":"es"}]}},"meta_box":{"industry":"","seo_heading":"","heading":"","description":"","cta_heading":"","cta_description":"","application":"1356","h1":"Widget de temporizador de cuenta regresiva de Google Sites","h1_caption":"Configure una cuenta regresiva para eventos o promociones importantes, creando una sensaci\u00f3n de urgencia para sus visitantes en sus sitios de Google sin esfuerzo.","application_category":[],"applications_title":"","applications_request_title":"","applications_request_button_text":"","hero_text":"","hero_video":"","hero_video_schema_markup":"","selling_points_title":"","selling_points_caption":"","selling_points":[],"selling_points_cta_text":"","features_title":"","features":"","ed_cta_examples_text":"","ed_cta_examples_hidden":"","ed_cta_demo_text":"","ed_cta_demo_hidden":"","why_caption":"","why_editor_title":"","why_editor_text":"","why_team_title":"","why_team_text":"","why_service_title":"","why_service_text":"","template_catalog_visible":"","template_catalog_title":"","template_catalog_text":"","template_catalog_categories_visible":"","demo_title":"Crea tu widget de temporizador de cuenta regresiva","demo_caption":"Configure su temporizador de cuenta regresiva y agr\u00e9guelo a su sitio web de Google Sites de forma gratuita.","default_faq_hidden":"","app_template_category":[],"platform":"67","template_public_id":"","codecanyon_url":"","codecanyon_item_id":"","codecanyon_price":"","pricing_caption":"","pricing_elfsight_apps_hide_column":"","pricing_elfsight_apps_url":"","pricing_codecanyon_price_caption":"","integration_category":[],"integration_request_title":"","integration_request_cta":"","integration_platform":"","integrations":[],"platform_category":[],"video_schema_markup":"","price":"desde $0 \/ mes","trial":"","benefits":[{"text":"Servicio de instalaci\u00f3n gratuito"},{"text":"Servicio al cliente eficaz"},{"text":"Garant\u00eda de devoluci\u00f3n de dinero de 14 d\u00edas"},{"text":"Mejoras peri\u00f3dicas gratuitas"}],"button_url":"#demo","button_target_blank":"","button_nofollow":"","attributes":[{"name":"Instalaciones","content":"100,000 - 500,000"},{"name":"Sensible","content":"Totalmente adaptable"},{"name":"Navegadores compatibles","content":"Firefox, Chrome, Safari, Edge, Opera"}],"tags":[],"tags_disable_links":"","hide_more_platforms":"","video_object":"","demo_hide_cta":"","demo_hide_cloud_options":"","pricing_title":"","pricing":[{"pricing_icon":"platform","pricing_title":"Elfsight Apps","pricing_title_caption":"Software multiplataforma que se adapta a cualquier sitio web","pricing_price":"desde $0 \/ mes","pricing_price_caption":"comienza con el plan gratuito","pricing_benefits":[{"text":"N\u00famero ilimitado de dominios"},{"text":"Soporte gratuito y puntual"},{"text":"Asistencia de instalaci\u00f3n gratuita"},{"text":"Oferta especial para m\u00faltiples aplicaciones."}],"pricing_button_text":"A\u00f1adir al sitio web","pricing_button_url":"#demo"}],"related_apps_title":"","related_apps_hidden":"","author":"","image":[],"title":"","job":"","social_networks":[]},"_links":{"self":[{"href":"https:\/\/elfsight.com\/es\/wp-json\/wp\/v2\/pages\/15796","targetHints":{"allow":["GET"]}}],"collection":[{"href":"https:\/\/elfsight.com\/es\/wp-json\/wp\/v2\/pages"}],"about":[{"href":"https:\/\/elfsight.com\/es\/wp-json\/wp\/v2\/types\/page"}],"author":[{"embeddable":true,"href":"https:\/\/elfsight.com\/es\/wp-json\/wp\/v2\/users\/9"}],"replies":[{"embeddable":true,"href":"https:\/\/elfsight.com\/es\/wp-json\/wp\/v2\/comments?post=15796"}],"version-history":[{"count":3,"href":"https:\/\/elfsight.com\/es\/wp-json\/wp\/v2\/pages\/15796\/revisions"}],"predecessor-version":[{"id":17775,"href":"https:\/\/elfsight.com\/es\/wp-json\/wp\/v2\/pages\/15796\/revisions\/17775"}],"up":[{"embeddable":true,"href":"https:\/\/elfsight.com\/es\/wp-json\/wp\/v2\/pages\/1357"}],"wp:attachment":[{"href":"https:\/\/elfsight.com\/es\/wp-json\/wp\/v2\/media?parent=15796"}],"curies":[{"name":"wp","href":"https:\/\/api.w.org\/{rel}","templated":true}]}}