{"id":15795,"date":"2024-05-03T06:34:03","date_gmt":"2024-05-03T06:34:03","guid":{"rendered":"https:\/\/elfsight.com\/es\/?page_id=15795"},"modified":"2025-02-06T15:00:59","modified_gmt":"2025-02-06T15:00:59","slug":"facebook","status":"publish","type":"page","link":"https:\/\/elfsight.com\/es\/countdown-timer-widget\/facebook\/","title":{"rendered":"Countdown Timer &#8211; Facebook Page"},"content":{"rendered":"<div class=\"application-platform-content-item-description application-platform-content-item\" id=\"description\" data-nav-section=\"description\"><h2>Descripci\u00f3n<\/h2><p>\u00bfEst\u00e1s preparando una venta o evento? Entonces, el Temporizador de Cuenta Regresiva en vivo es la herramienta perfecta para promoverlo, y Facebook es la plataforma ideal para llegar a una audiencia m\u00e1s amplia.<\/p> <p>Crear una sensaci\u00f3n de urgencia y anticipaci\u00f3n es esencial para cualquier evento de negocio o actividad promocional. Un componente visual es crucial para llegar a la audiencia y transmitir las sensaciones necesarias. Las redes sociales son probablemente uno de los canales m\u00e1s efectivos para difundir la informaci\u00f3n. Un temporizador animado en tu p\u00e1gina de Facebook ser\u00eda una herramienta perfecta para atraer a m\u00e1s personas y crear emoci\u00f3n acerca de tus ventas, promociones limitadas en el tiempo o eventos.<\/p><p>Si no quieres invertir demasiado en el desarrollo de una aplicaci\u00f3n de reloj, pero deseas tener un temporizador con dise\u00f1o personalizado, prueba la mejor aplicaci\u00f3n de Cuenta Regresiva para p\u00e1ginas de Facebook de Elfsight. Te permite crear todo tipo de contadores y temporizadores de manera f\u00e1cil, r\u00e1pida y fluida. Son adecuados para cualquier caso de uso, ya sea para negocios, necesidades creativas o sin fines de lucro. Fomentan que los usuarios realicen compras, visiten una tienda f\u00edsica o asistan a un evento dentro de unas horas, d\u00edas o semanas antes de que termine el per\u00edodo de tiempo especificado.<\/p><p>Los contadores de art\u00edculos restantes en stock provocar\u00e1n una sensaci\u00f3n de escasez y competencia entre la audiencia, por lo que se apresurar\u00e1n a pedir algo exclusivo y limitado. Este truco lo utilizan los minoristas m\u00e1s grandes de comercio electr\u00f3nico, lo que demuestra su efectividad.<\/p><p>El temporizador de venta empujar\u00e1 a los visitantes a realizar una compra antes de que el tiempo de la promoci\u00f3n termine y se pierdan una excelente oferta. Un temporizador personalizado muestra una cuenta regresiva para cada visitante con una oferta individual que generalmente dura no m\u00e1s de 1 hora. Estimular\u00e1 a los compradores a utilizar su descuento personal justo ahora antes de que termine.<\/p><p>Las barras de cuenta regresiva con tema festivo, ofreciendo precios bajos durante eventos festivos, atraer\u00e1n la atenci\u00f3n con un dise\u00f1o \u00fanico adecuado para la ocasi\u00f3n. Los compradores suelen esperar estas ventas, por lo que deber\u00edas hacerlas m\u00e1s llamativas y anunciarlas con anticipaci\u00f3n. El editor en l\u00ednea de Elfsight ofrece una colecci\u00f3n de plantillas especiales de cuenta regresiva para realizar promociones y eventos celebrados en todas las festividades populares. Solo elige una plantilla adecuada y configura tu per\u00edodo de tiempo.<\/p><p><b>Aumenta el entusiasmo de compra y empuja a los clientes a comprar m\u00e1s con ofertas limitadas en el tiempo.<\/b><\/p><\/div><div class=\"application-platform-content-item-features application-platform-content-item\" id=\"features\" data-nav-section=\"features\"><h2>Caracter\u00edsticas<\/h2><p> Los principales beneficios de la aplicaci\u00f3n de Cuenta Regresiva de Elfsight, que la convierten en la opci\u00f3n perfecta para integrar un temporizador o reloj en tu p\u00e1gina de Facebook: <\/p><ul><li>Elige uno de los tres tipos de temporizadores de cuenta regresiva posibles: de inicio a fin, reloj con el tiempo restante por visitante, contador de n\u00fameros de inicio a fin;<\/li><li>Escribe tu propio mensaje personalizado con un llamado a la acci\u00f3n;<\/li><li>Todo el texto del widget se puede formatear para que se ajuste al dise\u00f1o general del sitio;<\/li><li>Crea temporizadores con cuatro unidades de tiempo: d\u00edas, horas, minutos, segundos;<\/li><li>Incluye los elementos o elimina los que no necesites para lograr el aspecto deseado del temporizador;<\/li><li>Configura la posici\u00f3n personalizada con variantes de alineaci\u00f3n disponibles: izquierda, derecha, centro;<\/li><li>O haz que sea una barra flotante en la parte superior o inferior de la pantalla;<\/li><li>Elige uno de los tres tipos de animaci\u00f3n para el cambio de n\u00fameros.<\/li><\/ul><p><a href=\"#demo\">Mira m\u00e1s caracter\u00edsticas de la aplicaci\u00f3n de cuenta regresiva en nuestro editor gratuito.<\/a> Es muy intuitivo y cualquiera puede crear su propia aplicaci\u00f3n en segundos.<\/p><\/div> <div class=\"application-platform-content-item-installation application-platform-content-item\" id=\"installation\" data-nav-section=\"installation\"><h2>C\u00f3mo agregar el Temporizador de Cuenta Regresiva a la pesta\u00f1a de tu p\u00e1gina de Facebook<\/h2><p>Un tutorial sencillo sobre c\u00f3mo configurar una aplicaci\u00f3n de reloj para tu p\u00e1gina de Facebook sin experiencia en programaci\u00f3n o conocimientos de codificaci\u00f3n. El tiempo promedio necesario para implementar este tutorial de instalaci\u00f3n del temporizador de cuenta regresiva es de menos de 3 minutos.<\/p><ul><li><b>Genera tu propio Reloj de Cuenta Regresiva<\/b><br><p>Dir\u00edgete a nuestro configurador en l\u00ednea para crear tu widget de reloj. Primero, debes elegir una plantilla adecuada. Recuerda, solo tiene un dise\u00f1o y todo lo dem\u00e1s se puede cambiar para obtener una aplicaci\u00f3n con la interfaz y funciones preferidas.<\/p><p>Luego tendr\u00e1s tres pesta\u00f1as en el editor: Temporizador, Bot\u00f3n y Apariencia. Cada pesta\u00f1a tiene una lista de configuraciones que puedes ajustar a tu gusto y obtener el resultado \u00f3ptimo.<\/p><\/li><li><b>Obt\u00e9n el c\u00f3digo individual para incrustar el reloj de cuenta regresiva<\/b><br>Despu\u00e9s de generar tu widget, haz clic en el bot\u00f3n \u2018Agregar al sitio web\u2019. Recibir\u00e1s tu c\u00f3digo personal en la notificaci\u00f3n emergente en Elfsight Apps. Copia este c\u00f3digo.<\/li><li><b>Agrega el widget a tu p\u00e1gina de Facebook<\/b><br> Primero, necesitas crear una pesta\u00f1a personalizada en tu p\u00e1gina de Facebook para agregar tu aplicaci\u00f3n de cuenta regresiva all\u00ed. Inserta el c\u00f3digo que copiaste de Elfsight Apps en la pesta\u00f1a. Si tienes problemas, revisa nuestra gu\u00eda sobre <a href=\"https:\/\/elfsight.com\/blog\/how-to-add-custom-tab-to-facebook-page\/\" target=\"_blank\" rel=\"noopener noreferrer\">c\u00f3mo crear una pesta\u00f1a personalizada en Facebook<\/a>, ya que esto podr\u00eda ser una tarea complicada.<\/li><li><b>\u00a1Felicidades! \u00a1Has incrustado el widget!<\/b><br>Visita tu p\u00e1gina de Facebook para ver c\u00f3mo est\u00e1 funcionando tu widget.<\/li><\/ul><p>\u00bfTienes dificultades con la creaci\u00f3n, ajustes o visualizaci\u00f3n del widget de cuenta regresiva en tu p\u00e1gina? Ponte en contacto con nuestro equipo de soporte.<\/p><p>Tambi\u00e9n ofrecemos una pol\u00edtica de precios flexible, que te permite crear y probar el temporizador de cuenta regresiva en tu p\u00e1gina de Facebook Business de forma gratuita. Despu\u00e9s, puedes elegir un plan de precios seg\u00fan el tr\u00e1fico que recibas en la p\u00e1gina y pagar por \u00e9l mensualmente, si est\u00e1s planeando un evento o promoci\u00f3n \u00fanica, o puedes optar por una suscripci\u00f3n anual si realizas ventas regularmente a lo largo del a\u00f1o.<\/p><div class=\"faq\" data-component=\"FAQ\"> <div class=\"faq-item\">\r\n\t\t\t\t\t<div class=\"faq-item-question\">\r\n\t\t\t\t\t\t<h3 class=\"faq-item-question-text\">\u00bfC\u00f3mo puedo agregar un Temporizador de Cuenta Regresiva a mi p\u00e1gina de Facebook sin habilidades de codificaci\u00f3n?<\/h3>\r\n\r\n\t\t\t\t\t\t<div class=\"faq-item-question-icon\"><\/div>\r\n\t\t\t\t\t<\/div>\r\n\r\n\t\t\t\t\t<div class=\"faq-item-answer\">\r\n\t\t\t\t\t\t<div class=\"faq-item-answer-text\"> <p>Elfsight ofrece una soluci\u00f3n SaaS que te permite crear un widget de Temporizador de Cuenta Regresiva por ti mismo, ve lo f\u00e1cil que es el proceso: Trabaja directamente en el Editor en l\u00ednea para crear un widget de Temporizador de Cuenta Regresiva que te gustar\u00eda ver en tu p\u00e1gina de Facebook. Elige una de las plantillas predise\u00f1adas y ajusta la configuraci\u00f3n del Temporizador de Cuenta Regresiva, agrega tu contenido, cambia el dise\u00f1o y el esquema de colores sin habilidades de codificaci\u00f3n. Guarda el Temporizador de Cuenta Regresiva y copia su c\u00f3digo de instalaci\u00f3n, para que puedas incrustarlo f\u00e1cilmente en tu p\u00e1gina de Facebook sin necesidad de comprar una suscripci\u00f3n de pago. Con nuestro intuitivo Editor, cualquier usuario de internet puede crear un widget de Temporizador de Cuenta Regresiva en l\u00ednea y agregarlo f\u00e1cilmente a su p\u00e1gina de Facebook. No es necesario pagar ni ingresar tus datos de tarjeta para acceder al servicio. Si encuentras alg\u00fan problema en alg\u00fan paso, no dudes en contactar a nuestro equipo de soporte t\u00e9cnico.<\/p> <\/div>\r\n\t\t\t\t\t<\/div>\r\n\t\t\t\t<\/div> <\/div> <\/div>","protected":false},"excerpt":{"rendered":"","protected":false},"author":9,"featured_media":0,"parent":1357,"menu_order":0,"comment_status":"closed","ping_status":"closed","template":"templates\/template-application-platform.php","meta":{"publish_to_discourse":"","publish_post_category":"","wpdc_auto_publish_overridden":"","wpdc_topic_tags":"","wpdc_pin_topic":"","wpdc_pin_until":"","discourse_post_id":"","discourse_permalink":"","wpdc_publishing_response":"","wpdc_publishing_error":"","footnotes":""},"class_list":["post-15795","page","type-page","status-publish","hentry"],"yoast_head":"<!-- This site is optimized with the Yoast SEO plugin v25.3.1 - https:\/\/yoast.com\/wordpress\/plugins\/seo\/ -->\n<title>Agregue un widget de temporizador o reloj de cuenta regresiva a la p\u00e1gina de Facebook (2026)<\/title>\n<meta name=\"description\" content=\"\u00a1Crea un widget de temporizador o reloj de cuenta regresiva para tu p\u00e1gina de Facebook en solo un minuto! Pruebe el panel gratuito de Elfsight para crear su propio reloj de cuenta regresiva.\" \/>\n<meta name=\"robots\" content=\"index, follow, max-snippet:-1, max-image-preview:large, max-video-preview:-1\" \/>\n<link rel=\"canonical\" href=\"https:\/\/elfsight.com\/es\/countdown-timer-widget\/facebook\/\" \/>\n<meta property=\"og:locale\" content=\"es_ES\" \/>\n<meta property=\"og:type\" content=\"article\" \/>\n<meta property=\"og:title\" content=\"Agregue un widget de temporizador o reloj de cuenta regresiva a la p\u00e1gina de Facebook (2026)\" \/>\n<meta property=\"og:description\" content=\"\u00a1Crea un widget de temporizador o reloj de cuenta regresiva para tu p\u00e1gina de Facebook en solo un minuto! Pruebe el panel gratuito de Elfsight para crear su propio reloj de cuenta regresiva.\" \/>\n<meta property=\"og:url\" content=\"https:\/\/elfsight.com\/es\/countdown-timer-widget\/facebook\/\" \/>\n<meta property=\"og:site_name\" content=\"Elfsight ES\" \/>\n<meta property=\"article:modified_time\" content=\"2025-02-06T15:00:59+00:00\" \/>\n<meta name=\"twitter:card\" content=\"summary_large_image\" \/>\n<meta name=\"twitter:label1\" content=\"Tiempo de lectura\" \/>\n\t<meta name=\"twitter:data1\" content=\"6 minutos\" \/>\n<!-- \/ Yoast SEO plugin. -->","yoast_head_json":{"title":"Agregue un widget de temporizador o reloj de cuenta regresiva a la p\u00e1gina de Facebook (2026)","description":"\u00a1Crea un widget de temporizador o reloj de cuenta regresiva para tu p\u00e1gina de Facebook en solo un minuto! Pruebe el panel gratuito de Elfsight para crear su propio reloj de cuenta regresiva.","robots":{"index":"index","follow":"follow","max-snippet":"max-snippet:-1","max-image-preview":"max-image-preview:large","max-video-preview":"max-video-preview:-1"},"canonical":"https:\/\/elfsight.com\/es\/countdown-timer-widget\/facebook\/","og_locale":"es_ES","og_type":"article","og_title":"Agregue un widget de temporizador o reloj de cuenta regresiva a la p\u00e1gina de Facebook (2026)","og_description":"\u00a1Crea un widget de temporizador o reloj de cuenta regresiva para tu p\u00e1gina de Facebook en solo un minuto! Pruebe el panel gratuito de Elfsight para crear su propio reloj de cuenta regresiva.","og_url":"https:\/\/elfsight.com\/es\/countdown-timer-widget\/facebook\/","og_site_name":"Elfsight ES","article_modified_time":"2025-02-06T15:00:59+00:00","twitter_card":"summary_large_image","twitter_misc":{"Tiempo de lectura":"6 minutos"},"schema":{"@context":"https:\/\/schema.org","@graph":[{"@type":"WebPage","@id":"https:\/\/elfsight.com\/es\/countdown-timer-widget\/facebook\/","url":"https:\/\/elfsight.com\/es\/countdown-timer-widget\/facebook\/","name":"Agregue un widget de temporizador o reloj de cuenta regresiva a la p\u00e1gina de Facebook (2026)","isPartOf":{"@id":"https:\/\/elfsight.com\/es\/#website"},"datePublished":"2024-05-03T06:34:03+00:00","dateModified":"2025-02-06T15:00:59+00:00","description":"\u00a1Crea un widget de temporizador o reloj de cuenta regresiva para tu p\u00e1gina de Facebook en solo un minuto! Pruebe el panel gratuito de Elfsight para crear su propio reloj de cuenta regresiva.","breadcrumb":{"@id":"https:\/\/elfsight.com\/es\/countdown-timer-widget\/facebook\/#breadcrumb"},"inLanguage":"es","potentialAction":[{"@type":"ReadAction","target":["https:\/\/elfsight.com\/es\/countdown-timer-widget\/facebook\/"]}]},{"@type":"BreadcrumbList","@id":"https:\/\/elfsight.com\/es\/countdown-timer-widget\/facebook\/#breadcrumb","itemListElement":[{"@type":"ListItem","position":1,"name":"Home","item":"https:\/\/elfsight.com\/es\/"},{"@type":"ListItem","position":2,"name":"Countdown Timer","item":"https:\/\/elfsight.com\/es\/countdown-timer-widget\/"},{"@type":"ListItem","position":3,"name":"Countdown Timer &#8211; Facebook Page"}]},{"@type":"WebSite","@id":"https:\/\/elfsight.com\/es\/#website","url":"https:\/\/elfsight.com\/es\/","name":"Elfsight ES","description":"Just another Elfsight Sites site","potentialAction":[{"@type":"SearchAction","target":{"@type":"EntryPoint","urlTemplate":"https:\/\/elfsight.com\/es\/?s={search_term_string}"},"query-input":{"@type":"PropertyValueSpecification","valueRequired":true,"valueName":"search_term_string"}}],"inLanguage":"es"}]}},"meta_box":{"industry":"","seo_heading":"","heading":"","description":"","cta_heading":"","cta_description":"","application":"1356","h1":"Widget de temporizador de cuenta regresiva para la p\u00e1gina de Facebook","h1_caption":"Configure una cuenta regresiva para eventos o promociones importantes, creando una sensaci\u00f3n de urgencia para sus visitantes en el sitio web de su p\u00e1gina de Facebook sin esfuerzo.","application_category":[],"applications_title":"","applications_request_title":"","applications_request_button_text":"","hero_text":"","hero_video":"","hero_video_schema_markup":"","selling_points_title":"","selling_points_caption":"","selling_points":[],"selling_points_cta_text":"","features_title":"","features":"","ed_cta_examples_text":"","ed_cta_examples_hidden":"","ed_cta_demo_text":"","ed_cta_demo_hidden":"","why_caption":"","why_editor_title":"","why_editor_text":"","why_team_title":"","why_team_text":"","why_service_title":"","why_service_text":"","template_catalog_visible":"","template_catalog_title":"","template_catalog_text":"","template_catalog_categories_visible":"","demo_title":"Crea tu widget de temporizador de cuenta regresiva","demo_caption":"\u00a1Configure su temporizador de cuenta regresiva y agr\u00e9guelo al sitio web de su p\u00e1gina de Facebook de forma gratuita!","default_faq_hidden":"","app_template_category":[],"platform":"64","template_public_id":"","codecanyon_url":"","codecanyon_item_id":"","codecanyon_price":"","pricing_caption":"","pricing_elfsight_apps_hide_column":"","pricing_elfsight_apps_url":"","pricing_codecanyon_price_caption":"","integration_category":[],"integration_request_title":"","integration_request_cta":"","integration_platform":"","integrations":[],"platform_category":[],"video_schema_markup":"","price":"desde $0 \/ mes","trial":"","benefits":[{"text":"Asistencia de instalaci\u00f3n gratuita"},{"text":"Servicio al cliente profesional"},{"text":"Garant\u00eda de reembolso de 14 d\u00edas"},{"text":"Actualizando constantemente"}],"button_url":"#demo","button_target_blank":"","button_nofollow":"","attributes":[{"name":"Instalaciones","content":"100,000 - 500,000"},{"name":"Sensible","content":"S\u00ed"},{"name":"Navegadores compatibles","content":"Edge, Firefox, Chrome, Safari, Opera"}],"tags":[],"tags_disable_links":"","hide_more_platforms":"","video_object":"","demo_hide_cta":"","demo_hide_cloud_options":"","pricing_title":"","pricing":[{"pricing_icon":"platform","pricing_title":"Elfsight Apps","pricing_title_caption":"Software multiplataforma","pricing_price":"desde $0 \/ mes","pricing_price_caption":"comienza con el plan gratuito","pricing_benefits":[{"text":"Sitios web ilimitados"},{"text":"Soporte gratuito"},{"text":"Asistencia de instalaci\u00f3n gratuita"},{"text":"100% personalizable"}],"pricing_button_text":"A\u00f1adir al sitio web","pricing_button_url":"#demo"}],"related_apps_title":"","related_apps_hidden":"","author":"","image":[],"title":"","job":"","social_networks":[]},"_links":{"self":[{"href":"https:\/\/elfsight.com\/es\/wp-json\/wp\/v2\/pages\/15795","targetHints":{"allow":["GET"]}}],"collection":[{"href":"https:\/\/elfsight.com\/es\/wp-json\/wp\/v2\/pages"}],"about":[{"href":"https:\/\/elfsight.com\/es\/wp-json\/wp\/v2\/types\/page"}],"author":[{"embeddable":true,"href":"https:\/\/elfsight.com\/es\/wp-json\/wp\/v2\/users\/9"}],"replies":[{"embeddable":true,"href":"https:\/\/elfsight.com\/es\/wp-json\/wp\/v2\/comments?post=15795"}],"version-history":[{"count":3,"href":"https:\/\/elfsight.com\/es\/wp-json\/wp\/v2\/pages\/15795\/revisions"}],"predecessor-version":[{"id":17773,"href":"https:\/\/elfsight.com\/es\/wp-json\/wp\/v2\/pages\/15795\/revisions\/17773"}],"up":[{"embeddable":true,"href":"https:\/\/elfsight.com\/es\/wp-json\/wp\/v2\/pages\/1357"}],"wp:attachment":[{"href":"https:\/\/elfsight.com\/es\/wp-json\/wp\/v2\/media?parent=15795"}],"curies":[{"name":"wp","href":"https:\/\/api.w.org\/{rel}","templated":true}]}}