{"id":15794,"date":"2024-05-03T06:34:05","date_gmt":"2024-05-03T06:34:05","guid":{"rendered":"https:\/\/elfsight.com\/es\/?page_id=15794"},"modified":"2025-02-06T15:00:59","modified_gmt":"2025-02-06T15:00:59","slug":"elementor","status":"publish","type":"page","link":"https:\/\/elfsight.com\/es\/countdown-timer-widget\/elementor\/","title":{"rendered":"Countdown Timer &#8211; Elementor"},"content":{"rendered":"<div class=\"application-platform-content-item-description application-platform-content-item\" id=\"description\" data-nav-section=\"description\"> <h2>Incrusta el Temporizador de Cuenta Regresiva en Elementor con el widget de Elfsight<\/h2><p>Muestra cuentas regresivas que aumentan las ventas en tu sitio web con el widget de cuenta regresiva de Elfsight. Crea una sensaci\u00f3n de urgencia y escasez de tus productos, mostrando c\u00f3mo se est\u00e1n comprando r\u00e1pidamente ante los ojos de los clientes. Genera urgencia para comprarlos mientras el tiempo cuenta hacia el final del per\u00edodo de oferta especial. Anuncia tus pr\u00f3ximos eventos o d\u00edas festivos y mant\u00e9n a tu audiencia expectante mostrando un temporizador de cuenta regresiva.<\/p> <p><b>Aumenta las ventas de tu sitio web usando temporizadores y cuentas regresivas que generen urgencia ofrecidos por nuestro Temporizador de Cuenta Regresiva para Elementor.<\/b><\/p><p><b>Estimula a los compradores a comprar generando una sensaci\u00f3n de urgencia.<\/b><br> Haz que tus clientes sientan el miedo de perderse tus precios bajos y ofertas, mientras el tiempo cuenta regresivamente hasta el final. Esto har\u00e1 que los usuarios compren m\u00e1s r\u00e1pido y aumentes las ventas en tu sitio web.<\/p><p><b>Demuestra c\u00f3mo disminuyen las existencias para aumentar el valor percibido de los productos.<\/b><br> Crea una sensaci\u00f3n de competencia por tus productos mostrando c\u00f3mo aumentan las ventas y c\u00f3mo disminuyen las existencias. El valor percibido del producto aumentar\u00e1 y los clientes querr\u00e1n adquirirlo tambi\u00e9n.<\/p><p><b>Atrae m\u00e1s atenci\u00f3n a las ventas con la ayuda de una barra de temporizador llamativa estilo festivo.<\/b><br> Crea una barra de venta tem\u00e1tica y brillante para festividades y ocasiones especiales. Reflejar\u00e1 el ambiente festivo y destacar\u00e1 tus ofertas especiales para ayudarte a vender m\u00e1s durante la temporada alta.<\/p><\/div><div class=\"application-platform-content-item-features application-platform-content-item\" id=\"features\" data-nav-section=\"features\"> <h2>Caracter\u00edsticas principales del widget de Cuenta Regresiva<\/h2> <p>\u00bfQu\u00e9 rasgos convierten a nuestro widget en el mejor para cualquier sitio en Elementor? Explora sus principales ventajas:<\/p><ul> <li>Contador ascendente y descendente;<\/li> <li>Texto del bot\u00f3n editable;<\/li> <li>Opci\u00f3n para desactivar cualquier unidad de tiempo;<\/li> <li>Opci\u00f3n para cambiar el color del temporizador, bot\u00f3n, etiquetas y mensaje;<\/li> <li>Tama\u00f1os personalizables de temporizador y bot\u00f3n.<\/li><\/ul> <p><a href=\"#demo\">Puedes explorar todas las ventajas con la ayuda del editor en vivo<\/a><\/p><\/div><div class=\"application-platform-content-item-installation application-platform-content-item\" id=\"installation\" data-nav-section=\"installation\"><\/div> <h2>C\u00f3mo a\u00f1adir un Temporizador de Cuenta Regresiva a un sitio de Elementor<\/h2><div class=\"video-container\"><iframe width=\"720\" height=\"405\" src=\"https:\/\/www.youtube.com\/embed\/LqcfbY8KevU\" frameborder=\"0\" allowfullscreen=\"\"><\/iframe><\/div><p>Para realizar la integraci\u00f3n, no necesitar\u00e1s conocimientos de programaci\u00f3n ni mucho tiempo. Solo unos sencillos pasos y 1 minuto de tu tiempo resultar\u00e1n en un <a href=\"https:\/\/elfsight.com\/blog\/best-countdown-timer-for-elementor\/\">Temporizador de Cuenta Regresiva para Elementor<\/a> personalizado para ti.<\/p><ol><li><b>Genera tu widget de cuenta regresiva<\/b><br> Usando nuestro editor gratuito, crea un plugin con el dise\u00f1o y las opciones que prefieras.<\/li><li><b>Obt\u00e9n el c\u00f3digo \u00fanico para mostrar el plugin<\/b><br> Despu\u00e9s de generar el widget, recibir\u00e1s un c\u00f3digo \u00fanico para el plugin de Cuenta Regresiva en la notificaci\u00f3n emergente de Elfsight Apps.<\/li><li><b>Publica el plugin en tu sitio de Elementor<\/b><br> Integra el plugin en el lugar que hayas seleccionado en tu sitio web y publica los resultados.<\/li><li><b>\u00a1Listo!<\/b><br> Visita tu sitio para ver c\u00f3mo funciona tu plugin de Temporizador de Cuenta Regresiva en Elementor.<\/li><\/ol><p>\u00bfTienes preguntas sobre c\u00f3mo mostrar el plugin o personalizarlo? Contacta al soporte de Elfsight para obtener ayuda con cualquier problema.<\/p>","protected":false},"excerpt":{"rendered":"C\u00f3mo a\u00f1adir un Temporizador de Cuenta Regresiva a un sitio de ElementorPara realizar la integraci\u00f3n, no necesitar\u00e1s conocimientos de programaci\u00f3n ni mucho tiempo. Solo unos sencillos pasos y 1 minuto de tu tiempo resultar\u00e1n en un Temporizador de Cuenta Regresiva para Elementor personalizado para ti.Genera tu widget de cuenta regresiva&#8230;","protected":false},"author":9,"featured_media":0,"parent":1357,"menu_order":0,"comment_status":"closed","ping_status":"closed","template":"templates\/template-application-platform.php","meta":{"publish_to_discourse":"","publish_post_category":"","wpdc_auto_publish_overridden":"","wpdc_topic_tags":"","wpdc_pin_topic":"","wpdc_pin_until":"","discourse_post_id":"","discourse_permalink":"","wpdc_publishing_response":"","wpdc_publishing_error":"","footnotes":""},"class_list":["post-15794","page","type-page","status-publish","hentry"],"yoast_head":"<!-- This site is optimized with the Yoast SEO plugin v25.3.1 - https:\/\/yoast.com\/wordpress\/plugins\/seo\/ -->\n<title>Widget de temporizador de cuenta regresiva de Elementor: agregar temporizador de cuenta regresiva a Elementor [2025]<\/title>\n<meta name=\"description\" content=\"Cree un widget de temporizador de cuenta regresiva personalizado para el sitio web de Elementor. Agregue extensos widgets en solo 3 minutos de forma gratuita en el editor de complementos m\u00e1s pr\u00e1ctico.\" \/>\n<meta name=\"robots\" content=\"index, follow, max-snippet:-1, max-image-preview:large, max-video-preview:-1\" \/>\n<link rel=\"canonical\" href=\"https:\/\/elfsight.com\/es\/countdown-timer-widget\/elementor\/\" \/>\n<meta property=\"og:locale\" content=\"es_ES\" \/>\n<meta property=\"og:type\" content=\"article\" \/>\n<meta property=\"og:title\" content=\"Widget de temporizador de cuenta regresiva de Elementor: agregar temporizador de cuenta regresiva a Elementor [2025]\" \/>\n<meta property=\"og:description\" content=\"Cree un widget de temporizador de cuenta regresiva personalizado para el sitio web de Elementor. Agregue extensos widgets en solo 3 minutos de forma gratuita en el editor de complementos m\u00e1s pr\u00e1ctico.\" \/>\n<meta property=\"og:url\" content=\"https:\/\/elfsight.com\/es\/countdown-timer-widget\/elementor\/\" \/>\n<meta property=\"og:site_name\" content=\"Elfsight ES\" \/>\n<meta property=\"article:modified_time\" content=\"2025-02-06T15:00:59+00:00\" \/>\n<meta name=\"twitter:card\" content=\"summary_large_image\" \/>\n<meta name=\"twitter:label1\" content=\"Tiempo de lectura\" \/>\n\t<meta name=\"twitter:data1\" content=\"3 minutos\" \/>\n<!-- \/ Yoast SEO plugin. -->","yoast_head_json":{"title":"Widget de temporizador de cuenta regresiva de Elementor: agregar temporizador de cuenta regresiva a Elementor [2025]","description":"Cree un widget de temporizador de cuenta regresiva personalizado para el sitio web de Elementor. Agregue extensos widgets en solo 3 minutos de forma gratuita en el editor de complementos m\u00e1s pr\u00e1ctico.","robots":{"index":"index","follow":"follow","max-snippet":"max-snippet:-1","max-image-preview":"max-image-preview:large","max-video-preview":"max-video-preview:-1"},"canonical":"https:\/\/elfsight.com\/es\/countdown-timer-widget\/elementor\/","og_locale":"es_ES","og_type":"article","og_title":"Widget de temporizador de cuenta regresiva de Elementor: agregar temporizador de cuenta regresiva a Elementor [2025]","og_description":"Cree un widget de temporizador de cuenta regresiva personalizado para el sitio web de Elementor. Agregue extensos widgets en solo 3 minutos de forma gratuita en el editor de complementos m\u00e1s pr\u00e1ctico.","og_url":"https:\/\/elfsight.com\/es\/countdown-timer-widget\/elementor\/","og_site_name":"Elfsight ES","article_modified_time":"2025-02-06T15:00:59+00:00","twitter_card":"summary_large_image","twitter_misc":{"Tiempo de lectura":"3 minutos"},"schema":{"@context":"https:\/\/schema.org","@graph":[{"@type":"WebPage","@id":"https:\/\/elfsight.com\/es\/countdown-timer-widget\/elementor\/","url":"https:\/\/elfsight.com\/es\/countdown-timer-widget\/elementor\/","name":"Widget de temporizador de cuenta regresiva de Elementor: agregar temporizador de cuenta regresiva a Elementor [2025]","isPartOf":{"@id":"https:\/\/elfsight.com\/es\/#website"},"datePublished":"2024-05-03T06:34:05+00:00","dateModified":"2025-02-06T15:00:59+00:00","description":"Cree un widget de temporizador de cuenta regresiva personalizado para el sitio web de Elementor. Agregue extensos widgets en solo 3 minutos de forma gratuita en el editor de complementos m\u00e1s pr\u00e1ctico.","breadcrumb":{"@id":"https:\/\/elfsight.com\/es\/countdown-timer-widget\/elementor\/#breadcrumb"},"inLanguage":"es","potentialAction":[{"@type":"ReadAction","target":["https:\/\/elfsight.com\/es\/countdown-timer-widget\/elementor\/"]}]},{"@type":"BreadcrumbList","@id":"https:\/\/elfsight.com\/es\/countdown-timer-widget\/elementor\/#breadcrumb","itemListElement":[{"@type":"ListItem","position":1,"name":"Home","item":"https:\/\/elfsight.com\/es\/"},{"@type":"ListItem","position":2,"name":"Countdown Timer","item":"https:\/\/elfsight.com\/es\/countdown-timer-widget\/"},{"@type":"ListItem","position":3,"name":"Countdown Timer &#8211; Elementor"}]},{"@type":"WebSite","@id":"https:\/\/elfsight.com\/es\/#website","url":"https:\/\/elfsight.com\/es\/","name":"Elfsight ES","description":"Just another Elfsight Sites site","potentialAction":[{"@type":"SearchAction","target":{"@type":"EntryPoint","urlTemplate":"https:\/\/elfsight.com\/es\/?s={search_term_string}"},"query-input":{"@type":"PropertyValueSpecification","valueRequired":true,"valueName":"search_term_string"}}],"inLanguage":"es"}]}},"meta_box":{"industry":"","seo_heading":"","heading":"","description":"","cta_heading":"","cta_description":"","application":"1356","h1":"El widget de Temporizador de Cuenta Regresiva para Elementor","h1_caption":"Configure una cuenta regresiva para eventos o promociones importantes, creando una sensaci\u00f3n de urgencia para sus visitantes en su sitio web de Elementor sin esfuerzo.","application_category":[],"applications_title":"","applications_request_title":"","applications_request_button_text":"","hero_text":"","hero_video":"","hero_video_schema_markup":"","selling_points_title":"","selling_points_caption":"","selling_points":[],"selling_points_cta_text":"","features_title":"","features":"","ed_cta_examples_text":"","ed_cta_examples_hidden":"","ed_cta_demo_text":"","ed_cta_demo_hidden":"","why_caption":"","why_editor_title":"","why_editor_text":"","why_team_title":"","why_team_text":"","why_service_title":"","why_service_text":"","template_catalog_visible":"0","template_catalog_title":"","template_catalog_text":"","template_catalog_categories_visible":"","demo_title":"Crea tu widget de temporizador de cuenta regresiva","demo_caption":"\u00a1Configure su temporizador de cuenta regresiva y agr\u00e9guelo a su sitio web de Elementor gratis!","default_faq_hidden":"","app_template_category":[],"platform":"58","template_public_id":"","codecanyon_url":"","codecanyon_item_id":"","codecanyon_price":"","pricing_caption":"","pricing_elfsight_apps_hide_column":"","pricing_elfsight_apps_url":"","pricing_codecanyon_price_caption":"","integration_category":[],"integration_request_title":"","integration_request_cta":"","integration_platform":"","integrations":[],"platform_category":[],"video_schema_markup":"","price":"desde $0 \/ mes","trial":"","benefits":[{"text":"Asistencia de instalaci\u00f3n gratuita"},{"text":"Soporte premium"},{"text":"Garant\u00eda de devoluci\u00f3n de dinero de 14 d\u00edas"},{"text":"Futuras mejoras gratuitas"}],"button_url":"#demo","button_target_blank":"0","button_nofollow":"0","attributes":[{"name":"Instalaciones","content":"100,000 - 500,000"},{"name":"Sensible","content":"S\u00ed"},{"name":"Navegadores compatibles","content":"Firefox, Safari, Opera, Chrome, Edge"}],"tags":[],"tags_disable_links":"0","hide_more_platforms":"","video_object":"","demo_hide_cta":"0","demo_hide_cloud_options":"0","pricing_title":"","pricing":[{"pricing_icon":"platform","pricing_title":"Elfsight Apps","pricing_title_caption":"Versi\u00f3n independiente de la plataforma","pricing_price":"desde $0 \/ mes","pricing_price_caption":"comienza con el plan gratuito","pricing_benefits":[{"text":"Sitios web ilimitados"},{"text":"Soporte dedicado y puntual"},{"text":"Ayuda de instalaci\u00f3n gratuita"},{"text":"Oferta por tiempo limitado para m\u00faltiples aplicaciones"}],"pricing_button_text":"A\u00f1adir al sitio web","pricing_button_url":"#demo"}],"related_apps_title":"","related_apps_hidden":"0","author":"","image":[],"title":"","job":"","social_networks":[]},"_links":{"self":[{"href":"https:\/\/elfsight.com\/es\/wp-json\/wp\/v2\/pages\/15794","targetHints":{"allow":["GET"]}}],"collection":[{"href":"https:\/\/elfsight.com\/es\/wp-json\/wp\/v2\/pages"}],"about":[{"href":"https:\/\/elfsight.com\/es\/wp-json\/wp\/v2\/types\/page"}],"author":[{"embeddable":true,"href":"https:\/\/elfsight.com\/es\/wp-json\/wp\/v2\/users\/9"}],"replies":[{"embeddable":true,"href":"https:\/\/elfsight.com\/es\/wp-json\/wp\/v2\/comments?post=15794"}],"version-history":[{"count":3,"href":"https:\/\/elfsight.com\/es\/wp-json\/wp\/v2\/pages\/15794\/revisions"}],"predecessor-version":[{"id":17771,"href":"https:\/\/elfsight.com\/es\/wp-json\/wp\/v2\/pages\/15794\/revisions\/17771"}],"up":[{"embeddable":true,"href":"https:\/\/elfsight.com\/es\/wp-json\/wp\/v2\/pages\/1357"}],"wp:attachment":[{"href":"https:\/\/elfsight.com\/es\/wp-json\/wp\/v2\/media?parent=15794"}],"curies":[{"name":"wp","href":"https:\/\/api.w.org\/{rel}","templated":true}]}}