{"id":15793,"date":"2024-05-03T06:34:21","date_gmt":"2024-05-03T06:34:21","guid":{"rendered":"https:\/\/elfsight.com\/es\/?page_id=15793"},"modified":"2025-02-06T15:00:25","modified_gmt":"2025-02-06T15:00:25","slug":"drupal","status":"publish","type":"page","link":"https:\/\/elfsight.com\/es\/countdown-timer-widget\/drupal\/","title":{"rendered":"Countdown Timer &#8211; Drupal"},"content":{"rendered":"<div class=\"application-platform-content-item-description application-platform-content-item\" id=\"description\" data-nav-section=\"description\"><h2>Descripci\u00f3n<\/h2><p>Puedes usar el m\u00f3dulo Elfsight Countdown Clock para mostrar diversos tipos de cuentas atr\u00e1s y temporizadores que estimulan a los clientes a comprar. El conteo de existencias o ventas crear\u00e1 una sensaci\u00f3n de escasez y competencia; el temporizador de venta animar\u00e1 a los compradores a comprar antes de perderse una buena oferta. Un temporizador personal estimular\u00e1 a cada cliente a aprovechar una oferta personal ahora mismo; los banners festivos con ofertas especiales atraer\u00e1n atenci\u00f3n gracias al dise\u00f1o tem\u00e1tico.<\/p><p><b>Haz que tus eventos y ventas sean imposibles de perder y atrae m\u00e1s compras.<\/b><\/p><p><b>Inspira a los usuarios a comprar creando una sensaci\u00f3n de urgencia.<\/b><br> Haz que tus clientes tengan miedo de perderse tu gran oferta mostrando el tiempo que pasa hasta el final de la misma. Esto har\u00e1 que los visitantes compren m\u00e1s r\u00e1pido y aumentar\u00e1 las ventas en tu sitio.<\/p><p><b>Muestra el inventario disminuyendo para aumentar el valor de los productos. <\/b><br> Crea una sensaci\u00f3n de competencia por tus art\u00edculos mostrando c\u00f3mo la cantidad de compras aumenta y las existencias disminuyen. El valor percibido del producto aumentar\u00e1 y los usuarios querr\u00e1n adquirirlo tambi\u00e9n.<\/p><p><b>Atrae m\u00e1s atenci\u00f3n a tu venta con una barra de temporizador de estilo festivo especial.<\/b><br> Usando barras tem\u00e1ticas atractivas, puedes promocionar tus ofertas y ventas de temporada. Aprovecha al m\u00e1ximo la temporada navide\u00f1a para aumentar las ventas en tu sitio.<\/p><\/div><div class=\"application-platform-content-item-features application-platform-content-item\" id=\"features\" data-nav-section=\"features\"><h2>Caracter\u00edsticas<\/h2><p>5 caracter\u00edsticas que hacen de Elfsight Countdown una soluci\u00f3n esencial para los sitios Drupal:<\/p><ul><li>Dos acciones despu\u00e9s de que termine el temporizador: ocultar el temporizador o mostrar mensaje;<\/li><li>Opci\u00f3n de abrir el enlace del bot\u00f3n en una nueva pesta\u00f1a;<\/li><li>Cuatro unidades de tiempo: d\u00edas, horas, minutos, segundos;<\/li><li>Variantes de alineaci\u00f3n para posici\u00f3n personalizada: izquierda, derecha, centro;<\/li><li>Interfaz sensible con adaptaci\u00f3n autom\u00e1tica al tama\u00f1o de pantalla.<\/li><\/ul><p><a href=\"#demo\">Pru\u00e9balo en todos sus detalles<\/a><\/p><\/div><div class=\"application-platform-content-item-installation application-platform-content-item\" id=\"installation\" data-nav-section=\"installation\"><h2>C\u00f3mo agregar el temporizador de cuenta atr\u00e1s a un sitio Drupal<\/h2><div class=\"video-container\"><iframe width=\"720\" height=\"405\" src=\"https:\/\/www.youtube.com\/embed\/DQ_PODhRgU4\" frameborder=\"0\" allowfullscreen=\"\"><\/iframe><\/div><p>Solo aplica las instrucciones a continuaci\u00f3n para comenzar a trabajar con la herramienta en Drupal.<\/p> <ol><li><b>Inicia nuestro editor gratuito y comienza a crear tu m\u00f3dulo Timer \u00fanico. <\/b><br> Elige el dise\u00f1o y los par\u00e1metros preferidos del m\u00f3dulo y aplica los cambios. <\/li>  <li><b>Recibe el c\u00f3digo \u00fanico que aparece en la ventana de Elfsight Apps. <\/b><br> Una vez que la configuraci\u00f3n de tu m\u00f3dulo personal est\u00e9 completa, copia el c\u00f3digo exclusivo de la ventana emergente y gu\u00e1rdalo para su uso posterior. <\/li>  <li><b>Comienza a usar el plugin en tu sitio Drupal. <\/b><br> Coloca el c\u00f3digo guardado previamente en tu p\u00e1gina y aplica los cambios. <\/li>  <li><b>\u00a1Listo! La integraci\u00f3n se ha realizado con \u00e9xito. <\/b><br> Ve a tu p\u00e1gina para revisar el funcionamiento del m\u00f3dulo. <\/li><\/ol><p>\u00bfTuviste alguna pregunta mientras usabas el manual? Contacta con el servicio de soporte de Elfsight o consulta una <a href=\"https:\/\/elfsight.com\/tutorials\/how-to-add-countdown-timer-to-drupal\/\" target=\"_blank\" rel=\"noopener noreferrer\">gu\u00eda detallada<\/a> y completa la instalaci\u00f3n por ti mismo.<\/p><div class=\"faq\" data-component=\"FAQ\"> <div class=\"faq-item\">\r\n\t\t\t\t\t<div class=\"faq-item-question\">\r\n\t\t\t\t\t\t<h3 class=\"faq-item-question-text\">\u00bfC\u00f3mo agregar un Countdown Timer a mi sitio Drupal sin habilidades de codificaci\u00f3n?<\/h3>\r\n\r\n\t\t\t\t\t\t<div class=\"faq-item-question-icon\"><\/div>\r\n\t\t\t\t\t<\/div>\r\n\r\n\t\t\t\t\t<div class=\"faq-item-answer\">\r\n\t\t\t\t\t\t<div class=\"faq-item-answer-text\"> <p>Elfsight ofrece una soluci\u00f3n SaaS que te permite crear un widget Countdown Timer t\u00fa mismo, ve lo f\u00e1cil que es el proceso: Trabaja directamente en el Editor en l\u00ednea para crear el widget Countdown Timer que te gustar\u00eda ver en tu sitio Drupal. Elige una de las plantillas pre-dise\u00f1adas y ajusta la configuraci\u00f3n del Countdown Timer, agrega tu contenido, cambia el dise\u00f1o y los colores sin habilidades de codificaci\u00f3n. Guarda el Countdown Timer y copia su c\u00f3digo de instalaci\u00f3n, que puedes pegar f\u00e1cilmente en tu sitio Drupal sin necesidad de comprar una suscripci\u00f3n de pago. Con nuestro Editor intuitivo, cualquier usuario de internet puede crear un widget Countdown Timer en l\u00ednea y agregarlo f\u00e1cilmente a su sitio Drupal. No es necesario pagar ni ingresar tus credenciales de tarjeta para acceder al servicio. Si enfrentas alg\u00fan problema en cualquier paso, no dudes en contactar a nuestro equipo de soporte t\u00e9cnico.<\/p> <\/div>\r\n\t\t\t\t\t<\/div>\r\n\t\t\t\t<\/div> <\/div> <\/div>","protected":false},"excerpt":{"rendered":"","protected":false},"author":9,"featured_media":0,"parent":1357,"menu_order":0,"comment_status":"closed","ping_status":"closed","template":"templates\/template-application-platform.php","meta":{"publish_to_discourse":"","publish_post_category":"","wpdc_auto_publish_overridden":"","wpdc_topic_tags":"","wpdc_pin_topic":"","wpdc_pin_until":"","discourse_post_id":"","discourse_permalink":"","wpdc_publishing_response":"","wpdc_publishing_error":"","footnotes":""},"class_list":["post-15793","page","type-page","status-publish","hentry"],"yoast_head":"<!-- This site is optimized with the Yoast SEO plugin v25.3.1 - https:\/\/yoast.com\/wordpress\/plugins\/seo\/ -->\n<title>El mejor m\u00f3dulo Drupal Countdown Timer para sitios web (2025)<\/title>\n<meta name=\"description\" content=\"Cree el mejor m\u00f3dulo de temporizador de cuenta regresiva para su sitio web Drupal. Explora nuestro editor flexible y genera un complemento personal en solo 1 minuto.\" \/>\n<meta name=\"robots\" content=\"index, follow, max-snippet:-1, max-image-preview:large, max-video-preview:-1\" \/>\n<link rel=\"canonical\" href=\"https:\/\/elfsight.com\/es\/countdown-timer-widget\/drupal\/\" \/>\n<meta property=\"og:locale\" content=\"es_ES\" \/>\n<meta property=\"og:type\" content=\"article\" \/>\n<meta property=\"og:title\" content=\"El mejor m\u00f3dulo Drupal Countdown Timer para sitios web (2025)\" \/>\n<meta property=\"og:description\" content=\"Cree el mejor m\u00f3dulo de temporizador de cuenta regresiva para su sitio web Drupal. Explora nuestro editor flexible y genera un complemento personal en solo 1 minuto.\" \/>\n<meta property=\"og:url\" content=\"https:\/\/elfsight.com\/es\/countdown-timer-widget\/drupal\/\" \/>\n<meta property=\"og:site_name\" content=\"Elfsight ES\" \/>\n<meta property=\"article:modified_time\" content=\"2025-02-06T15:00:25+00:00\" \/>\n<meta name=\"twitter:card\" content=\"summary_large_image\" \/>\n<meta name=\"twitter:label1\" content=\"Tiempo de lectura\" \/>\n\t<meta name=\"twitter:data1\" content=\"4 minutos\" \/>\n<!-- \/ Yoast SEO plugin. -->","yoast_head_json":{"title":"El mejor m\u00f3dulo Drupal Countdown Timer para sitios web (2025)","description":"Cree el mejor m\u00f3dulo de temporizador de cuenta regresiva para su sitio web Drupal. Explora nuestro editor flexible y genera un complemento personal en solo 1 minuto.","robots":{"index":"index","follow":"follow","max-snippet":"max-snippet:-1","max-image-preview":"max-image-preview:large","max-video-preview":"max-video-preview:-1"},"canonical":"https:\/\/elfsight.com\/es\/countdown-timer-widget\/drupal\/","og_locale":"es_ES","og_type":"article","og_title":"El mejor m\u00f3dulo Drupal Countdown Timer para sitios web (2025)","og_description":"Cree el mejor m\u00f3dulo de temporizador de cuenta regresiva para su sitio web Drupal. Explora nuestro editor flexible y genera un complemento personal en solo 1 minuto.","og_url":"https:\/\/elfsight.com\/es\/countdown-timer-widget\/drupal\/","og_site_name":"Elfsight ES","article_modified_time":"2025-02-06T15:00:25+00:00","twitter_card":"summary_large_image","twitter_misc":{"Tiempo de lectura":"4 minutos"},"schema":{"@context":"https:\/\/schema.org","@graph":[{"@type":"WebPage","@id":"https:\/\/elfsight.com\/es\/countdown-timer-widget\/drupal\/","url":"https:\/\/elfsight.com\/es\/countdown-timer-widget\/drupal\/","name":"El mejor m\u00f3dulo Drupal Countdown Timer para sitios web (2025)","isPartOf":{"@id":"https:\/\/elfsight.com\/es\/#website"},"datePublished":"2024-05-03T06:34:21+00:00","dateModified":"2025-02-06T15:00:25+00:00","description":"Cree el mejor m\u00f3dulo de temporizador de cuenta regresiva para su sitio web Drupal. Explora nuestro editor flexible y genera un complemento personal en solo 1 minuto.","breadcrumb":{"@id":"https:\/\/elfsight.com\/es\/countdown-timer-widget\/drupal\/#breadcrumb"},"inLanguage":"es","potentialAction":[{"@type":"ReadAction","target":["https:\/\/elfsight.com\/es\/countdown-timer-widget\/drupal\/"]}]},{"@type":"BreadcrumbList","@id":"https:\/\/elfsight.com\/es\/countdown-timer-widget\/drupal\/#breadcrumb","itemListElement":[{"@type":"ListItem","position":1,"name":"Home","item":"https:\/\/elfsight.com\/es\/"},{"@type":"ListItem","position":2,"name":"Countdown Timer","item":"https:\/\/elfsight.com\/es\/countdown-timer-widget\/"},{"@type":"ListItem","position":3,"name":"Countdown Timer &#8211; Drupal"}]},{"@type":"WebSite","@id":"https:\/\/elfsight.com\/es\/#website","url":"https:\/\/elfsight.com\/es\/","name":"Elfsight ES","description":"Just another Elfsight Sites site","potentialAction":[{"@type":"SearchAction","target":{"@type":"EntryPoint","urlTemplate":"https:\/\/elfsight.com\/es\/?s={search_term_string}"},"query-input":{"@type":"PropertyValueSpecification","valueRequired":true,"valueName":"search_term_string"}}],"inLanguage":"es"}]}},"meta_box":{"industry":"","seo_heading":"","heading":"","description":"","cta_heading":"","cta_description":"","application":"1356","h1":"M\u00f3dulo de temporizador de cuenta regresiva Drupal","h1_caption":"Configure una cuenta regresiva para eventos o promociones importantes, creando una sensaci\u00f3n de urgencia para sus visitantes en su sitio web Drupal sin esfuerzo.","application_category":[],"applications_title":"","applications_request_title":"","applications_request_button_text":"","hero_text":"","hero_video":"","hero_video_schema_markup":"","selling_points_title":"","selling_points_caption":"","selling_points":[],"selling_points_cta_text":"","features_title":"","features":"","ed_cta_examples_text":"","ed_cta_examples_hidden":"","ed_cta_demo_text":"","ed_cta_demo_hidden":"","why_caption":"","why_editor_title":"","why_editor_text":"","why_team_title":"","why_team_text":"","why_service_title":"","why_service_text":"","template_catalog_visible":"","template_catalog_title":"","template_catalog_text":"","template_catalog_categories_visible":"","demo_title":"Crea tu m\u00f3dulo de temporizador de cuenta regresiva","demo_caption":"\u00a1Configure su temporizador de cuenta regresiva y agr\u00e9guelo a su sitio web Drupal de forma gratuita!","default_faq_hidden":"","app_template_category":[],"platform":"2161","template_public_id":"","codecanyon_url":"","codecanyon_item_id":"","codecanyon_price":"","pricing_caption":"","pricing_elfsight_apps_hide_column":"","pricing_elfsight_apps_url":"","pricing_codecanyon_price_caption":"","integration_category":[],"integration_request_title":"","integration_request_cta":"","integration_platform":"","integrations":[],"platform_category":[],"video_schema_markup":"","price":"desde $0 \/ mes","trial":"","benefits":[{"text":"Servicio de instalaci\u00f3n gratuito"},{"text":"Atenci\u00f3n al cliente experimentada"},{"text":"Garant\u00eda de reembolso de 14 d\u00edas"},{"text":"Mejoras continuas"}],"button_url":"#demo","button_target_blank":"","button_nofollow":"","attributes":[{"name":"Instalaciones","content":"100,000 - 500,000"},{"name":"Sensible","content":"S\u00ed"},{"name":"Navegadores compatibles","content":"Firefox, Safari, Opera, Chrome, Edge"}],"tags":[],"tags_disable_links":"","hide_more_platforms":"","video_object":"","demo_hide_cta":"","demo_hide_cloud_options":"","pricing_title":"","pricing":[{"pricing_icon":"platform","pricing_title":"Elfsight Apps","pricing_title_caption":"Soluci\u00f3n multiplataforma","pricing_price":"desde $0 \/ mes","pricing_price_caption":"comienza con el plan gratuito","pricing_benefits":[{"text":"Sitios web ilimitados"},{"text":"Soporte profesional"},{"text":"Ayuda de instalaci\u00f3n gratuita"},{"text":"Oferta especial para m\u00faltiples aplicaciones"}],"pricing_button_text":"A\u00f1adir al sitio web","pricing_button_url":"#demo"}],"related_apps_title":"","related_apps_hidden":"","author":"","image":[],"title":"","job":"","social_networks":[]},"_links":{"self":[{"href":"https:\/\/elfsight.com\/es\/wp-json\/wp\/v2\/pages\/15793","targetHints":{"allow":["GET"]}}],"collection":[{"href":"https:\/\/elfsight.com\/es\/wp-json\/wp\/v2\/pages"}],"about":[{"href":"https:\/\/elfsight.com\/es\/wp-json\/wp\/v2\/types\/page"}],"author":[{"embeddable":true,"href":"https:\/\/elfsight.com\/es\/wp-json\/wp\/v2\/users\/9"}],"replies":[{"embeddable":true,"href":"https:\/\/elfsight.com\/es\/wp-json\/wp\/v2\/comments?post=15793"}],"version-history":[{"count":3,"href":"https:\/\/elfsight.com\/es\/wp-json\/wp\/v2\/pages\/15793\/revisions"}],"predecessor-version":[{"id":17763,"href":"https:\/\/elfsight.com\/es\/wp-json\/wp\/v2\/pages\/15793\/revisions\/17763"}],"up":[{"embeddable":true,"href":"https:\/\/elfsight.com\/es\/wp-json\/wp\/v2\/pages\/1357"}],"wp:attachment":[{"href":"https:\/\/elfsight.com\/es\/wp-json\/wp\/v2\/media?parent=15793"}],"curies":[{"name":"wp","href":"https:\/\/api.w.org\/{rel}","templated":true}]}}