{"id":15788,"date":"2024-05-03T06:34:17","date_gmt":"2024-05-03T06:34:17","guid":{"rendered":"https:\/\/elfsight.com\/es\/?page_id=15788"},"modified":"2025-02-06T15:00:35","modified_gmt":"2025-02-06T15:00:35","slug":"blogger","status":"publish","type":"page","link":"https:\/\/elfsight.com\/es\/countdown-timer-widget\/blogger\/","title":{"rendered":"Countdown Timer &#8211; Blogger"},"content":{"rendered":"<div class=\"application-platform-content-item-description application-platform-content-item\" id=\"description\" data-nav-section=\"description\"><h2>Descripci\u00f3n<\/h2><p>Puedes usar el Temporizador de Cuenta Regresiva de Elfsight para crear m\u00faltiples tipos de contadores y temporizadores, lo que incentivar\u00e1 a los clientes a comprar m\u00e1s r\u00e1pido. Un contador de stock o ventas evocar\u00e1 una sensaci\u00f3n de disponibilidad limitada y competencia; una cuenta regresiva para ofertas motivar\u00e1 a la audiencia a comprar m\u00e1s r\u00e1pido. Un temporizador personalizado fomentar\u00e1 que cada usuario aproveche su oferta personal m\u00e1s r\u00e1pidamente; las barras de venta festivas atraer\u00e1n atenci\u00f3n gracias a su estilo tem\u00e1tico.<\/p><p><b>Aumenta tus ventas en l\u00ednea con temporizadores y contadores que generen urgencia.<\/b><\/p><p><b>Empuja a los clientes a comprar ahora generando una sensaci\u00f3n de urgencia.<\/b><br> Crea un miedo a perder tu oferta especial o venta mostrando que el tiempo se est\u00e1 agotando hasta el \u00faltimo d\u00eda. Esto har\u00e1 que los clientes compren m\u00e1s r\u00e1pido y aumentar\u00e1n las ventas en tu sitio.<\/p><p><b>Muestra la disminuci\u00f3n del stock para aumentar el valor de los art\u00edculos.<\/b><br> Muestra que tus productos se venden r\u00e1pidamente y se est\u00e1n agotando, con un contador de stock especial. Esto har\u00e1 que las personas valoren m\u00e1s las ofertas y deseen adquirirlas tambi\u00e9n.<\/p><p><b>Atrae m\u00e1s atenci\u00f3n a las ventas usando una barra de temporizador con tem\u00e1tica festiva.<\/b><br> Crea una barra de ventas con un tema brillante para las festividades y ocasiones especiales. Esto crear\u00e1 una atm\u00f3sfera navide\u00f1a y promocionar\u00e1 tus ofertas rentables para ayudarte a vender m\u00e1s durante la temporada alta.<\/p><\/div> <div class=\"application-platform-content-item-features application-platform-content-item\" id=\"features\" data-nav-section=\"features\"><h2>Caracter\u00edsticas<\/h2><p>Algunas de las caracter\u00edsticas principales que hacen que el Temporizador de Cuenta Regresiva de Elfsight sea la mejor opci\u00f3n para un sitio de Blogger:<\/p><ul><li>Tres tipos de temporizadores: inicio-fin, tiempo restante por visitante, cuenta regresiva num\u00e9rica de inicio-fin;<\/li><li>Texto del mensaje editable con formato;<\/li><li>Opci\u00f3n para desactivar cualquier unidad de tiempo;<\/li><li>5 temas festivos para las ocasiones m\u00e1s populares;<\/li><li>Opci\u00f3n para establecer el tama\u00f1o de fuente del mensaje.<\/li><\/ul><p><a href=\"#demo\">Prueba m\u00e1s propiedades en el editor gratuito<\/a><\/p><\/div><div class=\"application-platform-content-item-installation application-platform-content-item\" id=\"installation\" data-nav-section=\"installation\"><h2>C\u00f3mo agregar un Temporizador de Cuenta Regresiva a un sitio de Blogger<\/h2><div class=\"video-container\"><iframe width=\"720\" height=\"405\" src=\"https:\/\/www.youtube.com\/embed\/fqq3aWXclWw\" frameborder=\"0\" allowfullscreen=\"\"><\/iframe><\/div><p>Un manual sencillo para crear relojes y contadores de cuenta regresiva para un sitio web, que no requiere conocimientos de programaci\u00f3n. La implementaci\u00f3n de este manual no tomar\u00e1 m\u00e1s de unos minutos.<\/p><ol><li><b>Construye tu Temporizador de Cuenta Regresiva personalizado<\/b>.<br> Usando nuestra demo gratuita, crea un plugin con la plantilla y capacidades que prefieras.<\/li><li><b>Recibe el c\u00f3digo para mostrar el plugin en tu sitio<\/b>.<br> Despu\u00e9s de ajustar la interfaz del widget, recibe el c\u00f3digo para el plugin de Cuenta Regresiva desde la notificaci\u00f3n emergente en Elfsight Apps.<\/li><li><b>Revela el plugin en tu sitio de Blogger<\/b>.<br> Coloca el plugin en el lugar deseado de la p\u00e1gina y aplica los resultados.<\/li><li><b>\u00a1Listo!<\/b><br> Ve a tu sitio para ver el resultado.<\/li><\/ol><p>\u00bfTienes dificultades o preguntas sobre la instrucci\u00f3n o no logras configurar tu propio plugin? Escribe a nuestro centro de ayuda y el equipo de Elfsight estar\u00e1 encantado de ayudarte, o lee <a href=\"https:\/\/elfsight.com\/tutorials\/how-to-add-countdown-timer-to-blogger\/\" target=\"_blank\" rel=\"noopener noreferrer\">la instrucci\u00f3n informativa<\/a>!<\/p><div class=\"faq\" data-component=\"FAQ\"> <div class=\"faq-item\">\r\n\t\t\t\t\t<div class=\"faq-item-question\">\r\n\t\t\t\t\t\t<h3 class=\"faq-item-question-text\">\u00bfC\u00f3mo agregar un Temporizador de Cuenta Regresiva a mi sitio de Blogger sin habilidades de programaci\u00f3n?<\/h3>\r\n\r\n\t\t\t\t\t\t<div class=\"faq-item-question-icon\"><\/div>\r\n\t\t\t\t\t<\/div>\r\n\r\n\t\t\t\t\t<div class=\"faq-item-answer\">\r\n\t\t\t\t\t\t<div class=\"faq-item-answer-text\"> <p>Elfsight proporciona una soluci\u00f3n SaaS que te permite crear un widget de Temporizador de Cuenta Regresiva por ti mismo, mira lo f\u00e1cil que es el proceso: Trabaja directamente en el Editor en l\u00ednea para crear el widget que deseas ver en tu sitio de Blogger. Escoge una de las plantillas predise\u00f1adas y ajusta la configuraci\u00f3n del Temporizador de Cuenta Regresiva, agrega tu contenido, cambia el dise\u00f1o y el esquema de colores sin necesidad de habilidades de programaci\u00f3n. Guarda el Temporizador de Cuenta Regresiva y copia su c\u00f3digo de instalaci\u00f3n, que puedes pegar en tu sitio de Blogger sin necesidad de comprar una suscripci\u00f3n de pago. Con nuestro Editor intuitivo, cualquier usuario de internet puede crear un widget de Temporizador de Cuenta Regresiva en l\u00ednea e incrustarlo f\u00e1cilmente en su sitio de Blogger. No es necesario pagar ni ingresar tus credenciales de tarjeta para acceder al servicio. Si tienes alg\u00fan problema en alg\u00fan paso, no dudes en contactar con nuestro equipo de soporte t\u00e9cnico.<\/p> <\/div>\r\n\t\t\t\t\t<\/div>\r\n\t\t\t\t<\/div> <\/div> <\/div>","protected":false},"excerpt":{"rendered":"","protected":false},"author":9,"featured_media":0,"parent":1357,"menu_order":0,"comment_status":"closed","ping_status":"closed","template":"templates\/template-application-platform.php","meta":{"publish_to_discourse":"","publish_post_category":"","wpdc_auto_publish_overridden":"","wpdc_topic_tags":"","wpdc_pin_topic":"","wpdc_pin_until":"","discourse_post_id":"","discourse_permalink":"","wpdc_publishing_response":"","wpdc_publishing_error":"","footnotes":""},"class_list":["post-15788","page","type-page","status-publish","hentry"],"yoast_head":"<!-- This site is optimized with the Yoast SEO plugin v25.3.1 - https:\/\/yoast.com\/wordpress\/plugins\/seo\/ -->\n<title>El mejor widget de temporizador de cuenta regresiva de Blogger para sitios web (2026)<\/title>\n<meta name=\"description\" content=\"Dale forma a tu exclusivo widget de temporizador de cuenta regresiva para Blogger en solo 70 segundos. Pruebe los widgets de panel m\u00e1s sencillos creados por Elfsight de forma totalmente gratuita.\" \/>\n<meta name=\"robots\" content=\"index, follow, max-snippet:-1, max-image-preview:large, max-video-preview:-1\" \/>\n<link rel=\"canonical\" href=\"https:\/\/elfsight.com\/es\/countdown-timer-widget\/blogger\/\" \/>\n<meta property=\"og:locale\" content=\"es_ES\" \/>\n<meta property=\"og:type\" content=\"article\" \/>\n<meta property=\"og:title\" content=\"El mejor widget de temporizador de cuenta regresiva de Blogger para sitios web (2026)\" \/>\n<meta property=\"og:description\" content=\"Dale forma a tu exclusivo widget de temporizador de cuenta regresiva para Blogger en solo 70 segundos. Pruebe los widgets de panel m\u00e1s sencillos creados por Elfsight de forma totalmente gratuita.\" \/>\n<meta property=\"og:url\" content=\"https:\/\/elfsight.com\/es\/countdown-timer-widget\/blogger\/\" \/>\n<meta property=\"og:site_name\" content=\"Elfsight ES\" \/>\n<meta property=\"article:modified_time\" content=\"2025-02-06T15:00:35+00:00\" \/>\n<meta name=\"twitter:card\" content=\"summary_large_image\" \/>\n<meta name=\"twitter:label1\" content=\"Tiempo de lectura\" \/>\n\t<meta name=\"twitter:data1\" content=\"4 minutos\" \/>\n<!-- \/ Yoast SEO plugin. -->","yoast_head_json":{"title":"El mejor widget de temporizador de cuenta regresiva de Blogger para sitios web (2026)","description":"Dale forma a tu exclusivo widget de temporizador de cuenta regresiva para Blogger en solo 70 segundos. Pruebe los widgets de panel m\u00e1s sencillos creados por Elfsight de forma totalmente gratuita.","robots":{"index":"index","follow":"follow","max-snippet":"max-snippet:-1","max-image-preview":"max-image-preview:large","max-video-preview":"max-video-preview:-1"},"canonical":"https:\/\/elfsight.com\/es\/countdown-timer-widget\/blogger\/","og_locale":"es_ES","og_type":"article","og_title":"El mejor widget de temporizador de cuenta regresiva de Blogger para sitios web (2026)","og_description":"Dale forma a tu exclusivo widget de temporizador de cuenta regresiva para Blogger en solo 70 segundos. Pruebe los widgets de panel m\u00e1s sencillos creados por Elfsight de forma totalmente gratuita.","og_url":"https:\/\/elfsight.com\/es\/countdown-timer-widget\/blogger\/","og_site_name":"Elfsight ES","article_modified_time":"2025-02-06T15:00:35+00:00","twitter_card":"summary_large_image","twitter_misc":{"Tiempo de lectura":"4 minutos"},"schema":{"@context":"https:\/\/schema.org","@graph":[{"@type":"WebPage","@id":"https:\/\/elfsight.com\/es\/countdown-timer-widget\/blogger\/","url":"https:\/\/elfsight.com\/es\/countdown-timer-widget\/blogger\/","name":"El mejor widget de temporizador de cuenta regresiva de Blogger para sitios web (2026)","isPartOf":{"@id":"https:\/\/elfsight.com\/es\/#website"},"datePublished":"2024-05-03T06:34:17+00:00","dateModified":"2025-02-06T15:00:35+00:00","description":"Dale forma a tu exclusivo widget de temporizador de cuenta regresiva para Blogger en solo 70 segundos. Pruebe los widgets de panel m\u00e1s sencillos creados por Elfsight de forma totalmente gratuita.","breadcrumb":{"@id":"https:\/\/elfsight.com\/es\/countdown-timer-widget\/blogger\/#breadcrumb"},"inLanguage":"es","potentialAction":[{"@type":"ReadAction","target":["https:\/\/elfsight.com\/es\/countdown-timer-widget\/blogger\/"]}]},{"@type":"BreadcrumbList","@id":"https:\/\/elfsight.com\/es\/countdown-timer-widget\/blogger\/#breadcrumb","itemListElement":[{"@type":"ListItem","position":1,"name":"Home","item":"https:\/\/elfsight.com\/es\/"},{"@type":"ListItem","position":2,"name":"Countdown Timer","item":"https:\/\/elfsight.com\/es\/countdown-timer-widget\/"},{"@type":"ListItem","position":3,"name":"Countdown Timer &#8211; Blogger"}]},{"@type":"WebSite","@id":"https:\/\/elfsight.com\/es\/#website","url":"https:\/\/elfsight.com\/es\/","name":"Elfsight ES","description":"Just another Elfsight Sites site","potentialAction":[{"@type":"SearchAction","target":{"@type":"EntryPoint","urlTemplate":"https:\/\/elfsight.com\/es\/?s={search_term_string}"},"query-input":{"@type":"PropertyValueSpecification","valueRequired":true,"valueName":"search_term_string"}}],"inLanguage":"es"}]}},"meta_box":{"industry":"","seo_heading":"","heading":"","description":"","cta_heading":"","cta_description":"","application":"1356","h1":"Widget de temporizador de cuenta atr\u00e1s de Blogger","h1_caption":"Configure una cuenta regresiva para eventos o promociones importantes, creando una sensaci\u00f3n de urgencia para sus visitantes en su sitio web de Blogger sin esfuerzo.","application_category":[],"applications_title":"","applications_request_title":"","applications_request_button_text":"","hero_text":"","hero_video":"","hero_video_schema_markup":"","selling_points_title":"","selling_points_caption":"","selling_points":[],"selling_points_cta_text":"","features_title":"","features":"","ed_cta_examples_text":"","ed_cta_examples_hidden":"","ed_cta_demo_text":"","ed_cta_demo_hidden":"","why_caption":"","why_editor_title":"","why_editor_text":"","why_team_title":"","why_team_text":"","why_service_title":"","why_service_text":"","template_catalog_visible":"","template_catalog_title":"","template_catalog_text":"","template_catalog_categories_visible":"","demo_title":"Crea tu widget de temporizador de cuenta regresiva","demo_caption":"\u00a1Configura tu temporizador de cuenta regresiva y agr\u00e9galo a tu sitio web de Blogger gratis!","default_faq_hidden":"","app_template_category":[],"platform":"39","template_public_id":"","codecanyon_url":"","codecanyon_item_id":"","codecanyon_price":"","pricing_caption":"","pricing_elfsight_apps_hide_column":"","pricing_elfsight_apps_url":"","pricing_codecanyon_price_caption":"","integration_category":[],"integration_request_title":"","integration_request_cta":"","integration_platform":"","integrations":[],"platform_category":[],"video_schema_markup":"","price":"desde $0 \/ mes","trial":"","benefits":[{"text":"Servicio de instalaci\u00f3n gratuito"},{"text":"Soporte excepcional"},{"text":"Garant\u00eda de reembolso de 14 d\u00edas"},{"text":"Mejoras peri\u00f3dicas gratuitas"}],"button_url":"#demo","button_target_blank":"","button_nofollow":"","attributes":[{"name":"Instalaciones","content":"100,000 - 500,000"},{"name":"Sensible","content":"S\u00ed"},{"name":"Navegadores compatibles","content":"Firefox, Safari, Opera, Chrome, Edge"}],"tags":[],"tags_disable_links":"","hide_more_platforms":"","video_object":"","demo_hide_cta":"","demo_hide_cloud_options":"","pricing_title":"","pricing":[{"pricing_icon":"platform","pricing_title":"Elfsight Apps","pricing_title_caption":"Soluci\u00f3n multiplataforma que funciona en cualquier sitio","pricing_price":"desde $0 \/ mes","pricing_price_caption":"comienza con un plan gratuito","pricing_benefits":[{"text":"Sitios web ilimitados"},{"text":"Soporte 24 horas al d\u00eda, 7 d\u00edas a la semana y bien documentado."},{"text":"Ayuda de instalaci\u00f3n gratuita"},{"text":"Totalmente personalizable"}],"pricing_button_text":"A\u00f1adir al sitio web","pricing_button_url":"#demo"}],"related_apps_title":"","related_apps_hidden":"","author":"","image":[],"title":"","job":"","social_networks":[]},"_links":{"self":[{"href":"https:\/\/elfsight.com\/es\/wp-json\/wp\/v2\/pages\/15788","targetHints":{"allow":["GET"]}}],"collection":[{"href":"https:\/\/elfsight.com\/es\/wp-json\/wp\/v2\/pages"}],"about":[{"href":"https:\/\/elfsight.com\/es\/wp-json\/wp\/v2\/types\/page"}],"author":[{"embeddable":true,"href":"https:\/\/elfsight.com\/es\/wp-json\/wp\/v2\/users\/9"}],"replies":[{"embeddable":true,"href":"https:\/\/elfsight.com\/es\/wp-json\/wp\/v2\/comments?post=15788"}],"version-history":[{"count":3,"href":"https:\/\/elfsight.com\/es\/wp-json\/wp\/v2\/pages\/15788\/revisions"}],"predecessor-version":[{"id":17766,"href":"https:\/\/elfsight.com\/es\/wp-json\/wp\/v2\/pages\/15788\/revisions\/17766"}],"up":[{"embeddable":true,"href":"https:\/\/elfsight.com\/es\/wp-json\/wp\/v2\/pages\/1357"}],"wp:attachment":[{"href":"https:\/\/elfsight.com\/es\/wp-json\/wp\/v2\/media?parent=15788"}],"curies":[{"name":"wp","href":"https:\/\/api.w.org\/{rel}","templated":true}]}}