{"id":15785,"date":"2024-05-03T06:33:59","date_gmt":"2024-05-03T06:33:59","guid":{"rendered":"https:\/\/elfsight.com\/es\/?page_id=15785"},"modified":"2025-02-06T15:01:07","modified_gmt":"2025-02-06T15:01:07","slug":"godaddy","status":"publish","type":"page","link":"https:\/\/elfsight.com\/es\/countdown-timer-widget\/godaddy\/","title":{"rendered":"Countdown Timer  &#8211; GoDaddy"},"content":{"rendered":"<div class=\"application-platform-content-item-description application-platform-content-item\" id=\"description\" data-nav-section=\"description\"> <h2>Incrustar Temporizador de Cuenta Regresiva en GoDaddy con el widget de Elfsight<\/h2><p>Muestra temporizadores generadores de ventas en tu sitio web con el Temporizador de Cuenta Regresiva de Elfsight. Calienta el ambiente y evoca una sensaci\u00f3n de disponibilidad limitada de tus productos, mostrando lo r\u00e1pido que se est\u00e1n vendiendo ante los ojos de los clientes. Acelera a tus clientes para que comiencen a comprar con el tiempo contando la duraci\u00f3n de la oferta especial. Crea temporizadores para anunciar tus pr\u00f3ximos eventos o ventas de temporada y mant\u00e9n a tus clientes esperando con ansias el inicio.<\/p><p><b>Aumenta tus ventas en l\u00ednea usando temporizadores y contadores que generen urgencia.<\/b><\/p><p><b>Incentiva a las personas a comprar m\u00e1s en tu sitio web creando una sensaci\u00f3n de urgencia.<\/b><br><\/p><p>Haz que tu audiencia sienta miedo de perderte las ofertas y ventas, mostrando que el tiempo se est\u00e1 acabando. Esto har\u00e1 que los usuarios compren m\u00e1s r\u00e1pido y traer\u00e1 nuevas ventas para ti.<\/p><p><b>Demuestra que el stock est\u00e1 disminuyendo y haz que los usuarios sientan celos por comprar.<\/b><br><\/p><p>Demuestra que tus productos se venden r\u00e1pidamente y se vuelven escasos, utilizando un contador de stock especial. Esto har\u00e1 que tu audiencia valore los productos m\u00e1s alto y se sienta celosa por comprarlos tambi\u00e9n.<\/p><p><b>Atrae m\u00e1s atenci\u00f3n a tus ventas con una barra de cuenta regresiva tem\u00e1tica especial para las fiestas.<\/b><\/p><p>Usando barras tem\u00e1ticas atractivas, puedes promover tus ofertas y ventas estacionales. No pierdas la temporada de fiestas para aumentar las ventas en tu sitio web.<\/p><\/div> <div class=\"application-platform-content-item-features application-platform-content-item\" id=\"features\" data-nav-section=\"features\"> <h2>Caracter\u00edsticas principales del widget de Temporizador de Cuenta Regresiva<\/h2><p>A continuaci\u00f3n, te mostramos las caracter\u00edsticas del plugin de Elfsight que lo convierten en el plugin m\u00e1s importante para cada sitio jQuery.<\/p><ul> <li>Contador ascendente y descendente;<\/li> <li>Opci\u00f3n para abrir el enlace del bot\u00f3n en una nueva pesta\u00f1a;<\/li> <li>Cuatro unidades de tiempo: d\u00edas, horas, minutos, segundos;<\/li> <li>Cuatro variantes de posici\u00f3n: parte superior est\u00e1tica, parte superior o inferior flotante, y posici\u00f3n personalizada;<\/li> <li>Interfaz adaptable con ajuste autom\u00e1tico al tama\u00f1o de la pantalla.<\/li><\/ul><p><a href=\"#demo\">Prueba todas las ventajas en la demo en vivo<\/a><\/p><\/div> <div class=\"application-platform-content-item-installation application-platform-content-item\" id=\"installation\" data-nav-section=\"installation\"> <h2>\u00bfC\u00f3mo a\u00f1adir el Temporizador de Cuenta Regresiva a mi sitio web de GoDaddy?<\/h2><p>El plugin de Elfsight es f\u00e1cil de instalar y no requiere conocimientos de programaci\u00f3n. La ejecuci\u00f3n del manual te tomar\u00e1 alrededor de 1 minuto.<\/p><ol><li><b>Dise\u00f1a tu propio Temporizador de Cuenta Regresiva.<\/b><br> Con la ayuda de nuestro editor gratuito, configura un plugin con los par\u00e1metros deseados.<\/li><li><b>Obt\u00e9n el c\u00f3digo para incrustar el plugin en tu sitio web.<\/b><br> Despu\u00e9s de configurar los ajustes, obt\u00e9n el c\u00f3digo para el plugin de Cuenta Regresiva desde la ventana emergente en Elfsight Apps.<\/li><li><b>Agrega el plugin al sitio web de GoDaddy.<\/b><br> Abre el c\u00f3digo de la p\u00e1gina en el editor de JQUERY, integra el plugin en el lugar deseado (contenido, pie de p\u00e1gina, barra lateral, etc.) y publica los cambios.<\/li><li><b>\u00a1La integraci\u00f3n es exitosa!<\/b><br> Entra en tu sitio de GoDaddy para comprobar el plugin.<\/li><\/ol><p>Si durante el uso del tutorial te surgen preguntas, deja un mensaje en nuestro centro de soporte o consulta el texto completo del tutorial para completar la creaci\u00f3n del plugin por ti mismo.<\/p><div class=\"faq\" data-component=\"FAQ\"> <div class=\"faq-item\">\r\n\t\t\t\t\t<div class=\"faq-item-question\">\r\n\t\t\t\t\t\t<h3 class=\"faq-item-question-text\">\u00bfC\u00f3mo a\u00f1adir un Temporizador de Cuenta Regresiva a mi sitio web de GoDaddy sin habilidades de codificaci\u00f3n?<\/h3>\r\n\r\n\t\t\t\t\t\t<div class=\"faq-item-question-icon\"><\/div>\r\n\t\t\t\t\t<\/div>\r\n\r\n\t\t\t\t\t<div class=\"faq-item-answer\">\r\n\t\t\t\t\t\t<div class=\"faq-item-answer-text\"> <p>Elfsight proporciona una soluci\u00f3n SaaS que te permite crear un widget de Temporizador de Cuenta Regresiva por ti mismo, ve lo f\u00e1cil que es el proceso: Trabaja directamente en el Editor en l\u00ednea para crear el widget de Temporizador de Cuenta Regresiva que te gustar\u00eda ver en tu sitio web de GoDaddy. Elige una de las plantillas predise\u00f1adas y ajusta la configuraci\u00f3n del Temporizador de Cuenta Regresiva, agrega tu contenido, cambia el dise\u00f1o y los colores sin habilidades de codificaci\u00f3n. Guarda el Temporizador de Cuenta Regresiva y copia su c\u00f3digo de instalaci\u00f3n, que podr\u00e1s pegar f\u00e1cilmente en tu sitio web de GoDaddy sin necesidad de comprar un plan de pago. Con nuestro Editor intuitivo, cualquier usuario de internet puede crear un widget de Temporizador de Cuenta Regresiva en l\u00ednea e incrustarlo f\u00e1cilmente en su sitio web de GoDaddy. No es necesario pagar ni ingresar los datos de tu tarjeta para acceder al servicio. Si encuentras alg\u00fan problema en alg\u00fan paso, no dudes en contactar con nuestro equipo de soporte t\u00e9cnico.<\/p> <\/div>\r\n\t\t\t\t\t<\/div>\r\n\t\t\t\t<\/div> <\/div> <\/div>","protected":false},"excerpt":{"rendered":"","protected":false},"author":9,"featured_media":0,"parent":1357,"menu_order":0,"comment_status":"closed","ping_status":"closed","template":"templates\/template-application-platform.php","meta":{"publish_to_discourse":"","publish_post_category":"","wpdc_auto_publish_overridden":"","wpdc_topic_tags":"","wpdc_pin_topic":"","wpdc_pin_until":"","discourse_post_id":"","discourse_permalink":"","wpdc_publishing_response":"","wpdc_publishing_error":"","footnotes":""},"class_list":["post-15785","page","type-page","status-publish","hentry"],"yoast_head":"<!-- This site is optimized with the Yoast SEO plugin v25.3.1 - https:\/\/yoast.com\/wordpress\/plugins\/seo\/ -->\n<title>Complemento de temporizador de cuenta atr\u00e1s: \u00a1agregue el complemento de temporizador al sitio web de GoDaddy!<\/title>\n<meta name=\"description\" content=\"Explora el complemento Elfsight Countdown Timer para GoDaddy ahora mismo. \u00a1Dise\u00f1e temporizadores personalizados para su sitio en solo un par de minutos!\" \/>\n<meta name=\"robots\" content=\"index, follow, max-snippet:-1, max-image-preview:large, max-video-preview:-1\" \/>\n<link rel=\"canonical\" href=\"https:\/\/elfsight.com\/es\/countdown-timer-widget\/godaddy\/\" \/>\n<meta property=\"og:locale\" content=\"es_ES\" \/>\n<meta property=\"og:type\" content=\"article\" \/>\n<meta property=\"og:title\" content=\"Complemento de temporizador de cuenta atr\u00e1s: \u00a1agregue el complemento de temporizador al sitio web de GoDaddy!\" \/>\n<meta property=\"og:description\" content=\"Explora el complemento Elfsight Countdown Timer para GoDaddy ahora mismo. \u00a1Dise\u00f1e temporizadores personalizados para su sitio en solo un par de minutos!\" \/>\n<meta property=\"og:url\" content=\"https:\/\/elfsight.com\/es\/countdown-timer-widget\/godaddy\/\" \/>\n<meta property=\"og:site_name\" content=\"Elfsight ES\" \/>\n<meta property=\"article:modified_time\" content=\"2025-02-06T15:01:07+00:00\" \/>\n<meta name=\"twitter:card\" content=\"summary_large_image\" \/>\n<meta name=\"twitter:label1\" content=\"Tiempo de lectura\" \/>\n\t<meta name=\"twitter:data1\" content=\"4 minutos\" \/>\n<!-- \/ Yoast SEO plugin. -->","yoast_head_json":{"title":"Complemento de temporizador de cuenta atr\u00e1s: \u00a1agregue el complemento de temporizador al sitio web de GoDaddy!","description":"Explora el complemento Elfsight Countdown Timer para GoDaddy ahora mismo. \u00a1Dise\u00f1e temporizadores personalizados para su sitio en solo un par de minutos!","robots":{"index":"index","follow":"follow","max-snippet":"max-snippet:-1","max-image-preview":"max-image-preview:large","max-video-preview":"max-video-preview:-1"},"canonical":"https:\/\/elfsight.com\/es\/countdown-timer-widget\/godaddy\/","og_locale":"es_ES","og_type":"article","og_title":"Complemento de temporizador de cuenta atr\u00e1s: \u00a1agregue el complemento de temporizador al sitio web de GoDaddy!","og_description":"Explora el complemento Elfsight Countdown Timer para GoDaddy ahora mismo. \u00a1Dise\u00f1e temporizadores personalizados para su sitio en solo un par de minutos!","og_url":"https:\/\/elfsight.com\/es\/countdown-timer-widget\/godaddy\/","og_site_name":"Elfsight ES","article_modified_time":"2025-02-06T15:01:07+00:00","twitter_card":"summary_large_image","twitter_misc":{"Tiempo de lectura":"4 minutos"},"schema":{"@context":"https:\/\/schema.org","@graph":[{"@type":"WebPage","@id":"https:\/\/elfsight.com\/es\/countdown-timer-widget\/godaddy\/","url":"https:\/\/elfsight.com\/es\/countdown-timer-widget\/godaddy\/","name":"Complemento de temporizador de cuenta atr\u00e1s: \u00a1agregue el complemento de temporizador al sitio web de GoDaddy!","isPartOf":{"@id":"https:\/\/elfsight.com\/es\/#website"},"datePublished":"2024-05-03T06:33:59+00:00","dateModified":"2025-02-06T15:01:07+00:00","description":"Explora el complemento Elfsight Countdown Timer para GoDaddy ahora mismo. \u00a1Dise\u00f1e temporizadores personalizados para su sitio en solo un par de minutos!","breadcrumb":{"@id":"https:\/\/elfsight.com\/es\/countdown-timer-widget\/godaddy\/#breadcrumb"},"inLanguage":"es","potentialAction":[{"@type":"ReadAction","target":["https:\/\/elfsight.com\/es\/countdown-timer-widget\/godaddy\/"]}]},{"@type":"BreadcrumbList","@id":"https:\/\/elfsight.com\/es\/countdown-timer-widget\/godaddy\/#breadcrumb","itemListElement":[{"@type":"ListItem","position":1,"name":"Home","item":"https:\/\/elfsight.com\/es\/"},{"@type":"ListItem","position":2,"name":"Countdown Timer","item":"https:\/\/elfsight.com\/es\/countdown-timer-widget\/"},{"@type":"ListItem","position":3,"name":"Countdown Timer &#8211; GoDaddy"}]},{"@type":"WebSite","@id":"https:\/\/elfsight.com\/es\/#website","url":"https:\/\/elfsight.com\/es\/","name":"Elfsight ES","description":"Just another Elfsight Sites site","potentialAction":[{"@type":"SearchAction","target":{"@type":"EntryPoint","urlTemplate":"https:\/\/elfsight.com\/es\/?s={search_term_string}"},"query-input":{"@type":"PropertyValueSpecification","valueRequired":true,"valueName":"search_term_string"}}],"inLanguage":"es"}]}},"meta_box":{"industry":"","seo_heading":"","heading":"","description":"","cta_heading":"","cta_description":"","application":"1356","h1":"Complemento de temporizador de cuenta regresiva de GoDaddy","h1_caption":"Aumente el entusiasmo por las compras en su sitio con la ayuda de temporizadores y conteos","application_category":[],"applications_title":"","applications_request_title":"","applications_request_button_text":"","hero_text":"","hero_video":"","hero_video_schema_markup":"","selling_points_title":"","selling_points_caption":"","selling_points":[],"selling_points_cta_text":"","features_title":"","features":"","ed_cta_examples_text":"","ed_cta_examples_hidden":"","ed_cta_demo_text":"","ed_cta_demo_hidden":"","why_caption":"","why_editor_title":"","why_editor_text":"","why_team_title":"","why_team_text":"","why_service_title":"","why_service_text":"","template_catalog_visible":"","template_catalog_title":"","template_catalog_text":"","template_catalog_categories_visible":"","demo_title":"\u00a1Instala un complemento personal en tu sitio web en solo 1 minuto!","demo_caption":"\u00a1Consulta nuestro configurador para crear complementos r\u00e1pidamente!","default_faq_hidden":"","app_template_category":[],"platform":"2183","template_public_id":"","codecanyon_url":"","codecanyon_item_id":"","codecanyon_price":"","pricing_caption":"","pricing_elfsight_apps_hide_column":"","pricing_elfsight_apps_url":"","pricing_codecanyon_price_caption":"","integration_category":[],"integration_request_title":"","integration_request_cta":"","integration_platform":"","integrations":[],"platform_category":[],"video_schema_markup":"","price":"desde $0 \/ mes","trial":"","benefits":[{"text":"Asistencia de instalaci\u00f3n gratuita"},{"text":"Servicio al cliente profesional"},{"text":"Garant\u00eda de reembolso de 14 d\u00edas"},{"text":"Actualizando constantemente"}],"button_url":"#demo","button_target_blank":"","button_nofollow":"","attributes":[{"name":"Instalaciones","content":"10,000 - 100,000"},{"name":"Sensible","content":"S\u00ed"},{"name":"Navegadores compatibles","content":"IE11, Firefox, Safari, Opera, Chrome, Edge"}],"tags":[],"tags_disable_links":"","hide_more_platforms":"","video_object":"","demo_hide_cta":"","demo_hide_cloud_options":"","pricing_title":"","pricing":[{"pricing_icon":"platform","pricing_title":"Elfsight Apps","pricing_title_caption":"Soluci\u00f3n multiplataforma","pricing_price":"desde $0 \/ mes","pricing_price_caption":"comienza con el plan gratuito","pricing_benefits":[{"text":"Sitios web ilimitados"},{"text":"Soporte 24 horas al d\u00eda, 7 d\u00edas a la semana y bien documentado."},{"text":"Ayuda de instalaci\u00f3n gratuita"},{"text":"Dise\u00f1o flexible"}],"pricing_button_text":"A\u00f1adir al sitio web","pricing_button_url":"#demo"}],"related_apps_title":"","related_apps_hidden":"","author":"","image":[],"title":"","job":"","social_networks":[]},"_links":{"self":[{"href":"https:\/\/elfsight.com\/es\/wp-json\/wp\/v2\/pages\/15785","targetHints":{"allow":["GET"]}}],"collection":[{"href":"https:\/\/elfsight.com\/es\/wp-json\/wp\/v2\/pages"}],"about":[{"href":"https:\/\/elfsight.com\/es\/wp-json\/wp\/v2\/types\/page"}],"author":[{"embeddable":true,"href":"https:\/\/elfsight.com\/es\/wp-json\/wp\/v2\/users\/9"}],"replies":[{"embeddable":true,"href":"https:\/\/elfsight.com\/es\/wp-json\/wp\/v2\/comments?post=15785"}],"version-history":[{"count":2,"href":"https:\/\/elfsight.com\/es\/wp-json\/wp\/v2\/pages\/15785\/revisions"}],"predecessor-version":[{"id":17776,"href":"https:\/\/elfsight.com\/es\/wp-json\/wp\/v2\/pages\/15785\/revisions\/17776"}],"up":[{"embeddable":true,"href":"https:\/\/elfsight.com\/es\/wp-json\/wp\/v2\/pages\/1357"}],"wp:attachment":[{"href":"https:\/\/elfsight.com\/es\/wp-json\/wp\/v2\/media?parent=15785"}],"curies":[{"name":"wp","href":"https:\/\/api.w.org\/{rel}","templated":true}]}}