{"id":15778,"date":"2024-05-03T06:35:54","date_gmt":"2024-05-03T06:35:54","guid":{"rendered":"https:\/\/elfsight.com\/es\/?page_id=15778"},"modified":"2025-02-06T14:59:57","modified_gmt":"2025-02-06T14:59:57","slug":"weebly","status":"publish","type":"page","link":"https:\/\/elfsight.com\/es\/facebook-feed-widget\/weebly\/","title":{"rendered":"Facebook Feed &#8211; Weebly"},"content":{"rendered":"<div class=\"application-platform-content-item-description application-platform-content-item\" id=\"description\" data-nav-section=\"description\"><h2>Descripci\u00f3n<\/h2><p>Muestra tu p\u00e1gina de Facebook en nuestra aplicaci\u00f3n multifuncional: Facebook Feed. Publicaciones, videos, im\u00e1genes: aseg\u00farate de que tus lectores nunca se pierdan un solo mensaje de tu parte. Un dise\u00f1o atractivo con los componentes reales de Facebook no pasar\u00e1 desapercibido y contribuir\u00e1 no solo a mantener a los clientes actuales en el sitio, sino tambi\u00e9n a conseguir nuevos seguidores de Facebook.<\/p><p><b>Eleva la comunicaci\u00f3n con tus clientes a un nivel desconocido usando la aplicaci\u00f3n de Facebook para Weebly.<\/b><\/p><ul><li><b>Aumenta la conversi\u00f3n de tu sitio hasta un 125%<\/b>.<br>Aplica un elemento de confianza social en tu p\u00e1gina web para conseguir m\u00e1s clientes. Deja que tus lectores descubran tu marca en Facebook y ganes su confianza, lo que contribuir\u00e1 a mejorar tu tasa de conversi\u00f3n.<\/li><li><b>Aumenta el n\u00famero de suscriptores de Facebook en tu p\u00e1gina<\/b>.<br>Convierte a los visitantes del sitio en suscriptores de Facebook. Crea una atractiva aplicaci\u00f3n con tu perfil y col\u00f3cala en el sitio para que cada usuario pueda seguir tu p\u00e1gina.<\/li><li><b>1 plugin para todo el contenido de Facebook<\/b>.<br>Todo el contenido de Facebook en un solo plugin: muestra noticias con comentarios, \u00abme gusta\u00bb o cualquier reacci\u00f3n de Facebook; genera colecciones de fotos y videos en el sitio utilizando \u00e1lbumes de Facebook.<\/li><\/ul><\/div><div class=\"application-platform-content-item-features application-platform-content-item\" id=\"features\" data-nav-section=\"features\"><h2>Caracter\u00edsticas<\/h2><p>Varias ventajas que transforman tu Facebook en una valiosa aplicaci\u00f3n para un sitio web de Weebly.<\/p><ul><li>2 fuentes de Facebook compatibles: p\u00e1ginas, perfiles;<\/li><li>Encabezado personalizable con elementos ajustables: imagen de portada, acciones, imagen de p\u00e1gina, conteo de \u00abme gusta\u00bb;<\/li><li>Botones de \u00abMe gusta\u00bb y \u00abCompartir\u00bb en el encabezado;<\/li><li>Mostrar u ocultar publicaciones;<\/li><li>Editor intuitivo y f\u00e1cil de usar sin necesidad de programaci\u00f3n.<\/li><\/ul><p><a href=\"#demo\">Ver todas las ventajas en la demostraci\u00f3n en vivo<\/a>.<\/p><\/div><div class=\"application-platform-content-item-installation application-platform-content-item\" id=\"installation\" data-nav-section=\"installation\"><h2>C\u00f3mo integrar Facebook en un sitio web de Weebly<\/h2><div class=\"video-container\"><iframe width=\"720\" height=\"405\" src=\"https:\/\/www.youtube.com\/embed\/GoHbo68g1GE\" frameborder=\"0\" allowfullscreen><\/iframe><\/div><p>Sigue nuestro manual para agregar la integraci\u00f3n. No te llevar\u00e1 m\u00e1s de un minuto y no se requiere experiencia en programaci\u00f3n.<\/p><ol><li><b>Gestiona nuestro editor gratuito y comienza a crear tu aplicaci\u00f3n \u00fanica.<\/b><br>Elige la interfaz y los aspectos deseados de la aplicaci\u00f3n y guarda todas las modificaciones.<\/li><li><b>Recibe tu c\u00f3digo \u00fanico que aparece en la caja de Elfsight Apps.<\/b><br>Justo despu\u00e9s de configurar tu aplicaci\u00f3n, copia el c\u00f3digo \u00fanico que aparece en el pop-up y gu\u00e1rdalo para futuras necesidades.<\/li><li><b>Inicia el uso de la aplicaci\u00f3n en tu sitio web de Weebly.<\/b><br>Inserta el c\u00f3digo que guardaste recientemente en tu p\u00e1gina web y guarda los ajustes.<\/li><li><b>\u00a1Listo! La integraci\u00f3n est\u00e1 completamente realizada.<\/b><br>Visita tu p\u00e1gina web para comprobar c\u00f3mo funciona la aplicaci\u00f3n.<\/li><\/ol><p>\u00bfNecesitas soporte m\u00e1s detallado? Consulta un <a href=\"https:\/\/elfsight.com\/tutorials\/how-to-add-facebook-feed-to-weebly\/\" target=\"_blank\" rel=\"noopener noreferrer\">manual detallado<\/a> o contacta con nuestro soporte al cliente, y estaremos encantados de ayudarte.<\/p><\/div>","protected":false},"excerpt":{"rendered":"","protected":false},"author":9,"featured_media":0,"parent":1397,"menu_order":0,"comment_status":"closed","ping_status":"closed","template":"templates\/template-application-platform.php","meta":{"publish_to_discourse":"","publish_post_category":"","wpdc_auto_publish_overridden":"","wpdc_topic_tags":"","wpdc_pin_topic":"","wpdc_pin_until":"","discourse_post_id":"","discourse_permalink":"","wpdc_publishing_response":"","wpdc_publishing_error":"","footnotes":""},"class_list":["post-15778","page","type-page","status-publish","hentry"],"yoast_head":"<!-- This site is optimized with the Yoast SEO plugin v25.3.1 - https:\/\/yoast.com\/wordpress\/plugins\/seo\/ -->\n<title>Feed de Facebook: agregue la aplicaci\u00f3n de Facebook al sitio web de Weebly<\/title>\n<meta name=\"description\" content=\"Inserta la mejor aplicaci\u00f3n de Facebook Feed en tu sitio web Weebly. Descubra nuestro editor interactivo y cree un complemento personalizado en solo 3 minutos.\" \/>\n<meta name=\"robots\" content=\"index, follow, max-snippet:-1, max-image-preview:large, max-video-preview:-1\" \/>\n<link rel=\"canonical\" href=\"https:\/\/elfsight.com\/es\/facebook-feed-widget\/weebly\/\" \/>\n<meta property=\"og:locale\" content=\"es_ES\" \/>\n<meta property=\"og:type\" content=\"article\" \/>\n<meta property=\"og:title\" content=\"Feed de Facebook: agregue la aplicaci\u00f3n de Facebook al sitio web de Weebly\" \/>\n<meta property=\"og:description\" content=\"Inserta la mejor aplicaci\u00f3n de Facebook Feed en tu sitio web Weebly. Descubra nuestro editor interactivo y cree un complemento personalizado en solo 3 minutos.\" \/>\n<meta property=\"og:url\" content=\"https:\/\/elfsight.com\/es\/facebook-feed-widget\/weebly\/\" \/>\n<meta property=\"og:site_name\" content=\"Elfsight ES\" \/>\n<meta property=\"article:modified_time\" content=\"2025-02-06T14:59:57+00:00\" \/>\n<meta name=\"twitter:card\" content=\"summary_large_image\" \/>\n<meta name=\"twitter:label1\" content=\"Tiempo de lectura\" \/>\n\t<meta name=\"twitter:data1\" content=\"2 minutos\" \/>\n<!-- \/ Yoast SEO plugin. -->","yoast_head_json":{"title":"Feed de Facebook: agregue la aplicaci\u00f3n de Facebook al sitio web de Weebly","description":"Inserta la mejor aplicaci\u00f3n de Facebook Feed en tu sitio web Weebly. Descubra nuestro editor interactivo y cree un complemento personalizado en solo 3 minutos.","robots":{"index":"index","follow":"follow","max-snippet":"max-snippet:-1","max-image-preview":"max-image-preview:large","max-video-preview":"max-video-preview:-1"},"canonical":"https:\/\/elfsight.com\/es\/facebook-feed-widget\/weebly\/","og_locale":"es_ES","og_type":"article","og_title":"Feed de Facebook: agregue la aplicaci\u00f3n de Facebook al sitio web de Weebly","og_description":"Inserta la mejor aplicaci\u00f3n de Facebook Feed en tu sitio web Weebly. Descubra nuestro editor interactivo y cree un complemento personalizado en solo 3 minutos.","og_url":"https:\/\/elfsight.com\/es\/facebook-feed-widget\/weebly\/","og_site_name":"Elfsight ES","article_modified_time":"2025-02-06T14:59:57+00:00","twitter_card":"summary_large_image","twitter_misc":{"Tiempo de lectura":"2 minutos"},"schema":{"@context":"https:\/\/schema.org","@graph":[{"@type":"WebPage","@id":"https:\/\/elfsight.com\/es\/facebook-feed-widget\/weebly\/","url":"https:\/\/elfsight.com\/es\/facebook-feed-widget\/weebly\/","name":"Feed de Facebook: agregue la aplicaci\u00f3n de Facebook al sitio web de Weebly","isPartOf":{"@id":"https:\/\/elfsight.com\/es\/#website"},"datePublished":"2024-05-03T06:35:54+00:00","dateModified":"2025-02-06T14:59:57+00:00","description":"Inserta la mejor aplicaci\u00f3n de Facebook Feed en tu sitio web Weebly. Descubra nuestro editor interactivo y cree un complemento personalizado en solo 3 minutos.","breadcrumb":{"@id":"https:\/\/elfsight.com\/es\/facebook-feed-widget\/weebly\/#breadcrumb"},"inLanguage":"es","potentialAction":[{"@type":"ReadAction","target":["https:\/\/elfsight.com\/es\/facebook-feed-widget\/weebly\/"]}]},{"@type":"BreadcrumbList","@id":"https:\/\/elfsight.com\/es\/facebook-feed-widget\/weebly\/#breadcrumb","itemListElement":[{"@type":"ListItem","position":1,"name":"Home","item":"https:\/\/elfsight.com\/es\/"},{"@type":"ListItem","position":2,"name":"Facebook Feed","item":"https:\/\/elfsight.com\/es\/facebook-feed-widget\/"},{"@type":"ListItem","position":3,"name":"Facebook Feed &#8211; Weebly"}]},{"@type":"WebSite","@id":"https:\/\/elfsight.com\/es\/#website","url":"https:\/\/elfsight.com\/es\/","name":"Elfsight ES","description":"Just another Elfsight Sites site","potentialAction":[{"@type":"SearchAction","target":{"@type":"EntryPoint","urlTemplate":"https:\/\/elfsight.com\/es\/?s={search_term_string}"},"query-input":{"@type":"PropertyValueSpecification","valueRequired":true,"valueName":"search_term_string"}}],"inLanguage":"es"}]}},"meta_box":{"industry":"","seo_heading":"","heading":"","description":"","cta_heading":"","cta_description":"","application":"1396","h1":"Aplicaci\u00f3n Facebook Feed para Weebly","h1_caption":"Inserte publicaciones de su p\u00e1gina de Facebook para mantener a los visitantes de su sitio web interesados \u200b\u200bcon sus \u00faltimas actualizaciones y noticias en su sitio web Weebly sin esfuerzo.","application_category":[],"applications_title":"","applications_request_title":"","applications_request_button_text":"","hero_text":"","hero_video":"","hero_video_schema_markup":"","selling_points_title":"","selling_points_caption":"","selling_points":[],"selling_points_cta_text":"","features_title":"","features":"","ed_cta_examples_text":"","ed_cta_examples_hidden":"","ed_cta_demo_text":"","ed_cta_demo_hidden":"","why_caption":"","why_editor_title":"","why_editor_text":"","why_team_title":"","why_team_text":"","why_service_title":"","why_service_text":"","template_catalog_visible":"0","template_catalog_title":"","template_catalog_text":"","template_catalog_categories_visible":"","demo_title":"Crea tu aplicaci\u00f3n Facebook Feed","demo_caption":"\u00a1Configura tu feed de Facebook y agr\u00e9galo a tu sitio web Weebly gratis!","default_faq_hidden":"","app_template_category":[],"platform":"109","template_public_id":"","codecanyon_url":"","codecanyon_item_id":"","codecanyon_price":"","pricing_caption":"","pricing_elfsight_apps_hide_column":"","pricing_elfsight_apps_url":"","pricing_codecanyon_price_caption":"","integration_category":[],"integration_request_title":"","integration_request_cta":"","integration_platform":"","integrations":[],"platform_category":[],"video_schema_markup":"","price":"desde $0 \/ mes","trial":"","benefits":[{"text":"Servicio de instalaci\u00f3n gratuito"},{"text":"Servicio al cliente competente"},{"text":"Garant\u00eda de reembolso de 14 d\u00edas"},{"text":"Mejoras continuas y gratuitas"}],"button_url":"#demo","button_target_blank":"0","button_nofollow":"0","attributes":[{"name":"Instalaciones","content":"100,000 - 500,000"},{"name":"Sensible","content":"S\u00ed"},{"name":"Navegadores compatibles","content":"Firefox, Safari, Opera, Chrome, Edge"}],"tags":[],"tags_disable_links":"0","hide_more_platforms":"","video_object":"","demo_hide_cta":"0","demo_hide_cloud_options":"0","pricing_title":"","pricing":[{"pricing_icon":"cloud","pricing_title":"Elfsight Apps","pricing_title_caption":"Software multiplataforma que se adapta a cualquier sitio","pricing_price":"desde $0 \/ mes","pricing_price_caption":"Comience con el plan gratuito","pricing_benefits":[{"text":"Dominios ilimitados"},{"text":"Soporte gratuito, puntual y bien documentado."},{"text":"Ayuda de instalaci\u00f3n gratuita"},{"text":"100% personalizable"}],"pricing_button_text":"A\u00f1adir al sitio web","pricing_button_url":"#demo"}],"related_apps_title":"","related_apps_hidden":"0","author":"","image":[],"title":"","job":"","social_networks":[]},"_links":{"self":[{"href":"https:\/\/elfsight.com\/es\/wp-json\/wp\/v2\/pages\/15778","targetHints":{"allow":["GET"]}}],"collection":[{"href":"https:\/\/elfsight.com\/es\/wp-json\/wp\/v2\/pages"}],"about":[{"href":"https:\/\/elfsight.com\/es\/wp-json\/wp\/v2\/types\/page"}],"author":[{"embeddable":true,"href":"https:\/\/elfsight.com\/es\/wp-json\/wp\/v2\/users\/9"}],"replies":[{"embeddable":true,"href":"https:\/\/elfsight.com\/es\/wp-json\/wp\/v2\/comments?post=15778"}],"version-history":[{"count":3,"href":"https:\/\/elfsight.com\/es\/wp-json\/wp\/v2\/pages\/15778\/revisions"}],"predecessor-version":[{"id":17755,"href":"https:\/\/elfsight.com\/es\/wp-json\/wp\/v2\/pages\/15778\/revisions\/17755"}],"up":[{"embeddable":true,"href":"https:\/\/elfsight.com\/es\/wp-json\/wp\/v2\/pages\/1397"}],"wp:attachment":[{"href":"https:\/\/elfsight.com\/es\/wp-json\/wp\/v2\/media?parent=15778"}],"curies":[{"name":"wp","href":"https:\/\/api.w.org\/{rel}","templated":true}]}}