{"id":15772,"date":"2024-05-03T06:35:56","date_gmt":"2024-05-03T06:35:56","guid":{"rendered":"https:\/\/elfsight.com\/es\/?page_id=15772"},"modified":"2025-02-06T14:59:57","modified_gmt":"2025-02-06T14:59:57","slug":"webflow","status":"publish","type":"page","link":"https:\/\/elfsight.com\/es\/facebook-feed-widget\/webflow\/","title":{"rendered":"Facebook Feed &#8211; Webflow"},"content":{"rendered":"<div class=\"application-platform-content-item-description application-platform-content-item\" id=\"description\" data-nav-section=\"description\"><h2>Incrustar el feed de Facebook en Webflow con el widget de Elfsight<\/h2><p>Muestra tu contenido de Facebook con nuestro potente widget: Facebook Feed. Noticias, videos, im\u00e1genes: puedes estar seguro de que tus usuarios no se perder\u00e1n ninguna publicaci\u00f3n. Su atractiva apariencia con los detalles originales de Facebook atraer\u00e1 la atenci\u00f3n y no solo mantendr\u00e1 a tus clientes actuales en el sitio, sino que tambi\u00e9n invitar\u00e1 a nuevos suscriptores de Facebook.<\/p><p><b>Haz crecer tu marketing en redes sociales al m\u00e1ximo con la ayuda del widget de Facebook para Webflow.<\/b><\/p><ul><li><b>Fortalece la confianza de tus clientes en tu empresa<\/b>.<br>Una empresa con perfiles activos en redes sociales obtiene un 72% m\u00e1s de confianza entre los usuarios. Usa tu perfil de Facebook en el sitio para asegurar a los clientes que tu negocio es leg\u00edtimo y confiable. Convierte a los visitantes del sitio en seguidores de Facebook. Dise\u00f1a un widget con tu p\u00e1gina y mu\u00e9stralo en el sitio para que cada usuario tenga la oportunidad de seguir tu p\u00e1gina.<\/li><li><b>Aumenta el n\u00famero de suscriptores en tu perfil de Facebook<\/b>.<br>Convierte a los visitantes del sitio en seguidores de Facebook. Crea un widget \u00f3ptimo con tu p\u00e1gina y mu\u00e9stralo en el sitio para que cada usuario pueda seguir tu p\u00e1gina.<\/li><li><b>Todo Facebook en un solo widget<\/b>.<br>Todo el contenido de Facebook en un widget conveniente: agrega publicaciones con comentarios, compartidos o todas las reacciones disponibles; crea colecciones de im\u00e1genes y videos en el sitio mediante \u00e1lbumes de Facebook.<\/li><\/ul><\/div><div class=\"application-platform-content-item-features application-platform-content-item\" id=\"features\" data-nav-section=\"features\"><h2>Caracter\u00edsticas principales del widget de Facebook Feed<\/h2><p>4 opciones que hacen de nuestro feed de Facebook un widget valioso para un sitio Webflow.<\/p><ul><li>2 fuentes de Facebook soportadas: p\u00e1ginas, perfiles;<\/li><li>Mostrar fotos, \u00e1lbumes o ambos;<\/li><li>Videos con informaci\u00f3n conmutada: descripci\u00f3n, n\u00famero de \u00abme gusta\u00bb, n\u00famero de comentarios;<\/li><li>Mostrar u ocultar publicaciones;<\/li><li>Soporte premium por parte de profesionales.<\/li><\/ul><p><a href=\"#demo\">Prueba todas las ventajas en la demo en vivo<\/a>.<\/p><\/div><div class=\"application-platform-content-item-installation application-platform-content-item\" id=\"installation\" data-nav-section=\"installation\"><h2>C\u00f3mo agregar Facebook a tu sitio Webflow<\/h2><div class=\"video-container\"><iframe width=\"720\" height=\"405\" src=\"https:\/\/www.youtube.com\/embed\/8C87jPKdYWg\" frameborder=\"0\" allowfullscreen=\"\"><\/iframe><\/div><p>Consulta nuestras instrucciones para incrustar el widget en tu sitio. El proceso tomar\u00e1 solo unos minutos y no requiere conocimientos de desarrollo.<\/p><ol><li><b>Crea tu feed de Facebook personalizado<\/b>.<br>Con nuestro configurador gratuito, genera un widget con el dise\u00f1o y las configuraciones deseadas.<\/li><li><b>Obt\u00e9n el c\u00f3digo para configurar el widget<\/b>.<br>Despu\u00e9s de personalizar el widget, obt\u00e9n el c\u00f3digo para el widget de Facebook desde la ventana emergente en Elfsight Apps.<\/li><li><b>Incrusta el widget en tu sitio Webflow<\/b>.<br>Pega el widget en el lugar deseado de tu sitio y publica los resultados.<\/li><li><b>\u00a1La inserci\u00f3n ha sido exitosa!<\/b><br>Visita tu sitio Webflow para comprobar tu trabajo.<\/li><\/ol><p>\u00bfNecesitas soporte m\u00e1s detallado? Consulta una <a href=\"https:\/\/elfsight.com\/tutorials\/how-to-add-facebook-feed-to-webflow\/\" target=\"_blank\" rel=\"noopener noreferrer\">gu\u00eda completa<\/a> o escribe al centro de ayuda de Elfsight y estaremos encantados de brindarte una soluci\u00f3n.<\/p><\/div><div class=\"faq\" data-component=\"FAQ\"><div class=\"faq-item\">\r\n\t\t\t\t\t<div class=\"faq-item-question\">\r\n\t\t\t\t\t\t<h3 class=\"faq-item-question-text\">\u00bfC\u00f3mo puedo agregar WhatsApp Chat a mi Webflow sin necesidad de codificaci\u00f3n?<\/h3>\r\n\r\n\t\t\t\t\t\t<div class=\"faq-item-question-icon\"><\/div>\r\n\t\t\t\t\t<\/div>\r\n\r\n\t\t\t\t\t<div class=\"faq-item-answer\">\r\n\t\t\t\t\t\t<div class=\"faq-item-answer-text\"><p>La empresa Elfsight ofrece una soluci\u00f3n SaaS que permite a los propietarios de sitios crear un plugin de WhatsApp Chat por s\u00ed mismos, sigue esta sencilla gu\u00eda:<\/p><ul><li>Ve al Editor en l\u00ednea para crear la secci\u00f3n de WhatsApp Chat que te gustar\u00eda mostrar en el sitio Webflow.<\/li><li>Elige uno de los muchos plantillas prehechas y ajusta la configuraci\u00f3n del WhatsApp Chat, cambia el dise\u00f1o y los colores de los elementos, incluye tu contenido sin necesidad de conocimientos de codificaci\u00f3n.<\/li><li>Guarda el WhatsApp Chat y obt\u00e9n el c\u00f3digo para incrustarlo, que se puede insertar f\u00e1cilmente en la p\u00e1gina principal de Webflow de forma gratuita.<\/li><\/ul><p>Usando nuestro Configurador f\u00e1cil de usar, cualquier usuario puede crear una secci\u00f3n de WhatsApp Chat y agregarla f\u00e1cilmente a su sitio Webflow. No necesitas suscripci\u00f3n de pago ni ingresar tus datos de tarjeta para acceder al Editor. Si enfrentas alg\u00fan problema, no dudes en contactar con nuestro equipo de soporte.<\/p><\/div>\r\n\t\t\t\t\t<\/div>\r\n\t\t\t\t<\/div><\/div>","protected":false},"excerpt":{"rendered":"","protected":false},"author":9,"featured_media":0,"parent":1397,"menu_order":0,"comment_status":"closed","ping_status":"closed","template":"templates\/template-application-platform.php","meta":{"publish_to_discourse":"","publish_post_category":"","wpdc_auto_publish_overridden":"","wpdc_topic_tags":"","wpdc_pin_topic":"","wpdc_pin_until":"","discourse_post_id":"","discourse_permalink":"","wpdc_publishing_response":"","wpdc_publishing_error":"","footnotes":""},"class_list":["post-15772","page","type-page","status-publish","hentry"],"yoast_head":"<!-- This site is optimized with the Yoast SEO plugin v25.3.1 - https:\/\/yoast.com\/wordpress\/plugins\/seo\/ -->\n<title>Feed de Facebook: agregue el widget de Facebook al sitio web de Webflow<\/title>\n<meta name=\"description\" content=\"Muestre el mejor widget de feed de Facebook en su sitio Webflow. Pruebe nuestro editor interactivo y dise\u00f1e un complemento individual en solo 2 minutos.\" \/>\n<meta name=\"robots\" content=\"index, follow, max-snippet:-1, max-image-preview:large, max-video-preview:-1\" \/>\n<link rel=\"canonical\" href=\"https:\/\/elfsight.com\/es\/facebook-feed-widget\/webflow\/\" \/>\n<meta property=\"og:locale\" content=\"es_ES\" \/>\n<meta property=\"og:type\" content=\"article\" \/>\n<meta property=\"og:title\" content=\"Feed de Facebook: agregue el widget de Facebook al sitio web de Webflow\" \/>\n<meta property=\"og:description\" content=\"Muestre el mejor widget de feed de Facebook en su sitio Webflow. Pruebe nuestro editor interactivo y dise\u00f1e un complemento individual en solo 2 minutos.\" \/>\n<meta property=\"og:url\" content=\"https:\/\/elfsight.com\/es\/facebook-feed-widget\/webflow\/\" \/>\n<meta property=\"og:site_name\" content=\"Elfsight ES\" \/>\n<meta property=\"article:modified_time\" content=\"2025-02-06T14:59:57+00:00\" \/>\n<meta name=\"twitter:card\" content=\"summary_large_image\" \/>\n<meta name=\"twitter:label1\" content=\"Tiempo de lectura\" \/>\n\t<meta name=\"twitter:data1\" content=\"3 minutos\" \/>\n<!-- \/ Yoast SEO plugin. -->","yoast_head_json":{"title":"Feed de Facebook: agregue el widget de Facebook al sitio web de Webflow","description":"Muestre el mejor widget de feed de Facebook en su sitio Webflow. Pruebe nuestro editor interactivo y dise\u00f1e un complemento individual en solo 2 minutos.","robots":{"index":"index","follow":"follow","max-snippet":"max-snippet:-1","max-image-preview":"max-image-preview:large","max-video-preview":"max-video-preview:-1"},"canonical":"https:\/\/elfsight.com\/es\/facebook-feed-widget\/webflow\/","og_locale":"es_ES","og_type":"article","og_title":"Feed de Facebook: agregue el widget de Facebook al sitio web de Webflow","og_description":"Muestre el mejor widget de feed de Facebook en su sitio Webflow. Pruebe nuestro editor interactivo y dise\u00f1e un complemento individual en solo 2 minutos.","og_url":"https:\/\/elfsight.com\/es\/facebook-feed-widget\/webflow\/","og_site_name":"Elfsight ES","article_modified_time":"2025-02-06T14:59:57+00:00","twitter_card":"summary_large_image","twitter_misc":{"Tiempo de lectura":"3 minutos"},"schema":{"@context":"https:\/\/schema.org","@graph":[{"@type":"WebPage","@id":"https:\/\/elfsight.com\/es\/facebook-feed-widget\/webflow\/","url":"https:\/\/elfsight.com\/es\/facebook-feed-widget\/webflow\/","name":"Feed de Facebook: agregue el widget de Facebook al sitio web de Webflow","isPartOf":{"@id":"https:\/\/elfsight.com\/es\/#website"},"datePublished":"2024-05-03T06:35:56+00:00","dateModified":"2025-02-06T14:59:57+00:00","description":"Muestre el mejor widget de feed de Facebook en su sitio Webflow. Pruebe nuestro editor interactivo y dise\u00f1e un complemento individual en solo 2 minutos.","breadcrumb":{"@id":"https:\/\/elfsight.com\/es\/facebook-feed-widget\/webflow\/#breadcrumb"},"inLanguage":"es","potentialAction":[{"@type":"ReadAction","target":["https:\/\/elfsight.com\/es\/facebook-feed-widget\/webflow\/"]}]},{"@type":"BreadcrumbList","@id":"https:\/\/elfsight.com\/es\/facebook-feed-widget\/webflow\/#breadcrumb","itemListElement":[{"@type":"ListItem","position":1,"name":"Home","item":"https:\/\/elfsight.com\/es\/"},{"@type":"ListItem","position":2,"name":"Facebook Feed","item":"https:\/\/elfsight.com\/es\/facebook-feed-widget\/"},{"@type":"ListItem","position":3,"name":"Facebook Feed &#8211; Webflow"}]},{"@type":"WebSite","@id":"https:\/\/elfsight.com\/es\/#website","url":"https:\/\/elfsight.com\/es\/","name":"Elfsight ES","description":"Just another Elfsight Sites site","potentialAction":[{"@type":"SearchAction","target":{"@type":"EntryPoint","urlTemplate":"https:\/\/elfsight.com\/es\/?s={search_term_string}"},"query-input":{"@type":"PropertyValueSpecification","valueRequired":true,"valueName":"search_term_string"}}],"inLanguage":"es"}]}},"meta_box":{"industry":"","seo_heading":"","heading":"","description":"","cta_heading":"","cta_description":"","application":"1396","h1":"Widget de alimentaci\u00f3n de Facebook para Webflow","h1_caption":"Inserte publicaciones de su p\u00e1gina de Facebook para mantener a los visitantes de su sitio web interesados \u200b\u200bcon sus \u00faltimas actualizaciones y noticias en su sitio web Webflow sin esfuerzo.","application_category":[],"applications_title":"","applications_request_title":"","applications_request_button_text":"","hero_text":"","hero_video":"","hero_video_schema_markup":"","selling_points_title":"","selling_points_caption":"","selling_points":[],"selling_points_cta_text":"","features_title":"","features":"","ed_cta_examples_text":"","ed_cta_examples_hidden":"","ed_cta_demo_text":"","ed_cta_demo_hidden":"","why_caption":"","why_editor_title":"","why_editor_text":"","why_team_title":"","why_team_text":"","why_service_title":"","why_service_text":"","template_catalog_visible":"","template_catalog_title":"","template_catalog_text":"","template_catalog_categories_visible":"","demo_title":"Crea tu widget de feed de Facebook","demo_caption":"\u00a1Configure su feed de Facebook y agr\u00e9guelo a su sitio web Webflow gratis!","default_faq_hidden":"","app_template_category":[],"platform":"106","template_public_id":"","codecanyon_url":"","codecanyon_item_id":"","codecanyon_price":"","pricing_caption":"","pricing_elfsight_apps_hide_column":"","pricing_elfsight_apps_url":"","pricing_codecanyon_price_caption":"","integration_category":[],"integration_request_title":"","integration_request_cta":"","integration_platform":"","integrations":[],"platform_category":[],"video_schema_markup":"","price":"desde $0 \/ mes","trial":"","benefits":[{"text":"Servicio de instalaci\u00f3n gratuito"},{"text":"Atenci\u00f3n al cliente experimentada"},{"text":"Garant\u00eda de devoluci\u00f3n de dinero de 14 d\u00edas"},{"text":"Desarrollo continuo"}],"button_url":"#demo","button_target_blank":"","button_nofollow":"","attributes":[{"name":"Instalaciones","content":"100,000 - 500,000"},{"name":"Sensible","content":"S\u00ed"},{"name":"Navegadores compatibles","content":"Chrome, Edge, Opera, Safari, Firefox"}],"tags":[],"tags_disable_links":"","hide_more_platforms":"","video_object":"","demo_hide_cta":"","demo_hide_cloud_options":"","pricing_title":"","pricing":[{"pricing_icon":"platform","pricing_title":"Webflow widget","pricing_title_caption":"Soluci\u00f3n digital independiente de plataforma que funciona en cualquier sitio web","pricing_price":"desde $0 \/ mes","pricing_price_caption":"comienza con el plan gratuito","pricing_benefits":[{"text":"N\u00famero ilimitado de sitios web"},{"text":"Soporte premium"},{"text":"Servicio de instalaci\u00f3n gratuito"},{"text":"Oferta especial para m\u00faltiples aplicaciones"}],"pricing_button_text":"A\u00f1adir al sitio web","pricing_button_url":"#demo"}],"related_apps_title":"","related_apps_hidden":"","author":"","image":[],"title":"","job":"","social_networks":[]},"_links":{"self":[{"href":"https:\/\/elfsight.com\/es\/wp-json\/wp\/v2\/pages\/15772","targetHints":{"allow":["GET"]}}],"collection":[{"href":"https:\/\/elfsight.com\/es\/wp-json\/wp\/v2\/pages"}],"about":[{"href":"https:\/\/elfsight.com\/es\/wp-json\/wp\/v2\/types\/page"}],"author":[{"embeddable":true,"href":"https:\/\/elfsight.com\/es\/wp-json\/wp\/v2\/users\/9"}],"replies":[{"embeddable":true,"href":"https:\/\/elfsight.com\/es\/wp-json\/wp\/v2\/comments?post=15772"}],"version-history":[{"count":3,"href":"https:\/\/elfsight.com\/es\/wp-json\/wp\/v2\/pages\/15772\/revisions"}],"predecessor-version":[{"id":17753,"href":"https:\/\/elfsight.com\/es\/wp-json\/wp\/v2\/pages\/15772\/revisions\/17753"}],"up":[{"embeddable":true,"href":"https:\/\/elfsight.com\/es\/wp-json\/wp\/v2\/pages\/1397"}],"wp:attachment":[{"href":"https:\/\/elfsight.com\/es\/wp-json\/wp\/v2\/media?parent=15772"}],"curies":[{"name":"wp","href":"https:\/\/api.w.org\/{rel}","templated":true}]}}