{"id":15771,"date":"2024-05-03T06:35:52","date_gmt":"2024-05-03T06:35:52","guid":{"rendered":"https:\/\/elfsight.com\/es\/?page_id=15771"},"modified":"2025-02-06T15:00:06","modified_gmt":"2025-02-06T15:00:06","slug":"squarespace","status":"publish","type":"page","link":"https:\/\/elfsight.com\/es\/facebook-feed-widget\/squarespace\/","title":{"rendered":"Facebook Feed &#8211; Squarespace"},"content":{"rendered":"<div class=\"application-platform-content-item-description application-platform-content-item\" id=\"description\" data-nav-section=\"description\"><h2>Embed Product on Platform with the Elfsight widget<\/h2><p>Show your Facebook feed in our advanced widget \u2013 Facebook Feed. Pages, videos, pictures \u2013 you can be sure your users will not skip a single post. Stylish interface with real details of Facebook will not stay unnoticed and will help to not only hold current readers on the site, but also find new Facebook subscribers.<\/p><p><b>Raise your client engagement to a new level with the help of Squarespace Facebook widget.<\/b><\/p><ul><li><b>Make visitors stay on the page<\/b>.<br>Insert social and interactive components, which entice interest of visitors, to hold them on the site and tell them with your products or service in a more detailed way.<\/li><li><b>Advertise your Facebook profile<\/b>.<br>Demonstrate Facebook feed not only for viewers of the social media, but also for leading readers from the site to your Facebook page. Insert noticeable posts or pictures to start collecting new subscribers right now!<\/li><li><b>One Facebook widget instead of three<\/b>.<br>All data of Facebook in a unique widget: show posts with comments, shares or other reactions; get pictures and video lists on website out of Facebook albums.<\/li><\/ul><div class=\"faq\" data-component=\"FAQ\"> <div class=\"faq-item\">\r\n\t\t\t\t\t<div class=\"faq-item-question\">\r\n\t\t\t\t\t\t<h3 class=\"faq-item-question-text\">What exactly other widgets for Squarespace do you have? <\/h3>\r\n\r\n\t\t\t\t\t\t<div class=\"faq-item-question-icon\"><\/div>\r\n\t\t\t\t\t<\/div>\r\n\r\n\t\t\t\t\t<div class=\"faq-item-answer\">\r\n\t\t\t\t\t\t<div class=\"faq-item-answer-text\"> <p>On our website there\u2019s a whole bunch of plugins and widgets for you to attain any sort of task on your website. See for yourself: <a href=\"https:\/\/elfsight.com\/qr-code-widget\/squarespace\/\">QR Code<\/a>, <a href=\"https:\/\/elfsight.com\/google-reviews-widget\/squarespace\/\">Google Reviews<\/a>, <a href=\"https:\/\/elfsight.com\/whatsapp-chat-widget\/squarespace\/\">WhatsApp Chat<\/a>, <a href=\"https:\/\/elfsight.com\/event-calendar-widget\/squarespace\/\">Event calendar<\/a>, <a href=\"https:\/\/elfsight.com\/countdown-timer-widget\/squarespace\/\">Countdown Timer<\/a>. <\/p> <\/div>\r\n\t\t\t\t\t<\/div>\r\n\t\t\t\t<\/div> <div class=\"faq-item\">\r\n\t\t\t\t\t<div class=\"faq-item-question\">\r\n\t\t\t\t\t\t<h3 class=\"faq-item-question-text\">How do I embed the Facebook feed plugin to my Squarespace website?<\/h3>\r\n\r\n\t\t\t\t\t\t<div class=\"faq-item-question-icon\"><\/div>\r\n\t\t\t\t\t<\/div>\r\n\r\n\t\t\t\t\t<div class=\"faq-item-answer\">\r\n\t\t\t\t\t\t<div class=\"faq-item-answer-text\"> <p>You can add the Facebook Feed widget to your Squarespace website to display an interactive feed with images and posts. Simply open the administrator board and do the following actions: <\/p><ol><li>Select theme settings. <\/li><li>pick the element where you want to embed the Facebook Feed on. <\/li><li>Paste your code from Elfsight Apps service and save the modifications. <\/li><li>Simple as that. <\/li><\/ol><p>And don\u2019t forget to check our detailed installation guide <a href=\"https:\/\/elfsight.com\/tutorials\/how-to-add-facebook-feed-to-any-website\/#squarespace-facebook-feed\">here<\/a>.<\/p><\/div>\r\n\t\t\t\t\t<\/div>\r\n\t\t\t\t<\/div> <div class=\"faq-item\">\r\n\t\t\t\t\t<div class=\"faq-item-question\">\r\n\t\t\t\t\t\t<h3 class=\"faq-item-question-text\">How can I see your Squarespace Facebook Feed plugin in effect? <\/h3>\r\n\r\n\t\t\t\t\t\t<div class=\"faq-item-question-icon\"><\/div>\r\n\t\t\t\t\t<\/div>\r\n\r\n\t\t\t\t\t<div class=\"faq-item-answer\">\r\n\t\t\t\t\t\t<div class=\"faq-item-answer-text\"> <p>You can not only view, but also test all the features of the Facebook plugin in our live  <a href=\"https:\/\/elfsight.com\/facebook-feed-widget\/#demo\">demo<\/a>, and also you are free to embed the plugin on your website straight out of it!<\/p><\/div>\r\n\t\t\t\t\t<\/div>\r\n\t\t\t\t<\/div> <\/div><\/div><div class=\"application-platform-content-item-features application-platform-content-item\" id=\"features\" data-nav-section=\"features\"><h2>Main features of the Facebook Feed widget<\/h2><p>Some traits, which turn our Facebook feed into a necessary widget for a Squarespace website.<\/p><ul><li>2 Facebook sources supported: pages, profiles;<\/li><li>Customizable header with adjustable elements: cover picture, actions, page picture, likes count;<\/li><li>Posts with switchable info: author, likes count, shares count, share button;<\/li><li>Variable posts limit;<\/li><li>Premium support by professionals.<\/li><\/ul><p><a href=\"#demo\">Check all the features in live demo<\/a>.<\/p><\/div><div class=\"application-platform-content-item-installation application-platform-content-item\" id=\"installation\" data-nav-section=\"installation\"><h2>How to embed Facebook to Squarespace website<\/h2><div class=\"video-container\"><iframe width=\"720\" height=\"405\" src=\"https:\/\/www.youtube.com\/embed\/ceiwC1azkyI\" frameborder=\"0\" allowfullscreen=\"\"><\/iframe><\/div><p>Read our tutorial, to end up installation. This will last for less than 3 minutes and doesn\u2019t require abilities in programming.<\/p><ol><li><b>Construct your personal Facebook feed<\/b>.<br>Using our free configurator, a widget with necessary layout and capacities.<\/li><li><b>Get the code for installing the widget<\/b>.<br>After widget generating, receive the code for Facebook widget from the appearing window on Elfsight Apps.<\/li><li><b>Display the widget on your website<\/b>.<br>Embed the widget into the desired spot of the website and save the results.<\/li><li><b>Installation is finished<\/b>.<br>Go to your SquareSpace site, to see your widget.<\/li><\/ol><p>Do you need a more particular support? Read a <a href=\"https:\/\/elfsight.com\/tutorials\/how-to-add-facebook-feed-to-squarespace\/\" target=\"_blank\" rel=\"noopener noreferrer\">complete instruction<\/a> or leave your message to our customer support, and we will be happy to find an answer.<\/p><\/div>","protected":false},"excerpt":{"rendered":"","protected":false},"author":9,"featured_media":0,"parent":1397,"menu_order":0,"comment_status":"closed","ping_status":"closed","template":"templates\/template-application-platform.php","meta":{"publish_to_discourse":"","publish_post_category":"","wpdc_auto_publish_overridden":"","wpdc_topic_tags":"","wpdc_pin_topic":"","wpdc_pin_until":"","discourse_post_id":"","discourse_permalink":"","wpdc_publishing_response":"","wpdc_publishing_error":"","footnotes":""},"class_list":["post-15771","page","type-page","status-publish","hentry"],"yoast_head":"<!-- This site is optimized with the Yoast SEO plugin v25.3.1 - https:\/\/yoast.com\/wordpress\/plugins\/seo\/ -->\n<title>Feed de Facebook: incrustar el widget de Facebook en el sitio web de Squarespace<\/title>\n<meta name=\"description\" content=\"Inserta un widget responsivo de Facebook Feed en tu sitio web de Squarespace. Pruebe el constructor flexible de Elfsight y cree su complemento en solo 1 minuto.\" \/>\n<meta name=\"robots\" content=\"index, follow, max-snippet:-1, max-image-preview:large, max-video-preview:-1\" \/>\n<link rel=\"canonical\" href=\"https:\/\/elfsight.com\/es\/facebook-feed-widget\/squarespace\/\" \/>\n<meta property=\"og:locale\" content=\"es_ES\" \/>\n<meta property=\"og:type\" content=\"article\" \/>\n<meta property=\"og:title\" content=\"Feed de Facebook: incrustar el widget de Facebook en el sitio web de Squarespace\" \/>\n<meta property=\"og:description\" content=\"Inserta un widget responsivo de Facebook Feed en tu sitio web de Squarespace. Pruebe el constructor flexible de Elfsight y cree su complemento en solo 1 minuto.\" \/>\n<meta property=\"og:url\" content=\"https:\/\/elfsight.com\/es\/facebook-feed-widget\/squarespace\/\" \/>\n<meta property=\"og:site_name\" content=\"Elfsight ES\" \/>\n<meta property=\"article:modified_time\" content=\"2025-02-06T15:00:06+00:00\" \/>\n<meta name=\"twitter:card\" content=\"summary_large_image\" \/>\n<meta name=\"twitter:label1\" content=\"Tiempo de lectura\" \/>\n\t<meta name=\"twitter:data1\" content=\"3 minutos\" \/>\n<!-- \/ Yoast SEO plugin. -->","yoast_head_json":{"title":"Feed de Facebook: incrustar el widget de Facebook en el sitio web de Squarespace","description":"Inserta un widget responsivo de Facebook Feed en tu sitio web de Squarespace. Pruebe el constructor flexible de Elfsight y cree su complemento en solo 1 minuto.","robots":{"index":"index","follow":"follow","max-snippet":"max-snippet:-1","max-image-preview":"max-image-preview:large","max-video-preview":"max-video-preview:-1"},"canonical":"https:\/\/elfsight.com\/es\/facebook-feed-widget\/squarespace\/","og_locale":"es_ES","og_type":"article","og_title":"Feed de Facebook: incrustar el widget de Facebook en el sitio web de Squarespace","og_description":"Inserta un widget responsivo de Facebook Feed en tu sitio web de Squarespace. Pruebe el constructor flexible de Elfsight y cree su complemento en solo 1 minuto.","og_url":"https:\/\/elfsight.com\/es\/facebook-feed-widget\/squarespace\/","og_site_name":"Elfsight ES","article_modified_time":"2025-02-06T15:00:06+00:00","twitter_card":"summary_large_image","twitter_misc":{"Tiempo de lectura":"3 minutos"},"schema":{"@context":"https:\/\/schema.org","@graph":[{"@type":"WebPage","@id":"https:\/\/elfsight.com\/es\/facebook-feed-widget\/squarespace\/","url":"https:\/\/elfsight.com\/es\/facebook-feed-widget\/squarespace\/","name":"Feed de Facebook: incrustar el widget de Facebook en el sitio web de Squarespace","isPartOf":{"@id":"https:\/\/elfsight.com\/es\/#website"},"datePublished":"2024-05-03T06:35:52+00:00","dateModified":"2025-02-06T15:00:06+00:00","description":"Inserta un widget responsivo de Facebook Feed en tu sitio web de Squarespace. Pruebe el constructor flexible de Elfsight y cree su complemento en solo 1 minuto.","breadcrumb":{"@id":"https:\/\/elfsight.com\/es\/facebook-feed-widget\/squarespace\/#breadcrumb"},"inLanguage":"es","potentialAction":[{"@type":"ReadAction","target":["https:\/\/elfsight.com\/es\/facebook-feed-widget\/squarespace\/"]}]},{"@type":"BreadcrumbList","@id":"https:\/\/elfsight.com\/es\/facebook-feed-widget\/squarespace\/#breadcrumb","itemListElement":[{"@type":"ListItem","position":1,"name":"Home","item":"https:\/\/elfsight.com\/es\/"},{"@type":"ListItem","position":2,"name":"Facebook Feed","item":"https:\/\/elfsight.com\/es\/facebook-feed-widget\/"},{"@type":"ListItem","position":3,"name":"Facebook Feed &#8211; Squarespace"}]},{"@type":"WebSite","@id":"https:\/\/elfsight.com\/es\/#website","url":"https:\/\/elfsight.com\/es\/","name":"Elfsight ES","description":"Just another Elfsight Sites site","potentialAction":[{"@type":"SearchAction","target":{"@type":"EntryPoint","urlTemplate":"https:\/\/elfsight.com\/es\/?s={search_term_string}"},"query-input":{"@type":"PropertyValueSpecification","valueRequired":true,"valueName":"search_term_string"}}],"inLanguage":"es"}]}},"meta_box":{"industry":"","seo_heading":"","heading":"","description":"","cta_heading":"","cta_description":"","application":"1396","h1":"Widget de alimentaci\u00f3n de Facebook para Squarespace","h1_caption":"Inserte publicaciones de su p\u00e1gina de Facebook para mantener a los visitantes de su sitio web interesados \u200b\u200bcon sus \u00faltimas actualizaciones y noticias en su sitio web de Squarespace sin esfuerzo.","application_category":[],"applications_title":"","applications_request_title":"","applications_request_button_text":"","hero_text":"","hero_video":"","hero_video_schema_markup":"","selling_points_title":"","selling_points_caption":"","selling_points":[],"selling_points_cta_text":"","features_title":"","features":"","ed_cta_examples_text":"","ed_cta_examples_hidden":"","ed_cta_demo_text":"","ed_cta_demo_hidden":"","why_caption":"","why_editor_title":"","why_editor_text":"","why_team_title":"","why_team_text":"","why_service_title":"","why_service_text":"","template_catalog_visible":"","template_catalog_title":"","template_catalog_text":"","template_catalog_categories_visible":"","demo_title":"Crea tu complemento de feed de Facebook","demo_caption":"\u00a1Configura tu feed de Facebook y agr\u00e9galo a tu sitio web de Squarespace gratis!","default_faq_hidden":"","app_template_category":[],"platform":"100","template_public_id":"","codecanyon_url":"","codecanyon_item_id":"","codecanyon_price":"","pricing_caption":"","pricing_elfsight_apps_hide_column":"","pricing_elfsight_apps_url":"","pricing_codecanyon_price_caption":"","integration_category":[],"integration_request_title":"","integration_request_cta":"","integration_platform":"","integrations":[],"platform_category":[],"video_schema_markup":"","price":"desde $0 \/ mes","trial":"","benefits":[{"text":"Asistencia de instalaci\u00f3n gratuita"},{"text":"Servicio al cliente profesional"},{"text":"Garant\u00eda de reembolso de 14 d\u00edas"},{"text":"Desarrollo continuo"}],"button_url":"#demo","button_target_blank":"","button_nofollow":"","attributes":[{"name":"Instalaciones","content":"100,000 - 500,000"},{"name":"Sensible","content":"S\u00ed"},{"name":"Navegadores compatibles","content":"Firefox, Safari, Opera, Chrome, Edge"}],"tags":[],"tags_disable_links":"","hide_more_platforms":"","video_object":"","demo_hide_cta":"","demo_hide_cloud_options":"","pricing_title":"","pricing":[{"pricing_icon":"platform","pricing_title":"Elfsight Apps","pricing_title_caption":"Soluci\u00f3n digital multiplataforma que funciona en cualquier sitio","pricing_price":"desde $0 \/ mes","pricing_price_caption":"comienza con un plan gratuito","pricing_benefits":[{"text":"Sitios web ilimitados"},{"text":"Asistencia de instalaci\u00f3n gratuita"},{"text":"Atenci\u00f3n al cliente r\u00e1pida y bien documentada."},{"text":"Dise\u00f1o flexible"}],"pricing_button_text":"A\u00f1adir al sitio web","pricing_button_url":"#demo"}],"related_apps_title":"","related_apps_hidden":"","author":"","image":[],"title":"","job":"","social_networks":[]},"_links":{"self":[{"href":"https:\/\/elfsight.com\/es\/wp-json\/wp\/v2\/pages\/15771","targetHints":{"allow":["GET"]}}],"collection":[{"href":"https:\/\/elfsight.com\/es\/wp-json\/wp\/v2\/pages"}],"about":[{"href":"https:\/\/elfsight.com\/es\/wp-json\/wp\/v2\/types\/page"}],"author":[{"embeddable":true,"href":"https:\/\/elfsight.com\/es\/wp-json\/wp\/v2\/users\/9"}],"replies":[{"embeddable":true,"href":"https:\/\/elfsight.com\/es\/wp-json\/wp\/v2\/comments?post=15771"}],"version-history":[{"count":2,"href":"https:\/\/elfsight.com\/es\/wp-json\/wp\/v2\/pages\/15771\/revisions"}],"predecessor-version":[{"id":16655,"href":"https:\/\/elfsight.com\/es\/wp-json\/wp\/v2\/pages\/15771\/revisions\/16655"}],"up":[{"embeddable":true,"href":"https:\/\/elfsight.com\/es\/wp-json\/wp\/v2\/pages\/1397"}],"wp:attachment":[{"href":"https:\/\/elfsight.com\/es\/wp-json\/wp\/v2\/media?parent=15771"}],"curies":[{"name":"wp","href":"https:\/\/api.w.org\/{rel}","templated":true}]}}