{"id":15770,"date":"2024-05-03T06:36:06","date_gmt":"2024-05-03T06:36:06","guid":{"rendered":"https:\/\/elfsight.com\/es\/?page_id=15770"},"modified":"2025-02-06T14:59:34","modified_gmt":"2025-02-06T14:59:34","slug":"shopify","status":"publish","type":"page","link":"https:\/\/elfsight.com\/es\/facebook-feed-widget\/shopify\/","title":{"rendered":"Facebook Feed &#8211; Shopify"},"content":{"rendered":"<div class=\"application-platform-content-item-description application-platform-content-item\" id=\"description\" data-nav-section=\"description\"><h2>Incorpora el Feed de Facebook en Shopify con el widget de Elfsight<\/h2><p>Muestra tu p\u00e1gina de Facebook en nuestra aplicaci\u00f3n universal \u2013 Facebook Feed. P\u00e1ginas, videos, fotos \u2013 aseg\u00farate de que tus visitantes no se perder\u00e1n ni una sola novedad. Un dise\u00f1o atractivo con los elementos aut\u00e9nticos de Facebook no pasar\u00e1 desapercibido y te brindar\u00e1 la oportunidad no solo de mantener a los clientes actuales en el sitio web, sino tambi\u00e9n de atraer nuevos seguidores de Facebook.<\/p><p><b>Haz crecer tu sitio web al m\u00e1ximo con la aplicaci\u00f3n de Facebook para Shopify.<\/b><\/p><ul><li><b>Aumenta la conversi\u00f3n de tu sitio hasta un 125%<\/b>.<br>Agrega un componente de redes sociales a tu sitio y adquiere m\u00e1s clientes. Deja que tus visitantes descubran tu negocio en Facebook y ganes su confianza, lo que contribuir\u00e1 a fortalecer tu tasa de conversi\u00f3n.<\/li><li><b>Promociona tu cuenta de Facebook<\/b>.<br>Usa tu contenido de Facebook no solo para entretener a los seguidores de las redes sociales, sino tambi\u00e9n para atraer visitantes desde tu sitio web y llevarlos a tu p\u00e1gina de Facebook. \u00a1Agrega un feed o im\u00e1genes visibles y empieza a ganar nuevos seguidores ahora!<\/li><li><b>1 widget de Facebook que sirve como 3<\/b>.<br>Todo tu contenido de Facebook en un solo widget: agrega publicaciones con comentarios, compartidos o todas las reacciones disponibles; crea galer\u00edas de im\u00e1genes y videos en el sitio web usando los \u00e1lbumes de Facebook.<\/li><\/ul><\/div><div class=\"application-platform-content-item-features application-platform-content-item\" id=\"features\" data-nav-section=\"features\"><h2>Principales caracter\u00edsticas del widget de Facebook Feed<\/h2><p>Varias caracter\u00edsticas que hacen de nuestro feed de Facebook la mejor aplicaci\u00f3n para un sitio de Shopify.<\/p><ul><li>3 tipos de contenido de Facebook mostrables: publicaciones, videos y fotos con \u00e1lbumes;<\/li><li>Ventanas emergentes personalizables con elementos conmutables: autor, n\u00famero de \u201cme gusta\u201d, n\u00famero de compartidos, comentarios;<\/li><li>Ancho y alto ajustables;<\/li><li>Activa o desactiva el encabezado;<\/li><li>Servicio de instalaci\u00f3n gratuito.<\/li><\/ul><p><a href=\"#demo\">Mira todas las caracter\u00edsticas en la demostraci\u00f3n en vivo<\/a><\/p><\/div><div class=\"application-platform-content-item-installation application-platform-content-item\" id=\"installation\" data-nav-section=\"installation\"><h2>C\u00f3mo agregar el Feed de Facebook a tu sitio de Shopify<\/h2><div class=\"video-container\"><iframe width=\"720\" height=\"405\" src=\"https:\/\/www.youtube.com\/embed\/4iTtZ_DcOOA\" frameborder=\"0\" allowfullscreen=\"\"><\/iframe><\/div><p>Sigue nuestra gu\u00eda para completar la instalaci\u00f3n. Solo tomar\u00e1 unos minutos y no requiere conocimientos en programaci\u00f3n.<\/p><ol><li><b>Lanza nuestra demostraci\u00f3n gratuita y comienza a trabajar con tu propia aplicaci\u00f3n.<\/b><br>Elige el dise\u00f1o y el rendimiento adecuados de la aplicaci\u00f3n y aplica todas las ediciones.<\/li><li><b>Obt\u00e9n tu c\u00f3digo individual que aparece en la ventana de Elfsight Apps.<\/b><br>Cuando la configuraci\u00f3n de tu aplicaci\u00f3n termine, copia tu c\u00f3digo desde la ventana emergente y gu\u00e1rdalo para una futura ocasi\u00f3n.<\/li><li><b>Comienza a usar la aplicaci\u00f3n en tu p\u00e1gina de Shopify.<\/b><br>Integra el c\u00f3digo que acabas de copiar en tu p\u00e1gina y guarda los cambios.<\/li><li><b>La instalaci\u00f3n se ha completado con \u00e9xito.<\/b><br>Ve a tu sitio para ver c\u00f3mo funciona la aplicaci\u00f3n.<\/li><\/ol><p>\u00bfNecesitas soporte m\u00e1s personalizado? Escribe a nuestro centro de ayuda, y estaremos encantados de encontrar una soluci\u00f3n para ti o lee un <a href=\"https:\/\/elfsight.com\/tutorials\/how-to-add-facebook-feed-app-to-shopify\/\" target=\"_blank\" rel=\"noopener noreferrer\">art\u00edculo detallado<\/a>.<\/p><\/div><div class=\"faq\" data-component=\"FAQ\"><div class=\"faq-item\">\r\n\t\t\t\t\t<div class=\"faq-item-question\">\r\n\t\t\t\t\t\t<h3 class=\"faq-item-question-text\">\u00bfC\u00f3mo puedo agregar WhatsApp Chat a mi p\u00e1gina de Shopify sin codificar?<\/h3>\r\n\r\n\t\t\t\t\t\t<div class=\"faq-item-question-icon\"><\/div>\r\n\t\t\t\t\t<\/div>\r\n\r\n\t\t\t\t\t<div class=\"faq-item-answer\">\r\n\t\t\t\t\t\t<div class=\"faq-item-answer-text\"><p>La empresa Elfsight ofrece una soluci\u00f3n SaaS que permite a una audiencia amplia crear su propia aplicaci\u00f3n de WhatsApp Chat, mira lo sencillo que es el proceso:<\/p><ul><li>Comienza a trabajar directamente en el Editor en l\u00ednea para crear el plugin de WhatsApp Chat que deseas agregar a tu sitio de Shopify.<\/li><li>Elige una de las muchas plantillas predefinidas y ajusta la configuraci\u00f3n de WhatsApp Chat, agrega tu contenido, cambia el dise\u00f1o y el color de los elementos sin necesidad de codificaci\u00f3n.<\/li><li>Guarda la configuraci\u00f3n que has hecho para WhatsApp Chat y copia el c\u00f3digo del plugin para incrustarlo, que puedes incluir f\u00e1cilmente en la p\u00e1gina de inicio de Shopify sin costo alguno.<\/li><\/ul><p>Con nuestro Configurador intuitivo, cualquier usuario de internet puede generar un plugin de WhatsApp Chat y agregarlo f\u00e1cilmente a su p\u00e1gina de Shopify. No es necesario obtener una suscripci\u00f3n de pago ni ingresar los datos de tu tarjeta para acceder al servicio de Elfsight. Si tienes alg\u00fan problema en cualquier paso, no dudes en ponerte en contacto con nuestro equipo de soporte.<\/p><\/div>\r\n\t\t\t\t\t<\/div>\r\n\t\t\t\t<\/div><\/div>","protected":false},"excerpt":{"rendered":"","protected":false},"author":9,"featured_media":0,"parent":1397,"menu_order":0,"comment_status":"closed","ping_status":"closed","template":"templates\/template-application-platform.php","meta":{"publish_to_discourse":"","publish_post_category":"","wpdc_auto_publish_overridden":"","wpdc_topic_tags":"","wpdc_pin_topic":"","wpdc_pin_until":"","discourse_post_id":"","discourse_permalink":"","wpdc_publishing_response":"","wpdc_publishing_error":"","footnotes":""},"class_list":["post-15770","page","type-page","status-publish","hentry"],"yoast_head":"<!-- This site is optimized with the Yoast SEO plugin v25.3.1 - https:\/\/yoast.com\/wordpress\/plugins\/seo\/ -->\n<title>Feed de Facebook: agrega la aplicaci\u00f3n de Facebook a Shopify (f\u00e1cil y r\u00e1pido)<\/title>\n<meta name=\"description\" content=\"Integra la mejor aplicaci\u00f3n Facebook Feed en tu tienda Shopify. Pruebe la demostraci\u00f3n interactiva de Elfsight y dise\u00f1e su aplicaci\u00f3n personal en solo 1 minuto.\" \/>\n<meta name=\"robots\" content=\"index, follow, max-snippet:-1, max-image-preview:large, max-video-preview:-1\" \/>\n<link rel=\"canonical\" href=\"https:\/\/elfsight.com\/es\/facebook-feed-widget\/shopify\/\" \/>\n<meta property=\"og:locale\" content=\"es_ES\" \/>\n<meta property=\"og:type\" content=\"article\" \/>\n<meta property=\"og:title\" content=\"Feed de Facebook: agrega la aplicaci\u00f3n de Facebook a Shopify (f\u00e1cil y r\u00e1pido)\" \/>\n<meta property=\"og:description\" content=\"Integra la mejor aplicaci\u00f3n Facebook Feed en tu tienda Shopify. Pruebe la demostraci\u00f3n interactiva de Elfsight y dise\u00f1e su aplicaci\u00f3n personal en solo 1 minuto.\" \/>\n<meta property=\"og:url\" content=\"https:\/\/elfsight.com\/es\/facebook-feed-widget\/shopify\/\" \/>\n<meta property=\"og:site_name\" content=\"Elfsight ES\" \/>\n<meta property=\"article:modified_time\" content=\"2025-02-06T14:59:34+00:00\" \/>\n<meta name=\"twitter:card\" content=\"summary_large_image\" \/>\n<meta name=\"twitter:label1\" content=\"Tiempo de lectura\" \/>\n\t<meta name=\"twitter:data1\" content=\"4 minutos\" \/>\n<!-- \/ Yoast SEO plugin. -->","yoast_head_json":{"title":"Feed de Facebook: agrega la aplicaci\u00f3n de Facebook a Shopify (f\u00e1cil y r\u00e1pido)","description":"Integra la mejor aplicaci\u00f3n Facebook Feed en tu tienda Shopify. Pruebe la demostraci\u00f3n interactiva de Elfsight y dise\u00f1e su aplicaci\u00f3n personal en solo 1 minuto.","robots":{"index":"index","follow":"follow","max-snippet":"max-snippet:-1","max-image-preview":"max-image-preview:large","max-video-preview":"max-video-preview:-1"},"canonical":"https:\/\/elfsight.com\/es\/facebook-feed-widget\/shopify\/","og_locale":"es_ES","og_type":"article","og_title":"Feed de Facebook: agrega la aplicaci\u00f3n de Facebook a Shopify (f\u00e1cil y r\u00e1pido)","og_description":"Integra la mejor aplicaci\u00f3n Facebook Feed en tu tienda Shopify. Pruebe la demostraci\u00f3n interactiva de Elfsight y dise\u00f1e su aplicaci\u00f3n personal en solo 1 minuto.","og_url":"https:\/\/elfsight.com\/es\/facebook-feed-widget\/shopify\/","og_site_name":"Elfsight ES","article_modified_time":"2025-02-06T14:59:34+00:00","twitter_card":"summary_large_image","twitter_misc":{"Tiempo de lectura":"4 minutos"},"schema":{"@context":"https:\/\/schema.org","@graph":[{"@type":"WebPage","@id":"https:\/\/elfsight.com\/es\/facebook-feed-widget\/shopify\/","url":"https:\/\/elfsight.com\/es\/facebook-feed-widget\/shopify\/","name":"Feed de Facebook: agrega la aplicaci\u00f3n de Facebook a Shopify (f\u00e1cil y r\u00e1pido)","isPartOf":{"@id":"https:\/\/elfsight.com\/es\/#website"},"datePublished":"2024-05-03T06:36:06+00:00","dateModified":"2025-02-06T14:59:34+00:00","description":"Integra la mejor aplicaci\u00f3n Facebook Feed en tu tienda Shopify. Pruebe la demostraci\u00f3n interactiva de Elfsight y dise\u00f1e su aplicaci\u00f3n personal en solo 1 minuto.","breadcrumb":{"@id":"https:\/\/elfsight.com\/es\/facebook-feed-widget\/shopify\/#breadcrumb"},"inLanguage":"es","potentialAction":[{"@type":"ReadAction","target":["https:\/\/elfsight.com\/es\/facebook-feed-widget\/shopify\/"]}]},{"@type":"BreadcrumbList","@id":"https:\/\/elfsight.com\/es\/facebook-feed-widget\/shopify\/#breadcrumb","itemListElement":[{"@type":"ListItem","position":1,"name":"Home","item":"https:\/\/elfsight.com\/es\/"},{"@type":"ListItem","position":2,"name":"Facebook Feed","item":"https:\/\/elfsight.com\/es\/facebook-feed-widget\/"},{"@type":"ListItem","position":3,"name":"Facebook Feed &#8211; Shopify"}]},{"@type":"WebSite","@id":"https:\/\/elfsight.com\/es\/#website","url":"https:\/\/elfsight.com\/es\/","name":"Elfsight ES","description":"Just another Elfsight Sites site","potentialAction":[{"@type":"SearchAction","target":{"@type":"EntryPoint","urlTemplate":"https:\/\/elfsight.com\/es\/?s={search_term_string}"},"query-input":{"@type":"PropertyValueSpecification","valueRequired":true,"valueName":"search_term_string"}}],"inLanguage":"es"}]}},"meta_box":{"industry":"","seo_heading":"","heading":"","description":"","cta_heading":"","cta_description":"","application":"1396","h1":"Aplicaci\u00f3n de alimentaci\u00f3n de Facebook para Shopify","h1_caption":"Inserta publicaciones de tu p\u00e1gina de Facebook para mantener a los visitantes de tu sitio web interesados \u200b\u200bcon tus \u00faltimas actualizaciones y noticias en tu sitio web de Shopify sin esfuerzo.","application_category":[],"applications_title":"","applications_request_title":"","applications_request_button_text":"","hero_text":"","hero_video":"","hero_video_schema_markup":"","selling_points_title":"","selling_points_caption":"","selling_points":[],"selling_points_cta_text":"","features_title":"","features":"","ed_cta_examples_text":"","ed_cta_examples_hidden":"","ed_cta_demo_text":"","ed_cta_demo_hidden":"","why_caption":"","why_editor_title":"","why_editor_text":"","why_team_title":"","why_team_text":"","why_service_title":"","why_service_text":"","template_catalog_visible":"","template_catalog_title":"","template_catalog_text":"","template_catalog_categories_visible":"","demo_title":"Crea tu aplicaci\u00f3n Facebook Feed","demo_caption":"\u00a1Configura tu feed de Facebook y agr\u00e9galo a tu sitio web Shopify gratis!","default_faq_hidden":"","app_template_category":[],"platform":"91","template_public_id":"","codecanyon_url":"","codecanyon_item_id":"","codecanyon_price":"","pricing_caption":"","pricing_elfsight_apps_hide_column":"","pricing_elfsight_apps_url":"","pricing_codecanyon_price_caption":"","integration_category":[],"integration_request_title":"","integration_request_cta":"","integration_platform":"","integrations":[],"platform_category":[],"video_schema_markup":"","price":"desde $0 \/ mes","trial":"","benefits":[{"text":"Servicio de instalaci\u00f3n gratuito"},{"text":"Soporte premium"},{"text":"Garant\u00eda de devoluci\u00f3n de dinero de 14 d\u00edas"},{"text":"Actualizaciones gratuitas continuas"}],"button_url":"#demo","button_target_blank":"","button_nofollow":"","attributes":[{"name":"Instalaciones","content":"100,000 - 500,000"},{"name":"Sensible","content":"S\u00ed"},{"name":"Navegadores compatibles","content":"Firefox, Safari, Opera, Chrome, Edge"}],"tags":[],"tags_disable_links":"","hide_more_platforms":"","video_object":"","demo_hide_cta":"","demo_hide_cloud_options":"","pricing_title":"","pricing":[{"pricing_icon":"cloud","pricing_title":"Elfsight Apps","pricing_title_caption":"Versi\u00f3n multiplataforma que funciona en cualquier sitio web (incluido Shopify)","pricing_price":"desde $0 \/ mes","pricing_price_caption":"Comience con el plan gratuito","pricing_benefits":[{"text":"Sitios web ilimitados"},{"text":"Oferta especial para m\u00faltiples aplicaciones."},{"text":"Soporte premium"},{"text":"Servicio de instalaci\u00f3n gratuito"}],"pricing_button_text":"A\u00f1adir al sitio web","pricing_button_url":"#demo"}],"related_apps_title":"","related_apps_hidden":"","author":"","image":[],"title":"","job":"","social_networks":[]},"_links":{"self":[{"href":"https:\/\/elfsight.com\/es\/wp-json\/wp\/v2\/pages\/15770","targetHints":{"allow":["GET"]}}],"collection":[{"href":"https:\/\/elfsight.com\/es\/wp-json\/wp\/v2\/pages"}],"about":[{"href":"https:\/\/elfsight.com\/es\/wp-json\/wp\/v2\/types\/page"}],"author":[{"embeddable":true,"href":"https:\/\/elfsight.com\/es\/wp-json\/wp\/v2\/users\/9"}],"replies":[{"embeddable":true,"href":"https:\/\/elfsight.com\/es\/wp-json\/wp\/v2\/comments?post=15770"}],"version-history":[{"count":3,"href":"https:\/\/elfsight.com\/es\/wp-json\/wp\/v2\/pages\/15770\/revisions"}],"predecessor-version":[{"id":17748,"href":"https:\/\/elfsight.com\/es\/wp-json\/wp\/v2\/pages\/15770\/revisions\/17748"}],"up":[{"embeddable":true,"href":"https:\/\/elfsight.com\/es\/wp-json\/wp\/v2\/pages\/1397"}],"wp:attachment":[{"href":"https:\/\/elfsight.com\/es\/wp-json\/wp\/v2\/media?parent=15770"}],"curies":[{"name":"wp","href":"https:\/\/api.w.org\/{rel}","templated":true}]}}