{"id":15769,"date":"2024-05-03T06:35:57","date_gmt":"2024-05-03T06:35:57","guid":{"rendered":"https:\/\/elfsight.com\/es\/?page_id=15769"},"modified":"2025-02-06T14:59:57","modified_gmt":"2025-02-06T14:59:57","slug":"opencart","status":"publish","type":"page","link":"https:\/\/elfsight.com\/es\/facebook-feed-widget\/opencart\/","title":{"rendered":"Facebook Feed &#8211; OpenCart"},"content":{"rendered":"<div class=\"application-platform-content-item-description application-platform-content-item\" id=\"description\" data-nav-section=\"description\"><h2>Descripci\u00f3n<\/h2><p>Muestra tu contenido de Facebook en nuestro m\u00f3dulo avanzado \u2013 Feed de Facebook. Noticias, videos, fotos \u2013 puedes estar seguro de que tus lectores nunca se perder\u00e1n un solo contenido. Una interfaz moderna con elementos reales de Facebook atraer\u00e1 la atenci\u00f3n y te dar\u00e1 la oportunidad de no solo mantener a los clientes actuales en el sitio, sino tambi\u00e9n atraer nuevos suscriptores de Facebook.<\/p><p><b>Eleva tu marketing en redes sociales a niveles nunca antes vistos utilizando la extensi\u00f3n de Facebook para OpenCart.<\/b><\/p><ul><li><b>Haz que los visitantes se queden en el sitio<\/b>. Muestra elementos sociales e interactivos que atraigan la atenci\u00f3n de los lectores, manteni\u00e9ndolos en la p\u00e1gina y proporcionando m\u00e1s informaci\u00f3n sobre tus productos o empresa.<\/li><li><b>Desarrolla tu p\u00e1gina de Facebook<\/b>. Agrega im\u00e1genes y videos de Facebook no solo para los visitantes de la red social, sino tambi\u00e9n para atraer a los visitantes del sitio directamente a tu p\u00e1gina de Facebook. \u00a1Inicia con publicaciones e im\u00e1genes reconocibles para conseguir nuevos suscriptores ahora mismo!<\/li><li><b>Todo Facebook en 1 m\u00f3dulo<\/b>. Todo el contenido de Facebook en un solo m\u00f3dulo: muestra noticias con comentarios, compartidos o cualquier reacci\u00f3n de Facebook; Crea galer\u00edas de fotos y videos en el sitio utilizando \u00e1lbumes de Facebook.<\/li><\/ul><\/div><div class=\"application-platform-content-item-features application-platform-content-item\" id=\"features\" data-nav-section=\"features\"><h2>Caracter\u00edsticas<\/h2><p>Algunas caracter\u00edsticas incre\u00edbles que transforman nuestro Feed de Facebook en una valiosa extensi\u00f3n para cualquier sitio de OpenCart.<\/p><ul><li>2 fuentes de Facebook soportadas: p\u00e1ginas, perfiles;<\/li><li>Ventanas emergentes personalizables con elementos conmutables: autor, contador de me gusta, contador de compartidos, comentarios;<\/li><li>Videos con informaci\u00f3n conmutable: descripci\u00f3n, contador de me gusta, contador de comentarios;<\/li><li>Activar o desactivar el encabezado;<\/li><li>12 idiomas populares soportados.<\/li><\/ul><p><a href=\"#demo\">Revisa todas las ventajas en la demo en vivo<\/a>.<\/p><\/div><div class=\"application-platform-content-item-installation application-platform-content-item\" id=\"installation\" data-nav-section=\"installation\"><h2>C\u00f3mo agregar el m\u00f3dulo de Facebook Feed a tu sitio OpenCart<\/h2><iframe src=\"https:\/\/www.youtube.com\/embed\/6iIw-QUJoAI\" width=\"720\" height=\"405\" frameborder=\"0\" allowfullscreen=\"allowfullscreen\"><\/iframe><p>Sigue las pautas a continuaci\u00f3n para comenzar a usar la extensi\u00f3n en OpenCart.<\/p> <ol><li><b>Usa nuestro configurador gratuito y comienza a crear tu extensi\u00f3n personalizada. <\/b><br> Elige el dise\u00f1o y las especificaciones del widget deseado y guarda las modificaciones.<\/li>  <li><b>Recibe tu c\u00f3digo personal mostrado en la ventana de Elfsight Apps. <\/b><br> Tan pronto como se haya configurado tu extensi\u00f3n de Facebook Feed, copia el c\u00f3digo personal en la ventana emergente y gu\u00e1rdalo para su uso posterior.<\/li>  <li><b>Comienza a usar la herramienta en tu sitio OpenCart. <\/b><br> Inserta el c\u00f3digo guardado en tu sitio web y guarda los cambios.<\/li>  <li><b>\u00a1La instalaci\u00f3n ha finalizado con \u00e9xito! <\/b><br> Visita tu sitio para observar el funcionamiento de la herramienta.<\/li><\/ol> <p>\u00bfNecesitas ayuda m\u00e1s detallada? Consulta un <a href=\"https:\/\/elfsight.com\/tutorials\/how-to-add-facebook-feed-to-opencart\/\" target=\"_blank\" rel=\"noopener noreferrer\">tutorial completo<\/a> o deja tu mensaje en nuestro soporte al cliente, y estaremos encantados de ofrecerte una soluci\u00f3n.<\/p><\/div><div class=\"faq\" data-component=\"FAQ\"><div class=\"faq-item\">\r\n\t\t\t\t\t<div class=\"faq-item-question\">\r\n\t\t\t\t\t\t<h3 class=\"faq-item-question-text\">\u00bfEs posible agregar WhatsApp Chat a mi p\u00e1gina de inicio de OpenCart sin experiencia en programaci\u00f3n?<\/h3>\r\n\r\n\t\t\t\t\t\t<div class=\"faq-item-question-icon\"><\/div>\r\n\t\t\t\t\t<\/div>\r\n\r\n\t\t\t\t\t<div class=\"faq-item-answer\">\r\n\t\t\t\t\t\t<div class=\"faq-item-answer-text\"><p>La empresa Elfsight ofrece una soluci\u00f3n que permite a los usuarios crear un plugin de WhatsApp Chat por s\u00ed mismos, sigue estos pasos sencillos:<\/p><ul><li>Trabaja directamente en la demo en vivo para crear un plugin de WhatsApp Chat que te gustar\u00eda agregar a tu sitio de OpenCart.<\/li><li>Elige una de las plantillas pre-dise\u00f1adas y ajusta la configuraci\u00f3n de WhatsApp Chat, cambia el dise\u00f1o y los colores, agrega tu contenido sin necesidad de habilidades de programaci\u00f3n.<\/li><li>Guarda los ajustes realizados en WhatsApp Chat y copia el c\u00f3digo para incrustarlo, que puede ser f\u00e1cilmente pegado en la p\u00e1gina de OpenCart dentro de un plan gratuito.<\/li><\/ul><p>Con el Configurador f\u00e1cil de usar, cualquier usuario de Internet puede crear la aplicaci\u00f3n WhatsApp Chat en l\u00ednea y pegarla f\u00e1cilmente en cualquier p\u00e1gina de OpenCart. No es necesario obtener un plan de pago ni ingresar tus datos de tarjeta para acceder al Editor de Elfsight. Si encuentras alg\u00fan problema, no dudes en contactar con nuestro soporte al cliente.<\/p><\/div>\r\n\t\t\t\t\t<\/div>\r\n\t\t\t\t<\/div><\/div>","protected":false},"excerpt":{"rendered":"","protected":false},"author":9,"featured_media":0,"parent":1397,"menu_order":0,"comment_status":"closed","ping_status":"closed","template":"templates\/template-application-platform.php","meta":{"publish_to_discourse":"","publish_post_category":"","wpdc_auto_publish_overridden":"","wpdc_topic_tags":"","wpdc_pin_topic":"","wpdc_pin_until":"","discourse_post_id":"","discourse_permalink":"","wpdc_publishing_response":"","wpdc_publishing_error":"","footnotes":""},"class_list":["post-15769","page","type-page","status-publish","hentry"],"yoast_head":"<!-- This site is optimized with the Yoast SEO plugin v25.3.1 - https:\/\/yoast.com\/wordpress\/plugins\/seo\/ -->\n<title>Feed de Facebook: agregue la extensi\u00f3n de Facebook al sitio web de OpenCart<\/title>\n<meta name=\"description\" content=\"Agregue una extensi\u00f3n responsiva de Facebook Feed en su sitio web OpenCart. Utilice el editor flexible de Elfsight y dise\u00f1e su m\u00f3dulo en solo 1 minuto.\" \/>\n<meta name=\"robots\" content=\"index, follow, max-snippet:-1, max-image-preview:large, max-video-preview:-1\" \/>\n<link rel=\"canonical\" href=\"https:\/\/elfsight.com\/es\/facebook-feed-widget\/opencart\/\" \/>\n<meta property=\"og:locale\" content=\"es_ES\" \/>\n<meta property=\"og:type\" content=\"article\" \/>\n<meta property=\"og:title\" content=\"Feed de Facebook: agregue la extensi\u00f3n de Facebook al sitio web de OpenCart\" \/>\n<meta property=\"og:description\" content=\"Agregue una extensi\u00f3n responsiva de Facebook Feed en su sitio web OpenCart. Utilice el editor flexible de Elfsight y dise\u00f1e su m\u00f3dulo en solo 1 minuto.\" \/>\n<meta property=\"og:url\" content=\"https:\/\/elfsight.com\/es\/facebook-feed-widget\/opencart\/\" \/>\n<meta property=\"og:site_name\" content=\"Elfsight ES\" \/>\n<meta property=\"article:modified_time\" content=\"2025-02-06T14:59:57+00:00\" \/>\n<meta name=\"twitter:card\" content=\"summary_large_image\" \/>\n<meta name=\"twitter:label1\" content=\"Tiempo de lectura\" \/>\n\t<meta name=\"twitter:data1\" content=\"3 minutos\" \/>\n<!-- \/ Yoast SEO plugin. -->","yoast_head_json":{"title":"Feed de Facebook: agregue la extensi\u00f3n de Facebook al sitio web de OpenCart","description":"Agregue una extensi\u00f3n responsiva de Facebook Feed en su sitio web OpenCart. Utilice el editor flexible de Elfsight y dise\u00f1e su m\u00f3dulo en solo 1 minuto.","robots":{"index":"index","follow":"follow","max-snippet":"max-snippet:-1","max-image-preview":"max-image-preview:large","max-video-preview":"max-video-preview:-1"},"canonical":"https:\/\/elfsight.com\/es\/facebook-feed-widget\/opencart\/","og_locale":"es_ES","og_type":"article","og_title":"Feed de Facebook: agregue la extensi\u00f3n de Facebook al sitio web de OpenCart","og_description":"Agregue una extensi\u00f3n responsiva de Facebook Feed en su sitio web OpenCart. Utilice el editor flexible de Elfsight y dise\u00f1e su m\u00f3dulo en solo 1 minuto.","og_url":"https:\/\/elfsight.com\/es\/facebook-feed-widget\/opencart\/","og_site_name":"Elfsight ES","article_modified_time":"2025-02-06T14:59:57+00:00","twitter_card":"summary_large_image","twitter_misc":{"Tiempo de lectura":"3 minutos"},"schema":{"@context":"https:\/\/schema.org","@graph":[{"@type":"WebPage","@id":"https:\/\/elfsight.com\/es\/facebook-feed-widget\/opencart\/","url":"https:\/\/elfsight.com\/es\/facebook-feed-widget\/opencart\/","name":"Feed de Facebook: agregue la extensi\u00f3n de Facebook al sitio web de OpenCart","isPartOf":{"@id":"https:\/\/elfsight.com\/es\/#website"},"datePublished":"2024-05-03T06:35:57+00:00","dateModified":"2025-02-06T14:59:57+00:00","description":"Agregue una extensi\u00f3n responsiva de Facebook Feed en su sitio web OpenCart. Utilice el editor flexible de Elfsight y dise\u00f1e su m\u00f3dulo en solo 1 minuto.","breadcrumb":{"@id":"https:\/\/elfsight.com\/es\/facebook-feed-widget\/opencart\/#breadcrumb"},"inLanguage":"es","potentialAction":[{"@type":"ReadAction","target":["https:\/\/elfsight.com\/es\/facebook-feed-widget\/opencart\/"]}]},{"@type":"BreadcrumbList","@id":"https:\/\/elfsight.com\/es\/facebook-feed-widget\/opencart\/#breadcrumb","itemListElement":[{"@type":"ListItem","position":1,"name":"Home","item":"https:\/\/elfsight.com\/es\/"},{"@type":"ListItem","position":2,"name":"Facebook Feed","item":"https:\/\/elfsight.com\/es\/facebook-feed-widget\/"},{"@type":"ListItem","position":3,"name":"Facebook Feed &#8211; OpenCart"}]},{"@type":"WebSite","@id":"https:\/\/elfsight.com\/es\/#website","url":"https:\/\/elfsight.com\/es\/","name":"Elfsight ES","description":"Just another Elfsight Sites site","potentialAction":[{"@type":"SearchAction","target":{"@type":"EntryPoint","urlTemplate":"https:\/\/elfsight.com\/es\/?s={search_term_string}"},"query-input":{"@type":"PropertyValueSpecification","valueRequired":true,"valueName":"search_term_string"}}],"inLanguage":"es"}]}},"meta_box":{"industry":"","seo_heading":"","heading":"","description":"","cta_heading":"","cta_description":"","application":"1396","h1":"Extensi\u00f3n de feed de Facebook para Opencart","h1_caption":"Inserte publicaciones de su p\u00e1gina de Facebook para mantener a los visitantes de su sitio web interesados \u200b\u200bcon sus \u00faltimas actualizaciones y noticias en su sitio web Opencart sin esfuerzo.","application_category":[],"applications_title":"","applications_request_title":"","applications_request_button_text":"","hero_text":"","hero_video":"","hero_video_schema_markup":"","selling_points_title":"","selling_points_caption":"","selling_points":[],"selling_points_cta_text":"","features_title":"","features":"","ed_cta_examples_text":"","ed_cta_examples_hidden":"","ed_cta_demo_text":"","ed_cta_demo_hidden":"","why_caption":"","why_editor_title":"","why_editor_text":"","why_team_title":"","why_team_text":"","why_service_title":"","why_service_text":"","template_catalog_visible":"","template_catalog_title":"","template_catalog_text":"","template_catalog_categories_visible":"","demo_title":"Crea tu extensi\u00f3n de feed de Facebook","demo_caption":"\u00a1Configure su feed de Facebook y agr\u00e9guelo a su sitio web OpenCart de forma gratuita!","default_faq_hidden":"","app_template_category":[],"platform":"88","template_public_id":"","codecanyon_url":"","codecanyon_item_id":"","codecanyon_price":"","pricing_caption":"","pricing_elfsight_apps_hide_column":"","pricing_elfsight_apps_url":"","pricing_codecanyon_price_caption":"","integration_category":[],"integration_request_title":"","integration_request_cta":"","integration_platform":"","integrations":[],"platform_category":[],"video_schema_markup":"","price":"desde $0 \/ mes","trial":"","benefits":[{"text":"Servicio de instalaci\u00f3n gratuito"},{"text":"Servicio al cliente competente"},{"text":"Garant\u00eda de devoluci\u00f3n de dinero de 14 d\u00edas"},{"text":"Actualizaciones gratuitas de por vida"}],"button_url":"#demo","button_target_blank":"","button_nofollow":"","attributes":[{"name":"Instalaciones","content":"100,000 - 500,000"},{"name":"Sensible","content":"S\u00ed"},{"name":"Navegadores compatibles","content":"Opera, Firefox, Safari, Edge, Chrome"}],"tags":[],"tags_disable_links":"","hide_more_platforms":"","video_object":"","demo_hide_cta":"","demo_hide_cloud_options":"","pricing_title":"","pricing":[{"pricing_icon":"platform","pricing_title":"Elfsight Apps","pricing_title_caption":"Software multiplataforma que se adapta a cualquier sitio web","pricing_price":"desde $0 \/ mes","pricing_price_caption":"comienza con el plan gratuito","pricing_benefits":[{"text":"Sitios web ilimitados"},{"text":"Soporte gratuito"},{"text":"Asistencia de instalaci\u00f3n gratuita"},{"text":"100% personalizable"}],"pricing_button_text":"A\u00f1adir al sitio web","pricing_button_url":"#demo"}],"related_apps_title":"","related_apps_hidden":"","author":"","image":[],"title":"","job":"","social_networks":[]},"_links":{"self":[{"href":"https:\/\/elfsight.com\/es\/wp-json\/wp\/v2\/pages\/15769","targetHints":{"allow":["GET"]}}],"collection":[{"href":"https:\/\/elfsight.com\/es\/wp-json\/wp\/v2\/pages"}],"about":[{"href":"https:\/\/elfsight.com\/es\/wp-json\/wp\/v2\/types\/page"}],"author":[{"embeddable":true,"href":"https:\/\/elfsight.com\/es\/wp-json\/wp\/v2\/users\/9"}],"replies":[{"embeddable":true,"href":"https:\/\/elfsight.com\/es\/wp-json\/wp\/v2\/comments?post=15769"}],"version-history":[{"count":3,"href":"https:\/\/elfsight.com\/es\/wp-json\/wp\/v2\/pages\/15769\/revisions"}],"predecessor-version":[{"id":17752,"href":"https:\/\/elfsight.com\/es\/wp-json\/wp\/v2\/pages\/15769\/revisions\/17752"}],"up":[{"embeddable":true,"href":"https:\/\/elfsight.com\/es\/wp-json\/wp\/v2\/pages\/1397"}],"wp:attachment":[{"href":"https:\/\/elfsight.com\/es\/wp-json\/wp\/v2\/media?parent=15769"}],"curies":[{"name":"wp","href":"https:\/\/api.w.org\/{rel}","templated":true}]}}