{"id":15761,"date":"2024-05-03T06:35:51","date_gmt":"2024-05-03T06:35:51","guid":{"rendered":"https:\/\/elfsight.com\/es\/?page_id=15761"},"modified":"2025-02-06T15:00:06","modified_gmt":"2025-02-06T15:00:06","slug":"jquery","status":"publish","type":"page","link":"https:\/\/elfsight.com\/es\/facebook-feed-widget\/jquery\/","title":{"rendered":"Facebook Feed &#8211; jQuery"},"content":{"rendered":"<div class=\"application-platform-content-item-description application-platform-content-item\" id=\"description\" data-nav-section=\"description\"><h2>Descripci\u00f3n<\/h2>Muestra tu contenido de Facebook en nuestro potente plugin: Feed de Facebook. P\u00e1ginas, videos e im\u00e1genes: puedes estar seguro de que tus lectores no se perder\u00e1n ning\u00fan mensaje. Un dise\u00f1o elegante con elementos reales de Facebook no pasar\u00e1 desapercibido y ayudar\u00e1 no solo a mantener a los clientes actuales en el sitio web, sino tambi\u00e9n a atraer nuevos suscriptores de Facebook.<b>Eleva tu trabajo con los clientes a un nivel superior con el plugin jQuery de Facebook.<\/b><ul> \t<li><b>Refuerza la confianza en tu marca entre los lectores<\/b>. Una marca que tiene cuentas activas en redes sociales genera un 72% m\u00e1s de confianza entre los clientes. Inserta tu contenido de Facebook en el sitio web para demostrar a los lectores que tu negocio es aut\u00e9ntico y confiable.<\/li> \t<li><b>Aumenta la conversi\u00f3n de tu sitio web hasta un 175%<\/b>. Usa el componente de efecto social en tu sitio web para conseguir m\u00e1s clientes. Haz que tus usuarios conozcan tu marca en Facebook y ganes su confianza, lo que te permitir\u00e1 mejorar tu conversi\u00f3n.<\/li> \t<li><b>Haz que los lectores se queden en la p\u00e1gina<\/b>. Utiliza detalles sociales y entretenidos que atraigan la atenci\u00f3n de los usuarios para mantenerlos en el sitio web y presentarles tus ofertas o negocios en detalle.<\/li> \t<li><b>Logra un inter\u00e9s profundo entre los clientes de tu negocio<\/b>. Tu sitio web no es la \u00fanica forma de involucrar a los clientes, ayuda a cualquier usuario a explorar tu empresa m\u00e1s de cerca en Facebook: integra a los usuarios en las actividades internas de tu negocio y adquiere los seguidores m\u00e1s leales.<\/li><\/ul><\/div><div class=\"application-platform-content-item-features application-platform-content-item\" id=\"features\" data-nav-section=\"features\"><h2>Caracter\u00edsticas<\/h2>Algunas ventajas que hacen de nuestro feed de Facebook un plugin imprescindible para un sitio web con jQuery.<ul> \t<li>3 tipos de contenido de Facebook mostrables: publicaciones, videos e im\u00e1genes con \u00e1lbumes;<\/li> \t<li>Ancho y alto ajustables;<\/li> \t<li>Mostrar u ocultar videos;<\/li> \t<li>Servicio de instalaci\u00f3n gratuito.<\/li><\/ul><a href=\"#demo\">Prueba todas las caracter\u00edsticas en la demostraci\u00f3n en vivo<\/a><\/div><div class=\"application-platform-content-item-installation application-platform-content-item\" id=\"installation\" data-nav-section=\"installation\"><h2>C\u00f3mo agregar el plugin Feed de Facebook a un sitio web jQuery<\/h2>Lee nuestra gu\u00eda para completar la instalaci\u00f3n. El proceso tomar\u00e1 solo unos minutos y no requiere habilidades de desarrollo.<ol> \t<li><b>Crea tu Feed de Facebook personalizado<\/b>. Usando nuestro editor gratuito, crea un widget con el dise\u00f1o y las capacidades necesarias.<\/li> \t<li><b>Obt\u00e9n un c\u00f3digo para agregar el widget<\/b>. Despu\u00e9s de ajustar el widget, obt\u00e9n el c\u00f3digo del plugin de Facebook desde la ventana emergente en Elfsight Apps.<\/li> \t<li><b>Coloca el widget en el sitio jQuery<\/b>. Integra el plugin en el lugar deseado del sitio web y publica los cambios.<\/li> \t<li><b>\u00a1La integraci\u00f3n fue exitosa!<\/b>. Ingresa a tu sitio jQuery para verificar el funcionamiento.<\/li><\/ol>\u00bfNecesitas ayuda m\u00e1s detallada? Contacta con el centro de ayuda de Elfsight y estaremos encantados de brindarte una soluci\u00f3n.<\/div>","protected":false},"excerpt":{"rendered":"","protected":false},"author":9,"featured_media":0,"parent":1397,"menu_order":0,"comment_status":"closed","ping_status":"closed","template":"templates\/template-application-platform.php","meta":{"publish_to_discourse":"","publish_post_category":"","wpdc_auto_publish_overridden":"","wpdc_topic_tags":"","wpdc_pin_topic":"","wpdc_pin_until":"","discourse_post_id":"","discourse_permalink":"","wpdc_publishing_response":"","wpdc_publishing_error":"","footnotes":""},"class_list":["post-15761","page","type-page","status-publish","hentry"],"yoast_head":"<!-- This site is optimized with the Yoast SEO plugin v25.3.1 - https:\/\/yoast.com\/wordpress\/plugins\/seo\/ -->\n<title>Feed de Facebook: agregue el complemento jQuery de Facebook al sitio web<\/title>\n<meta name=\"description\" content=\"Integre un complemento responsivo de Facebook Feed en su sitio web JQuery en 2018. Descubra la demostraci\u00f3n en vivo de Elfsight y d\u00e9 forma a un widget personalizado en solo 1 minuto.\" \/>\n<meta name=\"robots\" content=\"index, follow, max-snippet:-1, max-image-preview:large, max-video-preview:-1\" \/>\n<link rel=\"canonical\" href=\"https:\/\/elfsight.com\/es\/facebook-feed-widget\/jquery\/\" \/>\n<meta property=\"og:locale\" content=\"es_ES\" \/>\n<meta property=\"og:type\" content=\"article\" \/>\n<meta property=\"og:title\" content=\"Feed de Facebook: agregue el complemento jQuery de Facebook al sitio web\" \/>\n<meta property=\"og:description\" content=\"Integre un complemento responsivo de Facebook Feed en su sitio web JQuery en 2018. Descubra la demostraci\u00f3n en vivo de Elfsight y d\u00e9 forma a un widget personalizado en solo 1 minuto.\" \/>\n<meta property=\"og:url\" content=\"https:\/\/elfsight.com\/es\/facebook-feed-widget\/jquery\/\" \/>\n<meta property=\"og:site_name\" content=\"Elfsight ES\" \/>\n<meta property=\"article:modified_time\" content=\"2025-02-06T15:00:06+00:00\" \/>\n<meta name=\"twitter:card\" content=\"summary_large_image\" \/>\n<meta name=\"twitter:label1\" content=\"Tiempo de lectura\" \/>\n\t<meta name=\"twitter:data1\" content=\"3 minutos\" \/>\n<!-- \/ Yoast SEO plugin. -->","yoast_head_json":{"title":"Feed de Facebook: agregue el complemento jQuery de Facebook al sitio web","description":"Integre un complemento responsivo de Facebook Feed en su sitio web JQuery en 2018. Descubra la demostraci\u00f3n en vivo de Elfsight y d\u00e9 forma a un widget personalizado en solo 1 minuto.","robots":{"index":"index","follow":"follow","max-snippet":"max-snippet:-1","max-image-preview":"max-image-preview:large","max-video-preview":"max-video-preview:-1"},"canonical":"https:\/\/elfsight.com\/es\/facebook-feed-widget\/jquery\/","og_locale":"es_ES","og_type":"article","og_title":"Feed de Facebook: agregue el complemento jQuery de Facebook al sitio web","og_description":"Integre un complemento responsivo de Facebook Feed en su sitio web JQuery en 2018. Descubra la demostraci\u00f3n en vivo de Elfsight y d\u00e9 forma a un widget personalizado en solo 1 minuto.","og_url":"https:\/\/elfsight.com\/es\/facebook-feed-widget\/jquery\/","og_site_name":"Elfsight ES","article_modified_time":"2025-02-06T15:00:06+00:00","twitter_card":"summary_large_image","twitter_misc":{"Tiempo de lectura":"3 minutos"},"schema":{"@context":"https:\/\/schema.org","@graph":[{"@type":"WebPage","@id":"https:\/\/elfsight.com\/es\/facebook-feed-widget\/jquery\/","url":"https:\/\/elfsight.com\/es\/facebook-feed-widget\/jquery\/","name":"Feed de Facebook: agregue el complemento jQuery de Facebook al sitio web","isPartOf":{"@id":"https:\/\/elfsight.com\/es\/#website"},"datePublished":"2024-05-03T06:35:51+00:00","dateModified":"2025-02-06T15:00:06+00:00","description":"Integre un complemento responsivo de Facebook Feed en su sitio web JQuery en 2018. Descubra la demostraci\u00f3n en vivo de Elfsight y d\u00e9 forma a un widget personalizado en solo 1 minuto.","breadcrumb":{"@id":"https:\/\/elfsight.com\/es\/facebook-feed-widget\/jquery\/#breadcrumb"},"inLanguage":"es","potentialAction":[{"@type":"ReadAction","target":["https:\/\/elfsight.com\/es\/facebook-feed-widget\/jquery\/"]}]},{"@type":"BreadcrumbList","@id":"https:\/\/elfsight.com\/es\/facebook-feed-widget\/jquery\/#breadcrumb","itemListElement":[{"@type":"ListItem","position":1,"name":"Home","item":"https:\/\/elfsight.com\/es\/"},{"@type":"ListItem","position":2,"name":"Facebook Feed","item":"https:\/\/elfsight.com\/es\/facebook-feed-widget\/"},{"@type":"ListItem","position":3,"name":"Facebook Feed &#8211; jQuery"}]},{"@type":"WebSite","@id":"https:\/\/elfsight.com\/es\/#website","url":"https:\/\/elfsight.com\/es\/","name":"Elfsight ES","description":"Just another Elfsight Sites site","potentialAction":[{"@type":"SearchAction","target":{"@type":"EntryPoint","urlTemplate":"https:\/\/elfsight.com\/es\/?s={search_term_string}"},"query-input":{"@type":"PropertyValueSpecification","valueRequired":true,"valueName":"search_term_string"}}],"inLanguage":"es"}]}},"meta_box":{"industry":"","seo_heading":"","heading":"","description":"","cta_heading":"","cta_description":"","application":"1396","h1":"Plugin de Feed de Facebook para jQuery","h1_caption":"Inserte publicaciones de su p\u00e1gina de Facebook para mantener a los visitantes de su sitio web interesados \u200b\u200bcon sus \u00faltimas actualizaciones y noticias en su sitio web jQuery sin esfuerzo.","application_category":[],"applications_title":"","applications_request_title":"","applications_request_button_text":"","hero_text":"","hero_video":"","hero_video_schema_markup":"","selling_points_title":"","selling_points_caption":"","selling_points":[],"selling_points_cta_text":"","features_title":"","features":"","ed_cta_examples_text":"","ed_cta_examples_hidden":"","ed_cta_demo_text":"","ed_cta_demo_hidden":"","why_caption":"","why_editor_title":"","why_editor_text":"","why_team_title":"","why_team_text":"","why_service_title":"","why_service_text":"","template_catalog_visible":"0","template_catalog_title":"","template_catalog_text":"","template_catalog_categories_visible":"","demo_title":"Crea tu complemento de feed de Facebook","demo_caption":"\u00a1Configure su feed de Facebook y agr\u00e9guelo a su sitio web jQuery de forma gratuita!","default_faq_hidden":"","app_template_category":[],"platform":"76","template_public_id":"","codecanyon_url":"","codecanyon_item_id":"","codecanyon_price":"","pricing_caption":"","pricing_elfsight_apps_hide_column":"","pricing_elfsight_apps_url":"","pricing_codecanyon_price_caption":"","integration_category":[],"integration_request_title":"","integration_request_cta":"","integration_platform":"","integrations":[],"platform_category":[],"video_schema_markup":"","price":"desde $0 \/ mes","trial":"","benefits":[{"text":"Servicio de instalaci\u00f3n gratuito"},{"text":"Soporte premium"},{"text":"Garant\u00eda de reembolso de 14 d\u00edas"},{"text":"Actualizaciones peri\u00f3dicas"}],"button_url":"#demo","button_target_blank":"0","button_nofollow":"0","attributes":[{"name":"Instalaciones","content":"100,000 - 500,000"},{"name":"Sensible","content":"S\u00ed"},{"name":"Navegadores compatibles","content":"Firefox, Safari, Opera, Chrome, Edge"}],"tags":[],"tags_disable_links":"0","hide_more_platforms":"","video_object":"","demo_hide_cta":"0","demo_hide_cloud_options":"0","pricing_title":"","pricing":[{"pricing_icon":"platform","pricing_title":"Elfsight Apps","pricing_title_caption":"Software multiplataforma que se adapta a cualquier sitio web","pricing_price":"desde $0 \/ mes","pricing_price_caption":"comienza con un plan gratuito","pricing_benefits":[{"text":"Sitios web ilimitados"},{"text":"Soporte profesional, puntual y bien documentado."},{"text":"Asistencia de instalaci\u00f3n gratuita"},{"text":"100% personalizable"}],"pricing_button_text":"A\u00f1adir al sitio web","pricing_button_url":"#demo"}],"related_apps_title":"","related_apps_hidden":"0","author":"","image":[],"title":"","job":"","social_networks":[]},"_links":{"self":[{"href":"https:\/\/elfsight.com\/es\/wp-json\/wp\/v2\/pages\/15761","targetHints":{"allow":["GET"]}}],"collection":[{"href":"https:\/\/elfsight.com\/es\/wp-json\/wp\/v2\/pages"}],"about":[{"href":"https:\/\/elfsight.com\/es\/wp-json\/wp\/v2\/types\/page"}],"author":[{"embeddable":true,"href":"https:\/\/elfsight.com\/es\/wp-json\/wp\/v2\/users\/9"}],"replies":[{"embeddable":true,"href":"https:\/\/elfsight.com\/es\/wp-json\/wp\/v2\/comments?post=15761"}],"version-history":[{"count":4,"href":"https:\/\/elfsight.com\/es\/wp-json\/wp\/v2\/pages\/15761\/revisions"}],"predecessor-version":[{"id":17757,"href":"https:\/\/elfsight.com\/es\/wp-json\/wp\/v2\/pages\/15761\/revisions\/17757"}],"up":[{"embeddable":true,"href":"https:\/\/elfsight.com\/es\/wp-json\/wp\/v2\/pages\/1397"}],"wp:attachment":[{"href":"https:\/\/elfsight.com\/es\/wp-json\/wp\/v2\/media?parent=15761"}],"curies":[{"name":"wp","href":"https:\/\/api.w.org\/{rel}","templated":true}]}}