{"id":15755,"date":"2024-05-03T06:35:49","date_gmt":"2024-05-03T06:35:49","guid":{"rendered":"https:\/\/elfsight.com\/es\/?page_id=15755"},"modified":"2025-02-06T15:00:15","modified_gmt":"2025-02-06T15:00:15","slug":"iframe","status":"publish","type":"page","link":"https:\/\/elfsight.com\/es\/facebook-feed-widget\/iframe\/","title":{"rendered":"Facebook Feed &#8211; iFrame"},"content":{"rendered":"<div class=\"application-platform-content-item-description application-platform-content-item\" id=\"description\" data-nav-section=\"description\"><h2>Incrustar Feed de Facebook en iFrame con el widget de Elfsight<\/h2><p>Muestra tu contenido de Facebook en nuestro avanzado plugin: Feed de Facebook. P\u00e1ginas, videos, fotos: tus usuarios no se perder\u00e1n ni una sola novedad. Un dise\u00f1o elegante con elementos reales de Facebook no pasar\u00e1 desapercibido y contribuir\u00e1 no solo a mantener a los clientes actuales en el sitio, sino tambi\u00e9n a atraer nuevos suscriptores de Facebook.<\/p><p><b>Eleva tu sitio web a su m\u00e1xima altura con el plugin de Facebook para iFrame<\/b><\/p><p><b>Aumenta la credibilidad de tu negocio entre los clientes<\/b><br>Una empresa con cuentas activas en redes sociales obtiene un 78% m\u00e1s de confianza entre los lectores. Usa tu p\u00e1gina de Facebook en el sitio para asegurar a los clientes que tu negocio es aut\u00e9ntico y confiable.<\/p><p><b>Fortalece la conversi\u00f3n de tu sitio hasta en un 135%<\/b><br>Muestra un instrumento de confianza social en tu sitio web para conseguir m\u00e1s clientes. Deja que tus visitantes descubran tu empresa en Facebook y obt\u00e9n su confianza, lo que contribuir\u00e1 a aumentar tu conversi\u00f3n.<\/p><p><b>Haz que los lectores se queden en el sitio<\/b><br>Utiliza el componente social para atraer la atenci\u00f3n de los clientes y mantenerlos en el sitio web. Habla sobre tus productos o negocio de manera m\u00e1s detallada.<\/p><\/div><div class=\"application-platform-content-item-features application-platform-content-item\" id=\"features\" data-nav-section=\"features\"><h2>Caracter\u00edsticas principales del widget Feed de Facebook<\/h2><p>4 caracter\u00edsticas que hacen de nuestro feed de Facebook un plugin imprescindible para cualquier sitio web en iFrame.<\/p><ul><li>3 tipos de contenido de Facebook mostrables: publicaciones, videos e im\u00e1genes con \u00e1lbumes;<\/li><li>Encabezado personalizable con elementos ajustables: imagen de portada, acciones, imagen de p\u00e1gina, contador de me gusta;<\/li><li>Botones de Me gusta y Compartir en el encabezado;<\/li><li>Publicaciones con informaci\u00f3n intercambiable: autor, contador de me gusta, contador de compartidos, bot\u00f3n de compartir.<\/li><\/ul><p><a href=\"#demo\">Descubre todas las ventajas en la demostraci\u00f3n en vivo<\/a><\/p><\/div><div class=\"application-platform-content-item-installation application-platform-content-item\" id=\"installation\" data-nav-section=\"installation\"><h2>C\u00f3mo agregar Feed de Facebook a un sitio iFrame<\/h2><p>Sigue nuestra gu\u00eda para completar la instalaci\u00f3n. El proceso durar\u00e1 solo 3 minutos y no requiere experiencia en programaci\u00f3n.<\/p><ol><li><b>Crea tu plugin personalizado de Facebook<\/b><br>Usando nuestro editor gratuito, configura un plugin con el dise\u00f1o y la funcionalidad seleccionados.<\/li><li><b>Obt\u00e9n el c\u00f3digo personal para mostrar el plugin<\/b><br>Una vez que hayas configurado tu plugin, obtendr\u00e1s el c\u00f3digo de configuraci\u00f3n desde la ventana emergente en Elfsight Apps. Copia el c\u00f3digo para su uso futuro.<\/li><li><b>Coloca el plugin en tu sitio iFrame<\/b><br>Define el lugar donde deseas mostrar el plugin e inserta el c\u00f3digo guardado all\u00ed. Aplica los cambios.<\/li><li><b>\u00a1La configuraci\u00f3n ha sido exitosa!<\/b><br>Entra en tu sitio para verificar que el plugin funcione correctamente.<\/li><\/ol><p>\u00bfNecesitas ayuda m\u00e1s detallada? Consulta un tutorial completo: \u00abC\u00f3mo instalar Feed de Facebook en iFrame\u00bb o contacta con el centro de ayuda de Elfsight, y estaremos encantados de ofrecerte una soluci\u00f3n.<\/p><\/div><div class=\"faq\" data-component=\"FAQ\"><div class=\"faq-item\">\r\n\t\t\t\t\t<div class=\"faq-item-question\">\r\n\t\t\t\t\t\t<h3 class=\"faq-item-question-text\">\u00bfC\u00f3mo agregar WhatsApp Chat a mi iFrame sin habilidades de programaci\u00f3n?<\/h3>\r\n\r\n\t\t\t\t\t\t<div class=\"faq-item-question-icon\"><\/div>\r\n\t\t\t\t\t<\/div>\r\n\r\n\t\t\t\t\t<div class=\"faq-item-answer\">\r\n\t\t\t\t\t\t<div class=\"faq-item-answer-text\"><p>La empresa Elfsight presenta una soluci\u00f3n SaaS que permite a los usuarios crear una aplicaci\u00f3n de WhatsApp Chat por s\u00ed mismos, descubre lo sencillo que es el proceso: <\/p><ul><li>Trabaja directamente en el Editor en l\u00ednea para crear la aplicaci\u00f3n de WhatsApp Chat que deseas ver en tu p\u00e1gina iFrame.<\/li><li>Elige una de las plantillas pre-dise\u00f1adas y ajusta la configuraci\u00f3n de WhatsApp Chat, cambia el dise\u00f1o y los colores, actualiza tu contenido sin necesidad de programaci\u00f3n.<\/li><li>Haz clic para guardar WhatsApp Chat y copia el c\u00f3digo del widget para incrustarlo, que podr\u00e1 ser f\u00e1cilmente insertado en la p\u00e1gina iFrame de manera gratuita.<\/li><\/ul><p>Usando el Editor f\u00e1cil de usar, cualquier usuario de Internet puede crear el widget de WhatsApp Chat y pegarlo sin problemas en cualquier p\u00e1gina iFrame. No es necesario pagar ni revelar los datos de tu tarjeta para acceder al servicio. Si encuentras alg\u00fan problema en alg\u00fan paso, no dudes en contactar con nuestro equipo de soporte t\u00e9cnico.<\/p><\/div>\r\n\t\t\t\t\t<\/div>\r\n\t\t\t\t<\/div><\/div>","protected":false},"excerpt":{"rendered":"","protected":false},"author":9,"featured_media":0,"parent":1397,"menu_order":0,"comment_status":"closed","ping_status":"closed","template":"templates\/template-application-platform.php","meta":{"publish_to_discourse":"","publish_post_category":"","wpdc_auto_publish_overridden":"","wpdc_topic_tags":"","wpdc_pin_topic":"","wpdc_pin_until":"","discourse_post_id":"","discourse_permalink":"","wpdc_publishing_response":"","wpdc_publishing_error":"","footnotes":""},"class_list":["post-15755","page","type-page","status-publish","hentry"],"yoast_head":"<!-- This site is optimized with the Yoast SEO plugin v25.3.1 - https:\/\/yoast.com\/wordpress\/plugins\/seo\/ -->\n<title>Complemento iFrame Facebook Feed para su sitio web (gratis y r\u00e1pido)<\/title>\n<meta name=\"description\" content=\"Agregue un complemento responsivo de Facebook Feed a su sitio web iFrame. Utilice el editor flexible de Elfsight y configure su complemento en solo 3 minutos.\" \/>\n<meta name=\"robots\" content=\"index, follow, max-snippet:-1, max-image-preview:large, max-video-preview:-1\" \/>\n<link rel=\"canonical\" href=\"https:\/\/elfsight.com\/es\/facebook-feed-widget\/iframe\/\" \/>\n<meta property=\"og:locale\" content=\"es_ES\" \/>\n<meta property=\"og:type\" content=\"article\" \/>\n<meta property=\"og:title\" content=\"Complemento iFrame Facebook Feed para su sitio web (gratis y r\u00e1pido)\" \/>\n<meta property=\"og:description\" content=\"Agregue un complemento responsivo de Facebook Feed a su sitio web iFrame. Utilice el editor flexible de Elfsight y configure su complemento en solo 3 minutos.\" \/>\n<meta property=\"og:url\" content=\"https:\/\/elfsight.com\/es\/facebook-feed-widget\/iframe\/\" \/>\n<meta property=\"og:site_name\" content=\"Elfsight ES\" \/>\n<meta property=\"article:modified_time\" content=\"2025-02-06T15:00:15+00:00\" \/>\n<meta name=\"twitter:card\" content=\"summary_large_image\" \/>\n<meta name=\"twitter:label1\" content=\"Tiempo de lectura\" \/>\n\t<meta name=\"twitter:data1\" content=\"3 minutos\" \/>\n<!-- \/ Yoast SEO plugin. -->","yoast_head_json":{"title":"Complemento iFrame Facebook Feed para su sitio web (gratis y r\u00e1pido)","description":"Agregue un complemento responsivo de Facebook Feed a su sitio web iFrame. Utilice el editor flexible de Elfsight y configure su complemento en solo 3 minutos.","robots":{"index":"index","follow":"follow","max-snippet":"max-snippet:-1","max-image-preview":"max-image-preview:large","max-video-preview":"max-video-preview:-1"},"canonical":"https:\/\/elfsight.com\/es\/facebook-feed-widget\/iframe\/","og_locale":"es_ES","og_type":"article","og_title":"Complemento iFrame Facebook Feed para su sitio web (gratis y r\u00e1pido)","og_description":"Agregue un complemento responsivo de Facebook Feed a su sitio web iFrame. Utilice el editor flexible de Elfsight y configure su complemento en solo 3 minutos.","og_url":"https:\/\/elfsight.com\/es\/facebook-feed-widget\/iframe\/","og_site_name":"Elfsight ES","article_modified_time":"2025-02-06T15:00:15+00:00","twitter_card":"summary_large_image","twitter_misc":{"Tiempo de lectura":"3 minutos"},"schema":{"@context":"https:\/\/schema.org","@graph":[{"@type":"WebPage","@id":"https:\/\/elfsight.com\/es\/facebook-feed-widget\/iframe\/","url":"https:\/\/elfsight.com\/es\/facebook-feed-widget\/iframe\/","name":"Complemento iFrame Facebook Feed para su sitio web (gratis y r\u00e1pido)","isPartOf":{"@id":"https:\/\/elfsight.com\/es\/#website"},"datePublished":"2024-05-03T06:35:49+00:00","dateModified":"2025-02-06T15:00:15+00:00","description":"Agregue un complemento responsivo de Facebook Feed a su sitio web iFrame. Utilice el editor flexible de Elfsight y configure su complemento en solo 3 minutos.","breadcrumb":{"@id":"https:\/\/elfsight.com\/es\/facebook-feed-widget\/iframe\/#breadcrumb"},"inLanguage":"es","potentialAction":[{"@type":"ReadAction","target":["https:\/\/elfsight.com\/es\/facebook-feed-widget\/iframe\/"]}]},{"@type":"BreadcrumbList","@id":"https:\/\/elfsight.com\/es\/facebook-feed-widget\/iframe\/#breadcrumb","itemListElement":[{"@type":"ListItem","position":1,"name":"Home","item":"https:\/\/elfsight.com\/es\/"},{"@type":"ListItem","position":2,"name":"Facebook Feed","item":"https:\/\/elfsight.com\/es\/facebook-feed-widget\/"},{"@type":"ListItem","position":3,"name":"Facebook Feed &#8211; iFrame"}]},{"@type":"WebSite","@id":"https:\/\/elfsight.com\/es\/#website","url":"https:\/\/elfsight.com\/es\/","name":"Elfsight ES","description":"Just another Elfsight Sites site","potentialAction":[{"@type":"SearchAction","target":{"@type":"EntryPoint","urlTemplate":"https:\/\/elfsight.com\/es\/?s={search_term_string}"},"query-input":{"@type":"PropertyValueSpecification","valueRequired":true,"valueName":"search_term_string"}}],"inLanguage":"es"}]}},"meta_box":{"industry":"","seo_heading":"","heading":"","description":"","cta_heading":"","cta_description":"","application":"1396","h1":"Complemento de Feed de Facebook para iFrame","h1_caption":"Inserte publicaciones de su p\u00e1gina de Facebook para mantener a los visitantes de su sitio web interesados \u200b\u200bcon sus \u00faltimas actualizaciones y noticias en su sitio web iFrame sin esfuerzo.","application_category":[],"applications_title":"","applications_request_title":"","applications_request_button_text":"","hero_text":"","hero_video":"","hero_video_schema_markup":"","selling_points_title":"","selling_points_caption":"","selling_points":[],"selling_points_cta_text":"","features_title":"","features":"","ed_cta_examples_text":"","ed_cta_examples_hidden":"","ed_cta_demo_text":"","ed_cta_demo_hidden":"","why_caption":"","why_editor_title":"","why_editor_text":"","why_team_title":"","why_team_text":"","why_service_title":"","why_service_text":"","template_catalog_visible":"0","template_catalog_title":"","template_catalog_text":"","template_catalog_categories_visible":"","demo_title":"Crea tu widget de feed de Facebook","demo_caption":"\u00a1Configure su feed de Facebook y agr\u00e9guelo a su sitio web iFrame gratis!","default_faq_hidden":"","app_template_category":[],"platform":"2192","template_public_id":"","codecanyon_url":"","codecanyon_item_id":"","codecanyon_price":"","pricing_caption":"","pricing_elfsight_apps_hide_column":"","pricing_elfsight_apps_url":"","pricing_codecanyon_price_caption":"","integration_category":[],"integration_request_title":"","integration_request_cta":"","integration_platform":"","integrations":[],"platform_category":[],"video_schema_markup":"","price":"desde $0 \/ mes","trial":"","benefits":[{"text":"Servicio de instalaci\u00f3n gratuito"},{"text":"Servicio al cliente profesional"},{"text":"Garant\u00eda de devoluci\u00f3n de dinero de 14 d\u00edas"},{"text":"Actualizaciones continuas"}],"button_url":"#demo","button_target_blank":"0","button_nofollow":"0","attributes":[{"name":"Instalaciones","content":"100,000 - 500,000"},{"name":"Sensible","content":"S\u00ed"},{"name":"Navegadores compatibles","content":"Opera, Safari, Edge, Firefox, Chrome"}],"tags":[],"tags_disable_links":"0","hide_more_platforms":"","video_object":"","demo_hide_cta":"0","demo_hide_cloud_options":"0","pricing_title":"","pricing":[{"pricing_icon":"platform","pricing_title":"Elfsight Apps","pricing_title_caption":"Software independiente de la plataforma","pricing_price":"desde $0 \/ mes","pricing_price_caption":"comienza con el plan gratuito","pricing_benefits":[{"text":"Dominios ilimitados"},{"text":"Soporte profesional"},{"text":"Soporte de instalaci\u00f3n gratuito"},{"text":"Gran oferta para m\u00faltiples aplicaciones"}],"pricing_button_text":"A\u00f1adir al sitio web","pricing_button_url":"#demo"}],"related_apps_title":"","related_apps_hidden":"0","author":"","image":[],"title":"","job":"","social_networks":[]},"_links":{"self":[{"href":"https:\/\/elfsight.com\/es\/wp-json\/wp\/v2\/pages\/15755","targetHints":{"allow":["GET"]}}],"collection":[{"href":"https:\/\/elfsight.com\/es\/wp-json\/wp\/v2\/pages"}],"about":[{"href":"https:\/\/elfsight.com\/es\/wp-json\/wp\/v2\/types\/page"}],"author":[{"embeddable":true,"href":"https:\/\/elfsight.com\/es\/wp-json\/wp\/v2\/users\/9"}],"replies":[{"embeddable":true,"href":"https:\/\/elfsight.com\/es\/wp-json\/wp\/v2\/comments?post=15755"}],"version-history":[{"count":3,"href":"https:\/\/elfsight.com\/es\/wp-json\/wp\/v2\/pages\/15755\/revisions"}],"predecessor-version":[{"id":17727,"href":"https:\/\/elfsight.com\/es\/wp-json\/wp\/v2\/pages\/15755\/revisions\/17727"}],"up":[{"embeddable":true,"href":"https:\/\/elfsight.com\/es\/wp-json\/wp\/v2\/pages\/1397"}],"wp:attachment":[{"href":"https:\/\/elfsight.com\/es\/wp-json\/wp\/v2\/media?parent=15755"}],"curies":[{"name":"wp","href":"https:\/\/api.w.org\/{rel}","templated":true}]}}