{"id":15754,"date":"2024-05-03T06:36:01","date_gmt":"2024-05-03T06:36:01","guid":{"rendered":"https:\/\/elfsight.com\/es\/?page_id=15754"},"modified":"2025-02-06T14:59:49","modified_gmt":"2025-02-06T14:59:49","slug":"html","status":"publish","type":"page","link":"https:\/\/elfsight.com\/es\/facebook-feed-widget\/html\/","title":{"rendered":"Facebook Feed &#8211; HTML"},"content":{"rendered":"<div class=\"application-platform-content-item-description application-platform-content-item\" id=\"description\" data-nav-section=\"description\"><h2>Descripci\u00f3n<\/h2><p>Incrusta el contenido de tu p\u00e1gina de Facebook en nuestro avanzado complemento \u2013 Facebook Feed. Noticias, videos, im\u00e1genes \u2013 puedes estar seguro de que tus usuarios no se perder\u00e1n ni una sola noticia. Su aspecto elegante con los componentes originales de Facebook no pasar\u00e1 desapercibido y contribuir\u00e1 no solo a mantener a los usuarios actuales en el sitio, sino tambi\u00e9n a atraer nuevos suscriptores de Facebook.<\/p><p><b>Eleva tu marketing en redes sociales a un nivel nunca visto con la ayuda de nuestro complemento de p\u00e1gina de Facebook en HTML.<\/b><\/p><ul><li><b>Aumenta la conversi\u00f3n de tu sitio web hasta en un 112%<\/b>.<br>Aplica un componente social en tu sitio web para adquirir m\u00e1s clientes. Deja que tus lectores descubran tu marca en Facebook y obt\u00e9n su confianza, lo que ayudar\u00e1 a aumentar tu conversi\u00f3n.<\/li><li><b>Logra una profunda implicaci\u00f3n de tus clientes en tu vida social<\/b>.<br>No te detengas solo en el sitio web, deja que cada cliente explore tu negocio en Facebook en detalle: involucra a los clientes en la vida interna de tu empresa y as\u00ed adquirir\u00e1s los seguidores m\u00e1s fieles.<\/li><li><b>3 complementos de Facebook en 1<\/b>.<br>Todo tu contenido de Facebook en un solo complemento: muestra noticias con comentarios, \u00abme gusta\u00bb u otras reacciones; organiza fotos y listas de videos en el sitio usando \u00e1lbumes de Facebook.<\/li><\/ul><\/div><div class=\"application-platform-content-item-features application-platform-content-item\" id=\"features\" data-nav-section=\"features\"><h2>Caracter\u00edsticas<\/h2><p>Algunas ventajas que hacen que nuestro Facebook Feed sea un complemento realmente valioso para cualquier sitio HTML.<\/p><ul><li>2 fuentes de Facebook soportadas: p\u00e1ginas, perfiles;<\/li><li>Ventanas emergentes personalizables con elementos ajustables: autor, n\u00famero de \u00abme gusta\u00bb, n\u00famero de compartidos, comentarios;<\/li><li>Botones de \u00abMe gusta\u00bb y \u00abCompartir\u00bb en el encabezado;<\/li><li>Opci\u00f3n de activar o desactivar el encabezado;<\/li><li>Soporte para 12 idiomas populares.<\/li><\/ul><p><a href=\"#demo\">Ver todas las caracter\u00edsticas en la demo en vivo<\/a>.<\/p><\/div><div class=\"application-platform-content-item-installation application-platform-content-item\" id=\"installation\" data-nav-section=\"installation\"><h2>C\u00f3mo incrustar el complemento de Facebook en un sitio HTML<\/h2><iframe width=\"720\" height=\"405\" src=\"https:\/\/www.youtube.com\/embed\/L9fQwrdrAyk\" frameborder=\"0\" allowfullscreen=\"\"><\/iframe><p>Consulta nuestra gu\u00eda para a\u00f1adir el complemento al sitio. Esto no tomar\u00e1 m\u00e1s de un par de minutos y no requiere conocimientos en programaci\u00f3n.<\/p><ol><li><b>Crea tu Facebook Feed personalizado<\/b>.<br>Con la ayuda de nuestro configurador gratuito, crea un complemento con la plantilla y las opciones que necesites.<\/li><li><b>Copia el c\u00f3digo para mostrar el complemento<\/b>.<br>Despu\u00e9s de personalizar el complemento, obt\u00e9n el c\u00f3digo del complemento de Facebook desde la notificaci\u00f3n que aparece en Elfsight Apps.<\/li><li><b>Incrusta el complemento en la p\u00e1gina HTML<\/b>.<br>Abre el c\u00f3digo de la p\u00e1gina en el editor HTML e inserta el complemento en el lugar necesario (contenido, pie de p\u00e1gina, barra lateral, etc.) y guarda los resultados.<\/li><li><b>\u00a1Listo!<\/b><br>Abre el sitio HTML para comprobar tu complemento.<\/li><\/ol><p>\u00bfNecesitas soporte m\u00e1s detallado? Lee el <a href=\"https:\/\/elfsight.com\/tutorials\/how-to-add-facebook-feed-widget-to-html\/\" target=\"_blank\" rel=\"noopener noreferrer\">manual completo<\/a> o contacta con nuestro soporte al cliente, estaremos encantados de ofrecerte una soluci\u00f3n.<\/p><\/div><div class=\"faq\" data-component=\"FAQ\"><div class=\"faq-item\">\r\n\t\t\t\t\t<div class=\"faq-item-question\">\r\n\t\t\t\t\t\t<h3 class=\"faq-item-question-text\">\u00bfC\u00f3mo puedo agregar WhatsApp Chat a mi sitio HTML sin conocimientos de programaci\u00f3n?<\/h3>\r\n\r\n\t\t\t\t\t\t<div class=\"faq-item-question-icon\"><\/div>\r\n\t\t\t\t\t<\/div>\r\n\r\n\t\t\t\t\t<div class=\"faq-item-answer\">\r\n\t\t\t\t\t\t<div class=\"faq-item-answer-text\"><p>La empresa Elfsight ofrece una soluci\u00f3n que permite a los usuarios crear una app de WhatsApp Chat por s\u00ed mismos, sigue esta sencilla gu\u00eda: <\/p><ul><li>Ve a la demo en vivo para crear el complemento de WhatsApp Chat que deseas integrar en tu p\u00e1gina principal HTML.<\/li><li>Elige una de las plantillas predise\u00f1adas y ajusta la configuraci\u00f3n de WhatsApp Chat, agrega tu contenido, cambia el dise\u00f1o y los colores sin necesidad de programaci\u00f3n.<\/li><li>Guarda el WhatsApp Chat y obt\u00e9n el c\u00f3digo de instalaci\u00f3n, que puedes pegar f\u00e1cilmente en cualquier p\u00e1gina HTML sin necesidad de suscripci\u00f3n de pago. <\/li><\/ul><p>Con el Configurador intuitivo, cualquier usuario web puede crear una secci\u00f3n de WhatsApp Chat en l\u00ednea e integrarla f\u00e1cilmente en su p\u00e1gina HTML. No es necesario pagar ni proporcionar tus datos bancarios para acceder al servicio de Elfsight. Si encuentras alg\u00fan problema, no dudes en contactar con nuestro personal de soporte.<\/p><\/div>\r\n\t\t\t\t\t<\/div>\r\n\t\t\t\t<\/div><\/div>","protected":false},"excerpt":{"rendered":"","protected":false},"author":9,"featured_media":0,"parent":1397,"menu_order":0,"comment_status":"closed","ping_status":"closed","template":"templates\/template-application-platform.php","meta":{"publish_to_discourse":"","publish_post_category":"","wpdc_auto_publish_overridden":"","wpdc_topic_tags":"","wpdc_pin_topic":"","wpdc_pin_until":"","discourse_post_id":"","discourse_permalink":"","wpdc_publishing_response":"","wpdc_publishing_error":"","footnotes":""},"class_list":["post-15754","page","type-page","status-publish","hentry"],"yoast_head":"<!-- This site is optimized with the Yoast SEO plugin v25.3.1 - https:\/\/yoast.com\/wordpress\/plugins\/seo\/ -->\n<title>Feed de Facebook: incruste el complemento de Facebook en un sitio web HTML (en 1 minuto)<\/title>\n<meta name=\"description\" content=\"Agregue el mejor complemento de Facebook Feed a su sitio web HTML. Pruebe la demostraci\u00f3n flexible de Elfsight y d\u00e9 forma a su widget personal en solo 1 minuto.\" \/>\n<meta name=\"robots\" content=\"index, follow, max-snippet:-1, max-image-preview:large, max-video-preview:-1\" \/>\n<link rel=\"canonical\" href=\"https:\/\/elfsight.com\/es\/facebook-feed-widget\/html\/\" \/>\n<meta property=\"og:locale\" content=\"es_ES\" \/>\n<meta property=\"og:type\" content=\"article\" \/>\n<meta property=\"og:title\" content=\"Feed de Facebook: incruste el complemento de Facebook en un sitio web HTML (en 1 minuto)\" \/>\n<meta property=\"og:description\" content=\"Agregue el mejor complemento de Facebook Feed a su sitio web HTML. Pruebe la demostraci\u00f3n flexible de Elfsight y d\u00e9 forma a su widget personal en solo 1 minuto.\" \/>\n<meta property=\"og:url\" content=\"https:\/\/elfsight.com\/es\/facebook-feed-widget\/html\/\" \/>\n<meta property=\"og:site_name\" content=\"Elfsight ES\" \/>\n<meta property=\"article:modified_time\" content=\"2025-02-06T14:59:49+00:00\" \/>\n<meta name=\"twitter:card\" content=\"summary_large_image\" \/>\n<meta name=\"twitter:label1\" content=\"Tiempo de lectura\" \/>\n\t<meta name=\"twitter:data1\" content=\"3 minutos\" \/>\n<!-- \/ Yoast SEO plugin. -->","yoast_head_json":{"title":"Feed de Facebook: incruste el complemento de Facebook en un sitio web HTML (en 1 minuto)","description":"Agregue el mejor complemento de Facebook Feed a su sitio web HTML. Pruebe la demostraci\u00f3n flexible de Elfsight y d\u00e9 forma a su widget personal en solo 1 minuto.","robots":{"index":"index","follow":"follow","max-snippet":"max-snippet:-1","max-image-preview":"max-image-preview:large","max-video-preview":"max-video-preview:-1"},"canonical":"https:\/\/elfsight.com\/es\/facebook-feed-widget\/html\/","og_locale":"es_ES","og_type":"article","og_title":"Feed de Facebook: incruste el complemento de Facebook en un sitio web HTML (en 1 minuto)","og_description":"Agregue el mejor complemento de Facebook Feed a su sitio web HTML. Pruebe la demostraci\u00f3n flexible de Elfsight y d\u00e9 forma a su widget personal en solo 1 minuto.","og_url":"https:\/\/elfsight.com\/es\/facebook-feed-widget\/html\/","og_site_name":"Elfsight ES","article_modified_time":"2025-02-06T14:59:49+00:00","twitter_card":"summary_large_image","twitter_misc":{"Tiempo de lectura":"3 minutos"},"schema":{"@context":"https:\/\/schema.org","@graph":[{"@type":"WebPage","@id":"https:\/\/elfsight.com\/es\/facebook-feed-widget\/html\/","url":"https:\/\/elfsight.com\/es\/facebook-feed-widget\/html\/","name":"Feed de Facebook: incruste el complemento de Facebook en un sitio web HTML (en 1 minuto)","isPartOf":{"@id":"https:\/\/elfsight.com\/es\/#website"},"datePublished":"2024-05-03T06:36:01+00:00","dateModified":"2025-02-06T14:59:49+00:00","description":"Agregue el mejor complemento de Facebook Feed a su sitio web HTML. Pruebe la demostraci\u00f3n flexible de Elfsight y d\u00e9 forma a su widget personal en solo 1 minuto.","breadcrumb":{"@id":"https:\/\/elfsight.com\/es\/facebook-feed-widget\/html\/#breadcrumb"},"inLanguage":"es","potentialAction":[{"@type":"ReadAction","target":["https:\/\/elfsight.com\/es\/facebook-feed-widget\/html\/"]}]},{"@type":"BreadcrumbList","@id":"https:\/\/elfsight.com\/es\/facebook-feed-widget\/html\/#breadcrumb","itemListElement":[{"@type":"ListItem","position":1,"name":"Home","item":"https:\/\/elfsight.com\/es\/"},{"@type":"ListItem","position":2,"name":"Facebook Feed","item":"https:\/\/elfsight.com\/es\/facebook-feed-widget\/"},{"@type":"ListItem","position":3,"name":"Facebook Feed &#8211; HTML"}]},{"@type":"WebSite","@id":"https:\/\/elfsight.com\/es\/#website","url":"https:\/\/elfsight.com\/es\/","name":"Elfsight ES","description":"Just another Elfsight Sites site","potentialAction":[{"@type":"SearchAction","target":{"@type":"EntryPoint","urlTemplate":"https:\/\/elfsight.com\/es\/?s={search_term_string}"},"query-input":{"@type":"PropertyValueSpecification","valueRequired":true,"valueName":"search_term_string"}}],"inLanguage":"es"}]}},"meta_box":{"industry":"","seo_heading":"","heading":"","description":"","cta_heading":"","cta_description":"","application":"1396","h1":"Complemento de alimentaci\u00f3n de Facebook para HTML","h1_caption":"Inserte publicaciones de su p\u00e1gina de Facebook para mantener a los visitantes de su sitio web interesados \u200b\u200bcon sus \u00faltimas actualizaciones y noticias en su sitio web HTML sin esfuerzo.","application_category":[],"applications_title":"","applications_request_title":"","applications_request_button_text":"","hero_text":"","hero_video":"","hero_video_schema_markup":"","selling_points_title":"","selling_points_caption":"","selling_points":[],"selling_points_cta_text":"","features_title":"","features":"","ed_cta_examples_text":"","ed_cta_examples_hidden":"","ed_cta_demo_text":"","ed_cta_demo_hidden":"","why_caption":"","why_editor_title":"","why_editor_text":"","why_team_title":"","why_team_text":"","why_service_title":"","why_service_text":"","template_catalog_visible":"","template_catalog_title":"","template_catalog_text":"","template_catalog_categories_visible":"","demo_title":"Crea tu widget de feed de Facebook","demo_caption":"\u00a1Configure su feed de Facebook y agr\u00e9guelo a su sitio web HTML de forma gratuita!","default_faq_hidden":"","app_template_category":[],"platform":"70","template_public_id":"","codecanyon_url":"","codecanyon_item_id":"","codecanyon_price":"","pricing_caption":"","pricing_elfsight_apps_hide_column":"","pricing_elfsight_apps_url":"","pricing_codecanyon_price_caption":"","integration_category":[],"integration_request_title":"","integration_request_cta":"","integration_platform":"","integrations":[],"platform_category":[],"video_schema_markup":"","price":"desde $0 \/ mes","trial":"","benefits":[{"text":"Asistencia de instalaci\u00f3n gratuita"},{"text":"Soporte excepcional"},{"text":"Garant\u00eda de reembolso de 14 d\u00edas"},{"text":"Actualizaciones continuas"}],"button_url":"#demo","button_target_blank":"","button_nofollow":"","attributes":[{"name":"Instalaciones","content":"100,000 - 500,000"},{"name":"Sensible","content":"S\u00ed"},{"name":"Navegadores compatibles","content":"Firefox, Safari, Opera, Chrome, Edge"}],"tags":[],"tags_disable_links":"","hide_more_platforms":"","video_object":"","demo_hide_cta":"","demo_hide_cloud_options":"","pricing_title":"","pricing":[{"pricing_icon":"platform","pricing_title":"HTML widget","pricing_title_caption":"Soluci\u00f3n digital multiplataforma","pricing_price":"desde $0 \/ mes","pricing_price_caption":"comienza con el plan gratuito","pricing_benefits":[{"text":"Dominios ilimitados"},{"text":"Soporte r\u00e1pido de la empresa"},{"text":"Servicio de instalaci\u00f3n gratuito"},{"text":"Precio a alcanzar para m\u00faltiples aplicaciones"}],"pricing_button_text":"A\u00f1adir al sitio web","pricing_button_url":"#demo"}],"related_apps_title":"","related_apps_hidden":"","author":"","image":[],"title":"","job":"","social_networks":[]},"_links":{"self":[{"href":"https:\/\/elfsight.com\/es\/wp-json\/wp\/v2\/pages\/15754","targetHints":{"allow":["GET"]}}],"collection":[{"href":"https:\/\/elfsight.com\/es\/wp-json\/wp\/v2\/pages"}],"about":[{"href":"https:\/\/elfsight.com\/es\/wp-json\/wp\/v2\/types\/page"}],"author":[{"embeddable":true,"href":"https:\/\/elfsight.com\/es\/wp-json\/wp\/v2\/users\/9"}],"replies":[{"embeddable":true,"href":"https:\/\/elfsight.com\/es\/wp-json\/wp\/v2\/comments?post=15754"}],"version-history":[{"count":3,"href":"https:\/\/elfsight.com\/es\/wp-json\/wp\/v2\/pages\/15754\/revisions"}],"predecessor-version":[{"id":17750,"href":"https:\/\/elfsight.com\/es\/wp-json\/wp\/v2\/pages\/15754\/revisions\/17750"}],"up":[{"embeddable":true,"href":"https:\/\/elfsight.com\/es\/wp-json\/wp\/v2\/pages\/1397"}],"wp:attachment":[{"href":"https:\/\/elfsight.com\/es\/wp-json\/wp\/v2\/media?parent=15754"}],"curies":[{"name":"wp","href":"https:\/\/api.w.org\/{rel}","templated":true}]}}