{"id":15753,"date":"2024-05-03T06:35:45","date_gmt":"2024-05-03T06:35:45","guid":{"rendered":"https:\/\/elfsight.com\/es\/?page_id=15753"},"modified":"2025-02-06T15:00:25","modified_gmt":"2025-02-06T15:00:25","slug":"google-sites","status":"publish","type":"page","link":"https:\/\/elfsight.com\/es\/facebook-feed-widget\/google-sites\/","title":{"rendered":"Facebook Feed &#8211; Google Sites"},"content":{"rendered":"<div class=\"application-platform-content-item-description application-platform-content-item\" id=\"description\" data-nav-section=\"description\"> <h2>Integrar Facebook Feed en Google Sites con el widget de Elfsight<\/h2> <p>Muestra tu contenido de Facebook en nuestra herramienta multifuncional \u2013 Facebook Feed. Publicaciones, videos, fotos \u2013 aseg\u00farate de que tus visitantes no se pierdan ni un solo mensaje. Un dise\u00f1o atractivo con los detalles reales de Facebook no pasar\u00e1 desapercibido y ayudar\u00e1 no solo a mantener al cliente actual en el sitio, sino tambi\u00e9n a invitar a nuevos suscriptores de Facebook. Eleva la interacci\u00f3n con tus clientes a un nuevo nivel usando el plugin de Facebook.<\/p> <p><b>Con el gadget de Facebook, inicia el desarrollo empresarial sostenible y m\u00e1s ventas.<\/b><\/p> <\/div> <div class=\"application-platform-content-item-features application-platform-content-item\" id=\"features\" data-nav-section=\"features\"> <h2>Las caracter\u00edsticas m\u00e1s requeridas del widget incluyen<\/h2> <ul><li>Una colecci\u00f3n de \u00edconos de burbujas para elegir;<\/li><li>Opci\u00f3n para editar el texto de la burbuja;<\/li><li>Encabezado de chat flexible con el logo de la p\u00e1gina, nombre y descripci\u00f3n;<\/li><li>Elecci\u00f3n de la imagen de la p\u00e1gina por defecto, desde la biblioteca o subiendo una imagen personalizada.<\/li><\/ul><p><a href=\"#demo\">Solo prueba este demo para ver c\u00f3mo funciona<\/a><\/p> <\/div> <div class=\"application-platform-content-item-installation application-platform-content-item\" id=\"installation\" data-nav-section=\"installation\"><h2>\u00bfC\u00f3mo puedo agregar Facebook Feed a mi Google Sites?<\/h2><div class=\"video-container\"><iframe width=\"720\" height=\"405\" src=\"https:\/\/www.youtube.com\/embed\/R52GHZgurkE\" frameborder=\"0\" allowfullscreen=\"\"><\/iframe><\/div><p>Sigue las pautas a continuaci\u00f3n para integrar el widget.<\/p> <ol><li><b>Usa nuestro configurador gratuito y empieza a crear tu herramienta personalizada.<\/b><br>Encuentra la interfaz preferida y las opciones del widget y realiza los ajustes.<\/li> <li><b>Copia el c\u00f3digo individual que se muestra en la ventana de Elfsight Apps.<\/b><br>Justo despu\u00e9s de haber creado tu plugin, copia el c\u00f3digo exclusivo que aparecer\u00e1 en el pop-up y gu\u00e1rdalo para futuras ocasiones.<\/li> <li><b>Inicia la aplicaci\u00f3n del gadget de Facebook en tu Google Sites.<\/b><br>Incorpora el c\u00f3digo copiado recientemente en tu p\u00e1gina de inicio y guarda los cambios.<\/li> <li><b>La instalaci\u00f3n se ha realizado correctamente.<\/b><br>Ve a tu sitio web para ver c\u00f3mo funciona el plugin.<\/li><\/ol> <div class=\"tip-yellow tip\"><b>Debido a las particularidades de Google Sites, el widget puede verse diferente al demo en l\u00ednea. Pedimos disculpas por cualquier inconveniente.<\/b><\/div><p>Si tienes alguna pregunta o encuentras alg\u00fan problema, no dudes en escribir a nuestro equipo de soporte. Estaremos encantados de ayudarte con cualquier inconveniente que puedas tener con el widget.<\/p> <div class=\"faq\" data-component=\"FAQ\"><div class=\"faq-item\">\r\n\t\t\t\t\t<div class=\"faq-item-question\">\r\n\t\t\t\t\t\t<h3 class=\"faq-item-question-text\">\u00bfC\u00f3mo puedo integrar una Galer\u00eda de Videos de YouTube en mi sitio Squarespace sin saber programar?<\/h3>\r\n\r\n\t\t\t\t\t\t<div class=\"faq-item-question-icon\"><\/div>\r\n\t\t\t\t\t<\/div>\r\n\r\n\t\t\t\t\t<div class=\"faq-item-answer\">\r\n\t\t\t\t\t\t<div class=\"faq-item-answer-text\"><p>Elfsight ofrece una soluci\u00f3n en la nube que permite a los usuarios crear una Galer\u00eda de Videos de YouTube de forma independiente. Descubre lo f\u00e1cil que es el proceso:<\/p><ul><li>Entra al Editor en l\u00ednea para construir una secci\u00f3n para tu Galer\u00eda de Videos de YouTube que quieras integrar a tu sitio Squarespace.<\/li><li>Selecciona una de nuestras plantillas predefinidas y ajusta la configuraci\u00f3n de la Galer\u00eda de Videos de YouTube, cambia el dise\u00f1o y los colores, incorpora tu contenido sin necesidad de saber programar.<\/li><li>Guarda los ajustes que has realizado en la Galer\u00eda de Videos de YouTube y obt\u00e9n el c\u00f3digo del widget para integrarlo f\u00e1cilmente a tu sitio Squarespace sin ning\u00fan costo.<\/li><\/ul><p>Trabajando en el Editor f\u00e1cil de usar, cualquier usuario de internet puede crear una Galer\u00eda de Videos de YouTube y agregarla a su sitio Squarespace. No es necesario pagar ni ingresar los datos de tarjeta para acceder al Editor. Si encuentras cualquier dificultad en el proceso, no dudes en contactar con nuestro soporte al cliente.<\/p><\/div>\r\n\t\t\t\t\t<\/div>\r\n\t\t\t\t<\/div><\/div><\/div>","protected":false},"excerpt":{"rendered":"","protected":false},"author":9,"featured_media":0,"parent":1397,"menu_order":0,"comment_status":"closed","ping_status":"closed","template":"templates\/template-application-platform.php","meta":{"publish_to_discourse":"","publish_post_category":"","wpdc_auto_publish_overridden":"","wpdc_topic_tags":"","wpdc_pin_topic":"","wpdc_pin_until":"","discourse_post_id":"","discourse_permalink":"","wpdc_publishing_response":"","wpdc_publishing_error":"","footnotes":""},"class_list":["post-15753","page","type-page","status-publish","hentry"],"yoast_head":"<!-- This site is optimized with the Yoast SEO plugin v25.3.1 - https:\/\/yoast.com\/wordpress\/plugins\/seo\/ -->\n<title>Feed de Facebook: agregue el widget de Facebook a Google Sites (2026)<\/title>\n<meta name=\"description\" content=\"Agregue un widget responsivo de Facebook Feed a sus sitios de Google de forma gratuita. Utilice el mejor widget de Facebook de Elfsight para crear su feed \u00fanico.\" \/>\n<meta name=\"robots\" content=\"index, follow, max-snippet:-1, max-image-preview:large, max-video-preview:-1\" \/>\n<link rel=\"canonical\" href=\"https:\/\/elfsight.com\/es\/facebook-feed-widget\/google-sites\/\" \/>\n<meta property=\"og:locale\" content=\"es_ES\" \/>\n<meta property=\"og:type\" content=\"article\" \/>\n<meta property=\"og:title\" content=\"Feed de Facebook: agregue el widget de Facebook a Google Sites (2026)\" \/>\n<meta property=\"og:description\" content=\"Agregue un widget responsivo de Facebook Feed a sus sitios de Google de forma gratuita. Utilice el mejor widget de Facebook de Elfsight para crear su feed \u00fanico.\" \/>\n<meta property=\"og:url\" content=\"https:\/\/elfsight.com\/es\/facebook-feed-widget\/google-sites\/\" \/>\n<meta property=\"og:site_name\" content=\"Elfsight ES\" \/>\n<meta property=\"article:modified_time\" content=\"2025-02-06T15:00:25+00:00\" \/>\n<meta name=\"twitter:card\" content=\"summary_large_image\" \/>\n<meta name=\"twitter:label1\" content=\"Tiempo de lectura\" \/>\n\t<meta name=\"twitter:data1\" content=\"3 minutos\" \/>\n<!-- \/ Yoast SEO plugin. -->","yoast_head_json":{"title":"Feed de Facebook: agregue el widget de Facebook a Google Sites (2026)","description":"Agregue un widget responsivo de Facebook Feed a sus sitios de Google de forma gratuita. Utilice el mejor widget de Facebook de Elfsight para crear su feed \u00fanico.","robots":{"index":"index","follow":"follow","max-snippet":"max-snippet:-1","max-image-preview":"max-image-preview:large","max-video-preview":"max-video-preview:-1"},"canonical":"https:\/\/elfsight.com\/es\/facebook-feed-widget\/google-sites\/","og_locale":"es_ES","og_type":"article","og_title":"Feed de Facebook: agregue el widget de Facebook a Google Sites (2026)","og_description":"Agregue un widget responsivo de Facebook Feed a sus sitios de Google de forma gratuita. Utilice el mejor widget de Facebook de Elfsight para crear su feed \u00fanico.","og_url":"https:\/\/elfsight.com\/es\/facebook-feed-widget\/google-sites\/","og_site_name":"Elfsight ES","article_modified_time":"2025-02-06T15:00:25+00:00","twitter_card":"summary_large_image","twitter_misc":{"Tiempo de lectura":"3 minutos"},"schema":{"@context":"https:\/\/schema.org","@graph":[{"@type":"WebPage","@id":"https:\/\/elfsight.com\/es\/facebook-feed-widget\/google-sites\/","url":"https:\/\/elfsight.com\/es\/facebook-feed-widget\/google-sites\/","name":"Feed de Facebook: agregue el widget de Facebook a Google Sites (2026)","isPartOf":{"@id":"https:\/\/elfsight.com\/es\/#website"},"datePublished":"2024-05-03T06:35:45+00:00","dateModified":"2025-02-06T15:00:25+00:00","description":"Agregue un widget responsivo de Facebook Feed a sus sitios de Google de forma gratuita. Utilice el mejor widget de Facebook de Elfsight para crear su feed \u00fanico.","breadcrumb":{"@id":"https:\/\/elfsight.com\/es\/facebook-feed-widget\/google-sites\/#breadcrumb"},"inLanguage":"es","potentialAction":[{"@type":"ReadAction","target":["https:\/\/elfsight.com\/es\/facebook-feed-widget\/google-sites\/"]}]},{"@type":"BreadcrumbList","@id":"https:\/\/elfsight.com\/es\/facebook-feed-widget\/google-sites\/#breadcrumb","itemListElement":[{"@type":"ListItem","position":1,"name":"Home","item":"https:\/\/elfsight.com\/es\/"},{"@type":"ListItem","position":2,"name":"Facebook Feed","item":"https:\/\/elfsight.com\/es\/facebook-feed-widget\/"},{"@type":"ListItem","position":3,"name":"Facebook Feed &#8211; Google Sites"}]},{"@type":"WebSite","@id":"https:\/\/elfsight.com\/es\/#website","url":"https:\/\/elfsight.com\/es\/","name":"Elfsight ES","description":"Just another Elfsight Sites site","potentialAction":[{"@type":"SearchAction","target":{"@type":"EntryPoint","urlTemplate":"https:\/\/elfsight.com\/es\/?s={search_term_string}"},"query-input":{"@type":"PropertyValueSpecification","valueRequired":true,"valueName":"search_term_string"}}],"inLanguage":"es"}]}},"meta_box":{"industry":"","seo_heading":"","heading":"","description":"","cta_heading":"","cta_description":"","application":"1396","h1":"Widget de alimentaci\u00f3n de Facebook de Google Sites","h1_caption":"Inserte publicaciones de su p\u00e1gina de Facebook para mantener a los visitantes de su sitio web interesados \u200b\u200bcon sus \u00faltimas actualizaciones y noticias en sus sitios de Google sin esfuerzo.","application_category":[],"applications_title":"","applications_request_title":"","applications_request_button_text":"","hero_text":"","hero_video":"","hero_video_schema_markup":"","selling_points_title":"","selling_points_caption":"","selling_points":[],"selling_points_cta_text":"","features_title":"","features":"","ed_cta_examples_text":"","ed_cta_examples_hidden":"","ed_cta_demo_text":"","ed_cta_demo_hidden":"","why_caption":"","why_editor_title":"","why_editor_text":"","why_team_title":"","why_team_text":"","why_service_title":"","why_service_text":"","template_catalog_visible":"","template_catalog_title":"","template_catalog_text":"","template_catalog_categories_visible":"","demo_title":"Crea tu widget de feed de Facebook","demo_caption":"\u00a1Configure su feed de Facebook y agr\u00e9guelo a su sitio web de Google Sites de forma gratuita!","default_faq_hidden":"","app_template_category":[],"platform":"67","template_public_id":"","codecanyon_url":"","codecanyon_item_id":"","codecanyon_price":"","pricing_caption":"","pricing_elfsight_apps_hide_column":"","pricing_elfsight_apps_url":"","pricing_codecanyon_price_caption":"","integration_category":[],"integration_request_title":"","integration_request_cta":"","integration_platform":"","integrations":[],"platform_category":[],"video_schema_markup":"","price":"desde $0 \/ mes","trial":"","benefits":[{"text":"Ayuda de instalaci\u00f3n gratuita"},{"text":"Soporte excepcional"},{"text":"Garant\u00eda de reembolso de 14 d\u00edas"},{"text":"Actualizaciones continuas"}],"button_url":"#demo","button_target_blank":"","button_nofollow":"","attributes":[{"name":"Instalaciones","content":"100,000 - 500,000"},{"name":"Loading...","content":"Funciona y se ve perfectamente en m\u00f3viles."},{"name":"Navegadores compatibles","content":"Opera, Safari, Edge, Chrome, Firefox"}],"tags":[],"tags_disable_links":"","hide_more_platforms":"","video_object":"","demo_hide_cta":"","demo_hide_cloud_options":"","pricing_title":"","pricing":[{"pricing_icon":"platform","pricing_title":"Elfsight Apps","pricing_title_caption":"Soluci\u00f3n multiplataforma que se adapta a cualquier sitio web","pricing_price":"desde $0 \/ mes","pricing_price_caption":"comienza con el plan gratuito","pricing_benefits":[{"text":"N\u00famero ilimitado de dominios"},{"text":"Soporte premium"},{"text":"Ayuda de instalaci\u00f3n gratuita"},{"text":"Oferta especial para m\u00faltiples aplicaciones."}],"pricing_button_text":"A\u00f1adir al sitio web","pricing_button_url":"#demo"}],"related_apps_title":"","related_apps_hidden":"","author":"","image":[],"title":"","job":"","social_networks":[]},"_links":{"self":[{"href":"https:\/\/elfsight.com\/es\/wp-json\/wp\/v2\/pages\/15753","targetHints":{"allow":["GET"]}}],"collection":[{"href":"https:\/\/elfsight.com\/es\/wp-json\/wp\/v2\/pages"}],"about":[{"href":"https:\/\/elfsight.com\/es\/wp-json\/wp\/v2\/types\/page"}],"author":[{"embeddable":true,"href":"https:\/\/elfsight.com\/es\/wp-json\/wp\/v2\/users\/9"}],"replies":[{"embeddable":true,"href":"https:\/\/elfsight.com\/es\/wp-json\/wp\/v2\/comments?post=15753"}],"version-history":[{"count":3,"href":"https:\/\/elfsight.com\/es\/wp-json\/wp\/v2\/pages\/15753\/revisions"}],"predecessor-version":[{"id":17760,"href":"https:\/\/elfsight.com\/es\/wp-json\/wp\/v2\/pages\/15753\/revisions\/17760"}],"up":[{"embeddable":true,"href":"https:\/\/elfsight.com\/es\/wp-json\/wp\/v2\/pages\/1397"}],"wp:attachment":[{"href":"https:\/\/elfsight.com\/es\/wp-json\/wp\/v2\/media?parent=15753"}],"curies":[{"name":"wp","href":"https:\/\/api.w.org\/{rel}","templated":true}]}}