{"id":15748,"date":"2024-05-03T06:35:44","date_gmt":"2024-05-03T06:35:44","guid":{"rendered":"https:\/\/elfsight.com\/es\/?page_id=15748"},"modified":"2025-02-06T15:00:25","modified_gmt":"2025-02-06T15:00:25","slug":"godaddy","status":"publish","type":"page","link":"https:\/\/elfsight.com\/es\/facebook-feed-widget\/godaddy\/","title":{"rendered":"Facebook Feed &#8211; GoDaddy"},"content":{"rendered":"<div class=\"application-platform-content-item-description application-platform-content-item\" id=\"description\" data-nav-section=\"description\"> <h2>Incrustar el Feed de Facebook en GoDaddy con el widget de Elfsight<\/h2> <p>Elfsight Facebook Reviews es una manera sencilla de integrar rese\u00f1as de tu p\u00e1gina de Facebook en tu sitio web y aumentar la confianza en tu marca entre los visitantes del sitio. Puedes filtrar tus rese\u00f1as, agregar calificaci\u00f3n por estrellas, informaci\u00f3n del autor y mostrar un bot\u00f3n para dejar una nueva rese\u00f1a. Nuestro plugin de Facebook Reviews ofrece diversos dise\u00f1os y plantillas de rese\u00f1as, elementos conmutables y un encabezado flexible para una personalizaci\u00f3n m\u00e1xima. Con tus rese\u00f1as de Facebook en el sitio web, demostrar\u00e1s una alta valoraci\u00f3n, fortalecer\u00e1s la confianza y obtendr\u00e1s a\u00fan m\u00e1s rese\u00f1as.<\/p> <p><b>\u00a1Aumenta la confianza mostrando rese\u00f1as de personas reales con informaci\u00f3n del autor!<\/b><\/p> <\/div> <div class=\"application-platform-content-item-features application-platform-content-item\" id=\"features\" data-nav-section=\"features\"> <h2>Estas son solo algunas de las diversas caracter\u00edsticas del plugin: <\/h2> <ul><li>22 idiomas predefinidos soportados; <\/li> <li>Navegaci\u00f3n con flechas y deslizamiento en el dise\u00f1o Slider; <\/li> <li>Ancho y alto ajustables del plugin; <\/li> <li>Bot\u00f3n de solicitud de rese\u00f1a para redirigir a la p\u00e1gina de Facebook; <\/li> <li>Tres tipos de decoraci\u00f3n de rese\u00f1as: Borde, Fondo, Ninguno; <\/li> <\/ul><p><a href=\"#demo\">Puedes explorar lo que el plugin ofrece usando la demo<\/a><\/p> <\/div> <div class=\"application-platform-content-item-installation application-platform-content-item\" id=\"installation\" data-nav-section=\"installation\"> <h2>\u00bfC\u00f3mo puedo incrustar las rese\u00f1as de Facebook en mi sitio de GoDaddy?<\/h2> <p>Solo sigue los pasos que se indican a continuaci\u00f3n para insertar el plugin. <\/p> <ol><li><b>Utiliza nuestra demo gratuita y comienza a crear tu herramienta personalizada. <\/b><br> Determina la forma y especificaciones adecuadas del plugin y guarda los cambios. <\/li>  <li><b>Recibe tu c\u00f3digo individual que aparece en la ventana de Elfsight Apps. <\/b><br> Una vez que la generaci\u00f3n de tu plugin est\u00e9 completa, copia el c\u00f3digo individual en la ventana emergente y gu\u00e1rdalo para su uso posterior. <\/li>  <li><b>Comienza a usar el plugin en tu sitio de GoDaddy. <\/b><br> Integra el c\u00f3digo que copiaste recientemente en tu p\u00e1gina y guarda los ajustes. <\/li>  <li><b>\u00a1Listo! La incrustaci\u00f3n se ha completado correctamente. <\/b><br> Ve a tu sitio web para revisar el funcionamiento del plugin. <\/li><\/ol> <p>Si tienes alguna consulta o encuentras dificultades, no dudes en ponerte en contacto con nuestro personal de atenci\u00f3n al cliente. Nuestros asesores estar\u00e1n encantados de resolver cualquier problema que puedas tener con el plugin. <\/p> <\/div><div class=\"faq\" data-component=\"FAQ\"><div class=\"faq-item\">\r\n\t\t\t\t\t<div class=\"faq-item-question\">\r\n\t\t\t\t\t\t<h3 class=\"faq-item-question-text\">\u00bfExiste la opci\u00f3n de agregar WhatsApp Chat a mi sitio de GoDaddy sin experiencia en codificaci\u00f3n?<\/h3>\r\n\r\n\t\t\t\t\t\t<div class=\"faq-item-question-icon\"><\/div>\r\n\t\t\t\t\t<\/div>\r\n\r\n\t\t\t\t\t<div class=\"faq-item-answer\">\r\n\t\t\t\t\t\t<div class=\"faq-item-answer-text\"><p>La empresa Elfsight ofrece una soluci\u00f3n que te permite crear una secci\u00f3n de WhatsApp Chat por ti mismo, sigue esta sencilla gu\u00eda: <\/p><ul><li>Comienza a trabajar directamente en el Editor en vivo para generar la secci\u00f3n de WhatsApp Chat que te gustar\u00eda ver en tu sitio de GoDaddy.<\/li><li>Haz clic en una de las plantillas pre-dise\u00f1adas y ajusta la configuraci\u00f3n de WhatsApp Chat, agrega tu contenido, cambia el dise\u00f1o y los colores sin experiencia en codificaci\u00f3n.<\/li><li>Haz clic para guardar el WhatsApp Chat y copia el c\u00f3digo de instalaci\u00f3n del plugin, que puedes incluir en la p\u00e1gina de inicio de GoDaddy de manera gratuita. <\/li><\/ul><p>Trabajando en nuestro Configurador f\u00e1cil de usar, cualquier usuario web puede formar el widget de WhatsApp Chat en l\u00ednea y agregarlo f\u00e1cilmente a la p\u00e1gina de inicio de GoDaddy. No es necesario obtener una suscripci\u00f3n de pago ni ingresar tus credenciales de tarjeta para acceder a nuestro Editor. Si enfrentas alg\u00fan problema en cualquier paso, no dudes en contactar a nuestro equipo de soporte t\u00e9cnico.<\/p><\/div>\r\n\t\t\t\t\t<\/div>\r\n\t\t\t\t<\/div><\/div>","protected":false},"excerpt":{"rendered":"","protected":false},"author":9,"featured_media":0,"parent":1397,"menu_order":0,"comment_status":"closed","ping_status":"closed","template":"templates\/template-application-platform.php","meta":{"publish_to_discourse":"","publish_post_category":"","wpdc_auto_publish_overridden":"","wpdc_topic_tags":"","wpdc_pin_topic":"","wpdc_pin_until":"","discourse_post_id":"","discourse_permalink":"","wpdc_publishing_response":"","wpdc_publishing_error":"","footnotes":""},"class_list":["post-15748","page","type-page","status-publish","hentry"],"yoast_head":"<!-- This site is optimized with the Yoast SEO plugin v25.3.1 - https:\/\/yoast.com\/wordpress\/plugins\/seo\/ -->\n<title>Complemento de rese\u00f1as de Facebook: \u00a1agregue el complemento de rese\u00f1as al sitio web de GoDaddy!<\/title>\n<meta name=\"description\" content=\"Integre un complemento responsivo de Facebook Feed en su sitio web GoDaddy sin pr\u00e1ctica en desarrollo en 2024. \u00a1Descubra la demostraci\u00f3n en vivo de Elfsight!\" \/>\n<meta name=\"robots\" content=\"index, follow, max-snippet:-1, max-image-preview:large, max-video-preview:-1\" \/>\n<link rel=\"canonical\" href=\"https:\/\/elfsight.com\/es\/facebook-feed-widget\/godaddy\/\" \/>\n<meta property=\"og:locale\" content=\"es_ES\" \/>\n<meta property=\"og:type\" content=\"article\" \/>\n<meta property=\"og:title\" content=\"Complemento de rese\u00f1as de Facebook: \u00a1agregue el complemento de rese\u00f1as al sitio web de GoDaddy!\" \/>\n<meta property=\"og:description\" content=\"Integre un complemento responsivo de Facebook Feed en su sitio web GoDaddy sin pr\u00e1ctica en desarrollo en 2024. \u00a1Descubra la demostraci\u00f3n en vivo de Elfsight!\" \/>\n<meta property=\"og:url\" content=\"https:\/\/elfsight.com\/es\/facebook-feed-widget\/godaddy\/\" \/>\n<meta property=\"og:site_name\" content=\"Elfsight ES\" \/>\n<meta property=\"article:modified_time\" content=\"2025-02-06T15:00:25+00:00\" \/>\n<meta name=\"twitter:card\" content=\"summary_large_image\" \/>\n<meta name=\"twitter:label1\" content=\"Tiempo de lectura\" \/>\n\t<meta name=\"twitter:data1\" content=\"3 minutos\" \/>\n<!-- \/ Yoast SEO plugin. -->","yoast_head_json":{"title":"Complemento de rese\u00f1as de Facebook: \u00a1agregue el complemento de rese\u00f1as al sitio web de GoDaddy!","description":"Integre un complemento responsivo de Facebook Feed en su sitio web GoDaddy sin pr\u00e1ctica en desarrollo en 2024. \u00a1Descubra la demostraci\u00f3n en vivo de Elfsight!","robots":{"index":"index","follow":"follow","max-snippet":"max-snippet:-1","max-image-preview":"max-image-preview:large","max-video-preview":"max-video-preview:-1"},"canonical":"https:\/\/elfsight.com\/es\/facebook-feed-widget\/godaddy\/","og_locale":"es_ES","og_type":"article","og_title":"Complemento de rese\u00f1as de Facebook: \u00a1agregue el complemento de rese\u00f1as al sitio web de GoDaddy!","og_description":"Integre un complemento responsivo de Facebook Feed en su sitio web GoDaddy sin pr\u00e1ctica en desarrollo en 2024. \u00a1Descubra la demostraci\u00f3n en vivo de Elfsight!","og_url":"https:\/\/elfsight.com\/es\/facebook-feed-widget\/godaddy\/","og_site_name":"Elfsight ES","article_modified_time":"2025-02-06T15:00:25+00:00","twitter_card":"summary_large_image","twitter_misc":{"Tiempo de lectura":"3 minutos"},"schema":{"@context":"https:\/\/schema.org","@graph":[{"@type":"WebPage","@id":"https:\/\/elfsight.com\/es\/facebook-feed-widget\/godaddy\/","url":"https:\/\/elfsight.com\/es\/facebook-feed-widget\/godaddy\/","name":"Complemento de rese\u00f1as de Facebook: \u00a1agregue el complemento de rese\u00f1as al sitio web de GoDaddy!","isPartOf":{"@id":"https:\/\/elfsight.com\/es\/#website"},"datePublished":"2024-05-03T06:35:44+00:00","dateModified":"2025-02-06T15:00:25+00:00","description":"Integre un complemento responsivo de Facebook Feed en su sitio web GoDaddy sin pr\u00e1ctica en desarrollo en 2024. \u00a1Descubra la demostraci\u00f3n en vivo de Elfsight!","breadcrumb":{"@id":"https:\/\/elfsight.com\/es\/facebook-feed-widget\/godaddy\/#breadcrumb"},"inLanguage":"es","potentialAction":[{"@type":"ReadAction","target":["https:\/\/elfsight.com\/es\/facebook-feed-widget\/godaddy\/"]}]},{"@type":"BreadcrumbList","@id":"https:\/\/elfsight.com\/es\/facebook-feed-widget\/godaddy\/#breadcrumb","itemListElement":[{"@type":"ListItem","position":1,"name":"Home","item":"https:\/\/elfsight.com\/es\/"},{"@type":"ListItem","position":2,"name":"Facebook Feed","item":"https:\/\/elfsight.com\/es\/facebook-feed-widget\/"},{"@type":"ListItem","position":3,"name":"Facebook Feed &#8211; GoDaddy"}]},{"@type":"WebSite","@id":"https:\/\/elfsight.com\/es\/#website","url":"https:\/\/elfsight.com\/es\/","name":"Elfsight ES","description":"Just another Elfsight Sites site","potentialAction":[{"@type":"SearchAction","target":{"@type":"EntryPoint","urlTemplate":"https:\/\/elfsight.com\/es\/?s={search_term_string}"},"query-input":{"@type":"PropertyValueSpecification","valueRequired":true,"valueName":"search_term_string"}}],"inLanguage":"es"}]}},"meta_box":{"industry":"","seo_heading":"","heading":"","description":"","cta_heading":"","cta_description":"","application":"1396","h1":"Complemento de alimentaci\u00f3n de Facebook de GoDaddy","h1_caption":"Inserte publicaciones de su p\u00e1gina de Facebook para mantener a los visitantes de su sitio web interesados \u200b\u200bcon sus \u00faltimas actualizaciones y noticias en su sitio web de GoDaddy sin esfuerzo.","application_category":[],"applications_title":"","applications_request_title":"","applications_request_button_text":"","hero_text":"","hero_video":"","hero_video_schema_markup":"","selling_points_title":"","selling_points_caption":"","selling_points":[],"selling_points_cta_text":"","features_title":"","features":"","ed_cta_examples_text":"","ed_cta_examples_hidden":"","ed_cta_demo_text":"","ed_cta_demo_hidden":"","why_caption":"","why_editor_title":"","why_editor_text":"","why_team_title":"","why_team_text":"","why_service_title":"","why_service_text":"","template_catalog_visible":"","template_catalog_title":"","template_catalog_text":"","template_catalog_categories_visible":"","demo_title":"Crea tu complemento de feed de Facebook","demo_caption":"\u00a1Configura tu feed de Facebook y agr\u00e9galo a tu sitio web de GoDaddy gratis!","default_faq_hidden":"","app_template_category":[],"platform":"2183","template_public_id":"","codecanyon_url":"","codecanyon_item_id":"","codecanyon_price":"","pricing_caption":"","pricing_elfsight_apps_hide_column":"","pricing_elfsight_apps_url":"","pricing_codecanyon_price_caption":"","integration_category":[],"integration_request_title":"","integration_request_cta":"","integration_platform":"","integrations":[],"platform_category":[],"video_schema_markup":"","price":"desde $0 \/ mes","trial":"","benefits":[{"text":"Ayuda de instalaci\u00f3n gratuita"},{"text":"Servicio al cliente profesional"},{"text":"Garant\u00eda de devoluci\u00f3n de dinero de 14 d\u00edas"},{"text":"Actualizaciones de por vida"}],"button_url":"#demo","button_target_blank":"","button_nofollow":"","attributes":[{"name":"Instalaciones","content":"100,000 - 500,000"},{"name":"Sensible","content":"S\u00ed"},{"name":"Navegadores compatibles","content":"IE11, Firefox, Safari, Opera, Chrome, Edge"}],"tags":[],"tags_disable_links":"","hide_more_platforms":"","video_object":"","demo_hide_cta":"","demo_hide_cloud_options":"","pricing_title":"","pricing":[{"pricing_icon":"platform","pricing_title":"Elfsight Apps","pricing_title_caption":"Software independiente de la plataforma que funciona en cualquier sitio web","pricing_price":"desde $0 \/ mes","pricing_price_caption":"comienza con el plan gratuito","pricing_benefits":[{"text":"Sitios web ilimitados"},{"text":"Atenci\u00f3n al cliente profesional y bien documentada."},{"text":"Asistencia de instalaci\u00f3n gratuita"},{"text":"Totalmente personalizable"}],"pricing_button_text":"A\u00f1adir al sitio web","pricing_button_url":"#demo"}],"related_apps_title":"","related_apps_hidden":"","author":"","image":[],"title":"","job":"","social_networks":[]},"_links":{"self":[{"href":"https:\/\/elfsight.com\/es\/wp-json\/wp\/v2\/pages\/15748","targetHints":{"allow":["GET"]}}],"collection":[{"href":"https:\/\/elfsight.com\/es\/wp-json\/wp\/v2\/pages"}],"about":[{"href":"https:\/\/elfsight.com\/es\/wp-json\/wp\/v2\/types\/page"}],"author":[{"embeddable":true,"href":"https:\/\/elfsight.com\/es\/wp-json\/wp\/v2\/users\/9"}],"replies":[{"embeddable":true,"href":"https:\/\/elfsight.com\/es\/wp-json\/wp\/v2\/comments?post=15748"}],"version-history":[{"count":3,"href":"https:\/\/elfsight.com\/es\/wp-json\/wp\/v2\/pages\/15748\/revisions"}],"predecessor-version":[{"id":17761,"href":"https:\/\/elfsight.com\/es\/wp-json\/wp\/v2\/pages\/15748\/revisions\/17761"}],"up":[{"embeddable":true,"href":"https:\/\/elfsight.com\/es\/wp-json\/wp\/v2\/pages\/1397"}],"wp:attachment":[{"href":"https:\/\/elfsight.com\/es\/wp-json\/wp\/v2\/media?parent=15748"}],"curies":[{"name":"wp","href":"https:\/\/api.w.org\/{rel}","templated":true}]}}